{"id":418387,"date":"2026-03-14T19:11:52","date_gmt":"2026-03-14T18:11:52","guid":{"rendered":"https:\/\/www.miomiorun.com\/?post_type=product&#038;p=418387"},"modified":"2026-04-29T11:03:38","modified_gmt":"2026-04-29T09:03:38","slug":"endorphin-pro-5-herren","status":"publish","type":"product","link":"https:\/\/www.miomiorun.com\/de\/produkt\/endorphin-pro-5-herren\/","title":{"rendered":"Endorphin Pro 5 herren"},"content":{"rendered":"<table style=\"border-collapse: collapse;width: 100%\">\n<tbody>\n<tr>\n<td style=\"width: 33.3333%;vertical-align: top\">\n<h4>Technische Daten<\/h4>\n<p>Kategorie: Hohe D\u00e4mpfung<br \/>\nSprengung: 8 mm <span>(39,5\/31,5 mm)<\/span><br \/>\nGewicht: 206 g<br \/>\nIdeal f\u00fcr: Fortgeschrittene L\u00e4ufer, die hohe Leistung und Laufkomfort zugleich suchen, um bei Wettk\u00e4mpfen hervorragende Ergebnisse zu erzielen oder f\u00fcr hochintensives Training.<br \/>\nGewicht des L\u00e4ufers: 55\u201370 kg<br \/>\nLauftempo: schnell (&gt;4,00 min\/km)<br \/>\n<a href=\"https:\/\/miomiorun.com\/guida-alle-specifiche-tecniche\/\">Leitfaden zu den technischen Spezifikationen<\/a><\/td>\n<td style=\"width: 66.6666%;vertical-align: top\">\n<p data-start=\"26\" data-end=\"465\">Der <strong data-start=\"29\" data-end=\"56\">Saucony Endorphin Pro 5<\/strong> ist ein Laufschuh, der f\u00fcr den Wettkampftag entwickelt wurde und maximale Reaktionsf\u00e4higkeit und Geschwindigkeit bietet, wenn das Ziel darin besteht, schnell zu laufen und das Tempo bis zur Ziellinie hochzuhalten. Die Zwischensohlenstruktur kombiniert eine <strong data-start=\"288\" data-end=\"301\">PWRRUN PB<\/strong>-Basis mit einer oberen Schicht aus <strong data-start=\"327\" data-end=\"355\">Super Critical PWRRUN HG<\/strong>, zwei Schaumstoffen, die darauf ausgelegt sind, zusammenzuwirken und eine leichte, dynamische und hochreaktive Plattform zu schaffen.<\/p>\n<p data-start=\"467\" data-end=\"805\">Im Herzen des Schuhs befindet sich eine <strong data-start=\"502\" data-end=\"545\">aggressive Carbonfaserplatte<\/strong>, deren Design \u00fcberarbeitet und in die <strong data-start=\"597\" data-end=\"610\">SpeedRoll<\/strong>-Geometrie integriert wurde. Diese Konfiguration wurde entwickelt, um einen fl\u00fcssigeren \u00dcbergang vom Bodenkontakt zum Absto\u00df zu erm\u00f6glichen, den Schritt zu begleiten und dabei zu helfen, w\u00e4hrend des Rennens ein hohes Tempo beizubehalten.<\/p>\n<p data-start=\"807\" data-end=\"1166\">Die neue <strong data-start=\"816\" data-end=\"842\">PWRTRAC-Gummisohle<\/strong> wurde entwickelt, um im Vergleich zu fr\u00fcheren Versionen mehr Grip und Abriebfestigkeit zu bieten, was dazu beitr\u00e4gt, die Traktion und Haltbarkeit auch bei maximaler Belastung auf Asphalt zu verbessern. Abgerundet wird die Konstruktion durch die <strong data-start=\"1076\" data-end=\"1091\">SRS-Einlegesohle<\/strong>, die den Komfort im Schuh und das Laufgef\u00fchl unter den F\u00fc\u00dfen verbessern soll. <\/p>\n<p data-start=\"1168\" data-end=\"1406\">Der Endorphin Pro 5 wurde speziell f\u00fcr den <strong data-start=\"1201\" data-end=\"1222\">Wettkampftag<\/strong> entwickelt und kombiniert fortschrittliche Technologien mit einer leistungsorientierten Konstruktion. Er bietet ein reaktionsfreudiges und dynamisches Laufgef\u00fchl f\u00fcr alle, die ihre pers\u00f6nliche Bestzeit anstreben.<\/p>\n<\/td>\n<\/tr>\n<\/tbody>\n<\/table>\n<p>&nbsp;<\/p>\n","protected":false},"excerpt":{"rendered":"<ul>\n<li data-start=\"1428\" data-end=\"1526\">Zwischensohle <strong data-start=\"1439\" data-end=\"1464\">PWRRUN HG + PWRRUN PB<\/strong>, entwickelt f\u00fcr eine leichte und \u00e4u\u00dferst reaktionsfreudige Plattform<\/li>\n<li data-start=\"1529\" data-end=\"1628\"><strong data-start=\"1529\" data-end=\"1561\">Carbonfaserplatte<\/strong> mit SpeedRoll-Geometrie f\u00fcr fl\u00fcssige \u00dcberg\u00e4nge und mehr Schubkraft<\/li>\n<li data-start=\"1631\" data-end=\"1723\"><strong data-start=\"1637\" data-end=\"1648\">PWRTRAC-Sohle<\/strong>, entwickelt f\u00fcr verbesserte Traktion und Abriebfestigkeit auf Asphalt<\/li>\n<\/ul>\n","protected":false},"featured_media":433257,"template":"","meta":{"_acf_changed":false,"inline_featured_image":false},"product_brand":[],"product_cat":[6507,6506],"product_tag":[3391,6311],"class_list":{"0":"post-418387","1":"product","2":"type-product","3":"status-publish","4":"has-post-thumbnail","6":"product_cat-herren-schuhe-de","7":"product_cat-neutrale-herren-schuhe-de","8":"product_tag-saucony-de","9":"product_tag-saucony-herren-de","10":"pa_attivita-running-de","11":"pa_colore-endorphin-pro-5-black-shock","12":"pa_colore-endorphin-pro-5-citron-black","13":"pa_colore-endorphin-pro-5-white-black","14":"pa_colore-endorphin-pro-5-white-crimson","15":"pa_marca-saucony-de","16":"pa_sesso-herren","17":"pa_size-41-de","18":"pa_size-42-de","19":"pa_size-42-5-de","20":"pa_size-43-de","21":"pa_size-44-de","22":"pa_size-44-5-de","23":"pa_size-45-de","24":"pa_size-46-de","25":"pa_size-46-5-de","27":"first","28":"instock","29":"sale","30":"taxable","31":"shipping-taxable","32":"purchasable","33":"product-type-variable","34":"wvs-archive-product-wrapper"},"acf":[],"yoast_head":"<!-- This site is optimized with the Yoast SEO plugin v26.8 - https:\/\/yoast.com\/product\/yoast-seo-wordpress\/ -->\n<title>Saucony Endorphin Pro 5 herren - Laufschuhe - MioMioRun<\/title>\n<meta name=\"description\" content=\"Saucony Endorphin Pro 5 \u2013 Wettkampf-Laufschuhe mit Carbonplatte und PWRRUN HG\/PB-Schaumstoff f\u00fcr maximale Reaktionsf\u00e4higkeit und Geschwindigkeit.\" \/>\n<meta name=\"robots\" content=\"index, follow, max-snippet:-1, max-image-preview:large, max-video-preview:-1\" \/>\n<link rel=\"canonical\" href=\"https:\/\/www.miomiorun.com\/de\/produkt\/endorphin-pro-5-herren\/\" \/>\n<meta property=\"og:locale\" content=\"de_DE\" \/>\n<meta property=\"og:type\" content=\"article\" \/>\n<meta property=\"og:title\" content=\"Saucony Endorphin Pro 5 herren - Laufschuhe - MioMioRun\" \/>\n<meta property=\"og:description\" content=\"Saucony Endorphin Pro 5 \u2013 Wettkampf-Laufschuhe mit Carbonplatte und PWRRUN HG\/PB-Schaumstoff f\u00fcr maximale Reaktionsf\u00e4higkeit und Geschwindigkeit.\" \/>\n<meta property=\"og:url\" content=\"https:\/\/www.miomiorun.com\/de\/produkt\/endorphin-pro-5-herren\/\" \/>\n<meta property=\"og:site_name\" content=\"MioMioRun\" \/>\n<meta property=\"article:publisher\" content=\"https:\/\/www.facebook.com\/miomiorun\/\" \/>\n<meta property=\"article:modified_time\" content=\"2026-04-29T09:03:38+00:00\" \/>\n<meta property=\"og:image\" content=\"https:\/\/www.miomiorun.com\/app\/uploads\/2026\/04\/Saucony-Endorphin-Pro-5-white-black-S21064-101.webp\" \/>\n\t<meta property=\"og:image:width\" content=\"720\" \/>\n\t<meta property=\"og:image:height\" content=\"720\" \/>\n\t<meta property=\"og:image:type\" content=\"image\/webp\" \/>\n<meta name=\"twitter:card\" content=\"summary_large_image\" \/>\n<meta name=\"twitter:label1\" content=\"Est. reading time\" \/>\n\t<meta name=\"twitter:data1\" content=\"2 minutes\" \/>\n<script type=\"application\/ld+json\" class=\"yoast-schema-graph\">{\"@context\":\"https:\/\/schema.org\",\"@graph\":[{\"@type\":\"WebPage\",\"@id\":\"https:\/\/www.miomiorun.com\/de\/produkt\/endorphin-pro-5-herren\/\",\"url\":\"https:\/\/www.miomiorun.com\/de\/produkt\/endorphin-pro-5-herren\/\",\"name\":\"Saucony Endorphin Pro 5 herren - Laufschuhe - MioMioRun\",\"isPartOf\":{\"@id\":\"https:\/\/www.miomiorun.com\/de\/#website\"},\"primaryImageOfPage\":{\"@id\":\"https:\/\/www.miomiorun.com\/de\/produkt\/endorphin-pro-5-herren\/#primaryimage\"},\"image\":{\"@id\":\"https:\/\/www.miomiorun.com\/de\/produkt\/endorphin-pro-5-herren\/#primaryimage\"},\"thumbnailUrl\":\"https:\/\/www.miomiorun.com\/app\/uploads\/2026\/04\/Saucony-Endorphin-Pro-5-white-black-S21064-101.webp\",\"datePublished\":\"2026-03-14T18:11:52+00:00\",\"dateModified\":\"2026-04-29T09:03:38+00:00\",\"description\":\"Saucony Endorphin Pro 5 \u2013 Wettkampf-Laufschuhe mit Carbonplatte und PWRRUN HG\/PB-Schaumstoff f\u00fcr maximale Reaktionsf\u00e4higkeit und Geschwindigkeit.\",\"breadcrumb\":{\"@id\":\"https:\/\/www.miomiorun.com\/de\/produkt\/endorphin-pro-5-herren\/#breadcrumb\"},\"inLanguage\":\"de-DE\",\"potentialAction\":[{\"@type\":\"ReadAction\",\"target\":[\"https:\/\/www.miomiorun.com\/de\/produkt\/endorphin-pro-5-herren\/\"]}]},{\"@type\":\"ImageObject\",\"inLanguage\":\"de-DE\",\"@id\":\"https:\/\/www.miomiorun.com\/de\/produkt\/endorphin-pro-5-herren\/#primaryimage\",\"url\":\"https:\/\/www.miomiorun.com\/app\/uploads\/2026\/04\/Saucony-Endorphin-Pro-5-white-black-S21064-101.webp\",\"contentUrl\":\"https:\/\/www.miomiorun.com\/app\/uploads\/2026\/04\/Saucony-Endorphin-Pro-5-white-black-S21064-101.webp\",\"width\":720,\"height\":720,\"caption\":\"Saucony Endorphin Pro 5 white black S21064-101\"},{\"@type\":\"BreadcrumbList\",\"@id\":\"https:\/\/www.miomiorun.com\/de\/produkt\/endorphin-pro-5-herren\/#breadcrumb\",\"itemListElement\":[{\"@type\":\"ListItem\",\"position\":1,\"name\":\"Home\",\"item\":\"https:\/\/www.miomiorun.com\/de\/\"},{\"@type\":\"ListItem\",\"position\":2,\"name\":\"Shop\",\"item\":\"https:\/\/www.miomiorun.com\/shop\/\"},{\"@type\":\"ListItem\",\"position\":3,\"name\":\"Endorphin Pro 5 herren\"}]},{\"@type\":\"WebSite\",\"@id\":\"https:\/\/www.miomiorun.com\/de\/#website\",\"url\":\"https:\/\/www.miomiorun.com\/de\/\",\"name\":\"MioMioRun\",\"description\":\"100% Lauf- und Trailshop\",\"publisher\":{\"@id\":\"https:\/\/www.miomiorun.com\/de\/#organization\"},\"potentialAction\":[{\"@type\":\"SearchAction\",\"target\":{\"@type\":\"EntryPoint\",\"urlTemplate\":\"https:\/\/www.miomiorun.com\/de\/?s={search_term_string}\"},\"query-input\":{\"@type\":\"PropertyValueSpecification\",\"valueRequired\":true,\"valueName\":\"search_term_string\"}}],\"inLanguage\":\"de-DE\"},{\"@type\":\"Organization\",\"@id\":\"https:\/\/www.miomiorun.com\/de\/#organization\",\"name\":\"MioMio Run\",\"url\":\"https:\/\/www.miomiorun.com\/de\/\",\"logo\":{\"@type\":\"ImageObject\",\"inLanguage\":\"de-DE\",\"@id\":\"https:\/\/www.miomiorun.com\/de\/#\/schema\/logo\/image\/\",\"url\":\"https:\/\/www.miomiorun.com\/app\/uploads\/2019\/12\/logomio.png\",\"contentUrl\":\"https:\/\/www.miomiorun.com\/app\/uploads\/2019\/12\/logomio.png\",\"width\":115,\"height\":82,\"caption\":\"MioMio Run\"},\"image\":{\"@id\":\"https:\/\/www.miomiorun.com\/de\/#\/schema\/logo\/image\/\"},\"sameAs\":[\"https:\/\/www.facebook.com\/miomiorun\/\",\"https:\/\/www.instagram.com\/miomiorun\/\"]}]}<\/script>\n<!-- \/ Yoast SEO plugin. -->","yoast_head_json":{"title":"Saucony Endorphin Pro 5 herren - Laufschuhe - MioMioRun","description":"Saucony Endorphin Pro 5 \u2013 Wettkampf-Laufschuhe mit Carbonplatte und PWRRUN HG\/PB-Schaumstoff f\u00fcr maximale Reaktionsf\u00e4higkeit und Geschwindigkeit.","robots":{"index":"index","follow":"follow","max-snippet":"max-snippet:-1","max-image-preview":"max-image-preview:large","max-video-preview":"max-video-preview:-1"},"canonical":"https:\/\/www.miomiorun.com\/de\/produkt\/endorphin-pro-5-herren\/","og_locale":"de_DE","og_type":"article","og_title":"Saucony Endorphin Pro 5 herren - Laufschuhe - MioMioRun","og_description":"Saucony Endorphin Pro 5 \u2013 Wettkampf-Laufschuhe mit Carbonplatte und PWRRUN HG\/PB-Schaumstoff f\u00fcr maximale Reaktionsf\u00e4higkeit und Geschwindigkeit.","og_url":"https:\/\/www.miomiorun.com\/de\/produkt\/endorphin-pro-5-herren\/","og_site_name":"MioMioRun","article_publisher":"https:\/\/www.facebook.com\/miomiorun\/","article_modified_time":"2026-04-29T09:03:38+00:00","og_image":[{"width":720,"height":720,"url":"https:\/\/www.miomiorun.com\/app\/uploads\/2026\/04\/Saucony-Endorphin-Pro-5-white-black-S21064-101.webp","type":"image\/webp"}],"twitter_card":"summary_large_image","twitter_misc":{"Est. reading time":"2 minutes"},"schema":{"@context":"https:\/\/schema.org","@graph":[{"@type":"WebPage","@id":"https:\/\/www.miomiorun.com\/de\/produkt\/endorphin-pro-5-herren\/","url":"https:\/\/www.miomiorun.com\/de\/produkt\/endorphin-pro-5-herren\/","name":"Saucony Endorphin Pro 5 herren - Laufschuhe - MioMioRun","isPartOf":{"@id":"https:\/\/www.miomiorun.com\/de\/#website"},"primaryImageOfPage":{"@id":"https:\/\/www.miomiorun.com\/de\/produkt\/endorphin-pro-5-herren\/#primaryimage"},"image":{"@id":"https:\/\/www.miomiorun.com\/de\/produkt\/endorphin-pro-5-herren\/#primaryimage"},"thumbnailUrl":"https:\/\/www.miomiorun.com\/app\/uploads\/2026\/04\/Saucony-Endorphin-Pro-5-white-black-S21064-101.webp","datePublished":"2026-03-14T18:11:52+00:00","dateModified":"2026-04-29T09:03:38+00:00","description":"Saucony Endorphin Pro 5 \u2013 Wettkampf-Laufschuhe mit Carbonplatte und PWRRUN HG\/PB-Schaumstoff f\u00fcr maximale Reaktionsf\u00e4higkeit und Geschwindigkeit.","breadcrumb":{"@id":"https:\/\/www.miomiorun.com\/de\/produkt\/endorphin-pro-5-herren\/#breadcrumb"},"inLanguage":"de-DE","potentialAction":[{"@type":"ReadAction","target":["https:\/\/www.miomiorun.com\/de\/produkt\/endorphin-pro-5-herren\/"]}]},{"@type":"ImageObject","inLanguage":"de-DE","@id":"https:\/\/www.miomiorun.com\/de\/produkt\/endorphin-pro-5-herren\/#primaryimage","url":"https:\/\/www.miomiorun.com\/app\/uploads\/2026\/04\/Saucony-Endorphin-Pro-5-white-black-S21064-101.webp","contentUrl":"https:\/\/www.miomiorun.com\/app\/uploads\/2026\/04\/Saucony-Endorphin-Pro-5-white-black-S21064-101.webp","width":720,"height":720,"caption":"Saucony Endorphin Pro 5 white black S21064-101"},{"@type":"BreadcrumbList","@id":"https:\/\/www.miomiorun.com\/de\/produkt\/endorphin-pro-5-herren\/#breadcrumb","itemListElement":[{"@type":"ListItem","position":1,"name":"Home","item":"https:\/\/www.miomiorun.com\/de\/"},{"@type":"ListItem","position":2,"name":"Shop","item":"https:\/\/www.miomiorun.com\/shop\/"},{"@type":"ListItem","position":3,"name":"Endorphin Pro 5 herren"}]},{"@type":"WebSite","@id":"https:\/\/www.miomiorun.com\/de\/#website","url":"https:\/\/www.miomiorun.com\/de\/","name":"MioMioRun","description":"100% Lauf- und Trailshop","publisher":{"@id":"https:\/\/www.miomiorun.com\/de\/#organization"},"potentialAction":[{"@type":"SearchAction","target":{"@type":"EntryPoint","urlTemplate":"https:\/\/www.miomiorun.com\/de\/?s={search_term_string}"},"query-input":{"@type":"PropertyValueSpecification","valueRequired":true,"valueName":"search_term_string"}}],"inLanguage":"de-DE"},{"@type":"Organization","@id":"https:\/\/www.miomiorun.com\/de\/#organization","name":"MioMio Run","url":"https:\/\/www.miomiorun.com\/de\/","logo":{"@type":"ImageObject","inLanguage":"de-DE","@id":"https:\/\/www.miomiorun.com\/de\/#\/schema\/logo\/image\/","url":"https:\/\/www.miomiorun.com\/app\/uploads\/2019\/12\/logomio.png","contentUrl":"https:\/\/www.miomiorun.com\/app\/uploads\/2019\/12\/logomio.png","width":115,"height":82,"caption":"MioMio Run"},"image":{"@id":"https:\/\/www.miomiorun.com\/de\/#\/schema\/logo\/image\/"},"sameAs":["https:\/\/www.facebook.com\/miomiorun\/","https:\/\/www.instagram.com\/miomiorun\/"]}]}},"_links":{"self":[{"href":"https:\/\/www.miomiorun.com\/de\/wp-json\/wp\/v2\/product\/418387","targetHints":{"allow":["GET"]}}],"collection":[{"href":"https:\/\/www.miomiorun.com\/de\/wp-json\/wp\/v2\/product"}],"about":[{"href":"https:\/\/www.miomiorun.com\/de\/wp-json\/wp\/v2\/types\/product"}],"wp:featuredmedia":[{"embeddable":true,"href":"https:\/\/www.miomiorun.com\/de\/wp-json\/wp\/v2\/media\/433257"}],"wp:attachment":[{"href":"https:\/\/www.miomiorun.com\/de\/wp-json\/wp\/v2\/media?parent=418387"}],"wp:term":[{"taxonomy":"product_brand","embeddable":true,"href":"https:\/\/www.miomiorun.com\/de\/wp-json\/wp\/v2\/product_brand?post=418387"},{"taxonomy":"product_cat","embeddable":true,"href":"https:\/\/www.miomiorun.com\/de\/wp-json\/wp\/v2\/product_cat?post=418387"},{"taxonomy":"product_tag","embeddable":true,"href":"https:\/\/www.miomiorun.com\/de\/wp-json\/wp\/v2\/product_tag?post=418387"}],"curies":[{"name":"wp","href":"https:\/\/api.w.org\/{rel}","templated":true}]}}