{"id":417909,"date":"2026-03-14T12:32:12","date_gmt":"2026-03-14T11:32:12","guid":{"rendered":"https:\/\/www.miomiorun.com\/?post_type=product&#038;p=417909"},"modified":"2026-05-09T14:16:01","modified_gmt":"2026-05-09T12:16:01","slug":"dash-speed-short-herren","status":"publish","type":"product","link":"https:\/\/www.miomiorun.com\/de\/produkt\/dash-speed-short-herren\/","title":{"rendered":"Dash Speed Short herren"},"content":{"rendered":"<p data-start=\"26\" data-end=\"331\">Die <strong data-start=\"28\" data-end=\"48\">Dash Speed Short<\/strong> sind Laufshorts, die f\u00fcr alle entwickelt wurden, die bei ihren schnellsten L\u00e4ufen auf Leichtigkeit und Bewegungsfreiheit setzen. Der <strong data-start=\"166\" data-end=\"198\">Saum mit seitlichen Einschnitten<\/strong> soll einen nat\u00fcrlichen, uneingeschr\u00e4nkten Schritt erm\u00f6glichen \u2013 eine n\u00fctzliche Eigenschaft bei Wettk\u00e4mpfen und Schnelligkeitstraining.<\/p>\n<p data-start=\"333\" data-end=\"629\">Das <strong data-start=\"336\" data-end=\"369\">leichte und atmungsaktive Material<\/strong> f\u00f6rdert die Luftzirkulation beim Laufen und sorgt so f\u00fcr Komfort an hei\u00dfen Tagen. Der <strong data-start=\"470\" data-end=\"486\">Innen-Slip<\/strong> bietet Halt w\u00e4hrend des Trainings, w\u00e4hrend der <strong data-start=\"532\" data-end=\"578\">flache Bund mit innerem Kordelzug<\/strong> eine stabile und individuelle Passform erm\u00f6glicht.<\/p>\n<p data-start=\"631\" data-end=\"882\">Mit einer <strong data-start=\"635\" data-end=\"667\">Innenbeinl\u00e4nge von 3&#8243; (7,6 cm)<\/strong> und einer <strong data-start=\"682\" data-end=\"699\">halb-eng anliegenden Passform<\/strong> sind diese Shorts so konzipiert, dass sie die K\u00f6rperbewegungen begleiten, ohne sie einzuschr\u00e4nken. Das Kleidungsst\u00fcck besteht zu <strong data-start=\"818\" data-end=\"850\">95,2 % aus recycelten Materialien<\/strong> und ist <strong data-start=\"868\" data-end=\"881\">bluesign\u00ae-zertifiziert<\/strong>.<\/p>\n","protected":false},"excerpt":{"rendered":"<ul>\n<li data-start=\"904\" data-end=\"977\">Leichtes und atmungsaktives Material, ideal f\u00fcr Wettk\u00e4mpfe und Schnelligkeitstraining<\/li>\n<li data-start=\"980\" data-end=\"1058\">Seitliche Einschnitte, die einen nat\u00fcrlichen und uneingeschr\u00e4nkten Schritt erm\u00f6glichen<\/li>\n<li data-start=\"1061\" data-end=\"1127\">Innenh\u00f6schen und Bund mit Kordelzug f\u00fcr Komfort und Halt<\/li>\n<\/ul>\n","protected":false},"featured_media":418166,"template":"","meta":{"_acf_changed":false,"inline_featured_image":false},"product_brand":[],"product_cat":[6540,6510],"product_tag":[3362,6207],"class_list":{"0":"post-417909","1":"product","2":"type-product","3":"status-publish","4":"has-post-thumbnail","6":"product_cat-herrenbekleidung","7":"product_cat-shorts","8":"product_tag-brooks-de","9":"product_tag-brooks-herren-de","10":"pa_attivita-gehen","11":"pa_attivita-running-de","12":"pa_colore-dash-speed-short-black","13":"pa_marca-brooks-de","14":"pa_sesso-herren","15":"pa_size-small-de","16":"pa_size-medium-de","17":"pa_size-large-de","19":"first","20":"instock","21":"sale","22":"taxable","23":"shipping-taxable","24":"purchasable","25":"product-type-variable","26":"wvs-archive-product-wrapper"},"acf":[],"yoast_head":"<!-- This site is optimized with the Yoast SEO plugin v26.8 - https:\/\/yoast.com\/product\/yoast-seo-wordpress\/ -->\n<title>Brooks Dash Speed Short herren - Herren-Shorts - MioMioRun<\/title>\n<meta name=\"description\" content=\"Leichte und atmungsaktive Dash Speed Short Laufshorts mit Innenslip und seitlichen Eins\u00e4tzen. Ideal f\u00fcr Wettk\u00e4mpfe und schnelle Trainingseinheiten.\" \/>\n<meta name=\"robots\" content=\"index, follow, max-snippet:-1, max-image-preview:large, max-video-preview:-1\" \/>\n<link rel=\"canonical\" href=\"https:\/\/www.miomiorun.com\/de\/produkt\/dash-speed-short-herren\/\" \/>\n<meta property=\"og:locale\" content=\"de_DE\" \/>\n<meta property=\"og:type\" content=\"article\" \/>\n<meta property=\"og:title\" content=\"Brooks Dash Speed Short herren - Herren-Shorts - MioMioRun\" \/>\n<meta property=\"og:description\" content=\"Leichte und atmungsaktive Dash Speed Short Laufshorts mit Innenslip und seitlichen Eins\u00e4tzen. Ideal f\u00fcr Wettk\u00e4mpfe und schnelle Trainingseinheiten.\" \/>\n<meta property=\"og:url\" content=\"https:\/\/www.miomiorun.com\/de\/produkt\/dash-speed-short-herren\/\" \/>\n<meta property=\"og:site_name\" content=\"MioMioRun\" \/>\n<meta property=\"article:publisher\" content=\"https:\/\/www.facebook.com\/miomiorun\/\" \/>\n<meta property=\"article:modified_time\" content=\"2026-05-09T12:16:01+00:00\" \/>\n<meta property=\"og:image\" content=\"https:\/\/www.miomiorun.com\/app\/uploads\/2026\/03\/brooks-Dash-speed-short-black-211590001.webp\" \/>\n\t<meta property=\"og:image:width\" content=\"720\" \/>\n\t<meta property=\"og:image:height\" content=\"720\" \/>\n\t<meta property=\"og:image:type\" content=\"image\/webp\" \/>\n<meta name=\"twitter:card\" content=\"summary_large_image\" \/>\n<meta name=\"twitter:label1\" content=\"Est. reading time\" \/>\n\t<meta name=\"twitter:data1\" content=\"1 minute\" \/>\n<script type=\"application\/ld+json\" class=\"yoast-schema-graph\">{\"@context\":\"https:\/\/schema.org\",\"@graph\":[{\"@type\":\"WebPage\",\"@id\":\"https:\/\/www.miomiorun.com\/de\/produkt\/dash-speed-short-herren\/\",\"url\":\"https:\/\/www.miomiorun.com\/de\/produkt\/dash-speed-short-herren\/\",\"name\":\"Brooks Dash Speed Short herren - Herren-Shorts - MioMioRun\",\"isPartOf\":{\"@id\":\"https:\/\/www.miomiorun.com\/de\/#website\"},\"primaryImageOfPage\":{\"@id\":\"https:\/\/www.miomiorun.com\/de\/produkt\/dash-speed-short-herren\/#primaryimage\"},\"image\":{\"@id\":\"https:\/\/www.miomiorun.com\/de\/produkt\/dash-speed-short-herren\/#primaryimage\"},\"thumbnailUrl\":\"https:\/\/www.miomiorun.com\/app\/uploads\/2026\/03\/brooks-Dash-speed-short-black-211590001.webp\",\"datePublished\":\"2026-03-14T11:32:12+00:00\",\"dateModified\":\"2026-05-09T12:16:01+00:00\",\"description\":\"Leichte und atmungsaktive Dash Speed Short Laufshorts mit Innenslip und seitlichen Eins\u00e4tzen. Ideal f\u00fcr Wettk\u00e4mpfe und schnelle Trainingseinheiten.\",\"breadcrumb\":{\"@id\":\"https:\/\/www.miomiorun.com\/de\/produkt\/dash-speed-short-herren\/#breadcrumb\"},\"inLanguage\":\"de-DE\",\"potentialAction\":[{\"@type\":\"ReadAction\",\"target\":[\"https:\/\/www.miomiorun.com\/de\/produkt\/dash-speed-short-herren\/\"]}]},{\"@type\":\"ImageObject\",\"inLanguage\":\"de-DE\",\"@id\":\"https:\/\/www.miomiorun.com\/de\/produkt\/dash-speed-short-herren\/#primaryimage\",\"url\":\"https:\/\/www.miomiorun.com\/app\/uploads\/2026\/03\/brooks-Dash-speed-short-black-211590001.webp\",\"contentUrl\":\"https:\/\/www.miomiorun.com\/app\/uploads\/2026\/03\/brooks-Dash-speed-short-black-211590001.webp\",\"width\":720,\"height\":720,\"caption\":\"brooks Dash speed short black 211590001\"},{\"@type\":\"BreadcrumbList\",\"@id\":\"https:\/\/www.miomiorun.com\/de\/produkt\/dash-speed-short-herren\/#breadcrumb\",\"itemListElement\":[{\"@type\":\"ListItem\",\"position\":1,\"name\":\"Home\",\"item\":\"https:\/\/www.miomiorun.com\/de\/\"},{\"@type\":\"ListItem\",\"position\":2,\"name\":\"Shop\",\"item\":\"https:\/\/www.miomiorun.com\/shop\/\"},{\"@type\":\"ListItem\",\"position\":3,\"name\":\"Dash Speed Short herren\"}]},{\"@type\":\"WebSite\",\"@id\":\"https:\/\/www.miomiorun.com\/de\/#website\",\"url\":\"https:\/\/www.miomiorun.com\/de\/\",\"name\":\"MioMioRun\",\"description\":\"100% Lauf- und Trailshop\",\"publisher\":{\"@id\":\"https:\/\/www.miomiorun.com\/de\/#organization\"},\"potentialAction\":[{\"@type\":\"SearchAction\",\"target\":{\"@type\":\"EntryPoint\",\"urlTemplate\":\"https:\/\/www.miomiorun.com\/de\/?s={search_term_string}\"},\"query-input\":{\"@type\":\"PropertyValueSpecification\",\"valueRequired\":true,\"valueName\":\"search_term_string\"}}],\"inLanguage\":\"de-DE\"},{\"@type\":\"Organization\",\"@id\":\"https:\/\/www.miomiorun.com\/de\/#organization\",\"name\":\"MioMio Run\",\"url\":\"https:\/\/www.miomiorun.com\/de\/\",\"logo\":{\"@type\":\"ImageObject\",\"inLanguage\":\"de-DE\",\"@id\":\"https:\/\/www.miomiorun.com\/de\/#\/schema\/logo\/image\/\",\"url\":\"https:\/\/www.miomiorun.com\/app\/uploads\/2019\/12\/logomio.png\",\"contentUrl\":\"https:\/\/www.miomiorun.com\/app\/uploads\/2019\/12\/logomio.png\",\"width\":115,\"height\":82,\"caption\":\"MioMio Run\"},\"image\":{\"@id\":\"https:\/\/www.miomiorun.com\/de\/#\/schema\/logo\/image\/\"},\"sameAs\":[\"https:\/\/www.facebook.com\/miomiorun\/\",\"https:\/\/www.instagram.com\/miomiorun\/\"]}]}<\/script>\n<!-- \/ Yoast SEO plugin. -->","yoast_head_json":{"title":"Brooks Dash Speed Short herren - Herren-Shorts - MioMioRun","description":"Leichte und atmungsaktive Dash Speed Short Laufshorts mit Innenslip und seitlichen Eins\u00e4tzen. Ideal f\u00fcr Wettk\u00e4mpfe und schnelle Trainingseinheiten.","robots":{"index":"index","follow":"follow","max-snippet":"max-snippet:-1","max-image-preview":"max-image-preview:large","max-video-preview":"max-video-preview:-1"},"canonical":"https:\/\/www.miomiorun.com\/de\/produkt\/dash-speed-short-herren\/","og_locale":"de_DE","og_type":"article","og_title":"Brooks Dash Speed Short herren - Herren-Shorts - MioMioRun","og_description":"Leichte und atmungsaktive Dash Speed Short Laufshorts mit Innenslip und seitlichen Eins\u00e4tzen. Ideal f\u00fcr Wettk\u00e4mpfe und schnelle Trainingseinheiten.","og_url":"https:\/\/www.miomiorun.com\/de\/produkt\/dash-speed-short-herren\/","og_site_name":"MioMioRun","article_publisher":"https:\/\/www.facebook.com\/miomiorun\/","article_modified_time":"2026-05-09T12:16:01+00:00","og_image":[{"width":720,"height":720,"url":"https:\/\/www.miomiorun.com\/app\/uploads\/2026\/03\/brooks-Dash-speed-short-black-211590001.webp","type":"image\/webp"}],"twitter_card":"summary_large_image","twitter_misc":{"Est. reading time":"1 minute"},"schema":{"@context":"https:\/\/schema.org","@graph":[{"@type":"WebPage","@id":"https:\/\/www.miomiorun.com\/de\/produkt\/dash-speed-short-herren\/","url":"https:\/\/www.miomiorun.com\/de\/produkt\/dash-speed-short-herren\/","name":"Brooks Dash Speed Short herren - Herren-Shorts - MioMioRun","isPartOf":{"@id":"https:\/\/www.miomiorun.com\/de\/#website"},"primaryImageOfPage":{"@id":"https:\/\/www.miomiorun.com\/de\/produkt\/dash-speed-short-herren\/#primaryimage"},"image":{"@id":"https:\/\/www.miomiorun.com\/de\/produkt\/dash-speed-short-herren\/#primaryimage"},"thumbnailUrl":"https:\/\/www.miomiorun.com\/app\/uploads\/2026\/03\/brooks-Dash-speed-short-black-211590001.webp","datePublished":"2026-03-14T11:32:12+00:00","dateModified":"2026-05-09T12:16:01+00:00","description":"Leichte und atmungsaktive Dash Speed Short Laufshorts mit Innenslip und seitlichen Eins\u00e4tzen. Ideal f\u00fcr Wettk\u00e4mpfe und schnelle Trainingseinheiten.","breadcrumb":{"@id":"https:\/\/www.miomiorun.com\/de\/produkt\/dash-speed-short-herren\/#breadcrumb"},"inLanguage":"de-DE","potentialAction":[{"@type":"ReadAction","target":["https:\/\/www.miomiorun.com\/de\/produkt\/dash-speed-short-herren\/"]}]},{"@type":"ImageObject","inLanguage":"de-DE","@id":"https:\/\/www.miomiorun.com\/de\/produkt\/dash-speed-short-herren\/#primaryimage","url":"https:\/\/www.miomiorun.com\/app\/uploads\/2026\/03\/brooks-Dash-speed-short-black-211590001.webp","contentUrl":"https:\/\/www.miomiorun.com\/app\/uploads\/2026\/03\/brooks-Dash-speed-short-black-211590001.webp","width":720,"height":720,"caption":"brooks Dash speed short black 211590001"},{"@type":"BreadcrumbList","@id":"https:\/\/www.miomiorun.com\/de\/produkt\/dash-speed-short-herren\/#breadcrumb","itemListElement":[{"@type":"ListItem","position":1,"name":"Home","item":"https:\/\/www.miomiorun.com\/de\/"},{"@type":"ListItem","position":2,"name":"Shop","item":"https:\/\/www.miomiorun.com\/shop\/"},{"@type":"ListItem","position":3,"name":"Dash Speed Short herren"}]},{"@type":"WebSite","@id":"https:\/\/www.miomiorun.com\/de\/#website","url":"https:\/\/www.miomiorun.com\/de\/","name":"MioMioRun","description":"100% Lauf- und Trailshop","publisher":{"@id":"https:\/\/www.miomiorun.com\/de\/#organization"},"potentialAction":[{"@type":"SearchAction","target":{"@type":"EntryPoint","urlTemplate":"https:\/\/www.miomiorun.com\/de\/?s={search_term_string}"},"query-input":{"@type":"PropertyValueSpecification","valueRequired":true,"valueName":"search_term_string"}}],"inLanguage":"de-DE"},{"@type":"Organization","@id":"https:\/\/www.miomiorun.com\/de\/#organization","name":"MioMio Run","url":"https:\/\/www.miomiorun.com\/de\/","logo":{"@type":"ImageObject","inLanguage":"de-DE","@id":"https:\/\/www.miomiorun.com\/de\/#\/schema\/logo\/image\/","url":"https:\/\/www.miomiorun.com\/app\/uploads\/2019\/12\/logomio.png","contentUrl":"https:\/\/www.miomiorun.com\/app\/uploads\/2019\/12\/logomio.png","width":115,"height":82,"caption":"MioMio Run"},"image":{"@id":"https:\/\/www.miomiorun.com\/de\/#\/schema\/logo\/image\/"},"sameAs":["https:\/\/www.facebook.com\/miomiorun\/","https:\/\/www.instagram.com\/miomiorun\/"]}]}},"_links":{"self":[{"href":"https:\/\/www.miomiorun.com\/de\/wp-json\/wp\/v2\/product\/417909","targetHints":{"allow":["GET"]}}],"collection":[{"href":"https:\/\/www.miomiorun.com\/de\/wp-json\/wp\/v2\/product"}],"about":[{"href":"https:\/\/www.miomiorun.com\/de\/wp-json\/wp\/v2\/types\/product"}],"wp:featuredmedia":[{"embeddable":true,"href":"https:\/\/www.miomiorun.com\/de\/wp-json\/wp\/v2\/media\/418166"}],"wp:attachment":[{"href":"https:\/\/www.miomiorun.com\/de\/wp-json\/wp\/v2\/media?parent=417909"}],"wp:term":[{"taxonomy":"product_brand","embeddable":true,"href":"https:\/\/www.miomiorun.com\/de\/wp-json\/wp\/v2\/product_brand?post=417909"},{"taxonomy":"product_cat","embeddable":true,"href":"https:\/\/www.miomiorun.com\/de\/wp-json\/wp\/v2\/product_cat?post=417909"},{"taxonomy":"product_tag","embeddable":true,"href":"https:\/\/www.miomiorun.com\/de\/wp-json\/wp\/v2\/product_tag?post=417909"}],"curies":[{"name":"wp","href":"https:\/\/api.w.org\/{rel}","templated":true}]}}