{"id":417834,"date":"2026-03-14T12:12:19","date_gmt":"2026-03-14T11:12:19","guid":{"rendered":"https:\/\/www.miomiorun.com\/?post_type=product&#038;p=417834"},"modified":"2026-05-09T14:14:48","modified_gmt":"2026-05-09T12:14:48","slug":"dash-short-sleeve-printed-herren","status":"publish","type":"product","link":"https:\/\/www.miomiorun.com\/de\/produkt\/dash-short-sleeve-printed-herren\/","title":{"rendered":"Dash Short Sleeve Printed herren"},"content":{"rendered":"<p>Das Dash Short Sleeve Printed ist ein kurz\u00e4rmeliges Laufshirt, das dich bei deinen t\u00e4glichen L\u00e4ufen und beim Training bei warmem Wetter begleitet. Das atmungsaktive Material sorgt f\u00fcr Bel\u00fcftung w\u00e4hrend der Aktivit\u00e4t, w\u00e4hrend die geruchsneutrale Technologie dazu beitr\u00e4gt, dass du dich auch bei l\u00e4ngeren Trainingseinheiten frisch f\u00fchlst.<\/p>\n<p>Die halbeng anliegende Passform schmiegt sich an den K\u00f6rper an, ohne die Bewegungsfreiheit einzuschr\u00e4nken, und bietet so Komfort und Bewegungsfreiheit beim Laufen. Seitliche Einschnitte verbessern die Beweglichkeit zus\u00e4tzlich, sodass sich das Shirt sowohl f\u00fcr das t\u00e4gliche Training als auch f\u00fcr intensivere L\u00e4ufe eignet.<\/p>\n<p>Das f\u00fcr das Laufen im Freien konzipierte Material bietet Sonnenschutz mit UPF 40+, w\u00e4hrend der reflektierende Streifen in der Mitte des R\u00fcckens die Sichtbarkeit bei schlechten Lichtverh\u00e4ltnissen verbessert. Das Kleidungsst\u00fcck besteht zudem zu 57 % aus recycelten Materialien und ist bluesign\u00ae-zertifiziert.<\/p>\n","protected":false},"excerpt":{"rendered":"<ul>\n<li>Atmungsaktives und geruchsneutrales Material, ideal zum Laufen und Trainieren bei warmem Wetter<\/li>\n<li>Sonnenschutz UPF 40+ f\u00fcr unbeschwertes Laufen in der Sonne<\/li>\n<li>Halbeng anliegende Passform mit seitlichen Einschnitten f\u00fcr mehr Bewegungsfreiheit<\/li>\n<\/ul>\n","protected":false},"featured_media":418137,"template":"","meta":{"_acf_changed":false,"inline_featured_image":false},"product_brand":[],"product_cat":[6540,6508],"product_tag":[3362,6207],"class_list":{"0":"post-417834","1":"product","2":"type-product","3":"status-publish","4":"has-post-thumbnail","6":"product_cat-herrenbekleidung","7":"product_cat-herrent-shirt","8":"product_tag-brooks-de","9":"product_tag-brooks-herren-de","10":"pa_attivita-gehen","11":"pa_attivita-running-de","12":"pa_colore-dash-short-sleeve-printed-euphoryc-lumin","13":"pa_marca-brooks-de","14":"pa_sesso-herren","15":"pa_size-small-de","16":"pa_size-medium-de","17":"pa_size-large-de","18":"pa_size-extra-large-de","20":"first","21":"instock","22":"sale","23":"taxable","24":"shipping-taxable","25":"purchasable","26":"product-type-variable","27":"wvs-archive-product-wrapper"},"acf":[],"yoast_head":"<!-- This site is optimized with the Yoast SEO plugin v26.8 - https:\/\/yoast.com\/product\/yoast-seo-wordpress\/ -->\n<title>Brooks Dash Short Sleeve Printed herren -Lauf-T-Shirt - MioMioRun<\/title>\n<meta name=\"description\" content=\"Atmungsaktives und geruchsneutrales Herren-Laufshirt \u201eDash Short Sleeve Printed\u201c mit UPF 40+ Schutz. Ideal f\u00fcr das t\u00e4gliche Laufen und Training.\" \/>\n<meta name=\"robots\" content=\"index, follow, max-snippet:-1, max-image-preview:large, max-video-preview:-1\" \/>\n<link rel=\"canonical\" href=\"https:\/\/www.miomiorun.com\/de\/produkt\/dash-short-sleeve-printed-herren\/\" \/>\n<meta property=\"og:locale\" content=\"de_DE\" \/>\n<meta property=\"og:type\" content=\"article\" \/>\n<meta property=\"og:title\" content=\"Brooks Dash Short Sleeve Printed herren -Lauf-T-Shirt - MioMioRun\" \/>\n<meta property=\"og:description\" content=\"Atmungsaktives und geruchsneutrales Herren-Laufshirt \u201eDash Short Sleeve Printed\u201c mit UPF 40+ Schutz. Ideal f\u00fcr das t\u00e4gliche Laufen und Training.\" \/>\n<meta property=\"og:url\" content=\"https:\/\/www.miomiorun.com\/de\/produkt\/dash-short-sleeve-printed-herren\/\" \/>\n<meta property=\"og:site_name\" content=\"MioMioRun\" \/>\n<meta property=\"article:publisher\" content=\"https:\/\/www.facebook.com\/miomiorun\/\" \/>\n<meta property=\"article:modified_time\" content=\"2026-05-09T12:14:48+00:00\" \/>\n<meta property=\"og:image\" content=\"https:\/\/www.miomiorun.com\/app\/uploads\/2026\/03\/brooks-DASH-SHORT-SLEEVE-PRINTED-EUPHORYC-LUMIN-211587765.webp\" \/>\n\t<meta property=\"og:image:width\" content=\"720\" \/>\n\t<meta property=\"og:image:height\" content=\"720\" \/>\n\t<meta property=\"og:image:type\" content=\"image\/webp\" \/>\n<meta name=\"twitter:card\" content=\"summary_large_image\" \/>\n<meta name=\"twitter:label1\" content=\"Est. reading time\" \/>\n\t<meta name=\"twitter:data1\" content=\"1 minute\" \/>\n<script type=\"application\/ld+json\" class=\"yoast-schema-graph\">{\"@context\":\"https:\/\/schema.org\",\"@graph\":[{\"@type\":\"WebPage\",\"@id\":\"https:\/\/www.miomiorun.com\/de\/produkt\/dash-short-sleeve-printed-herren\/\",\"url\":\"https:\/\/www.miomiorun.com\/de\/produkt\/dash-short-sleeve-printed-herren\/\",\"name\":\"Brooks Dash Short Sleeve Printed herren -Lauf-T-Shirt - MioMioRun\",\"isPartOf\":{\"@id\":\"https:\/\/www.miomiorun.com\/de\/#website\"},\"primaryImageOfPage\":{\"@id\":\"https:\/\/www.miomiorun.com\/de\/produkt\/dash-short-sleeve-printed-herren\/#primaryimage\"},\"image\":{\"@id\":\"https:\/\/www.miomiorun.com\/de\/produkt\/dash-short-sleeve-printed-herren\/#primaryimage\"},\"thumbnailUrl\":\"https:\/\/www.miomiorun.com\/app\/uploads\/2026\/03\/brooks-DASH-SHORT-SLEEVE-PRINTED-EUPHORYC-LUMIN-211587765.webp\",\"datePublished\":\"2026-03-14T11:12:19+00:00\",\"dateModified\":\"2026-05-09T12:14:48+00:00\",\"description\":\"Atmungsaktives und geruchsneutrales Herren-Laufshirt \u201eDash Short Sleeve Printed\u201c mit UPF 40+ Schutz. Ideal f\u00fcr das t\u00e4gliche Laufen und Training.\",\"breadcrumb\":{\"@id\":\"https:\/\/www.miomiorun.com\/de\/produkt\/dash-short-sleeve-printed-herren\/#breadcrumb\"},\"inLanguage\":\"de-DE\",\"potentialAction\":[{\"@type\":\"ReadAction\",\"target\":[\"https:\/\/www.miomiorun.com\/de\/produkt\/dash-short-sleeve-printed-herren\/\"]}]},{\"@type\":\"ImageObject\",\"inLanguage\":\"de-DE\",\"@id\":\"https:\/\/www.miomiorun.com\/de\/produkt\/dash-short-sleeve-printed-herren\/#primaryimage\",\"url\":\"https:\/\/www.miomiorun.com\/app\/uploads\/2026\/03\/brooks-DASH-SHORT-SLEEVE-PRINTED-EUPHORYC-LUMIN-211587765.webp\",\"contentUrl\":\"https:\/\/www.miomiorun.com\/app\/uploads\/2026\/03\/brooks-DASH-SHORT-SLEEVE-PRINTED-EUPHORYC-LUMIN-211587765.webp\",\"width\":720,\"height\":720,\"caption\":\"brooks DASH SHORT SLEEVE PRINTED EUPHORYC LUMIN 211587765\"},{\"@type\":\"BreadcrumbList\",\"@id\":\"https:\/\/www.miomiorun.com\/de\/produkt\/dash-short-sleeve-printed-herren\/#breadcrumb\",\"itemListElement\":[{\"@type\":\"ListItem\",\"position\":1,\"name\":\"Home\",\"item\":\"https:\/\/www.miomiorun.com\/de\/\"},{\"@type\":\"ListItem\",\"position\":2,\"name\":\"Shop\",\"item\":\"https:\/\/www.miomiorun.com\/shop\/\"},{\"@type\":\"ListItem\",\"position\":3,\"name\":\"Dash Short Sleeve Printed herren\"}]},{\"@type\":\"WebSite\",\"@id\":\"https:\/\/www.miomiorun.com\/de\/#website\",\"url\":\"https:\/\/www.miomiorun.com\/de\/\",\"name\":\"MioMioRun\",\"description\":\"100% Lauf- und Trailshop\",\"publisher\":{\"@id\":\"https:\/\/www.miomiorun.com\/de\/#organization\"},\"potentialAction\":[{\"@type\":\"SearchAction\",\"target\":{\"@type\":\"EntryPoint\",\"urlTemplate\":\"https:\/\/www.miomiorun.com\/de\/?s={search_term_string}\"},\"query-input\":{\"@type\":\"PropertyValueSpecification\",\"valueRequired\":true,\"valueName\":\"search_term_string\"}}],\"inLanguage\":\"de-DE\"},{\"@type\":\"Organization\",\"@id\":\"https:\/\/www.miomiorun.com\/de\/#organization\",\"name\":\"MioMio Run\",\"url\":\"https:\/\/www.miomiorun.com\/de\/\",\"logo\":{\"@type\":\"ImageObject\",\"inLanguage\":\"de-DE\",\"@id\":\"https:\/\/www.miomiorun.com\/de\/#\/schema\/logo\/image\/\",\"url\":\"https:\/\/www.miomiorun.com\/app\/uploads\/2019\/12\/logomio.png\",\"contentUrl\":\"https:\/\/www.miomiorun.com\/app\/uploads\/2019\/12\/logomio.png\",\"width\":115,\"height\":82,\"caption\":\"MioMio Run\"},\"image\":{\"@id\":\"https:\/\/www.miomiorun.com\/de\/#\/schema\/logo\/image\/\"},\"sameAs\":[\"https:\/\/www.facebook.com\/miomiorun\/\",\"https:\/\/www.instagram.com\/miomiorun\/\"]}]}<\/script>\n<!-- \/ Yoast SEO plugin. -->","yoast_head_json":{"title":"Brooks Dash Short Sleeve Printed herren -Lauf-T-Shirt - MioMioRun","description":"Atmungsaktives und geruchsneutrales Herren-Laufshirt \u201eDash Short Sleeve Printed\u201c mit UPF 40+ Schutz. Ideal f\u00fcr das t\u00e4gliche Laufen und Training.","robots":{"index":"index","follow":"follow","max-snippet":"max-snippet:-1","max-image-preview":"max-image-preview:large","max-video-preview":"max-video-preview:-1"},"canonical":"https:\/\/www.miomiorun.com\/de\/produkt\/dash-short-sleeve-printed-herren\/","og_locale":"de_DE","og_type":"article","og_title":"Brooks Dash Short Sleeve Printed herren -Lauf-T-Shirt - MioMioRun","og_description":"Atmungsaktives und geruchsneutrales Herren-Laufshirt \u201eDash Short Sleeve Printed\u201c mit UPF 40+ Schutz. Ideal f\u00fcr das t\u00e4gliche Laufen und Training.","og_url":"https:\/\/www.miomiorun.com\/de\/produkt\/dash-short-sleeve-printed-herren\/","og_site_name":"MioMioRun","article_publisher":"https:\/\/www.facebook.com\/miomiorun\/","article_modified_time":"2026-05-09T12:14:48+00:00","og_image":[{"width":720,"height":720,"url":"https:\/\/www.miomiorun.com\/app\/uploads\/2026\/03\/brooks-DASH-SHORT-SLEEVE-PRINTED-EUPHORYC-LUMIN-211587765.webp","type":"image\/webp"}],"twitter_card":"summary_large_image","twitter_misc":{"Est. reading time":"1 minute"},"schema":{"@context":"https:\/\/schema.org","@graph":[{"@type":"WebPage","@id":"https:\/\/www.miomiorun.com\/de\/produkt\/dash-short-sleeve-printed-herren\/","url":"https:\/\/www.miomiorun.com\/de\/produkt\/dash-short-sleeve-printed-herren\/","name":"Brooks Dash Short Sleeve Printed herren -Lauf-T-Shirt - MioMioRun","isPartOf":{"@id":"https:\/\/www.miomiorun.com\/de\/#website"},"primaryImageOfPage":{"@id":"https:\/\/www.miomiorun.com\/de\/produkt\/dash-short-sleeve-printed-herren\/#primaryimage"},"image":{"@id":"https:\/\/www.miomiorun.com\/de\/produkt\/dash-short-sleeve-printed-herren\/#primaryimage"},"thumbnailUrl":"https:\/\/www.miomiorun.com\/app\/uploads\/2026\/03\/brooks-DASH-SHORT-SLEEVE-PRINTED-EUPHORYC-LUMIN-211587765.webp","datePublished":"2026-03-14T11:12:19+00:00","dateModified":"2026-05-09T12:14:48+00:00","description":"Atmungsaktives und geruchsneutrales Herren-Laufshirt \u201eDash Short Sleeve Printed\u201c mit UPF 40+ Schutz. Ideal f\u00fcr das t\u00e4gliche Laufen und Training.","breadcrumb":{"@id":"https:\/\/www.miomiorun.com\/de\/produkt\/dash-short-sleeve-printed-herren\/#breadcrumb"},"inLanguage":"de-DE","potentialAction":[{"@type":"ReadAction","target":["https:\/\/www.miomiorun.com\/de\/produkt\/dash-short-sleeve-printed-herren\/"]}]},{"@type":"ImageObject","inLanguage":"de-DE","@id":"https:\/\/www.miomiorun.com\/de\/produkt\/dash-short-sleeve-printed-herren\/#primaryimage","url":"https:\/\/www.miomiorun.com\/app\/uploads\/2026\/03\/brooks-DASH-SHORT-SLEEVE-PRINTED-EUPHORYC-LUMIN-211587765.webp","contentUrl":"https:\/\/www.miomiorun.com\/app\/uploads\/2026\/03\/brooks-DASH-SHORT-SLEEVE-PRINTED-EUPHORYC-LUMIN-211587765.webp","width":720,"height":720,"caption":"brooks DASH SHORT SLEEVE PRINTED EUPHORYC LUMIN 211587765"},{"@type":"BreadcrumbList","@id":"https:\/\/www.miomiorun.com\/de\/produkt\/dash-short-sleeve-printed-herren\/#breadcrumb","itemListElement":[{"@type":"ListItem","position":1,"name":"Home","item":"https:\/\/www.miomiorun.com\/de\/"},{"@type":"ListItem","position":2,"name":"Shop","item":"https:\/\/www.miomiorun.com\/shop\/"},{"@type":"ListItem","position":3,"name":"Dash Short Sleeve Printed herren"}]},{"@type":"WebSite","@id":"https:\/\/www.miomiorun.com\/de\/#website","url":"https:\/\/www.miomiorun.com\/de\/","name":"MioMioRun","description":"100% Lauf- und Trailshop","publisher":{"@id":"https:\/\/www.miomiorun.com\/de\/#organization"},"potentialAction":[{"@type":"SearchAction","target":{"@type":"EntryPoint","urlTemplate":"https:\/\/www.miomiorun.com\/de\/?s={search_term_string}"},"query-input":{"@type":"PropertyValueSpecification","valueRequired":true,"valueName":"search_term_string"}}],"inLanguage":"de-DE"},{"@type":"Organization","@id":"https:\/\/www.miomiorun.com\/de\/#organization","name":"MioMio Run","url":"https:\/\/www.miomiorun.com\/de\/","logo":{"@type":"ImageObject","inLanguage":"de-DE","@id":"https:\/\/www.miomiorun.com\/de\/#\/schema\/logo\/image\/","url":"https:\/\/www.miomiorun.com\/app\/uploads\/2019\/12\/logomio.png","contentUrl":"https:\/\/www.miomiorun.com\/app\/uploads\/2019\/12\/logomio.png","width":115,"height":82,"caption":"MioMio Run"},"image":{"@id":"https:\/\/www.miomiorun.com\/de\/#\/schema\/logo\/image\/"},"sameAs":["https:\/\/www.facebook.com\/miomiorun\/","https:\/\/www.instagram.com\/miomiorun\/"]}]}},"_links":{"self":[{"href":"https:\/\/www.miomiorun.com\/de\/wp-json\/wp\/v2\/product\/417834","targetHints":{"allow":["GET"]}}],"collection":[{"href":"https:\/\/www.miomiorun.com\/de\/wp-json\/wp\/v2\/product"}],"about":[{"href":"https:\/\/www.miomiorun.com\/de\/wp-json\/wp\/v2\/types\/product"}],"wp:featuredmedia":[{"embeddable":true,"href":"https:\/\/www.miomiorun.com\/de\/wp-json\/wp\/v2\/media\/418137"}],"wp:attachment":[{"href":"https:\/\/www.miomiorun.com\/de\/wp-json\/wp\/v2\/media?parent=417834"}],"wp:term":[{"taxonomy":"product_brand","embeddable":true,"href":"https:\/\/www.miomiorun.com\/de\/wp-json\/wp\/v2\/product_brand?post=417834"},{"taxonomy":"product_cat","embeddable":true,"href":"https:\/\/www.miomiorun.com\/de\/wp-json\/wp\/v2\/product_cat?post=417834"},{"taxonomy":"product_tag","embeddable":true,"href":"https:\/\/www.miomiorun.com\/de\/wp-json\/wp\/v2\/product_tag?post=417834"}],"curies":[{"name":"wp","href":"https:\/\/api.w.org\/{rel}","templated":true}]}}