{"id":417345,"date":"2026-03-13T11:35:33","date_gmt":"2026-03-13T10:35:33","guid":{"rendered":"https:\/\/www.miomiorun.com\/?post_type=product&#038;p=417345"},"modified":"2026-05-09T14:10:01","modified_gmt":"2026-05-09T12:10:01","slug":"cadi-damen","status":"publish","type":"product","link":"https:\/\/www.miomiorun.com\/de\/produkt\/cadi-damen\/","title":{"rendered":"Cad\u00ec damen"},"content":{"rendered":"<table style=\"border-collapse: collapse;width: 100%\">\n<tbody>\n<tr>\n<td style=\"width: 33.3333%;vertical-align: top\"><strong>Technische Daten<\/strong><\/p>\n<p>Kategorie: Strukturierte D\u00e4mpfung<br \/>\nSprengung: 6 mm<br \/>\nGewicht: 230 g<br \/>\nIdeal f\u00fcr: Trailrunner, die einen Schuh mit hoher Leistungsf\u00e4higkeit und Komfort auch auf langen und anspruchsvollen Strecken suchen.<br \/>\nGewicht des L\u00e4ufers: 60\u201380 kg<br \/>\nLauftempo: mittel (5\u20136 min\/km)<br \/>\n<a href=\"https:\/\/miomiorun.com\/guida-alle-specifiche-tecniche\/\">Leitfaden zu den technischen Spezifikationen<\/a><\/td>\n<td style=\"width: 66.6666%;vertical-align: top\">\n<p style=\"text-align: left\" data-start=\"182\" data-end=\"509\">Cad\u00ed entstand als Einladung, das Trail-Laufen ganz nat\u00fcrlich zu erleben. Wenn keine Eile herrscht, wenn es kein Wettkampf ist, wenn du dein eigenes Tempo bestimmst und sich der Weg vor dir ausbreitet. Inspiriert von den Gipfeln der Serra del Cad\u00ed, jenem symboltr\u00e4chtigen Ort, an dem alles begann, stellt dieser Schuh f\u00fcr NNormal eine Schnittstelle zwischen Erfahrung und Zug\u00e4nglichkeit dar.<\/p>\n<p style=\"text-align: left\" data-start=\"511\" data-end=\"775\">Cad\u00ed ist der erste Schuh, der f\u00fcr alle Leistungsstufen konzipiert wurde und sowohl diejenigen begleitet, die gerade erst mit dem Trailrunning beginnen, als auch diejenigen, die mit ungebremstem Elan wieder auf die Trails zur\u00fcckkehren m\u00f6chten. Ein Modell, das die Essenz des Trailrunnings verk\u00f6rpert: Gemeinschaft, Natur und Bewegung. Wie seine Schwestermodelle Tomir und Kjerag verf\u00fcgt er \u00fcber eine Vibram-Sohle und bietet mit seinen 4 mm hohen Stollen sicheren und zuverl\u00e4ssigen Grip. Das Obermaterial besteht aus einem atmungsaktiven und leichten Gewebe.<\/p>\n<\/td>\n<\/tr>\n<\/tbody>\n<\/table>\n<p>&nbsp;<\/p>\n","protected":false},"excerpt":{"rendered":"<ul>\n<li data-start=\"807\" data-end=\"837\">Inspiriert von der Serra del Cad\u00ed<\/li>\n<li data-start=\"840\" data-end=\"872\">F\u00fcr alle Leistungsstufen konzipiert<\/li>\n<li data-start=\"875\" data-end=\"920\">Entwickelt f\u00fcr unbeschwertes Trail-Erlebnis<\/li>\n<\/ul>\n","protected":false},"featured_media":418275,"template":"","meta":{"_acf_changed":false,"inline_featured_image":false},"product_brand":[],"product_cat":[6474,6491],"product_tag":[35956,35967],"class_list":{"0":"post-417345","1":"product","2":"type-product","3":"status-publish","4":"has-post-thumbnail","6":"product_cat-damenschuhe","7":"product_cat-damentrailschuhe","8":"product_tag-nnormal-de","9":"product_tag-nnormal-damen-de","10":"pa_attivita-outdoor-de","11":"pa_attivita-trail-de","12":"pa_colore-cadi-w-green","13":"pa_colore-cadi-w-white","14":"pa_marca-nnormal-de","15":"pa_sesso-damen","16":"pa_size-37-de","17":"pa_size-38-de","19":"pa_size-39-de","20":"pa_size-40-de","22":"pa_size-41-de","23":"pa_size-42-de","26":"first","27":"instock","28":"taxable","29":"shipping-taxable","30":"purchasable","31":"product-type-variable","32":"wvs-archive-product-wrapper"},"acf":[],"yoast_head":"<!-- This site is optimized with the Yoast SEO plugin v26.8 - https:\/\/yoast.com\/product\/yoast-seo-wordpress\/ -->\n<title>NNormal Cad\u00ec damen - Trail-Schuhe f\u00fcr Damen- MioMioRun.com<\/title>\n<meta name=\"description\" content=\"Cad\u00ed, ein Trail-Schuh, der von der Serra del Cad\u00ed inspiriert ist, f\u00fcr alle Leistungsstufen konzipiert wurde und daf\u00fcr gedacht ist, das Trail-Laufen ganz nat\u00fcrlich zu genie\u00dfen.\" \/>\n<meta name=\"robots\" content=\"index, follow, max-snippet:-1, max-image-preview:large, max-video-preview:-1\" \/>\n<link rel=\"canonical\" href=\"https:\/\/www.miomiorun.com\/de\/produkt\/cadi-damen\/\" \/>\n<meta property=\"og:locale\" content=\"de_DE\" \/>\n<meta property=\"og:type\" content=\"article\" \/>\n<meta property=\"og:title\" content=\"NNormal Cad\u00ec damen - Trail-Schuhe f\u00fcr Damen- MioMioRun.com\" \/>\n<meta property=\"og:description\" content=\"Cad\u00ed, ein Trail-Schuh, der von der Serra del Cad\u00ed inspiriert ist, f\u00fcr alle Leistungsstufen konzipiert wurde und daf\u00fcr gedacht ist, das Trail-Laufen ganz nat\u00fcrlich zu genie\u00dfen.\" \/>\n<meta property=\"og:url\" content=\"https:\/\/www.miomiorun.com\/de\/produkt\/cadi-damen\/\" \/>\n<meta property=\"og:site_name\" content=\"MioMioRun\" \/>\n<meta property=\"article:publisher\" content=\"https:\/\/www.facebook.com\/miomiorun\/\" \/>\n<meta property=\"article:modified_time\" content=\"2026-05-09T12:10:01+00:00\" \/>\n<meta property=\"og:image\" content=\"https:\/\/www.miomiorun.com\/app\/uploads\/2026\/03\/nnormal-Cadi-W-white-NS4CD1W-002.webp\" \/>\n\t<meta property=\"og:image:width\" content=\"720\" \/>\n\t<meta property=\"og:image:height\" content=\"720\" \/>\n\t<meta property=\"og:image:type\" content=\"image\/webp\" \/>\n<meta name=\"twitter:card\" content=\"summary_large_image\" \/>\n<meta name=\"twitter:label1\" content=\"Est. reading time\" \/>\n\t<meta name=\"twitter:data1\" content=\"1 minute\" \/>\n<script type=\"application\/ld+json\" class=\"yoast-schema-graph\">{\"@context\":\"https:\/\/schema.org\",\"@graph\":[{\"@type\":\"WebPage\",\"@id\":\"https:\/\/www.miomiorun.com\/de\/produkt\/cadi-damen\/\",\"url\":\"https:\/\/www.miomiorun.com\/de\/produkt\/cadi-damen\/\",\"name\":\"NNormal Cad\u00ec damen - Trail-Schuhe f\u00fcr Damen- MioMioRun.com\",\"isPartOf\":{\"@id\":\"https:\/\/www.miomiorun.com\/de\/#website\"},\"primaryImageOfPage\":{\"@id\":\"https:\/\/www.miomiorun.com\/de\/produkt\/cadi-damen\/#primaryimage\"},\"image\":{\"@id\":\"https:\/\/www.miomiorun.com\/de\/produkt\/cadi-damen\/#primaryimage\"},\"thumbnailUrl\":\"https:\/\/www.miomiorun.com\/app\/uploads\/2026\/03\/nnormal-Cadi-W-white-NS4CD1W-002.webp\",\"datePublished\":\"2026-03-13T10:35:33+00:00\",\"dateModified\":\"2026-05-09T12:10:01+00:00\",\"description\":\"Cad\u00ed, ein Trail-Schuh, der von der Serra del Cad\u00ed inspiriert ist, f\u00fcr alle Leistungsstufen konzipiert wurde und daf\u00fcr gedacht ist, das Trail-Laufen ganz nat\u00fcrlich zu genie\u00dfen.\",\"breadcrumb\":{\"@id\":\"https:\/\/www.miomiorun.com\/de\/produkt\/cadi-damen\/#breadcrumb\"},\"inLanguage\":\"de-DE\",\"potentialAction\":[{\"@type\":\"ReadAction\",\"target\":[\"https:\/\/www.miomiorun.com\/de\/produkt\/cadi-damen\/\"]}]},{\"@type\":\"ImageObject\",\"inLanguage\":\"de-DE\",\"@id\":\"https:\/\/www.miomiorun.com\/de\/produkt\/cadi-damen\/#primaryimage\",\"url\":\"https:\/\/www.miomiorun.com\/app\/uploads\/2026\/03\/nnormal-Cadi-W-white-NS4CD1W-002.webp\",\"contentUrl\":\"https:\/\/www.miomiorun.com\/app\/uploads\/2026\/03\/nnormal-Cadi-W-white-NS4CD1W-002.webp\",\"width\":720,\"height\":720,\"caption\":\"nnormal Cad\u00ec W white NS4CD1W-002\"},{\"@type\":\"BreadcrumbList\",\"@id\":\"https:\/\/www.miomiorun.com\/de\/produkt\/cadi-damen\/#breadcrumb\",\"itemListElement\":[{\"@type\":\"ListItem\",\"position\":1,\"name\":\"Home\",\"item\":\"https:\/\/www.miomiorun.com\/de\/\"},{\"@type\":\"ListItem\",\"position\":2,\"name\":\"Shop\",\"item\":\"https:\/\/www.miomiorun.com\/shop\/\"},{\"@type\":\"ListItem\",\"position\":3,\"name\":\"Cad\u00ec damen\"}]},{\"@type\":\"WebSite\",\"@id\":\"https:\/\/www.miomiorun.com\/de\/#website\",\"url\":\"https:\/\/www.miomiorun.com\/de\/\",\"name\":\"MioMioRun\",\"description\":\"100% Lauf- und Trailshop\",\"publisher\":{\"@id\":\"https:\/\/www.miomiorun.com\/de\/#organization\"},\"potentialAction\":[{\"@type\":\"SearchAction\",\"target\":{\"@type\":\"EntryPoint\",\"urlTemplate\":\"https:\/\/www.miomiorun.com\/de\/?s={search_term_string}\"},\"query-input\":{\"@type\":\"PropertyValueSpecification\",\"valueRequired\":true,\"valueName\":\"search_term_string\"}}],\"inLanguage\":\"de-DE\"},{\"@type\":\"Organization\",\"@id\":\"https:\/\/www.miomiorun.com\/de\/#organization\",\"name\":\"MioMio Run\",\"url\":\"https:\/\/www.miomiorun.com\/de\/\",\"logo\":{\"@type\":\"ImageObject\",\"inLanguage\":\"de-DE\",\"@id\":\"https:\/\/www.miomiorun.com\/de\/#\/schema\/logo\/image\/\",\"url\":\"https:\/\/www.miomiorun.com\/app\/uploads\/2019\/12\/logomio.png\",\"contentUrl\":\"https:\/\/www.miomiorun.com\/app\/uploads\/2019\/12\/logomio.png\",\"width\":115,\"height\":82,\"caption\":\"MioMio Run\"},\"image\":{\"@id\":\"https:\/\/www.miomiorun.com\/de\/#\/schema\/logo\/image\/\"},\"sameAs\":[\"https:\/\/www.facebook.com\/miomiorun\/\",\"https:\/\/www.instagram.com\/miomiorun\/\"]}]}<\/script>\n<!-- \/ Yoast SEO plugin. -->","yoast_head_json":{"title":"NNormal Cad\u00ec damen - Trail-Schuhe f\u00fcr Damen- MioMioRun.com","description":"Cad\u00ed, ein Trail-Schuh, der von der Serra del Cad\u00ed inspiriert ist, f\u00fcr alle Leistungsstufen konzipiert wurde und daf\u00fcr gedacht ist, das Trail-Laufen ganz nat\u00fcrlich zu genie\u00dfen.","robots":{"index":"index","follow":"follow","max-snippet":"max-snippet:-1","max-image-preview":"max-image-preview:large","max-video-preview":"max-video-preview:-1"},"canonical":"https:\/\/www.miomiorun.com\/de\/produkt\/cadi-damen\/","og_locale":"de_DE","og_type":"article","og_title":"NNormal Cad\u00ec damen - Trail-Schuhe f\u00fcr Damen- MioMioRun.com","og_description":"Cad\u00ed, ein Trail-Schuh, der von der Serra del Cad\u00ed inspiriert ist, f\u00fcr alle Leistungsstufen konzipiert wurde und daf\u00fcr gedacht ist, das Trail-Laufen ganz nat\u00fcrlich zu genie\u00dfen.","og_url":"https:\/\/www.miomiorun.com\/de\/produkt\/cadi-damen\/","og_site_name":"MioMioRun","article_publisher":"https:\/\/www.facebook.com\/miomiorun\/","article_modified_time":"2026-05-09T12:10:01+00:00","og_image":[{"width":720,"height":720,"url":"https:\/\/www.miomiorun.com\/app\/uploads\/2026\/03\/nnormal-Cadi-W-white-NS4CD1W-002.webp","type":"image\/webp"}],"twitter_card":"summary_large_image","twitter_misc":{"Est. reading time":"1 minute"},"schema":{"@context":"https:\/\/schema.org","@graph":[{"@type":"WebPage","@id":"https:\/\/www.miomiorun.com\/de\/produkt\/cadi-damen\/","url":"https:\/\/www.miomiorun.com\/de\/produkt\/cadi-damen\/","name":"NNormal Cad\u00ec damen - Trail-Schuhe f\u00fcr Damen- MioMioRun.com","isPartOf":{"@id":"https:\/\/www.miomiorun.com\/de\/#website"},"primaryImageOfPage":{"@id":"https:\/\/www.miomiorun.com\/de\/produkt\/cadi-damen\/#primaryimage"},"image":{"@id":"https:\/\/www.miomiorun.com\/de\/produkt\/cadi-damen\/#primaryimage"},"thumbnailUrl":"https:\/\/www.miomiorun.com\/app\/uploads\/2026\/03\/nnormal-Cadi-W-white-NS4CD1W-002.webp","datePublished":"2026-03-13T10:35:33+00:00","dateModified":"2026-05-09T12:10:01+00:00","description":"Cad\u00ed, ein Trail-Schuh, der von der Serra del Cad\u00ed inspiriert ist, f\u00fcr alle Leistungsstufen konzipiert wurde und daf\u00fcr gedacht ist, das Trail-Laufen ganz nat\u00fcrlich zu genie\u00dfen.","breadcrumb":{"@id":"https:\/\/www.miomiorun.com\/de\/produkt\/cadi-damen\/#breadcrumb"},"inLanguage":"de-DE","potentialAction":[{"@type":"ReadAction","target":["https:\/\/www.miomiorun.com\/de\/produkt\/cadi-damen\/"]}]},{"@type":"ImageObject","inLanguage":"de-DE","@id":"https:\/\/www.miomiorun.com\/de\/produkt\/cadi-damen\/#primaryimage","url":"https:\/\/www.miomiorun.com\/app\/uploads\/2026\/03\/nnormal-Cadi-W-white-NS4CD1W-002.webp","contentUrl":"https:\/\/www.miomiorun.com\/app\/uploads\/2026\/03\/nnormal-Cadi-W-white-NS4CD1W-002.webp","width":720,"height":720,"caption":"nnormal Cad\u00ec W white NS4CD1W-002"},{"@type":"BreadcrumbList","@id":"https:\/\/www.miomiorun.com\/de\/produkt\/cadi-damen\/#breadcrumb","itemListElement":[{"@type":"ListItem","position":1,"name":"Home","item":"https:\/\/www.miomiorun.com\/de\/"},{"@type":"ListItem","position":2,"name":"Shop","item":"https:\/\/www.miomiorun.com\/shop\/"},{"@type":"ListItem","position":3,"name":"Cad\u00ec damen"}]},{"@type":"WebSite","@id":"https:\/\/www.miomiorun.com\/de\/#website","url":"https:\/\/www.miomiorun.com\/de\/","name":"MioMioRun","description":"100% Lauf- und Trailshop","publisher":{"@id":"https:\/\/www.miomiorun.com\/de\/#organization"},"potentialAction":[{"@type":"SearchAction","target":{"@type":"EntryPoint","urlTemplate":"https:\/\/www.miomiorun.com\/de\/?s={search_term_string}"},"query-input":{"@type":"PropertyValueSpecification","valueRequired":true,"valueName":"search_term_string"}}],"inLanguage":"de-DE"},{"@type":"Organization","@id":"https:\/\/www.miomiorun.com\/de\/#organization","name":"MioMio Run","url":"https:\/\/www.miomiorun.com\/de\/","logo":{"@type":"ImageObject","inLanguage":"de-DE","@id":"https:\/\/www.miomiorun.com\/de\/#\/schema\/logo\/image\/","url":"https:\/\/www.miomiorun.com\/app\/uploads\/2019\/12\/logomio.png","contentUrl":"https:\/\/www.miomiorun.com\/app\/uploads\/2019\/12\/logomio.png","width":115,"height":82,"caption":"MioMio Run"},"image":{"@id":"https:\/\/www.miomiorun.com\/de\/#\/schema\/logo\/image\/"},"sameAs":["https:\/\/www.facebook.com\/miomiorun\/","https:\/\/www.instagram.com\/miomiorun\/"]}]}},"_links":{"self":[{"href":"https:\/\/www.miomiorun.com\/de\/wp-json\/wp\/v2\/product\/417345","targetHints":{"allow":["GET"]}}],"collection":[{"href":"https:\/\/www.miomiorun.com\/de\/wp-json\/wp\/v2\/product"}],"about":[{"href":"https:\/\/www.miomiorun.com\/de\/wp-json\/wp\/v2\/types\/product"}],"wp:featuredmedia":[{"embeddable":true,"href":"https:\/\/www.miomiorun.com\/de\/wp-json\/wp\/v2\/media\/418275"}],"wp:attachment":[{"href":"https:\/\/www.miomiorun.com\/de\/wp-json\/wp\/v2\/media?parent=417345"}],"wp:term":[{"taxonomy":"product_brand","embeddable":true,"href":"https:\/\/www.miomiorun.com\/de\/wp-json\/wp\/v2\/product_brand?post=417345"},{"taxonomy":"product_cat","embeddable":true,"href":"https:\/\/www.miomiorun.com\/de\/wp-json\/wp\/v2\/product_cat?post=417345"},{"taxonomy":"product_tag","embeddable":true,"href":"https:\/\/www.miomiorun.com\/de\/wp-json\/wp\/v2\/product_tag?post=417345"}],"curies":[{"name":"wp","href":"https:\/\/api.w.org\/{rel}","templated":true}]}}