{"id":416577,"date":"2026-03-12T12:30:29","date_gmt":"2026-03-12T11:30:29","guid":{"rendered":"https:\/\/www.miomiorun.com\/?post_type=product&#038;p=416577"},"modified":"2026-05-09T13:58:59","modified_gmt":"2026-05-09T11:58:59","slug":"dash-singlet-printed-herren","status":"publish","type":"product","link":"https:\/\/www.miomiorun.com\/de\/produkt\/dash-singlet-printed-herren\/","title":{"rendered":"Dash singlet printed herren"},"content":{"rendered":"<p data-start=\"26\" data-end=\"420\">Das <strong data-start=\"29\" data-end=\"53\">Dash Singlet Printed<\/strong> ist ein Lauf-Tanktop f\u00fcr Herren, das dich bei deinem t\u00e4glichen Training und bei L\u00e4ufen an hei\u00dfen Tagen begleitet. Das atmungsaktive Material sorgt f\u00fcr Bel\u00fcftung und h\u00e4lt die Haut auch bei intensivster Anstrengung trocken, w\u00e4hrend die geruchsneutrale Ausr\u00fcstung dazu beitr\u00e4gt, dass du dich l\u00e4nger frisch f\u00fchlst.<\/p>\n<p data-start=\"422\" data-end=\"714\">Die <strong data-start=\"437\" data-end=\"454\">halb-eng anliegende Passform<\/strong> schmiegt sich an den K\u00f6rper an, ohne die Bewegungsfreiheit einzuschr\u00e4nken, und bietet so Freiheit in jeder Phase des Laufs. Die <strong data-start=\"560\" data-end=\"583\">seitlichen Einschnitte<\/strong> verbessern die Bewegungsfreiheit zus\u00e4tzlich und machen das Tanktop ideal sowohl f\u00fcr das t\u00e4gliche Training als auch f\u00fcr intensivere Einheiten.<\/p>\n<p data-start=\"716\" data-end=\"1069\">Das Material wurde speziell f\u00fcr das Laufen in der Sonne entwickelt und bietet <strong data-start=\"774\" data-end=\"803\">Sonnenschutz UPF 40+<\/strong>, w\u00e4hrend der <strong data-start=\"815\" data-end=\"860\">reflektierende Streifen in der Mitte des R\u00fcckens<\/strong> die Sichtbarkeit bei schlechten Lichtverh\u00e4ltnissen erh\u00f6ht. Das Kleidungsst\u00fcck besteht zudem zu <strong data-start=\"947\" data-end=\"977\">57 % aus recycelten Materialien<\/strong> und ist <strong data-start=\"995\" data-end=\"1008\">bluesign\u00ae-zertifiziert<\/strong>, was f\u00fcr einen verantwortungsbewussteren Produktionsprozess steht.<\/p>\n","protected":false},"excerpt":{"rendered":"<ul>\n<li data-start=\"1091\" data-end=\"1188\">Atmungsaktives und geruchsneutrales Material f\u00fcr Frische und Komfort beim Laufen<\/li>\n<li data-start=\"1191\" data-end=\"1279\">Sonnenschutz <strong data-start=\"1209\" data-end=\"1220\">UPF 40+<\/strong>, ideal f\u00fcr Trainingseinheiten und L\u00e4ufe an sonnigen Tagen<\/li>\n<li data-start=\"1282\" data-end=\"1365\">Halbeng anliegende Passform mit seitlichen Einschnitten f\u00fcr mehr Bewegungsfreiheit<\/li>\n<\/ul>\n","protected":false},"featured_media":418157,"template":"","meta":{"_acf_changed":false,"inline_featured_image":false},"product_brand":[],"product_cat":[6540,6513],"product_tag":[3362,6207],"class_list":{"0":"post-416577","1":"product","2":"type-product","3":"status-publish","4":"has-post-thumbnail","6":"product_cat-herrenbekleidung","7":"product_cat-tank-tops","8":"product_tag-brooks-de","9":"product_tag-brooks-herren-de","10":"pa_attivita-fitness-de","11":"pa_attivita-gehen","12":"pa_attivita-running-de","13":"pa_colore-dash-singlet-printed-euphoryc-luminary","14":"pa_marca-brooks-de","15":"pa_sesso-herren","16":"pa_size-small-de","17":"pa_size-medium-de","18":"pa_size-large-de","20":"first","21":"instock","22":"sale","23":"taxable","24":"shipping-taxable","25":"purchasable","26":"product-type-variable","27":"wvs-archive-product-wrapper"},"acf":[],"yoast_head":"<!-- This site is optimized with the Yoast SEO plugin v26.8 - https:\/\/yoast.com\/product\/yoast-seo-wordpress\/ -->\n<title>Brooks Dash singlet printed herren -Lauf-Tanktop- MioMioRun<\/title>\n<meta name=\"description\" content=\"Atmungsaktives und geruchsneutrales Dash Singlet Printed Lauf-Tanktop f\u00fcr Herren mit UPF 40+ Schutz. Ideal zum Laufen und Trainieren an hei\u00dfen Tagen.\" \/>\n<meta name=\"robots\" content=\"index, follow, max-snippet:-1, max-image-preview:large, max-video-preview:-1\" \/>\n<link rel=\"canonical\" href=\"https:\/\/www.miomiorun.com\/de\/produkt\/dash-singlet-printed-herren\/\" \/>\n<meta property=\"og:locale\" content=\"de_DE\" \/>\n<meta property=\"og:type\" content=\"article\" \/>\n<meta property=\"og:title\" content=\"Brooks Dash singlet printed herren -Lauf-Tanktop- MioMioRun\" \/>\n<meta property=\"og:description\" content=\"Atmungsaktives und geruchsneutrales Dash Singlet Printed Lauf-Tanktop f\u00fcr Herren mit UPF 40+ Schutz. Ideal zum Laufen und Trainieren an hei\u00dfen Tagen.\" \/>\n<meta property=\"og:url\" content=\"https:\/\/www.miomiorun.com\/de\/produkt\/dash-singlet-printed-herren\/\" \/>\n<meta property=\"og:site_name\" content=\"MioMioRun\" \/>\n<meta property=\"article:publisher\" content=\"https:\/\/www.facebook.com\/miomiorun\/\" \/>\n<meta property=\"article:modified_time\" content=\"2026-05-09T11:58:59+00:00\" \/>\n<meta property=\"og:image\" content=\"https:\/\/www.miomiorun.com\/app\/uploads\/2026\/03\/brooks-Dash-singlet-printed-euphoryc-luminary-211589765.webp\" \/>\n\t<meta property=\"og:image:width\" content=\"720\" \/>\n\t<meta property=\"og:image:height\" content=\"720\" \/>\n\t<meta property=\"og:image:type\" content=\"image\/webp\" \/>\n<meta name=\"twitter:card\" content=\"summary_large_image\" \/>\n<meta name=\"twitter:label1\" content=\"Est. reading time\" \/>\n\t<meta name=\"twitter:data1\" content=\"2 minutes\" \/>\n<script type=\"application\/ld+json\" class=\"yoast-schema-graph\">{\"@context\":\"https:\/\/schema.org\",\"@graph\":[{\"@type\":\"WebPage\",\"@id\":\"https:\/\/www.miomiorun.com\/de\/produkt\/dash-singlet-printed-herren\/\",\"url\":\"https:\/\/www.miomiorun.com\/de\/produkt\/dash-singlet-printed-herren\/\",\"name\":\"Brooks Dash singlet printed herren -Lauf-Tanktop- MioMioRun\",\"isPartOf\":{\"@id\":\"https:\/\/www.miomiorun.com\/de\/#website\"},\"primaryImageOfPage\":{\"@id\":\"https:\/\/www.miomiorun.com\/de\/produkt\/dash-singlet-printed-herren\/#primaryimage\"},\"image\":{\"@id\":\"https:\/\/www.miomiorun.com\/de\/produkt\/dash-singlet-printed-herren\/#primaryimage\"},\"thumbnailUrl\":\"https:\/\/www.miomiorun.com\/app\/uploads\/2026\/03\/brooks-Dash-singlet-printed-euphoryc-luminary-211589765.webp\",\"datePublished\":\"2026-03-12T11:30:29+00:00\",\"dateModified\":\"2026-05-09T11:58:59+00:00\",\"description\":\"Atmungsaktives und geruchsneutrales Dash Singlet Printed Lauf-Tanktop f\u00fcr Herren mit UPF 40+ Schutz. Ideal zum Laufen und Trainieren an hei\u00dfen Tagen.\",\"breadcrumb\":{\"@id\":\"https:\/\/www.miomiorun.com\/de\/produkt\/dash-singlet-printed-herren\/#breadcrumb\"},\"inLanguage\":\"de-DE\",\"potentialAction\":[{\"@type\":\"ReadAction\",\"target\":[\"https:\/\/www.miomiorun.com\/de\/produkt\/dash-singlet-printed-herren\/\"]}]},{\"@type\":\"ImageObject\",\"inLanguage\":\"de-DE\",\"@id\":\"https:\/\/www.miomiorun.com\/de\/produkt\/dash-singlet-printed-herren\/#primaryimage\",\"url\":\"https:\/\/www.miomiorun.com\/app\/uploads\/2026\/03\/brooks-Dash-singlet-printed-euphoryc-luminary-211589765.webp\",\"contentUrl\":\"https:\/\/www.miomiorun.com\/app\/uploads\/2026\/03\/brooks-Dash-singlet-printed-euphoryc-luminary-211589765.webp\",\"width\":720,\"height\":720,\"caption\":\"brooks Dash singlet printed euphoryc luminary 211589765\"},{\"@type\":\"BreadcrumbList\",\"@id\":\"https:\/\/www.miomiorun.com\/de\/produkt\/dash-singlet-printed-herren\/#breadcrumb\",\"itemListElement\":[{\"@type\":\"ListItem\",\"position\":1,\"name\":\"Home\",\"item\":\"https:\/\/www.miomiorun.com\/de\/\"},{\"@type\":\"ListItem\",\"position\":2,\"name\":\"Shop\",\"item\":\"https:\/\/www.miomiorun.com\/shop\/\"},{\"@type\":\"ListItem\",\"position\":3,\"name\":\"Dash singlet printed herren\"}]},{\"@type\":\"WebSite\",\"@id\":\"https:\/\/www.miomiorun.com\/de\/#website\",\"url\":\"https:\/\/www.miomiorun.com\/de\/\",\"name\":\"MioMioRun\",\"description\":\"100% Lauf- und Trailshop\",\"publisher\":{\"@id\":\"https:\/\/www.miomiorun.com\/de\/#organization\"},\"potentialAction\":[{\"@type\":\"SearchAction\",\"target\":{\"@type\":\"EntryPoint\",\"urlTemplate\":\"https:\/\/www.miomiorun.com\/de\/?s={search_term_string}\"},\"query-input\":{\"@type\":\"PropertyValueSpecification\",\"valueRequired\":true,\"valueName\":\"search_term_string\"}}],\"inLanguage\":\"de-DE\"},{\"@type\":\"Organization\",\"@id\":\"https:\/\/www.miomiorun.com\/de\/#organization\",\"name\":\"MioMio Run\",\"url\":\"https:\/\/www.miomiorun.com\/de\/\",\"logo\":{\"@type\":\"ImageObject\",\"inLanguage\":\"de-DE\",\"@id\":\"https:\/\/www.miomiorun.com\/de\/#\/schema\/logo\/image\/\",\"url\":\"https:\/\/www.miomiorun.com\/app\/uploads\/2019\/12\/logomio.png\",\"contentUrl\":\"https:\/\/www.miomiorun.com\/app\/uploads\/2019\/12\/logomio.png\",\"width\":115,\"height\":82,\"caption\":\"MioMio Run\"},\"image\":{\"@id\":\"https:\/\/www.miomiorun.com\/de\/#\/schema\/logo\/image\/\"},\"sameAs\":[\"https:\/\/www.facebook.com\/miomiorun\/\",\"https:\/\/www.instagram.com\/miomiorun\/\"]}]}<\/script>\n<!-- \/ Yoast SEO plugin. -->","yoast_head_json":{"title":"Brooks Dash singlet printed herren -Lauf-Tanktop- MioMioRun","description":"Atmungsaktives und geruchsneutrales Dash Singlet Printed Lauf-Tanktop f\u00fcr Herren mit UPF 40+ Schutz. Ideal zum Laufen und Trainieren an hei\u00dfen Tagen.","robots":{"index":"index","follow":"follow","max-snippet":"max-snippet:-1","max-image-preview":"max-image-preview:large","max-video-preview":"max-video-preview:-1"},"canonical":"https:\/\/www.miomiorun.com\/de\/produkt\/dash-singlet-printed-herren\/","og_locale":"de_DE","og_type":"article","og_title":"Brooks Dash singlet printed herren -Lauf-Tanktop- MioMioRun","og_description":"Atmungsaktives und geruchsneutrales Dash Singlet Printed Lauf-Tanktop f\u00fcr Herren mit UPF 40+ Schutz. Ideal zum Laufen und Trainieren an hei\u00dfen Tagen.","og_url":"https:\/\/www.miomiorun.com\/de\/produkt\/dash-singlet-printed-herren\/","og_site_name":"MioMioRun","article_publisher":"https:\/\/www.facebook.com\/miomiorun\/","article_modified_time":"2026-05-09T11:58:59+00:00","og_image":[{"width":720,"height":720,"url":"https:\/\/www.miomiorun.com\/app\/uploads\/2026\/03\/brooks-Dash-singlet-printed-euphoryc-luminary-211589765.webp","type":"image\/webp"}],"twitter_card":"summary_large_image","twitter_misc":{"Est. reading time":"2 minutes"},"schema":{"@context":"https:\/\/schema.org","@graph":[{"@type":"WebPage","@id":"https:\/\/www.miomiorun.com\/de\/produkt\/dash-singlet-printed-herren\/","url":"https:\/\/www.miomiorun.com\/de\/produkt\/dash-singlet-printed-herren\/","name":"Brooks Dash singlet printed herren -Lauf-Tanktop- MioMioRun","isPartOf":{"@id":"https:\/\/www.miomiorun.com\/de\/#website"},"primaryImageOfPage":{"@id":"https:\/\/www.miomiorun.com\/de\/produkt\/dash-singlet-printed-herren\/#primaryimage"},"image":{"@id":"https:\/\/www.miomiorun.com\/de\/produkt\/dash-singlet-printed-herren\/#primaryimage"},"thumbnailUrl":"https:\/\/www.miomiorun.com\/app\/uploads\/2026\/03\/brooks-Dash-singlet-printed-euphoryc-luminary-211589765.webp","datePublished":"2026-03-12T11:30:29+00:00","dateModified":"2026-05-09T11:58:59+00:00","description":"Atmungsaktives und geruchsneutrales Dash Singlet Printed Lauf-Tanktop f\u00fcr Herren mit UPF 40+ Schutz. Ideal zum Laufen und Trainieren an hei\u00dfen Tagen.","breadcrumb":{"@id":"https:\/\/www.miomiorun.com\/de\/produkt\/dash-singlet-printed-herren\/#breadcrumb"},"inLanguage":"de-DE","potentialAction":[{"@type":"ReadAction","target":["https:\/\/www.miomiorun.com\/de\/produkt\/dash-singlet-printed-herren\/"]}]},{"@type":"ImageObject","inLanguage":"de-DE","@id":"https:\/\/www.miomiorun.com\/de\/produkt\/dash-singlet-printed-herren\/#primaryimage","url":"https:\/\/www.miomiorun.com\/app\/uploads\/2026\/03\/brooks-Dash-singlet-printed-euphoryc-luminary-211589765.webp","contentUrl":"https:\/\/www.miomiorun.com\/app\/uploads\/2026\/03\/brooks-Dash-singlet-printed-euphoryc-luminary-211589765.webp","width":720,"height":720,"caption":"brooks Dash singlet printed euphoryc luminary 211589765"},{"@type":"BreadcrumbList","@id":"https:\/\/www.miomiorun.com\/de\/produkt\/dash-singlet-printed-herren\/#breadcrumb","itemListElement":[{"@type":"ListItem","position":1,"name":"Home","item":"https:\/\/www.miomiorun.com\/de\/"},{"@type":"ListItem","position":2,"name":"Shop","item":"https:\/\/www.miomiorun.com\/shop\/"},{"@type":"ListItem","position":3,"name":"Dash singlet printed herren"}]},{"@type":"WebSite","@id":"https:\/\/www.miomiorun.com\/de\/#website","url":"https:\/\/www.miomiorun.com\/de\/","name":"MioMioRun","description":"100% Lauf- und Trailshop","publisher":{"@id":"https:\/\/www.miomiorun.com\/de\/#organization"},"potentialAction":[{"@type":"SearchAction","target":{"@type":"EntryPoint","urlTemplate":"https:\/\/www.miomiorun.com\/de\/?s={search_term_string}"},"query-input":{"@type":"PropertyValueSpecification","valueRequired":true,"valueName":"search_term_string"}}],"inLanguage":"de-DE"},{"@type":"Organization","@id":"https:\/\/www.miomiorun.com\/de\/#organization","name":"MioMio Run","url":"https:\/\/www.miomiorun.com\/de\/","logo":{"@type":"ImageObject","inLanguage":"de-DE","@id":"https:\/\/www.miomiorun.com\/de\/#\/schema\/logo\/image\/","url":"https:\/\/www.miomiorun.com\/app\/uploads\/2019\/12\/logomio.png","contentUrl":"https:\/\/www.miomiorun.com\/app\/uploads\/2019\/12\/logomio.png","width":115,"height":82,"caption":"MioMio Run"},"image":{"@id":"https:\/\/www.miomiorun.com\/de\/#\/schema\/logo\/image\/"},"sameAs":["https:\/\/www.facebook.com\/miomiorun\/","https:\/\/www.instagram.com\/miomiorun\/"]}]}},"_links":{"self":[{"href":"https:\/\/www.miomiorun.com\/de\/wp-json\/wp\/v2\/product\/416577","targetHints":{"allow":["GET"]}}],"collection":[{"href":"https:\/\/www.miomiorun.com\/de\/wp-json\/wp\/v2\/product"}],"about":[{"href":"https:\/\/www.miomiorun.com\/de\/wp-json\/wp\/v2\/types\/product"}],"wp:featuredmedia":[{"embeddable":true,"href":"https:\/\/www.miomiorun.com\/de\/wp-json\/wp\/v2\/media\/418157"}],"wp:attachment":[{"href":"https:\/\/www.miomiorun.com\/de\/wp-json\/wp\/v2\/media?parent=416577"}],"wp:term":[{"taxonomy":"product_brand","embeddable":true,"href":"https:\/\/www.miomiorun.com\/de\/wp-json\/wp\/v2\/product_brand?post=416577"},{"taxonomy":"product_cat","embeddable":true,"href":"https:\/\/www.miomiorun.com\/de\/wp-json\/wp\/v2\/product_cat?post=416577"},{"taxonomy":"product_tag","embeddable":true,"href":"https:\/\/www.miomiorun.com\/de\/wp-json\/wp\/v2\/product_tag?post=416577"}],"curies":[{"name":"wp","href":"https:\/\/api.w.org\/{rel}","templated":true}]}}