{"id":416254,"date":"2026-03-10T19:26:10","date_gmt":"2026-03-10T18:26:10","guid":{"rendered":"https:\/\/www.miomiorun.com\/?post_type=product&#038;p=416254"},"modified":"2026-05-09T13:56:06","modified_gmt":"2026-05-09T11:56:06","slug":"dash-short-printed-herren","status":"publish","type":"product","link":"https:\/\/www.miomiorun.com\/de\/produkt\/dash-short-printed-herren\/","title":{"rendered":"Dash Short Printed herren"},"content":{"rendered":"<p data-start=\"196\" data-end=\"435\">Die Dash Short Printed sind Laufshorts f\u00fcr Herren, die Leistung und Stil vereinen. Das leichte und atmungsaktive Material ist f\u00fcr das t\u00e4gliche Laufen und Training konzipiert und bietet Komfort und Bewegungsfreiheit.<\/p>\n<p data-start=\"437\" data-end=\"713\">Der st\u00fctzende Innenslip sorgt f\u00fcr Stabilit\u00e4t w\u00e4hrend der Aktivit\u00e4t, w\u00e4hrend die halbeng anliegende Passform sich der K\u00f6rperform anpasst, ohne die Bewegung einzuschr\u00e4nken. Der flache Bund mit innenliegendem Kordelzug erm\u00f6glicht eine einfache und sichere Anpassung der Passform.<\/p>\n<p data-start=\"715\" data-end=\"1020\">Das Taschensystem umfasst zwei Eingrifftaschen und eine Schl\u00fcsseltasche und bietet Platz f\u00fcr wichtige Utensilien beim Laufen oder Training. Der 6&#8243; (15,2 cm) lange Innenbeinl\u00e4nge rundet das Design dieser Shorts ab, die zu 96,7 % aus recycelten Materialien bestehen und bluesign\u00ae-zertifiziert sind.<\/p>\n","protected":false},"excerpt":{"rendered":"<ul>\n<li data-start=\"1052\" data-end=\"1094\">Leichter, atmungsaktiver Stoff mit Aufdruck<\/li>\n<li data-start=\"1097\" data-end=\"1144\">St\u00fctzender Innenslip f\u00fcr mehr Komfort<\/li>\n<li data-start=\"1147\" data-end=\"1191\">Zwei Eingrifftaschen und eine Schl\u00fcsseltasche<\/li>\n<\/ul>\n","protected":false},"featured_media":417046,"template":"","meta":{"_acf_changed":false,"inline_featured_image":false},"product_brand":[],"product_cat":[6515,6540,6510],"product_tag":[3362,6207],"class_list":{"0":"post-416254","1":"product","2":"type-product","3":"status-publish","4":"has-post-thumbnail","6":"product_cat-herren-de","7":"product_cat-herrenbekleidung","8":"product_cat-shorts","9":"product_tag-brooks-de","10":"product_tag-brooks-herren-de","11":"pa_attivita-running-de","12":"pa_attivita-trail-de","13":"pa_colore-dash-short-printed-euphoryc-black","14":"pa_marca-brooks-de","15":"pa_sesso-herren","16":"pa_size-small-de","17":"pa_size-medium-de","18":"pa_size-large-de","20":"first","21":"instock","22":"sale","23":"taxable","24":"shipping-taxable","25":"purchasable","26":"product-type-variable","27":"wvs-archive-product-wrapper"},"acf":[],"yoast_head":"<!-- This site is optimized with the Yoast SEO plugin v26.8 - https:\/\/yoast.com\/product\/yoast-seo-wordpress\/ -->\n<title>Brooks Dash Short Printed herren -Herren-Shorts - MioMioRun<\/title>\n<meta name=\"description\" content=\"Atmungsaktive Dash Short Printed Laufhose f\u00fcr Herren mit Innenslip, praktischen Taschen und recyceltem Material f\u00fcr Training und Laufen.\" \/>\n<meta name=\"robots\" content=\"index, follow, max-snippet:-1, max-image-preview:large, max-video-preview:-1\" \/>\n<link rel=\"canonical\" href=\"https:\/\/www.miomiorun.com\/de\/produkt\/dash-short-printed-herren\/\" \/>\n<meta property=\"og:locale\" content=\"de_DE\" \/>\n<meta property=\"og:type\" content=\"article\" \/>\n<meta property=\"og:title\" content=\"Brooks Dash Short Printed herren -Herren-Shorts - MioMioRun\" \/>\n<meta property=\"og:description\" content=\"Atmungsaktive Dash Short Printed Laufhose f\u00fcr Herren mit Innenslip, praktischen Taschen und recyceltem Material f\u00fcr Training und Laufen.\" \/>\n<meta property=\"og:url\" content=\"https:\/\/www.miomiorun.com\/de\/produkt\/dash-short-printed-herren\/\" \/>\n<meta property=\"og:site_name\" content=\"MioMioRun\" \/>\n<meta property=\"article:publisher\" content=\"https:\/\/www.facebook.com\/miomiorun\/\" \/>\n<meta property=\"article:modified_time\" content=\"2026-05-09T11:56:06+00:00\" \/>\n<meta property=\"og:image\" content=\"https:\/\/www.miomiorun.com\/app\/uploads\/2026\/03\/brooks-Dash-short-printed-euphoryc-black-211586018.webp\" \/>\n\t<meta property=\"og:image:width\" content=\"720\" \/>\n\t<meta property=\"og:image:height\" content=\"720\" \/>\n\t<meta property=\"og:image:type\" content=\"image\/webp\" \/>\n<meta name=\"twitter:card\" content=\"summary_large_image\" \/>\n<meta name=\"twitter:label1\" content=\"Est. reading time\" \/>\n\t<meta name=\"twitter:data1\" content=\"1 minute\" \/>\n<script type=\"application\/ld+json\" class=\"yoast-schema-graph\">{\"@context\":\"https:\/\/schema.org\",\"@graph\":[{\"@type\":\"WebPage\",\"@id\":\"https:\/\/www.miomiorun.com\/de\/produkt\/dash-short-printed-herren\/\",\"url\":\"https:\/\/www.miomiorun.com\/de\/produkt\/dash-short-printed-herren\/\",\"name\":\"Brooks Dash Short Printed herren -Herren-Shorts - MioMioRun\",\"isPartOf\":{\"@id\":\"https:\/\/www.miomiorun.com\/de\/#website\"},\"primaryImageOfPage\":{\"@id\":\"https:\/\/www.miomiorun.com\/de\/produkt\/dash-short-printed-herren\/#primaryimage\"},\"image\":{\"@id\":\"https:\/\/www.miomiorun.com\/de\/produkt\/dash-short-printed-herren\/#primaryimage\"},\"thumbnailUrl\":\"https:\/\/www.miomiorun.com\/app\/uploads\/2026\/03\/brooks-Dash-short-printed-euphoryc-black-211586018.webp\",\"datePublished\":\"2026-03-10T18:26:10+00:00\",\"dateModified\":\"2026-05-09T11:56:06+00:00\",\"description\":\"Atmungsaktive Dash Short Printed Laufhose f\u00fcr Herren mit Innenslip, praktischen Taschen und recyceltem Material f\u00fcr Training und Laufen.\",\"breadcrumb\":{\"@id\":\"https:\/\/www.miomiorun.com\/de\/produkt\/dash-short-printed-herren\/#breadcrumb\"},\"inLanguage\":\"de-DE\",\"potentialAction\":[{\"@type\":\"ReadAction\",\"target\":[\"https:\/\/www.miomiorun.com\/de\/produkt\/dash-short-printed-herren\/\"]}]},{\"@type\":\"ImageObject\",\"inLanguage\":\"de-DE\",\"@id\":\"https:\/\/www.miomiorun.com\/de\/produkt\/dash-short-printed-herren\/#primaryimage\",\"url\":\"https:\/\/www.miomiorun.com\/app\/uploads\/2026\/03\/brooks-Dash-short-printed-euphoryc-black-211586018.webp\",\"contentUrl\":\"https:\/\/www.miomiorun.com\/app\/uploads\/2026\/03\/brooks-Dash-short-printed-euphoryc-black-211586018.webp\",\"width\":720,\"height\":720,\"caption\":\"brooks Dash short printed euphoryc black 211586018\"},{\"@type\":\"BreadcrumbList\",\"@id\":\"https:\/\/www.miomiorun.com\/de\/produkt\/dash-short-printed-herren\/#breadcrumb\",\"itemListElement\":[{\"@type\":\"ListItem\",\"position\":1,\"name\":\"Home\",\"item\":\"https:\/\/www.miomiorun.com\/de\/\"},{\"@type\":\"ListItem\",\"position\":2,\"name\":\"Shop\",\"item\":\"https:\/\/www.miomiorun.com\/shop\/\"},{\"@type\":\"ListItem\",\"position\":3,\"name\":\"Dash Short Printed herren\"}]},{\"@type\":\"WebSite\",\"@id\":\"https:\/\/www.miomiorun.com\/de\/#website\",\"url\":\"https:\/\/www.miomiorun.com\/de\/\",\"name\":\"MioMioRun\",\"description\":\"100% Lauf- und Trailshop\",\"publisher\":{\"@id\":\"https:\/\/www.miomiorun.com\/de\/#organization\"},\"potentialAction\":[{\"@type\":\"SearchAction\",\"target\":{\"@type\":\"EntryPoint\",\"urlTemplate\":\"https:\/\/www.miomiorun.com\/de\/?s={search_term_string}\"},\"query-input\":{\"@type\":\"PropertyValueSpecification\",\"valueRequired\":true,\"valueName\":\"search_term_string\"}}],\"inLanguage\":\"de-DE\"},{\"@type\":\"Organization\",\"@id\":\"https:\/\/www.miomiorun.com\/de\/#organization\",\"name\":\"MioMio Run\",\"url\":\"https:\/\/www.miomiorun.com\/de\/\",\"logo\":{\"@type\":\"ImageObject\",\"inLanguage\":\"de-DE\",\"@id\":\"https:\/\/www.miomiorun.com\/de\/#\/schema\/logo\/image\/\",\"url\":\"https:\/\/www.miomiorun.com\/app\/uploads\/2019\/12\/logomio.png\",\"contentUrl\":\"https:\/\/www.miomiorun.com\/app\/uploads\/2019\/12\/logomio.png\",\"width\":115,\"height\":82,\"caption\":\"MioMio Run\"},\"image\":{\"@id\":\"https:\/\/www.miomiorun.com\/de\/#\/schema\/logo\/image\/\"},\"sameAs\":[\"https:\/\/www.facebook.com\/miomiorun\/\",\"https:\/\/www.instagram.com\/miomiorun\/\"]}]}<\/script>\n<!-- \/ Yoast SEO plugin. -->","yoast_head_json":{"title":"Brooks Dash Short Printed herren -Herren-Shorts - MioMioRun","description":"Atmungsaktive Dash Short Printed Laufhose f\u00fcr Herren mit Innenslip, praktischen Taschen und recyceltem Material f\u00fcr Training und Laufen.","robots":{"index":"index","follow":"follow","max-snippet":"max-snippet:-1","max-image-preview":"max-image-preview:large","max-video-preview":"max-video-preview:-1"},"canonical":"https:\/\/www.miomiorun.com\/de\/produkt\/dash-short-printed-herren\/","og_locale":"de_DE","og_type":"article","og_title":"Brooks Dash Short Printed herren -Herren-Shorts - MioMioRun","og_description":"Atmungsaktive Dash Short Printed Laufhose f\u00fcr Herren mit Innenslip, praktischen Taschen und recyceltem Material f\u00fcr Training und Laufen.","og_url":"https:\/\/www.miomiorun.com\/de\/produkt\/dash-short-printed-herren\/","og_site_name":"MioMioRun","article_publisher":"https:\/\/www.facebook.com\/miomiorun\/","article_modified_time":"2026-05-09T11:56:06+00:00","og_image":[{"width":720,"height":720,"url":"https:\/\/www.miomiorun.com\/app\/uploads\/2026\/03\/brooks-Dash-short-printed-euphoryc-black-211586018.webp","type":"image\/webp"}],"twitter_card":"summary_large_image","twitter_misc":{"Est. reading time":"1 minute"},"schema":{"@context":"https:\/\/schema.org","@graph":[{"@type":"WebPage","@id":"https:\/\/www.miomiorun.com\/de\/produkt\/dash-short-printed-herren\/","url":"https:\/\/www.miomiorun.com\/de\/produkt\/dash-short-printed-herren\/","name":"Brooks Dash Short Printed herren -Herren-Shorts - MioMioRun","isPartOf":{"@id":"https:\/\/www.miomiorun.com\/de\/#website"},"primaryImageOfPage":{"@id":"https:\/\/www.miomiorun.com\/de\/produkt\/dash-short-printed-herren\/#primaryimage"},"image":{"@id":"https:\/\/www.miomiorun.com\/de\/produkt\/dash-short-printed-herren\/#primaryimage"},"thumbnailUrl":"https:\/\/www.miomiorun.com\/app\/uploads\/2026\/03\/brooks-Dash-short-printed-euphoryc-black-211586018.webp","datePublished":"2026-03-10T18:26:10+00:00","dateModified":"2026-05-09T11:56:06+00:00","description":"Atmungsaktive Dash Short Printed Laufhose f\u00fcr Herren mit Innenslip, praktischen Taschen und recyceltem Material f\u00fcr Training und Laufen.","breadcrumb":{"@id":"https:\/\/www.miomiorun.com\/de\/produkt\/dash-short-printed-herren\/#breadcrumb"},"inLanguage":"de-DE","potentialAction":[{"@type":"ReadAction","target":["https:\/\/www.miomiorun.com\/de\/produkt\/dash-short-printed-herren\/"]}]},{"@type":"ImageObject","inLanguage":"de-DE","@id":"https:\/\/www.miomiorun.com\/de\/produkt\/dash-short-printed-herren\/#primaryimage","url":"https:\/\/www.miomiorun.com\/app\/uploads\/2026\/03\/brooks-Dash-short-printed-euphoryc-black-211586018.webp","contentUrl":"https:\/\/www.miomiorun.com\/app\/uploads\/2026\/03\/brooks-Dash-short-printed-euphoryc-black-211586018.webp","width":720,"height":720,"caption":"brooks Dash short printed euphoryc black 211586018"},{"@type":"BreadcrumbList","@id":"https:\/\/www.miomiorun.com\/de\/produkt\/dash-short-printed-herren\/#breadcrumb","itemListElement":[{"@type":"ListItem","position":1,"name":"Home","item":"https:\/\/www.miomiorun.com\/de\/"},{"@type":"ListItem","position":2,"name":"Shop","item":"https:\/\/www.miomiorun.com\/shop\/"},{"@type":"ListItem","position":3,"name":"Dash Short Printed herren"}]},{"@type":"WebSite","@id":"https:\/\/www.miomiorun.com\/de\/#website","url":"https:\/\/www.miomiorun.com\/de\/","name":"MioMioRun","description":"100% Lauf- und Trailshop","publisher":{"@id":"https:\/\/www.miomiorun.com\/de\/#organization"},"potentialAction":[{"@type":"SearchAction","target":{"@type":"EntryPoint","urlTemplate":"https:\/\/www.miomiorun.com\/de\/?s={search_term_string}"},"query-input":{"@type":"PropertyValueSpecification","valueRequired":true,"valueName":"search_term_string"}}],"inLanguage":"de-DE"},{"@type":"Organization","@id":"https:\/\/www.miomiorun.com\/de\/#organization","name":"MioMio Run","url":"https:\/\/www.miomiorun.com\/de\/","logo":{"@type":"ImageObject","inLanguage":"de-DE","@id":"https:\/\/www.miomiorun.com\/de\/#\/schema\/logo\/image\/","url":"https:\/\/www.miomiorun.com\/app\/uploads\/2019\/12\/logomio.png","contentUrl":"https:\/\/www.miomiorun.com\/app\/uploads\/2019\/12\/logomio.png","width":115,"height":82,"caption":"MioMio Run"},"image":{"@id":"https:\/\/www.miomiorun.com\/de\/#\/schema\/logo\/image\/"},"sameAs":["https:\/\/www.facebook.com\/miomiorun\/","https:\/\/www.instagram.com\/miomiorun\/"]}]}},"_links":{"self":[{"href":"https:\/\/www.miomiorun.com\/de\/wp-json\/wp\/v2\/product\/416254","targetHints":{"allow":["GET"]}}],"collection":[{"href":"https:\/\/www.miomiorun.com\/de\/wp-json\/wp\/v2\/product"}],"about":[{"href":"https:\/\/www.miomiorun.com\/de\/wp-json\/wp\/v2\/types\/product"}],"wp:featuredmedia":[{"embeddable":true,"href":"https:\/\/www.miomiorun.com\/de\/wp-json\/wp\/v2\/media\/417046"}],"wp:attachment":[{"href":"https:\/\/www.miomiorun.com\/de\/wp-json\/wp\/v2\/media?parent=416254"}],"wp:term":[{"taxonomy":"product_brand","embeddable":true,"href":"https:\/\/www.miomiorun.com\/de\/wp-json\/wp\/v2\/product_brand?post=416254"},{"taxonomy":"product_cat","embeddable":true,"href":"https:\/\/www.miomiorun.com\/de\/wp-json\/wp\/v2\/product_cat?post=416254"},{"taxonomy":"product_tag","embeddable":true,"href":"https:\/\/www.miomiorun.com\/de\/wp-json\/wp\/v2\/product_tag?post=416254"}],"curies":[{"name":"wp","href":"https:\/\/api.w.org\/{rel}","templated":true}]}}