{"id":416199,"date":"2026-03-10T19:11:26","date_gmt":"2026-03-10T18:11:26","guid":{"rendered":"https:\/\/www.miomiorun.com\/?post_type=product&#038;p=416199"},"modified":"2026-05-09T13:53:55","modified_gmt":"2026-05-09T11:53:55","slug":"dash-2-in-1-short-damen","status":"publish","type":"product","link":"https:\/\/www.miomiorun.com\/de\/produkt\/dash-2-in-1-short-damen\/","title":{"rendered":"Dash 2-in-1 Short damen"},"content":{"rendered":"<div class=\"m-long-description__sustainability\">\n<p data-start=\"201\" data-end=\"508\">Diese 2-in-1-Damen-Shorts wurden f\u00fcr das t\u00e4gliche Lauftraining und das Training im Fitnessstudio entwickelt und vereinen Komfort und Funktionalit\u00e4t in einem einzigen Kleidungsst\u00fcck. Das Design kombiniert eine 6-Zoll-Au\u00dfenhose mit einer 4-Zoll-Innenhose, die f\u00fcr Schutz und Halt bei Bewegung sorgen.<\/p>\n<p data-start=\"510\" data-end=\"778\">Das leichte und atmungsaktive Material sorgt f\u00fcr Komfort w\u00e4hrend der Aktivit\u00e4t, w\u00e4hrend die halbeng anliegende Passform sich der K\u00f6rperform anpasst und Bewegungsfreiheit bietet. Der flache Bund mit innerem Kordelzug erm\u00f6glicht eine einfache Anpassung der Passform.<\/p>\n<p data-start=\"780\" data-end=\"1012\">Das Taschensystem umfasst zwei Innentaschen und zwei Au\u00dfentaschen und bietet praktischen Stauraum f\u00fcr kleine Gegenst\u00e4nde beim Laufen oder Training. Das Kleidungsst\u00fcck besteht zu 94,3 % aus recycelten Materialien und ist bluesign\u00ae-zertifiziert.<\/p>\n<\/div>\n<div class=\"m-long-description__sustainability--text\"><\/div>\n<div><\/div>\n<div><\/div>\n<p>&nbsp;<\/p>\n<div><\/div>\n<p>&nbsp;<\/p>\n","protected":false},"excerpt":{"rendered":"<ul>\n<li data-start=\"1044\" data-end=\"1101\">2-in-1-Konstruktion mit 6-Zoll-Au\u00dfenhose und 4-Zoll-Innenhose<\/li>\n<li data-start=\"1104\" data-end=\"1165\">Leichter, atmungsaktiver Stoff mit halbeng anliegender Passform<\/li>\n<li data-start=\"1168\" data-end=\"1221\">Insgesamt vier Taschen und ein Kordelzugbund<\/li>\n<\/ul>\n","protected":false},"featured_media":418679,"template":"","meta":{"_acf_changed":false,"inline_featured_image":false},"product_brand":[],"product_cat":[6401,6488],"product_tag":[3362,6205],"class_list":{"0":"post-416199","1":"product","2":"type-product","3":"status-publish","4":"has-post-thumbnail","6":"product_cat-damenbekleidung","7":"product_cat-damenshorts-de","8":"product_tag-brooks-de","9":"product_tag-brooks-damen-de","10":"pa_attivita-running-de","11":"pa_attivita-trail-de","12":"pa_colore-w-dash-2in1-short-violet","13":"pa_marca-brooks-de","14":"pa_sesso-damen","15":"pa_size-extra-small-de","16":"pa_size-small-de","17":"pa_size-medium-de","19":"first","20":"instock","21":"sale","22":"taxable","23":"shipping-taxable","24":"purchasable","25":"product-type-variable","26":"wvs-archive-product-wrapper"},"acf":[],"yoast_head":"<!-- This site is optimized with the Yoast SEO plugin v26.8 - https:\/\/yoast.com\/product\/yoast-seo-wordpress\/ -->\n<title>Brooks Dash 2-in-1 Short damen - Damen-Shorts- MioMioRun<\/title>\n<meta name=\"description\" content=\"2-in-1-Laufshorts f\u00fcr Herren aus atmungsaktivem Material, mit st\u00fctzender Innenshorts und mehreren Taschen, hergestellt aus recycelten Materialien.\" \/>\n<meta name=\"robots\" content=\"index, follow, max-snippet:-1, max-image-preview:large, max-video-preview:-1\" \/>\n<link rel=\"canonical\" href=\"https:\/\/www.miomiorun.com\/de\/produkt\/dash-2-in-1-short-damen\/\" \/>\n<meta property=\"og:locale\" content=\"de_DE\" \/>\n<meta property=\"og:type\" content=\"article\" \/>\n<meta property=\"og:title\" content=\"Brooks Dash 2-in-1 Short damen - Damen-Shorts- MioMioRun\" \/>\n<meta property=\"og:description\" content=\"2-in-1-Laufshorts f\u00fcr Herren aus atmungsaktivem Material, mit st\u00fctzender Innenshorts und mehreren Taschen, hergestellt aus recycelten Materialien.\" \/>\n<meta property=\"og:url\" content=\"https:\/\/www.miomiorun.com\/de\/produkt\/dash-2-in-1-short-damen\/\" \/>\n<meta property=\"og:site_name\" content=\"MioMioRun\" \/>\n<meta property=\"article:publisher\" content=\"https:\/\/www.facebook.com\/miomiorun\/\" \/>\n<meta property=\"article:modified_time\" content=\"2026-05-09T11:53:55+00:00\" \/>\n<meta property=\"og:image\" content=\"https:\/\/www.miomiorun.com\/app\/uploads\/2026\/03\/brooks-W-Dash-2in1-short-violet-221754515.webp\" \/>\n\t<meta property=\"og:image:width\" content=\"720\" \/>\n\t<meta property=\"og:image:height\" content=\"720\" \/>\n\t<meta property=\"og:image:type\" content=\"image\/webp\" \/>\n<meta name=\"twitter:card\" content=\"summary_large_image\" \/>\n<meta name=\"twitter:label1\" content=\"Est. reading time\" \/>\n\t<meta name=\"twitter:data1\" content=\"1 minute\" \/>\n<script type=\"application\/ld+json\" class=\"yoast-schema-graph\">{\"@context\":\"https:\/\/schema.org\",\"@graph\":[{\"@type\":\"WebPage\",\"@id\":\"https:\/\/www.miomiorun.com\/de\/produkt\/dash-2-in-1-short-damen\/\",\"url\":\"https:\/\/www.miomiorun.com\/de\/produkt\/dash-2-in-1-short-damen\/\",\"name\":\"Brooks Dash 2-in-1 Short damen - Damen-Shorts- MioMioRun\",\"isPartOf\":{\"@id\":\"https:\/\/www.miomiorun.com\/de\/#website\"},\"primaryImageOfPage\":{\"@id\":\"https:\/\/www.miomiorun.com\/de\/produkt\/dash-2-in-1-short-damen\/#primaryimage\"},\"image\":{\"@id\":\"https:\/\/www.miomiorun.com\/de\/produkt\/dash-2-in-1-short-damen\/#primaryimage\"},\"thumbnailUrl\":\"https:\/\/www.miomiorun.com\/app\/uploads\/2026\/03\/brooks-W-Dash-2in1-short-violet-221754515.webp\",\"datePublished\":\"2026-03-10T18:11:26+00:00\",\"dateModified\":\"2026-05-09T11:53:55+00:00\",\"description\":\"2-in-1-Laufshorts f\u00fcr Herren aus atmungsaktivem Material, mit st\u00fctzender Innenshorts und mehreren Taschen, hergestellt aus recycelten Materialien.\",\"breadcrumb\":{\"@id\":\"https:\/\/www.miomiorun.com\/de\/produkt\/dash-2-in-1-short-damen\/#breadcrumb\"},\"inLanguage\":\"de-DE\",\"potentialAction\":[{\"@type\":\"ReadAction\",\"target\":[\"https:\/\/www.miomiorun.com\/de\/produkt\/dash-2-in-1-short-damen\/\"]}]},{\"@type\":\"ImageObject\",\"inLanguage\":\"de-DE\",\"@id\":\"https:\/\/www.miomiorun.com\/de\/produkt\/dash-2-in-1-short-damen\/#primaryimage\",\"url\":\"https:\/\/www.miomiorun.com\/app\/uploads\/2026\/03\/brooks-W-Dash-2in1-short-violet-221754515.webp\",\"contentUrl\":\"https:\/\/www.miomiorun.com\/app\/uploads\/2026\/03\/brooks-W-Dash-2in1-short-violet-221754515.webp\",\"width\":720,\"height\":720,\"caption\":\"brooks W Dash 2in1 short violet 221754515\"},{\"@type\":\"BreadcrumbList\",\"@id\":\"https:\/\/www.miomiorun.com\/de\/produkt\/dash-2-in-1-short-damen\/#breadcrumb\",\"itemListElement\":[{\"@type\":\"ListItem\",\"position\":1,\"name\":\"Home\",\"item\":\"https:\/\/www.miomiorun.com\/de\/\"},{\"@type\":\"ListItem\",\"position\":2,\"name\":\"Shop\",\"item\":\"https:\/\/www.miomiorun.com\/shop\/\"},{\"@type\":\"ListItem\",\"position\":3,\"name\":\"Dash 2-in-1 Short damen\"}]},{\"@type\":\"WebSite\",\"@id\":\"https:\/\/www.miomiorun.com\/de\/#website\",\"url\":\"https:\/\/www.miomiorun.com\/de\/\",\"name\":\"MioMioRun\",\"description\":\"100% Lauf- und Trailshop\",\"publisher\":{\"@id\":\"https:\/\/www.miomiorun.com\/de\/#organization\"},\"potentialAction\":[{\"@type\":\"SearchAction\",\"target\":{\"@type\":\"EntryPoint\",\"urlTemplate\":\"https:\/\/www.miomiorun.com\/de\/?s={search_term_string}\"},\"query-input\":{\"@type\":\"PropertyValueSpecification\",\"valueRequired\":true,\"valueName\":\"search_term_string\"}}],\"inLanguage\":\"de-DE\"},{\"@type\":\"Organization\",\"@id\":\"https:\/\/www.miomiorun.com\/de\/#organization\",\"name\":\"MioMio Run\",\"url\":\"https:\/\/www.miomiorun.com\/de\/\",\"logo\":{\"@type\":\"ImageObject\",\"inLanguage\":\"de-DE\",\"@id\":\"https:\/\/www.miomiorun.com\/de\/#\/schema\/logo\/image\/\",\"url\":\"https:\/\/www.miomiorun.com\/app\/uploads\/2019\/12\/logomio.png\",\"contentUrl\":\"https:\/\/www.miomiorun.com\/app\/uploads\/2019\/12\/logomio.png\",\"width\":115,\"height\":82,\"caption\":\"MioMio Run\"},\"image\":{\"@id\":\"https:\/\/www.miomiorun.com\/de\/#\/schema\/logo\/image\/\"},\"sameAs\":[\"https:\/\/www.facebook.com\/miomiorun\/\",\"https:\/\/www.instagram.com\/miomiorun\/\"]}]}<\/script>\n<!-- \/ Yoast SEO plugin. -->","yoast_head_json":{"title":"Brooks Dash 2-in-1 Short damen - Damen-Shorts- MioMioRun","description":"2-in-1-Laufshorts f\u00fcr Herren aus atmungsaktivem Material, mit st\u00fctzender Innenshorts und mehreren Taschen, hergestellt aus recycelten Materialien.","robots":{"index":"index","follow":"follow","max-snippet":"max-snippet:-1","max-image-preview":"max-image-preview:large","max-video-preview":"max-video-preview:-1"},"canonical":"https:\/\/www.miomiorun.com\/de\/produkt\/dash-2-in-1-short-damen\/","og_locale":"de_DE","og_type":"article","og_title":"Brooks Dash 2-in-1 Short damen - Damen-Shorts- MioMioRun","og_description":"2-in-1-Laufshorts f\u00fcr Herren aus atmungsaktivem Material, mit st\u00fctzender Innenshorts und mehreren Taschen, hergestellt aus recycelten Materialien.","og_url":"https:\/\/www.miomiorun.com\/de\/produkt\/dash-2-in-1-short-damen\/","og_site_name":"MioMioRun","article_publisher":"https:\/\/www.facebook.com\/miomiorun\/","article_modified_time":"2026-05-09T11:53:55+00:00","og_image":[{"width":720,"height":720,"url":"https:\/\/www.miomiorun.com\/app\/uploads\/2026\/03\/brooks-W-Dash-2in1-short-violet-221754515.webp","type":"image\/webp"}],"twitter_card":"summary_large_image","twitter_misc":{"Est. reading time":"1 minute"},"schema":{"@context":"https:\/\/schema.org","@graph":[{"@type":"WebPage","@id":"https:\/\/www.miomiorun.com\/de\/produkt\/dash-2-in-1-short-damen\/","url":"https:\/\/www.miomiorun.com\/de\/produkt\/dash-2-in-1-short-damen\/","name":"Brooks Dash 2-in-1 Short damen - Damen-Shorts- MioMioRun","isPartOf":{"@id":"https:\/\/www.miomiorun.com\/de\/#website"},"primaryImageOfPage":{"@id":"https:\/\/www.miomiorun.com\/de\/produkt\/dash-2-in-1-short-damen\/#primaryimage"},"image":{"@id":"https:\/\/www.miomiorun.com\/de\/produkt\/dash-2-in-1-short-damen\/#primaryimage"},"thumbnailUrl":"https:\/\/www.miomiorun.com\/app\/uploads\/2026\/03\/brooks-W-Dash-2in1-short-violet-221754515.webp","datePublished":"2026-03-10T18:11:26+00:00","dateModified":"2026-05-09T11:53:55+00:00","description":"2-in-1-Laufshorts f\u00fcr Herren aus atmungsaktivem Material, mit st\u00fctzender Innenshorts und mehreren Taschen, hergestellt aus recycelten Materialien.","breadcrumb":{"@id":"https:\/\/www.miomiorun.com\/de\/produkt\/dash-2-in-1-short-damen\/#breadcrumb"},"inLanguage":"de-DE","potentialAction":[{"@type":"ReadAction","target":["https:\/\/www.miomiorun.com\/de\/produkt\/dash-2-in-1-short-damen\/"]}]},{"@type":"ImageObject","inLanguage":"de-DE","@id":"https:\/\/www.miomiorun.com\/de\/produkt\/dash-2-in-1-short-damen\/#primaryimage","url":"https:\/\/www.miomiorun.com\/app\/uploads\/2026\/03\/brooks-W-Dash-2in1-short-violet-221754515.webp","contentUrl":"https:\/\/www.miomiorun.com\/app\/uploads\/2026\/03\/brooks-W-Dash-2in1-short-violet-221754515.webp","width":720,"height":720,"caption":"brooks W Dash 2in1 short violet 221754515"},{"@type":"BreadcrumbList","@id":"https:\/\/www.miomiorun.com\/de\/produkt\/dash-2-in-1-short-damen\/#breadcrumb","itemListElement":[{"@type":"ListItem","position":1,"name":"Home","item":"https:\/\/www.miomiorun.com\/de\/"},{"@type":"ListItem","position":2,"name":"Shop","item":"https:\/\/www.miomiorun.com\/shop\/"},{"@type":"ListItem","position":3,"name":"Dash 2-in-1 Short damen"}]},{"@type":"WebSite","@id":"https:\/\/www.miomiorun.com\/de\/#website","url":"https:\/\/www.miomiorun.com\/de\/","name":"MioMioRun","description":"100% Lauf- und Trailshop","publisher":{"@id":"https:\/\/www.miomiorun.com\/de\/#organization"},"potentialAction":[{"@type":"SearchAction","target":{"@type":"EntryPoint","urlTemplate":"https:\/\/www.miomiorun.com\/de\/?s={search_term_string}"},"query-input":{"@type":"PropertyValueSpecification","valueRequired":true,"valueName":"search_term_string"}}],"inLanguage":"de-DE"},{"@type":"Organization","@id":"https:\/\/www.miomiorun.com\/de\/#organization","name":"MioMio Run","url":"https:\/\/www.miomiorun.com\/de\/","logo":{"@type":"ImageObject","inLanguage":"de-DE","@id":"https:\/\/www.miomiorun.com\/de\/#\/schema\/logo\/image\/","url":"https:\/\/www.miomiorun.com\/app\/uploads\/2019\/12\/logomio.png","contentUrl":"https:\/\/www.miomiorun.com\/app\/uploads\/2019\/12\/logomio.png","width":115,"height":82,"caption":"MioMio Run"},"image":{"@id":"https:\/\/www.miomiorun.com\/de\/#\/schema\/logo\/image\/"},"sameAs":["https:\/\/www.facebook.com\/miomiorun\/","https:\/\/www.instagram.com\/miomiorun\/"]}]}},"_links":{"self":[{"href":"https:\/\/www.miomiorun.com\/de\/wp-json\/wp\/v2\/product\/416199","targetHints":{"allow":["GET"]}}],"collection":[{"href":"https:\/\/www.miomiorun.com\/de\/wp-json\/wp\/v2\/product"}],"about":[{"href":"https:\/\/www.miomiorun.com\/de\/wp-json\/wp\/v2\/types\/product"}],"wp:featuredmedia":[{"embeddable":true,"href":"https:\/\/www.miomiorun.com\/de\/wp-json\/wp\/v2\/media\/418679"}],"wp:attachment":[{"href":"https:\/\/www.miomiorun.com\/de\/wp-json\/wp\/v2\/media?parent=416199"}],"wp:term":[{"taxonomy":"product_brand","embeddable":true,"href":"https:\/\/www.miomiorun.com\/de\/wp-json\/wp\/v2\/product_brand?post=416199"},{"taxonomy":"product_cat","embeddable":true,"href":"https:\/\/www.miomiorun.com\/de\/wp-json\/wp\/v2\/product_cat?post=416199"},{"taxonomy":"product_tag","embeddable":true,"href":"https:\/\/www.miomiorun.com\/de\/wp-json\/wp\/v2\/product_tag?post=416199"}],"curies":[{"name":"wp","href":"https:\/\/api.w.org\/{rel}","templated":true}]}}