{"id":416071,"date":"2026-03-10T18:48:47","date_gmt":"2026-03-10T17:48:47","guid":{"rendered":"https:\/\/www.miomiorun.com\/?post_type=product&#038;p=416071"},"modified":"2026-04-16T18:29:57","modified_gmt":"2026-04-16T16:29:57","slug":"canopy-jacket-herren-2","status":"publish","type":"product","link":"https:\/\/www.miomiorun.com\/de\/produkt\/canopy-jacket-herren-2\/","title":{"rendered":"Canopy Jacket herren"},"content":{"rendered":"<p data-start=\"191\" data-end=\"504\">Die Canopy Jacket f\u00fcr Damen ist eine Laufjacke, die Schutz bei wechselhaften Wetterbedingungen bietet. Das wind- und wasserabweisende Material ist f\u00fcr leichten Regen und windige Tage ausgelegt, sodass sich die Jacke auch als zus\u00e4tzliche Schicht beim Aufw\u00e4rmen oder Auslaufen eignet.<\/p>\n<p data-start=\"506\" data-end=\"844\">Das vierfach elastische Material mit wasserabweisender Beschichtung schmiegt sich an den K\u00f6rper an und gew\u00e4hrleistet dank der halbtaillierten Passform volle Bewegungsfreiheit. Die Bel\u00fcftungs\u00f6ffnungen am R\u00fccken sorgen f\u00fcr eine gute Bel\u00fcftung w\u00e4hrend des Trainings, w\u00e4hrend die elastischen B\u00fcndchen f\u00fcr einen festen Sitz sorgen.<\/p>\n<p data-start=\"846\" data-end=\"1157\">Die Handtaschen mit Rei\u00dfverschluss bieten Platz f\u00fcr wichtige Utensilien und verf\u00fcgen \u00fcber eine elastische Innentasche, in der du Dinge, die du nicht verlieren m\u00f6chtest, sicher verstauen kannst. Ein reflektierender Streifen am unteren R\u00fccken rundet das Design ab. Das Material enth\u00e4lt 6,4 % recycelte Materialien.<\/p>\n","protected":false},"excerpt":{"rendered":"<ul>\n<li data-start=\"1189\" data-end=\"1263\">Wind- und leicht regenabweisendes Material mit wasserabweisender Beschichtung<\/li>\n<li data-start=\"1266\" data-end=\"1341\">Bel\u00fcftung am R\u00fccken und vierfach elastisches Material f\u00fcr Bewegungsfreiheit<\/li>\n<li data-start=\"1344\" data-end=\"1390\">Rei\u00dfverschlusstaschen und elastische Innentasche<\/li>\n<\/ul>\n<p>&nbsp;<\/p>\n","protected":false},"featured_media":416837,"template":"","meta":{"_acf_changed":false,"inline_featured_image":false},"product_brand":[],"product_cat":[6515,6540,6512],"product_tag":[3362,6207],"class_list":{"0":"post-416071","1":"product","2":"type-product","3":"status-publish","4":"has-post-thumbnail","6":"product_cat-herren-de","7":"product_cat-herrenbekleidung","8":"product_cat-jacken","9":"product_tag-brooks-de","10":"product_tag-brooks-herren-de","11":"pa_attivita-gehen","12":"pa_attivita-running-de","13":"pa_colore-canopy-jacket-black","14":"pa_marca-brooks-de","15":"pa_sesso-herren","16":"pa_size-small-de","17":"pa_size-medium-de","18":"pa_size-large-de","19":"pa_size-extra-large-de","21":"first","22":"instock","23":"sale","24":"taxable","25":"shipping-taxable","26":"purchasable","27":"product-type-variable","28":"wvs-archive-product-wrapper"},"acf":[],"yoast_head":"<!-- This site is optimized with the Yoast SEO plugin v26.8 - https:\/\/yoast.com\/product\/yoast-seo-wordpress\/ -->\n<title>Brooks Canopy Jacket herren - Laufjacke - MioMioRun.com<\/title>\n<meta name=\"description\" content=\"Wind- und regenabweisende, leichte Damenjacke mit Bel\u00fcftung am R\u00fccken und Rei\u00dfverschlusstaschen zum Laufen. Entdecke sie bei uns!\" \/>\n<meta name=\"robots\" content=\"index, follow, max-snippet:-1, max-image-preview:large, max-video-preview:-1\" \/>\n<link rel=\"canonical\" href=\"https:\/\/www.miomiorun.com\/de\/produkt\/canopy-jacket-herren-2\/\" \/>\n<meta property=\"og:locale\" content=\"de_DE\" \/>\n<meta property=\"og:type\" content=\"article\" \/>\n<meta property=\"og:title\" content=\"Brooks Canopy Jacket herren - Laufjacke - MioMioRun.com\" \/>\n<meta property=\"og:description\" content=\"Wind- und regenabweisende, leichte Damenjacke mit Bel\u00fcftung am R\u00fccken und Rei\u00dfverschlusstaschen zum Laufen. Entdecke sie bei uns!\" \/>\n<meta property=\"og:url\" content=\"https:\/\/www.miomiorun.com\/de\/produkt\/canopy-jacket-herren-2\/\" \/>\n<meta property=\"og:site_name\" content=\"MioMioRun\" \/>\n<meta property=\"article:publisher\" content=\"https:\/\/www.facebook.com\/miomiorun\/\" \/>\n<meta property=\"article:modified_time\" content=\"2026-04-16T16:29:57+00:00\" \/>\n<meta property=\"og:image\" content=\"https:\/\/www.miomiorun.com\/app\/uploads\/2026\/03\/brooks-Canopy-jacket-black-211582001.webp\" \/>\n\t<meta property=\"og:image:width\" content=\"720\" \/>\n\t<meta property=\"og:image:height\" content=\"720\" \/>\n\t<meta property=\"og:image:type\" content=\"image\/webp\" \/>\n<meta name=\"twitter:card\" content=\"summary_large_image\" \/>\n<meta name=\"twitter:label1\" content=\"Est. reading time\" \/>\n\t<meta name=\"twitter:data1\" content=\"1 minute\" \/>\n<script type=\"application\/ld+json\" class=\"yoast-schema-graph\">{\"@context\":\"https:\/\/schema.org\",\"@graph\":[{\"@type\":\"WebPage\",\"@id\":\"https:\/\/www.miomiorun.com\/de\/produkt\/canopy-jacket-herren-2\/\",\"url\":\"https:\/\/www.miomiorun.com\/de\/produkt\/canopy-jacket-herren-2\/\",\"name\":\"Brooks Canopy Jacket herren - Laufjacke - MioMioRun.com\",\"isPartOf\":{\"@id\":\"https:\/\/www.miomiorun.com\/de\/#website\"},\"primaryImageOfPage\":{\"@id\":\"https:\/\/www.miomiorun.com\/de\/produkt\/canopy-jacket-herren-2\/#primaryimage\"},\"image\":{\"@id\":\"https:\/\/www.miomiorun.com\/de\/produkt\/canopy-jacket-herren-2\/#primaryimage\"},\"thumbnailUrl\":\"https:\/\/www.miomiorun.com\/app\/uploads\/2026\/03\/brooks-Canopy-jacket-black-211582001.webp\",\"datePublished\":\"2026-03-10T17:48:47+00:00\",\"dateModified\":\"2026-04-16T16:29:57+00:00\",\"description\":\"Wind- und regenabweisende, leichte Damenjacke mit Bel\u00fcftung am R\u00fccken und Rei\u00dfverschlusstaschen zum Laufen. Entdecke sie bei uns!\",\"breadcrumb\":{\"@id\":\"https:\/\/www.miomiorun.com\/de\/produkt\/canopy-jacket-herren-2\/#breadcrumb\"},\"inLanguage\":\"de-DE\",\"potentialAction\":[{\"@type\":\"ReadAction\",\"target\":[\"https:\/\/www.miomiorun.com\/de\/produkt\/canopy-jacket-herren-2\/\"]}]},{\"@type\":\"ImageObject\",\"inLanguage\":\"de-DE\",\"@id\":\"https:\/\/www.miomiorun.com\/de\/produkt\/canopy-jacket-herren-2\/#primaryimage\",\"url\":\"https:\/\/www.miomiorun.com\/app\/uploads\/2026\/03\/brooks-Canopy-jacket-black-211582001.webp\",\"contentUrl\":\"https:\/\/www.miomiorun.com\/app\/uploads\/2026\/03\/brooks-Canopy-jacket-black-211582001.webp\",\"width\":720,\"height\":720,\"caption\":\"brooks Canopy jacket black 211582001\"},{\"@type\":\"BreadcrumbList\",\"@id\":\"https:\/\/www.miomiorun.com\/de\/produkt\/canopy-jacket-herren-2\/#breadcrumb\",\"itemListElement\":[{\"@type\":\"ListItem\",\"position\":1,\"name\":\"Home\",\"item\":\"https:\/\/www.miomiorun.com\/de\/\"},{\"@type\":\"ListItem\",\"position\":2,\"name\":\"Shop\",\"item\":\"https:\/\/www.miomiorun.com\/shop\/\"},{\"@type\":\"ListItem\",\"position\":3,\"name\":\"Canopy Jacket herren\"}]},{\"@type\":\"WebSite\",\"@id\":\"https:\/\/www.miomiorun.com\/de\/#website\",\"url\":\"https:\/\/www.miomiorun.com\/de\/\",\"name\":\"MioMioRun\",\"description\":\"100% Lauf- und Trailshop\",\"publisher\":{\"@id\":\"https:\/\/www.miomiorun.com\/de\/#organization\"},\"potentialAction\":[{\"@type\":\"SearchAction\",\"target\":{\"@type\":\"EntryPoint\",\"urlTemplate\":\"https:\/\/www.miomiorun.com\/de\/?s={search_term_string}\"},\"query-input\":{\"@type\":\"PropertyValueSpecification\",\"valueRequired\":true,\"valueName\":\"search_term_string\"}}],\"inLanguage\":\"de-DE\"},{\"@type\":\"Organization\",\"@id\":\"https:\/\/www.miomiorun.com\/de\/#organization\",\"name\":\"MioMio Run\",\"url\":\"https:\/\/www.miomiorun.com\/de\/\",\"logo\":{\"@type\":\"ImageObject\",\"inLanguage\":\"de-DE\",\"@id\":\"https:\/\/www.miomiorun.com\/de\/#\/schema\/logo\/image\/\",\"url\":\"https:\/\/www.miomiorun.com\/app\/uploads\/2019\/12\/logomio.png\",\"contentUrl\":\"https:\/\/www.miomiorun.com\/app\/uploads\/2019\/12\/logomio.png\",\"width\":115,\"height\":82,\"caption\":\"MioMio Run\"},\"image\":{\"@id\":\"https:\/\/www.miomiorun.com\/de\/#\/schema\/logo\/image\/\"},\"sameAs\":[\"https:\/\/www.facebook.com\/miomiorun\/\",\"https:\/\/www.instagram.com\/miomiorun\/\"]}]}<\/script>\n<!-- \/ Yoast SEO plugin. -->","yoast_head_json":{"title":"Brooks Canopy Jacket herren - Laufjacke - MioMioRun.com","description":"Wind- und regenabweisende, leichte Damenjacke mit Bel\u00fcftung am R\u00fccken und Rei\u00dfverschlusstaschen zum Laufen. Entdecke sie bei uns!","robots":{"index":"index","follow":"follow","max-snippet":"max-snippet:-1","max-image-preview":"max-image-preview:large","max-video-preview":"max-video-preview:-1"},"canonical":"https:\/\/www.miomiorun.com\/de\/produkt\/canopy-jacket-herren-2\/","og_locale":"de_DE","og_type":"article","og_title":"Brooks Canopy Jacket herren - Laufjacke - MioMioRun.com","og_description":"Wind- und regenabweisende, leichte Damenjacke mit Bel\u00fcftung am R\u00fccken und Rei\u00dfverschlusstaschen zum Laufen. Entdecke sie bei uns!","og_url":"https:\/\/www.miomiorun.com\/de\/produkt\/canopy-jacket-herren-2\/","og_site_name":"MioMioRun","article_publisher":"https:\/\/www.facebook.com\/miomiorun\/","article_modified_time":"2026-04-16T16:29:57+00:00","og_image":[{"width":720,"height":720,"url":"https:\/\/www.miomiorun.com\/app\/uploads\/2026\/03\/brooks-Canopy-jacket-black-211582001.webp","type":"image\/webp"}],"twitter_card":"summary_large_image","twitter_misc":{"Est. reading time":"1 minute"},"schema":{"@context":"https:\/\/schema.org","@graph":[{"@type":"WebPage","@id":"https:\/\/www.miomiorun.com\/de\/produkt\/canopy-jacket-herren-2\/","url":"https:\/\/www.miomiorun.com\/de\/produkt\/canopy-jacket-herren-2\/","name":"Brooks Canopy Jacket herren - Laufjacke - MioMioRun.com","isPartOf":{"@id":"https:\/\/www.miomiorun.com\/de\/#website"},"primaryImageOfPage":{"@id":"https:\/\/www.miomiorun.com\/de\/produkt\/canopy-jacket-herren-2\/#primaryimage"},"image":{"@id":"https:\/\/www.miomiorun.com\/de\/produkt\/canopy-jacket-herren-2\/#primaryimage"},"thumbnailUrl":"https:\/\/www.miomiorun.com\/app\/uploads\/2026\/03\/brooks-Canopy-jacket-black-211582001.webp","datePublished":"2026-03-10T17:48:47+00:00","dateModified":"2026-04-16T16:29:57+00:00","description":"Wind- und regenabweisende, leichte Damenjacke mit Bel\u00fcftung am R\u00fccken und Rei\u00dfverschlusstaschen zum Laufen. Entdecke sie bei uns!","breadcrumb":{"@id":"https:\/\/www.miomiorun.com\/de\/produkt\/canopy-jacket-herren-2\/#breadcrumb"},"inLanguage":"de-DE","potentialAction":[{"@type":"ReadAction","target":["https:\/\/www.miomiorun.com\/de\/produkt\/canopy-jacket-herren-2\/"]}]},{"@type":"ImageObject","inLanguage":"de-DE","@id":"https:\/\/www.miomiorun.com\/de\/produkt\/canopy-jacket-herren-2\/#primaryimage","url":"https:\/\/www.miomiorun.com\/app\/uploads\/2026\/03\/brooks-Canopy-jacket-black-211582001.webp","contentUrl":"https:\/\/www.miomiorun.com\/app\/uploads\/2026\/03\/brooks-Canopy-jacket-black-211582001.webp","width":720,"height":720,"caption":"brooks Canopy jacket black 211582001"},{"@type":"BreadcrumbList","@id":"https:\/\/www.miomiorun.com\/de\/produkt\/canopy-jacket-herren-2\/#breadcrumb","itemListElement":[{"@type":"ListItem","position":1,"name":"Home","item":"https:\/\/www.miomiorun.com\/de\/"},{"@type":"ListItem","position":2,"name":"Shop","item":"https:\/\/www.miomiorun.com\/shop\/"},{"@type":"ListItem","position":3,"name":"Canopy Jacket herren"}]},{"@type":"WebSite","@id":"https:\/\/www.miomiorun.com\/de\/#website","url":"https:\/\/www.miomiorun.com\/de\/","name":"MioMioRun","description":"100% Lauf- und Trailshop","publisher":{"@id":"https:\/\/www.miomiorun.com\/de\/#organization"},"potentialAction":[{"@type":"SearchAction","target":{"@type":"EntryPoint","urlTemplate":"https:\/\/www.miomiorun.com\/de\/?s={search_term_string}"},"query-input":{"@type":"PropertyValueSpecification","valueRequired":true,"valueName":"search_term_string"}}],"inLanguage":"de-DE"},{"@type":"Organization","@id":"https:\/\/www.miomiorun.com\/de\/#organization","name":"MioMio Run","url":"https:\/\/www.miomiorun.com\/de\/","logo":{"@type":"ImageObject","inLanguage":"de-DE","@id":"https:\/\/www.miomiorun.com\/de\/#\/schema\/logo\/image\/","url":"https:\/\/www.miomiorun.com\/app\/uploads\/2019\/12\/logomio.png","contentUrl":"https:\/\/www.miomiorun.com\/app\/uploads\/2019\/12\/logomio.png","width":115,"height":82,"caption":"MioMio Run"},"image":{"@id":"https:\/\/www.miomiorun.com\/de\/#\/schema\/logo\/image\/"},"sameAs":["https:\/\/www.facebook.com\/miomiorun\/","https:\/\/www.instagram.com\/miomiorun\/"]}]}},"_links":{"self":[{"href":"https:\/\/www.miomiorun.com\/de\/wp-json\/wp\/v2\/product\/416071","targetHints":{"allow":["GET"]}}],"collection":[{"href":"https:\/\/www.miomiorun.com\/de\/wp-json\/wp\/v2\/product"}],"about":[{"href":"https:\/\/www.miomiorun.com\/de\/wp-json\/wp\/v2\/types\/product"}],"wp:featuredmedia":[{"embeddable":true,"href":"https:\/\/www.miomiorun.com\/de\/wp-json\/wp\/v2\/media\/416837"}],"wp:attachment":[{"href":"https:\/\/www.miomiorun.com\/de\/wp-json\/wp\/v2\/media?parent=416071"}],"wp:term":[{"taxonomy":"product_brand","embeddable":true,"href":"https:\/\/www.miomiorun.com\/de\/wp-json\/wp\/v2\/product_brand?post=416071"},{"taxonomy":"product_cat","embeddable":true,"href":"https:\/\/www.miomiorun.com\/de\/wp-json\/wp\/v2\/product_cat?post=416071"},{"taxonomy":"product_tag","embeddable":true,"href":"https:\/\/www.miomiorun.com\/de\/wp-json\/wp\/v2\/product_tag?post=416071"}],"curies":[{"name":"wp","href":"https:\/\/api.w.org\/{rel}","templated":true}]}}