{"id":415606,"date":"2026-03-10T10:20:20","date_gmt":"2026-03-10T09:20:20","guid":{"rendered":"https:\/\/www.miomiorun.com\/?post_type=product&#038;p=415606"},"modified":"2026-04-16T18:30:03","modified_gmt":"2026-04-16T16:30:03","slug":"cascadia-elite","status":"publish","type":"product","link":"https:\/\/www.miomiorun.com\/de\/produkt\/cascadia-elite\/","title":{"rendered":"Cascadia Elite"},"content":{"rendered":"<table style=\"border-collapse: collapse;width: 100%\">\n<tbody>\n<tr>\n<td style=\"width: 33.3333%\"><strong>Technische Daten<\/strong><\/p>\n<p>Kategorie: erstklassige D\u00e4mpfung<br \/>\nSprengung: 6 mm<br \/>\nGewicht: 266 g<br \/>\nIdeal f\u00fcr: Trailrunner, die ein gut ged\u00e4mpftes, leichtes Modell mit starkem Absto\u00df suchen, das sich f\u00fcr lange und mittlere Distanzen in den Bergen und auf unbefestigten Wegen eignet.<br \/>\nGewicht des L\u00e4ufers: 70\u201390 kg<br \/>\nLauftempo: mittel-langsam (&gt;5,00 min\/km)<br \/>\n<a href=\"https:\/\/miomiorun.com\/guida-alle-specifiche-tecniche\/\">Leitfaden zu den technischen Spezifikationen<\/a><\/td>\n<td style=\"width: 66.6666%\">\n<p data-start=\"293\" data-end=\"609\">Der Cascadia Elite steht f\u00fcr eine neue Interpretation von Geschwindigkeit im Trailrunning. Er wurde f\u00fcr Wettk\u00e4mpfe auf Trails entwickelt und kombiniert reaktive D\u00e4mpfung, fortschrittliche Traktion und eine Konstruktion, die auch in den technisch anspruchsvollsten Passagen f\u00fcr Stabilit\u00e4t und Pr\u00e4zision sorgt. <span class=\"\" data-state=\"closed\"><\/span><\/p>\n<p data-start=\"611\" data-end=\"1024\">Das Herzst\u00fcck des Schuhs ist die Zwischensohle mit <strong data-start=\"652\" data-end=\"674\">DNA GOLD 100 % PEBA<\/strong>, einem leichten und reaktiven Schaumstoff, der ein Gef\u00fchl von Schub beim Laufen vermittelt. Zwischen den D\u00e4mpfungsschichten ist die <strong data-start=\"820\" data-end=\"881\">Pebax SpeedVault+ Trail-Platte mit Carbon-Einlage<\/strong> integriert, die einen dynamischen Antrieb f\u00f6rdert und den Schritt auch \u00fcber lange Distanzen hinweg unterst\u00fctzt. <span class=\"\" data-state=\"closed\"><\/span><\/p>\n<p data-start=\"1026\" data-end=\"1353\">Die <strong data-start=\"1035\" data-end=\"1061\">Vibram\u00ae Megagrip Elite<\/strong>-Sohle wurde entwickelt, um Traktion auf verschiedenen Untergr\u00fcnden und unter wechselnden Bedingungen zu gew\u00e4hrleisten, w\u00e4hrend das <strong data-start=\"1163\" data-end=\"1221\">MATRYX\u00ae-Obermaterial aus einem mit Kevlar\u00ae-Fasern verst\u00e4rkten Gewebe<\/strong> dazu beitr\u00e4gt, den Fu\u00df beim Laufen zu stabilisieren und gleichzeitig Flexibilit\u00e4t und Widerstandsf\u00e4higkeit zu gew\u00e4hrleisten. <span class=\"\" data-state=\"closed\"><\/span><\/p>\n<p data-start=\"1355\" data-end=\"1542\">Der Cascadia Elite ist f\u00fcr den Wettkampf-Trailrunning konzipiert, von Vertical-Rennen bis hin zu Ultra-Trails.<\/p>\n<\/td>\n<\/tr>\n<\/tbody>\n<\/table>\n<p>&nbsp;<\/p>\n","protected":false},"excerpt":{"rendered":"<ul>\n<li data-start=\"1574\" data-end=\"1633\">D\u00e4mpfung <strong data-start=\"1590\" data-end=\"1612\">DNA GOLD 100 % PEBA<\/strong> \u2013 leicht und reaktionsfreudig<\/li>\n<li data-start=\"1636\" data-end=\"1702\"><strong data-start=\"1636\" data-end=\"1684\">Pebax SpeedVault+ Trail-Platte mit Carbon<\/strong> f\u00fcr Antrieb<\/li>\n<li data-start=\"1705\" data-end=\"1772\">Sohle <strong data-start=\"1711\" data-end=\"1737\">Vibram\u00ae Megagrip Elite<\/strong> und Obermaterial <strong data-start=\"1747\" data-end=\"1770\">MATRYX\u00ae mit Kevlar\u00ae<\/strong><\/li>\n<\/ul>\n","protected":false},"featured_media":416688,"template":"","meta":{"_acf_changed":false,"inline_featured_image":false},"product_brand":[],"product_cat":[6507,6504,6474,6491],"product_tag":[3362,6205,6207],"class_list":{"0":"post-415606","1":"product","2":"type-product","3":"status-publish","4":"has-post-thumbnail","6":"product_cat-herren-schuhe-de","7":"product_cat-trail","8":"product_cat-damenschuhe","9":"product_cat-damentrailschuhe","10":"product_tag-brooks-de","11":"product_tag-brooks-damen-de","12":"product_tag-brooks-herren-de","13":"pa_attivita-outdoor-de","14":"pa_attivita-trail-de","15":"pa_colore-cascadia-elite-star-white-bluefish-black","16":"pa_marca-brooks-de","17":"pa_sesso-herren","18":"pa_size-42-5-de","19":"pa_size-43-de","20":"pa_size-44-de","21":"pa_size-44-5-de","22":"pa_size-45-de","24":"first","25":"instock","26":"taxable","27":"shipping-taxable","28":"purchasable","29":"product-type-variable","30":"wvs-archive-product-wrapper"},"acf":[],"yoast_head":"<!-- This site is optimized with the Yoast SEO plugin v26.8 - https:\/\/yoast.com\/product\/yoast-seo-wordpress\/ -->\n<title>Brooks Cascadia Elite - Unisex-Trailschuhe - MioMioRun.com<\/title>\n<meta name=\"description\" content=\"Brooks Cascadia Elite Trail-Laufschuh mit DNA GOLD PEBA, SpeedVault+-Platte und Vibram Megagrip Elite-Laufsohle f\u00fcr Wettk\u00e4mpfe und Ultra-Trail-L\u00e4ufe.\" \/>\n<meta name=\"robots\" content=\"index, follow, max-snippet:-1, max-image-preview:large, max-video-preview:-1\" \/>\n<link rel=\"canonical\" href=\"https:\/\/www.miomiorun.com\/de\/produkt\/cascadia-elite\/\" \/>\n<meta property=\"og:locale\" content=\"de_DE\" \/>\n<meta property=\"og:type\" content=\"article\" \/>\n<meta property=\"og:title\" content=\"Brooks Cascadia Elite - Unisex-Trailschuhe - MioMioRun.com\" \/>\n<meta property=\"og:description\" content=\"Brooks Cascadia Elite Trail-Laufschuh mit DNA GOLD PEBA, SpeedVault+-Platte und Vibram Megagrip Elite-Laufsohle f\u00fcr Wettk\u00e4mpfe und Ultra-Trail-L\u00e4ufe.\" \/>\n<meta property=\"og:url\" content=\"https:\/\/www.miomiorun.com\/de\/produkt\/cascadia-elite\/\" \/>\n<meta property=\"og:site_name\" content=\"MioMioRun\" \/>\n<meta property=\"article:publisher\" content=\"https:\/\/www.facebook.com\/miomiorun\/\" \/>\n<meta property=\"article:modified_time\" content=\"2026-04-16T16:30:03+00:00\" \/>\n<meta property=\"og:image\" content=\"https:\/\/www.miomiorun.com\/app\/uploads\/2026\/03\/brooks-Cascadia-Elite-star-white-bluefish-black-1000551D116.webp\" \/>\n\t<meta property=\"og:image:width\" content=\"720\" \/>\n\t<meta property=\"og:image:height\" content=\"720\" \/>\n\t<meta property=\"og:image:type\" content=\"image\/webp\" \/>\n<meta name=\"twitter:card\" content=\"summary_large_image\" \/>\n<meta name=\"twitter:label1\" content=\"Est. reading time\" \/>\n\t<meta name=\"twitter:data1\" content=\"2 minutes\" \/>\n<script type=\"application\/ld+json\" class=\"yoast-schema-graph\">{\"@context\":\"https:\/\/schema.org\",\"@graph\":[{\"@type\":\"WebPage\",\"@id\":\"https:\/\/www.miomiorun.com\/de\/produkt\/cascadia-elite\/\",\"url\":\"https:\/\/www.miomiorun.com\/de\/produkt\/cascadia-elite\/\",\"name\":\"Brooks Cascadia Elite - Unisex-Trailschuhe - MioMioRun.com\",\"isPartOf\":{\"@id\":\"https:\/\/www.miomiorun.com\/de\/#website\"},\"primaryImageOfPage\":{\"@id\":\"https:\/\/www.miomiorun.com\/de\/produkt\/cascadia-elite\/#primaryimage\"},\"image\":{\"@id\":\"https:\/\/www.miomiorun.com\/de\/produkt\/cascadia-elite\/#primaryimage\"},\"thumbnailUrl\":\"https:\/\/www.miomiorun.com\/app\/uploads\/2026\/03\/brooks-Cascadia-Elite-star-white-bluefish-black-1000551D116.webp\",\"datePublished\":\"2026-03-10T09:20:20+00:00\",\"dateModified\":\"2026-04-16T16:30:03+00:00\",\"description\":\"Brooks Cascadia Elite Trail-Laufschuh mit DNA GOLD PEBA, SpeedVault+-Platte und Vibram Megagrip Elite-Laufsohle f\u00fcr Wettk\u00e4mpfe und Ultra-Trail-L\u00e4ufe.\",\"breadcrumb\":{\"@id\":\"https:\/\/www.miomiorun.com\/de\/produkt\/cascadia-elite\/#breadcrumb\"},\"inLanguage\":\"de-DE\",\"potentialAction\":[{\"@type\":\"ReadAction\",\"target\":[\"https:\/\/www.miomiorun.com\/de\/produkt\/cascadia-elite\/\"]}]},{\"@type\":\"ImageObject\",\"inLanguage\":\"de-DE\",\"@id\":\"https:\/\/www.miomiorun.com\/de\/produkt\/cascadia-elite\/#primaryimage\",\"url\":\"https:\/\/www.miomiorun.com\/app\/uploads\/2026\/03\/brooks-Cascadia-Elite-star-white-bluefish-black-1000551D116.webp\",\"contentUrl\":\"https:\/\/www.miomiorun.com\/app\/uploads\/2026\/03\/brooks-Cascadia-Elite-star-white-bluefish-black-1000551D116.webp\",\"width\":720,\"height\":720,\"caption\":\"brooks Cascadia Elite star white bluefish black 1000551D116\"},{\"@type\":\"BreadcrumbList\",\"@id\":\"https:\/\/www.miomiorun.com\/de\/produkt\/cascadia-elite\/#breadcrumb\",\"itemListElement\":[{\"@type\":\"ListItem\",\"position\":1,\"name\":\"Home\",\"item\":\"https:\/\/www.miomiorun.com\/de\/\"},{\"@type\":\"ListItem\",\"position\":2,\"name\":\"Shop\",\"item\":\"https:\/\/www.miomiorun.com\/shop\/\"},{\"@type\":\"ListItem\",\"position\":3,\"name\":\"Cascadia Elite\"}]},{\"@type\":\"WebSite\",\"@id\":\"https:\/\/www.miomiorun.com\/de\/#website\",\"url\":\"https:\/\/www.miomiorun.com\/de\/\",\"name\":\"MioMioRun\",\"description\":\"100% Lauf- und Trailshop\",\"publisher\":{\"@id\":\"https:\/\/www.miomiorun.com\/de\/#organization\"},\"potentialAction\":[{\"@type\":\"SearchAction\",\"target\":{\"@type\":\"EntryPoint\",\"urlTemplate\":\"https:\/\/www.miomiorun.com\/de\/?s={search_term_string}\"},\"query-input\":{\"@type\":\"PropertyValueSpecification\",\"valueRequired\":true,\"valueName\":\"search_term_string\"}}],\"inLanguage\":\"de-DE\"},{\"@type\":\"Organization\",\"@id\":\"https:\/\/www.miomiorun.com\/de\/#organization\",\"name\":\"MioMio Run\",\"url\":\"https:\/\/www.miomiorun.com\/de\/\",\"logo\":{\"@type\":\"ImageObject\",\"inLanguage\":\"de-DE\",\"@id\":\"https:\/\/www.miomiorun.com\/de\/#\/schema\/logo\/image\/\",\"url\":\"https:\/\/www.miomiorun.com\/app\/uploads\/2019\/12\/logomio.png\",\"contentUrl\":\"https:\/\/www.miomiorun.com\/app\/uploads\/2019\/12\/logomio.png\",\"width\":115,\"height\":82,\"caption\":\"MioMio Run\"},\"image\":{\"@id\":\"https:\/\/www.miomiorun.com\/de\/#\/schema\/logo\/image\/\"},\"sameAs\":[\"https:\/\/www.facebook.com\/miomiorun\/\",\"https:\/\/www.instagram.com\/miomiorun\/\"]}]}<\/script>\n<!-- \/ Yoast SEO plugin. -->","yoast_head_json":{"title":"Brooks Cascadia Elite - Unisex-Trailschuhe - MioMioRun.com","description":"Brooks Cascadia Elite Trail-Laufschuh mit DNA GOLD PEBA, SpeedVault+-Platte und Vibram Megagrip Elite-Laufsohle f\u00fcr Wettk\u00e4mpfe und Ultra-Trail-L\u00e4ufe.","robots":{"index":"index","follow":"follow","max-snippet":"max-snippet:-1","max-image-preview":"max-image-preview:large","max-video-preview":"max-video-preview:-1"},"canonical":"https:\/\/www.miomiorun.com\/de\/produkt\/cascadia-elite\/","og_locale":"de_DE","og_type":"article","og_title":"Brooks Cascadia Elite - Unisex-Trailschuhe - MioMioRun.com","og_description":"Brooks Cascadia Elite Trail-Laufschuh mit DNA GOLD PEBA, SpeedVault+-Platte und Vibram Megagrip Elite-Laufsohle f\u00fcr Wettk\u00e4mpfe und Ultra-Trail-L\u00e4ufe.","og_url":"https:\/\/www.miomiorun.com\/de\/produkt\/cascadia-elite\/","og_site_name":"MioMioRun","article_publisher":"https:\/\/www.facebook.com\/miomiorun\/","article_modified_time":"2026-04-16T16:30:03+00:00","og_image":[{"width":720,"height":720,"url":"https:\/\/www.miomiorun.com\/app\/uploads\/2026\/03\/brooks-Cascadia-Elite-star-white-bluefish-black-1000551D116.webp","type":"image\/webp"}],"twitter_card":"summary_large_image","twitter_misc":{"Est. reading time":"2 minutes"},"schema":{"@context":"https:\/\/schema.org","@graph":[{"@type":"WebPage","@id":"https:\/\/www.miomiorun.com\/de\/produkt\/cascadia-elite\/","url":"https:\/\/www.miomiorun.com\/de\/produkt\/cascadia-elite\/","name":"Brooks Cascadia Elite - Unisex-Trailschuhe - MioMioRun.com","isPartOf":{"@id":"https:\/\/www.miomiorun.com\/de\/#website"},"primaryImageOfPage":{"@id":"https:\/\/www.miomiorun.com\/de\/produkt\/cascadia-elite\/#primaryimage"},"image":{"@id":"https:\/\/www.miomiorun.com\/de\/produkt\/cascadia-elite\/#primaryimage"},"thumbnailUrl":"https:\/\/www.miomiorun.com\/app\/uploads\/2026\/03\/brooks-Cascadia-Elite-star-white-bluefish-black-1000551D116.webp","datePublished":"2026-03-10T09:20:20+00:00","dateModified":"2026-04-16T16:30:03+00:00","description":"Brooks Cascadia Elite Trail-Laufschuh mit DNA GOLD PEBA, SpeedVault+-Platte und Vibram Megagrip Elite-Laufsohle f\u00fcr Wettk\u00e4mpfe und Ultra-Trail-L\u00e4ufe.","breadcrumb":{"@id":"https:\/\/www.miomiorun.com\/de\/produkt\/cascadia-elite\/#breadcrumb"},"inLanguage":"de-DE","potentialAction":[{"@type":"ReadAction","target":["https:\/\/www.miomiorun.com\/de\/produkt\/cascadia-elite\/"]}]},{"@type":"ImageObject","inLanguage":"de-DE","@id":"https:\/\/www.miomiorun.com\/de\/produkt\/cascadia-elite\/#primaryimage","url":"https:\/\/www.miomiorun.com\/app\/uploads\/2026\/03\/brooks-Cascadia-Elite-star-white-bluefish-black-1000551D116.webp","contentUrl":"https:\/\/www.miomiorun.com\/app\/uploads\/2026\/03\/brooks-Cascadia-Elite-star-white-bluefish-black-1000551D116.webp","width":720,"height":720,"caption":"brooks Cascadia Elite star white bluefish black 1000551D116"},{"@type":"BreadcrumbList","@id":"https:\/\/www.miomiorun.com\/de\/produkt\/cascadia-elite\/#breadcrumb","itemListElement":[{"@type":"ListItem","position":1,"name":"Home","item":"https:\/\/www.miomiorun.com\/de\/"},{"@type":"ListItem","position":2,"name":"Shop","item":"https:\/\/www.miomiorun.com\/shop\/"},{"@type":"ListItem","position":3,"name":"Cascadia Elite"}]},{"@type":"WebSite","@id":"https:\/\/www.miomiorun.com\/de\/#website","url":"https:\/\/www.miomiorun.com\/de\/","name":"MioMioRun","description":"100% Lauf- und Trailshop","publisher":{"@id":"https:\/\/www.miomiorun.com\/de\/#organization"},"potentialAction":[{"@type":"SearchAction","target":{"@type":"EntryPoint","urlTemplate":"https:\/\/www.miomiorun.com\/de\/?s={search_term_string}"},"query-input":{"@type":"PropertyValueSpecification","valueRequired":true,"valueName":"search_term_string"}}],"inLanguage":"de-DE"},{"@type":"Organization","@id":"https:\/\/www.miomiorun.com\/de\/#organization","name":"MioMio Run","url":"https:\/\/www.miomiorun.com\/de\/","logo":{"@type":"ImageObject","inLanguage":"de-DE","@id":"https:\/\/www.miomiorun.com\/de\/#\/schema\/logo\/image\/","url":"https:\/\/www.miomiorun.com\/app\/uploads\/2019\/12\/logomio.png","contentUrl":"https:\/\/www.miomiorun.com\/app\/uploads\/2019\/12\/logomio.png","width":115,"height":82,"caption":"MioMio Run"},"image":{"@id":"https:\/\/www.miomiorun.com\/de\/#\/schema\/logo\/image\/"},"sameAs":["https:\/\/www.facebook.com\/miomiorun\/","https:\/\/www.instagram.com\/miomiorun\/"]}]}},"_links":{"self":[{"href":"https:\/\/www.miomiorun.com\/de\/wp-json\/wp\/v2\/product\/415606","targetHints":{"allow":["GET"]}}],"collection":[{"href":"https:\/\/www.miomiorun.com\/de\/wp-json\/wp\/v2\/product"}],"about":[{"href":"https:\/\/www.miomiorun.com\/de\/wp-json\/wp\/v2\/types\/product"}],"wp:featuredmedia":[{"embeddable":true,"href":"https:\/\/www.miomiorun.com\/de\/wp-json\/wp\/v2\/media\/416688"}],"wp:attachment":[{"href":"https:\/\/www.miomiorun.com\/de\/wp-json\/wp\/v2\/media?parent=415606"}],"wp:term":[{"taxonomy":"product_brand","embeddable":true,"href":"https:\/\/www.miomiorun.com\/de\/wp-json\/wp\/v2\/product_brand?post=415606"},{"taxonomy":"product_cat","embeddable":true,"href":"https:\/\/www.miomiorun.com\/de\/wp-json\/wp\/v2\/product_cat?post=415606"},{"taxonomy":"product_tag","embeddable":true,"href":"https:\/\/www.miomiorun.com\/de\/wp-json\/wp\/v2\/product_tag?post=415606"}],"curies":[{"name":"wp","href":"https:\/\/api.w.org\/{rel}","templated":true}]}}