{"id":415424,"date":"2026-03-09T18:51:06","date_gmt":"2026-03-09T17:51:06","guid":{"rendered":"https:\/\/www.miomiorun.com\/?post_type=product&#038;p=415424"},"modified":"2026-05-09T13:44:33","modified_gmt":"2026-05-09T11:44:33","slug":"road-to-record-tank-damen","status":"publish","type":"product","link":"https:\/\/www.miomiorun.com\/de\/produkt\/road-to-record-tank-damen\/","title":{"rendered":"Road to Record tank damen"},"content":{"rendered":"<p data-start=\"207\" data-end=\"522\">Das Road to Records Tank f\u00fcr Damen ist ein Lauf-Tanktop, das dich in den Momenten begleitet, in denen du alles gibst \u2013 von der Vorbereitung \u00fcber das Training bis hin zur Ziellinie. Die ultraleichte und atmungsaktive Konstruktion wurde entwickelt, um beim Laufen Halt zu bieten, ohne die Bewegungsfreiheit einzuschr\u00e4nken.<\/p>\n<p data-start=\"524\" data-end=\"742\">Das perforierte Design f\u00f6rdert die Bel\u00fcftung, w\u00e4hrend die versiegelten N\u00e4hte Reibung w\u00e4hrend des Trainings reduzieren. Die seitlichen Einschnitte sorgen Schritt f\u00fcr Schritt f\u00fcr mehr Bewegungsfreiheit.<\/p>\n<p data-start=\"744\" data-end=\"889\">Hergestellt aus mindestens 70 % recycelten Materialien, vereint es Funktionalit\u00e4t und Materialbewusstsein. Eng anliegende Passform mit rundem Ausschnitt.<\/p>\n","protected":false},"excerpt":{"rendered":"<ul>\n<li data-start=\"921\" data-end=\"980\">Ultraleichte und atmungsaktive Struktur mit perforiertem Design<\/li>\n<li data-start=\"983\" data-end=\"1030\">Versiegelte N\u00e4hte zur Verringerung von Scheuerstellen<\/li>\n<li data-start=\"1033\" data-end=\"1071\">Mindestens 70 % recycelte Materialien<\/li>\n<\/ul>\n","protected":false},"featured_media":419820,"template":"","meta":{"_acf_changed":false,"inline_featured_image":false},"product_brand":[],"product_cat":[6401,6403],"product_tag":[3403,6309],"class_list":{"0":"post-415424","1":"product","2":"type-product","3":"status-publish","4":"has-post-thumbnail","6":"product_cat-damenbekleidung","7":"product_cat-damentank-tops","8":"product_tag-adidas-de","9":"product_tag-adidas-damen-de","10":"pa_attivita-running-de","11":"pa_colore-rtr-tank-w-black","12":"pa_colore-rtr-tank-w-tripur","13":"pa_marca-adidas-de","14":"pa_sesso-damen","15":"pa_size-extra-small-de","16":"pa_size-small-de","17":"pa_size-medium-de","19":"first","20":"instock","21":"sale","22":"taxable","23":"shipping-taxable","24":"purchasable","25":"product-type-variable","26":"wvs-archive-product-wrapper"},"acf":[],"yoast_head":"<!-- This site is optimized with the Yoast SEO plugin v26.8 - https:\/\/yoast.com\/product\/yoast-seo-wordpress\/ -->\n<title>Adidas Road to Record tank damen - Lauf-Tanktop f\u00fcr Damen- MioMioRun<\/title>\n<meta name=\"description\" content=\"Road to Records: Ultraleichter und atmungsaktiver adidas-Laufrock f\u00fcr Damen aus recycelten Materialien mit versiegelten N\u00e4hten. Entdecke ihn auf unserer Website!\" \/>\n<meta name=\"robots\" content=\"index, follow, max-snippet:-1, max-image-preview:large, max-video-preview:-1\" \/>\n<link rel=\"canonical\" href=\"https:\/\/www.miomiorun.com\/de\/produkt\/road-to-record-tank-damen\/\" \/>\n<meta property=\"og:locale\" content=\"de_DE\" \/>\n<meta property=\"og:type\" content=\"article\" \/>\n<meta property=\"og:title\" content=\"Adidas Road to Record tank damen - Lauf-Tanktop f\u00fcr Damen- MioMioRun\" \/>\n<meta property=\"og:description\" content=\"Road to Records: Ultraleichter und atmungsaktiver adidas-Laufrock f\u00fcr Damen aus recycelten Materialien mit versiegelten N\u00e4hten. Entdecke ihn auf unserer Website!\" \/>\n<meta property=\"og:url\" content=\"https:\/\/www.miomiorun.com\/de\/produkt\/road-to-record-tank-damen\/\" \/>\n<meta property=\"og:site_name\" content=\"MioMioRun\" \/>\n<meta property=\"article:publisher\" content=\"https:\/\/www.facebook.com\/miomiorun\/\" \/>\n<meta property=\"article:modified_time\" content=\"2026-05-09T11:44:33+00:00\" \/>\n<meta property=\"og:image\" content=\"https:\/\/www.miomiorun.com\/app\/uploads\/2026\/03\/adidas-RTR-tank-W-tripur-KA6122.webp\" \/>\n\t<meta property=\"og:image:width\" content=\"720\" \/>\n\t<meta property=\"og:image:height\" content=\"720\" \/>\n\t<meta property=\"og:image:type\" content=\"image\/webp\" \/>\n<meta name=\"twitter:card\" content=\"summary_large_image\" \/>\n<meta name=\"twitter:label1\" content=\"Est. reading time\" \/>\n\t<meta name=\"twitter:data1\" content=\"2 minutes\" \/>\n<script type=\"application\/ld+json\" class=\"yoast-schema-graph\">{\"@context\":\"https:\/\/schema.org\",\"@graph\":[{\"@type\":\"WebPage\",\"@id\":\"https:\/\/www.miomiorun.com\/de\/produkt\/road-to-record-tank-damen\/\",\"url\":\"https:\/\/www.miomiorun.com\/de\/produkt\/road-to-record-tank-damen\/\",\"name\":\"Adidas Road to Record tank damen - Lauf-Tanktop f\u00fcr Damen- MioMioRun\",\"isPartOf\":{\"@id\":\"https:\/\/www.miomiorun.com\/de\/#website\"},\"primaryImageOfPage\":{\"@id\":\"https:\/\/www.miomiorun.com\/de\/produkt\/road-to-record-tank-damen\/#primaryimage\"},\"image\":{\"@id\":\"https:\/\/www.miomiorun.com\/de\/produkt\/road-to-record-tank-damen\/#primaryimage\"},\"thumbnailUrl\":\"https:\/\/www.miomiorun.com\/app\/uploads\/2026\/03\/adidas-RTR-tank-W-tripur-KA6122.webp\",\"datePublished\":\"2026-03-09T17:51:06+00:00\",\"dateModified\":\"2026-05-09T11:44:33+00:00\",\"description\":\"Road to Records: Ultraleichter und atmungsaktiver adidas-Laufrock f\u00fcr Damen aus recycelten Materialien mit versiegelten N\u00e4hten. Entdecke ihn auf unserer Website!\",\"breadcrumb\":{\"@id\":\"https:\/\/www.miomiorun.com\/de\/produkt\/road-to-record-tank-damen\/#breadcrumb\"},\"inLanguage\":\"de-DE\",\"potentialAction\":[{\"@type\":\"ReadAction\",\"target\":[\"https:\/\/www.miomiorun.com\/de\/produkt\/road-to-record-tank-damen\/\"]}]},{\"@type\":\"ImageObject\",\"inLanguage\":\"de-DE\",\"@id\":\"https:\/\/www.miomiorun.com\/de\/produkt\/road-to-record-tank-damen\/#primaryimage\",\"url\":\"https:\/\/www.miomiorun.com\/app\/uploads\/2026\/03\/adidas-RTR-tank-W-tripur-KA6122.webp\",\"contentUrl\":\"https:\/\/www.miomiorun.com\/app\/uploads\/2026\/03\/adidas-RTR-tank-W-tripur-KA6122.webp\",\"width\":720,\"height\":720,\"caption\":\"adidas RTR tank W tripur KA6122\"},{\"@type\":\"BreadcrumbList\",\"@id\":\"https:\/\/www.miomiorun.com\/de\/produkt\/road-to-record-tank-damen\/#breadcrumb\",\"itemListElement\":[{\"@type\":\"ListItem\",\"position\":1,\"name\":\"Home\",\"item\":\"https:\/\/www.miomiorun.com\/de\/home-page\/\"},{\"@type\":\"ListItem\",\"position\":2,\"name\":\"Shop\",\"item\":\"https:\/\/www.miomiorun.com\/shop\/\"},{\"@type\":\"ListItem\",\"position\":3,\"name\":\"Road to Record tank damen\"}]},{\"@type\":\"WebSite\",\"@id\":\"https:\/\/www.miomiorun.com\/de\/#website\",\"url\":\"https:\/\/www.miomiorun.com\/de\/\",\"name\":\"MioMioRun\",\"description\":\"100% Lauf- und Trailshop\",\"publisher\":{\"@id\":\"https:\/\/www.miomiorun.com\/de\/#organization\"},\"potentialAction\":[{\"@type\":\"SearchAction\",\"target\":{\"@type\":\"EntryPoint\",\"urlTemplate\":\"https:\/\/www.miomiorun.com\/de\/?s={search_term_string}\"},\"query-input\":{\"@type\":\"PropertyValueSpecification\",\"valueRequired\":true,\"valueName\":\"search_term_string\"}}],\"inLanguage\":\"de-DE\"},{\"@type\":\"Organization\",\"@id\":\"https:\/\/www.miomiorun.com\/de\/#organization\",\"name\":\"MioMio Run\",\"url\":\"https:\/\/www.miomiorun.com\/de\/\",\"logo\":{\"@type\":\"ImageObject\",\"inLanguage\":\"de-DE\",\"@id\":\"https:\/\/www.miomiorun.com\/de\/#\/schema\/logo\/image\/\",\"url\":\"https:\/\/www.miomiorun.com\/app\/uploads\/2019\/12\/logomio.png\",\"contentUrl\":\"https:\/\/www.miomiorun.com\/app\/uploads\/2019\/12\/logomio.png\",\"width\":115,\"height\":82,\"caption\":\"MioMio Run\"},\"image\":{\"@id\":\"https:\/\/www.miomiorun.com\/de\/#\/schema\/logo\/image\/\"},\"sameAs\":[\"https:\/\/www.facebook.com\/miomiorun\/\",\"https:\/\/www.instagram.com\/miomiorun\/\"]}]}<\/script>\n<!-- \/ Yoast SEO plugin. -->","yoast_head_json":{"title":"Adidas Road to Record tank damen - Lauf-Tanktop f\u00fcr Damen- MioMioRun","description":"Road to Records: Ultraleichter und atmungsaktiver adidas-Laufrock f\u00fcr Damen aus recycelten Materialien mit versiegelten N\u00e4hten. Entdecke ihn auf unserer Website!","robots":{"index":"index","follow":"follow","max-snippet":"max-snippet:-1","max-image-preview":"max-image-preview:large","max-video-preview":"max-video-preview:-1"},"canonical":"https:\/\/www.miomiorun.com\/de\/produkt\/road-to-record-tank-damen\/","og_locale":"de_DE","og_type":"article","og_title":"Adidas Road to Record tank damen - Lauf-Tanktop f\u00fcr Damen- MioMioRun","og_description":"Road to Records: Ultraleichter und atmungsaktiver adidas-Laufrock f\u00fcr Damen aus recycelten Materialien mit versiegelten N\u00e4hten. Entdecke ihn auf unserer Website!","og_url":"https:\/\/www.miomiorun.com\/de\/produkt\/road-to-record-tank-damen\/","og_site_name":"MioMioRun","article_publisher":"https:\/\/www.facebook.com\/miomiorun\/","article_modified_time":"2026-05-09T11:44:33+00:00","og_image":[{"width":720,"height":720,"url":"https:\/\/www.miomiorun.com\/app\/uploads\/2026\/03\/adidas-RTR-tank-W-tripur-KA6122.webp","type":"image\/webp"}],"twitter_card":"summary_large_image","twitter_misc":{"Est. reading time":"2 minutes"},"schema":{"@context":"https:\/\/schema.org","@graph":[{"@type":"WebPage","@id":"https:\/\/www.miomiorun.com\/de\/produkt\/road-to-record-tank-damen\/","url":"https:\/\/www.miomiorun.com\/de\/produkt\/road-to-record-tank-damen\/","name":"Adidas Road to Record tank damen - Lauf-Tanktop f\u00fcr Damen- MioMioRun","isPartOf":{"@id":"https:\/\/www.miomiorun.com\/de\/#website"},"primaryImageOfPage":{"@id":"https:\/\/www.miomiorun.com\/de\/produkt\/road-to-record-tank-damen\/#primaryimage"},"image":{"@id":"https:\/\/www.miomiorun.com\/de\/produkt\/road-to-record-tank-damen\/#primaryimage"},"thumbnailUrl":"https:\/\/www.miomiorun.com\/app\/uploads\/2026\/03\/adidas-RTR-tank-W-tripur-KA6122.webp","datePublished":"2026-03-09T17:51:06+00:00","dateModified":"2026-05-09T11:44:33+00:00","description":"Road to Records: Ultraleichter und atmungsaktiver adidas-Laufrock f\u00fcr Damen aus recycelten Materialien mit versiegelten N\u00e4hten. Entdecke ihn auf unserer Website!","breadcrumb":{"@id":"https:\/\/www.miomiorun.com\/de\/produkt\/road-to-record-tank-damen\/#breadcrumb"},"inLanguage":"de-DE","potentialAction":[{"@type":"ReadAction","target":["https:\/\/www.miomiorun.com\/de\/produkt\/road-to-record-tank-damen\/"]}]},{"@type":"ImageObject","inLanguage":"de-DE","@id":"https:\/\/www.miomiorun.com\/de\/produkt\/road-to-record-tank-damen\/#primaryimage","url":"https:\/\/www.miomiorun.com\/app\/uploads\/2026\/03\/adidas-RTR-tank-W-tripur-KA6122.webp","contentUrl":"https:\/\/www.miomiorun.com\/app\/uploads\/2026\/03\/adidas-RTR-tank-W-tripur-KA6122.webp","width":720,"height":720,"caption":"adidas RTR tank W tripur KA6122"},{"@type":"BreadcrumbList","@id":"https:\/\/www.miomiorun.com\/de\/produkt\/road-to-record-tank-damen\/#breadcrumb","itemListElement":[{"@type":"ListItem","position":1,"name":"Home","item":"https:\/\/www.miomiorun.com\/de\/home-page\/"},{"@type":"ListItem","position":2,"name":"Shop","item":"https:\/\/www.miomiorun.com\/shop\/"},{"@type":"ListItem","position":3,"name":"Road to Record tank damen"}]},{"@type":"WebSite","@id":"https:\/\/www.miomiorun.com\/de\/#website","url":"https:\/\/www.miomiorun.com\/de\/","name":"MioMioRun","description":"100% Lauf- und Trailshop","publisher":{"@id":"https:\/\/www.miomiorun.com\/de\/#organization"},"potentialAction":[{"@type":"SearchAction","target":{"@type":"EntryPoint","urlTemplate":"https:\/\/www.miomiorun.com\/de\/?s={search_term_string}"},"query-input":{"@type":"PropertyValueSpecification","valueRequired":true,"valueName":"search_term_string"}}],"inLanguage":"de-DE"},{"@type":"Organization","@id":"https:\/\/www.miomiorun.com\/de\/#organization","name":"MioMio Run","url":"https:\/\/www.miomiorun.com\/de\/","logo":{"@type":"ImageObject","inLanguage":"de-DE","@id":"https:\/\/www.miomiorun.com\/de\/#\/schema\/logo\/image\/","url":"https:\/\/www.miomiorun.com\/app\/uploads\/2019\/12\/logomio.png","contentUrl":"https:\/\/www.miomiorun.com\/app\/uploads\/2019\/12\/logomio.png","width":115,"height":82,"caption":"MioMio Run"},"image":{"@id":"https:\/\/www.miomiorun.com\/de\/#\/schema\/logo\/image\/"},"sameAs":["https:\/\/www.facebook.com\/miomiorun\/","https:\/\/www.instagram.com\/miomiorun\/"]}]}},"_links":{"self":[{"href":"https:\/\/www.miomiorun.com\/de\/wp-json\/wp\/v2\/product\/415424","targetHints":{"allow":["GET"]}}],"collection":[{"href":"https:\/\/www.miomiorun.com\/de\/wp-json\/wp\/v2\/product"}],"about":[{"href":"https:\/\/www.miomiorun.com\/de\/wp-json\/wp\/v2\/types\/product"}],"wp:featuredmedia":[{"embeddable":true,"href":"https:\/\/www.miomiorun.com\/de\/wp-json\/wp\/v2\/media\/419820"}],"wp:attachment":[{"href":"https:\/\/www.miomiorun.com\/de\/wp-json\/wp\/v2\/media?parent=415424"}],"wp:term":[{"taxonomy":"product_brand","embeddable":true,"href":"https:\/\/www.miomiorun.com\/de\/wp-json\/wp\/v2\/product_brand?post=415424"},{"taxonomy":"product_cat","embeddable":true,"href":"https:\/\/www.miomiorun.com\/de\/wp-json\/wp\/v2\/product_cat?post=415424"},{"taxonomy":"product_tag","embeddable":true,"href":"https:\/\/www.miomiorun.com\/de\/wp-json\/wp\/v2\/product_tag?post=415424"}],"curies":[{"name":"wp","href":"https:\/\/api.w.org\/{rel}","templated":true}]}}