{"id":413117,"date":"2026-03-02T18:31:46","date_gmt":"2026-03-02T17:31:46","guid":{"rendered":"https:\/\/www.miomiorun.com\/?post_type=product&#038;p=413117"},"modified":"2026-05-09T13:38:41","modified_gmt":"2026-05-09T11:38:41","slug":"gel-cumulus-28-herren","status":"publish","type":"product","link":"https:\/\/www.miomiorun.com\/de\/produkt\/gel-cumulus-28-herren\/","title":{"rendered":"Gel Cumulus 28 herren"},"content":{"rendered":"<table style=\"border-collapse: collapse;width: 100%\">\n<tbody>\n<tr>\n<td style=\"width: 33.3333%;vertical-align: top\">\n<h4>Technische Daten<\/h4>\n<p>Kategorie: Strukturierte D\u00e4mpfung<br \/>\nSprengung: 8 mm<br \/>\nGewicht: 259 g<\/p>\n<p>Ideal f\u00fcr: L\u00e4ufer mit durchschnittlichem Gewicht und Schrittl\u00e4nge, die eine hervorragende D\u00e4mpfung f\u00fcr das Training oder Wettk\u00e4mpfe \u00fcber mittlere bis lange Distanzen suchen; eignet sich auch hervorragend zum Walken.<br \/>\nL\u00e4ufergewicht: 60\u201375 kg<br \/>\nLaufgeschwindigkeit: 5 min\/km<br \/>\n<a href=\"https:\/\/miomiorun.com\/guida-alle-specifiche-tecniche\/\">Leitfaden zu den technischen Daten<\/a><\/td>\n<td style=\"width: 66.6666%;vertical-align: top\">\n<p data-start=\"192\" data-end=\"489\">Der GEL-CUMULUS 28 ist ein leichter Laufschuh, der ein geschmeidiges Laufgef\u00fchl vermittelt. Die Zwischensohle enth\u00e4lt den FF BLAST MAX-Schaumstoff, eine der energiereichsten D\u00e4mpfungstechnologien, die entwickelt wurde, um Weichheit und reaktive Energier\u00fcckgabe beim Laufen zu gew\u00e4hrleisten.<\/p>\n<p data-start=\"491\" data-end=\"936\">Die PureGEL-Technologie, eine weichere und verbesserte Version der traditionellen GEL-Technologie, ist laut Herstellerangaben etwa 65 % weicher als das Standard-GEL und tr\u00e4gt so zur Sto\u00dfd\u00e4mpfung bei. Die FLUIDRIDE-Sohle kombiniert EVA und Gummi, um fl\u00fcssige \u00dcberg\u00e4nge zwischen den einzelnen Schritten zu erm\u00f6glichen, w\u00e4hrend der AHAR LO-Gummiblock in der Ferse strategisch positioniert ist, um an den Stellen, die dem gr\u00f6\u00dften Verschlei\u00df ausgesetzt sind, Grip und Widerstandsf\u00e4higkeit zu bieten.<\/p>\n<p data-start=\"938\" data-end=\"1252\">Das verst\u00e4rkte Obermaterial aus leichtem Mesh ist auf Atmungsaktivit\u00e4t ausgelegt und reduziert den Bedarf an zus\u00e4tzlichen Schichten. Abgerundet wird die Konstruktion durch die OrthoLite X-30-Einlegesohle, die f\u00fcr D\u00e4mpfung und Feuchtigkeitsmanagement sorgt, sowie reflektierende Details zur Verbesserung der Sichtbarkeit bei schlechten Lichtverh\u00e4ltnissen.<\/p>\n<\/td>\n<\/tr>\n<\/tbody>\n<\/table>\n<p>&nbsp;<\/p>\n","protected":false},"excerpt":{"rendered":"<ul>\n<li data-start=\"1284\" data-end=\"1346\">FF BLAST MAX-D\u00e4mpfung mit reaktiver Energier\u00fcckgabe<\/li>\n<li data-start=\"1349\" data-end=\"1408\">PureGEL-Technologie, weicher als Standard-GEL<\/li>\n<li data-start=\"1411\" data-end=\"1475\">FLUIDRIDE-Sohle mit AHAR LO-Block f\u00fcr Traktion und Strapazierf\u00e4higkeit<\/li>\n<\/ul>\n","protected":false},"featured_media":415874,"template":"","meta":{"_acf_changed":false,"inline_featured_image":false},"product_brand":[],"product_cat":[6507,6506],"product_tag":[3404,6202],"class_list":{"0":"post-413117","1":"product","2":"type-product","3":"status-publish","4":"has-post-thumbnail","6":"product_cat-herren-schuhe-de","7":"product_cat-neutrale-herren-schuhe-de","8":"product_tag-asics-de","9":"product_tag-asics-herren-de","10":"pa_attivita-gehen","11":"pa_attivita-running-de","12":"pa_colore-cumulus-28-cold-moss-vital-green","13":"pa_colore-cumulus-28-sky-sun-peach","14":"pa_marca-asics-de","15":"pa_sesso-herren","16":"pa_size-41-5-de","17":"pa_size-42-de","18":"pa_size-42-5-de","19":"pa_size-43-5-de","20":"pa_size-44-de","21":"pa_size-44-5-de","22":"pa_size-45-de","23":"pa_size-46-de","24":"pa_size-46-5-de","26":"first","27":"instock","28":"sale","29":"taxable","30":"shipping-taxable","31":"purchasable","32":"product-type-variable","33":"wvs-archive-product-wrapper"},"acf":[],"yoast_head":"<!-- This site is optimized with the Yoast SEO plugin v26.8 - https:\/\/yoast.com\/product\/yoast-seo-wordpress\/ -->\n<title>Asics Gel Cumulus 28 herren - Laufschuhe f\u00fcr Herren MioMioRun<\/title>\n<meta name=\"description\" content=\"GEL-CUMULUS 28 mit FF BLAST MAX, PureGEL und FLUIDRIDE-Sohle f\u00fcr einen fl\u00fcssigen, ged\u00e4mpften und reaktionsfreudigen Lauf auf der Stra\u00dfe. Entdecke sie mit uns!\" \/>\n<meta name=\"robots\" content=\"index, follow, max-snippet:-1, max-image-preview:large, max-video-preview:-1\" \/>\n<link rel=\"canonical\" href=\"https:\/\/www.miomiorun.com\/de\/produkt\/gel-cumulus-28-herren\/\" \/>\n<meta property=\"og:locale\" content=\"de_DE\" \/>\n<meta property=\"og:type\" content=\"article\" \/>\n<meta property=\"og:title\" content=\"Asics Gel Cumulus 28 herren - Laufschuhe f\u00fcr Herren MioMioRun\" \/>\n<meta property=\"og:description\" content=\"GEL-CUMULUS 28 mit FF BLAST MAX, PureGEL und FLUIDRIDE-Sohle f\u00fcr einen fl\u00fcssigen, ged\u00e4mpften und reaktionsfreudigen Lauf auf der Stra\u00dfe. Entdecke sie mit uns!\" \/>\n<meta property=\"og:url\" content=\"https:\/\/www.miomiorun.com\/de\/produkt\/gel-cumulus-28-herren\/\" \/>\n<meta property=\"og:site_name\" content=\"MioMioRun\" \/>\n<meta property=\"article:publisher\" content=\"https:\/\/www.facebook.com\/miomiorun\/\" \/>\n<meta property=\"article:modified_time\" content=\"2026-05-09T11:38:41+00:00\" \/>\n<meta property=\"og:image\" content=\"https:\/\/www.miomiorun.com\/app\/uploads\/2026\/03\/asics-Cumulus-28-cold-moss-vital-green-1011C143-400.webp\" \/>\n\t<meta property=\"og:image:width\" content=\"720\" \/>\n\t<meta property=\"og:image:height\" content=\"720\" \/>\n\t<meta property=\"og:image:type\" content=\"image\/webp\" \/>\n<meta name=\"twitter:card\" content=\"summary_large_image\" \/>\n<meta name=\"twitter:label1\" content=\"Est. reading time\" \/>\n\t<meta name=\"twitter:data1\" content=\"2 minutes\" \/>\n<script type=\"application\/ld+json\" class=\"yoast-schema-graph\">{\"@context\":\"https:\/\/schema.org\",\"@graph\":[{\"@type\":\"WebPage\",\"@id\":\"https:\/\/www.miomiorun.com\/de\/produkt\/gel-cumulus-28-herren\/\",\"url\":\"https:\/\/www.miomiorun.com\/de\/produkt\/gel-cumulus-28-herren\/\",\"name\":\"Asics Gel Cumulus 28 herren - Laufschuhe f\u00fcr Herren MioMioRun\",\"isPartOf\":{\"@id\":\"https:\/\/www.miomiorun.com\/de\/#website\"},\"primaryImageOfPage\":{\"@id\":\"https:\/\/www.miomiorun.com\/de\/produkt\/gel-cumulus-28-herren\/#primaryimage\"},\"image\":{\"@id\":\"https:\/\/www.miomiorun.com\/de\/produkt\/gel-cumulus-28-herren\/#primaryimage\"},\"thumbnailUrl\":\"https:\/\/www.miomiorun.com\/app\/uploads\/2026\/03\/asics-Cumulus-28-cold-moss-vital-green-1011C143-400.webp\",\"datePublished\":\"2026-03-02T17:31:46+00:00\",\"dateModified\":\"2026-05-09T11:38:41+00:00\",\"description\":\"GEL-CUMULUS 28 mit FF BLAST MAX, PureGEL und FLUIDRIDE-Sohle f\u00fcr einen fl\u00fcssigen, ged\u00e4mpften und reaktionsfreudigen Lauf auf der Stra\u00dfe. Entdecke sie mit uns!\",\"breadcrumb\":{\"@id\":\"https:\/\/www.miomiorun.com\/de\/produkt\/gel-cumulus-28-herren\/#breadcrumb\"},\"inLanguage\":\"de-DE\",\"potentialAction\":[{\"@type\":\"ReadAction\",\"target\":[\"https:\/\/www.miomiorun.com\/de\/produkt\/gel-cumulus-28-herren\/\"]}]},{\"@type\":\"ImageObject\",\"inLanguage\":\"de-DE\",\"@id\":\"https:\/\/www.miomiorun.com\/de\/produkt\/gel-cumulus-28-herren\/#primaryimage\",\"url\":\"https:\/\/www.miomiorun.com\/app\/uploads\/2026\/03\/asics-Cumulus-28-cold-moss-vital-green-1011C143-400.webp\",\"contentUrl\":\"https:\/\/www.miomiorun.com\/app\/uploads\/2026\/03\/asics-Cumulus-28-cold-moss-vital-green-1011C143-400.webp\",\"width\":720,\"height\":720,\"caption\":\"asics Cumulus 28 cold moss vital green 1011C143 400\"},{\"@type\":\"BreadcrumbList\",\"@id\":\"https:\/\/www.miomiorun.com\/de\/produkt\/gel-cumulus-28-herren\/#breadcrumb\",\"itemListElement\":[{\"@type\":\"ListItem\",\"position\":1,\"name\":\"Home\",\"item\":\"https:\/\/www.miomiorun.com\/de\/\"},{\"@type\":\"ListItem\",\"position\":2,\"name\":\"Shop\",\"item\":\"https:\/\/www.miomiorun.com\/shop\/\"},{\"@type\":\"ListItem\",\"position\":3,\"name\":\"Gel Cumulus 28 herren\"}]},{\"@type\":\"WebSite\",\"@id\":\"https:\/\/www.miomiorun.com\/de\/#website\",\"url\":\"https:\/\/www.miomiorun.com\/de\/\",\"name\":\"MioMioRun\",\"description\":\"100% Lauf- und Trailshop\",\"publisher\":{\"@id\":\"https:\/\/www.miomiorun.com\/de\/#organization\"},\"potentialAction\":[{\"@type\":\"SearchAction\",\"target\":{\"@type\":\"EntryPoint\",\"urlTemplate\":\"https:\/\/www.miomiorun.com\/de\/?s={search_term_string}\"},\"query-input\":{\"@type\":\"PropertyValueSpecification\",\"valueRequired\":true,\"valueName\":\"search_term_string\"}}],\"inLanguage\":\"de-DE\"},{\"@type\":\"Organization\",\"@id\":\"https:\/\/www.miomiorun.com\/de\/#organization\",\"name\":\"MioMio Run\",\"url\":\"https:\/\/www.miomiorun.com\/de\/\",\"logo\":{\"@type\":\"ImageObject\",\"inLanguage\":\"de-DE\",\"@id\":\"https:\/\/www.miomiorun.com\/de\/#\/schema\/logo\/image\/\",\"url\":\"https:\/\/www.miomiorun.com\/app\/uploads\/2019\/12\/logomio.png\",\"contentUrl\":\"https:\/\/www.miomiorun.com\/app\/uploads\/2019\/12\/logomio.png\",\"width\":115,\"height\":82,\"caption\":\"MioMio Run\"},\"image\":{\"@id\":\"https:\/\/www.miomiorun.com\/de\/#\/schema\/logo\/image\/\"},\"sameAs\":[\"https:\/\/www.facebook.com\/miomiorun\/\",\"https:\/\/www.instagram.com\/miomiorun\/\"]}]}<\/script>\n<!-- \/ Yoast SEO plugin. -->","yoast_head_json":{"title":"Asics Gel Cumulus 28 herren - Laufschuhe f\u00fcr Herren MioMioRun","description":"GEL-CUMULUS 28 mit FF BLAST MAX, PureGEL und FLUIDRIDE-Sohle f\u00fcr einen fl\u00fcssigen, ged\u00e4mpften und reaktionsfreudigen Lauf auf der Stra\u00dfe. Entdecke sie mit uns!","robots":{"index":"index","follow":"follow","max-snippet":"max-snippet:-1","max-image-preview":"max-image-preview:large","max-video-preview":"max-video-preview:-1"},"canonical":"https:\/\/www.miomiorun.com\/de\/produkt\/gel-cumulus-28-herren\/","og_locale":"de_DE","og_type":"article","og_title":"Asics Gel Cumulus 28 herren - Laufschuhe f\u00fcr Herren MioMioRun","og_description":"GEL-CUMULUS 28 mit FF BLAST MAX, PureGEL und FLUIDRIDE-Sohle f\u00fcr einen fl\u00fcssigen, ged\u00e4mpften und reaktionsfreudigen Lauf auf der Stra\u00dfe. Entdecke sie mit uns!","og_url":"https:\/\/www.miomiorun.com\/de\/produkt\/gel-cumulus-28-herren\/","og_site_name":"MioMioRun","article_publisher":"https:\/\/www.facebook.com\/miomiorun\/","article_modified_time":"2026-05-09T11:38:41+00:00","og_image":[{"width":720,"height":720,"url":"https:\/\/www.miomiorun.com\/app\/uploads\/2026\/03\/asics-Cumulus-28-cold-moss-vital-green-1011C143-400.webp","type":"image\/webp"}],"twitter_card":"summary_large_image","twitter_misc":{"Est. reading time":"2 minutes"},"schema":{"@context":"https:\/\/schema.org","@graph":[{"@type":"WebPage","@id":"https:\/\/www.miomiorun.com\/de\/produkt\/gel-cumulus-28-herren\/","url":"https:\/\/www.miomiorun.com\/de\/produkt\/gel-cumulus-28-herren\/","name":"Asics Gel Cumulus 28 herren - Laufschuhe f\u00fcr Herren MioMioRun","isPartOf":{"@id":"https:\/\/www.miomiorun.com\/de\/#website"},"primaryImageOfPage":{"@id":"https:\/\/www.miomiorun.com\/de\/produkt\/gel-cumulus-28-herren\/#primaryimage"},"image":{"@id":"https:\/\/www.miomiorun.com\/de\/produkt\/gel-cumulus-28-herren\/#primaryimage"},"thumbnailUrl":"https:\/\/www.miomiorun.com\/app\/uploads\/2026\/03\/asics-Cumulus-28-cold-moss-vital-green-1011C143-400.webp","datePublished":"2026-03-02T17:31:46+00:00","dateModified":"2026-05-09T11:38:41+00:00","description":"GEL-CUMULUS 28 mit FF BLAST MAX, PureGEL und FLUIDRIDE-Sohle f\u00fcr einen fl\u00fcssigen, ged\u00e4mpften und reaktionsfreudigen Lauf auf der Stra\u00dfe. Entdecke sie mit uns!","breadcrumb":{"@id":"https:\/\/www.miomiorun.com\/de\/produkt\/gel-cumulus-28-herren\/#breadcrumb"},"inLanguage":"de-DE","potentialAction":[{"@type":"ReadAction","target":["https:\/\/www.miomiorun.com\/de\/produkt\/gel-cumulus-28-herren\/"]}]},{"@type":"ImageObject","inLanguage":"de-DE","@id":"https:\/\/www.miomiorun.com\/de\/produkt\/gel-cumulus-28-herren\/#primaryimage","url":"https:\/\/www.miomiorun.com\/app\/uploads\/2026\/03\/asics-Cumulus-28-cold-moss-vital-green-1011C143-400.webp","contentUrl":"https:\/\/www.miomiorun.com\/app\/uploads\/2026\/03\/asics-Cumulus-28-cold-moss-vital-green-1011C143-400.webp","width":720,"height":720,"caption":"asics Cumulus 28 cold moss vital green 1011C143 400"},{"@type":"BreadcrumbList","@id":"https:\/\/www.miomiorun.com\/de\/produkt\/gel-cumulus-28-herren\/#breadcrumb","itemListElement":[{"@type":"ListItem","position":1,"name":"Home","item":"https:\/\/www.miomiorun.com\/de\/"},{"@type":"ListItem","position":2,"name":"Shop","item":"https:\/\/www.miomiorun.com\/shop\/"},{"@type":"ListItem","position":3,"name":"Gel Cumulus 28 herren"}]},{"@type":"WebSite","@id":"https:\/\/www.miomiorun.com\/de\/#website","url":"https:\/\/www.miomiorun.com\/de\/","name":"MioMioRun","description":"100% Lauf- und Trailshop","publisher":{"@id":"https:\/\/www.miomiorun.com\/de\/#organization"},"potentialAction":[{"@type":"SearchAction","target":{"@type":"EntryPoint","urlTemplate":"https:\/\/www.miomiorun.com\/de\/?s={search_term_string}"},"query-input":{"@type":"PropertyValueSpecification","valueRequired":true,"valueName":"search_term_string"}}],"inLanguage":"de-DE"},{"@type":"Organization","@id":"https:\/\/www.miomiorun.com\/de\/#organization","name":"MioMio Run","url":"https:\/\/www.miomiorun.com\/de\/","logo":{"@type":"ImageObject","inLanguage":"de-DE","@id":"https:\/\/www.miomiorun.com\/de\/#\/schema\/logo\/image\/","url":"https:\/\/www.miomiorun.com\/app\/uploads\/2019\/12\/logomio.png","contentUrl":"https:\/\/www.miomiorun.com\/app\/uploads\/2019\/12\/logomio.png","width":115,"height":82,"caption":"MioMio Run"},"image":{"@id":"https:\/\/www.miomiorun.com\/de\/#\/schema\/logo\/image\/"},"sameAs":["https:\/\/www.facebook.com\/miomiorun\/","https:\/\/www.instagram.com\/miomiorun\/"]}]}},"_links":{"self":[{"href":"https:\/\/www.miomiorun.com\/de\/wp-json\/wp\/v2\/product\/413117","targetHints":{"allow":["GET"]}}],"collection":[{"href":"https:\/\/www.miomiorun.com\/de\/wp-json\/wp\/v2\/product"}],"about":[{"href":"https:\/\/www.miomiorun.com\/de\/wp-json\/wp\/v2\/types\/product"}],"wp:featuredmedia":[{"embeddable":true,"href":"https:\/\/www.miomiorun.com\/de\/wp-json\/wp\/v2\/media\/415874"}],"wp:attachment":[{"href":"https:\/\/www.miomiorun.com\/de\/wp-json\/wp\/v2\/media?parent=413117"}],"wp:term":[{"taxonomy":"product_brand","embeddable":true,"href":"https:\/\/www.miomiorun.com\/de\/wp-json\/wp\/v2\/product_brand?post=413117"},{"taxonomy":"product_cat","embeddable":true,"href":"https:\/\/www.miomiorun.com\/de\/wp-json\/wp\/v2\/product_cat?post=413117"},{"taxonomy":"product_tag","embeddable":true,"href":"https:\/\/www.miomiorun.com\/de\/wp-json\/wp\/v2\/product_tag?post=413117"}],"curies":[{"name":"wp","href":"https:\/\/api.w.org\/{rel}","templated":true}]}}