{"id":412871,"date":"2026-03-02T16:33:24","date_gmt":"2026-03-02T15:33:24","guid":{"rendered":"https:\/\/www.miomiorun.com\/?post_type=product&#038;p=412871"},"modified":"2026-05-09T13:35:24","modified_gmt":"2026-05-09T11:35:24","slug":"guide-19-herren","status":"publish","type":"product","link":"https:\/\/www.miomiorun.com\/de\/produkt\/guide-19-herren\/","title":{"rendered":"Guide 19 herren"},"content":{"rendered":"<table style=\"border-collapse: collapse;width: 100%\">\n<tbody>\n<tr>\n<td style=\"width: 33.3333%;vertical-align: top;text-align: center\">\n<h4>Technische Daten<\/h4>\n<p>Kategorie: Mittlere D\u00e4mpfung<br \/>\nSprengung: <span>6 mm (35\/29 mm)<\/span><br \/>\nGewicht: <span>275<\/span> g<br \/>\nIdeal f\u00fcr: L\u00e4ufer mit einer Tendenz zur Pronation, die ein Modell mit guter St\u00fctze und Schutz suchen, ohne dabei aufgrund des geringen Gewichts des Schuhs auf Leistung verzichten zu m\u00fcssen.<br \/>\nGewicht des L\u00e4ufers: &gt;70 kg<br \/>\nLauftempo: mittel (5\u20136 min\/km)<br \/>\n<a href=\"https:\/\/miomiorun.com\/guida-alle-specifiche-tecniche\/\">Leitfaden zu den technischen Daten<\/a><\/td>\n<td style=\"width: 66.6666%;vertical-align: top;text-align: center\">\n<p data-start=\"186\" data-end=\"480\">Der Guide 19 wurde entwickelt, um Komfort und Schutz bei den t\u00e4glichen L\u00e4ufen zu bieten. Die neue, weichere und reaktionsfreudigere PWRRUN-Mischung sorgt f\u00fcr eine hervorragende D\u00e4mpfung bei jedem Schritt, w\u00e4hrend die erh\u00f6hte Flexibilit\u00e4t im Vorfu\u00dfbereich zu einem nat\u00fcrlicheren \u00dcbergang beitr\u00e4gt.<\/p>\n<p data-start=\"482\" data-end=\"807\">Die exklusive Center Path Technology vereint eine breite Basis mit h\u00f6heren Seitenw\u00e4nden, die den Fu\u00df umschlie\u00dfen und die Bewegung mit Komfort und Schutz begleiten. Das neue Obermaterial aus technischem Mesh sorgt f\u00fcr Atmungsaktivit\u00e4t und Elastizit\u00e4t, w\u00e4hrend der Kragen zus\u00e4tzlichen Komfort f\u00fcr mehr Stabilit\u00e4t bietet.<\/p>\n<p data-start=\"809\" data-end=\"946\">Abgerundet wird die Konstruktion durch die Zwischensohle mit PWRRUN-D\u00e4mpfung und die SRS-Einlegesohle, die f\u00fcr das t\u00e4gliche Training entwickelt wurden.<\/p>\n<\/td>\n<\/tr>\n<\/tbody>\n<\/table>\n<p>&nbsp;<\/p>\n","protected":false},"excerpt":{"rendered":"<ul>\n<li data-start=\"978\" data-end=\"1017\">Weicherer und reaktionsfreudigerer PWRRUN-Schaumstoff<\/li>\n<li data-start=\"1020\" data-end=\"1095\">Center Path Technology mit breiter Lauffl\u00e4che und umschlie\u00dfenden Seitenw\u00e4nden<\/li>\n<li data-start=\"1098\" data-end=\"1158\">Obermaterial aus atmungsaktivem Funktionsmesh mit komfortablem Kragen<\/li>\n<\/ul>\n","protected":false},"featured_media":429630,"template":"","meta":{"_acf_changed":false,"inline_featured_image":false},"product_brand":[],"product_cat":[6507,6505],"product_tag":[3391,6311],"class_list":{"0":"post-412871","1":"product","2":"type-product","3":"status-publish","4":"has-post-thumbnail","6":"product_cat-herren-schuhe-de","7":"product_cat-stabilitaet-herren-schuhe-de","8":"product_tag-saucony-de","9":"product_tag-saucony-herren-de","10":"pa_attivita-gehen","11":"pa_attivita-running-de","12":"pa_colore-guide-19-cobalt-navy","13":"pa_colore-guide-19-crimson-fire","14":"pa_colore-guide-19-ivory-fire","15":"pa_colore-guide-19-sage-gum","16":"pa_marca-saucony-de","17":"pa_sesso-herren","18":"pa_size-41-de","19":"pa_size-42-de","20":"pa_size-42-5-de","21":"pa_size-43-de","22":"pa_size-44-de","23":"pa_size-44-5-de","24":"pa_size-45-de","25":"pa_size-46-de","26":"pa_size-46-5-de","27":"pa_size-48-de","29":"first","30":"instock","31":"sale","32":"taxable","33":"shipping-taxable","34":"purchasable","35":"product-type-variable","36":"wvs-archive-product-wrapper"},"acf":[],"yoast_head":"<!-- This site is optimized with the Yoast SEO plugin v26.8 - https:\/\/yoast.com\/product\/yoast-seo-wordpress\/ -->\n<title>Saucony Guide 19 herren - Laufschuhe - MioMioRun.com<\/title>\n<meta name=\"description\" content=\"Guide 19 mit weichem PWRRUN-Schaumstoff, Center Path Technology und technischem Mesh f\u00fcr Komfort und Schutz bei den t\u00e4glichen L\u00e4ufen.\" \/>\n<meta name=\"robots\" content=\"index, follow, max-snippet:-1, max-image-preview:large, max-video-preview:-1\" \/>\n<link rel=\"canonical\" href=\"https:\/\/www.miomiorun.com\/de\/produkt\/guide-19-herren\/\" \/>\n<meta property=\"og:locale\" content=\"de_DE\" \/>\n<meta property=\"og:type\" content=\"article\" \/>\n<meta property=\"og:title\" content=\"Saucony Guide 19 herren - Laufschuhe - MioMioRun.com\" \/>\n<meta property=\"og:description\" content=\"Guide 19 mit weichem PWRRUN-Schaumstoff, Center Path Technology und technischem Mesh f\u00fcr Komfort und Schutz bei den t\u00e4glichen L\u00e4ufen.\" \/>\n<meta property=\"og:url\" content=\"https:\/\/www.miomiorun.com\/de\/produkt\/guide-19-herren\/\" \/>\n<meta property=\"og:site_name\" content=\"MioMioRun\" \/>\n<meta property=\"article:publisher\" content=\"https:\/\/www.facebook.com\/miomiorun\/\" \/>\n<meta property=\"article:modified_time\" content=\"2026-05-09T11:35:24+00:00\" \/>\n<meta property=\"og:image\" content=\"https:\/\/www.miomiorun.com\/app\/uploads\/2026\/04\/Saucony-Guide-19-ivory-fire-S21058-145.webp\" \/>\n\t<meta property=\"og:image:width\" content=\"720\" \/>\n\t<meta property=\"og:image:height\" content=\"720\" \/>\n\t<meta property=\"og:image:type\" content=\"image\/webp\" \/>\n<meta name=\"twitter:card\" content=\"summary_large_image\" \/>\n<meta name=\"twitter:label1\" content=\"Est. reading time\" \/>\n\t<meta name=\"twitter:data1\" content=\"2 minutes\" \/>\n<script type=\"application\/ld+json\" class=\"yoast-schema-graph\">{\"@context\":\"https:\/\/schema.org\",\"@graph\":[{\"@type\":\"WebPage\",\"@id\":\"https:\/\/www.miomiorun.com\/de\/produkt\/guide-19-herren\/\",\"url\":\"https:\/\/www.miomiorun.com\/de\/produkt\/guide-19-herren\/\",\"name\":\"Saucony Guide 19 herren - Laufschuhe - MioMioRun.com\",\"isPartOf\":{\"@id\":\"https:\/\/www.miomiorun.com\/de\/#website\"},\"primaryImageOfPage\":{\"@id\":\"https:\/\/www.miomiorun.com\/de\/produkt\/guide-19-herren\/#primaryimage\"},\"image\":{\"@id\":\"https:\/\/www.miomiorun.com\/de\/produkt\/guide-19-herren\/#primaryimage\"},\"thumbnailUrl\":\"https:\/\/www.miomiorun.com\/app\/uploads\/2026\/04\/Saucony-Guide-19-ivory-fire-S21058-145.webp\",\"datePublished\":\"2026-03-02T15:33:24+00:00\",\"dateModified\":\"2026-05-09T11:35:24+00:00\",\"description\":\"Guide 19 mit weichem PWRRUN-Schaumstoff, Center Path Technology und technischem Mesh f\u00fcr Komfort und Schutz bei den t\u00e4glichen L\u00e4ufen.\",\"breadcrumb\":{\"@id\":\"https:\/\/www.miomiorun.com\/de\/produkt\/guide-19-herren\/#breadcrumb\"},\"inLanguage\":\"de-DE\",\"potentialAction\":[{\"@type\":\"ReadAction\",\"target\":[\"https:\/\/www.miomiorun.com\/de\/produkt\/guide-19-herren\/\"]}]},{\"@type\":\"ImageObject\",\"inLanguage\":\"de-DE\",\"@id\":\"https:\/\/www.miomiorun.com\/de\/produkt\/guide-19-herren\/#primaryimage\",\"url\":\"https:\/\/www.miomiorun.com\/app\/uploads\/2026\/04\/Saucony-Guide-19-ivory-fire-S21058-145.webp\",\"contentUrl\":\"https:\/\/www.miomiorun.com\/app\/uploads\/2026\/04\/Saucony-Guide-19-ivory-fire-S21058-145.webp\",\"width\":720,\"height\":720,\"caption\":\"Saucony Guide 19 ivory fire S21058-145\"},{\"@type\":\"BreadcrumbList\",\"@id\":\"https:\/\/www.miomiorun.com\/de\/produkt\/guide-19-herren\/#breadcrumb\",\"itemListElement\":[{\"@type\":\"ListItem\",\"position\":1,\"name\":\"Home\",\"item\":\"https:\/\/www.miomiorun.com\/de\/\"},{\"@type\":\"ListItem\",\"position\":2,\"name\":\"Shop\",\"item\":\"https:\/\/www.miomiorun.com\/shop\/\"},{\"@type\":\"ListItem\",\"position\":3,\"name\":\"Guide 19 herren\"}]},{\"@type\":\"WebSite\",\"@id\":\"https:\/\/www.miomiorun.com\/de\/#website\",\"url\":\"https:\/\/www.miomiorun.com\/de\/\",\"name\":\"MioMioRun\",\"description\":\"100% Lauf- und Trailshop\",\"publisher\":{\"@id\":\"https:\/\/www.miomiorun.com\/de\/#organization\"},\"potentialAction\":[{\"@type\":\"SearchAction\",\"target\":{\"@type\":\"EntryPoint\",\"urlTemplate\":\"https:\/\/www.miomiorun.com\/de\/?s={search_term_string}\"},\"query-input\":{\"@type\":\"PropertyValueSpecification\",\"valueRequired\":true,\"valueName\":\"search_term_string\"}}],\"inLanguage\":\"de-DE\"},{\"@type\":\"Organization\",\"@id\":\"https:\/\/www.miomiorun.com\/de\/#organization\",\"name\":\"MioMio Run\",\"url\":\"https:\/\/www.miomiorun.com\/de\/\",\"logo\":{\"@type\":\"ImageObject\",\"inLanguage\":\"de-DE\",\"@id\":\"https:\/\/www.miomiorun.com\/de\/#\/schema\/logo\/image\/\",\"url\":\"https:\/\/www.miomiorun.com\/app\/uploads\/2019\/12\/logomio.png\",\"contentUrl\":\"https:\/\/www.miomiorun.com\/app\/uploads\/2019\/12\/logomio.png\",\"width\":115,\"height\":82,\"caption\":\"MioMio Run\"},\"image\":{\"@id\":\"https:\/\/www.miomiorun.com\/de\/#\/schema\/logo\/image\/\"},\"sameAs\":[\"https:\/\/www.facebook.com\/miomiorun\/\",\"https:\/\/www.instagram.com\/miomiorun\/\"]}]}<\/script>\n<!-- \/ Yoast SEO plugin. -->","yoast_head_json":{"title":"Saucony Guide 19 herren - Laufschuhe - MioMioRun.com","description":"Guide 19 mit weichem PWRRUN-Schaumstoff, Center Path Technology und technischem Mesh f\u00fcr Komfort und Schutz bei den t\u00e4glichen L\u00e4ufen.","robots":{"index":"index","follow":"follow","max-snippet":"max-snippet:-1","max-image-preview":"max-image-preview:large","max-video-preview":"max-video-preview:-1"},"canonical":"https:\/\/www.miomiorun.com\/de\/produkt\/guide-19-herren\/","og_locale":"de_DE","og_type":"article","og_title":"Saucony Guide 19 herren - Laufschuhe - MioMioRun.com","og_description":"Guide 19 mit weichem PWRRUN-Schaumstoff, Center Path Technology und technischem Mesh f\u00fcr Komfort und Schutz bei den t\u00e4glichen L\u00e4ufen.","og_url":"https:\/\/www.miomiorun.com\/de\/produkt\/guide-19-herren\/","og_site_name":"MioMioRun","article_publisher":"https:\/\/www.facebook.com\/miomiorun\/","article_modified_time":"2026-05-09T11:35:24+00:00","og_image":[{"width":720,"height":720,"url":"https:\/\/www.miomiorun.com\/app\/uploads\/2026\/04\/Saucony-Guide-19-ivory-fire-S21058-145.webp","type":"image\/webp"}],"twitter_card":"summary_large_image","twitter_misc":{"Est. reading time":"2 minutes"},"schema":{"@context":"https:\/\/schema.org","@graph":[{"@type":"WebPage","@id":"https:\/\/www.miomiorun.com\/de\/produkt\/guide-19-herren\/","url":"https:\/\/www.miomiorun.com\/de\/produkt\/guide-19-herren\/","name":"Saucony Guide 19 herren - Laufschuhe - MioMioRun.com","isPartOf":{"@id":"https:\/\/www.miomiorun.com\/de\/#website"},"primaryImageOfPage":{"@id":"https:\/\/www.miomiorun.com\/de\/produkt\/guide-19-herren\/#primaryimage"},"image":{"@id":"https:\/\/www.miomiorun.com\/de\/produkt\/guide-19-herren\/#primaryimage"},"thumbnailUrl":"https:\/\/www.miomiorun.com\/app\/uploads\/2026\/04\/Saucony-Guide-19-ivory-fire-S21058-145.webp","datePublished":"2026-03-02T15:33:24+00:00","dateModified":"2026-05-09T11:35:24+00:00","description":"Guide 19 mit weichem PWRRUN-Schaumstoff, Center Path Technology und technischem Mesh f\u00fcr Komfort und Schutz bei den t\u00e4glichen L\u00e4ufen.","breadcrumb":{"@id":"https:\/\/www.miomiorun.com\/de\/produkt\/guide-19-herren\/#breadcrumb"},"inLanguage":"de-DE","potentialAction":[{"@type":"ReadAction","target":["https:\/\/www.miomiorun.com\/de\/produkt\/guide-19-herren\/"]}]},{"@type":"ImageObject","inLanguage":"de-DE","@id":"https:\/\/www.miomiorun.com\/de\/produkt\/guide-19-herren\/#primaryimage","url":"https:\/\/www.miomiorun.com\/app\/uploads\/2026\/04\/Saucony-Guide-19-ivory-fire-S21058-145.webp","contentUrl":"https:\/\/www.miomiorun.com\/app\/uploads\/2026\/04\/Saucony-Guide-19-ivory-fire-S21058-145.webp","width":720,"height":720,"caption":"Saucony Guide 19 ivory fire S21058-145"},{"@type":"BreadcrumbList","@id":"https:\/\/www.miomiorun.com\/de\/produkt\/guide-19-herren\/#breadcrumb","itemListElement":[{"@type":"ListItem","position":1,"name":"Home","item":"https:\/\/www.miomiorun.com\/de\/"},{"@type":"ListItem","position":2,"name":"Shop","item":"https:\/\/www.miomiorun.com\/shop\/"},{"@type":"ListItem","position":3,"name":"Guide 19 herren"}]},{"@type":"WebSite","@id":"https:\/\/www.miomiorun.com\/de\/#website","url":"https:\/\/www.miomiorun.com\/de\/","name":"MioMioRun","description":"100% Lauf- und Trailshop","publisher":{"@id":"https:\/\/www.miomiorun.com\/de\/#organization"},"potentialAction":[{"@type":"SearchAction","target":{"@type":"EntryPoint","urlTemplate":"https:\/\/www.miomiorun.com\/de\/?s={search_term_string}"},"query-input":{"@type":"PropertyValueSpecification","valueRequired":true,"valueName":"search_term_string"}}],"inLanguage":"de-DE"},{"@type":"Organization","@id":"https:\/\/www.miomiorun.com\/de\/#organization","name":"MioMio Run","url":"https:\/\/www.miomiorun.com\/de\/","logo":{"@type":"ImageObject","inLanguage":"de-DE","@id":"https:\/\/www.miomiorun.com\/de\/#\/schema\/logo\/image\/","url":"https:\/\/www.miomiorun.com\/app\/uploads\/2019\/12\/logomio.png","contentUrl":"https:\/\/www.miomiorun.com\/app\/uploads\/2019\/12\/logomio.png","width":115,"height":82,"caption":"MioMio Run"},"image":{"@id":"https:\/\/www.miomiorun.com\/de\/#\/schema\/logo\/image\/"},"sameAs":["https:\/\/www.facebook.com\/miomiorun\/","https:\/\/www.instagram.com\/miomiorun\/"]}]}},"_links":{"self":[{"href":"https:\/\/www.miomiorun.com\/de\/wp-json\/wp\/v2\/product\/412871","targetHints":{"allow":["GET"]}}],"collection":[{"href":"https:\/\/www.miomiorun.com\/de\/wp-json\/wp\/v2\/product"}],"about":[{"href":"https:\/\/www.miomiorun.com\/de\/wp-json\/wp\/v2\/types\/product"}],"wp:featuredmedia":[{"embeddable":true,"href":"https:\/\/www.miomiorun.com\/de\/wp-json\/wp\/v2\/media\/429630"}],"wp:attachment":[{"href":"https:\/\/www.miomiorun.com\/de\/wp-json\/wp\/v2\/media?parent=412871"}],"wp:term":[{"taxonomy":"product_brand","embeddable":true,"href":"https:\/\/www.miomiorun.com\/de\/wp-json\/wp\/v2\/product_brand?post=412871"},{"taxonomy":"product_cat","embeddable":true,"href":"https:\/\/www.miomiorun.com\/de\/wp-json\/wp\/v2\/product_cat?post=412871"},{"taxonomy":"product_tag","embeddable":true,"href":"https:\/\/www.miomiorun.com\/de\/wp-json\/wp\/v2\/product_tag?post=412871"}],"curies":[{"name":"wp","href":"https:\/\/api.w.org\/{rel}","templated":true}]}}