{"id":410633,"date":"2026-02-23T17:02:28","date_gmt":"2026-02-23T16:02:28","guid":{"rendered":"https:\/\/www.miomiorun.com\/prodotto\/summit-superior-futurelight-jkt-uomo\/"},"modified":"2026-05-09T13:33:39","modified_gmt":"2026-05-09T11:33:39","slug":"summit-superior-futurelight-jkt-herren","status":"publish","type":"product","link":"https:\/\/www.miomiorun.com\/de\/produkt\/summit-superior-futurelight-jkt-herren\/","title":{"rendered":"Summit Superior FUTURELIGHT\u2122 jkt herren"},"content":{"rendered":"<p data-start=\"274\" data-end=\"674\">Die <strong data-start=\"305\" data-end=\"352\">Summit Superior FUTURELIGHT\u2122 Jacket<\/strong> ist eine ultraleichte und wasserdichte Jacke, die entwickelt wurde, um <strong data-start=\"417\" data-end=\"456\">maximalen Schutz und Atmungsaktivit\u00e4t<\/strong> unter extremsten Bedingungen in den Bergen zu bieten. Das <strong data-start=\"502\" data-end=\"531\">FUTURELIGHT\u2122-Material<\/strong>, die fortschrittlichste Technologie von The North Face, sorgt dank der atmungsaktiven Struktur des Gewebes f\u00fcr <strong data-start=\"588\" data-end=\"625\">Wasserdichtigkeit und optimalen Komfort<\/strong>.<\/p>\n<p data-start=\"676\" data-end=\"1075\">Das <strong data-start=\"679\" data-end=\"702\">LIGHTRANGE\u2122-Material<\/strong>, das extrem leicht ist und <strong data-start=\"741\" data-end=\"748\">UPF-Eigenschaften<\/strong> aufweist, garantiert lang anhaltenden Komfort ohne zus\u00e4tzliches Gewicht und eignet sich ideal f\u00fcr Trail-Wettk\u00e4mpfe und hochintensive Aktivit\u00e4ten. Das technische Design umfasst eine <strong data-start=\"900\" data-end=\"938\">vollst\u00e4ndig verstellbare Kapuze<\/strong>, einen <strong data-start=\"940\" data-end=\"991\">wasserdichten Zwei-Wege-Rei\u00dfverschluss an der Vorderseite<\/strong> und <strong data-start=\"994\" data-end=\"1032\">thermisch verschwei\u00dfte, elastische \u00c4rmelb\u00fcndchen<\/strong> f\u00fcr eine sichere und funktionelle Passform.<\/p>\n<p data-start=\"1077\" data-end=\"1437\">Die <strong data-start=\"1079\" data-end=\"1103\">reflektierenden Details<\/strong> verbessern die Sichtbarkeit bei schlechten Lichtverh\u00e4ltnissen, w\u00e4hrend sich die Jacke <strong data-start=\"1179\" data-end=\"1210\">in ihre eigene Tasche zusammenfalten l\u00e4sst<\/strong> \u2013 f\u00fcr einen praktischen und kompakten Transport. Die <strong data-start=\"1251\" data-end=\"1277\">PFC-freie DWR-Beschichtung<\/strong> bietet zus\u00e4tzlichen Schutz vor Wasser und ist gleichzeitig umweltfreundlich. Perfekt f\u00fcr alle, die <strong data-start=\"1383\" data-end=\"1425\">professionelle Leistung und Leichtigkeit<\/strong> in den Bergen suchen.<\/p>\n<p>&nbsp;<\/p>\n<p>&nbsp;<\/p>\n","protected":false},"excerpt":{"rendered":"<ul>\n<li data-start=\"1649\" data-end=\"1718\">\n<p data-start=\"1651\" data-end=\"1718\">FUTURELIGHT\u2122-Technologie: Wasserdichtigkeit und fortschrittliche Atmungsaktivit\u00e4t<\/p>\n<\/li>\n<li data-start=\"1719\" data-end=\"1783\">\n<p data-start=\"1721\" data-end=\"1783\">Leichtes und atmungsaktives LIGHTRANGE\u2122-Material mit UPF-Schutz<\/p>\n<\/li>\n<li data-start=\"1784\" data-end=\"1849\">\n<p data-start=\"1786\" data-end=\"1849\">Verstellbare Kapuze und wasserdichter Rei\u00dfverschluss mit Doppelzuglasche<\/p>\n<\/li>\n<\/ul>\n","protected":false},"featured_media":410619,"template":"","meta":{"_acf_changed":false,"inline_featured_image":false},"product_brand":[],"product_cat":[6540,6512],"product_tag":[32390,32398],"class_list":{"0":"post-410633","1":"product","2":"type-product","3":"status-publish","4":"has-post-thumbnail","6":"product_cat-herrenbekleidung","7":"product_cat-jacken","8":"product_tag-the-north-face-de","9":"product_tag-the-north-face-herren","10":"pa_attivita-fitness-de","11":"pa_attivita-gehen","12":"pa_attivita-running-de","13":"pa_colore-summit-superior-fl-jacket-lava-red-2","14":"pa_marca-the-north-face-de","15":"pa_sesso-herren","16":"pa_size-small-de","17":"pa_size-medium-de","19":"first","20":"instock","21":"sale","22":"taxable","23":"shipping-taxable","24":"purchasable","25":"product-type-variable","26":"wvs-archive-product-wrapper"},"acf":[],"yoast_head":"<!-- This site is optimized with the Yoast SEO plugin v26.8 - https:\/\/yoast.com\/product\/yoast-seo-wordpress\/ -->\n<title>The North Face Summit Superior FUTURELIGHT\u2122 jkt herren - MioMioRun<\/title>\n<meta name=\"description\" content=\"Ultraleichte, wasserdichte und atmungsaktive FUTURELIGHT\u2122-Jacke mit verstellbarer Kapuze. Schutz, Komfort und Sichtbarkeit f\u00fcr Herausforderungen in den Bergen.\" \/>\n<meta name=\"robots\" content=\"index, follow, max-snippet:-1, max-image-preview:large, max-video-preview:-1\" \/>\n<link rel=\"canonical\" href=\"https:\/\/www.miomiorun.com\/de\/produkt\/summit-superior-futurelight-jkt-herren\/\" \/>\n<meta property=\"og:locale\" content=\"de_DE\" \/>\n<meta property=\"og:type\" content=\"article\" \/>\n<meta property=\"og:title\" content=\"The North Face Summit Superior FUTURELIGHT\u2122 jkt herren - MioMioRun\" \/>\n<meta property=\"og:description\" content=\"Ultraleichte, wasserdichte und atmungsaktive FUTURELIGHT\u2122-Jacke mit verstellbarer Kapuze. Schutz, Komfort und Sichtbarkeit f\u00fcr Herausforderungen in den Bergen.\" \/>\n<meta property=\"og:url\" content=\"https:\/\/www.miomiorun.com\/de\/produkt\/summit-superior-futurelight-jkt-herren\/\" \/>\n<meta property=\"og:site_name\" content=\"MioMioRun\" \/>\n<meta property=\"article:publisher\" content=\"https:\/\/www.facebook.com\/miomiorun\/\" \/>\n<meta property=\"article:modified_time\" content=\"2026-05-09T11:33:39+00:00\" \/>\n<meta property=\"og:image\" content=\"https:\/\/www.miomiorun.com\/app\/uploads\/2026\/02\/the-north-face-Summit-superior-FL-jacket-lava-red-NF0A86WGG6L1.webp\" \/>\n\t<meta property=\"og:image:width\" content=\"720\" \/>\n\t<meta property=\"og:image:height\" content=\"720\" \/>\n\t<meta property=\"og:image:type\" content=\"image\/webp\" \/>\n<meta name=\"twitter:card\" content=\"summary_large_image\" \/>\n<meta name=\"twitter:label1\" content=\"Est. reading time\" \/>\n\t<meta name=\"twitter:data1\" content=\"1 minute\" \/>\n<script type=\"application\/ld+json\" class=\"yoast-schema-graph\">{\"@context\":\"https:\/\/schema.org\",\"@graph\":[{\"@type\":\"WebPage\",\"@id\":\"https:\/\/www.miomiorun.com\/de\/produkt\/summit-superior-futurelight-jkt-herren\/\",\"url\":\"https:\/\/www.miomiorun.com\/de\/produkt\/summit-superior-futurelight-jkt-herren\/\",\"name\":\"The North Face Summit Superior FUTURELIGHT\u2122 jkt herren - MioMioRun\",\"isPartOf\":{\"@id\":\"https:\/\/www.miomiorun.com\/de\/#website\"},\"primaryImageOfPage\":{\"@id\":\"https:\/\/www.miomiorun.com\/de\/produkt\/summit-superior-futurelight-jkt-herren\/#primaryimage\"},\"image\":{\"@id\":\"https:\/\/www.miomiorun.com\/de\/produkt\/summit-superior-futurelight-jkt-herren\/#primaryimage\"},\"thumbnailUrl\":\"https:\/\/www.miomiorun.com\/app\/uploads\/2026\/02\/the-north-face-Summit-superior-FL-jacket-lava-red-NF0A86WGG6L1.webp\",\"datePublished\":\"2026-02-23T16:02:28+00:00\",\"dateModified\":\"2026-05-09T11:33:39+00:00\",\"description\":\"Ultraleichte, wasserdichte und atmungsaktive FUTURELIGHT\u2122-Jacke mit verstellbarer Kapuze. Schutz, Komfort und Sichtbarkeit f\u00fcr Herausforderungen in den Bergen.\",\"breadcrumb\":{\"@id\":\"https:\/\/www.miomiorun.com\/de\/produkt\/summit-superior-futurelight-jkt-herren\/#breadcrumb\"},\"inLanguage\":\"de-DE\",\"potentialAction\":[{\"@type\":\"ReadAction\",\"target\":[\"https:\/\/www.miomiorun.com\/de\/produkt\/summit-superior-futurelight-jkt-herren\/\"]}]},{\"@type\":\"ImageObject\",\"inLanguage\":\"de-DE\",\"@id\":\"https:\/\/www.miomiorun.com\/de\/produkt\/summit-superior-futurelight-jkt-herren\/#primaryimage\",\"url\":\"https:\/\/www.miomiorun.com\/app\/uploads\/2026\/02\/the-north-face-Summit-superior-FL-jacket-lava-red-NF0A86WGG6L1.webp\",\"contentUrl\":\"https:\/\/www.miomiorun.com\/app\/uploads\/2026\/02\/the-north-face-Summit-superior-FL-jacket-lava-red-NF0A86WGG6L1.webp\",\"width\":720,\"height\":720,\"caption\":\"the north face Summit superior FL jacket lava red NF0A86WGG6L1\"},{\"@type\":\"BreadcrumbList\",\"@id\":\"https:\/\/www.miomiorun.com\/de\/produkt\/summit-superior-futurelight-jkt-herren\/#breadcrumb\",\"itemListElement\":[{\"@type\":\"ListItem\",\"position\":1,\"name\":\"Home\",\"item\":\"https:\/\/www.miomiorun.com\/de\/\"},{\"@type\":\"ListItem\",\"position\":2,\"name\":\"Shop\",\"item\":\"https:\/\/www.miomiorun.com\/shop\/\"},{\"@type\":\"ListItem\",\"position\":3,\"name\":\"Summit Superior FUTURELIGHT\u2122 jkt herren\"}]},{\"@type\":\"WebSite\",\"@id\":\"https:\/\/www.miomiorun.com\/de\/#website\",\"url\":\"https:\/\/www.miomiorun.com\/de\/\",\"name\":\"MioMioRun\",\"description\":\"100% Lauf- und Trailshop\",\"publisher\":{\"@id\":\"https:\/\/www.miomiorun.com\/de\/#organization\"},\"potentialAction\":[{\"@type\":\"SearchAction\",\"target\":{\"@type\":\"EntryPoint\",\"urlTemplate\":\"https:\/\/www.miomiorun.com\/de\/?s={search_term_string}\"},\"query-input\":{\"@type\":\"PropertyValueSpecification\",\"valueRequired\":true,\"valueName\":\"search_term_string\"}}],\"inLanguage\":\"de-DE\"},{\"@type\":\"Organization\",\"@id\":\"https:\/\/www.miomiorun.com\/de\/#organization\",\"name\":\"MioMio Run\",\"url\":\"https:\/\/www.miomiorun.com\/de\/\",\"logo\":{\"@type\":\"ImageObject\",\"inLanguage\":\"de-DE\",\"@id\":\"https:\/\/www.miomiorun.com\/de\/#\/schema\/logo\/image\/\",\"url\":\"https:\/\/www.miomiorun.com\/app\/uploads\/2019\/12\/logomio.png\",\"contentUrl\":\"https:\/\/www.miomiorun.com\/app\/uploads\/2019\/12\/logomio.png\",\"width\":115,\"height\":82,\"caption\":\"MioMio Run\"},\"image\":{\"@id\":\"https:\/\/www.miomiorun.com\/de\/#\/schema\/logo\/image\/\"},\"sameAs\":[\"https:\/\/www.facebook.com\/miomiorun\/\",\"https:\/\/www.instagram.com\/miomiorun\/\"]}]}<\/script>\n<!-- \/ Yoast SEO plugin. -->","yoast_head_json":{"title":"The North Face Summit Superior FUTURELIGHT\u2122 jkt herren - MioMioRun","description":"Ultraleichte, wasserdichte und atmungsaktive FUTURELIGHT\u2122-Jacke mit verstellbarer Kapuze. Schutz, Komfort und Sichtbarkeit f\u00fcr Herausforderungen in den Bergen.","robots":{"index":"index","follow":"follow","max-snippet":"max-snippet:-1","max-image-preview":"max-image-preview:large","max-video-preview":"max-video-preview:-1"},"canonical":"https:\/\/www.miomiorun.com\/de\/produkt\/summit-superior-futurelight-jkt-herren\/","og_locale":"de_DE","og_type":"article","og_title":"The North Face Summit Superior FUTURELIGHT\u2122 jkt herren - MioMioRun","og_description":"Ultraleichte, wasserdichte und atmungsaktive FUTURELIGHT\u2122-Jacke mit verstellbarer Kapuze. Schutz, Komfort und Sichtbarkeit f\u00fcr Herausforderungen in den Bergen.","og_url":"https:\/\/www.miomiorun.com\/de\/produkt\/summit-superior-futurelight-jkt-herren\/","og_site_name":"MioMioRun","article_publisher":"https:\/\/www.facebook.com\/miomiorun\/","article_modified_time":"2026-05-09T11:33:39+00:00","og_image":[{"width":720,"height":720,"url":"https:\/\/www.miomiorun.com\/app\/uploads\/2026\/02\/the-north-face-Summit-superior-FL-jacket-lava-red-NF0A86WGG6L1.webp","type":"image\/webp"}],"twitter_card":"summary_large_image","twitter_misc":{"Est. reading time":"1 minute"},"schema":{"@context":"https:\/\/schema.org","@graph":[{"@type":"WebPage","@id":"https:\/\/www.miomiorun.com\/de\/produkt\/summit-superior-futurelight-jkt-herren\/","url":"https:\/\/www.miomiorun.com\/de\/produkt\/summit-superior-futurelight-jkt-herren\/","name":"The North Face Summit Superior FUTURELIGHT\u2122 jkt herren - MioMioRun","isPartOf":{"@id":"https:\/\/www.miomiorun.com\/de\/#website"},"primaryImageOfPage":{"@id":"https:\/\/www.miomiorun.com\/de\/produkt\/summit-superior-futurelight-jkt-herren\/#primaryimage"},"image":{"@id":"https:\/\/www.miomiorun.com\/de\/produkt\/summit-superior-futurelight-jkt-herren\/#primaryimage"},"thumbnailUrl":"https:\/\/www.miomiorun.com\/app\/uploads\/2026\/02\/the-north-face-Summit-superior-FL-jacket-lava-red-NF0A86WGG6L1.webp","datePublished":"2026-02-23T16:02:28+00:00","dateModified":"2026-05-09T11:33:39+00:00","description":"Ultraleichte, wasserdichte und atmungsaktive FUTURELIGHT\u2122-Jacke mit verstellbarer Kapuze. Schutz, Komfort und Sichtbarkeit f\u00fcr Herausforderungen in den Bergen.","breadcrumb":{"@id":"https:\/\/www.miomiorun.com\/de\/produkt\/summit-superior-futurelight-jkt-herren\/#breadcrumb"},"inLanguage":"de-DE","potentialAction":[{"@type":"ReadAction","target":["https:\/\/www.miomiorun.com\/de\/produkt\/summit-superior-futurelight-jkt-herren\/"]}]},{"@type":"ImageObject","inLanguage":"de-DE","@id":"https:\/\/www.miomiorun.com\/de\/produkt\/summit-superior-futurelight-jkt-herren\/#primaryimage","url":"https:\/\/www.miomiorun.com\/app\/uploads\/2026\/02\/the-north-face-Summit-superior-FL-jacket-lava-red-NF0A86WGG6L1.webp","contentUrl":"https:\/\/www.miomiorun.com\/app\/uploads\/2026\/02\/the-north-face-Summit-superior-FL-jacket-lava-red-NF0A86WGG6L1.webp","width":720,"height":720,"caption":"the north face Summit superior FL jacket lava red NF0A86WGG6L1"},{"@type":"BreadcrumbList","@id":"https:\/\/www.miomiorun.com\/de\/produkt\/summit-superior-futurelight-jkt-herren\/#breadcrumb","itemListElement":[{"@type":"ListItem","position":1,"name":"Home","item":"https:\/\/www.miomiorun.com\/de\/"},{"@type":"ListItem","position":2,"name":"Shop","item":"https:\/\/www.miomiorun.com\/shop\/"},{"@type":"ListItem","position":3,"name":"Summit Superior FUTURELIGHT\u2122 jkt herren"}]},{"@type":"WebSite","@id":"https:\/\/www.miomiorun.com\/de\/#website","url":"https:\/\/www.miomiorun.com\/de\/","name":"MioMioRun","description":"100% Lauf- und Trailshop","publisher":{"@id":"https:\/\/www.miomiorun.com\/de\/#organization"},"potentialAction":[{"@type":"SearchAction","target":{"@type":"EntryPoint","urlTemplate":"https:\/\/www.miomiorun.com\/de\/?s={search_term_string}"},"query-input":{"@type":"PropertyValueSpecification","valueRequired":true,"valueName":"search_term_string"}}],"inLanguage":"de-DE"},{"@type":"Organization","@id":"https:\/\/www.miomiorun.com\/de\/#organization","name":"MioMio Run","url":"https:\/\/www.miomiorun.com\/de\/","logo":{"@type":"ImageObject","inLanguage":"de-DE","@id":"https:\/\/www.miomiorun.com\/de\/#\/schema\/logo\/image\/","url":"https:\/\/www.miomiorun.com\/app\/uploads\/2019\/12\/logomio.png","contentUrl":"https:\/\/www.miomiorun.com\/app\/uploads\/2019\/12\/logomio.png","width":115,"height":82,"caption":"MioMio Run"},"image":{"@id":"https:\/\/www.miomiorun.com\/de\/#\/schema\/logo\/image\/"},"sameAs":["https:\/\/www.facebook.com\/miomiorun\/","https:\/\/www.instagram.com\/miomiorun\/"]}]}},"_links":{"self":[{"href":"https:\/\/www.miomiorun.com\/de\/wp-json\/wp\/v2\/product\/410633","targetHints":{"allow":["GET"]}}],"collection":[{"href":"https:\/\/www.miomiorun.com\/de\/wp-json\/wp\/v2\/product"}],"about":[{"href":"https:\/\/www.miomiorun.com\/de\/wp-json\/wp\/v2\/types\/product"}],"wp:featuredmedia":[{"embeddable":true,"href":"https:\/\/www.miomiorun.com\/de\/wp-json\/wp\/v2\/media\/410619"}],"wp:attachment":[{"href":"https:\/\/www.miomiorun.com\/de\/wp-json\/wp\/v2\/media?parent=410633"}],"wp:term":[{"taxonomy":"product_brand","embeddable":true,"href":"https:\/\/www.miomiorun.com\/de\/wp-json\/wp\/v2\/product_brand?post=410633"},{"taxonomy":"product_cat","embeddable":true,"href":"https:\/\/www.miomiorun.com\/de\/wp-json\/wp\/v2\/product_cat?post=410633"},{"taxonomy":"product_tag","embeddable":true,"href":"https:\/\/www.miomiorun.com\/de\/wp-json\/wp\/v2\/product_tag?post=410633"}],"curies":[{"name":"wp","href":"https:\/\/api.w.org\/{rel}","templated":true}]}}