{"id":408830,"date":"2026-02-19T18:57:27","date_gmt":"2026-02-19T17:57:27","guid":{"rendered":"https:\/\/www.miomiorun.com\/?post_type=product&#038;p=408830"},"modified":"2026-04-29T11:11:56","modified_gmt":"2026-04-29T09:11:56","slug":"cloudboom-strike-herren","status":"publish","type":"product","link":"https:\/\/www.miomiorun.com\/de\/produkt\/cloudboom-strike-herren\/","title":{"rendered":"Cloudboom Strike herren"},"content":{"rendered":"<table class=\" aligncenter\" style=\"border-collapse: collapse;width: 100%\">\n<tbody>\n<tr>\n<td style=\"width: 33.3333%;vertical-align: top\"><strong>Technische Daten<\/strong><\/p>\n<p>Sprengung: 4 mm<br \/>\nGewicht: 210 g<br \/>\nIdeal f\u00fcr: L\u00e4ufer, die einen Schuh suchen, um an Spitzenwettk\u00e4mpfen teilzunehmen, ihre pers\u00f6nlichen Bestleistungen zu brechen und auf das Podium zu kommen.<br \/>\nGewicht des L\u00e4ufers: 60\u201375 kg<br \/>\nLauftempo: schnell &lt; 4:00 min\/km<br \/>\n<a href=\"https:\/\/miomiorun.com\/guida-alle-specifiche-tecniche\/\">Leitfaden zu den technischen Daten<\/a><\/td>\n<td style=\"width: 66.6666%;vertical-align: top\">\n<p data-start=\"167\" data-end=\"486\">Der Cloudboom Strike wurde f\u00fcr den Marathon entwickelt und ist ein Stra\u00dfenwettkampfschuh, der Leichtigkeit, Reaktionsfreudigkeit und D\u00e4mpfung in einem einzigen System vereint. Mit einem angegebenen Gewicht von 194 g ist er darauf ausgelegt, ein Gef\u00fchl von Geschwindigkeit zu vermitteln und gleichzeitig Schutz vor St\u00f6\u00dfen auf langen Strecken zu bieten.<\/p>\n<p data-start=\"488\" data-end=\"795\">Das Herzst\u00fcck des Schuhs ist die Bounceboard-Zwischensohle mit Helion\u2122 HF-Hyperfoam: eine reaktionsfreudige, weiche und herausnehmbare Schicht, die die Energier\u00fcckgabe maximiert und dabei die Vorschriften f\u00fcr die Sohlenh\u00f6he einh\u00e4lt. Diese Konfiguration wurde entwickelt, um einen ged\u00e4mpften und dynamischen Lauf zu bieten, ideal f\u00fcr l\u00e4ngere Wettk\u00e4mpfe.<\/p>\n<p data-start=\"797\" data-end=\"1100\">Das zu 100 % aus Carbonfaser gefertigte, l\u00f6ffelf\u00f6rmige Speedboard\u00ae ist darauf ausgelegt, Energie zu absorbieren und auf den Vorfu\u00df zu \u00fcbertragen, was kraftvolle Abdr\u00fccke f\u00f6rdert. Strategisch platzierte CloudTec\u00ae-Elemente tragen zu einem schnelleren und fl\u00fcssigeren Abrollverhalten f\u00fcr einen effizienten Lauf bei.<\/p>\n<p data-start=\"1102\" data-end=\"1344\">Das Obermaterial aus einem einzigen St\u00fcck ultraleichtem, halbtransparentem Mesh wurde entwickelt, um eine \u00dcberhitzung w\u00e4hrend des Rennens zu reduzieren. Die \u201eK\u00e4fig\u201c-Struktur st\u00fctzt den Mittelfu\u00df und sorgt so f\u00fcr einen stabilen und sicheren Sitz auch bei hohen Geschwindigkeiten.<\/p>\n<div class=\"icon-box\">\n<div class=\"tooltip-wrapper\">\n<div class=\"icon\">\n<p>&nbsp;<\/p>\n<\/div>\n<\/div>\n<\/div>\n<div class=\"icon-box\">\n<div class=\"tooltip-wrapper\">\n<div class=\"icon\">\n<h3><\/h3>\n<\/div>\n<\/div>\n<\/div>\n<\/td>\n<\/tr>\n<\/tbody>\n<\/table>\n","protected":false},"excerpt":{"rendered":"<ul>\n<li data-start=\"1376\" data-end=\"1446\">Bounceboard-Zwischensohle mit Helion\u2122 HF f\u00fcr maximale Energier\u00fcckgabe<\/li>\n<li data-start=\"1449\" data-end=\"1522\">Speedboard\u00ae aus Carbon und CloudTec\u00ae f\u00fcr kraftvollen Absprung und fl\u00fcssigen Lauf<\/li>\n<li data-start=\"1525\" data-end=\"1592\">Ultraleichtes Mesh-Obermaterial mit K\u00e4figstruktur f\u00fcr sicheren Sitz<\/li>\n<\/ul>\n","protected":false},"featured_media":412311,"template":"","meta":{"_acf_changed":false,"inline_featured_image":false},"product_brand":[],"product_cat":[6507,6506],"product_tag":[39518,39524],"class_list":{"0":"post-408830","1":"product","2":"type-product","3":"status-publish","4":"has-post-thumbnail","6":"product_cat-herren-schuhe-de","7":"product_cat-neutrale-herren-schuhe-de","8":"product_tag-on","9":"product_tag-on-herren","10":"pa_attivita-running-de","11":"pa_colore-cloudboom-strike-juniper-limelight","12":"pa_marca-on","13":"pa_sesso-herren","14":"pa_size-41-de","15":"pa_size-42-de","16":"pa_size-42-5-de","17":"pa_size-43-de","18":"pa_size-44-de","19":"pa_size-44-5-de","20":"pa_size-45-de","21":"pa_size-46-de","23":"first","24":"instock","25":"taxable","26":"shipping-taxable","27":"purchasable","28":"product-type-variable","29":"wvs-archive-product-wrapper"},"acf":[],"yoast_head":"<!-- This site is optimized with the Yoast SEO plugin v26.8 - https:\/\/yoast.com\/product\/yoast-seo-wordpress\/ -->\n<title>On Cloudboom Strike herren -Laufschuhe - MioMioRun.com<\/title>\n<meta name=\"description\" content=\"Cloudboom Strike mit Bounceboard Helion\u2122 HF, Speedboard\u00ae aus Carbon und ultraleichtem Mesh f\u00fcr Stra\u00dfenmarathons. Entdecke ihn mit uns!\" \/>\n<meta name=\"robots\" content=\"index, follow, max-snippet:-1, max-image-preview:large, max-video-preview:-1\" \/>\n<link rel=\"canonical\" href=\"https:\/\/www.miomiorun.com\/de\/produkt\/cloudboom-strike-herren\/\" \/>\n<meta property=\"og:locale\" content=\"de_DE\" \/>\n<meta property=\"og:type\" content=\"article\" \/>\n<meta property=\"og:title\" content=\"On Cloudboom Strike herren -Laufschuhe - MioMioRun.com\" \/>\n<meta property=\"og:description\" content=\"Cloudboom Strike mit Bounceboard Helion\u2122 HF, Speedboard\u00ae aus Carbon und ultraleichtem Mesh f\u00fcr Stra\u00dfenmarathons. Entdecke ihn mit uns!\" \/>\n<meta property=\"og:url\" content=\"https:\/\/www.miomiorun.com\/de\/produkt\/cloudboom-strike-herren\/\" \/>\n<meta property=\"og:site_name\" content=\"MioMioRun\" \/>\n<meta property=\"article:publisher\" content=\"https:\/\/www.facebook.com\/miomiorun\/\" \/>\n<meta property=\"article:modified_time\" content=\"2026-04-29T09:11:56+00:00\" \/>\n<meta property=\"og:image\" content=\"https:\/\/www.miomiorun.com\/app\/uploads\/2026\/02\/on-Cloudboom-Strike-juniper-limelight-3ME30484834.webp\" \/>\n\t<meta property=\"og:image:width\" content=\"720\" \/>\n\t<meta property=\"og:image:height\" content=\"720\" \/>\n\t<meta property=\"og:image:type\" content=\"image\/webp\" \/>\n<meta name=\"twitter:card\" content=\"summary_large_image\" \/>\n<meta name=\"twitter:label1\" content=\"Est. reading time\" \/>\n\t<meta name=\"twitter:data1\" content=\"2 minutes\" \/>\n<script type=\"application\/ld+json\" class=\"yoast-schema-graph\">{\"@context\":\"https:\/\/schema.org\",\"@graph\":[{\"@type\":\"WebPage\",\"@id\":\"https:\/\/www.miomiorun.com\/de\/produkt\/cloudboom-strike-herren\/\",\"url\":\"https:\/\/www.miomiorun.com\/de\/produkt\/cloudboom-strike-herren\/\",\"name\":\"On Cloudboom Strike herren -Laufschuhe - MioMioRun.com\",\"isPartOf\":{\"@id\":\"https:\/\/www.miomiorun.com\/de\/#website\"},\"primaryImageOfPage\":{\"@id\":\"https:\/\/www.miomiorun.com\/de\/produkt\/cloudboom-strike-herren\/#primaryimage\"},\"image\":{\"@id\":\"https:\/\/www.miomiorun.com\/de\/produkt\/cloudboom-strike-herren\/#primaryimage\"},\"thumbnailUrl\":\"https:\/\/www.miomiorun.com\/app\/uploads\/2026\/02\/on-Cloudboom-Strike-juniper-limelight-3ME30484834.webp\",\"datePublished\":\"2026-02-19T17:57:27+00:00\",\"dateModified\":\"2026-04-29T09:11:56+00:00\",\"description\":\"Cloudboom Strike mit Bounceboard Helion\u2122 HF, Speedboard\u00ae aus Carbon und ultraleichtem Mesh f\u00fcr Stra\u00dfenmarathons. Entdecke ihn mit uns!\",\"breadcrumb\":{\"@id\":\"https:\/\/www.miomiorun.com\/de\/produkt\/cloudboom-strike-herren\/#breadcrumb\"},\"inLanguage\":\"de-DE\",\"potentialAction\":[{\"@type\":\"ReadAction\",\"target\":[\"https:\/\/www.miomiorun.com\/de\/produkt\/cloudboom-strike-herren\/\"]}]},{\"@type\":\"ImageObject\",\"inLanguage\":\"de-DE\",\"@id\":\"https:\/\/www.miomiorun.com\/de\/produkt\/cloudboom-strike-herren\/#primaryimage\",\"url\":\"https:\/\/www.miomiorun.com\/app\/uploads\/2026\/02\/on-Cloudboom-Strike-juniper-limelight-3ME30484834.webp\",\"contentUrl\":\"https:\/\/www.miomiorun.com\/app\/uploads\/2026\/02\/on-Cloudboom-Strike-juniper-limelight-3ME30484834.webp\",\"width\":720,\"height\":720,\"caption\":\"on Cloudboom Strike juniper limelight 3ME30484834\"},{\"@type\":\"BreadcrumbList\",\"@id\":\"https:\/\/www.miomiorun.com\/de\/produkt\/cloudboom-strike-herren\/#breadcrumb\",\"itemListElement\":[{\"@type\":\"ListItem\",\"position\":1,\"name\":\"Home\",\"item\":\"https:\/\/www.miomiorun.com\/de\/\"},{\"@type\":\"ListItem\",\"position\":2,\"name\":\"Shop\",\"item\":\"https:\/\/www.miomiorun.com\/shop\/\"},{\"@type\":\"ListItem\",\"position\":3,\"name\":\"Cloudboom Strike herren\"}]},{\"@type\":\"WebSite\",\"@id\":\"https:\/\/www.miomiorun.com\/de\/#website\",\"url\":\"https:\/\/www.miomiorun.com\/de\/\",\"name\":\"MioMioRun\",\"description\":\"100% Lauf- und Trailshop\",\"publisher\":{\"@id\":\"https:\/\/www.miomiorun.com\/de\/#organization\"},\"potentialAction\":[{\"@type\":\"SearchAction\",\"target\":{\"@type\":\"EntryPoint\",\"urlTemplate\":\"https:\/\/www.miomiorun.com\/de\/?s={search_term_string}\"},\"query-input\":{\"@type\":\"PropertyValueSpecification\",\"valueRequired\":true,\"valueName\":\"search_term_string\"}}],\"inLanguage\":\"de-DE\"},{\"@type\":\"Organization\",\"@id\":\"https:\/\/www.miomiorun.com\/de\/#organization\",\"name\":\"MioMio Run\",\"url\":\"https:\/\/www.miomiorun.com\/de\/\",\"logo\":{\"@type\":\"ImageObject\",\"inLanguage\":\"de-DE\",\"@id\":\"https:\/\/www.miomiorun.com\/de\/#\/schema\/logo\/image\/\",\"url\":\"https:\/\/www.miomiorun.com\/app\/uploads\/2019\/12\/logomio.png\",\"contentUrl\":\"https:\/\/www.miomiorun.com\/app\/uploads\/2019\/12\/logomio.png\",\"width\":115,\"height\":82,\"caption\":\"MioMio Run\"},\"image\":{\"@id\":\"https:\/\/www.miomiorun.com\/de\/#\/schema\/logo\/image\/\"},\"sameAs\":[\"https:\/\/www.facebook.com\/miomiorun\/\",\"https:\/\/www.instagram.com\/miomiorun\/\"]}]}<\/script>\n<!-- \/ Yoast SEO plugin. -->","yoast_head_json":{"title":"On Cloudboom Strike herren -Laufschuhe - MioMioRun.com","description":"Cloudboom Strike mit Bounceboard Helion\u2122 HF, Speedboard\u00ae aus Carbon und ultraleichtem Mesh f\u00fcr Stra\u00dfenmarathons. Entdecke ihn mit uns!","robots":{"index":"index","follow":"follow","max-snippet":"max-snippet:-1","max-image-preview":"max-image-preview:large","max-video-preview":"max-video-preview:-1"},"canonical":"https:\/\/www.miomiorun.com\/de\/produkt\/cloudboom-strike-herren\/","og_locale":"de_DE","og_type":"article","og_title":"On Cloudboom Strike herren -Laufschuhe - MioMioRun.com","og_description":"Cloudboom Strike mit Bounceboard Helion\u2122 HF, Speedboard\u00ae aus Carbon und ultraleichtem Mesh f\u00fcr Stra\u00dfenmarathons. Entdecke ihn mit uns!","og_url":"https:\/\/www.miomiorun.com\/de\/produkt\/cloudboom-strike-herren\/","og_site_name":"MioMioRun","article_publisher":"https:\/\/www.facebook.com\/miomiorun\/","article_modified_time":"2026-04-29T09:11:56+00:00","og_image":[{"width":720,"height":720,"url":"https:\/\/www.miomiorun.com\/app\/uploads\/2026\/02\/on-Cloudboom-Strike-juniper-limelight-3ME30484834.webp","type":"image\/webp"}],"twitter_card":"summary_large_image","twitter_misc":{"Est. reading time":"2 minutes"},"schema":{"@context":"https:\/\/schema.org","@graph":[{"@type":"WebPage","@id":"https:\/\/www.miomiorun.com\/de\/produkt\/cloudboom-strike-herren\/","url":"https:\/\/www.miomiorun.com\/de\/produkt\/cloudboom-strike-herren\/","name":"On Cloudboom Strike herren -Laufschuhe - MioMioRun.com","isPartOf":{"@id":"https:\/\/www.miomiorun.com\/de\/#website"},"primaryImageOfPage":{"@id":"https:\/\/www.miomiorun.com\/de\/produkt\/cloudboom-strike-herren\/#primaryimage"},"image":{"@id":"https:\/\/www.miomiorun.com\/de\/produkt\/cloudboom-strike-herren\/#primaryimage"},"thumbnailUrl":"https:\/\/www.miomiorun.com\/app\/uploads\/2026\/02\/on-Cloudboom-Strike-juniper-limelight-3ME30484834.webp","datePublished":"2026-02-19T17:57:27+00:00","dateModified":"2026-04-29T09:11:56+00:00","description":"Cloudboom Strike mit Bounceboard Helion\u2122 HF, Speedboard\u00ae aus Carbon und ultraleichtem Mesh f\u00fcr Stra\u00dfenmarathons. Entdecke ihn mit uns!","breadcrumb":{"@id":"https:\/\/www.miomiorun.com\/de\/produkt\/cloudboom-strike-herren\/#breadcrumb"},"inLanguage":"de-DE","potentialAction":[{"@type":"ReadAction","target":["https:\/\/www.miomiorun.com\/de\/produkt\/cloudboom-strike-herren\/"]}]},{"@type":"ImageObject","inLanguage":"de-DE","@id":"https:\/\/www.miomiorun.com\/de\/produkt\/cloudboom-strike-herren\/#primaryimage","url":"https:\/\/www.miomiorun.com\/app\/uploads\/2026\/02\/on-Cloudboom-Strike-juniper-limelight-3ME30484834.webp","contentUrl":"https:\/\/www.miomiorun.com\/app\/uploads\/2026\/02\/on-Cloudboom-Strike-juniper-limelight-3ME30484834.webp","width":720,"height":720,"caption":"on Cloudboom Strike juniper limelight 3ME30484834"},{"@type":"BreadcrumbList","@id":"https:\/\/www.miomiorun.com\/de\/produkt\/cloudboom-strike-herren\/#breadcrumb","itemListElement":[{"@type":"ListItem","position":1,"name":"Home","item":"https:\/\/www.miomiorun.com\/de\/"},{"@type":"ListItem","position":2,"name":"Shop","item":"https:\/\/www.miomiorun.com\/shop\/"},{"@type":"ListItem","position":3,"name":"Cloudboom Strike herren"}]},{"@type":"WebSite","@id":"https:\/\/www.miomiorun.com\/de\/#website","url":"https:\/\/www.miomiorun.com\/de\/","name":"MioMioRun","description":"100% Lauf- und Trailshop","publisher":{"@id":"https:\/\/www.miomiorun.com\/de\/#organization"},"potentialAction":[{"@type":"SearchAction","target":{"@type":"EntryPoint","urlTemplate":"https:\/\/www.miomiorun.com\/de\/?s={search_term_string}"},"query-input":{"@type":"PropertyValueSpecification","valueRequired":true,"valueName":"search_term_string"}}],"inLanguage":"de-DE"},{"@type":"Organization","@id":"https:\/\/www.miomiorun.com\/de\/#organization","name":"MioMio Run","url":"https:\/\/www.miomiorun.com\/de\/","logo":{"@type":"ImageObject","inLanguage":"de-DE","@id":"https:\/\/www.miomiorun.com\/de\/#\/schema\/logo\/image\/","url":"https:\/\/www.miomiorun.com\/app\/uploads\/2019\/12\/logomio.png","contentUrl":"https:\/\/www.miomiorun.com\/app\/uploads\/2019\/12\/logomio.png","width":115,"height":82,"caption":"MioMio Run"},"image":{"@id":"https:\/\/www.miomiorun.com\/de\/#\/schema\/logo\/image\/"},"sameAs":["https:\/\/www.facebook.com\/miomiorun\/","https:\/\/www.instagram.com\/miomiorun\/"]}]}},"_links":{"self":[{"href":"https:\/\/www.miomiorun.com\/de\/wp-json\/wp\/v2\/product\/408830","targetHints":{"allow":["GET"]}}],"collection":[{"href":"https:\/\/www.miomiorun.com\/de\/wp-json\/wp\/v2\/product"}],"about":[{"href":"https:\/\/www.miomiorun.com\/de\/wp-json\/wp\/v2\/types\/product"}],"wp:featuredmedia":[{"embeddable":true,"href":"https:\/\/www.miomiorun.com\/de\/wp-json\/wp\/v2\/media\/412311"}],"wp:attachment":[{"href":"https:\/\/www.miomiorun.com\/de\/wp-json\/wp\/v2\/media?parent=408830"}],"wp:term":[{"taxonomy":"product_brand","embeddable":true,"href":"https:\/\/www.miomiorun.com\/de\/wp-json\/wp\/v2\/product_brand?post=408830"},{"taxonomy":"product_cat","embeddable":true,"href":"https:\/\/www.miomiorun.com\/de\/wp-json\/wp\/v2\/product_cat?post=408830"},{"taxonomy":"product_tag","embeddable":true,"href":"https:\/\/www.miomiorun.com\/de\/wp-json\/wp\/v2\/product_tag?post=408830"}],"curies":[{"name":"wp","href":"https:\/\/api.w.org\/{rel}","templated":true}]}}