{"id":408440,"date":"2026-02-19T12:30:43","date_gmt":"2026-02-19T11:30:43","guid":{"rendered":"https:\/\/www.miomiorun.com\/?post_type=product&#038;p=408440"},"modified":"2026-05-09T13:26:10","modified_gmt":"2026-05-09T11:26:10","slug":"summit-high-trail-ss-herren-2","status":"publish","type":"product","link":"https:\/\/www.miomiorun.com\/de\/produkt\/summit-high-trail-ss-herren-2\/","title":{"rendered":"Summit High Trail SS herren"},"content":{"rendered":"<p data-start=\"203\" data-end=\"424\">Das Funktions-Laufshirt Summit High Trail wurde f\u00fcr lange Tage auf den Trails entwickelt. Das leichte, anatomisch geformte Material sorgt auch beim Tragen eines Rucksacks f\u00fcr hohen Tragekomfort.<\/p>\n<p data-start=\"426\" data-end=\"696\">Eins\u00e4tze unter den Armen sorgen f\u00fcr mehr Bewegungsfreiheit, w\u00e4hrend die thermisch verschwei\u00dften Seitenn\u00e4hte und Achseln\u00e4hte zu einer schlichten Passform beitragen. Der Saum mit Schlitz sorgt f\u00fcr zus\u00e4tzliche Bewegungsfreiheit. Reflektierende Logos runden das Design ab.<\/p>\n<p data-start=\"698\" data-end=\"871\">Es verf\u00fcgt \u00fcber die Technologien FlashDry\u2122 und FlashDry-Pro\u2122, die Feuchtigkeit ableiten, ein schnelles Trocknen f\u00f6rdern und f\u00fcr ein angenehmes Tragegef\u00fchl w\u00e4hrend der Aktivit\u00e4t sorgen.<\/p>\n<p>&nbsp;<\/p>\n<p>&nbsp;<\/p>\n","protected":false},"excerpt":{"rendered":"<ul>\n<li data-start=\"903\" data-end=\"962\">Leichtes, anatomisch geformtes Material<\/li>\n<li data-start=\"965\" data-end=\"1014\">Eins\u00e4tze unter den Armen und Saum mit Schlitz<\/li>\n<li data-start=\"1017\" data-end=\"1080\">FlashDry\u2122- und FlashDry-Pro\u2122-Technologie mit reflektierenden Details<\/li>\n<\/ul>\n","protected":false},"featured_media":410412,"template":"","meta":{"_acf_changed":false,"inline_featured_image":false},"product_brand":[],"product_cat":[6540,6508],"product_tag":[32390,32398],"class_list":{"0":"post-408440","1":"product","2":"type-product","3":"status-publish","4":"has-post-thumbnail","6":"product_cat-herrenbekleidung","7":"product_cat-herrent-shirt","8":"product_tag-the-north-face-de","9":"product_tag-the-north-face-herren","10":"pa_attivita-gehen","11":"pa_attivita-running-de","12":"pa_attivita-trail-de","13":"pa_colore-summit-high-trail-ss-lava-red","14":"pa_colore-summit-high-trail-ss-pearl-stone","15":"pa_marca-the-north-face-de","16":"pa_sesso-herren","17":"pa_size-small-de","18":"pa_size-medium-de","20":"first","21":"instock","22":"sale","23":"taxable","24":"shipping-taxable","25":"purchasable","26":"product-type-variable","27":"wvs-archive-product-wrapper"},"acf":[],"yoast_head":"<!-- This site is optimized with the Yoast SEO plugin v26.8 - https:\/\/yoast.com\/product\/yoast-seo-wordpress\/ -->\n<title>The North Face Summit High Trail SS herren -Lauf-T-Shirt- MioMioRun<\/title>\n<meta name=\"description\" content=\"Summit High Trail T-Shirt mit FlashDry\u2122 und FlashDry-Pro\u2122, leicht und k\u00f6rpernah geschnitten, ideal f\u00fcr lange Trailrunning-Tage.\" \/>\n<meta name=\"robots\" content=\"index, follow, max-snippet:-1, max-image-preview:large, max-video-preview:-1\" \/>\n<link rel=\"canonical\" href=\"https:\/\/www.miomiorun.com\/de\/produkt\/summit-high-trail-ss-herren-2\/\" \/>\n<meta property=\"og:locale\" content=\"de_DE\" \/>\n<meta property=\"og:type\" content=\"article\" \/>\n<meta property=\"og:title\" content=\"The North Face Summit High Trail SS herren -Lauf-T-Shirt- MioMioRun\" \/>\n<meta property=\"og:description\" content=\"Summit High Trail T-Shirt mit FlashDry\u2122 und FlashDry-Pro\u2122, leicht und k\u00f6rpernah geschnitten, ideal f\u00fcr lange Trailrunning-Tage.\" \/>\n<meta property=\"og:url\" content=\"https:\/\/www.miomiorun.com\/de\/produkt\/summit-high-trail-ss-herren-2\/\" \/>\n<meta property=\"og:site_name\" content=\"MioMioRun\" \/>\n<meta property=\"article:publisher\" content=\"https:\/\/www.facebook.com\/miomiorun\/\" \/>\n<meta property=\"article:modified_time\" content=\"2026-05-09T11:26:10+00:00\" \/>\n<meta property=\"og:image\" content=\"https:\/\/www.miomiorun.com\/app\/uploads\/2026\/02\/the-north-face-Summit-high-trail-SS-lava-red-NF0A88XCG6L1.webp\" \/>\n\t<meta property=\"og:image:width\" content=\"720\" \/>\n\t<meta property=\"og:image:height\" content=\"720\" \/>\n\t<meta property=\"og:image:type\" content=\"image\/webp\" \/>\n<meta name=\"twitter:card\" content=\"summary_large_image\" \/>\n<meta name=\"twitter:label1\" content=\"Est. reading time\" \/>\n\t<meta name=\"twitter:data1\" content=\"1 minute\" \/>\n<script type=\"application\/ld+json\" class=\"yoast-schema-graph\">{\"@context\":\"https:\/\/schema.org\",\"@graph\":[{\"@type\":\"WebPage\",\"@id\":\"https:\/\/www.miomiorun.com\/de\/produkt\/summit-high-trail-ss-herren-2\/\",\"url\":\"https:\/\/www.miomiorun.com\/de\/produkt\/summit-high-trail-ss-herren-2\/\",\"name\":\"The North Face Summit High Trail SS herren -Lauf-T-Shirt- MioMioRun\",\"isPartOf\":{\"@id\":\"https:\/\/www.miomiorun.com\/de\/#website\"},\"primaryImageOfPage\":{\"@id\":\"https:\/\/www.miomiorun.com\/de\/produkt\/summit-high-trail-ss-herren-2\/#primaryimage\"},\"image\":{\"@id\":\"https:\/\/www.miomiorun.com\/de\/produkt\/summit-high-trail-ss-herren-2\/#primaryimage\"},\"thumbnailUrl\":\"https:\/\/www.miomiorun.com\/app\/uploads\/2026\/02\/the-north-face-Summit-high-trail-SS-lava-red-NF0A88XCG6L1.webp\",\"datePublished\":\"2026-02-19T11:30:43+00:00\",\"dateModified\":\"2026-05-09T11:26:10+00:00\",\"description\":\"Summit High Trail T-Shirt mit FlashDry\u2122 und FlashDry-Pro\u2122, leicht und k\u00f6rpernah geschnitten, ideal f\u00fcr lange Trailrunning-Tage.\",\"breadcrumb\":{\"@id\":\"https:\/\/www.miomiorun.com\/de\/produkt\/summit-high-trail-ss-herren-2\/#breadcrumb\"},\"inLanguage\":\"de-DE\",\"potentialAction\":[{\"@type\":\"ReadAction\",\"target\":[\"https:\/\/www.miomiorun.com\/de\/produkt\/summit-high-trail-ss-herren-2\/\"]}]},{\"@type\":\"ImageObject\",\"inLanguage\":\"de-DE\",\"@id\":\"https:\/\/www.miomiorun.com\/de\/produkt\/summit-high-trail-ss-herren-2\/#primaryimage\",\"url\":\"https:\/\/www.miomiorun.com\/app\/uploads\/2026\/02\/the-north-face-Summit-high-trail-SS-lava-red-NF0A88XCG6L1.webp\",\"contentUrl\":\"https:\/\/www.miomiorun.com\/app\/uploads\/2026\/02\/the-north-face-Summit-high-trail-SS-lava-red-NF0A88XCG6L1.webp\",\"width\":720,\"height\":720,\"caption\":\"the north face Summit high trail SS lava red NF0A88XCG6L1\"},{\"@type\":\"BreadcrumbList\",\"@id\":\"https:\/\/www.miomiorun.com\/de\/produkt\/summit-high-trail-ss-herren-2\/#breadcrumb\",\"itemListElement\":[{\"@type\":\"ListItem\",\"position\":1,\"name\":\"Home\",\"item\":\"https:\/\/www.miomiorun.com\/de\/home-page\/\"},{\"@type\":\"ListItem\",\"position\":2,\"name\":\"Shop\",\"item\":\"https:\/\/www.miomiorun.com\/shop\/\"},{\"@type\":\"ListItem\",\"position\":3,\"name\":\"Summit High Trail SS herren\"}]},{\"@type\":\"WebSite\",\"@id\":\"https:\/\/www.miomiorun.com\/de\/#website\",\"url\":\"https:\/\/www.miomiorun.com\/de\/\",\"name\":\"MioMioRun\",\"description\":\"100% Lauf- und Trailshop\",\"publisher\":{\"@id\":\"https:\/\/www.miomiorun.com\/de\/#organization\"},\"potentialAction\":[{\"@type\":\"SearchAction\",\"target\":{\"@type\":\"EntryPoint\",\"urlTemplate\":\"https:\/\/www.miomiorun.com\/de\/?s={search_term_string}\"},\"query-input\":{\"@type\":\"PropertyValueSpecification\",\"valueRequired\":true,\"valueName\":\"search_term_string\"}}],\"inLanguage\":\"de-DE\"},{\"@type\":\"Organization\",\"@id\":\"https:\/\/www.miomiorun.com\/de\/#organization\",\"name\":\"MioMio Run\",\"url\":\"https:\/\/www.miomiorun.com\/de\/\",\"logo\":{\"@type\":\"ImageObject\",\"inLanguage\":\"de-DE\",\"@id\":\"https:\/\/www.miomiorun.com\/de\/#\/schema\/logo\/image\/\",\"url\":\"https:\/\/www.miomiorun.com\/app\/uploads\/2019\/12\/logomio.png\",\"contentUrl\":\"https:\/\/www.miomiorun.com\/app\/uploads\/2019\/12\/logomio.png\",\"width\":115,\"height\":82,\"caption\":\"MioMio Run\"},\"image\":{\"@id\":\"https:\/\/www.miomiorun.com\/de\/#\/schema\/logo\/image\/\"},\"sameAs\":[\"https:\/\/www.facebook.com\/miomiorun\/\",\"https:\/\/www.instagram.com\/miomiorun\/\"]}]}<\/script>\n<!-- \/ Yoast SEO plugin. -->","yoast_head_json":{"title":"The North Face Summit High Trail SS herren -Lauf-T-Shirt- MioMioRun","description":"Summit High Trail T-Shirt mit FlashDry\u2122 und FlashDry-Pro\u2122, leicht und k\u00f6rpernah geschnitten, ideal f\u00fcr lange Trailrunning-Tage.","robots":{"index":"index","follow":"follow","max-snippet":"max-snippet:-1","max-image-preview":"max-image-preview:large","max-video-preview":"max-video-preview:-1"},"canonical":"https:\/\/www.miomiorun.com\/de\/produkt\/summit-high-trail-ss-herren-2\/","og_locale":"de_DE","og_type":"article","og_title":"The North Face Summit High Trail SS herren -Lauf-T-Shirt- MioMioRun","og_description":"Summit High Trail T-Shirt mit FlashDry\u2122 und FlashDry-Pro\u2122, leicht und k\u00f6rpernah geschnitten, ideal f\u00fcr lange Trailrunning-Tage.","og_url":"https:\/\/www.miomiorun.com\/de\/produkt\/summit-high-trail-ss-herren-2\/","og_site_name":"MioMioRun","article_publisher":"https:\/\/www.facebook.com\/miomiorun\/","article_modified_time":"2026-05-09T11:26:10+00:00","og_image":[{"width":720,"height":720,"url":"https:\/\/www.miomiorun.com\/app\/uploads\/2026\/02\/the-north-face-Summit-high-trail-SS-lava-red-NF0A88XCG6L1.webp","type":"image\/webp"}],"twitter_card":"summary_large_image","twitter_misc":{"Est. reading time":"1 minute"},"schema":{"@context":"https:\/\/schema.org","@graph":[{"@type":"WebPage","@id":"https:\/\/www.miomiorun.com\/de\/produkt\/summit-high-trail-ss-herren-2\/","url":"https:\/\/www.miomiorun.com\/de\/produkt\/summit-high-trail-ss-herren-2\/","name":"The North Face Summit High Trail SS herren -Lauf-T-Shirt- MioMioRun","isPartOf":{"@id":"https:\/\/www.miomiorun.com\/de\/#website"},"primaryImageOfPage":{"@id":"https:\/\/www.miomiorun.com\/de\/produkt\/summit-high-trail-ss-herren-2\/#primaryimage"},"image":{"@id":"https:\/\/www.miomiorun.com\/de\/produkt\/summit-high-trail-ss-herren-2\/#primaryimage"},"thumbnailUrl":"https:\/\/www.miomiorun.com\/app\/uploads\/2026\/02\/the-north-face-Summit-high-trail-SS-lava-red-NF0A88XCG6L1.webp","datePublished":"2026-02-19T11:30:43+00:00","dateModified":"2026-05-09T11:26:10+00:00","description":"Summit High Trail T-Shirt mit FlashDry\u2122 und FlashDry-Pro\u2122, leicht und k\u00f6rpernah geschnitten, ideal f\u00fcr lange Trailrunning-Tage.","breadcrumb":{"@id":"https:\/\/www.miomiorun.com\/de\/produkt\/summit-high-trail-ss-herren-2\/#breadcrumb"},"inLanguage":"de-DE","potentialAction":[{"@type":"ReadAction","target":["https:\/\/www.miomiorun.com\/de\/produkt\/summit-high-trail-ss-herren-2\/"]}]},{"@type":"ImageObject","inLanguage":"de-DE","@id":"https:\/\/www.miomiorun.com\/de\/produkt\/summit-high-trail-ss-herren-2\/#primaryimage","url":"https:\/\/www.miomiorun.com\/app\/uploads\/2026\/02\/the-north-face-Summit-high-trail-SS-lava-red-NF0A88XCG6L1.webp","contentUrl":"https:\/\/www.miomiorun.com\/app\/uploads\/2026\/02\/the-north-face-Summit-high-trail-SS-lava-red-NF0A88XCG6L1.webp","width":720,"height":720,"caption":"the north face Summit high trail SS lava red NF0A88XCG6L1"},{"@type":"BreadcrumbList","@id":"https:\/\/www.miomiorun.com\/de\/produkt\/summit-high-trail-ss-herren-2\/#breadcrumb","itemListElement":[{"@type":"ListItem","position":1,"name":"Home","item":"https:\/\/www.miomiorun.com\/de\/home-page\/"},{"@type":"ListItem","position":2,"name":"Shop","item":"https:\/\/www.miomiorun.com\/shop\/"},{"@type":"ListItem","position":3,"name":"Summit High Trail SS herren"}]},{"@type":"WebSite","@id":"https:\/\/www.miomiorun.com\/de\/#website","url":"https:\/\/www.miomiorun.com\/de\/","name":"MioMioRun","description":"100% Lauf- und Trailshop","publisher":{"@id":"https:\/\/www.miomiorun.com\/de\/#organization"},"potentialAction":[{"@type":"SearchAction","target":{"@type":"EntryPoint","urlTemplate":"https:\/\/www.miomiorun.com\/de\/?s={search_term_string}"},"query-input":{"@type":"PropertyValueSpecification","valueRequired":true,"valueName":"search_term_string"}}],"inLanguage":"de-DE"},{"@type":"Organization","@id":"https:\/\/www.miomiorun.com\/de\/#organization","name":"MioMio Run","url":"https:\/\/www.miomiorun.com\/de\/","logo":{"@type":"ImageObject","inLanguage":"de-DE","@id":"https:\/\/www.miomiorun.com\/de\/#\/schema\/logo\/image\/","url":"https:\/\/www.miomiorun.com\/app\/uploads\/2019\/12\/logomio.png","contentUrl":"https:\/\/www.miomiorun.com\/app\/uploads\/2019\/12\/logomio.png","width":115,"height":82,"caption":"MioMio Run"},"image":{"@id":"https:\/\/www.miomiorun.com\/de\/#\/schema\/logo\/image\/"},"sameAs":["https:\/\/www.facebook.com\/miomiorun\/","https:\/\/www.instagram.com\/miomiorun\/"]}]}},"_links":{"self":[{"href":"https:\/\/www.miomiorun.com\/de\/wp-json\/wp\/v2\/product\/408440","targetHints":{"allow":["GET"]}}],"collection":[{"href":"https:\/\/www.miomiorun.com\/de\/wp-json\/wp\/v2\/product"}],"about":[{"href":"https:\/\/www.miomiorun.com\/de\/wp-json\/wp\/v2\/types\/product"}],"wp:featuredmedia":[{"embeddable":true,"href":"https:\/\/www.miomiorun.com\/de\/wp-json\/wp\/v2\/media\/410412"}],"wp:attachment":[{"href":"https:\/\/www.miomiorun.com\/de\/wp-json\/wp\/v2\/media?parent=408440"}],"wp:term":[{"taxonomy":"product_brand","embeddable":true,"href":"https:\/\/www.miomiorun.com\/de\/wp-json\/wp\/v2\/product_brand?post=408440"},{"taxonomy":"product_cat","embeddable":true,"href":"https:\/\/www.miomiorun.com\/de\/wp-json\/wp\/v2\/product_cat?post=408440"},{"taxonomy":"product_tag","embeddable":true,"href":"https:\/\/www.miomiorun.com\/de\/wp-json\/wp\/v2\/product_tag?post=408440"}],"curies":[{"name":"wp","href":"https:\/\/api.w.org\/{rel}","templated":true}]}}