{"id":408414,"date":"2026-02-19T12:22:51","date_gmt":"2026-02-19T11:22:51","guid":{"rendered":"https:\/\/www.miomiorun.com\/?post_type=product&#038;p=408414"},"modified":"2026-05-09T13:25:06","modified_gmt":"2026-05-09T11:25:06","slug":"summit-high-trail-tank-damen","status":"publish","type":"product","link":"https:\/\/www.miomiorun.com\/de\/produkt\/summit-high-trail-tank-damen\/","title":{"rendered":"Summit High Trail tank damen"},"content":{"rendered":"<p data-start=\"200\" data-end=\"513\">Das technische Lauf-Tanktop \u201eSummit High Trail\u201c wurde entwickelt, um Komfort auf den Trails zu bieten. Es verf\u00fcgt \u00fcber eine schmale Passform, die sich dem K\u00f6rper anpasst und f\u00fcr einen figurbetonten Look sorgt. Es besteht zu 100 % aus recyceltem Polyester und ist mit der leichten FlashDry-Pro\u2122-Technologie ausgestattet, die Schwei\u00df und Feuchtigkeit w\u00e4hrend des Trainings ableitet.<\/p>\n<p data-start=\"515\" data-end=\"803\">Der thermoverschwei\u00dfte Kragen mit schlichten Details sorgt f\u00fcr zus\u00e4tzlichen Komfort, w\u00e4hrend die plissierten N\u00e4hte zu einer wettkampftauglichen Passform beitragen. Die Schlitze an den Seitenn\u00e4hten f\u00f6rdern die Bewegungsfreiheit. Logos und reflektierende Details runden das Design ab.<\/p>\n<p>&nbsp;<\/p>\n<p>&nbsp;<\/p>\n","protected":false},"excerpt":{"rendered":"<ul>\n<li data-start=\"835\" data-end=\"884\">FlashDry-Pro\u2122-Material f\u00fcr Feuchtigkeitsmanagement<\/li>\n<li data-start=\"887\" data-end=\"930\">Schlanke Passform mit plissierten N\u00e4hten<\/li>\n<li data-start=\"933\" data-end=\"974\">Seitliche Schlitze und reflektierende Details<\/li>\n<\/ul>\n","protected":false},"featured_media":410350,"template":"","meta":{"_acf_changed":false,"inline_featured_image":false},"product_brand":[],"product_cat":[6401,6403],"product_tag":[32390,32394],"class_list":{"0":"post-408414","1":"product","2":"type-product","3":"status-publish","4":"has-post-thumbnail","6":"product_cat-damenbekleidung","7":"product_cat-damentank-tops","8":"product_tag-the-north-face-de","9":"product_tag-the-north-face-damen","10":"pa_attivita-gehen","11":"pa_attivita-running-de","12":"pa_attivita-trail-de","13":"pa_colore-summit-high-trail-tank-frost-grey","14":"pa_colore-summit-high-trail-tank-w-lava-red","15":"pa_marca-the-north-face-de","16":"pa_sesso-damen","17":"pa_size-extra-small-de","18":"pa_size-small-de","20":"first","21":"instock","22":"sale","23":"taxable","24":"shipping-taxable","25":"purchasable","26":"product-type-variable","27":"wvs-archive-product-wrapper"},"acf":[],"yoast_head":"<!-- This site is optimized with the Yoast SEO plugin v26.8 - https:\/\/yoast.com\/product\/yoast-seo-wordpress\/ -->\n<title>The North Face Summit High Trail tank damen Lauf-Tanktop - MioMioRun<\/title>\n<meta name=\"description\" content=\"Summit High Trail Tank Slim aus recyceltem Polyester mit FlashDry-Pro\u2122 \u2013 leicht und atmungsaktiv mit reflektierenden Details. Entdecke ihn auf unserer Website!\" \/>\n<meta name=\"robots\" content=\"index, follow, max-snippet:-1, max-image-preview:large, max-video-preview:-1\" \/>\n<link rel=\"canonical\" href=\"https:\/\/www.miomiorun.com\/de\/produkt\/summit-high-trail-tank-damen\/\" \/>\n<meta property=\"og:locale\" content=\"de_DE\" \/>\n<meta property=\"og:type\" content=\"article\" \/>\n<meta property=\"og:title\" content=\"The North Face Summit High Trail tank damen Lauf-Tanktop - MioMioRun\" \/>\n<meta property=\"og:description\" content=\"Summit High Trail Tank Slim aus recyceltem Polyester mit FlashDry-Pro\u2122 \u2013 leicht und atmungsaktiv mit reflektierenden Details. Entdecke ihn auf unserer Website!\" \/>\n<meta property=\"og:url\" content=\"https:\/\/www.miomiorun.com\/de\/produkt\/summit-high-trail-tank-damen\/\" \/>\n<meta property=\"og:site_name\" content=\"MioMioRun\" \/>\n<meta property=\"article:publisher\" content=\"https:\/\/www.facebook.com\/miomiorun\/\" \/>\n<meta property=\"article:modified_time\" content=\"2026-05-09T11:25:06+00:00\" \/>\n<meta property=\"og:image\" content=\"https:\/\/www.miomiorun.com\/app\/uploads\/2026\/02\/the-north-face-Summit-high-trail-tank-W-lava-red-NF0A89B5G6L1.webp\" \/>\n\t<meta property=\"og:image:width\" content=\"720\" \/>\n\t<meta property=\"og:image:height\" content=\"720\" \/>\n\t<meta property=\"og:image:type\" content=\"image\/webp\" \/>\n<meta name=\"twitter:card\" content=\"summary_large_image\" \/>\n<meta name=\"twitter:label1\" content=\"Est. reading time\" \/>\n\t<meta name=\"twitter:data1\" content=\"1 minute\" \/>\n<script type=\"application\/ld+json\" class=\"yoast-schema-graph\">{\"@context\":\"https:\/\/schema.org\",\"@graph\":[{\"@type\":\"WebPage\",\"@id\":\"https:\/\/www.miomiorun.com\/de\/produkt\/summit-high-trail-tank-damen\/\",\"url\":\"https:\/\/www.miomiorun.com\/de\/produkt\/summit-high-trail-tank-damen\/\",\"name\":\"The North Face Summit High Trail tank damen Lauf-Tanktop - MioMioRun\",\"isPartOf\":{\"@id\":\"https:\/\/www.miomiorun.com\/de\/#website\"},\"primaryImageOfPage\":{\"@id\":\"https:\/\/www.miomiorun.com\/de\/produkt\/summit-high-trail-tank-damen\/#primaryimage\"},\"image\":{\"@id\":\"https:\/\/www.miomiorun.com\/de\/produkt\/summit-high-trail-tank-damen\/#primaryimage\"},\"thumbnailUrl\":\"https:\/\/www.miomiorun.com\/app\/uploads\/2026\/02\/the-north-face-Summit-high-trail-tank-W-lava-red-NF0A89B5G6L1.webp\",\"datePublished\":\"2026-02-19T11:22:51+00:00\",\"dateModified\":\"2026-05-09T11:25:06+00:00\",\"description\":\"Summit High Trail Tank Slim aus recyceltem Polyester mit FlashDry-Pro\u2122 \u2013 leicht und atmungsaktiv mit reflektierenden Details. Entdecke ihn auf unserer Website!\",\"breadcrumb\":{\"@id\":\"https:\/\/www.miomiorun.com\/de\/produkt\/summit-high-trail-tank-damen\/#breadcrumb\"},\"inLanguage\":\"de-DE\",\"potentialAction\":[{\"@type\":\"ReadAction\",\"target\":[\"https:\/\/www.miomiorun.com\/de\/produkt\/summit-high-trail-tank-damen\/\"]}]},{\"@type\":\"ImageObject\",\"inLanguage\":\"de-DE\",\"@id\":\"https:\/\/www.miomiorun.com\/de\/produkt\/summit-high-trail-tank-damen\/#primaryimage\",\"url\":\"https:\/\/www.miomiorun.com\/app\/uploads\/2026\/02\/the-north-face-Summit-high-trail-tank-W-lava-red-NF0A89B5G6L1.webp\",\"contentUrl\":\"https:\/\/www.miomiorun.com\/app\/uploads\/2026\/02\/the-north-face-Summit-high-trail-tank-W-lava-red-NF0A89B5G6L1.webp\",\"width\":720,\"height\":720,\"caption\":\"the north face Summit high trail tank W lava red NF0A89B5G6L1\"},{\"@type\":\"BreadcrumbList\",\"@id\":\"https:\/\/www.miomiorun.com\/de\/produkt\/summit-high-trail-tank-damen\/#breadcrumb\",\"itemListElement\":[{\"@type\":\"ListItem\",\"position\":1,\"name\":\"Home\",\"item\":\"https:\/\/www.miomiorun.com\/de\/\"},{\"@type\":\"ListItem\",\"position\":2,\"name\":\"Shop\",\"item\":\"https:\/\/www.miomiorun.com\/shop\/\"},{\"@type\":\"ListItem\",\"position\":3,\"name\":\"Summit High Trail tank damen\"}]},{\"@type\":\"WebSite\",\"@id\":\"https:\/\/www.miomiorun.com\/de\/#website\",\"url\":\"https:\/\/www.miomiorun.com\/de\/\",\"name\":\"MioMioRun\",\"description\":\"100% Lauf- und Trailshop\",\"publisher\":{\"@id\":\"https:\/\/www.miomiorun.com\/de\/#organization\"},\"potentialAction\":[{\"@type\":\"SearchAction\",\"target\":{\"@type\":\"EntryPoint\",\"urlTemplate\":\"https:\/\/www.miomiorun.com\/de\/?s={search_term_string}\"},\"query-input\":{\"@type\":\"PropertyValueSpecification\",\"valueRequired\":true,\"valueName\":\"search_term_string\"}}],\"inLanguage\":\"de-DE\"},{\"@type\":\"Organization\",\"@id\":\"https:\/\/www.miomiorun.com\/de\/#organization\",\"name\":\"MioMio Run\",\"url\":\"https:\/\/www.miomiorun.com\/de\/\",\"logo\":{\"@type\":\"ImageObject\",\"inLanguage\":\"de-DE\",\"@id\":\"https:\/\/www.miomiorun.com\/de\/#\/schema\/logo\/image\/\",\"url\":\"https:\/\/www.miomiorun.com\/app\/uploads\/2019\/12\/logomio.png\",\"contentUrl\":\"https:\/\/www.miomiorun.com\/app\/uploads\/2019\/12\/logomio.png\",\"width\":115,\"height\":82,\"caption\":\"MioMio Run\"},\"image\":{\"@id\":\"https:\/\/www.miomiorun.com\/de\/#\/schema\/logo\/image\/\"},\"sameAs\":[\"https:\/\/www.facebook.com\/miomiorun\/\",\"https:\/\/www.instagram.com\/miomiorun\/\"]}]}<\/script>\n<!-- \/ Yoast SEO plugin. -->","yoast_head_json":{"title":"The North Face Summit High Trail tank damen Lauf-Tanktop - MioMioRun","description":"Summit High Trail Tank Slim aus recyceltem Polyester mit FlashDry-Pro\u2122 \u2013 leicht und atmungsaktiv mit reflektierenden Details. Entdecke ihn auf unserer Website!","robots":{"index":"index","follow":"follow","max-snippet":"max-snippet:-1","max-image-preview":"max-image-preview:large","max-video-preview":"max-video-preview:-1"},"canonical":"https:\/\/www.miomiorun.com\/de\/produkt\/summit-high-trail-tank-damen\/","og_locale":"de_DE","og_type":"article","og_title":"The North Face Summit High Trail tank damen Lauf-Tanktop - MioMioRun","og_description":"Summit High Trail Tank Slim aus recyceltem Polyester mit FlashDry-Pro\u2122 \u2013 leicht und atmungsaktiv mit reflektierenden Details. Entdecke ihn auf unserer Website!","og_url":"https:\/\/www.miomiorun.com\/de\/produkt\/summit-high-trail-tank-damen\/","og_site_name":"MioMioRun","article_publisher":"https:\/\/www.facebook.com\/miomiorun\/","article_modified_time":"2026-05-09T11:25:06+00:00","og_image":[{"width":720,"height":720,"url":"https:\/\/www.miomiorun.com\/app\/uploads\/2026\/02\/the-north-face-Summit-high-trail-tank-W-lava-red-NF0A89B5G6L1.webp","type":"image\/webp"}],"twitter_card":"summary_large_image","twitter_misc":{"Est. reading time":"1 minute"},"schema":{"@context":"https:\/\/schema.org","@graph":[{"@type":"WebPage","@id":"https:\/\/www.miomiorun.com\/de\/produkt\/summit-high-trail-tank-damen\/","url":"https:\/\/www.miomiorun.com\/de\/produkt\/summit-high-trail-tank-damen\/","name":"The North Face Summit High Trail tank damen Lauf-Tanktop - MioMioRun","isPartOf":{"@id":"https:\/\/www.miomiorun.com\/de\/#website"},"primaryImageOfPage":{"@id":"https:\/\/www.miomiorun.com\/de\/produkt\/summit-high-trail-tank-damen\/#primaryimage"},"image":{"@id":"https:\/\/www.miomiorun.com\/de\/produkt\/summit-high-trail-tank-damen\/#primaryimage"},"thumbnailUrl":"https:\/\/www.miomiorun.com\/app\/uploads\/2026\/02\/the-north-face-Summit-high-trail-tank-W-lava-red-NF0A89B5G6L1.webp","datePublished":"2026-02-19T11:22:51+00:00","dateModified":"2026-05-09T11:25:06+00:00","description":"Summit High Trail Tank Slim aus recyceltem Polyester mit FlashDry-Pro\u2122 \u2013 leicht und atmungsaktiv mit reflektierenden Details. Entdecke ihn auf unserer Website!","breadcrumb":{"@id":"https:\/\/www.miomiorun.com\/de\/produkt\/summit-high-trail-tank-damen\/#breadcrumb"},"inLanguage":"de-DE","potentialAction":[{"@type":"ReadAction","target":["https:\/\/www.miomiorun.com\/de\/produkt\/summit-high-trail-tank-damen\/"]}]},{"@type":"ImageObject","inLanguage":"de-DE","@id":"https:\/\/www.miomiorun.com\/de\/produkt\/summit-high-trail-tank-damen\/#primaryimage","url":"https:\/\/www.miomiorun.com\/app\/uploads\/2026\/02\/the-north-face-Summit-high-trail-tank-W-lava-red-NF0A89B5G6L1.webp","contentUrl":"https:\/\/www.miomiorun.com\/app\/uploads\/2026\/02\/the-north-face-Summit-high-trail-tank-W-lava-red-NF0A89B5G6L1.webp","width":720,"height":720,"caption":"the north face Summit high trail tank W lava red NF0A89B5G6L1"},{"@type":"BreadcrumbList","@id":"https:\/\/www.miomiorun.com\/de\/produkt\/summit-high-trail-tank-damen\/#breadcrumb","itemListElement":[{"@type":"ListItem","position":1,"name":"Home","item":"https:\/\/www.miomiorun.com\/de\/"},{"@type":"ListItem","position":2,"name":"Shop","item":"https:\/\/www.miomiorun.com\/shop\/"},{"@type":"ListItem","position":3,"name":"Summit High Trail tank damen"}]},{"@type":"WebSite","@id":"https:\/\/www.miomiorun.com\/de\/#website","url":"https:\/\/www.miomiorun.com\/de\/","name":"MioMioRun","description":"100% Lauf- und Trailshop","publisher":{"@id":"https:\/\/www.miomiorun.com\/de\/#organization"},"potentialAction":[{"@type":"SearchAction","target":{"@type":"EntryPoint","urlTemplate":"https:\/\/www.miomiorun.com\/de\/?s={search_term_string}"},"query-input":{"@type":"PropertyValueSpecification","valueRequired":true,"valueName":"search_term_string"}}],"inLanguage":"de-DE"},{"@type":"Organization","@id":"https:\/\/www.miomiorun.com\/de\/#organization","name":"MioMio Run","url":"https:\/\/www.miomiorun.com\/de\/","logo":{"@type":"ImageObject","inLanguage":"de-DE","@id":"https:\/\/www.miomiorun.com\/de\/#\/schema\/logo\/image\/","url":"https:\/\/www.miomiorun.com\/app\/uploads\/2019\/12\/logomio.png","contentUrl":"https:\/\/www.miomiorun.com\/app\/uploads\/2019\/12\/logomio.png","width":115,"height":82,"caption":"MioMio Run"},"image":{"@id":"https:\/\/www.miomiorun.com\/de\/#\/schema\/logo\/image\/"},"sameAs":["https:\/\/www.facebook.com\/miomiorun\/","https:\/\/www.instagram.com\/miomiorun\/"]}]}},"_links":{"self":[{"href":"https:\/\/www.miomiorun.com\/de\/wp-json\/wp\/v2\/product\/408414","targetHints":{"allow":["GET"]}}],"collection":[{"href":"https:\/\/www.miomiorun.com\/de\/wp-json\/wp\/v2\/product"}],"about":[{"href":"https:\/\/www.miomiorun.com\/de\/wp-json\/wp\/v2\/types\/product"}],"wp:featuredmedia":[{"embeddable":true,"href":"https:\/\/www.miomiorun.com\/de\/wp-json\/wp\/v2\/media\/410350"}],"wp:attachment":[{"href":"https:\/\/www.miomiorun.com\/de\/wp-json\/wp\/v2\/media?parent=408414"}],"wp:term":[{"taxonomy":"product_brand","embeddable":true,"href":"https:\/\/www.miomiorun.com\/de\/wp-json\/wp\/v2\/product_brand?post=408414"},{"taxonomy":"product_cat","embeddable":true,"href":"https:\/\/www.miomiorun.com\/de\/wp-json\/wp\/v2\/product_cat?post=408414"},{"taxonomy":"product_tag","embeddable":true,"href":"https:\/\/www.miomiorun.com\/de\/wp-json\/wp\/v2\/product_tag?post=408414"}],"curies":[{"name":"wp","href":"https:\/\/api.w.org\/{rel}","templated":true}]}}