{"id":407790,"date":"2026-02-19T10:03:11","date_gmt":"2026-02-19T09:03:11","guid":{"rendered":"https:\/\/www.miomiorun.com\/?post_type=product&#038;p=407790"},"modified":"2026-05-09T13:22:05","modified_gmt":"2026-05-09T11:22:05","slug":"mach-7-herren","status":"publish","type":"product","link":"https:\/\/www.miomiorun.com\/de\/produkt\/mach-7-herren\/","title":{"rendered":"Mach 7 herren"},"content":{"rendered":"<table style=\"border-collapse: collapse;width: 100%\">\n<tbody>\n<tr>\n<td style=\"width: 33.3333%;text-align: left\">\n<h4>Technische Daten<\/h4>\n<p>Kategorie: Reaktive D\u00e4mpfung<br \/>\nSprengung: 5 mm<br \/>\nGewicht: 237 g<br \/>\nIdeal f\u00fcr: schnelle L\u00e4ufer und Wettkampftraining; dank seiner weichen und reaktiven D\u00e4mpfung eignet er sich auch gut f\u00fcr weniger leistungsstarke L\u00e4ufer, die einen reaktiven Schuh f\u00fcr mittlere bis kurze Trainingseinheiten suchen.<br \/>\nL\u00e4ufergewicht: &lt; 70 kg<br \/>\nLauftempo: &lt; 4:30 min\/km<br \/>\n<a href=\"https:\/\/miomiorun.com\/guida-alle-specifiche-tecniche\/\">Leitfaden zu den technischen Spezifikationen<\/a><\/td>\n<td style=\"width: 66.6666%;text-align: left\">\n<p data-start=\"184\" data-end=\"516\">Der Mach 7 ist f\u00fcr alle gedacht, die jeden Tag auf Asphalt ihr Bestes geben wollen. Er wurde f\u00fcr das Stra\u00dfenlaufen entwickelt und vereint leichte D\u00e4mpfung und Energier\u00fcckgabe in einem auf Geschwindigkeit ausgerichteten Schuh. Die Zwischensohle aus superkritischem EVA-Schaumstoff wurde entwickelt, um eine reaktive D\u00e4mpfung zu bieten und gleichzeitig ein dynamisches Laufgef\u00fchl zu gew\u00e4hrleisten.<\/p>\n<p data-start=\"518\" data-end=\"908\">Das neue Obermaterial aus Creel-Jacquard wurde konzipiert, um die Atmungsaktivit\u00e4t an strategischen Stellen zu verbessern und zur Gewichtsreduzierung beizutragen. Die innere Zunge mit Faltenbalgstruktur sorgt f\u00fcr eine passgenaue und pr\u00e4zise Passform. Der Vorfu\u00dfbereich aus hochgriffigem Gummi sorgt f\u00fcr Halt, w\u00e4hrend das Durabrasion-Gummi an der Ferse f\u00fcr Bereiche mit h\u00f6herem Verschlei\u00df ausgelegt ist.<\/p>\n<p data-start=\"910\" data-end=\"1061\">Der Mach 7 beh\u00e4lt die bew\u00e4hrten Materialien des Vorg\u00e4ngermodells bei und aktualisiert das Design mit futuristischen Linien und einer auf Geschwindigkeit ausgerichteten Konstruktion.<\/p>\n<\/td>\n<\/tr>\n<\/tbody>\n<\/table>\n<p>&nbsp;<\/p>\n","protected":false},"excerpt":{"rendered":"<ul>\n<li data-start=\"1093\" data-end=\"1154\">Zwischensohle aus superkritischem EVA f\u00fcr reaktive D\u00e4mpfung<\/li>\n<li data-start=\"1157\" data-end=\"1216\">Obermaterial aus atmungsaktivem Creel-Jacquard an strategischen Stellen<\/li>\n<li data-start=\"1219\" data-end=\"1290\">Gummisohle mit hoher Griffigkeit im Vorfu\u00dfbereich und Durabrasion Rubber an der Ferse<\/li>\n<\/ul>\n","protected":false},"featured_media":415011,"template":"","meta":{"_acf_changed":false,"inline_featured_image":false},"product_brand":[],"product_cat":[6507,6506],"product_tag":[3373,6226],"class_list":{"0":"post-407790","1":"product","2":"type-product","3":"status-publish","4":"has-post-thumbnail","6":"product_cat-herren-schuhe-de","7":"product_cat-neutrale-herren-schuhe-de","8":"product_tag-hoka-one-one-de","9":"product_tag-hoka-one-one-herren-de","10":"pa_attivita-fitness-de","11":"pa_attivita-gehen","12":"pa_attivita-running-de","13":"pa_colore-mach-7-black-white","14":"pa_colore-mach-7-cobalt-blue-neon-green","15":"pa_colore-mach-7-frost-neon-yuzu","16":"pa_colore-mach-7-varsity-navy-faded-navy","17":"pa_marca-hoka-de","18":"pa_sesso-herren","19":"pa_size-41-de","20":"pa_size-42-de","22":"pa_size-43-de","23":"pa_size-44-de","25":"pa_size-45-de","26":"pa_size-46-de","28":"pa_size-47-de","30":"first","31":"instock","32":"sale","33":"taxable","34":"shipping-taxable","35":"purchasable","36":"product-type-variable","37":"wvs-archive-product-wrapper"},"acf":[],"yoast_head":"<!-- This site is optimized with the Yoast SEO plugin v26.8 - https:\/\/yoast.com\/product\/yoast-seo-wordpress\/ -->\n<title>Hoka Mach 7 herren - Laufschuhe - MioMioRun.com<\/title>\n<meta name=\"description\" content=\"Mach 7 f\u00fcr den Stra\u00dfenlauf mit reaktivem, \u00fcberkritischem EVA, atmungsaktivem Creel-Jacquard-Obermaterial und griffiger Gummisohle f\u00fcr schnelles Laufen.\" \/>\n<meta name=\"robots\" content=\"index, follow, max-snippet:-1, max-image-preview:large, max-video-preview:-1\" \/>\n<link rel=\"canonical\" href=\"https:\/\/www.miomiorun.com\/de\/produkt\/mach-7-herren\/\" \/>\n<meta property=\"og:locale\" content=\"de_DE\" \/>\n<meta property=\"og:type\" content=\"article\" \/>\n<meta property=\"og:title\" content=\"Hoka Mach 7 herren - Laufschuhe - MioMioRun.com\" \/>\n<meta property=\"og:description\" content=\"Mach 7 f\u00fcr den Stra\u00dfenlauf mit reaktivem, \u00fcberkritischem EVA, atmungsaktivem Creel-Jacquard-Obermaterial und griffiger Gummisohle f\u00fcr schnelles Laufen.\" \/>\n<meta property=\"og:url\" content=\"https:\/\/www.miomiorun.com\/de\/produkt\/mach-7-herren\/\" \/>\n<meta property=\"og:site_name\" content=\"MioMioRun\" \/>\n<meta property=\"article:publisher\" content=\"https:\/\/www.facebook.com\/miomiorun\/\" \/>\n<meta property=\"article:modified_time\" content=\"2026-05-09T11:22:05+00:00\" \/>\n<meta property=\"og:image\" content=\"https:\/\/www.miomiorun.com\/app\/uploads\/2026\/03\/hoka-Mach-7-frost-neon-yuzu-1171904-FYZ.webp\" \/>\n\t<meta property=\"og:image:width\" content=\"720\" \/>\n\t<meta property=\"og:image:height\" content=\"720\" \/>\n\t<meta property=\"og:image:type\" content=\"image\/webp\" \/>\n<meta name=\"twitter:card\" content=\"summary_large_image\" \/>\n<meta name=\"twitter:label1\" content=\"Est. reading time\" \/>\n\t<meta name=\"twitter:data1\" content=\"1 minute\" \/>\n<script type=\"application\/ld+json\" class=\"yoast-schema-graph\">{\"@context\":\"https:\/\/schema.org\",\"@graph\":[{\"@type\":\"WebPage\",\"@id\":\"https:\/\/www.miomiorun.com\/de\/produkt\/mach-7-herren\/\",\"url\":\"https:\/\/www.miomiorun.com\/de\/produkt\/mach-7-herren\/\",\"name\":\"Hoka Mach 7 herren - Laufschuhe - MioMioRun.com\",\"isPartOf\":{\"@id\":\"https:\/\/www.miomiorun.com\/de\/#website\"},\"primaryImageOfPage\":{\"@id\":\"https:\/\/www.miomiorun.com\/de\/produkt\/mach-7-herren\/#primaryimage\"},\"image\":{\"@id\":\"https:\/\/www.miomiorun.com\/de\/produkt\/mach-7-herren\/#primaryimage\"},\"thumbnailUrl\":\"https:\/\/www.miomiorun.com\/app\/uploads\/2026\/03\/hoka-Mach-7-frost-neon-yuzu-1171904-FYZ.webp\",\"datePublished\":\"2026-02-19T09:03:11+00:00\",\"dateModified\":\"2026-05-09T11:22:05+00:00\",\"description\":\"Mach 7 f\u00fcr den Stra\u00dfenlauf mit reaktivem, \u00fcberkritischem EVA, atmungsaktivem Creel-Jacquard-Obermaterial und griffiger Gummisohle f\u00fcr schnelles Laufen.\",\"breadcrumb\":{\"@id\":\"https:\/\/www.miomiorun.com\/de\/produkt\/mach-7-herren\/#breadcrumb\"},\"inLanguage\":\"de-DE\",\"potentialAction\":[{\"@type\":\"ReadAction\",\"target\":[\"https:\/\/www.miomiorun.com\/de\/produkt\/mach-7-herren\/\"]}]},{\"@type\":\"ImageObject\",\"inLanguage\":\"de-DE\",\"@id\":\"https:\/\/www.miomiorun.com\/de\/produkt\/mach-7-herren\/#primaryimage\",\"url\":\"https:\/\/www.miomiorun.com\/app\/uploads\/2026\/03\/hoka-Mach-7-frost-neon-yuzu-1171904-FYZ.webp\",\"contentUrl\":\"https:\/\/www.miomiorun.com\/app\/uploads\/2026\/03\/hoka-Mach-7-frost-neon-yuzu-1171904-FYZ.webp\",\"width\":720,\"height\":720,\"caption\":\"hoka Mach 7 frost neon yuzu 1171904 FYZ\"},{\"@type\":\"BreadcrumbList\",\"@id\":\"https:\/\/www.miomiorun.com\/de\/produkt\/mach-7-herren\/#breadcrumb\",\"itemListElement\":[{\"@type\":\"ListItem\",\"position\":1,\"name\":\"Home\",\"item\":\"https:\/\/www.miomiorun.com\/de\/\"},{\"@type\":\"ListItem\",\"position\":2,\"name\":\"Shop\",\"item\":\"https:\/\/www.miomiorun.com\/shop\/\"},{\"@type\":\"ListItem\",\"position\":3,\"name\":\"Mach 7 herren\"}]},{\"@type\":\"WebSite\",\"@id\":\"https:\/\/www.miomiorun.com\/de\/#website\",\"url\":\"https:\/\/www.miomiorun.com\/de\/\",\"name\":\"MioMioRun\",\"description\":\"100% Lauf- und Trailshop\",\"publisher\":{\"@id\":\"https:\/\/www.miomiorun.com\/de\/#organization\"},\"potentialAction\":[{\"@type\":\"SearchAction\",\"target\":{\"@type\":\"EntryPoint\",\"urlTemplate\":\"https:\/\/www.miomiorun.com\/de\/?s={search_term_string}\"},\"query-input\":{\"@type\":\"PropertyValueSpecification\",\"valueRequired\":true,\"valueName\":\"search_term_string\"}}],\"inLanguage\":\"de-DE\"},{\"@type\":\"Organization\",\"@id\":\"https:\/\/www.miomiorun.com\/de\/#organization\",\"name\":\"MioMio Run\",\"url\":\"https:\/\/www.miomiorun.com\/de\/\",\"logo\":{\"@type\":\"ImageObject\",\"inLanguage\":\"de-DE\",\"@id\":\"https:\/\/www.miomiorun.com\/de\/#\/schema\/logo\/image\/\",\"url\":\"https:\/\/www.miomiorun.com\/app\/uploads\/2019\/12\/logomio.png\",\"contentUrl\":\"https:\/\/www.miomiorun.com\/app\/uploads\/2019\/12\/logomio.png\",\"width\":115,\"height\":82,\"caption\":\"MioMio Run\"},\"image\":{\"@id\":\"https:\/\/www.miomiorun.com\/de\/#\/schema\/logo\/image\/\"},\"sameAs\":[\"https:\/\/www.facebook.com\/miomiorun\/\",\"https:\/\/www.instagram.com\/miomiorun\/\"]}]}<\/script>\n<!-- \/ Yoast SEO plugin. -->","yoast_head_json":{"title":"Hoka Mach 7 herren - Laufschuhe - MioMioRun.com","description":"Mach 7 f\u00fcr den Stra\u00dfenlauf mit reaktivem, \u00fcberkritischem EVA, atmungsaktivem Creel-Jacquard-Obermaterial und griffiger Gummisohle f\u00fcr schnelles Laufen.","robots":{"index":"index","follow":"follow","max-snippet":"max-snippet:-1","max-image-preview":"max-image-preview:large","max-video-preview":"max-video-preview:-1"},"canonical":"https:\/\/www.miomiorun.com\/de\/produkt\/mach-7-herren\/","og_locale":"de_DE","og_type":"article","og_title":"Hoka Mach 7 herren - Laufschuhe - MioMioRun.com","og_description":"Mach 7 f\u00fcr den Stra\u00dfenlauf mit reaktivem, \u00fcberkritischem EVA, atmungsaktivem Creel-Jacquard-Obermaterial und griffiger Gummisohle f\u00fcr schnelles Laufen.","og_url":"https:\/\/www.miomiorun.com\/de\/produkt\/mach-7-herren\/","og_site_name":"MioMioRun","article_publisher":"https:\/\/www.facebook.com\/miomiorun\/","article_modified_time":"2026-05-09T11:22:05+00:00","og_image":[{"width":720,"height":720,"url":"https:\/\/www.miomiorun.com\/app\/uploads\/2026\/03\/hoka-Mach-7-frost-neon-yuzu-1171904-FYZ.webp","type":"image\/webp"}],"twitter_card":"summary_large_image","twitter_misc":{"Est. reading time":"1 minute"},"schema":{"@context":"https:\/\/schema.org","@graph":[{"@type":"WebPage","@id":"https:\/\/www.miomiorun.com\/de\/produkt\/mach-7-herren\/","url":"https:\/\/www.miomiorun.com\/de\/produkt\/mach-7-herren\/","name":"Hoka Mach 7 herren - Laufschuhe - MioMioRun.com","isPartOf":{"@id":"https:\/\/www.miomiorun.com\/de\/#website"},"primaryImageOfPage":{"@id":"https:\/\/www.miomiorun.com\/de\/produkt\/mach-7-herren\/#primaryimage"},"image":{"@id":"https:\/\/www.miomiorun.com\/de\/produkt\/mach-7-herren\/#primaryimage"},"thumbnailUrl":"https:\/\/www.miomiorun.com\/app\/uploads\/2026\/03\/hoka-Mach-7-frost-neon-yuzu-1171904-FYZ.webp","datePublished":"2026-02-19T09:03:11+00:00","dateModified":"2026-05-09T11:22:05+00:00","description":"Mach 7 f\u00fcr den Stra\u00dfenlauf mit reaktivem, \u00fcberkritischem EVA, atmungsaktivem Creel-Jacquard-Obermaterial und griffiger Gummisohle f\u00fcr schnelles Laufen.","breadcrumb":{"@id":"https:\/\/www.miomiorun.com\/de\/produkt\/mach-7-herren\/#breadcrumb"},"inLanguage":"de-DE","potentialAction":[{"@type":"ReadAction","target":["https:\/\/www.miomiorun.com\/de\/produkt\/mach-7-herren\/"]}]},{"@type":"ImageObject","inLanguage":"de-DE","@id":"https:\/\/www.miomiorun.com\/de\/produkt\/mach-7-herren\/#primaryimage","url":"https:\/\/www.miomiorun.com\/app\/uploads\/2026\/03\/hoka-Mach-7-frost-neon-yuzu-1171904-FYZ.webp","contentUrl":"https:\/\/www.miomiorun.com\/app\/uploads\/2026\/03\/hoka-Mach-7-frost-neon-yuzu-1171904-FYZ.webp","width":720,"height":720,"caption":"hoka Mach 7 frost neon yuzu 1171904 FYZ"},{"@type":"BreadcrumbList","@id":"https:\/\/www.miomiorun.com\/de\/produkt\/mach-7-herren\/#breadcrumb","itemListElement":[{"@type":"ListItem","position":1,"name":"Home","item":"https:\/\/www.miomiorun.com\/de\/"},{"@type":"ListItem","position":2,"name":"Shop","item":"https:\/\/www.miomiorun.com\/shop\/"},{"@type":"ListItem","position":3,"name":"Mach 7 herren"}]},{"@type":"WebSite","@id":"https:\/\/www.miomiorun.com\/de\/#website","url":"https:\/\/www.miomiorun.com\/de\/","name":"MioMioRun","description":"100% Lauf- und Trailshop","publisher":{"@id":"https:\/\/www.miomiorun.com\/de\/#organization"},"potentialAction":[{"@type":"SearchAction","target":{"@type":"EntryPoint","urlTemplate":"https:\/\/www.miomiorun.com\/de\/?s={search_term_string}"},"query-input":{"@type":"PropertyValueSpecification","valueRequired":true,"valueName":"search_term_string"}}],"inLanguage":"de-DE"},{"@type":"Organization","@id":"https:\/\/www.miomiorun.com\/de\/#organization","name":"MioMio Run","url":"https:\/\/www.miomiorun.com\/de\/","logo":{"@type":"ImageObject","inLanguage":"de-DE","@id":"https:\/\/www.miomiorun.com\/de\/#\/schema\/logo\/image\/","url":"https:\/\/www.miomiorun.com\/app\/uploads\/2019\/12\/logomio.png","contentUrl":"https:\/\/www.miomiorun.com\/app\/uploads\/2019\/12\/logomio.png","width":115,"height":82,"caption":"MioMio Run"},"image":{"@id":"https:\/\/www.miomiorun.com\/de\/#\/schema\/logo\/image\/"},"sameAs":["https:\/\/www.facebook.com\/miomiorun\/","https:\/\/www.instagram.com\/miomiorun\/"]}]}},"_links":{"self":[{"href":"https:\/\/www.miomiorun.com\/de\/wp-json\/wp\/v2\/product\/407790","targetHints":{"allow":["GET"]}}],"collection":[{"href":"https:\/\/www.miomiorun.com\/de\/wp-json\/wp\/v2\/product"}],"about":[{"href":"https:\/\/www.miomiorun.com\/de\/wp-json\/wp\/v2\/types\/product"}],"wp:featuredmedia":[{"embeddable":true,"href":"https:\/\/www.miomiorun.com\/de\/wp-json\/wp\/v2\/media\/415011"}],"wp:attachment":[{"href":"https:\/\/www.miomiorun.com\/de\/wp-json\/wp\/v2\/media?parent=407790"}],"wp:term":[{"taxonomy":"product_brand","embeddable":true,"href":"https:\/\/www.miomiorun.com\/de\/wp-json\/wp\/v2\/product_brand?post=407790"},{"taxonomy":"product_cat","embeddable":true,"href":"https:\/\/www.miomiorun.com\/de\/wp-json\/wp\/v2\/product_cat?post=407790"},{"taxonomy":"product_tag","embeddable":true,"href":"https:\/\/www.miomiorun.com\/de\/wp-json\/wp\/v2\/product_tag?post=407790"}],"curies":[{"name":"wp","href":"https:\/\/api.w.org\/{rel}","templated":true}]}}