{"id":407552,"date":"2026-02-18T19:35:30","date_gmt":"2026-02-18T18:35:30","guid":{"rendered":"https:\/\/www.miomiorun.com\/?post_type=product&#038;p=407552"},"modified":"2026-05-09T13:17:49","modified_gmt":"2026-05-09T11:17:49","slug":"stash-bra-damen","status":"publish","type":"product","link":"https:\/\/www.miomiorun.com\/de\/produkt\/stash-bra-damen\/","title":{"rendered":"Stash Bra damen"},"content":{"rendered":"<p data-start=\"187\" data-end=\"424\">Der Stash-BH mit mittlerem Halt ist f\u00fcr mittel- bis langes Training und kurze Trail-L\u00e4ufe konzipiert. Das Racerback-Design mit hohem Rundhalsausschnitt sorgt f\u00fcr Komfort und Schutz beim Sport und bietet gleichzeitig eine enge Passform.<\/p>\n<p data-start=\"426\" data-end=\"896\">Der R\u00fcckenbereich verf\u00fcgt \u00fcber eine kleine Tasche zwischen den Schulterbl\u00e4ttern zum Transport von Handy oder wichtigen Utensilien sowie eine gr\u00f6\u00dfere Tasche, in der an hei\u00dfen Tagen das T-Shirt verstaut werden kann. Die Mesh-Eins\u00e4tze an den Seiten und oberhalb des Bunds verbessern die Bel\u00fcftung, w\u00e4hrend die herausnehmbaren Cups es erm\u00f6glichen, den Halt bei anspruchsvollen Trainingseinheiten individuell anzupassen. Hergestellt aus einem Gewebe aus recyceltem Polyamid und Elasthan. Das Produkt ist als PFAS-frei deklariert.<\/p>\n","protected":false},"excerpt":{"rendered":"<ul>\n<li data-start=\"928\" data-end=\"985\">Mittlerer Halt mit enger Passform und Racerback-Design<\/li>\n<li data-start=\"988\" data-end=\"1040\">Integrierte R\u00fcckentaschen f\u00fcr wichtige Utensilien<\/li>\n<li data-start=\"1043\" data-end=\"1096\">Herausnehmbare Cups und Mesh-Eins\u00e4tze f\u00fcr Bel\u00fcftung<\/li>\n<\/ul>\n","protected":false},"featured_media":409143,"template":"","meta":{"_acf_changed":false,"inline_featured_image":false},"product_brand":[],"product_cat":[6400,6401,6485],"product_tag":[6248,6220],"class_list":{"0":"post-407552","1":"product","2":"type-product","3":"status-publish","4":"has-post-thumbnail","6":"product_cat-damen","7":"product_cat-damenbekleidung","8":"product_cat-damenwaesche-de","9":"product_tag-la-sportiva-de","10":"product_tag-la-sportiva-damen-de","11":"pa_attivita-outdoor-de","12":"pa_attivita-trail-de","13":"pa_colore-stash-bra-w-black","14":"pa_marca-la-sportiva-de","15":"pa_sesso-damen","16":"pa_size-extra-small-de","17":"pa_size-small-de","18":"pa_size-medium-de","19":"pa_size-large-de","21":"first","22":"instock","23":"sale","24":"taxable","25":"shipping-taxable","26":"purchasable","27":"product-type-variable","28":"wvs-archive-product-wrapper"},"acf":[],"yoast_head":"<!-- This site is optimized with the Yoast SEO plugin v26.8 - https:\/\/yoast.com\/product\/yoast-seo-wordpress\/ -->\n<title>La Sportiva Stash Bra damen - BHs - MioMioRun<\/title>\n<meta name=\"description\" content=\"Stash BH mit mittlerem Halt, R\u00fcckentaschen, herausnehmbaren Cups und Mesh-Eins\u00e4tzen, ideal f\u00fcr Trail-L\u00e4ufe und intensives Training.\" \/>\n<meta name=\"robots\" content=\"index, follow, max-snippet:-1, max-image-preview:large, max-video-preview:-1\" \/>\n<link rel=\"canonical\" href=\"https:\/\/www.miomiorun.com\/de\/produkt\/stash-bra-damen\/\" \/>\n<meta property=\"og:locale\" content=\"de_DE\" \/>\n<meta property=\"og:type\" content=\"article\" \/>\n<meta property=\"og:title\" content=\"La Sportiva Stash Bra damen - BHs - MioMioRun\" \/>\n<meta property=\"og:description\" content=\"Stash BH mit mittlerem Halt, R\u00fcckentaschen, herausnehmbaren Cups und Mesh-Eins\u00e4tzen, ideal f\u00fcr Trail-L\u00e4ufe und intensives Training.\" \/>\n<meta property=\"og:url\" content=\"https:\/\/www.miomiorun.com\/de\/produkt\/stash-bra-damen\/\" \/>\n<meta property=\"og:site_name\" content=\"MioMioRun\" \/>\n<meta property=\"article:publisher\" content=\"https:\/\/www.facebook.com\/miomiorun\/\" \/>\n<meta property=\"article:modified_time\" content=\"2026-05-09T11:17:49+00:00\" \/>\n<meta property=\"og:image\" content=\"https:\/\/www.miomiorun.com\/app\/uploads\/2026\/02\/la-sportiva-Stash-bra-W-black-ZARR007K00K00.webp\" \/>\n\t<meta property=\"og:image:width\" content=\"720\" \/>\n\t<meta property=\"og:image:height\" content=\"720\" \/>\n\t<meta property=\"og:image:type\" content=\"image\/webp\" \/>\n<meta name=\"twitter:card\" content=\"summary_large_image\" \/>\n<meta name=\"twitter:label1\" content=\"Est. reading time\" \/>\n\t<meta name=\"twitter:data1\" content=\"1 minute\" \/>\n<script type=\"application\/ld+json\" class=\"yoast-schema-graph\">{\"@context\":\"https:\/\/schema.org\",\"@graph\":[{\"@type\":\"WebPage\",\"@id\":\"https:\/\/www.miomiorun.com\/de\/produkt\/stash-bra-damen\/\",\"url\":\"https:\/\/www.miomiorun.com\/de\/produkt\/stash-bra-damen\/\",\"name\":\"La Sportiva Stash Bra damen - BHs - MioMioRun\",\"isPartOf\":{\"@id\":\"https:\/\/www.miomiorun.com\/de\/#website\"},\"primaryImageOfPage\":{\"@id\":\"https:\/\/www.miomiorun.com\/de\/produkt\/stash-bra-damen\/#primaryimage\"},\"image\":{\"@id\":\"https:\/\/www.miomiorun.com\/de\/produkt\/stash-bra-damen\/#primaryimage\"},\"thumbnailUrl\":\"https:\/\/www.miomiorun.com\/app\/uploads\/2026\/02\/la-sportiva-Stash-bra-W-black-ZARR007K00K00.webp\",\"datePublished\":\"2026-02-18T18:35:30+00:00\",\"dateModified\":\"2026-05-09T11:17:49+00:00\",\"description\":\"Stash BH mit mittlerem Halt, R\u00fcckentaschen, herausnehmbaren Cups und Mesh-Eins\u00e4tzen, ideal f\u00fcr Trail-L\u00e4ufe und intensives Training.\",\"breadcrumb\":{\"@id\":\"https:\/\/www.miomiorun.com\/de\/produkt\/stash-bra-damen\/#breadcrumb\"},\"inLanguage\":\"de-DE\",\"potentialAction\":[{\"@type\":\"ReadAction\",\"target\":[\"https:\/\/www.miomiorun.com\/de\/produkt\/stash-bra-damen\/\"]}]},{\"@type\":\"ImageObject\",\"inLanguage\":\"de-DE\",\"@id\":\"https:\/\/www.miomiorun.com\/de\/produkt\/stash-bra-damen\/#primaryimage\",\"url\":\"https:\/\/www.miomiorun.com\/app\/uploads\/2026\/02\/la-sportiva-Stash-bra-W-black-ZARR007K00K00.webp\",\"contentUrl\":\"https:\/\/www.miomiorun.com\/app\/uploads\/2026\/02\/la-sportiva-Stash-bra-W-black-ZARR007K00K00.webp\",\"width\":720,\"height\":720,\"caption\":\"la sportiva Stash bra W black ZARR007K00K00\"},{\"@type\":\"BreadcrumbList\",\"@id\":\"https:\/\/www.miomiorun.com\/de\/produkt\/stash-bra-damen\/#breadcrumb\",\"itemListElement\":[{\"@type\":\"ListItem\",\"position\":1,\"name\":\"Home\",\"item\":\"https:\/\/www.miomiorun.com\/de\/home-page\/\"},{\"@type\":\"ListItem\",\"position\":2,\"name\":\"Shop\",\"item\":\"https:\/\/www.miomiorun.com\/shop\/\"},{\"@type\":\"ListItem\",\"position\":3,\"name\":\"Stash Bra damen\"}]},{\"@type\":\"WebSite\",\"@id\":\"https:\/\/www.miomiorun.com\/de\/#website\",\"url\":\"https:\/\/www.miomiorun.com\/de\/\",\"name\":\"MioMioRun\",\"description\":\"100% Lauf- und Trailshop\",\"publisher\":{\"@id\":\"https:\/\/www.miomiorun.com\/de\/#organization\"},\"potentialAction\":[{\"@type\":\"SearchAction\",\"target\":{\"@type\":\"EntryPoint\",\"urlTemplate\":\"https:\/\/www.miomiorun.com\/de\/?s={search_term_string}\"},\"query-input\":{\"@type\":\"PropertyValueSpecification\",\"valueRequired\":true,\"valueName\":\"search_term_string\"}}],\"inLanguage\":\"de-DE\"},{\"@type\":\"Organization\",\"@id\":\"https:\/\/www.miomiorun.com\/de\/#organization\",\"name\":\"MioMio Run\",\"url\":\"https:\/\/www.miomiorun.com\/de\/\",\"logo\":{\"@type\":\"ImageObject\",\"inLanguage\":\"de-DE\",\"@id\":\"https:\/\/www.miomiorun.com\/de\/#\/schema\/logo\/image\/\",\"url\":\"https:\/\/www.miomiorun.com\/app\/uploads\/2019\/12\/logomio.png\",\"contentUrl\":\"https:\/\/www.miomiorun.com\/app\/uploads\/2019\/12\/logomio.png\",\"width\":115,\"height\":82,\"caption\":\"MioMio Run\"},\"image\":{\"@id\":\"https:\/\/www.miomiorun.com\/de\/#\/schema\/logo\/image\/\"},\"sameAs\":[\"https:\/\/www.facebook.com\/miomiorun\/\",\"https:\/\/www.instagram.com\/miomiorun\/\"]}]}<\/script>\n<!-- \/ Yoast SEO plugin. -->","yoast_head_json":{"title":"La Sportiva Stash Bra damen - BHs - MioMioRun","description":"Stash BH mit mittlerem Halt, R\u00fcckentaschen, herausnehmbaren Cups und Mesh-Eins\u00e4tzen, ideal f\u00fcr Trail-L\u00e4ufe und intensives Training.","robots":{"index":"index","follow":"follow","max-snippet":"max-snippet:-1","max-image-preview":"max-image-preview:large","max-video-preview":"max-video-preview:-1"},"canonical":"https:\/\/www.miomiorun.com\/de\/produkt\/stash-bra-damen\/","og_locale":"de_DE","og_type":"article","og_title":"La Sportiva Stash Bra damen - BHs - MioMioRun","og_description":"Stash BH mit mittlerem Halt, R\u00fcckentaschen, herausnehmbaren Cups und Mesh-Eins\u00e4tzen, ideal f\u00fcr Trail-L\u00e4ufe und intensives Training.","og_url":"https:\/\/www.miomiorun.com\/de\/produkt\/stash-bra-damen\/","og_site_name":"MioMioRun","article_publisher":"https:\/\/www.facebook.com\/miomiorun\/","article_modified_time":"2026-05-09T11:17:49+00:00","og_image":[{"width":720,"height":720,"url":"https:\/\/www.miomiorun.com\/app\/uploads\/2026\/02\/la-sportiva-Stash-bra-W-black-ZARR007K00K00.webp","type":"image\/webp"}],"twitter_card":"summary_large_image","twitter_misc":{"Est. reading time":"1 minute"},"schema":{"@context":"https:\/\/schema.org","@graph":[{"@type":"WebPage","@id":"https:\/\/www.miomiorun.com\/de\/produkt\/stash-bra-damen\/","url":"https:\/\/www.miomiorun.com\/de\/produkt\/stash-bra-damen\/","name":"La Sportiva Stash Bra damen - BHs - MioMioRun","isPartOf":{"@id":"https:\/\/www.miomiorun.com\/de\/#website"},"primaryImageOfPage":{"@id":"https:\/\/www.miomiorun.com\/de\/produkt\/stash-bra-damen\/#primaryimage"},"image":{"@id":"https:\/\/www.miomiorun.com\/de\/produkt\/stash-bra-damen\/#primaryimage"},"thumbnailUrl":"https:\/\/www.miomiorun.com\/app\/uploads\/2026\/02\/la-sportiva-Stash-bra-W-black-ZARR007K00K00.webp","datePublished":"2026-02-18T18:35:30+00:00","dateModified":"2026-05-09T11:17:49+00:00","description":"Stash BH mit mittlerem Halt, R\u00fcckentaschen, herausnehmbaren Cups und Mesh-Eins\u00e4tzen, ideal f\u00fcr Trail-L\u00e4ufe und intensives Training.","breadcrumb":{"@id":"https:\/\/www.miomiorun.com\/de\/produkt\/stash-bra-damen\/#breadcrumb"},"inLanguage":"de-DE","potentialAction":[{"@type":"ReadAction","target":["https:\/\/www.miomiorun.com\/de\/produkt\/stash-bra-damen\/"]}]},{"@type":"ImageObject","inLanguage":"de-DE","@id":"https:\/\/www.miomiorun.com\/de\/produkt\/stash-bra-damen\/#primaryimage","url":"https:\/\/www.miomiorun.com\/app\/uploads\/2026\/02\/la-sportiva-Stash-bra-W-black-ZARR007K00K00.webp","contentUrl":"https:\/\/www.miomiorun.com\/app\/uploads\/2026\/02\/la-sportiva-Stash-bra-W-black-ZARR007K00K00.webp","width":720,"height":720,"caption":"la sportiva Stash bra W black ZARR007K00K00"},{"@type":"BreadcrumbList","@id":"https:\/\/www.miomiorun.com\/de\/produkt\/stash-bra-damen\/#breadcrumb","itemListElement":[{"@type":"ListItem","position":1,"name":"Home","item":"https:\/\/www.miomiorun.com\/de\/home-page\/"},{"@type":"ListItem","position":2,"name":"Shop","item":"https:\/\/www.miomiorun.com\/shop\/"},{"@type":"ListItem","position":3,"name":"Stash Bra damen"}]},{"@type":"WebSite","@id":"https:\/\/www.miomiorun.com\/de\/#website","url":"https:\/\/www.miomiorun.com\/de\/","name":"MioMioRun","description":"100% Lauf- und Trailshop","publisher":{"@id":"https:\/\/www.miomiorun.com\/de\/#organization"},"potentialAction":[{"@type":"SearchAction","target":{"@type":"EntryPoint","urlTemplate":"https:\/\/www.miomiorun.com\/de\/?s={search_term_string}"},"query-input":{"@type":"PropertyValueSpecification","valueRequired":true,"valueName":"search_term_string"}}],"inLanguage":"de-DE"},{"@type":"Organization","@id":"https:\/\/www.miomiorun.com\/de\/#organization","name":"MioMio Run","url":"https:\/\/www.miomiorun.com\/de\/","logo":{"@type":"ImageObject","inLanguage":"de-DE","@id":"https:\/\/www.miomiorun.com\/de\/#\/schema\/logo\/image\/","url":"https:\/\/www.miomiorun.com\/app\/uploads\/2019\/12\/logomio.png","contentUrl":"https:\/\/www.miomiorun.com\/app\/uploads\/2019\/12\/logomio.png","width":115,"height":82,"caption":"MioMio Run"},"image":{"@id":"https:\/\/www.miomiorun.com\/de\/#\/schema\/logo\/image\/"},"sameAs":["https:\/\/www.facebook.com\/miomiorun\/","https:\/\/www.instagram.com\/miomiorun\/"]}]}},"_links":{"self":[{"href":"https:\/\/www.miomiorun.com\/de\/wp-json\/wp\/v2\/product\/407552","targetHints":{"allow":["GET"]}}],"collection":[{"href":"https:\/\/www.miomiorun.com\/de\/wp-json\/wp\/v2\/product"}],"about":[{"href":"https:\/\/www.miomiorun.com\/de\/wp-json\/wp\/v2\/types\/product"}],"wp:featuredmedia":[{"embeddable":true,"href":"https:\/\/www.miomiorun.com\/de\/wp-json\/wp\/v2\/media\/409143"}],"wp:attachment":[{"href":"https:\/\/www.miomiorun.com\/de\/wp-json\/wp\/v2\/media?parent=407552"}],"wp:term":[{"taxonomy":"product_brand","embeddable":true,"href":"https:\/\/www.miomiorun.com\/de\/wp-json\/wp\/v2\/product_brand?post=407552"},{"taxonomy":"product_cat","embeddable":true,"href":"https:\/\/www.miomiorun.com\/de\/wp-json\/wp\/v2\/product_cat?post=407552"},{"taxonomy":"product_tag","embeddable":true,"href":"https:\/\/www.miomiorun.com\/de\/wp-json\/wp\/v2\/product_tag?post=407552"}],"curies":[{"name":"wp","href":"https:\/\/api.w.org\/{rel}","templated":true}]}}