{"id":407275,"date":"2026-02-18T18:42:00","date_gmt":"2026-02-18T17:42:00","guid":{"rendered":"https:\/\/www.miomiorun.com\/?post_type=product&#038;p=407275"},"modified":"2026-05-09T13:13:49","modified_gmt":"2026-05-09T11:13:49","slug":"flow-t-shirt-herren","status":"publish","type":"product","link":"https:\/\/www.miomiorun.com\/de\/produkt\/flow-t-shirt-herren\/","title":{"rendered":"Flow T-shirt herren"},"content":{"rendered":"<div class=\"data item content\" role=\"tabpanel\" aria-labelledby=\"tab-label-techinfo\" data-role=\"content\" aria-hidden=\"false\">\n<div class=\"techinfo-container\"><\/div>\n<\/div>\n<p data-start=\"190\" data-end=\"413\">Das Flow-T-Shirt wurde f\u00fcr anspruchsvolle Trailrunning-Trainingseinheiten entwickelt. Es besteht zu 100 % aus recyceltem Polyester und vereint Leichtigkeit und Atmungsaktivit\u00e4t in einem technischen Kleidungsst\u00fcck, das f\u00fcr intensive Aktivit\u00e4ten konzipiert ist.<\/p>\n<p data-start=\"415\" data-end=\"786\">Der Stoff ist \u00e4u\u00dferst weich auf der Haut und verf\u00fcgt \u00fcber die Polygiene\u00ae-Behandlung, die unangenehme Ger\u00fcche unter Kontrolle h\u00e4lt und f\u00fcr anhaltenden Komfort beim Laufen sorgt. Die Raglan\u00e4rmel sorgen f\u00fcr Bewegungsfreiheit, was besonders bei technisch anspruchsvollen Anstiegen von Vorteil ist. Schmale Passform, erh\u00e4ltlich in den Gr\u00f6\u00dfen S bis 2XL. Das Produkt ist als PFAS-frei deklariert.<\/p>\n","protected":false},"excerpt":{"rendered":"<ul>\n<li data-start=\"818\" data-end=\"845\">100 % recyceltes Polyester<\/li>\n<li data-start=\"848\" data-end=\"915\">Leichter, atmungsaktiver und weicher Stoff mit Polygiene\u00ae-Behandlung<\/li>\n<li data-start=\"918\" data-end=\"968\">Raglan\u00e4rmel f\u00fcr mehr Bewegungsfreiheit<\/li>\n<\/ul>\n","protected":false},"featured_media":408882,"template":"","meta":{"_acf_changed":false,"inline_featured_image":false},"product_brand":[],"product_cat":[6540,6508],"product_tag":[6248,6218],"class_list":{"0":"post-407275","1":"product","2":"type-product","3":"status-publish","4":"has-post-thumbnail","6":"product_cat-herrenbekleidung","7":"product_cat-herrent-shirt","8":"product_tag-la-sportiva-de","9":"product_tag-la-sportiva-herren-de","10":"pa_attivita-outdoor-de","11":"pa_attivita-trail-de","12":"pa_colore-flow-t-shirt-black-yellow","13":"pa_colore-flow-t-shirt-lake-chalk","14":"pa_marca-la-sportiva-de","15":"pa_sesso-herren","16":"pa_size-small-de","17":"pa_size-medium-de","18":"pa_size-large-de","19":"pa_size-extra-large-de","21":"first","22":"instock","23":"sale","24":"taxable","25":"shipping-taxable","26":"purchasable","27":"product-type-variable","28":"wvs-archive-product-wrapper"},"acf":[],"yoast_head":"<!-- This site is optimized with the Yoast SEO plugin v26.8 - https:\/\/yoast.com\/product\/yoast-seo-wordpress\/ -->\n<title>La Sportiva Flow T-shirt herren -Lauf-T-Shirt - MioMioRun<\/title>\n<meta name=\"description\" content=\"Flow T-Shirt aus recyceltem Polyester mit Polygiene\u00ae-Behandlung, leicht und atmungsaktiv f\u00fcr Trailrunning, schmale Passform.\" \/>\n<meta name=\"robots\" content=\"index, follow, max-snippet:-1, max-image-preview:large, max-video-preview:-1\" \/>\n<link rel=\"canonical\" href=\"https:\/\/www.miomiorun.com\/de\/produkt\/flow-t-shirt-herren\/\" \/>\n<meta property=\"og:locale\" content=\"de_DE\" \/>\n<meta property=\"og:type\" content=\"article\" \/>\n<meta property=\"og:title\" content=\"La Sportiva Flow T-shirt herren -Lauf-T-Shirt - MioMioRun\" \/>\n<meta property=\"og:description\" content=\"Flow T-Shirt aus recyceltem Polyester mit Polygiene\u00ae-Behandlung, leicht und atmungsaktiv f\u00fcr Trailrunning, schmale Passform.\" \/>\n<meta property=\"og:url\" content=\"https:\/\/www.miomiorun.com\/de\/produkt\/flow-t-shirt-herren\/\" \/>\n<meta property=\"og:site_name\" content=\"MioMioRun\" \/>\n<meta property=\"article:publisher\" content=\"https:\/\/www.facebook.com\/miomiorun\/\" \/>\n<meta property=\"article:modified_time\" content=\"2026-05-09T11:13:49+00:00\" \/>\n<meta property=\"og:image\" content=\"https:\/\/www.miomiorun.com\/app\/uploads\/2026\/02\/la-sportiva-Flow-t-shirt-black-yellow-ZART066K00Y00.webp\" \/>\n\t<meta property=\"og:image:width\" content=\"720\" \/>\n\t<meta property=\"og:image:height\" content=\"720\" \/>\n\t<meta property=\"og:image:type\" content=\"image\/webp\" \/>\n<meta name=\"twitter:card\" content=\"summary_large_image\" \/>\n<meta name=\"twitter:label1\" content=\"Est. reading time\" \/>\n\t<meta name=\"twitter:data1\" content=\"2 minutes\" \/>\n<script type=\"application\/ld+json\" class=\"yoast-schema-graph\">{\"@context\":\"https:\/\/schema.org\",\"@graph\":[{\"@type\":\"WebPage\",\"@id\":\"https:\/\/www.miomiorun.com\/de\/produkt\/flow-t-shirt-herren\/\",\"url\":\"https:\/\/www.miomiorun.com\/de\/produkt\/flow-t-shirt-herren\/\",\"name\":\"La Sportiva Flow T-shirt herren -Lauf-T-Shirt - MioMioRun\",\"isPartOf\":{\"@id\":\"https:\/\/www.miomiorun.com\/de\/#website\"},\"primaryImageOfPage\":{\"@id\":\"https:\/\/www.miomiorun.com\/de\/produkt\/flow-t-shirt-herren\/#primaryimage\"},\"image\":{\"@id\":\"https:\/\/www.miomiorun.com\/de\/produkt\/flow-t-shirt-herren\/#primaryimage\"},\"thumbnailUrl\":\"https:\/\/www.miomiorun.com\/app\/uploads\/2026\/02\/la-sportiva-Flow-t-shirt-black-yellow-ZART066K00Y00.webp\",\"datePublished\":\"2026-02-18T17:42:00+00:00\",\"dateModified\":\"2026-05-09T11:13:49+00:00\",\"description\":\"Flow T-Shirt aus recyceltem Polyester mit Polygiene\u00ae-Behandlung, leicht und atmungsaktiv f\u00fcr Trailrunning, schmale Passform.\",\"breadcrumb\":{\"@id\":\"https:\/\/www.miomiorun.com\/de\/produkt\/flow-t-shirt-herren\/#breadcrumb\"},\"inLanguage\":\"de-DE\",\"potentialAction\":[{\"@type\":\"ReadAction\",\"target\":[\"https:\/\/www.miomiorun.com\/de\/produkt\/flow-t-shirt-herren\/\"]}]},{\"@type\":\"ImageObject\",\"inLanguage\":\"de-DE\",\"@id\":\"https:\/\/www.miomiorun.com\/de\/produkt\/flow-t-shirt-herren\/#primaryimage\",\"url\":\"https:\/\/www.miomiorun.com\/app\/uploads\/2026\/02\/la-sportiva-Flow-t-shirt-black-yellow-ZART066K00Y00.webp\",\"contentUrl\":\"https:\/\/www.miomiorun.com\/app\/uploads\/2026\/02\/la-sportiva-Flow-t-shirt-black-yellow-ZART066K00Y00.webp\",\"width\":720,\"height\":720,\"caption\":\"la sportiva Flow t-shirt black yellow ZART066K00Y00\"},{\"@type\":\"BreadcrumbList\",\"@id\":\"https:\/\/www.miomiorun.com\/de\/produkt\/flow-t-shirt-herren\/#breadcrumb\",\"itemListElement\":[{\"@type\":\"ListItem\",\"position\":1,\"name\":\"Home\",\"item\":\"https:\/\/www.miomiorun.com\/de\/\"},{\"@type\":\"ListItem\",\"position\":2,\"name\":\"Shop\",\"item\":\"https:\/\/www.miomiorun.com\/shop\/\"},{\"@type\":\"ListItem\",\"position\":3,\"name\":\"Flow T-shirt herren\"}]},{\"@type\":\"WebSite\",\"@id\":\"https:\/\/www.miomiorun.com\/de\/#website\",\"url\":\"https:\/\/www.miomiorun.com\/de\/\",\"name\":\"MioMioRun\",\"description\":\"100% Lauf- und Trailshop\",\"publisher\":{\"@id\":\"https:\/\/www.miomiorun.com\/de\/#organization\"},\"potentialAction\":[{\"@type\":\"SearchAction\",\"target\":{\"@type\":\"EntryPoint\",\"urlTemplate\":\"https:\/\/www.miomiorun.com\/de\/?s={search_term_string}\"},\"query-input\":{\"@type\":\"PropertyValueSpecification\",\"valueRequired\":true,\"valueName\":\"search_term_string\"}}],\"inLanguage\":\"de-DE\"},{\"@type\":\"Organization\",\"@id\":\"https:\/\/www.miomiorun.com\/de\/#organization\",\"name\":\"MioMio Run\",\"url\":\"https:\/\/www.miomiorun.com\/de\/\",\"logo\":{\"@type\":\"ImageObject\",\"inLanguage\":\"de-DE\",\"@id\":\"https:\/\/www.miomiorun.com\/de\/#\/schema\/logo\/image\/\",\"url\":\"https:\/\/www.miomiorun.com\/app\/uploads\/2019\/12\/logomio.png\",\"contentUrl\":\"https:\/\/www.miomiorun.com\/app\/uploads\/2019\/12\/logomio.png\",\"width\":115,\"height\":82,\"caption\":\"MioMio Run\"},\"image\":{\"@id\":\"https:\/\/www.miomiorun.com\/de\/#\/schema\/logo\/image\/\"},\"sameAs\":[\"https:\/\/www.facebook.com\/miomiorun\/\",\"https:\/\/www.instagram.com\/miomiorun\/\"]}]}<\/script>\n<!-- \/ Yoast SEO plugin. -->","yoast_head_json":{"title":"La Sportiva Flow T-shirt herren -Lauf-T-Shirt - MioMioRun","description":"Flow T-Shirt aus recyceltem Polyester mit Polygiene\u00ae-Behandlung, leicht und atmungsaktiv f\u00fcr Trailrunning, schmale Passform.","robots":{"index":"index","follow":"follow","max-snippet":"max-snippet:-1","max-image-preview":"max-image-preview:large","max-video-preview":"max-video-preview:-1"},"canonical":"https:\/\/www.miomiorun.com\/de\/produkt\/flow-t-shirt-herren\/","og_locale":"de_DE","og_type":"article","og_title":"La Sportiva Flow T-shirt herren -Lauf-T-Shirt - MioMioRun","og_description":"Flow T-Shirt aus recyceltem Polyester mit Polygiene\u00ae-Behandlung, leicht und atmungsaktiv f\u00fcr Trailrunning, schmale Passform.","og_url":"https:\/\/www.miomiorun.com\/de\/produkt\/flow-t-shirt-herren\/","og_site_name":"MioMioRun","article_publisher":"https:\/\/www.facebook.com\/miomiorun\/","article_modified_time":"2026-05-09T11:13:49+00:00","og_image":[{"width":720,"height":720,"url":"https:\/\/www.miomiorun.com\/app\/uploads\/2026\/02\/la-sportiva-Flow-t-shirt-black-yellow-ZART066K00Y00.webp","type":"image\/webp"}],"twitter_card":"summary_large_image","twitter_misc":{"Est. reading time":"2 minutes"},"schema":{"@context":"https:\/\/schema.org","@graph":[{"@type":"WebPage","@id":"https:\/\/www.miomiorun.com\/de\/produkt\/flow-t-shirt-herren\/","url":"https:\/\/www.miomiorun.com\/de\/produkt\/flow-t-shirt-herren\/","name":"La Sportiva Flow T-shirt herren -Lauf-T-Shirt - MioMioRun","isPartOf":{"@id":"https:\/\/www.miomiorun.com\/de\/#website"},"primaryImageOfPage":{"@id":"https:\/\/www.miomiorun.com\/de\/produkt\/flow-t-shirt-herren\/#primaryimage"},"image":{"@id":"https:\/\/www.miomiorun.com\/de\/produkt\/flow-t-shirt-herren\/#primaryimage"},"thumbnailUrl":"https:\/\/www.miomiorun.com\/app\/uploads\/2026\/02\/la-sportiva-Flow-t-shirt-black-yellow-ZART066K00Y00.webp","datePublished":"2026-02-18T17:42:00+00:00","dateModified":"2026-05-09T11:13:49+00:00","description":"Flow T-Shirt aus recyceltem Polyester mit Polygiene\u00ae-Behandlung, leicht und atmungsaktiv f\u00fcr Trailrunning, schmale Passform.","breadcrumb":{"@id":"https:\/\/www.miomiorun.com\/de\/produkt\/flow-t-shirt-herren\/#breadcrumb"},"inLanguage":"de-DE","potentialAction":[{"@type":"ReadAction","target":["https:\/\/www.miomiorun.com\/de\/produkt\/flow-t-shirt-herren\/"]}]},{"@type":"ImageObject","inLanguage":"de-DE","@id":"https:\/\/www.miomiorun.com\/de\/produkt\/flow-t-shirt-herren\/#primaryimage","url":"https:\/\/www.miomiorun.com\/app\/uploads\/2026\/02\/la-sportiva-Flow-t-shirt-black-yellow-ZART066K00Y00.webp","contentUrl":"https:\/\/www.miomiorun.com\/app\/uploads\/2026\/02\/la-sportiva-Flow-t-shirt-black-yellow-ZART066K00Y00.webp","width":720,"height":720,"caption":"la sportiva Flow t-shirt black yellow ZART066K00Y00"},{"@type":"BreadcrumbList","@id":"https:\/\/www.miomiorun.com\/de\/produkt\/flow-t-shirt-herren\/#breadcrumb","itemListElement":[{"@type":"ListItem","position":1,"name":"Home","item":"https:\/\/www.miomiorun.com\/de\/"},{"@type":"ListItem","position":2,"name":"Shop","item":"https:\/\/www.miomiorun.com\/shop\/"},{"@type":"ListItem","position":3,"name":"Flow T-shirt herren"}]},{"@type":"WebSite","@id":"https:\/\/www.miomiorun.com\/de\/#website","url":"https:\/\/www.miomiorun.com\/de\/","name":"MioMioRun","description":"100% Lauf- und Trailshop","publisher":{"@id":"https:\/\/www.miomiorun.com\/de\/#organization"},"potentialAction":[{"@type":"SearchAction","target":{"@type":"EntryPoint","urlTemplate":"https:\/\/www.miomiorun.com\/de\/?s={search_term_string}"},"query-input":{"@type":"PropertyValueSpecification","valueRequired":true,"valueName":"search_term_string"}}],"inLanguage":"de-DE"},{"@type":"Organization","@id":"https:\/\/www.miomiorun.com\/de\/#organization","name":"MioMio Run","url":"https:\/\/www.miomiorun.com\/de\/","logo":{"@type":"ImageObject","inLanguage":"de-DE","@id":"https:\/\/www.miomiorun.com\/de\/#\/schema\/logo\/image\/","url":"https:\/\/www.miomiorun.com\/app\/uploads\/2019\/12\/logomio.png","contentUrl":"https:\/\/www.miomiorun.com\/app\/uploads\/2019\/12\/logomio.png","width":115,"height":82,"caption":"MioMio Run"},"image":{"@id":"https:\/\/www.miomiorun.com\/de\/#\/schema\/logo\/image\/"},"sameAs":["https:\/\/www.facebook.com\/miomiorun\/","https:\/\/www.instagram.com\/miomiorun\/"]}]}},"_links":{"self":[{"href":"https:\/\/www.miomiorun.com\/de\/wp-json\/wp\/v2\/product\/407275","targetHints":{"allow":["GET"]}}],"collection":[{"href":"https:\/\/www.miomiorun.com\/de\/wp-json\/wp\/v2\/product"}],"about":[{"href":"https:\/\/www.miomiorun.com\/de\/wp-json\/wp\/v2\/types\/product"}],"wp:featuredmedia":[{"embeddable":true,"href":"https:\/\/www.miomiorun.com\/de\/wp-json\/wp\/v2\/media\/408882"}],"wp:attachment":[{"href":"https:\/\/www.miomiorun.com\/de\/wp-json\/wp\/v2\/media?parent=407275"}],"wp:term":[{"taxonomy":"product_brand","embeddable":true,"href":"https:\/\/www.miomiorun.com\/de\/wp-json\/wp\/v2\/product_brand?post=407275"},{"taxonomy":"product_cat","embeddable":true,"href":"https:\/\/www.miomiorun.com\/de\/wp-json\/wp\/v2\/product_cat?post=407275"},{"taxonomy":"product_tag","embeddable":true,"href":"https:\/\/www.miomiorun.com\/de\/wp-json\/wp\/v2\/product_tag?post=407275"}],"curies":[{"name":"wp","href":"https:\/\/api.w.org\/{rel}","templated":true}]}}