{"id":407102,"date":"2026-02-18T18:36:38","date_gmt":"2026-02-18T17:36:38","guid":{"rendered":"https:\/\/www.miomiorun.com\/?post_type=product&#038;p=407102"},"modified":"2026-05-09T13:11:39","modified_gmt":"2026-05-09T11:11:39","slug":"flow-3-short-herren","status":"publish","type":"product","link":"https:\/\/www.miomiorun.com\/de\/produkt\/flow-3-short-herren\/","title":{"rendered":"Flow 3&#8243; short herren"},"content":{"rendered":"<div class=\"data item content\" role=\"tabpanel\" aria-labelledby=\"tab-label-techinfo\" data-role=\"content\" aria-hidden=\"false\">\n<div class=\"techinfo-container\">\n<div class=\"techinfo-description\"><\/div>\n<\/div>\n<\/div>\n<div>\n<div class=\"techinfo-icon\">\n<p data-start=\"192\" data-end=\"545\">Die Flow 3\u201d-Shorts sind f\u00fcr das Trailrunning in der warmen Jahreszeit konzipiert. Sie bestehen aus leichtem, atmungsaktivem Stretchmaterial und bieten Bewegungsfreiheit auch bei anspruchsvollen Trainingseinheiten. Das Split-Leg-Design und die thermisch verschwei\u00dften N\u00e4hte wurden entwickelt, um Reibung zu minimieren, w\u00e4hrend der integrierte Slip f\u00fcr zus\u00e4tzlichen Halt sorgt.<\/p>\n<p data-start=\"547\" data-end=\"805\">Der Bund verf\u00fcgt \u00fcber eine gro\u00dfe Vordertasche, zwei Seitentaschen f\u00fcr Gels, Riegel oder das Smartphone sowie eine kleine R\u00fcckentasche mit Rei\u00dfverschluss f\u00fcr Schl\u00fcssel. Regul\u00e4re Passform, Innenbeinl\u00e4nge 7,5 cm (3\u201d). Hergestellt aus recycelten Stoffen und als PFAS-frei deklariert.<\/p>\n<\/div>\n<div class=\"techinfo-icon\"><\/div>\n<div class=\"techinfo-icon\"><\/div>\n<div class=\"techinfo-icon\"><\/div>\n<div class=\"techinfo-icon\"><\/div>\n<\/div>\n<div><\/div>\n","protected":false},"excerpt":{"rendered":"<ul>\n<li data-start=\"837\" data-end=\"903\">Leichter, atmungsaktiver Stretchstoff mit Split-Leg-Design<\/li>\n<li data-start=\"906\" data-end=\"967\">Integrierter Slip und verschwei\u00dfte N\u00e4hte f\u00fcr mehr Komfort<\/li>\n<li data-start=\"970\" data-end=\"1030\">Umfassendes Taschensystem mit einer Ges\u00e4\u00dftasche mit Rei\u00dfverschluss<\/li>\n<\/ul>\n","protected":false},"featured_media":408545,"template":"","meta":{"_acf_changed":false,"inline_featured_image":false},"product_brand":[],"product_cat":[6540,6510],"product_tag":[6248,6218],"class_list":{"0":"post-407102","1":"product","2":"type-product","3":"status-publish","4":"has-post-thumbnail","6":"product_cat-herrenbekleidung","7":"product_cat-shorts","8":"product_tag-la-sportiva-de","9":"product_tag-la-sportiva-herren-de","10":"pa_attivita-gehen","11":"pa_attivita-outdoor-de","12":"pa_attivita-trail-de","13":"pa_colore-flow-3-short-black-chalk","14":"pa_colore-flow-3-short-black-yellow","15":"pa_marca-la-sportiva-de","16":"pa_sesso-herren","17":"pa_size-small-de","18":"pa_size-medium-de","19":"pa_size-large-de","20":"pa_size-extra-large-de","22":"first","23":"instock","24":"sale","25":"taxable","26":"shipping-taxable","27":"purchasable","28":"product-type-variable","29":"wvs-archive-product-wrapper"},"acf":[],"yoast_head":"<!-- This site is optimized with the Yoast SEO plugin v26.8 - https:\/\/yoast.com\/product\/yoast-seo-wordpress\/ -->\n<title>La sportiva Flow 3&quot; short herren - Herren-Shorts - MioMioRun.com<\/title>\n<meta name=\"description\" content=\"\u201eFlow 3\u201c Trail-Shorts aus recyceltem Stretchmaterial, leicht und atmungsaktiv, mit integrierter Unterhose und mehreren Taschen. Entdecke sie auf unserer Website!\" \/>\n<meta name=\"robots\" content=\"index, follow, max-snippet:-1, max-image-preview:large, max-video-preview:-1\" \/>\n<link rel=\"canonical\" href=\"https:\/\/www.miomiorun.com\/de\/produkt\/flow-3-short-herren\/\" \/>\n<meta property=\"og:locale\" content=\"de_DE\" \/>\n<meta property=\"og:type\" content=\"article\" \/>\n<meta property=\"og:title\" content=\"La sportiva Flow 3&quot; short herren - Herren-Shorts - MioMioRun.com\" \/>\n<meta property=\"og:description\" content=\"\u201eFlow 3\u201c Trail-Shorts aus recyceltem Stretchmaterial, leicht und atmungsaktiv, mit integrierter Unterhose und mehreren Taschen. Entdecke sie auf unserer Website!\" \/>\n<meta property=\"og:url\" content=\"https:\/\/www.miomiorun.com\/de\/produkt\/flow-3-short-herren\/\" \/>\n<meta property=\"og:site_name\" content=\"MioMioRun\" \/>\n<meta property=\"article:publisher\" content=\"https:\/\/www.facebook.com\/miomiorun\/\" \/>\n<meta property=\"article:modified_time\" content=\"2026-05-09T11:11:39+00:00\" \/>\n<meta property=\"og:image\" content=\"https:\/\/www.miomiorun.com\/app\/uploads\/2026\/02\/la-sportiva-Flow-3-short-black-yellow-ZARS036K00Y00.webp\" \/>\n\t<meta property=\"og:image:width\" content=\"720\" \/>\n\t<meta property=\"og:image:height\" content=\"720\" \/>\n\t<meta property=\"og:image:type\" content=\"image\/webp\" \/>\n<meta name=\"twitter:card\" content=\"summary_large_image\" \/>\n<script type=\"application\/ld+json\" class=\"yoast-schema-graph\">{\"@context\":\"https:\/\/schema.org\",\"@graph\":[{\"@type\":\"WebPage\",\"@id\":\"https:\/\/www.miomiorun.com\/de\/produkt\/flow-3-short-herren\/\",\"url\":\"https:\/\/www.miomiorun.com\/de\/produkt\/flow-3-short-herren\/\",\"name\":\"La sportiva Flow 3\\\" short herren - Herren-Shorts - MioMioRun.com\",\"isPartOf\":{\"@id\":\"https:\/\/www.miomiorun.com\/de\/#website\"},\"primaryImageOfPage\":{\"@id\":\"https:\/\/www.miomiorun.com\/de\/produkt\/flow-3-short-herren\/#primaryimage\"},\"image\":{\"@id\":\"https:\/\/www.miomiorun.com\/de\/produkt\/flow-3-short-herren\/#primaryimage\"},\"thumbnailUrl\":\"https:\/\/www.miomiorun.com\/app\/uploads\/2026\/02\/la-sportiva-Flow-3-short-black-yellow-ZARS036K00Y00.webp\",\"datePublished\":\"2026-02-18T17:36:38+00:00\",\"dateModified\":\"2026-05-09T11:11:39+00:00\",\"description\":\"\u201eFlow 3\u201c Trail-Shorts aus recyceltem Stretchmaterial, leicht und atmungsaktiv, mit integrierter Unterhose und mehreren Taschen. Entdecke sie auf unserer Website!\",\"breadcrumb\":{\"@id\":\"https:\/\/www.miomiorun.com\/de\/produkt\/flow-3-short-herren\/#breadcrumb\"},\"inLanguage\":\"de-DE\",\"potentialAction\":[{\"@type\":\"ReadAction\",\"target\":[\"https:\/\/www.miomiorun.com\/de\/produkt\/flow-3-short-herren\/\"]}]},{\"@type\":\"ImageObject\",\"inLanguage\":\"de-DE\",\"@id\":\"https:\/\/www.miomiorun.com\/de\/produkt\/flow-3-short-herren\/#primaryimage\",\"url\":\"https:\/\/www.miomiorun.com\/app\/uploads\/2026\/02\/la-sportiva-Flow-3-short-black-yellow-ZARS036K00Y00.webp\",\"contentUrl\":\"https:\/\/www.miomiorun.com\/app\/uploads\/2026\/02\/la-sportiva-Flow-3-short-black-yellow-ZARS036K00Y00.webp\",\"width\":720,\"height\":720,\"caption\":\"la sportiva Flow 3 short black yellow ZARS036K00Y00\"},{\"@type\":\"BreadcrumbList\",\"@id\":\"https:\/\/www.miomiorun.com\/de\/produkt\/flow-3-short-herren\/#breadcrumb\",\"itemListElement\":[{\"@type\":\"ListItem\",\"position\":1,\"name\":\"Home\",\"item\":\"https:\/\/www.miomiorun.com\/de\/\"},{\"@type\":\"ListItem\",\"position\":2,\"name\":\"Shop\",\"item\":\"https:\/\/www.miomiorun.com\/shop\/\"},{\"@type\":\"ListItem\",\"position\":3,\"name\":\"Flow 3&#8243; short herren\"}]},{\"@type\":\"WebSite\",\"@id\":\"https:\/\/www.miomiorun.com\/de\/#website\",\"url\":\"https:\/\/www.miomiorun.com\/de\/\",\"name\":\"MioMioRun\",\"description\":\"100% Lauf- und Trailshop\",\"publisher\":{\"@id\":\"https:\/\/www.miomiorun.com\/de\/#organization\"},\"potentialAction\":[{\"@type\":\"SearchAction\",\"target\":{\"@type\":\"EntryPoint\",\"urlTemplate\":\"https:\/\/www.miomiorun.com\/de\/?s={search_term_string}\"},\"query-input\":{\"@type\":\"PropertyValueSpecification\",\"valueRequired\":true,\"valueName\":\"search_term_string\"}}],\"inLanguage\":\"de-DE\"},{\"@type\":\"Organization\",\"@id\":\"https:\/\/www.miomiorun.com\/de\/#organization\",\"name\":\"MioMio Run\",\"url\":\"https:\/\/www.miomiorun.com\/de\/\",\"logo\":{\"@type\":\"ImageObject\",\"inLanguage\":\"de-DE\",\"@id\":\"https:\/\/www.miomiorun.com\/de\/#\/schema\/logo\/image\/\",\"url\":\"https:\/\/www.miomiorun.com\/app\/uploads\/2019\/12\/logomio.png\",\"contentUrl\":\"https:\/\/www.miomiorun.com\/app\/uploads\/2019\/12\/logomio.png\",\"width\":115,\"height\":82,\"caption\":\"MioMio Run\"},\"image\":{\"@id\":\"https:\/\/www.miomiorun.com\/de\/#\/schema\/logo\/image\/\"},\"sameAs\":[\"https:\/\/www.facebook.com\/miomiorun\/\",\"https:\/\/www.instagram.com\/miomiorun\/\"]}]}<\/script>\n<!-- \/ Yoast SEO plugin. -->","yoast_head_json":{"title":"La sportiva Flow 3\" short herren - Herren-Shorts - MioMioRun.com","description":"\u201eFlow 3\u201c Trail-Shorts aus recyceltem Stretchmaterial, leicht und atmungsaktiv, mit integrierter Unterhose und mehreren Taschen. Entdecke sie auf unserer Website!","robots":{"index":"index","follow":"follow","max-snippet":"max-snippet:-1","max-image-preview":"max-image-preview:large","max-video-preview":"max-video-preview:-1"},"canonical":"https:\/\/www.miomiorun.com\/de\/produkt\/flow-3-short-herren\/","og_locale":"de_DE","og_type":"article","og_title":"La sportiva Flow 3\" short herren - Herren-Shorts - MioMioRun.com","og_description":"\u201eFlow 3\u201c Trail-Shorts aus recyceltem Stretchmaterial, leicht und atmungsaktiv, mit integrierter Unterhose und mehreren Taschen. Entdecke sie auf unserer Website!","og_url":"https:\/\/www.miomiorun.com\/de\/produkt\/flow-3-short-herren\/","og_site_name":"MioMioRun","article_publisher":"https:\/\/www.facebook.com\/miomiorun\/","article_modified_time":"2026-05-09T11:11:39+00:00","og_image":[{"width":720,"height":720,"url":"https:\/\/www.miomiorun.com\/app\/uploads\/2026\/02\/la-sportiva-Flow-3-short-black-yellow-ZARS036K00Y00.webp","type":"image\/webp"}],"twitter_card":"summary_large_image","schema":{"@context":"https:\/\/schema.org","@graph":[{"@type":"WebPage","@id":"https:\/\/www.miomiorun.com\/de\/produkt\/flow-3-short-herren\/","url":"https:\/\/www.miomiorun.com\/de\/produkt\/flow-3-short-herren\/","name":"La sportiva Flow 3\" short herren - Herren-Shorts - MioMioRun.com","isPartOf":{"@id":"https:\/\/www.miomiorun.com\/de\/#website"},"primaryImageOfPage":{"@id":"https:\/\/www.miomiorun.com\/de\/produkt\/flow-3-short-herren\/#primaryimage"},"image":{"@id":"https:\/\/www.miomiorun.com\/de\/produkt\/flow-3-short-herren\/#primaryimage"},"thumbnailUrl":"https:\/\/www.miomiorun.com\/app\/uploads\/2026\/02\/la-sportiva-Flow-3-short-black-yellow-ZARS036K00Y00.webp","datePublished":"2026-02-18T17:36:38+00:00","dateModified":"2026-05-09T11:11:39+00:00","description":"\u201eFlow 3\u201c Trail-Shorts aus recyceltem Stretchmaterial, leicht und atmungsaktiv, mit integrierter Unterhose und mehreren Taschen. Entdecke sie auf unserer Website!","breadcrumb":{"@id":"https:\/\/www.miomiorun.com\/de\/produkt\/flow-3-short-herren\/#breadcrumb"},"inLanguage":"de-DE","potentialAction":[{"@type":"ReadAction","target":["https:\/\/www.miomiorun.com\/de\/produkt\/flow-3-short-herren\/"]}]},{"@type":"ImageObject","inLanguage":"de-DE","@id":"https:\/\/www.miomiorun.com\/de\/produkt\/flow-3-short-herren\/#primaryimage","url":"https:\/\/www.miomiorun.com\/app\/uploads\/2026\/02\/la-sportiva-Flow-3-short-black-yellow-ZARS036K00Y00.webp","contentUrl":"https:\/\/www.miomiorun.com\/app\/uploads\/2026\/02\/la-sportiva-Flow-3-short-black-yellow-ZARS036K00Y00.webp","width":720,"height":720,"caption":"la sportiva Flow 3 short black yellow ZARS036K00Y00"},{"@type":"BreadcrumbList","@id":"https:\/\/www.miomiorun.com\/de\/produkt\/flow-3-short-herren\/#breadcrumb","itemListElement":[{"@type":"ListItem","position":1,"name":"Home","item":"https:\/\/www.miomiorun.com\/de\/"},{"@type":"ListItem","position":2,"name":"Shop","item":"https:\/\/www.miomiorun.com\/shop\/"},{"@type":"ListItem","position":3,"name":"Flow 3&#8243; short herren"}]},{"@type":"WebSite","@id":"https:\/\/www.miomiorun.com\/de\/#website","url":"https:\/\/www.miomiorun.com\/de\/","name":"MioMioRun","description":"100% Lauf- und Trailshop","publisher":{"@id":"https:\/\/www.miomiorun.com\/de\/#organization"},"potentialAction":[{"@type":"SearchAction","target":{"@type":"EntryPoint","urlTemplate":"https:\/\/www.miomiorun.com\/de\/?s={search_term_string}"},"query-input":{"@type":"PropertyValueSpecification","valueRequired":true,"valueName":"search_term_string"}}],"inLanguage":"de-DE"},{"@type":"Organization","@id":"https:\/\/www.miomiorun.com\/de\/#organization","name":"MioMio Run","url":"https:\/\/www.miomiorun.com\/de\/","logo":{"@type":"ImageObject","inLanguage":"de-DE","@id":"https:\/\/www.miomiorun.com\/de\/#\/schema\/logo\/image\/","url":"https:\/\/www.miomiorun.com\/app\/uploads\/2019\/12\/logomio.png","contentUrl":"https:\/\/www.miomiorun.com\/app\/uploads\/2019\/12\/logomio.png","width":115,"height":82,"caption":"MioMio Run"},"image":{"@id":"https:\/\/www.miomiorun.com\/de\/#\/schema\/logo\/image\/"},"sameAs":["https:\/\/www.facebook.com\/miomiorun\/","https:\/\/www.instagram.com\/miomiorun\/"]}]}},"_links":{"self":[{"href":"https:\/\/www.miomiorun.com\/de\/wp-json\/wp\/v2\/product\/407102","targetHints":{"allow":["GET"]}}],"collection":[{"href":"https:\/\/www.miomiorun.com\/de\/wp-json\/wp\/v2\/product"}],"about":[{"href":"https:\/\/www.miomiorun.com\/de\/wp-json\/wp\/v2\/types\/product"}],"wp:featuredmedia":[{"embeddable":true,"href":"https:\/\/www.miomiorun.com\/de\/wp-json\/wp\/v2\/media\/408545"}],"wp:attachment":[{"href":"https:\/\/www.miomiorun.com\/de\/wp-json\/wp\/v2\/media?parent=407102"}],"wp:term":[{"taxonomy":"product_brand","embeddable":true,"href":"https:\/\/www.miomiorun.com\/de\/wp-json\/wp\/v2\/product_brand?post=407102"},{"taxonomy":"product_cat","embeddable":true,"href":"https:\/\/www.miomiorun.com\/de\/wp-json\/wp\/v2\/product_cat?post=407102"},{"taxonomy":"product_tag","embeddable":true,"href":"https:\/\/www.miomiorun.com\/de\/wp-json\/wp\/v2\/product_tag?post=407102"}],"curies":[{"name":"wp","href":"https:\/\/api.w.org\/{rel}","templated":true}]}}