{"id":403865,"date":"2026-02-11T19:39:55","date_gmt":"2026-02-11T18:39:55","guid":{"rendered":"https:\/\/www.miomiorun.com\/?post_type=product&#038;p=403865"},"modified":"2026-05-10T06:24:08","modified_gmt":"2026-05-10T04:24:08","slug":"s-lab-ultra-12","status":"publish","type":"product","link":"https:\/\/www.miomiorun.com\/de\/produkt\/s-lab-ultra-12\/","title":{"rendered":"S\/LAB Ultra 12"},"content":{"rendered":"<p data-start=\"192\" data-end=\"484\">Der S\/LAB Ultra 12 ist ein Rucksack-Gilet, der f\u00fcr die anspruchsvollsten Herausforderungen des Ultralaufs entwickelt wurde. Inspiriert von Ultra-Trail-L\u00e4ufern und gemeinsam mit ihnen entwickelt, vereint er ein vielseitiges Fassungsverm\u00f6gen von 12 Litern mit einer Konstruktion, die Komfort und Stabilit\u00e4t beim Laufen bietet.<\/p>\n<p data-start=\"486\" data-end=\"837\">Die Konstruktion sorgt f\u00fcr einen stabilen Sitz ohne Verrutschen, w\u00e4hrend das Trinksystem dank der 2 mitgelieferten 500-ml-Weichflaschen einen schnellen Zugriff auf Fl\u00fcssigkeit erm\u00f6glicht. Mit einem angegebenen Gewicht von 205 g (295 g inklusive Zubeh\u00f6r) ist dies eine Unisex-Laufweste, die dich auch auf den l\u00e4ngsten Strecken begleitet.<\/p>\n<p>&nbsp;<\/p>\n","protected":false},"excerpt":{"rendered":"<ul>\n<li data-start=\"869\" data-end=\"928\">12 l Fassungsverm\u00f6gen mit stabiler, schwankungsfreier Konstruktion<\/li>\n<li data-start=\"931\" data-end=\"992\">2 weiche 500-ml-Trinkflaschen f\u00fcr sofortige Fl\u00fcssigkeitszufuhr im Lieferumfang enthalten<\/li>\n<li data-start=\"995\" data-end=\"1040\">Geringes Gewicht: 205 g (295 g mit Zubeh\u00f6r)<\/li>\n<\/ul>\n","protected":false},"featured_media":409836,"template":"","meta":{"_acf_changed":false,"inline_featured_image":false},"product_brand":[],"product_cat":[6342,6396,6398],"product_tag":[20480,20485,20489],"class_list":{"0":"post-403865","1":"product","2":"type-product","3":"status-publish","4":"has-post-thumbnail","6":"product_cat-zubehoer","7":"product_cat-taschen-und-guertel-de","8":"product_cat-taschen-de","9":"product_tag-salomon-de","10":"product_tag-salomon-damen","11":"product_tag-salomon-herren","12":"pa_attivita-outdoor-de","13":"pa_attivita-trail-de","14":"pa_colore-s-lab-ultra-12-set-goat-black","15":"pa_marca-salomon-de","16":"pa_sesso-damen","17":"pa_sesso-herren","18":"pa_size-extra-small-de","19":"pa_size-small-de","20":"pa_size-medium-de","21":"pa_size-large-de","23":"first","24":"instock","25":"sale","26":"taxable","27":"shipping-taxable","28":"purchasable","29":"product-type-variable","30":"wvs-archive-product-wrapper"},"acf":[],"yoast_head":"<!-- This site is optimized with the Yoast SEO plugin v26.8 - https:\/\/yoast.com\/product\/yoast-seo-wordpress\/ -->\n<title>Salomon S\/LAB Ultra 12 - Laufrucksack - MioMioRun<\/title>\n<meta name=\"description\" content=\"S\/LAB Ultra 12 \u2013 12-Liter-Trail-Rucksack im Gurtzeug-Stil mit 2 x 500-ml-Trinkflaschen im Lieferumfang enthalten, leicht und stabil f\u00fcr Ultra-L\u00e4ufe und lange Strecken.\" \/>\n<meta name=\"robots\" content=\"index, follow, max-snippet:-1, max-image-preview:large, max-video-preview:-1\" \/>\n<link rel=\"canonical\" href=\"https:\/\/www.miomiorun.com\/de\/produkt\/s-lab-ultra-12\/\" \/>\n<meta property=\"og:locale\" content=\"de_DE\" \/>\n<meta property=\"og:type\" content=\"article\" \/>\n<meta property=\"og:title\" content=\"Salomon S\/LAB Ultra 12 - Laufrucksack - MioMioRun\" \/>\n<meta property=\"og:description\" content=\"S\/LAB Ultra 12 \u2013 12-Liter-Trail-Rucksack im Gurtzeug-Stil mit 2 x 500-ml-Trinkflaschen im Lieferumfang enthalten, leicht und stabil f\u00fcr Ultra-L\u00e4ufe und lange Strecken.\" \/>\n<meta property=\"og:url\" content=\"https:\/\/www.miomiorun.com\/de\/produkt\/s-lab-ultra-12\/\" \/>\n<meta property=\"og:site_name\" content=\"MioMioRun\" \/>\n<meta property=\"article:publisher\" content=\"https:\/\/www.facebook.com\/miomiorun\/\" \/>\n<meta property=\"article:modified_time\" content=\"2026-05-10T04:24:08+00:00\" \/>\n<meta property=\"og:image\" content=\"https:\/\/www.miomiorun.com\/app\/uploads\/2026\/02\/Salomon-S-LAB-Ultra-12-set-goat-black-LC2863400.webp\" \/>\n\t<meta property=\"og:image:width\" content=\"720\" \/>\n\t<meta property=\"og:image:height\" content=\"720\" \/>\n\t<meta property=\"og:image:type\" content=\"image\/webp\" \/>\n<meta name=\"twitter:card\" content=\"summary_large_image\" \/>\n<script type=\"application\/ld+json\" class=\"yoast-schema-graph\">{\"@context\":\"https:\/\/schema.org\",\"@graph\":[{\"@type\":\"WebPage\",\"@id\":\"https:\/\/www.miomiorun.com\/de\/produkt\/s-lab-ultra-12\/\",\"url\":\"https:\/\/www.miomiorun.com\/de\/produkt\/s-lab-ultra-12\/\",\"name\":\"Salomon S\/LAB Ultra 12 - Laufrucksack - MioMioRun\",\"isPartOf\":{\"@id\":\"https:\/\/www.miomiorun.com\/de\/#website\"},\"primaryImageOfPage\":{\"@id\":\"https:\/\/www.miomiorun.com\/de\/produkt\/s-lab-ultra-12\/#primaryimage\"},\"image\":{\"@id\":\"https:\/\/www.miomiorun.com\/de\/produkt\/s-lab-ultra-12\/#primaryimage\"},\"thumbnailUrl\":\"https:\/\/www.miomiorun.com\/app\/uploads\/2026\/02\/Salomon-S-LAB-Ultra-12-set-goat-black-LC2863400.webp\",\"datePublished\":\"2026-02-11T18:39:55+00:00\",\"dateModified\":\"2026-05-10T04:24:08+00:00\",\"description\":\"S\/LAB Ultra 12 \u2013 12-Liter-Trail-Rucksack im Gurtzeug-Stil mit 2 x 500-ml-Trinkflaschen im Lieferumfang enthalten, leicht und stabil f\u00fcr Ultra-L\u00e4ufe und lange Strecken.\",\"breadcrumb\":{\"@id\":\"https:\/\/www.miomiorun.com\/de\/produkt\/s-lab-ultra-12\/#breadcrumb\"},\"inLanguage\":\"de-DE\",\"potentialAction\":[{\"@type\":\"ReadAction\",\"target\":[\"https:\/\/www.miomiorun.com\/de\/produkt\/s-lab-ultra-12\/\"]}]},{\"@type\":\"ImageObject\",\"inLanguage\":\"de-DE\",\"@id\":\"https:\/\/www.miomiorun.com\/de\/produkt\/s-lab-ultra-12\/#primaryimage\",\"url\":\"https:\/\/www.miomiorun.com\/app\/uploads\/2026\/02\/Salomon-S-LAB-Ultra-12-set-goat-black-LC2863400.webp\",\"contentUrl\":\"https:\/\/www.miomiorun.com\/app\/uploads\/2026\/02\/Salomon-S-LAB-Ultra-12-set-goat-black-LC2863400.webp\",\"width\":720,\"height\":720,\"caption\":\"Salomon S LAB Ultra 12 set goat black LC2863400\"},{\"@type\":\"BreadcrumbList\",\"@id\":\"https:\/\/www.miomiorun.com\/de\/produkt\/s-lab-ultra-12\/#breadcrumb\",\"itemListElement\":[{\"@type\":\"ListItem\",\"position\":1,\"name\":\"Home\",\"item\":\"https:\/\/www.miomiorun.com\/de\/home-page\/\"},{\"@type\":\"ListItem\",\"position\":2,\"name\":\"Shop\",\"item\":\"https:\/\/www.miomiorun.com\/shop\/\"},{\"@type\":\"ListItem\",\"position\":3,\"name\":\"S\/LAB Ultra 12\"}]},{\"@type\":\"WebSite\",\"@id\":\"https:\/\/www.miomiorun.com\/de\/#website\",\"url\":\"https:\/\/www.miomiorun.com\/de\/\",\"name\":\"MioMioRun\",\"description\":\"100% Lauf- und Trailshop\",\"publisher\":{\"@id\":\"https:\/\/www.miomiorun.com\/de\/#organization\"},\"potentialAction\":[{\"@type\":\"SearchAction\",\"target\":{\"@type\":\"EntryPoint\",\"urlTemplate\":\"https:\/\/www.miomiorun.com\/de\/?s={search_term_string}\"},\"query-input\":{\"@type\":\"PropertyValueSpecification\",\"valueRequired\":true,\"valueName\":\"search_term_string\"}}],\"inLanguage\":\"de-DE\"},{\"@type\":\"Organization\",\"@id\":\"https:\/\/www.miomiorun.com\/de\/#organization\",\"name\":\"MioMio Run\",\"url\":\"https:\/\/www.miomiorun.com\/de\/\",\"logo\":{\"@type\":\"ImageObject\",\"inLanguage\":\"de-DE\",\"@id\":\"https:\/\/www.miomiorun.com\/de\/#\/schema\/logo\/image\/\",\"url\":\"https:\/\/www.miomiorun.com\/app\/uploads\/2019\/12\/logomio.png\",\"contentUrl\":\"https:\/\/www.miomiorun.com\/app\/uploads\/2019\/12\/logomio.png\",\"width\":115,\"height\":82,\"caption\":\"MioMio Run\"},\"image\":{\"@id\":\"https:\/\/www.miomiorun.com\/de\/#\/schema\/logo\/image\/\"},\"sameAs\":[\"https:\/\/www.facebook.com\/miomiorun\/\",\"https:\/\/www.instagram.com\/miomiorun\/\"]}]}<\/script>\n<!-- \/ Yoast SEO plugin. -->","yoast_head_json":{"title":"Salomon S\/LAB Ultra 12 - Laufrucksack - MioMioRun","description":"S\/LAB Ultra 12 \u2013 12-Liter-Trail-Rucksack im Gurtzeug-Stil mit 2 x 500-ml-Trinkflaschen im Lieferumfang enthalten, leicht und stabil f\u00fcr Ultra-L\u00e4ufe und lange Strecken.","robots":{"index":"index","follow":"follow","max-snippet":"max-snippet:-1","max-image-preview":"max-image-preview:large","max-video-preview":"max-video-preview:-1"},"canonical":"https:\/\/www.miomiorun.com\/de\/produkt\/s-lab-ultra-12\/","og_locale":"de_DE","og_type":"article","og_title":"Salomon S\/LAB Ultra 12 - Laufrucksack - MioMioRun","og_description":"S\/LAB Ultra 12 \u2013 12-Liter-Trail-Rucksack im Gurtzeug-Stil mit 2 x 500-ml-Trinkflaschen im Lieferumfang enthalten, leicht und stabil f\u00fcr Ultra-L\u00e4ufe und lange Strecken.","og_url":"https:\/\/www.miomiorun.com\/de\/produkt\/s-lab-ultra-12\/","og_site_name":"MioMioRun","article_publisher":"https:\/\/www.facebook.com\/miomiorun\/","article_modified_time":"2026-05-10T04:24:08+00:00","og_image":[{"width":720,"height":720,"url":"https:\/\/www.miomiorun.com\/app\/uploads\/2026\/02\/Salomon-S-LAB-Ultra-12-set-goat-black-LC2863400.webp","type":"image\/webp"}],"twitter_card":"summary_large_image","schema":{"@context":"https:\/\/schema.org","@graph":[{"@type":"WebPage","@id":"https:\/\/www.miomiorun.com\/de\/produkt\/s-lab-ultra-12\/","url":"https:\/\/www.miomiorun.com\/de\/produkt\/s-lab-ultra-12\/","name":"Salomon S\/LAB Ultra 12 - Laufrucksack - MioMioRun","isPartOf":{"@id":"https:\/\/www.miomiorun.com\/de\/#website"},"primaryImageOfPage":{"@id":"https:\/\/www.miomiorun.com\/de\/produkt\/s-lab-ultra-12\/#primaryimage"},"image":{"@id":"https:\/\/www.miomiorun.com\/de\/produkt\/s-lab-ultra-12\/#primaryimage"},"thumbnailUrl":"https:\/\/www.miomiorun.com\/app\/uploads\/2026\/02\/Salomon-S-LAB-Ultra-12-set-goat-black-LC2863400.webp","datePublished":"2026-02-11T18:39:55+00:00","dateModified":"2026-05-10T04:24:08+00:00","description":"S\/LAB Ultra 12 \u2013 12-Liter-Trail-Rucksack im Gurtzeug-Stil mit 2 x 500-ml-Trinkflaschen im Lieferumfang enthalten, leicht und stabil f\u00fcr Ultra-L\u00e4ufe und lange Strecken.","breadcrumb":{"@id":"https:\/\/www.miomiorun.com\/de\/produkt\/s-lab-ultra-12\/#breadcrumb"},"inLanguage":"de-DE","potentialAction":[{"@type":"ReadAction","target":["https:\/\/www.miomiorun.com\/de\/produkt\/s-lab-ultra-12\/"]}]},{"@type":"ImageObject","inLanguage":"de-DE","@id":"https:\/\/www.miomiorun.com\/de\/produkt\/s-lab-ultra-12\/#primaryimage","url":"https:\/\/www.miomiorun.com\/app\/uploads\/2026\/02\/Salomon-S-LAB-Ultra-12-set-goat-black-LC2863400.webp","contentUrl":"https:\/\/www.miomiorun.com\/app\/uploads\/2026\/02\/Salomon-S-LAB-Ultra-12-set-goat-black-LC2863400.webp","width":720,"height":720,"caption":"Salomon S LAB Ultra 12 set goat black LC2863400"},{"@type":"BreadcrumbList","@id":"https:\/\/www.miomiorun.com\/de\/produkt\/s-lab-ultra-12\/#breadcrumb","itemListElement":[{"@type":"ListItem","position":1,"name":"Home","item":"https:\/\/www.miomiorun.com\/de\/home-page\/"},{"@type":"ListItem","position":2,"name":"Shop","item":"https:\/\/www.miomiorun.com\/shop\/"},{"@type":"ListItem","position":3,"name":"S\/LAB Ultra 12"}]},{"@type":"WebSite","@id":"https:\/\/www.miomiorun.com\/de\/#website","url":"https:\/\/www.miomiorun.com\/de\/","name":"MioMioRun","description":"100% Lauf- und Trailshop","publisher":{"@id":"https:\/\/www.miomiorun.com\/de\/#organization"},"potentialAction":[{"@type":"SearchAction","target":{"@type":"EntryPoint","urlTemplate":"https:\/\/www.miomiorun.com\/de\/?s={search_term_string}"},"query-input":{"@type":"PropertyValueSpecification","valueRequired":true,"valueName":"search_term_string"}}],"inLanguage":"de-DE"},{"@type":"Organization","@id":"https:\/\/www.miomiorun.com\/de\/#organization","name":"MioMio Run","url":"https:\/\/www.miomiorun.com\/de\/","logo":{"@type":"ImageObject","inLanguage":"de-DE","@id":"https:\/\/www.miomiorun.com\/de\/#\/schema\/logo\/image\/","url":"https:\/\/www.miomiorun.com\/app\/uploads\/2019\/12\/logomio.png","contentUrl":"https:\/\/www.miomiorun.com\/app\/uploads\/2019\/12\/logomio.png","width":115,"height":82,"caption":"MioMio Run"},"image":{"@id":"https:\/\/www.miomiorun.com\/de\/#\/schema\/logo\/image\/"},"sameAs":["https:\/\/www.facebook.com\/miomiorun\/","https:\/\/www.instagram.com\/miomiorun\/"]}]}},"_links":{"self":[{"href":"https:\/\/www.miomiorun.com\/de\/wp-json\/wp\/v2\/product\/403865","targetHints":{"allow":["GET"]}}],"collection":[{"href":"https:\/\/www.miomiorun.com\/de\/wp-json\/wp\/v2\/product"}],"about":[{"href":"https:\/\/www.miomiorun.com\/de\/wp-json\/wp\/v2\/types\/product"}],"wp:featuredmedia":[{"embeddable":true,"href":"https:\/\/www.miomiorun.com\/de\/wp-json\/wp\/v2\/media\/409836"}],"wp:attachment":[{"href":"https:\/\/www.miomiorun.com\/de\/wp-json\/wp\/v2\/media?parent=403865"}],"wp:term":[{"taxonomy":"product_brand","embeddable":true,"href":"https:\/\/www.miomiorun.com\/de\/wp-json\/wp\/v2\/product_brand?post=403865"},{"taxonomy":"product_cat","embeddable":true,"href":"https:\/\/www.miomiorun.com\/de\/wp-json\/wp\/v2\/product_cat?post=403865"},{"taxonomy":"product_tag","embeddable":true,"href":"https:\/\/www.miomiorun.com\/de\/wp-json\/wp\/v2\/product_tag?post=403865"}],"curies":[{"name":"wp","href":"https:\/\/api.w.org\/{rel}","templated":true}]}}