{"id":403852,"date":"2026-02-11T19:36:01","date_gmt":"2026-02-11T18:36:01","guid":{"rendered":"https:\/\/www.miomiorun.com\/?post_type=product&#038;p=403852"},"modified":"2026-05-09T13:05:39","modified_gmt":"2026-05-09T11:05:39","slug":"custom-quiver-ultra","status":"publish","type":"product","link":"https:\/\/www.miomiorun.com\/de\/produkt\/custom-quiver-ultra\/","title":{"rendered":"Custom Quiver Ultra"},"content":{"rendered":"<p data-start=\"197\" data-end=\"505\">Der Custom Quiver Ultra ist ein Zubeh\u00f6rteil f\u00fcr Ultra-Trail-Wettk\u00e4mpfe, das sich leicht an Trinkrucks\u00e4cken oder Trinkwesten befestigen l\u00e4sst. Dank der Konstruktion mit breiten, verst\u00e4rkten \u00d6ffnungen lassen sich die St\u00f6cke bei Bedarf leicht greifen und bei Nichtgebrauch schnell verstauen.<\/p>\n<p data-start=\"507\" data-end=\"831\">Mit einem angegebenen Gewicht von nur 30 Gramm pro St\u00fcck ist es darauf ausgelegt, w\u00e4hrend der Aktivit\u00e4t leicht zu sein und gleichzeitig in den dynamischsten Phasen des Trailrunnings praktisch und funktional zu bleiben. Ein Unisex-Zubeh\u00f6r f\u00fcr alle, die ihre Ausr\u00fcstung bei Wettk\u00e4mpfen und beim Langstreckentraining optimal organisieren m\u00f6chten.<\/p>\n","protected":false},"excerpt":{"rendered":"<ul>\n<li data-start=\"863\" data-end=\"910\">Kompatibel mit Trinkrucks\u00e4cken und Trinkwesten<\/li>\n<li data-start=\"913\" data-end=\"979\">Gro\u00dfe, strukturierte \u00d6ffnungen f\u00fcr den schnellen Zugriff auf die Wanderst\u00f6cke<\/li>\n<li data-start=\"982\" data-end=\"1014\">Geringes Gewicht: 30 g pro St\u00fcck<\/li>\n<\/ul>\n","protected":false},"featured_media":409820,"template":"","meta":{"_acf_changed":false,"inline_featured_image":false},"product_brand":[],"product_cat":[6342,6344,6396,6398],"product_tag":[20480],"class_list":{"0":"post-403852","1":"product","2":"type-product","3":"status-publish","4":"has-post-thumbnail","6":"product_cat-zubehoer","7":"product_cat-stocke-de","8":"product_cat-taschen-und-guertel-de","9":"product_cat-taschen-de","10":"product_tag-salomon-de","11":"pa_attivita-outdoor-de","12":"pa_attivita-trail-de","13":"pa_colore-custom-quiver-ultra-goat","14":"pa_marca-salomon-de","15":"pa_sesso-damen","16":"pa_sesso-herren","18":"first","19":"instock","20":"sale","21":"taxable","22":"shipping-taxable","23":"purchasable","24":"product-type-variable","25":"has-default-attributes","26":"wvs-archive-product-wrapper"},"acf":[],"yoast_head":"<!-- This site is optimized with the Yoast SEO plugin v26.8 - https:\/\/yoast.com\/product\/yoast-seo-wordpress\/ -->\n<title>Salomon Custom Quiver Ultra -Lauf-K\u00f6cher - MioMioRun<\/title>\n<meta name=\"description\" content=\"Custom Quiver Ultra (30 g) f\u00fcr Trailrunning, kompatibel mit Rucks\u00e4cken und Laufwesten und ideal zum Transport von St\u00f6cken bei Ultra-Trail-L\u00e4ufen.\" \/>\n<meta name=\"robots\" content=\"index, follow, max-snippet:-1, max-image-preview:large, max-video-preview:-1\" \/>\n<link rel=\"canonical\" href=\"https:\/\/www.miomiorun.com\/de\/produkt\/custom-quiver-ultra\/\" \/>\n<meta property=\"og:locale\" content=\"de_DE\" \/>\n<meta property=\"og:type\" content=\"article\" \/>\n<meta property=\"og:title\" content=\"Salomon Custom Quiver Ultra -Lauf-K\u00f6cher - MioMioRun\" \/>\n<meta property=\"og:description\" content=\"Custom Quiver Ultra (30 g) f\u00fcr Trailrunning, kompatibel mit Rucks\u00e4cken und Laufwesten und ideal zum Transport von St\u00f6cken bei Ultra-Trail-L\u00e4ufen.\" \/>\n<meta property=\"og:url\" content=\"https:\/\/www.miomiorun.com\/de\/produkt\/custom-quiver-ultra\/\" \/>\n<meta property=\"og:site_name\" content=\"MioMioRun\" \/>\n<meta property=\"article:publisher\" content=\"https:\/\/www.facebook.com\/miomiorun\/\" \/>\n<meta property=\"article:modified_time\" content=\"2026-05-09T11:05:39+00:00\" \/>\n<meta property=\"og:image\" content=\"https:\/\/www.miomiorun.com\/app\/uploads\/2026\/02\/Salomon-Custom-quiver-ultra-goat-LC2856600.webp\" \/>\n\t<meta property=\"og:image:width\" content=\"720\" \/>\n\t<meta property=\"og:image:height\" content=\"720\" \/>\n\t<meta property=\"og:image:type\" content=\"image\/webp\" \/>\n<meta name=\"twitter:card\" content=\"summary_large_image\" \/>\n<meta name=\"twitter:label1\" content=\"Est. reading time\" \/>\n\t<meta name=\"twitter:data1\" content=\"1 minute\" \/>\n<script type=\"application\/ld+json\" class=\"yoast-schema-graph\">{\"@context\":\"https:\/\/schema.org\",\"@graph\":[{\"@type\":\"WebPage\",\"@id\":\"https:\/\/www.miomiorun.com\/de\/produkt\/custom-quiver-ultra\/\",\"url\":\"https:\/\/www.miomiorun.com\/de\/produkt\/custom-quiver-ultra\/\",\"name\":\"Salomon Custom Quiver Ultra -Lauf-K\u00f6cher - MioMioRun\",\"isPartOf\":{\"@id\":\"https:\/\/www.miomiorun.com\/de\/#website\"},\"primaryImageOfPage\":{\"@id\":\"https:\/\/www.miomiorun.com\/de\/produkt\/custom-quiver-ultra\/#primaryimage\"},\"image\":{\"@id\":\"https:\/\/www.miomiorun.com\/de\/produkt\/custom-quiver-ultra\/#primaryimage\"},\"thumbnailUrl\":\"https:\/\/www.miomiorun.com\/app\/uploads\/2026\/02\/Salomon-Custom-quiver-ultra-goat-LC2856600.webp\",\"datePublished\":\"2026-02-11T18:36:01+00:00\",\"dateModified\":\"2026-05-09T11:05:39+00:00\",\"description\":\"Custom Quiver Ultra (30 g) f\u00fcr Trailrunning, kompatibel mit Rucks\u00e4cken und Laufwesten und ideal zum Transport von St\u00f6cken bei Ultra-Trail-L\u00e4ufen.\",\"breadcrumb\":{\"@id\":\"https:\/\/www.miomiorun.com\/de\/produkt\/custom-quiver-ultra\/#breadcrumb\"},\"inLanguage\":\"de-DE\",\"potentialAction\":[{\"@type\":\"ReadAction\",\"target\":[\"https:\/\/www.miomiorun.com\/de\/produkt\/custom-quiver-ultra\/\"]}]},{\"@type\":\"ImageObject\",\"inLanguage\":\"de-DE\",\"@id\":\"https:\/\/www.miomiorun.com\/de\/produkt\/custom-quiver-ultra\/#primaryimage\",\"url\":\"https:\/\/www.miomiorun.com\/app\/uploads\/2026\/02\/Salomon-Custom-quiver-ultra-goat-LC2856600.webp\",\"contentUrl\":\"https:\/\/www.miomiorun.com\/app\/uploads\/2026\/02\/Salomon-Custom-quiver-ultra-goat-LC2856600.webp\",\"width\":720,\"height\":720,\"caption\":\"Salomon Custom quiver ultra goat LC2856600\"},{\"@type\":\"BreadcrumbList\",\"@id\":\"https:\/\/www.miomiorun.com\/de\/produkt\/custom-quiver-ultra\/#breadcrumb\",\"itemListElement\":[{\"@type\":\"ListItem\",\"position\":1,\"name\":\"Home\",\"item\":\"https:\/\/www.miomiorun.com\/de\/home-page\/\"},{\"@type\":\"ListItem\",\"position\":2,\"name\":\"Shop\",\"item\":\"https:\/\/www.miomiorun.com\/shop\/\"},{\"@type\":\"ListItem\",\"position\":3,\"name\":\"Custom Quiver Ultra\"}]},{\"@type\":\"WebSite\",\"@id\":\"https:\/\/www.miomiorun.com\/de\/#website\",\"url\":\"https:\/\/www.miomiorun.com\/de\/\",\"name\":\"MioMioRun\",\"description\":\"100% Lauf- und Trailshop\",\"publisher\":{\"@id\":\"https:\/\/www.miomiorun.com\/de\/#organization\"},\"potentialAction\":[{\"@type\":\"SearchAction\",\"target\":{\"@type\":\"EntryPoint\",\"urlTemplate\":\"https:\/\/www.miomiorun.com\/de\/?s={search_term_string}\"},\"query-input\":{\"@type\":\"PropertyValueSpecification\",\"valueRequired\":true,\"valueName\":\"search_term_string\"}}],\"inLanguage\":\"de-DE\"},{\"@type\":\"Organization\",\"@id\":\"https:\/\/www.miomiorun.com\/de\/#organization\",\"name\":\"MioMio Run\",\"url\":\"https:\/\/www.miomiorun.com\/de\/\",\"logo\":{\"@type\":\"ImageObject\",\"inLanguage\":\"de-DE\",\"@id\":\"https:\/\/www.miomiorun.com\/de\/#\/schema\/logo\/image\/\",\"url\":\"https:\/\/www.miomiorun.com\/app\/uploads\/2019\/12\/logomio.png\",\"contentUrl\":\"https:\/\/www.miomiorun.com\/app\/uploads\/2019\/12\/logomio.png\",\"width\":115,\"height\":82,\"caption\":\"MioMio Run\"},\"image\":{\"@id\":\"https:\/\/www.miomiorun.com\/de\/#\/schema\/logo\/image\/\"},\"sameAs\":[\"https:\/\/www.facebook.com\/miomiorun\/\",\"https:\/\/www.instagram.com\/miomiorun\/\"]}]}<\/script>\n<!-- \/ Yoast SEO plugin. -->","yoast_head_json":{"title":"Salomon Custom Quiver Ultra -Lauf-K\u00f6cher - MioMioRun","description":"Custom Quiver Ultra (30 g) f\u00fcr Trailrunning, kompatibel mit Rucks\u00e4cken und Laufwesten und ideal zum Transport von St\u00f6cken bei Ultra-Trail-L\u00e4ufen.","robots":{"index":"index","follow":"follow","max-snippet":"max-snippet:-1","max-image-preview":"max-image-preview:large","max-video-preview":"max-video-preview:-1"},"canonical":"https:\/\/www.miomiorun.com\/de\/produkt\/custom-quiver-ultra\/","og_locale":"de_DE","og_type":"article","og_title":"Salomon Custom Quiver Ultra -Lauf-K\u00f6cher - MioMioRun","og_description":"Custom Quiver Ultra (30 g) f\u00fcr Trailrunning, kompatibel mit Rucks\u00e4cken und Laufwesten und ideal zum Transport von St\u00f6cken bei Ultra-Trail-L\u00e4ufen.","og_url":"https:\/\/www.miomiorun.com\/de\/produkt\/custom-quiver-ultra\/","og_site_name":"MioMioRun","article_publisher":"https:\/\/www.facebook.com\/miomiorun\/","article_modified_time":"2026-05-09T11:05:39+00:00","og_image":[{"width":720,"height":720,"url":"https:\/\/www.miomiorun.com\/app\/uploads\/2026\/02\/Salomon-Custom-quiver-ultra-goat-LC2856600.webp","type":"image\/webp"}],"twitter_card":"summary_large_image","twitter_misc":{"Est. reading time":"1 minute"},"schema":{"@context":"https:\/\/schema.org","@graph":[{"@type":"WebPage","@id":"https:\/\/www.miomiorun.com\/de\/produkt\/custom-quiver-ultra\/","url":"https:\/\/www.miomiorun.com\/de\/produkt\/custom-quiver-ultra\/","name":"Salomon Custom Quiver Ultra -Lauf-K\u00f6cher - MioMioRun","isPartOf":{"@id":"https:\/\/www.miomiorun.com\/de\/#website"},"primaryImageOfPage":{"@id":"https:\/\/www.miomiorun.com\/de\/produkt\/custom-quiver-ultra\/#primaryimage"},"image":{"@id":"https:\/\/www.miomiorun.com\/de\/produkt\/custom-quiver-ultra\/#primaryimage"},"thumbnailUrl":"https:\/\/www.miomiorun.com\/app\/uploads\/2026\/02\/Salomon-Custom-quiver-ultra-goat-LC2856600.webp","datePublished":"2026-02-11T18:36:01+00:00","dateModified":"2026-05-09T11:05:39+00:00","description":"Custom Quiver Ultra (30 g) f\u00fcr Trailrunning, kompatibel mit Rucks\u00e4cken und Laufwesten und ideal zum Transport von St\u00f6cken bei Ultra-Trail-L\u00e4ufen.","breadcrumb":{"@id":"https:\/\/www.miomiorun.com\/de\/produkt\/custom-quiver-ultra\/#breadcrumb"},"inLanguage":"de-DE","potentialAction":[{"@type":"ReadAction","target":["https:\/\/www.miomiorun.com\/de\/produkt\/custom-quiver-ultra\/"]}]},{"@type":"ImageObject","inLanguage":"de-DE","@id":"https:\/\/www.miomiorun.com\/de\/produkt\/custom-quiver-ultra\/#primaryimage","url":"https:\/\/www.miomiorun.com\/app\/uploads\/2026\/02\/Salomon-Custom-quiver-ultra-goat-LC2856600.webp","contentUrl":"https:\/\/www.miomiorun.com\/app\/uploads\/2026\/02\/Salomon-Custom-quiver-ultra-goat-LC2856600.webp","width":720,"height":720,"caption":"Salomon Custom quiver ultra goat LC2856600"},{"@type":"BreadcrumbList","@id":"https:\/\/www.miomiorun.com\/de\/produkt\/custom-quiver-ultra\/#breadcrumb","itemListElement":[{"@type":"ListItem","position":1,"name":"Home","item":"https:\/\/www.miomiorun.com\/de\/home-page\/"},{"@type":"ListItem","position":2,"name":"Shop","item":"https:\/\/www.miomiorun.com\/shop\/"},{"@type":"ListItem","position":3,"name":"Custom Quiver Ultra"}]},{"@type":"WebSite","@id":"https:\/\/www.miomiorun.com\/de\/#website","url":"https:\/\/www.miomiorun.com\/de\/","name":"MioMioRun","description":"100% Lauf- und Trailshop","publisher":{"@id":"https:\/\/www.miomiorun.com\/de\/#organization"},"potentialAction":[{"@type":"SearchAction","target":{"@type":"EntryPoint","urlTemplate":"https:\/\/www.miomiorun.com\/de\/?s={search_term_string}"},"query-input":{"@type":"PropertyValueSpecification","valueRequired":true,"valueName":"search_term_string"}}],"inLanguage":"de-DE"},{"@type":"Organization","@id":"https:\/\/www.miomiorun.com\/de\/#organization","name":"MioMio Run","url":"https:\/\/www.miomiorun.com\/de\/","logo":{"@type":"ImageObject","inLanguage":"de-DE","@id":"https:\/\/www.miomiorun.com\/de\/#\/schema\/logo\/image\/","url":"https:\/\/www.miomiorun.com\/app\/uploads\/2019\/12\/logomio.png","contentUrl":"https:\/\/www.miomiorun.com\/app\/uploads\/2019\/12\/logomio.png","width":115,"height":82,"caption":"MioMio Run"},"image":{"@id":"https:\/\/www.miomiorun.com\/de\/#\/schema\/logo\/image\/"},"sameAs":["https:\/\/www.facebook.com\/miomiorun\/","https:\/\/www.instagram.com\/miomiorun\/"]}]}},"_links":{"self":[{"href":"https:\/\/www.miomiorun.com\/de\/wp-json\/wp\/v2\/product\/403852","targetHints":{"allow":["GET"]}}],"collection":[{"href":"https:\/\/www.miomiorun.com\/de\/wp-json\/wp\/v2\/product"}],"about":[{"href":"https:\/\/www.miomiorun.com\/de\/wp-json\/wp\/v2\/types\/product"}],"wp:featuredmedia":[{"embeddable":true,"href":"https:\/\/www.miomiorun.com\/de\/wp-json\/wp\/v2\/media\/409820"}],"wp:attachment":[{"href":"https:\/\/www.miomiorun.com\/de\/wp-json\/wp\/v2\/media?parent=403852"}],"wp:term":[{"taxonomy":"product_brand","embeddable":true,"href":"https:\/\/www.miomiorun.com\/de\/wp-json\/wp\/v2\/product_brand?post=403852"},{"taxonomy":"product_cat","embeddable":true,"href":"https:\/\/www.miomiorun.com\/de\/wp-json\/wp\/v2\/product_cat?post=403852"},{"taxonomy":"product_tag","embeddable":true,"href":"https:\/\/www.miomiorun.com\/de\/wp-json\/wp\/v2\/product_tag?post=403852"}],"curies":[{"name":"wp","href":"https:\/\/api.w.org\/{rel}","templated":true}]}}