{"id":403746,"date":"2026-02-11T18:14:51","date_gmt":"2026-02-11T17:14:51","guid":{"rendered":"https:\/\/www.miomiorun.com\/?post_type=product&#038;p=403746"},"modified":"2026-05-09T13:04:18","modified_gmt":"2026-05-09T11:04:18","slug":"s-lab-genesis","status":"publish","type":"product","link":"https:\/\/www.miomiorun.com\/de\/produkt\/s-lab-genesis\/","title":{"rendered":"S\/LAB Genesis"},"content":{"rendered":"<table style=\"border-collapse: collapse;width: 100%\">\n<tbody>\n<tr>\n<td style=\"width: 33.3333%\">\n<p style=\"text-align: center\"><strong>Technische Daten<\/strong><\/p>\n<p style=\"text-align: center\">Kategorie: moderate D\u00e4mpfung<br \/>\nSprengung: 8 mm<br \/>\nGewicht: 258 g<br \/>\nIdeal f\u00fcr: Trailrunner, entwickelt f\u00fcr maximale Leistung, f\u00fcr epische Adventure-Trails. Auch f\u00fcr l\u00e4ngere Strecken geeignet.<br \/>\nGewicht des L\u00e4ufers: 60\u201370 kg<br \/>\nLauftempo: mittel bis schnell (4:30\u20136:00 min\/km)<br \/>\n<a href=\"https:\/\/miomiorun.com\/guida-alle-specifiche-tecniche\/\">Leitfaden zu den technischen Spezifikationen<\/a><\/p>\n<\/td>\n<td style=\"width: 66.6666%\">\n<p style=\"text-align: center\" data-start=\"256\" data-end=\"746\">Der S\/LAB Genesis ist ein Trailrunning-Schuh f\u00fcr alle, die bei Abenteuern auf gemischtem oder felsigem Gel\u00e4nde hohe Leistung suchen. Das Design dieses Modells vereint effektiven Grip, Komfort und Schutz mit einer Konstruktion, die f\u00fcr anspruchsvolle Touren und unterschiedliche Distanzen entwickelt wurde. Das Obermaterial vereint technische Materialien mit einer Konstruktion, die Halt und Feuchtigkeitsmanagement bietet, w\u00e4hrend der Quicklace\u2122-Verschluss eine schnelle und sichere Anpassung erm\u00f6glicht.<span class=\"\" data-state=\"closed\"><\/span><\/p>\n<p style=\"text-align: center\" data-start=\"748\" data-end=\"1182\">Die Zwischensohle nutzt einen leichten, d\u00e4mpfenden Schaumstoff, um Halt und Komfort auf unebenem Untergrund zu bieten, mit einer Sprengung von ca. 8 mm, die einen ausgewogenen Lauf f\u00f6rdert. <span class=\"\" data-state=\"closed\"><\/span><br data-start=\"971\" data-end=\"974\">Die Sohle besteht aus einer All-Terrain-Contagrip\u00ae-Mischung, die f\u00fcr Traktion auf verschiedenen Untergr\u00fcnden entwickelt wurde und \u00fcber tiefe Stollen f\u00fcr besseren Halt auf Trails verf\u00fcgt.<span class=\"\" data-state=\"closed\"><\/span><\/p>\n<p style=\"text-align: center\" data-start=\"1184\" data-end=\"1368\">Insgesamt bietet der S\/LAB Genesis eine ausgewogene Kombination aus D\u00e4mpfung, Grip und Vielseitigkeit, die sich f\u00fcr L\u00e4ufer eignet, die verschiedene Trail-Typen mit mittlerer bis hoher Laufh\u00e4ufigkeit bew\u00e4ltigen.<\/p>\n<\/td>\n<\/tr>\n<\/tbody>\n<\/table>\n<p>&nbsp;<\/p>\n","protected":false},"excerpt":{"rendered":"<ul>\n<li data-start=\"1400\" data-end=\"1527\">Technisches Obermaterial mit Quicklace\u2122-Schn\u00fcrsystem f\u00fcr sicheren und bequemen Sitz.<span class=\"\" data-state=\"closed\"><\/span><\/li>\n<li data-start=\"1530\" data-end=\"1645\">D\u00e4mpfende Zwischensohle mit 8 mm Sprengung f\u00fcr Komfort auf unterschiedlichen Distanzen.<span class=\"\" data-state=\"closed\"><\/span><\/li>\n<li data-start=\"1648\" data-end=\"1765\">All-Terrain-Contagrip\u00ae-Laufsohle mit tiefen Stollen f\u00fcr Traktion auf unterschiedlichem Untergrund.<\/li>\n<\/ul>\n","protected":false},"featured_media":409638,"template":"","meta":{"_acf_changed":false,"inline_featured_image":false},"product_brand":[],"product_cat":[6507,6504,6474,6491],"product_tag":[20480,20485,20489],"class_list":{"0":"post-403746","1":"product","2":"type-product","3":"status-publish","4":"has-post-thumbnail","6":"product_cat-herren-schuhe-de","7":"product_cat-trail","8":"product_cat-damenschuhe","9":"product_cat-damentrailschuhe","10":"product_tag-salomon-de","11":"product_tag-salomon-damen","12":"product_tag-salomon-herren","13":"pa_attivita-outdoor-de","14":"pa_attivita-trail-de","15":"pa_colore-s-lab-genesis-vanilla-ice-dchoco-black","16":"pa_marca-salomon-de","17":"pa_sesso-herren","18":"pa_size-41-de","19":"pa_size-42-de","20":"pa_size-43-de","21":"pa_size-44-de","22":"pa_size-45-de","23":"pa_size-46-de","26":"first","27":"instock","28":"sale","29":"taxable","30":"shipping-taxable","31":"purchasable","32":"product-type-variable","33":"wvs-archive-product-wrapper"},"acf":[],"yoast_head":"<!-- This site is optimized with the Yoast SEO plugin v26.8 - https:\/\/yoast.com\/product\/yoast-seo-wordpress\/ -->\n<title>Salomon S\/LAB Genesis - Trail-Schuhe - MioMioRun.com<\/title>\n<meta name=\"description\" content=\"Salomon S\/LAB Genesis Trail mit Quicklace\u2122, d\u00e4mpfender Zwischensohle und Contagrip\u00ae-Laufsohle f\u00fcr guten Halt auf gemischtem und felsigem Gel\u00e4nde.\" \/>\n<meta name=\"robots\" content=\"index, follow, max-snippet:-1, max-image-preview:large, max-video-preview:-1\" \/>\n<link rel=\"canonical\" href=\"https:\/\/www.miomiorun.com\/de\/produkt\/s-lab-genesis\/\" \/>\n<meta property=\"og:locale\" content=\"de_DE\" \/>\n<meta property=\"og:type\" content=\"article\" \/>\n<meta property=\"og:title\" content=\"Salomon S\/LAB Genesis - Trail-Schuhe - MioMioRun.com\" \/>\n<meta property=\"og:description\" content=\"Salomon S\/LAB Genesis Trail mit Quicklace\u2122, d\u00e4mpfender Zwischensohle und Contagrip\u00ae-Laufsohle f\u00fcr guten Halt auf gemischtem und felsigem Gel\u00e4nde.\" \/>\n<meta property=\"og:url\" content=\"https:\/\/www.miomiorun.com\/de\/produkt\/s-lab-genesis\/\" \/>\n<meta property=\"og:site_name\" content=\"MioMioRun\" \/>\n<meta property=\"article:publisher\" content=\"https:\/\/www.facebook.com\/miomiorun\/\" \/>\n<meta property=\"article:modified_time\" content=\"2026-05-09T11:04:18+00:00\" \/>\n<meta property=\"og:image\" content=\"https:\/\/www.miomiorun.com\/app\/uploads\/2026\/02\/Salomon-S-Lab-Genesis-vanilla-ice-dchoco-black-L47722600.webp\" \/>\n\t<meta property=\"og:image:width\" content=\"720\" \/>\n\t<meta property=\"og:image:height\" content=\"720\" \/>\n\t<meta property=\"og:image:type\" content=\"image\/webp\" \/>\n<meta name=\"twitter:card\" content=\"summary_large_image\" \/>\n<meta name=\"twitter:label1\" content=\"Est. reading time\" \/>\n\t<meta name=\"twitter:data1\" content=\"1 minute\" \/>\n<script type=\"application\/ld+json\" class=\"yoast-schema-graph\">{\"@context\":\"https:\/\/schema.org\",\"@graph\":[{\"@type\":\"WebPage\",\"@id\":\"https:\/\/www.miomiorun.com\/de\/produkt\/s-lab-genesis\/\",\"url\":\"https:\/\/www.miomiorun.com\/de\/produkt\/s-lab-genesis\/\",\"name\":\"Salomon S\/LAB Genesis - Trail-Schuhe - MioMioRun.com\",\"isPartOf\":{\"@id\":\"https:\/\/www.miomiorun.com\/de\/#website\"},\"primaryImageOfPage\":{\"@id\":\"https:\/\/www.miomiorun.com\/de\/produkt\/s-lab-genesis\/#primaryimage\"},\"image\":{\"@id\":\"https:\/\/www.miomiorun.com\/de\/produkt\/s-lab-genesis\/#primaryimage\"},\"thumbnailUrl\":\"https:\/\/www.miomiorun.com\/app\/uploads\/2026\/02\/Salomon-S-Lab-Genesis-vanilla-ice-dchoco-black-L47722600.webp\",\"datePublished\":\"2026-02-11T17:14:51+00:00\",\"dateModified\":\"2026-05-09T11:04:18+00:00\",\"description\":\"Salomon S\/LAB Genesis Trail mit Quicklace\u2122, d\u00e4mpfender Zwischensohle und Contagrip\u00ae-Laufsohle f\u00fcr guten Halt auf gemischtem und felsigem Gel\u00e4nde.\",\"breadcrumb\":{\"@id\":\"https:\/\/www.miomiorun.com\/de\/produkt\/s-lab-genesis\/#breadcrumb\"},\"inLanguage\":\"de-DE\",\"potentialAction\":[{\"@type\":\"ReadAction\",\"target\":[\"https:\/\/www.miomiorun.com\/de\/produkt\/s-lab-genesis\/\"]}]},{\"@type\":\"ImageObject\",\"inLanguage\":\"de-DE\",\"@id\":\"https:\/\/www.miomiorun.com\/de\/produkt\/s-lab-genesis\/#primaryimage\",\"url\":\"https:\/\/www.miomiorun.com\/app\/uploads\/2026\/02\/Salomon-S-Lab-Genesis-vanilla-ice-dchoco-black-L47722600.webp\",\"contentUrl\":\"https:\/\/www.miomiorun.com\/app\/uploads\/2026\/02\/Salomon-S-Lab-Genesis-vanilla-ice-dchoco-black-L47722600.webp\",\"width\":720,\"height\":720,\"caption\":\"Salomon S Lab Genesis vanilla ice dchoco black L47722600\"},{\"@type\":\"BreadcrumbList\",\"@id\":\"https:\/\/www.miomiorun.com\/de\/produkt\/s-lab-genesis\/#breadcrumb\",\"itemListElement\":[{\"@type\":\"ListItem\",\"position\":1,\"name\":\"Home\",\"item\":\"https:\/\/www.miomiorun.com\/de\/\"},{\"@type\":\"ListItem\",\"position\":2,\"name\":\"Shop\",\"item\":\"https:\/\/www.miomiorun.com\/shop\/\"},{\"@type\":\"ListItem\",\"position\":3,\"name\":\"S\/LAB Genesis\"}]},{\"@type\":\"WebSite\",\"@id\":\"https:\/\/www.miomiorun.com\/de\/#website\",\"url\":\"https:\/\/www.miomiorun.com\/de\/\",\"name\":\"MioMioRun\",\"description\":\"100% Lauf- und Trailshop\",\"publisher\":{\"@id\":\"https:\/\/www.miomiorun.com\/de\/#organization\"},\"potentialAction\":[{\"@type\":\"SearchAction\",\"target\":{\"@type\":\"EntryPoint\",\"urlTemplate\":\"https:\/\/www.miomiorun.com\/de\/?s={search_term_string}\"},\"query-input\":{\"@type\":\"PropertyValueSpecification\",\"valueRequired\":true,\"valueName\":\"search_term_string\"}}],\"inLanguage\":\"de-DE\"},{\"@type\":\"Organization\",\"@id\":\"https:\/\/www.miomiorun.com\/de\/#organization\",\"name\":\"MioMio Run\",\"url\":\"https:\/\/www.miomiorun.com\/de\/\",\"logo\":{\"@type\":\"ImageObject\",\"inLanguage\":\"de-DE\",\"@id\":\"https:\/\/www.miomiorun.com\/de\/#\/schema\/logo\/image\/\",\"url\":\"https:\/\/www.miomiorun.com\/app\/uploads\/2019\/12\/logomio.png\",\"contentUrl\":\"https:\/\/www.miomiorun.com\/app\/uploads\/2019\/12\/logomio.png\",\"width\":115,\"height\":82,\"caption\":\"MioMio Run\"},\"image\":{\"@id\":\"https:\/\/www.miomiorun.com\/de\/#\/schema\/logo\/image\/\"},\"sameAs\":[\"https:\/\/www.facebook.com\/miomiorun\/\",\"https:\/\/www.instagram.com\/miomiorun\/\"]}]}<\/script>\n<!-- \/ Yoast SEO plugin. -->","yoast_head_json":{"title":"Salomon S\/LAB Genesis - Trail-Schuhe - MioMioRun.com","description":"Salomon S\/LAB Genesis Trail mit Quicklace\u2122, d\u00e4mpfender Zwischensohle und Contagrip\u00ae-Laufsohle f\u00fcr guten Halt auf gemischtem und felsigem Gel\u00e4nde.","robots":{"index":"index","follow":"follow","max-snippet":"max-snippet:-1","max-image-preview":"max-image-preview:large","max-video-preview":"max-video-preview:-1"},"canonical":"https:\/\/www.miomiorun.com\/de\/produkt\/s-lab-genesis\/","og_locale":"de_DE","og_type":"article","og_title":"Salomon S\/LAB Genesis - Trail-Schuhe - MioMioRun.com","og_description":"Salomon S\/LAB Genesis Trail mit Quicklace\u2122, d\u00e4mpfender Zwischensohle und Contagrip\u00ae-Laufsohle f\u00fcr guten Halt auf gemischtem und felsigem Gel\u00e4nde.","og_url":"https:\/\/www.miomiorun.com\/de\/produkt\/s-lab-genesis\/","og_site_name":"MioMioRun","article_publisher":"https:\/\/www.facebook.com\/miomiorun\/","article_modified_time":"2026-05-09T11:04:18+00:00","og_image":[{"width":720,"height":720,"url":"https:\/\/www.miomiorun.com\/app\/uploads\/2026\/02\/Salomon-S-Lab-Genesis-vanilla-ice-dchoco-black-L47722600.webp","type":"image\/webp"}],"twitter_card":"summary_large_image","twitter_misc":{"Est. reading time":"1 minute"},"schema":{"@context":"https:\/\/schema.org","@graph":[{"@type":"WebPage","@id":"https:\/\/www.miomiorun.com\/de\/produkt\/s-lab-genesis\/","url":"https:\/\/www.miomiorun.com\/de\/produkt\/s-lab-genesis\/","name":"Salomon S\/LAB Genesis - Trail-Schuhe - MioMioRun.com","isPartOf":{"@id":"https:\/\/www.miomiorun.com\/de\/#website"},"primaryImageOfPage":{"@id":"https:\/\/www.miomiorun.com\/de\/produkt\/s-lab-genesis\/#primaryimage"},"image":{"@id":"https:\/\/www.miomiorun.com\/de\/produkt\/s-lab-genesis\/#primaryimage"},"thumbnailUrl":"https:\/\/www.miomiorun.com\/app\/uploads\/2026\/02\/Salomon-S-Lab-Genesis-vanilla-ice-dchoco-black-L47722600.webp","datePublished":"2026-02-11T17:14:51+00:00","dateModified":"2026-05-09T11:04:18+00:00","description":"Salomon S\/LAB Genesis Trail mit Quicklace\u2122, d\u00e4mpfender Zwischensohle und Contagrip\u00ae-Laufsohle f\u00fcr guten Halt auf gemischtem und felsigem Gel\u00e4nde.","breadcrumb":{"@id":"https:\/\/www.miomiorun.com\/de\/produkt\/s-lab-genesis\/#breadcrumb"},"inLanguage":"de-DE","potentialAction":[{"@type":"ReadAction","target":["https:\/\/www.miomiorun.com\/de\/produkt\/s-lab-genesis\/"]}]},{"@type":"ImageObject","inLanguage":"de-DE","@id":"https:\/\/www.miomiorun.com\/de\/produkt\/s-lab-genesis\/#primaryimage","url":"https:\/\/www.miomiorun.com\/app\/uploads\/2026\/02\/Salomon-S-Lab-Genesis-vanilla-ice-dchoco-black-L47722600.webp","contentUrl":"https:\/\/www.miomiorun.com\/app\/uploads\/2026\/02\/Salomon-S-Lab-Genesis-vanilla-ice-dchoco-black-L47722600.webp","width":720,"height":720,"caption":"Salomon S Lab Genesis vanilla ice dchoco black L47722600"},{"@type":"BreadcrumbList","@id":"https:\/\/www.miomiorun.com\/de\/produkt\/s-lab-genesis\/#breadcrumb","itemListElement":[{"@type":"ListItem","position":1,"name":"Home","item":"https:\/\/www.miomiorun.com\/de\/"},{"@type":"ListItem","position":2,"name":"Shop","item":"https:\/\/www.miomiorun.com\/shop\/"},{"@type":"ListItem","position":3,"name":"S\/LAB Genesis"}]},{"@type":"WebSite","@id":"https:\/\/www.miomiorun.com\/de\/#website","url":"https:\/\/www.miomiorun.com\/de\/","name":"MioMioRun","description":"100% Lauf- und Trailshop","publisher":{"@id":"https:\/\/www.miomiorun.com\/de\/#organization"},"potentialAction":[{"@type":"SearchAction","target":{"@type":"EntryPoint","urlTemplate":"https:\/\/www.miomiorun.com\/de\/?s={search_term_string}"},"query-input":{"@type":"PropertyValueSpecification","valueRequired":true,"valueName":"search_term_string"}}],"inLanguage":"de-DE"},{"@type":"Organization","@id":"https:\/\/www.miomiorun.com\/de\/#organization","name":"MioMio Run","url":"https:\/\/www.miomiorun.com\/de\/","logo":{"@type":"ImageObject","inLanguage":"de-DE","@id":"https:\/\/www.miomiorun.com\/de\/#\/schema\/logo\/image\/","url":"https:\/\/www.miomiorun.com\/app\/uploads\/2019\/12\/logomio.png","contentUrl":"https:\/\/www.miomiorun.com\/app\/uploads\/2019\/12\/logomio.png","width":115,"height":82,"caption":"MioMio Run"},"image":{"@id":"https:\/\/www.miomiorun.com\/de\/#\/schema\/logo\/image\/"},"sameAs":["https:\/\/www.facebook.com\/miomiorun\/","https:\/\/www.instagram.com\/miomiorun\/"]}]}},"_links":{"self":[{"href":"https:\/\/www.miomiorun.com\/de\/wp-json\/wp\/v2\/product\/403746","targetHints":{"allow":["GET"]}}],"collection":[{"href":"https:\/\/www.miomiorun.com\/de\/wp-json\/wp\/v2\/product"}],"about":[{"href":"https:\/\/www.miomiorun.com\/de\/wp-json\/wp\/v2\/types\/product"}],"wp:featuredmedia":[{"embeddable":true,"href":"https:\/\/www.miomiorun.com\/de\/wp-json\/wp\/v2\/media\/409638"}],"wp:attachment":[{"href":"https:\/\/www.miomiorun.com\/de\/wp-json\/wp\/v2\/media?parent=403746"}],"wp:term":[{"taxonomy":"product_brand","embeddable":true,"href":"https:\/\/www.miomiorun.com\/de\/wp-json\/wp\/v2\/product_brand?post=403746"},{"taxonomy":"product_cat","embeddable":true,"href":"https:\/\/www.miomiorun.com\/de\/wp-json\/wp\/v2\/product_cat?post=403746"},{"taxonomy":"product_tag","embeddable":true,"href":"https:\/\/www.miomiorun.com\/de\/wp-json\/wp\/v2\/product_tag?post=403746"}],"curies":[{"name":"wp","href":"https:\/\/api.w.org\/{rel}","templated":true}]}}