{"id":403599,"date":"2026-02-11T16:39:59","date_gmt":"2026-02-11T15:39:59","guid":{"rendered":"https:\/\/www.miomiorun.com\/?post_type=product&#038;p=403599"},"modified":"2026-05-09T13:03:13","modified_gmt":"2026-05-09T11:03:13","slug":"omni-st-23-damen","status":"publish","type":"product","link":"https:\/\/www.miomiorun.com\/de\/produkt\/omni-st-23-damen\/","title":{"rendered":"Omni ST 23 damen"},"content":{"rendered":"<table style=\"border-collapse: collapse;width: 100%\">\n<tbody>\n<tr>\n<td style=\"width: 33.3333%\">\n<h4 style=\"text-align: center\">Technische Daten<\/h4>\n<p style=\"text-align: center\">Kategorie: Mittlere D\u00e4mpfung<br \/>\nSprengung: 8 mm<br \/>\nGewicht: 252 g<br \/>\nIdeal f\u00fcr: L\u00e4ufer mit einer Tendenz zur Pronation, die ein Modell mit guter St\u00fctze und Schutz suchen, ohne dabei aufgrund des geringen Gewichts des Schuhs auf Leistung verzichten zu m\u00fcssen.<br \/>\nGewicht des L\u00e4ufers: &gt;70 kg<br \/>\nLauftempo: mittel (5\u20136 min\/km)<br \/>\n<a href=\"https:\/\/miomiorun.com\/guida-alle-specifiche-tecniche\/\">Leitfaden zu den technischen Spezifikationen<\/a><\/p>\n<\/td>\n<td style=\"width: 66.6666%\">\n<p style=\"text-align: center\" data-start=\"146\" data-end=\"416\">Der <strong data-start=\"149\" data-end=\"163\">Omni ST 23<\/strong> wurde f\u00fcr L\u00e4ufer entwickelt, die <strong data-start=\"205\" data-end=\"228\">zuverl\u00e4ssigen Halt<\/strong> suchen, ohne dabei auf <strong data-start=\"248\" data-end=\"273\">Geschmeidigkeit und Reaktionsfreudigkeit<\/strong> verzichten zu m\u00fcssen. Er ist ideal f\u00fcr die t\u00e4glichen Kilometer und lange Trainingseinheiten und bietet Schritt f\u00fcr Schritt einen <strong data-start=\"367\" data-end=\"398\">stabilen, ausgerichteten und sicheren<\/strong> Lauf.<\/p>\n<p style=\"text-align: center\" data-start=\"418\" data-end=\"718\">Das <strong data-start=\"421\" data-end=\"445\">Stabilit\u00e4tssystem<\/strong> kombiniert den <strong data-start=\"457\" data-end=\"474\">PWRRUN-Rahmen<\/strong> mit dem <strong data-start=\"482\" data-end=\"504\">Stable-Zone-Design<\/strong> und f\u00fchrt den Fu\u00df zu einem ausgewogenen Schritt. Die <strong data-start=\"570\" data-end=\"583\">PWRRUN PB-D\u00e4mpfung<\/strong> sorgt f\u00fcr ein energiegeladenes und sch\u00fctzendes Laufgef\u00fchl und bietet gleichzeitig die n\u00f6tige Kontrolle f\u00fcr einen gleichm\u00e4\u00dfigen und komfortablen Lauf.<\/p>\n<p style=\"text-align: center\" data-start=\"720\" data-end=\"1060\">Die <strong data-start=\"723\" data-end=\"739\">XT 900-Sohle<\/strong> garantiert <strong data-start=\"751\" data-end=\"772\">Langlebigkeit und Traktion<\/strong> \u00fcber lange Zeit, w\u00e4hrend die <strong data-start=\"794\" data-end=\"835\">artikulierten Rillen im Vorfu\u00dfbereich<\/strong> f\u00fcr fl\u00fcssigere und nat\u00fcrlichere \u00dcberg\u00e4nge sorgen. Das <strong data-start=\"886\" data-end=\"912\">Obermaterial aus technischem Mesh<\/strong> verbessert die Atmungsaktivit\u00e4t und sorgt zusammen mit der <strong data-start=\"955\" data-end=\"999\">zus\u00e4tzlichen Polsterung an Zunge und Kragen<\/strong> f\u00fcr einen <strong data-start=\"1014\" data-end=\"1045\">stabilen und angenehmen Sitz<\/strong> bei jedem Lauf.<\/p>\n<\/td>\n<\/tr>\n<\/tbody>\n<\/table>\n<p>&nbsp;<\/p>\n","protected":false},"excerpt":{"rendered":"<ul>\n<li data-start=\"1284\" data-end=\"1364\">Stabilit\u00e4tssystem <strong data-start=\"1305\" data-end=\"1329\">PWRRUN + Stable Zone<\/strong> f\u00fcr einen ausgewogenen und sicheren Laufschritt<\/li>\n<li data-start=\"1367\" data-end=\"1420\">Reaktive und sch\u00fctzende <strong data-start=\"1383\" data-end=\"1396\">PWRRUN PB<\/strong>-D\u00e4mpfung<\/li>\n<li data-start=\"1423\" data-end=\"1517\">Robuste <strong data-start=\"1429\" data-end=\"1439\">XT 900<\/strong>-Sohle und Obermaterial aus atmungsaktivem <strong data-start=\"1463\" data-end=\"1479\">technischem Mesh<\/strong> mit Komfortpolsterung<\/li>\n<\/ul>\n","protected":false},"featured_media":403567,"template":"","meta":{"_acf_changed":false,"inline_featured_image":false},"product_brand":[],"product_cat":[6474,6490],"product_tag":[3391,33804],"class_list":{"0":"post-403599","1":"product","2":"type-product","3":"status-publish","4":"has-post-thumbnail","6":"product_cat-damenschuhe","7":"product_cat-stabilitaet","8":"product_tag-saucony-de","9":"product_tag-saucony-donna-de","10":"pa_attivita-gehen","11":"pa_attivita-running-de","12":"pa_colore-omni-st-23-w-black-silver","13":"pa_colore-omni-st23-w-aqua-citron","14":"pa_marca-saucony-de","15":"pa_sesso-damen","16":"pa_size-38-de","17":"pa_size-38-5-de","18":"pa_size-39-de","19":"pa_size-40-de","20":"pa_size-40-5-de","21":"pa_size-41-de","22":"pa_size-42-de","24":"first","25":"instock","26":"sale","27":"taxable","28":"shipping-taxable","29":"purchasable","30":"product-type-variable","31":"has-default-attributes","32":"wvs-archive-product-wrapper"},"acf":[],"yoast_head":"<!-- This site is optimized with the Yoast SEO plugin v26.8 - https:\/\/yoast.com\/product\/yoast-seo-wordpress\/ -->\n<title>Saucony Omni ST 23 damen - Laufschuhe - MioMioRun.com<\/title>\n<meta name=\"description\" content=\"Omni ST 23: Stabiler Laufschuh mit PWRRUN PB-D\u00e4mpfung, PWRRUN-Rahmen und XT 900-Sohle. Zuverl\u00e4ssiger Halt, fl\u00fcssige \u00dcberg\u00e4nge und atmungsaktiver Komfort\" \/>\n<meta name=\"robots\" content=\"index, follow, max-snippet:-1, max-image-preview:large, max-video-preview:-1\" \/>\n<link rel=\"canonical\" href=\"https:\/\/www.miomiorun.com\/de\/produkt\/omni-st-23-damen\/\" \/>\n<meta property=\"og:locale\" content=\"de_DE\" \/>\n<meta property=\"og:type\" content=\"article\" \/>\n<meta property=\"og:title\" content=\"Saucony Omni ST 23 damen - Laufschuhe - MioMioRun.com\" \/>\n<meta property=\"og:description\" content=\"Omni ST 23: Stabiler Laufschuh mit PWRRUN PB-D\u00e4mpfung, PWRRUN-Rahmen und XT 900-Sohle. Zuverl\u00e4ssiger Halt, fl\u00fcssige \u00dcberg\u00e4nge und atmungsaktiver Komfort\" \/>\n<meta property=\"og:url\" content=\"https:\/\/www.miomiorun.com\/de\/produkt\/omni-st-23-damen\/\" \/>\n<meta property=\"og:site_name\" content=\"MioMioRun\" \/>\n<meta property=\"article:publisher\" content=\"https:\/\/www.facebook.com\/miomiorun\/\" \/>\n<meta property=\"article:modified_time\" content=\"2026-05-09T11:03:13+00:00\" \/>\n<meta property=\"og:image\" content=\"https:\/\/www.miomiorun.com\/app\/uploads\/2026\/02\/saucony-Omni-ST-23-W-black-silver-S11072-100.webp\" \/>\n\t<meta property=\"og:image:width\" content=\"720\" \/>\n\t<meta property=\"og:image:height\" content=\"720\" \/>\n\t<meta property=\"og:image:type\" content=\"image\/webp\" \/>\n<meta name=\"twitter:card\" content=\"summary_large_image\" \/>\n<meta name=\"twitter:label1\" content=\"Est. reading time\" \/>\n\t<meta name=\"twitter:data1\" content=\"2 minutes\" \/>\n<script type=\"application\/ld+json\" class=\"yoast-schema-graph\">{\"@context\":\"https:\/\/schema.org\",\"@graph\":[{\"@type\":\"WebPage\",\"@id\":\"https:\/\/www.miomiorun.com\/de\/produkt\/omni-st-23-damen\/\",\"url\":\"https:\/\/www.miomiorun.com\/de\/produkt\/omni-st-23-damen\/\",\"name\":\"Saucony Omni ST 23 damen - Laufschuhe - MioMioRun.com\",\"isPartOf\":{\"@id\":\"https:\/\/www.miomiorun.com\/de\/#website\"},\"primaryImageOfPage\":{\"@id\":\"https:\/\/www.miomiorun.com\/de\/produkt\/omni-st-23-damen\/#primaryimage\"},\"image\":{\"@id\":\"https:\/\/www.miomiorun.com\/de\/produkt\/omni-st-23-damen\/#primaryimage\"},\"thumbnailUrl\":\"https:\/\/www.miomiorun.com\/app\/uploads\/2026\/02\/saucony-Omni-ST-23-W-black-silver-S11072-100.webp\",\"datePublished\":\"2026-02-11T15:39:59+00:00\",\"dateModified\":\"2026-05-09T11:03:13+00:00\",\"description\":\"Omni ST 23: Stabiler Laufschuh mit PWRRUN PB-D\u00e4mpfung, PWRRUN-Rahmen und XT 900-Sohle. Zuverl\u00e4ssiger Halt, fl\u00fcssige \u00dcberg\u00e4nge und atmungsaktiver Komfort\",\"breadcrumb\":{\"@id\":\"https:\/\/www.miomiorun.com\/de\/produkt\/omni-st-23-damen\/#breadcrumb\"},\"inLanguage\":\"de-DE\",\"potentialAction\":[{\"@type\":\"ReadAction\",\"target\":[\"https:\/\/www.miomiorun.com\/de\/produkt\/omni-st-23-damen\/\"]}]},{\"@type\":\"ImageObject\",\"inLanguage\":\"de-DE\",\"@id\":\"https:\/\/www.miomiorun.com\/de\/produkt\/omni-st-23-damen\/#primaryimage\",\"url\":\"https:\/\/www.miomiorun.com\/app\/uploads\/2026\/02\/saucony-Omni-ST-23-W-black-silver-S11072-100.webp\",\"contentUrl\":\"https:\/\/www.miomiorun.com\/app\/uploads\/2026\/02\/saucony-Omni-ST-23-W-black-silver-S11072-100.webp\",\"width\":720,\"height\":720,\"caption\":\"saucony Omni ST 23 W black silver S11072-100\"},{\"@type\":\"BreadcrumbList\",\"@id\":\"https:\/\/www.miomiorun.com\/de\/produkt\/omni-st-23-damen\/#breadcrumb\",\"itemListElement\":[{\"@type\":\"ListItem\",\"position\":1,\"name\":\"Home\",\"item\":\"https:\/\/www.miomiorun.com\/de\/\"},{\"@type\":\"ListItem\",\"position\":2,\"name\":\"Shop\",\"item\":\"https:\/\/www.miomiorun.com\/shop\/\"},{\"@type\":\"ListItem\",\"position\":3,\"name\":\"Omni ST 23 damen\"}]},{\"@type\":\"WebSite\",\"@id\":\"https:\/\/www.miomiorun.com\/de\/#website\",\"url\":\"https:\/\/www.miomiorun.com\/de\/\",\"name\":\"MioMioRun\",\"description\":\"100% Lauf- und Trailshop\",\"publisher\":{\"@id\":\"https:\/\/www.miomiorun.com\/de\/#organization\"},\"potentialAction\":[{\"@type\":\"SearchAction\",\"target\":{\"@type\":\"EntryPoint\",\"urlTemplate\":\"https:\/\/www.miomiorun.com\/de\/?s={search_term_string}\"},\"query-input\":{\"@type\":\"PropertyValueSpecification\",\"valueRequired\":true,\"valueName\":\"search_term_string\"}}],\"inLanguage\":\"de-DE\"},{\"@type\":\"Organization\",\"@id\":\"https:\/\/www.miomiorun.com\/de\/#organization\",\"name\":\"MioMio Run\",\"url\":\"https:\/\/www.miomiorun.com\/de\/\",\"logo\":{\"@type\":\"ImageObject\",\"inLanguage\":\"de-DE\",\"@id\":\"https:\/\/www.miomiorun.com\/de\/#\/schema\/logo\/image\/\",\"url\":\"https:\/\/www.miomiorun.com\/app\/uploads\/2019\/12\/logomio.png\",\"contentUrl\":\"https:\/\/www.miomiorun.com\/app\/uploads\/2019\/12\/logomio.png\",\"width\":115,\"height\":82,\"caption\":\"MioMio Run\"},\"image\":{\"@id\":\"https:\/\/www.miomiorun.com\/de\/#\/schema\/logo\/image\/\"},\"sameAs\":[\"https:\/\/www.facebook.com\/miomiorun\/\",\"https:\/\/www.instagram.com\/miomiorun\/\"]}]}<\/script>\n<!-- \/ Yoast SEO plugin. -->","yoast_head_json":{"title":"Saucony Omni ST 23 damen - Laufschuhe - MioMioRun.com","description":"Omni ST 23: Stabiler Laufschuh mit PWRRUN PB-D\u00e4mpfung, PWRRUN-Rahmen und XT 900-Sohle. Zuverl\u00e4ssiger Halt, fl\u00fcssige \u00dcberg\u00e4nge und atmungsaktiver Komfort","robots":{"index":"index","follow":"follow","max-snippet":"max-snippet:-1","max-image-preview":"max-image-preview:large","max-video-preview":"max-video-preview:-1"},"canonical":"https:\/\/www.miomiorun.com\/de\/produkt\/omni-st-23-damen\/","og_locale":"de_DE","og_type":"article","og_title":"Saucony Omni ST 23 damen - Laufschuhe - MioMioRun.com","og_description":"Omni ST 23: Stabiler Laufschuh mit PWRRUN PB-D\u00e4mpfung, PWRRUN-Rahmen und XT 900-Sohle. Zuverl\u00e4ssiger Halt, fl\u00fcssige \u00dcberg\u00e4nge und atmungsaktiver Komfort","og_url":"https:\/\/www.miomiorun.com\/de\/produkt\/omni-st-23-damen\/","og_site_name":"MioMioRun","article_publisher":"https:\/\/www.facebook.com\/miomiorun\/","article_modified_time":"2026-05-09T11:03:13+00:00","og_image":[{"width":720,"height":720,"url":"https:\/\/www.miomiorun.com\/app\/uploads\/2026\/02\/saucony-Omni-ST-23-W-black-silver-S11072-100.webp","type":"image\/webp"}],"twitter_card":"summary_large_image","twitter_misc":{"Est. reading time":"2 minutes"},"schema":{"@context":"https:\/\/schema.org","@graph":[{"@type":"WebPage","@id":"https:\/\/www.miomiorun.com\/de\/produkt\/omni-st-23-damen\/","url":"https:\/\/www.miomiorun.com\/de\/produkt\/omni-st-23-damen\/","name":"Saucony Omni ST 23 damen - Laufschuhe - MioMioRun.com","isPartOf":{"@id":"https:\/\/www.miomiorun.com\/de\/#website"},"primaryImageOfPage":{"@id":"https:\/\/www.miomiorun.com\/de\/produkt\/omni-st-23-damen\/#primaryimage"},"image":{"@id":"https:\/\/www.miomiorun.com\/de\/produkt\/omni-st-23-damen\/#primaryimage"},"thumbnailUrl":"https:\/\/www.miomiorun.com\/app\/uploads\/2026\/02\/saucony-Omni-ST-23-W-black-silver-S11072-100.webp","datePublished":"2026-02-11T15:39:59+00:00","dateModified":"2026-05-09T11:03:13+00:00","description":"Omni ST 23: Stabiler Laufschuh mit PWRRUN PB-D\u00e4mpfung, PWRRUN-Rahmen und XT 900-Sohle. Zuverl\u00e4ssiger Halt, fl\u00fcssige \u00dcberg\u00e4nge und atmungsaktiver Komfort","breadcrumb":{"@id":"https:\/\/www.miomiorun.com\/de\/produkt\/omni-st-23-damen\/#breadcrumb"},"inLanguage":"de-DE","potentialAction":[{"@type":"ReadAction","target":["https:\/\/www.miomiorun.com\/de\/produkt\/omni-st-23-damen\/"]}]},{"@type":"ImageObject","inLanguage":"de-DE","@id":"https:\/\/www.miomiorun.com\/de\/produkt\/omni-st-23-damen\/#primaryimage","url":"https:\/\/www.miomiorun.com\/app\/uploads\/2026\/02\/saucony-Omni-ST-23-W-black-silver-S11072-100.webp","contentUrl":"https:\/\/www.miomiorun.com\/app\/uploads\/2026\/02\/saucony-Omni-ST-23-W-black-silver-S11072-100.webp","width":720,"height":720,"caption":"saucony Omni ST 23 W black silver S11072-100"},{"@type":"BreadcrumbList","@id":"https:\/\/www.miomiorun.com\/de\/produkt\/omni-st-23-damen\/#breadcrumb","itemListElement":[{"@type":"ListItem","position":1,"name":"Home","item":"https:\/\/www.miomiorun.com\/de\/"},{"@type":"ListItem","position":2,"name":"Shop","item":"https:\/\/www.miomiorun.com\/shop\/"},{"@type":"ListItem","position":3,"name":"Omni ST 23 damen"}]},{"@type":"WebSite","@id":"https:\/\/www.miomiorun.com\/de\/#website","url":"https:\/\/www.miomiorun.com\/de\/","name":"MioMioRun","description":"100% Lauf- und Trailshop","publisher":{"@id":"https:\/\/www.miomiorun.com\/de\/#organization"},"potentialAction":[{"@type":"SearchAction","target":{"@type":"EntryPoint","urlTemplate":"https:\/\/www.miomiorun.com\/de\/?s={search_term_string}"},"query-input":{"@type":"PropertyValueSpecification","valueRequired":true,"valueName":"search_term_string"}}],"inLanguage":"de-DE"},{"@type":"Organization","@id":"https:\/\/www.miomiorun.com\/de\/#organization","name":"MioMio Run","url":"https:\/\/www.miomiorun.com\/de\/","logo":{"@type":"ImageObject","inLanguage":"de-DE","@id":"https:\/\/www.miomiorun.com\/de\/#\/schema\/logo\/image\/","url":"https:\/\/www.miomiorun.com\/app\/uploads\/2019\/12\/logomio.png","contentUrl":"https:\/\/www.miomiorun.com\/app\/uploads\/2019\/12\/logomio.png","width":115,"height":82,"caption":"MioMio Run"},"image":{"@id":"https:\/\/www.miomiorun.com\/de\/#\/schema\/logo\/image\/"},"sameAs":["https:\/\/www.facebook.com\/miomiorun\/","https:\/\/www.instagram.com\/miomiorun\/"]}]}},"_links":{"self":[{"href":"https:\/\/www.miomiorun.com\/de\/wp-json\/wp\/v2\/product\/403599","targetHints":{"allow":["GET"]}}],"collection":[{"href":"https:\/\/www.miomiorun.com\/de\/wp-json\/wp\/v2\/product"}],"about":[{"href":"https:\/\/www.miomiorun.com\/de\/wp-json\/wp\/v2\/types\/product"}],"wp:featuredmedia":[{"embeddable":true,"href":"https:\/\/www.miomiorun.com\/de\/wp-json\/wp\/v2\/media\/403567"}],"wp:attachment":[{"href":"https:\/\/www.miomiorun.com\/de\/wp-json\/wp\/v2\/media?parent=403599"}],"wp:term":[{"taxonomy":"product_brand","embeddable":true,"href":"https:\/\/www.miomiorun.com\/de\/wp-json\/wp\/v2\/product_brand?post=403599"},{"taxonomy":"product_cat","embeddable":true,"href":"https:\/\/www.miomiorun.com\/de\/wp-json\/wp\/v2\/product_cat?post=403599"},{"taxonomy":"product_tag","embeddable":true,"href":"https:\/\/www.miomiorun.com\/de\/wp-json\/wp\/v2\/product_tag?post=403599"}],"curies":[{"name":"wp","href":"https:\/\/api.w.org\/{rel}","templated":true}]}}