{"id":402716,"date":"2026-02-11T10:28:26","date_gmt":"2026-02-11T09:28:26","guid":{"rendered":"https:\/\/www.miomiorun.com\/?post_type=product&#038;p=402716"},"modified":"2026-04-29T11:13:06","modified_gmt":"2026-04-29T09:13:06","slug":"ultra-raptor-3-gtx-damen","status":"publish","type":"product","link":"https:\/\/www.miomiorun.com\/de\/produkt\/ultra-raptor-3-gtx-damen\/","title":{"rendered":"Ultra Raptor 3 Gtx damen"},"content":{"rendered":"<table style=\"border-collapse: collapse;width: 100%\">\n<tbody>\n<tr>\n<td style=\"width: 33.3333%;vertical-align: top;text-align: center\"><strong>Technische Daten<\/strong><\/p>\n<p>Kategorie: erstklassige D\u00e4mpfung<br \/>\nSprengung: 8 mm<br \/>\nGewicht: 335 g<br \/>\nIdeal f\u00fcr: Trailrunner und Bergwanderer, die ein robustes, sch\u00fctzendes und zuverl\u00e4ssiges Modell f\u00fcr Langstreckenl\u00e4ufe und -wanderungen auf steilem und anspruchsvollem Gel\u00e4nde suchen.<br \/>\nGewicht des Sportlers: &gt;60 kg<br \/>\nLauftempo: langsam (&lt; 6,00 min\/km)<br \/>\n<a href=\"https:\/\/miomiorun.com\/guida-alle-specifiche-tecniche\/\">Leitfaden zu den technischen Daten<\/a><\/td>\n<td style=\"width: 66.6666%;vertical-align: top;text-align: center\">\n<p data-start=\"310\" data-end=\"836\">Der Ultra Raptor 3 GTX, mittlerweile in der dritten Auflage, ist ein Schuh, der f\u00fcr kurze und lange Strecken auf unterschiedlichem Gel\u00e4nde konzipiert ist. Das Obermaterial aus strapazierf\u00e4higem und atmungsaktivem Ripstop-Gewebe, das aus recyceltem Material hergestellt ist, verf\u00fcgt \u00fcber eine <strong data-start=\"551\" data-end=\"602\">wasserdichte GORE-TEX Extended Comfort-Membran<\/strong>, die w\u00e4hrend der Aktivit\u00e4t vor N\u00e4sse sch\u00fctzt. Eine verst\u00e4rkte Zehenkappe und ein Gummirand sch\u00fctzen die Zehen vor Steinen und Wurzeln, w\u00e4hrend der Kragen mit integrierter Gamasche das Eindringen von Steinen, Kies und Schmutz verhindert.<\/p>\n<p data-start=\"838\" data-end=\"1114\">Die weiche, st\u00fctzende Zwischensohle wird mit einer strukturierteren Schicht unter der Ferse kombiniert, die \u00fcber eine kompakte EVA-D\u00e4mpfung verf\u00fcgt, um Halt und Stabilit\u00e4t zu erh\u00f6hen. Der Sprengung von 8 mm (35 mm Ferse \/ 27 mm Vorfu\u00df) rundet eine Konstruktion ab, die auf Komfort auf den Trails ausgelegt ist.<\/p>\n<p data-start=\"1116\" data-end=\"1379\">Die Sohle aus FriXion\u00ae White-Mischung mit Impact Brake System\u2122-Technologie wurde entwickelt, um Grip in Steigungen und mehr Traktion zu bieten, w\u00e4hrend die Flexkerben entlang der Sohle die Bewegungsfreiheit f\u00f6rdern.<\/p>\n<p>&nbsp;<\/td>\n<\/tr>\n<\/tbody>\n<\/table>\n<p>&nbsp;<\/p>\n","protected":false},"excerpt":{"rendered":"<ul>\n<li data-start=\"1411\" data-end=\"1483\">Wasserdichte GORE-TEX Extended Comfort-Membran im Schaft integriert<\/li>\n<li data-start=\"1486\" data-end=\"1553\">FriXion\u00ae White-Sohle mit Impact Brake System\u2122 f\u00fcr Grip und Traktion<\/li>\n<li data-start=\"1556\" data-end=\"1631\">Weiche Zwischensohle mit struktureller St\u00fctze, 8 mm Sprengung und integrierter Gamasche<\/li>\n<\/ul>\n","protected":false},"featured_media":430041,"template":"","meta":{"_acf_changed":false,"inline_featured_image":false},"product_brand":[],"product_cat":[6474,6491],"product_tag":[6248,6220],"class_list":{"0":"post-402716","1":"product","2":"type-product","3":"status-publish","4":"has-post-thumbnail","6":"product_cat-damenschuhe","7":"product_cat-damentrailschuhe","8":"product_tag-la-sportiva-de","9":"product_tag-la-sportiva-damen-de","10":"pa_attivita-outdoor-de","11":"pa_colore-ultra-raptor-3-w-gtx-limestone-night-sky","12":"pa_colore-ultra-raptor-3-w-gtx-onyx-azalea","13":"pa_marca-la-sportiva-de","14":"pa_sesso-damen","15":"pa_size-38-5-de","16":"pa_size-39-de","17":"pa_size-39-5-de","18":"pa_size-40-de","19":"pa_size-40-5-de","20":"pa_size-41-de","21":"pa_size-41-5-de","22":"pa_size-42-de","24":"first","25":"instock","26":"sale","27":"taxable","28":"shipping-taxable","29":"purchasable","30":"product-type-variable","31":"wvs-archive-product-wrapper"},"acf":[],"yoast_head":"<!-- This site is optimized with the Yoast SEO plugin v26.8 - https:\/\/yoast.com\/product\/yoast-seo-wordpress\/ -->\n<title>La Sportiva Ultra Raptor 3 Gtx damen - Trail-Schuhe - MioMioRun .com<\/title>\n<meta name=\"description\" content=\"Wasserdichter Ultra Raptor 3 GTX mit GORE-TEX-Membran, FriXion\u00ae White-Sohle, 8 mm Sprengung und integrierter Gamasche f\u00fcr Schutz und Grip auf dem Trail.\" \/>\n<meta name=\"robots\" content=\"index, follow, max-snippet:-1, max-image-preview:large, max-video-preview:-1\" \/>\n<link rel=\"canonical\" href=\"https:\/\/www.miomiorun.com\/de\/produkt\/ultra-raptor-3-gtx-damen\/\" \/>\n<meta property=\"og:locale\" content=\"de_DE\" \/>\n<meta property=\"og:type\" content=\"article\" \/>\n<meta property=\"og:title\" content=\"La Sportiva Ultra Raptor 3 Gtx damen - Trail-Schuhe - MioMioRun .com\" \/>\n<meta property=\"og:description\" content=\"Wasserdichter Ultra Raptor 3 GTX mit GORE-TEX-Membran, FriXion\u00ae White-Sohle, 8 mm Sprengung und integrierter Gamasche f\u00fcr Schutz und Grip auf dem Trail.\" \/>\n<meta property=\"og:url\" content=\"https:\/\/www.miomiorun.com\/de\/produkt\/ultra-raptor-3-gtx-damen\/\" \/>\n<meta property=\"og:site_name\" content=\"MioMioRun\" \/>\n<meta property=\"article:publisher\" content=\"https:\/\/www.facebook.com\/miomiorun\/\" \/>\n<meta property=\"article:modified_time\" content=\"2026-04-29T09:13:06+00:00\" \/>\n<meta property=\"og:image\" content=\"https:\/\/www.miomiorun.com\/app\/uploads\/2026\/04\/LaSportiva-Ultra-Raptor-3-W-GTX-limestone-night-sky-ZFHS111B53B46.webp\" \/>\n\t<meta property=\"og:image:width\" content=\"720\" \/>\n\t<meta property=\"og:image:height\" content=\"720\" \/>\n\t<meta property=\"og:image:type\" content=\"image\/webp\" \/>\n<meta name=\"twitter:card\" content=\"summary_large_image\" \/>\n<meta name=\"twitter:label1\" content=\"Est. reading time\" \/>\n\t<meta name=\"twitter:data1\" content=\"1 minute\" \/>\n<script type=\"application\/ld+json\" class=\"yoast-schema-graph\">{\"@context\":\"https:\/\/schema.org\",\"@graph\":[{\"@type\":\"WebPage\",\"@id\":\"https:\/\/www.miomiorun.com\/de\/produkt\/ultra-raptor-3-gtx-damen\/\",\"url\":\"https:\/\/www.miomiorun.com\/de\/produkt\/ultra-raptor-3-gtx-damen\/\",\"name\":\"La Sportiva Ultra Raptor 3 Gtx damen - Trail-Schuhe - MioMioRun .com\",\"isPartOf\":{\"@id\":\"https:\/\/www.miomiorun.com\/de\/#website\"},\"primaryImageOfPage\":{\"@id\":\"https:\/\/www.miomiorun.com\/de\/produkt\/ultra-raptor-3-gtx-damen\/#primaryimage\"},\"image\":{\"@id\":\"https:\/\/www.miomiorun.com\/de\/produkt\/ultra-raptor-3-gtx-damen\/#primaryimage\"},\"thumbnailUrl\":\"https:\/\/www.miomiorun.com\/app\/uploads\/2026\/04\/LaSportiva-Ultra-Raptor-3-W-GTX-limestone-night-sky-ZFHS111B53B46.webp\",\"datePublished\":\"2026-02-11T09:28:26+00:00\",\"dateModified\":\"2026-04-29T09:13:06+00:00\",\"description\":\"Wasserdichter Ultra Raptor 3 GTX mit GORE-TEX-Membran, FriXion\u00ae White-Sohle, 8 mm Sprengung und integrierter Gamasche f\u00fcr Schutz und Grip auf dem Trail.\",\"breadcrumb\":{\"@id\":\"https:\/\/www.miomiorun.com\/de\/produkt\/ultra-raptor-3-gtx-damen\/#breadcrumb\"},\"inLanguage\":\"de-DE\",\"potentialAction\":[{\"@type\":\"ReadAction\",\"target\":[\"https:\/\/www.miomiorun.com\/de\/produkt\/ultra-raptor-3-gtx-damen\/\"]}]},{\"@type\":\"ImageObject\",\"inLanguage\":\"de-DE\",\"@id\":\"https:\/\/www.miomiorun.com\/de\/produkt\/ultra-raptor-3-gtx-damen\/#primaryimage\",\"url\":\"https:\/\/www.miomiorun.com\/app\/uploads\/2026\/04\/LaSportiva-Ultra-Raptor-3-W-GTX-limestone-night-sky-ZFHS111B53B46.webp\",\"contentUrl\":\"https:\/\/www.miomiorun.com\/app\/uploads\/2026\/04\/LaSportiva-Ultra-Raptor-3-W-GTX-limestone-night-sky-ZFHS111B53B46.webp\",\"width\":720,\"height\":720,\"caption\":\"LaSportiva Ultra Raptor 3 W GTX limestone night sky ZFHS111B53B46\"},{\"@type\":\"BreadcrumbList\",\"@id\":\"https:\/\/www.miomiorun.com\/de\/produkt\/ultra-raptor-3-gtx-damen\/#breadcrumb\",\"itemListElement\":[{\"@type\":\"ListItem\",\"position\":1,\"name\":\"Home\",\"item\":\"https:\/\/www.miomiorun.com\/de\/\"},{\"@type\":\"ListItem\",\"position\":2,\"name\":\"Shop\",\"item\":\"https:\/\/www.miomiorun.com\/shop\/\"},{\"@type\":\"ListItem\",\"position\":3,\"name\":\"Ultra Raptor 3 Gtx damen\"}]},{\"@type\":\"WebSite\",\"@id\":\"https:\/\/www.miomiorun.com\/de\/#website\",\"url\":\"https:\/\/www.miomiorun.com\/de\/\",\"name\":\"MioMioRun\",\"description\":\"100% Lauf- und Trailshop\",\"publisher\":{\"@id\":\"https:\/\/www.miomiorun.com\/de\/#organization\"},\"potentialAction\":[{\"@type\":\"SearchAction\",\"target\":{\"@type\":\"EntryPoint\",\"urlTemplate\":\"https:\/\/www.miomiorun.com\/de\/?s={search_term_string}\"},\"query-input\":{\"@type\":\"PropertyValueSpecification\",\"valueRequired\":true,\"valueName\":\"search_term_string\"}}],\"inLanguage\":\"de-DE\"},{\"@type\":\"Organization\",\"@id\":\"https:\/\/www.miomiorun.com\/de\/#organization\",\"name\":\"MioMio Run\",\"url\":\"https:\/\/www.miomiorun.com\/de\/\",\"logo\":{\"@type\":\"ImageObject\",\"inLanguage\":\"de-DE\",\"@id\":\"https:\/\/www.miomiorun.com\/de\/#\/schema\/logo\/image\/\",\"url\":\"https:\/\/www.miomiorun.com\/app\/uploads\/2019\/12\/logomio.png\",\"contentUrl\":\"https:\/\/www.miomiorun.com\/app\/uploads\/2019\/12\/logomio.png\",\"width\":115,\"height\":82,\"caption\":\"MioMio Run\"},\"image\":{\"@id\":\"https:\/\/www.miomiorun.com\/de\/#\/schema\/logo\/image\/\"},\"sameAs\":[\"https:\/\/www.facebook.com\/miomiorun\/\",\"https:\/\/www.instagram.com\/miomiorun\/\"]}]}<\/script>\n<!-- \/ Yoast SEO plugin. -->","yoast_head_json":{"title":"La Sportiva Ultra Raptor 3 Gtx damen - Trail-Schuhe - MioMioRun .com","description":"Wasserdichter Ultra Raptor 3 GTX mit GORE-TEX-Membran, FriXion\u00ae White-Sohle, 8 mm Sprengung und integrierter Gamasche f\u00fcr Schutz und Grip auf dem Trail.","robots":{"index":"index","follow":"follow","max-snippet":"max-snippet:-1","max-image-preview":"max-image-preview:large","max-video-preview":"max-video-preview:-1"},"canonical":"https:\/\/www.miomiorun.com\/de\/produkt\/ultra-raptor-3-gtx-damen\/","og_locale":"de_DE","og_type":"article","og_title":"La Sportiva Ultra Raptor 3 Gtx damen - Trail-Schuhe - MioMioRun .com","og_description":"Wasserdichter Ultra Raptor 3 GTX mit GORE-TEX-Membran, FriXion\u00ae White-Sohle, 8 mm Sprengung und integrierter Gamasche f\u00fcr Schutz und Grip auf dem Trail.","og_url":"https:\/\/www.miomiorun.com\/de\/produkt\/ultra-raptor-3-gtx-damen\/","og_site_name":"MioMioRun","article_publisher":"https:\/\/www.facebook.com\/miomiorun\/","article_modified_time":"2026-04-29T09:13:06+00:00","og_image":[{"width":720,"height":720,"url":"https:\/\/www.miomiorun.com\/app\/uploads\/2026\/04\/LaSportiva-Ultra-Raptor-3-W-GTX-limestone-night-sky-ZFHS111B53B46.webp","type":"image\/webp"}],"twitter_card":"summary_large_image","twitter_misc":{"Est. reading time":"1 minute"},"schema":{"@context":"https:\/\/schema.org","@graph":[{"@type":"WebPage","@id":"https:\/\/www.miomiorun.com\/de\/produkt\/ultra-raptor-3-gtx-damen\/","url":"https:\/\/www.miomiorun.com\/de\/produkt\/ultra-raptor-3-gtx-damen\/","name":"La Sportiva Ultra Raptor 3 Gtx damen - Trail-Schuhe - MioMioRun .com","isPartOf":{"@id":"https:\/\/www.miomiorun.com\/de\/#website"},"primaryImageOfPage":{"@id":"https:\/\/www.miomiorun.com\/de\/produkt\/ultra-raptor-3-gtx-damen\/#primaryimage"},"image":{"@id":"https:\/\/www.miomiorun.com\/de\/produkt\/ultra-raptor-3-gtx-damen\/#primaryimage"},"thumbnailUrl":"https:\/\/www.miomiorun.com\/app\/uploads\/2026\/04\/LaSportiva-Ultra-Raptor-3-W-GTX-limestone-night-sky-ZFHS111B53B46.webp","datePublished":"2026-02-11T09:28:26+00:00","dateModified":"2026-04-29T09:13:06+00:00","description":"Wasserdichter Ultra Raptor 3 GTX mit GORE-TEX-Membran, FriXion\u00ae White-Sohle, 8 mm Sprengung und integrierter Gamasche f\u00fcr Schutz und Grip auf dem Trail.","breadcrumb":{"@id":"https:\/\/www.miomiorun.com\/de\/produkt\/ultra-raptor-3-gtx-damen\/#breadcrumb"},"inLanguage":"de-DE","potentialAction":[{"@type":"ReadAction","target":["https:\/\/www.miomiorun.com\/de\/produkt\/ultra-raptor-3-gtx-damen\/"]}]},{"@type":"ImageObject","inLanguage":"de-DE","@id":"https:\/\/www.miomiorun.com\/de\/produkt\/ultra-raptor-3-gtx-damen\/#primaryimage","url":"https:\/\/www.miomiorun.com\/app\/uploads\/2026\/04\/LaSportiva-Ultra-Raptor-3-W-GTX-limestone-night-sky-ZFHS111B53B46.webp","contentUrl":"https:\/\/www.miomiorun.com\/app\/uploads\/2026\/04\/LaSportiva-Ultra-Raptor-3-W-GTX-limestone-night-sky-ZFHS111B53B46.webp","width":720,"height":720,"caption":"LaSportiva Ultra Raptor 3 W GTX limestone night sky ZFHS111B53B46"},{"@type":"BreadcrumbList","@id":"https:\/\/www.miomiorun.com\/de\/produkt\/ultra-raptor-3-gtx-damen\/#breadcrumb","itemListElement":[{"@type":"ListItem","position":1,"name":"Home","item":"https:\/\/www.miomiorun.com\/de\/"},{"@type":"ListItem","position":2,"name":"Shop","item":"https:\/\/www.miomiorun.com\/shop\/"},{"@type":"ListItem","position":3,"name":"Ultra Raptor 3 Gtx damen"}]},{"@type":"WebSite","@id":"https:\/\/www.miomiorun.com\/de\/#website","url":"https:\/\/www.miomiorun.com\/de\/","name":"MioMioRun","description":"100% Lauf- und Trailshop","publisher":{"@id":"https:\/\/www.miomiorun.com\/de\/#organization"},"potentialAction":[{"@type":"SearchAction","target":{"@type":"EntryPoint","urlTemplate":"https:\/\/www.miomiorun.com\/de\/?s={search_term_string}"},"query-input":{"@type":"PropertyValueSpecification","valueRequired":true,"valueName":"search_term_string"}}],"inLanguage":"de-DE"},{"@type":"Organization","@id":"https:\/\/www.miomiorun.com\/de\/#organization","name":"MioMio Run","url":"https:\/\/www.miomiorun.com\/de\/","logo":{"@type":"ImageObject","inLanguage":"de-DE","@id":"https:\/\/www.miomiorun.com\/de\/#\/schema\/logo\/image\/","url":"https:\/\/www.miomiorun.com\/app\/uploads\/2019\/12\/logomio.png","contentUrl":"https:\/\/www.miomiorun.com\/app\/uploads\/2019\/12\/logomio.png","width":115,"height":82,"caption":"MioMio Run"},"image":{"@id":"https:\/\/www.miomiorun.com\/de\/#\/schema\/logo\/image\/"},"sameAs":["https:\/\/www.facebook.com\/miomiorun\/","https:\/\/www.instagram.com\/miomiorun\/"]}]}},"_links":{"self":[{"href":"https:\/\/www.miomiorun.com\/de\/wp-json\/wp\/v2\/product\/402716","targetHints":{"allow":["GET"]}}],"collection":[{"href":"https:\/\/www.miomiorun.com\/de\/wp-json\/wp\/v2\/product"}],"about":[{"href":"https:\/\/www.miomiorun.com\/de\/wp-json\/wp\/v2\/types\/product"}],"wp:featuredmedia":[{"embeddable":true,"href":"https:\/\/www.miomiorun.com\/de\/wp-json\/wp\/v2\/media\/430041"}],"wp:attachment":[{"href":"https:\/\/www.miomiorun.com\/de\/wp-json\/wp\/v2\/media?parent=402716"}],"wp:term":[{"taxonomy":"product_brand","embeddable":true,"href":"https:\/\/www.miomiorun.com\/de\/wp-json\/wp\/v2\/product_brand?post=402716"},{"taxonomy":"product_cat","embeddable":true,"href":"https:\/\/www.miomiorun.com\/de\/wp-json\/wp\/v2\/product_cat?post=402716"},{"taxonomy":"product_tag","embeddable":true,"href":"https:\/\/www.miomiorun.com\/de\/wp-json\/wp\/v2\/product_tag?post=402716"}],"curies":[{"name":"wp","href":"https:\/\/api.w.org\/{rel}","templated":true}]}}