{"id":401694,"date":"2026-02-10T18:32:29","date_gmt":"2026-02-10T17:32:29","guid":{"rendered":"https:\/\/www.miomiorun.com\/?post_type=product&#038;p=401694"},"modified":"2026-04-16T18:38:59","modified_gmt":"2026-04-16T16:38:59","slug":"experience-flow-st-herren","status":"publish","type":"product","link":"https:\/\/www.miomiorun.com\/de\/produkt\/experience-flow-st-herren\/","title":{"rendered":"Experience Flow ST herren"},"content":{"rendered":"<table style=\"border-collapse: collapse;width: 100%\">\n<tbody>\n<tr>\n<td style=\"width: 33.3333%;vertical-align: top;text-align: center\"><strong>Technische Daten<\/strong><\/p>\n<p>Kategorie: Strukturierte D\u00e4mpfung<br \/>\nSohlenh\u00f6he: 32 mm\/28 mm<br \/>\nOffset: 4 mm<br \/>\nGewicht: 300,5 g<br \/>\nIdeal f\u00fcr: Stra\u00dfenl\u00e4ufer, die einen Schuh mit strukturierter D\u00e4mpfung und mehr Halt suchen.<br \/>\nGewicht des Athleten: 50\u201370 kg<br \/>\nLaufgeschwindigkeit: mittel (4,50 min\/km)<br \/>\n<a href=\"https:\/\/miomiorun.com\/guida-alle-specifiche-tecniche\/\">Leitfaden zu den technischen Daten<\/a><\/td>\n<td style=\"width: 66.6666%;vertical-align: top;text-align: center\">&nbsp;<\/p>\n<p>Der Experience Flow ST bietet eine neue Interpretation des Stra\u00dfenlaufs mit sanfter Unterst\u00fctzung, die f\u00fcr nat\u00fcrliche Stabilit\u00e4t sorgt. Die GuideRail\u2122-Technologie bietet nur bei Bedarf mediale Unterst\u00fctzung und begleitet die Bewegung, ohne den Laufstil zu beeintr\u00e4chtigen. <br data-start=\"515\" data-end=\"518\">Die Altra EGO\u2122 P35-Schaumstoffzwischensohle wurde entwickelt, um Leichtigkeit und Effizienz zu gew\u00e4hrleisten, w\u00e4hrend die Rocker-Geometrie und der 4-mm-Drop ein nat\u00fcrliches und effizientes Abrollen f\u00f6rdern. Das Altra Fit-System bietet Platz f\u00fcr die Zehen und einen stabilen Mittelfu\u00df, was zu einer nat\u00fcrlichen Passform beitr\u00e4gt. <br data-start=\"805\" data-end=\"808\">Das \u00fcberarbeitete Obermaterial aus technischem Mesh verbessert die Atmungsaktivit\u00e4t und der neu gestaltete Fersenkragen erh\u00f6ht den Gesamtkomfort, wodurch der Experience Flow ST zum idealen Begleiter f\u00fcr einen fl\u00fcssigen und kontinuierlichen Lauf wird. <\/td>\n<\/tr>\n<\/tbody>\n<\/table>\n<p>&nbsp;<\/p>\n","protected":false},"excerpt":{"rendered":"<ul>\n<li data-start=\"1058\" data-end=\"1120\">GuideRail\u2122-Technologie f\u00fcr mediale Unterst\u00fctzung nur bei Bedarf<\/li>\n<li data-start=\"1123\" data-end=\"1190\">Leichter und effizienter Altra EGO\u2122 P35-Schaumstoff mit Rocker-Geometrie<\/li>\n<li data-start=\"1193\" data-end=\"1260\">Nat\u00fcrliche Passform Altra Fit mit atmungsaktivem Obermaterial aus technischem Mesh<\/li>\n<\/ul>\n","protected":false},"featured_media":405195,"template":"","meta":{"_acf_changed":false,"inline_featured_image":false},"product_brand":[],"product_cat":[6507,6505],"product_tag":[13805,17997],"class_list":{"0":"post-401694","1":"product","2":"type-product","3":"status-publish","4":"has-post-thumbnail","6":"product_cat-herren-schuhe-de","7":"product_cat-stabilitaet-herren-schuhe-de","8":"product_tag-altra-de","9":"product_tag-altra-herren-de","10":"pa_attivita-gehen","11":"pa_attivita-running-de","12":"pa_colore-experience-flow-st-blue-gray","13":"pa_marca-altra-de","14":"pa_sesso-herren","15":"pa_size-41-de","16":"pa_size-42-de","17":"pa_size-42-5-de","18":"pa_size-43-de","19":"pa_size-44-de","20":"pa_size-44-5-de","21":"pa_size-45-de","22":"pa_size-46-de","23":"pa_size-46-5-de","25":"first","26":"instock","27":"sale","28":"taxable","29":"shipping-taxable","30":"purchasable","31":"product-type-variable","32":"wvs-archive-product-wrapper"},"acf":[],"yoast_head":"<!-- This site is optimized with the Yoast SEO plugin v26.8 - https:\/\/yoast.com\/product\/yoast-seo-wordpress\/ -->\n<title>Altra Experience Flow ST herren - Laufschuhe f\u00fcr Herren - MioMioRun.com<\/title>\n<meta name=\"description\" content=\"Experience Flow ST mit GuideRail\u2122-Unterst\u00fctzung, Altra EGO\u2122 P35-Schaumstoff, 4 mm Sprung und Rocker f\u00fcr einen fl\u00fcssigen und nat\u00fcrlichen Lauf auf der Stra\u00dfe.\" \/>\n<meta name=\"robots\" content=\"index, follow, max-snippet:-1, max-image-preview:large, max-video-preview:-1\" \/>\n<link rel=\"canonical\" href=\"https:\/\/www.miomiorun.com\/de\/produkt\/experience-flow-st-herren\/\" \/>\n<meta property=\"og:locale\" content=\"de_DE\" \/>\n<meta property=\"og:type\" content=\"article\" \/>\n<meta property=\"og:title\" content=\"Altra Experience Flow ST herren - Laufschuhe f\u00fcr Herren - MioMioRun.com\" \/>\n<meta property=\"og:description\" content=\"Experience Flow ST mit GuideRail\u2122-Unterst\u00fctzung, Altra EGO\u2122 P35-Schaumstoff, 4 mm Sprung und Rocker f\u00fcr einen fl\u00fcssigen und nat\u00fcrlichen Lauf auf der Stra\u00dfe.\" \/>\n<meta property=\"og:url\" content=\"https:\/\/www.miomiorun.com\/de\/produkt\/experience-flow-st-herren\/\" \/>\n<meta property=\"og:site_name\" content=\"MioMioRun\" \/>\n<meta property=\"article:publisher\" content=\"https:\/\/www.facebook.com\/miomiorun\/\" \/>\n<meta property=\"article:modified_time\" content=\"2026-04-16T16:38:59+00:00\" \/>\n<meta property=\"og:image\" content=\"https:\/\/www.miomiorun.com\/app\/uploads\/2026\/02\/altra-Experience-Flow-ST-blue-gray-AL0A85RJ4201.webp\" \/>\n\t<meta property=\"og:image:width\" content=\"720\" \/>\n\t<meta property=\"og:image:height\" content=\"720\" \/>\n\t<meta property=\"og:image:type\" content=\"image\/webp\" \/>\n<meta name=\"twitter:card\" content=\"summary_large_image\" \/>\n<meta name=\"twitter:label1\" content=\"Est. reading time\" \/>\n\t<meta name=\"twitter:data1\" content=\"1 minute\" \/>\n<script type=\"application\/ld+json\" class=\"yoast-schema-graph\">{\"@context\":\"https:\/\/schema.org\",\"@graph\":[{\"@type\":\"WebPage\",\"@id\":\"https:\/\/www.miomiorun.com\/de\/produkt\/experience-flow-st-herren\/\",\"url\":\"https:\/\/www.miomiorun.com\/de\/produkt\/experience-flow-st-herren\/\",\"name\":\"Altra Experience Flow ST herren - Laufschuhe f\u00fcr Herren - MioMioRun.com\",\"isPartOf\":{\"@id\":\"https:\/\/www.miomiorun.com\/de\/#website\"},\"primaryImageOfPage\":{\"@id\":\"https:\/\/www.miomiorun.com\/de\/produkt\/experience-flow-st-herren\/#primaryimage\"},\"image\":{\"@id\":\"https:\/\/www.miomiorun.com\/de\/produkt\/experience-flow-st-herren\/#primaryimage\"},\"thumbnailUrl\":\"https:\/\/www.miomiorun.com\/app\/uploads\/2026\/02\/altra-Experience-Flow-ST-blue-gray-AL0A85RJ4201.webp\",\"datePublished\":\"2026-02-10T17:32:29+00:00\",\"dateModified\":\"2026-04-16T16:38:59+00:00\",\"description\":\"Experience Flow ST mit GuideRail\u2122-Unterst\u00fctzung, Altra EGO\u2122 P35-Schaumstoff, 4 mm Sprung und Rocker f\u00fcr einen fl\u00fcssigen und nat\u00fcrlichen Lauf auf der Stra\u00dfe.\",\"breadcrumb\":{\"@id\":\"https:\/\/www.miomiorun.com\/de\/produkt\/experience-flow-st-herren\/#breadcrumb\"},\"inLanguage\":\"de-DE\",\"potentialAction\":[{\"@type\":\"ReadAction\",\"target\":[\"https:\/\/www.miomiorun.com\/de\/produkt\/experience-flow-st-herren\/\"]}]},{\"@type\":\"ImageObject\",\"inLanguage\":\"de-DE\",\"@id\":\"https:\/\/www.miomiorun.com\/de\/produkt\/experience-flow-st-herren\/#primaryimage\",\"url\":\"https:\/\/www.miomiorun.com\/app\/uploads\/2026\/02\/altra-Experience-Flow-ST-blue-gray-AL0A85RJ4201.webp\",\"contentUrl\":\"https:\/\/www.miomiorun.com\/app\/uploads\/2026\/02\/altra-Experience-Flow-ST-blue-gray-AL0A85RJ4201.webp\",\"width\":720,\"height\":720,\"caption\":\"altra Experience Flow ST blue gray AL0A85RJ4201\"},{\"@type\":\"BreadcrumbList\",\"@id\":\"https:\/\/www.miomiorun.com\/de\/produkt\/experience-flow-st-herren\/#breadcrumb\",\"itemListElement\":[{\"@type\":\"ListItem\",\"position\":1,\"name\":\"Home\",\"item\":\"https:\/\/www.miomiorun.com\/de\/\"},{\"@type\":\"ListItem\",\"position\":2,\"name\":\"Shop\",\"item\":\"https:\/\/www.miomiorun.com\/shop\/\"},{\"@type\":\"ListItem\",\"position\":3,\"name\":\"Experience Flow ST herren\"}]},{\"@type\":\"WebSite\",\"@id\":\"https:\/\/www.miomiorun.com\/de\/#website\",\"url\":\"https:\/\/www.miomiorun.com\/de\/\",\"name\":\"MioMioRun\",\"description\":\"100% Lauf- und Trailshop\",\"publisher\":{\"@id\":\"https:\/\/www.miomiorun.com\/de\/#organization\"},\"potentialAction\":[{\"@type\":\"SearchAction\",\"target\":{\"@type\":\"EntryPoint\",\"urlTemplate\":\"https:\/\/www.miomiorun.com\/de\/?s={search_term_string}\"},\"query-input\":{\"@type\":\"PropertyValueSpecification\",\"valueRequired\":true,\"valueName\":\"search_term_string\"}}],\"inLanguage\":\"de-DE\"},{\"@type\":\"Organization\",\"@id\":\"https:\/\/www.miomiorun.com\/de\/#organization\",\"name\":\"MioMio Run\",\"url\":\"https:\/\/www.miomiorun.com\/de\/\",\"logo\":{\"@type\":\"ImageObject\",\"inLanguage\":\"de-DE\",\"@id\":\"https:\/\/www.miomiorun.com\/de\/#\/schema\/logo\/image\/\",\"url\":\"https:\/\/www.miomiorun.com\/app\/uploads\/2019\/12\/logomio.png\",\"contentUrl\":\"https:\/\/www.miomiorun.com\/app\/uploads\/2019\/12\/logomio.png\",\"width\":115,\"height\":82,\"caption\":\"MioMio Run\"},\"image\":{\"@id\":\"https:\/\/www.miomiorun.com\/de\/#\/schema\/logo\/image\/\"},\"sameAs\":[\"https:\/\/www.facebook.com\/miomiorun\/\",\"https:\/\/www.instagram.com\/miomiorun\/\"]}]}<\/script>\n<!-- \/ Yoast SEO plugin. -->","yoast_head_json":{"title":"Altra Experience Flow ST herren - Laufschuhe f\u00fcr Herren - MioMioRun.com","description":"Experience Flow ST mit GuideRail\u2122-Unterst\u00fctzung, Altra EGO\u2122 P35-Schaumstoff, 4 mm Sprung und Rocker f\u00fcr einen fl\u00fcssigen und nat\u00fcrlichen Lauf auf der Stra\u00dfe.","robots":{"index":"index","follow":"follow","max-snippet":"max-snippet:-1","max-image-preview":"max-image-preview:large","max-video-preview":"max-video-preview:-1"},"canonical":"https:\/\/www.miomiorun.com\/de\/produkt\/experience-flow-st-herren\/","og_locale":"de_DE","og_type":"article","og_title":"Altra Experience Flow ST herren - Laufschuhe f\u00fcr Herren - MioMioRun.com","og_description":"Experience Flow ST mit GuideRail\u2122-Unterst\u00fctzung, Altra EGO\u2122 P35-Schaumstoff, 4 mm Sprung und Rocker f\u00fcr einen fl\u00fcssigen und nat\u00fcrlichen Lauf auf der Stra\u00dfe.","og_url":"https:\/\/www.miomiorun.com\/de\/produkt\/experience-flow-st-herren\/","og_site_name":"MioMioRun","article_publisher":"https:\/\/www.facebook.com\/miomiorun\/","article_modified_time":"2026-04-16T16:38:59+00:00","og_image":[{"width":720,"height":720,"url":"https:\/\/www.miomiorun.com\/app\/uploads\/2026\/02\/altra-Experience-Flow-ST-blue-gray-AL0A85RJ4201.webp","type":"image\/webp"}],"twitter_card":"summary_large_image","twitter_misc":{"Est. reading time":"1 minute"},"schema":{"@context":"https:\/\/schema.org","@graph":[{"@type":"WebPage","@id":"https:\/\/www.miomiorun.com\/de\/produkt\/experience-flow-st-herren\/","url":"https:\/\/www.miomiorun.com\/de\/produkt\/experience-flow-st-herren\/","name":"Altra Experience Flow ST herren - Laufschuhe f\u00fcr Herren - MioMioRun.com","isPartOf":{"@id":"https:\/\/www.miomiorun.com\/de\/#website"},"primaryImageOfPage":{"@id":"https:\/\/www.miomiorun.com\/de\/produkt\/experience-flow-st-herren\/#primaryimage"},"image":{"@id":"https:\/\/www.miomiorun.com\/de\/produkt\/experience-flow-st-herren\/#primaryimage"},"thumbnailUrl":"https:\/\/www.miomiorun.com\/app\/uploads\/2026\/02\/altra-Experience-Flow-ST-blue-gray-AL0A85RJ4201.webp","datePublished":"2026-02-10T17:32:29+00:00","dateModified":"2026-04-16T16:38:59+00:00","description":"Experience Flow ST mit GuideRail\u2122-Unterst\u00fctzung, Altra EGO\u2122 P35-Schaumstoff, 4 mm Sprung und Rocker f\u00fcr einen fl\u00fcssigen und nat\u00fcrlichen Lauf auf der Stra\u00dfe.","breadcrumb":{"@id":"https:\/\/www.miomiorun.com\/de\/produkt\/experience-flow-st-herren\/#breadcrumb"},"inLanguage":"de-DE","potentialAction":[{"@type":"ReadAction","target":["https:\/\/www.miomiorun.com\/de\/produkt\/experience-flow-st-herren\/"]}]},{"@type":"ImageObject","inLanguage":"de-DE","@id":"https:\/\/www.miomiorun.com\/de\/produkt\/experience-flow-st-herren\/#primaryimage","url":"https:\/\/www.miomiorun.com\/app\/uploads\/2026\/02\/altra-Experience-Flow-ST-blue-gray-AL0A85RJ4201.webp","contentUrl":"https:\/\/www.miomiorun.com\/app\/uploads\/2026\/02\/altra-Experience-Flow-ST-blue-gray-AL0A85RJ4201.webp","width":720,"height":720,"caption":"altra Experience Flow ST blue gray AL0A85RJ4201"},{"@type":"BreadcrumbList","@id":"https:\/\/www.miomiorun.com\/de\/produkt\/experience-flow-st-herren\/#breadcrumb","itemListElement":[{"@type":"ListItem","position":1,"name":"Home","item":"https:\/\/www.miomiorun.com\/de\/"},{"@type":"ListItem","position":2,"name":"Shop","item":"https:\/\/www.miomiorun.com\/shop\/"},{"@type":"ListItem","position":3,"name":"Experience Flow ST herren"}]},{"@type":"WebSite","@id":"https:\/\/www.miomiorun.com\/de\/#website","url":"https:\/\/www.miomiorun.com\/de\/","name":"MioMioRun","description":"100% Lauf- und Trailshop","publisher":{"@id":"https:\/\/www.miomiorun.com\/de\/#organization"},"potentialAction":[{"@type":"SearchAction","target":{"@type":"EntryPoint","urlTemplate":"https:\/\/www.miomiorun.com\/de\/?s={search_term_string}"},"query-input":{"@type":"PropertyValueSpecification","valueRequired":true,"valueName":"search_term_string"}}],"inLanguage":"de-DE"},{"@type":"Organization","@id":"https:\/\/www.miomiorun.com\/de\/#organization","name":"MioMio Run","url":"https:\/\/www.miomiorun.com\/de\/","logo":{"@type":"ImageObject","inLanguage":"de-DE","@id":"https:\/\/www.miomiorun.com\/de\/#\/schema\/logo\/image\/","url":"https:\/\/www.miomiorun.com\/app\/uploads\/2019\/12\/logomio.png","contentUrl":"https:\/\/www.miomiorun.com\/app\/uploads\/2019\/12\/logomio.png","width":115,"height":82,"caption":"MioMio Run"},"image":{"@id":"https:\/\/www.miomiorun.com\/de\/#\/schema\/logo\/image\/"},"sameAs":["https:\/\/www.facebook.com\/miomiorun\/","https:\/\/www.instagram.com\/miomiorun\/"]}]}},"_links":{"self":[{"href":"https:\/\/www.miomiorun.com\/de\/wp-json\/wp\/v2\/product\/401694","targetHints":{"allow":["GET"]}}],"collection":[{"href":"https:\/\/www.miomiorun.com\/de\/wp-json\/wp\/v2\/product"}],"about":[{"href":"https:\/\/www.miomiorun.com\/de\/wp-json\/wp\/v2\/types\/product"}],"wp:featuredmedia":[{"embeddable":true,"href":"https:\/\/www.miomiorun.com\/de\/wp-json\/wp\/v2\/media\/405195"}],"wp:attachment":[{"href":"https:\/\/www.miomiorun.com\/de\/wp-json\/wp\/v2\/media?parent=401694"}],"wp:term":[{"taxonomy":"product_brand","embeddable":true,"href":"https:\/\/www.miomiorun.com\/de\/wp-json\/wp\/v2\/product_brand?post=401694"},{"taxonomy":"product_cat","embeddable":true,"href":"https:\/\/www.miomiorun.com\/de\/wp-json\/wp\/v2\/product_cat?post=401694"},{"taxonomy":"product_tag","embeddable":true,"href":"https:\/\/www.miomiorun.com\/de\/wp-json\/wp\/v2\/product_tag?post=401694"}],"curies":[{"name":"wp","href":"https:\/\/api.w.org\/{rel}","templated":true}]}}