{"id":399749,"date":"2026-02-03T17:04:09","date_gmt":"2026-02-03T16:04:09","guid":{"rendered":"https:\/\/www.miomiorun.com\/prodotto\/kawana-3-donna\/"},"modified":"2026-04-19T17:18:16","modified_gmt":"2026-04-19T15:18:16","slug":"kawana-3-damen","status":"publish","type":"product","link":"https:\/\/www.miomiorun.com\/de\/produkt\/kawana-3-damen\/","title":{"rendered":"Kawana 3 damen"},"content":{"rendered":"<table style=\"border-collapse: collapse;width: 100%\">\n<tbody>\n<tr>\n<td style=\"width: 33.3333%;vertical-align: top;text-align: center\">\n<h4>Technische Daten<\/h4>\n<p>Kategorie: Ausgewogene D\u00e4mpfung<br \/>\nOffset: 5 mm<br \/>\nGewicht: 269 g<br \/>\nIdeal f\u00fcr: L\u00e4ufer, die auch beim Fitnesstraining im Fitnessstudio einen treuen Begleiter suchen.<br \/>\nGewicht des Athleten: 60-70 kg<br \/>\nLaufgeschwindigkeit: mittel (5-6 min\/km)<br \/>\n<a href=\"https:\/\/miomiorun.com\/guida-alle-specifiche-tecniche\/\">Leitfaden zu den technischen Daten<\/a><\/p>\n<p>&nbsp;<\/p>\n<p>&nbsp;<\/td>\n<td style=\"width: 66.6666%;vertical-align: top;text-align: center\">\n<p data-start=\"351\" data-end=\"642\">Der <strong data-start=\"390\" data-end=\"406\">Kawana Donna<\/strong> ist nach dem ber\u00fchmten Beach Break an der Gold Coast benannt und das Ergebnis der Weiterentwicklung der <strong data-start=\"503\" data-end=\"537\">HOKA-Schaumstoffe und -Geometrien<\/strong>, die ein unglaublich ausgewogenes Erlebnis zwischen Komfort, Reaktionsf\u00e4higkeit und Stabilit\u00e4t bieten sollen.<\/p>\n<p data-start=\"644\" data-end=\"1070\">Der Kawana eignet sich sowohl f\u00fcr das <strong data-start=\"657\" data-end=\"679\">Training im Fitnessstudio<\/strong> als auch zum <strong data-start=\"689\" data-end=\"702\">Wandern<\/strong> und verf\u00fcgt \u00fcber einen <strong data-start=\"725\" data-end=\"764\">formgepressten EVA-Schaumstoff<\/strong>, der f\u00fcr einen kontrollierten R\u00fcckprall und ein konstantes, fl\u00fcssiges Laufgef\u00fchl sorgt, ohne \u00fcbertrieben zu wirken. Die <strong data-start=\"872\" data-end=\"905\">vergr\u00f6\u00dferte Sto\u00dfd\u00e4mpfung<\/strong> und die charakteristische <strong data-start=\"926\" data-end=\"964\">SwallowTail\u2122-Fersenform<\/strong> mit abgeschr\u00e4gter Ferse und gr\u00f6\u00dferer Oberfl\u00e4che sorgen f\u00fcr weichere und nat\u00fcrlichere Aufpralle.<\/p>\n<p data-start=\"1072\" data-end=\"1391\">Das <strong data-start=\"1075\" data-end=\"1127\">Obermaterial aus technischem Mesh mit zonierter Atmungsaktivit\u00e4t<\/strong> verbessert die Bel\u00fcftung dort, wo sie am meisten ben\u00f6tigt wird, w\u00e4hrend die <strong data-start=\"1182\" data-end=\"1206\">besonders weiche Ferse<\/strong> und die <strong data-start=\"1212\" data-end=\"1235\">gepolsterte Zunge<\/strong> den Komfort bei l\u00e4ngerem Tragen erh\u00f6hen. Der <strong data-start=\"1291\" data-end=\"1319\">flexible Unterfu\u00dfbereich<\/strong> sorgt f\u00fcr eine nat\u00fcrlichere Passform, die sich den Bewegungen des Fu\u00dfes anpasst.<\/p>\n<p data-start=\"1393\" data-end=\"1608\">Der <strong data-start=\"1396\" data-end=\"1449\">MetaRocker\u2122 im Bereich des Fu\u00dfballens<\/strong> sorgt f\u00fcr einen fl\u00fcssigen \u00dcbergang in die Absto\u00dfphase, w\u00e4hrend die <strong data-start=\"1515\" data-end=\"1543\">Gummiprofilzonen<\/strong> gezielten Grip und Langlebigkeit in den am st\u00e4rksten beanspruchten Bereichen bieten.<\/p>\n<p data-start=\"1610\" data-end=\"1647\"><strong data-start=\"1610\" data-end=\"1646\">Neuheiten der aktualisierten Version<\/strong>:<\/p>\n<ul data-start=\"1648\" data-end=\"1833\">\n<li data-start=\"1648\" data-end=\"1701\">\n<p data-start=\"1650\" data-end=\"1701\"><strong data-start=\"1650\" data-end=\"1672\">Verj\u00fcngte Ferse<\/strong> f\u00fcr Gewichtsreduzierung<\/p>\n<\/li>\n<li data-start=\"1702\" data-end=\"1768\">\n<p data-start=\"1704\" data-end=\"1768\"><strong data-start=\"1704\" data-end=\"1745\">Zunge mit dickerer Polsterung<\/strong> f\u00fcr mehr Komfort<\/p>\n<\/li>\n<li data-start=\"1769\" data-end=\"1833\">\n<p data-start=\"1771\" data-end=\"1833\"><strong data-start=\"1771\" data-end=\"1798\">Verbessertes technisches Mesh<\/strong> f\u00fcr h\u00f6here Atmungsaktivit\u00e4t<\/p>\n<\/li>\n<\/ul>\n<p data-start=\"1835\" data-end=\"1965\">Ein vielseitiger, geschmeidiger und bequemer Schuh, der Sie bei jedem Indoor-Training und bei Ihren t\u00e4glichen Spazierg\u00e4ngen begleitet.<\/p>\n<\/p>\n<\/p>\n<\/td>\n<\/tr>\n<\/tbody>\n<\/table>\n<p>&nbsp;<\/p>\n","protected":false},"excerpt":{"rendered":"<ul>\n<li data-start=\"2006\" data-end=\"2072\">Technisches Mesh <strong data-start=\"2019\" data-end=\"2048\">mit zonierter Atmungsaktivit\u00e4t<\/strong> und gepolsterter Zunge<\/li>\n<li data-start=\"2075\" data-end=\"2145\"><strong data-start=\"2075\" data-end=\"2114\">Formgepresster EVA-Schaumstoff<\/strong> und <strong data-start=\"2127\" data-end=\"2143\">SwallowTail\u2122-Geometrie<\/strong><\/li>\n<li data-start=\"2148\" data-end=\"2211\">Leichtere, konische Ferse und <strong data-start=\"2181\" data-end=\"2209\">Gummieins\u00e4tze in bestimmten Bereichen<\/strong><\/li>\n<\/ul>\n","protected":false},"featured_media":396182,"template":"","meta":{"_acf_changed":false,"inline_featured_image":false},"product_brand":[],"product_cat":[6474,6475],"product_tag":[3373,6228],"class_list":{"0":"post-399749","1":"product","2":"type-product","3":"status-publish","4":"has-post-thumbnail","6":"product_cat-damenschuhe","7":"product_cat-neutral","8":"product_tag-hoka-one-one-de","9":"product_tag-hoka-one-one-damen-de","10":"pa_attivita-gehen","11":"pa_attivita-lifestyle-de","12":"pa_attivita-running-de","13":"pa_colore-kawana-3-w-berry-jam-midnight-blue","14":"pa_colore-kawana-3-w-grout-faded-navy","15":"pa_marca-hoka-de","16":"pa_sesso-damen","17":"pa_size-38-de","19":"pa_size-39-de","20":"pa_size-40-de","22":"pa_size-41-de","23":"pa_size-42-de","25":"first","26":"instock","27":"sale","28":"taxable","29":"shipping-taxable","30":"purchasable","31":"product-type-variable","32":"wvs-archive-product-wrapper"},"acf":[],"yoast_head":"<!-- This site is optimized with the Yoast SEO plugin v26.8 - https:\/\/yoast.com\/product\/yoast-seo-wordpress\/ -->\n<title>Hoka Kawana 3 damen - Laufschuhe - MioMioRun.com<\/title>\n<meta name=\"description\" content=\"Vielseitiger Schuh f\u00fcr Fitnessstudio, Fitness und Walking mit reaktivem EVA-Schaumstoff, atmungsaktivem Funktionsmesh in bestimmten Bereichen und SwallowTail\u2122-Ferse f\u00fcr Komfort und Geschmeidigkeit.\" \/>\n<meta name=\"robots\" content=\"index, follow, max-snippet:-1, max-image-preview:large, max-video-preview:-1\" \/>\n<link rel=\"canonical\" href=\"https:\/\/www.miomiorun.com\/de\/produkt\/kawana-3-damen\/\" \/>\n<meta property=\"og:locale\" content=\"de_DE\" \/>\n<meta property=\"og:type\" content=\"article\" \/>\n<meta property=\"og:title\" content=\"Hoka Kawana 3 damen - Laufschuhe - MioMioRun.com\" \/>\n<meta property=\"og:description\" content=\"Vielseitiger Schuh f\u00fcr Fitnessstudio, Fitness und Walking mit reaktivem EVA-Schaumstoff, atmungsaktivem Funktionsmesh in bestimmten Bereichen und SwallowTail\u2122-Ferse f\u00fcr Komfort und Geschmeidigkeit.\" \/>\n<meta property=\"og:url\" content=\"https:\/\/www.miomiorun.com\/de\/produkt\/kawana-3-damen\/\" \/>\n<meta property=\"og:site_name\" content=\"MioMioRun\" \/>\n<meta property=\"article:publisher\" content=\"https:\/\/www.facebook.com\/miomiorun\/\" \/>\n<meta property=\"article:modified_time\" content=\"2026-04-19T15:18:16+00:00\" \/>\n<meta property=\"og:image\" content=\"https:\/\/www.miomiorun.com\/app\/uploads\/2026\/02\/hoka-Kawana-3-W-grout-faded-navy-1171893-GFD.webp\" \/>\n\t<meta property=\"og:image:width\" content=\"720\" \/>\n\t<meta property=\"og:image:height\" content=\"720\" \/>\n\t<meta property=\"og:image:type\" content=\"image\/webp\" \/>\n<meta name=\"twitter:card\" content=\"summary_large_image\" \/>\n<meta name=\"twitter:label1\" content=\"Est. reading time\" \/>\n\t<meta name=\"twitter:data1\" content=\"1 minute\" \/>\n<script type=\"application\/ld+json\" class=\"yoast-schema-graph\">{\"@context\":\"https:\/\/schema.org\",\"@graph\":[{\"@type\":\"WebPage\",\"@id\":\"https:\/\/www.miomiorun.com\/de\/produkt\/kawana-3-damen\/\",\"url\":\"https:\/\/www.miomiorun.com\/de\/produkt\/kawana-3-damen\/\",\"name\":\"Hoka Kawana 3 damen - Laufschuhe - MioMioRun.com\",\"isPartOf\":{\"@id\":\"https:\/\/www.miomiorun.com\/de\/#website\"},\"primaryImageOfPage\":{\"@id\":\"https:\/\/www.miomiorun.com\/de\/produkt\/kawana-3-damen\/#primaryimage\"},\"image\":{\"@id\":\"https:\/\/www.miomiorun.com\/de\/produkt\/kawana-3-damen\/#primaryimage\"},\"thumbnailUrl\":\"https:\/\/www.miomiorun.com\/app\/uploads\/2026\/02\/hoka-Kawana-3-W-grout-faded-navy-1171893-GFD.webp\",\"datePublished\":\"2026-02-03T16:04:09+00:00\",\"dateModified\":\"2026-04-19T15:18:16+00:00\",\"description\":\"Vielseitiger Schuh f\u00fcr Fitnessstudio, Fitness und Walking mit reaktivem EVA-Schaumstoff, atmungsaktivem Funktionsmesh in bestimmten Bereichen und SwallowTail\u2122-Ferse f\u00fcr Komfort und Geschmeidigkeit.\",\"breadcrumb\":{\"@id\":\"https:\/\/www.miomiorun.com\/de\/produkt\/kawana-3-damen\/#breadcrumb\"},\"inLanguage\":\"de-DE\",\"potentialAction\":[{\"@type\":\"ReadAction\",\"target\":[\"https:\/\/www.miomiorun.com\/de\/produkt\/kawana-3-damen\/\"]}]},{\"@type\":\"ImageObject\",\"inLanguage\":\"de-DE\",\"@id\":\"https:\/\/www.miomiorun.com\/de\/produkt\/kawana-3-damen\/#primaryimage\",\"url\":\"https:\/\/www.miomiorun.com\/app\/uploads\/2026\/02\/hoka-Kawana-3-W-grout-faded-navy-1171893-GFD.webp\",\"contentUrl\":\"https:\/\/www.miomiorun.com\/app\/uploads\/2026\/02\/hoka-Kawana-3-W-grout-faded-navy-1171893-GFD.webp\",\"width\":720,\"height\":720,\"caption\":\"hoka Kawana 3 W grout faded navy 1171893 GFD\"},{\"@type\":\"BreadcrumbList\",\"@id\":\"https:\/\/www.miomiorun.com\/de\/produkt\/kawana-3-damen\/#breadcrumb\",\"itemListElement\":[{\"@type\":\"ListItem\",\"position\":1,\"name\":\"Home\",\"item\":\"https:\/\/www.miomiorun.com\/de\/\"},{\"@type\":\"ListItem\",\"position\":2,\"name\":\"Shop\",\"item\":\"https:\/\/www.miomiorun.com\/shop\/\"},{\"@type\":\"ListItem\",\"position\":3,\"name\":\"Kawana 3 damen\"}]},{\"@type\":\"WebSite\",\"@id\":\"https:\/\/www.miomiorun.com\/de\/#website\",\"url\":\"https:\/\/www.miomiorun.com\/de\/\",\"name\":\"MioMioRun\",\"description\":\"100% Lauf- und Trailshop\",\"publisher\":{\"@id\":\"https:\/\/www.miomiorun.com\/de\/#organization\"},\"potentialAction\":[{\"@type\":\"SearchAction\",\"target\":{\"@type\":\"EntryPoint\",\"urlTemplate\":\"https:\/\/www.miomiorun.com\/de\/?s={search_term_string}\"},\"query-input\":{\"@type\":\"PropertyValueSpecification\",\"valueRequired\":true,\"valueName\":\"search_term_string\"}}],\"inLanguage\":\"de-DE\"},{\"@type\":\"Organization\",\"@id\":\"https:\/\/www.miomiorun.com\/de\/#organization\",\"name\":\"MioMio Run\",\"url\":\"https:\/\/www.miomiorun.com\/de\/\",\"logo\":{\"@type\":\"ImageObject\",\"inLanguage\":\"de-DE\",\"@id\":\"https:\/\/www.miomiorun.com\/de\/#\/schema\/logo\/image\/\",\"url\":\"https:\/\/www.miomiorun.com\/app\/uploads\/2019\/12\/logomio.png\",\"contentUrl\":\"https:\/\/www.miomiorun.com\/app\/uploads\/2019\/12\/logomio.png\",\"width\":115,\"height\":82,\"caption\":\"MioMio Run\"},\"image\":{\"@id\":\"https:\/\/www.miomiorun.com\/de\/#\/schema\/logo\/image\/\"},\"sameAs\":[\"https:\/\/www.facebook.com\/miomiorun\/\",\"https:\/\/www.instagram.com\/miomiorun\/\"]}]}<\/script>\n<!-- \/ Yoast SEO plugin. -->","yoast_head_json":{"title":"Hoka Kawana 3 damen - Laufschuhe - MioMioRun.com","description":"Vielseitiger Schuh f\u00fcr Fitnessstudio, Fitness und Walking mit reaktivem EVA-Schaumstoff, atmungsaktivem Funktionsmesh in bestimmten Bereichen und SwallowTail\u2122-Ferse f\u00fcr Komfort und Geschmeidigkeit.","robots":{"index":"index","follow":"follow","max-snippet":"max-snippet:-1","max-image-preview":"max-image-preview:large","max-video-preview":"max-video-preview:-1"},"canonical":"https:\/\/www.miomiorun.com\/de\/produkt\/kawana-3-damen\/","og_locale":"de_DE","og_type":"article","og_title":"Hoka Kawana 3 damen - Laufschuhe - MioMioRun.com","og_description":"Vielseitiger Schuh f\u00fcr Fitnessstudio, Fitness und Walking mit reaktivem EVA-Schaumstoff, atmungsaktivem Funktionsmesh in bestimmten Bereichen und SwallowTail\u2122-Ferse f\u00fcr Komfort und Geschmeidigkeit.","og_url":"https:\/\/www.miomiorun.com\/de\/produkt\/kawana-3-damen\/","og_site_name":"MioMioRun","article_publisher":"https:\/\/www.facebook.com\/miomiorun\/","article_modified_time":"2026-04-19T15:18:16+00:00","og_image":[{"width":720,"height":720,"url":"https:\/\/www.miomiorun.com\/app\/uploads\/2026\/02\/hoka-Kawana-3-W-grout-faded-navy-1171893-GFD.webp","type":"image\/webp"}],"twitter_card":"summary_large_image","twitter_misc":{"Est. reading time":"1 minute"},"schema":{"@context":"https:\/\/schema.org","@graph":[{"@type":"WebPage","@id":"https:\/\/www.miomiorun.com\/de\/produkt\/kawana-3-damen\/","url":"https:\/\/www.miomiorun.com\/de\/produkt\/kawana-3-damen\/","name":"Hoka Kawana 3 damen - Laufschuhe - MioMioRun.com","isPartOf":{"@id":"https:\/\/www.miomiorun.com\/de\/#website"},"primaryImageOfPage":{"@id":"https:\/\/www.miomiorun.com\/de\/produkt\/kawana-3-damen\/#primaryimage"},"image":{"@id":"https:\/\/www.miomiorun.com\/de\/produkt\/kawana-3-damen\/#primaryimage"},"thumbnailUrl":"https:\/\/www.miomiorun.com\/app\/uploads\/2026\/02\/hoka-Kawana-3-W-grout-faded-navy-1171893-GFD.webp","datePublished":"2026-02-03T16:04:09+00:00","dateModified":"2026-04-19T15:18:16+00:00","description":"Vielseitiger Schuh f\u00fcr Fitnessstudio, Fitness und Walking mit reaktivem EVA-Schaumstoff, atmungsaktivem Funktionsmesh in bestimmten Bereichen und SwallowTail\u2122-Ferse f\u00fcr Komfort und Geschmeidigkeit.","breadcrumb":{"@id":"https:\/\/www.miomiorun.com\/de\/produkt\/kawana-3-damen\/#breadcrumb"},"inLanguage":"de-DE","potentialAction":[{"@type":"ReadAction","target":["https:\/\/www.miomiorun.com\/de\/produkt\/kawana-3-damen\/"]}]},{"@type":"ImageObject","inLanguage":"de-DE","@id":"https:\/\/www.miomiorun.com\/de\/produkt\/kawana-3-damen\/#primaryimage","url":"https:\/\/www.miomiorun.com\/app\/uploads\/2026\/02\/hoka-Kawana-3-W-grout-faded-navy-1171893-GFD.webp","contentUrl":"https:\/\/www.miomiorun.com\/app\/uploads\/2026\/02\/hoka-Kawana-3-W-grout-faded-navy-1171893-GFD.webp","width":720,"height":720,"caption":"hoka Kawana 3 W grout faded navy 1171893 GFD"},{"@type":"BreadcrumbList","@id":"https:\/\/www.miomiorun.com\/de\/produkt\/kawana-3-damen\/#breadcrumb","itemListElement":[{"@type":"ListItem","position":1,"name":"Home","item":"https:\/\/www.miomiorun.com\/de\/"},{"@type":"ListItem","position":2,"name":"Shop","item":"https:\/\/www.miomiorun.com\/shop\/"},{"@type":"ListItem","position":3,"name":"Kawana 3 damen"}]},{"@type":"WebSite","@id":"https:\/\/www.miomiorun.com\/de\/#website","url":"https:\/\/www.miomiorun.com\/de\/","name":"MioMioRun","description":"100% Lauf- und Trailshop","publisher":{"@id":"https:\/\/www.miomiorun.com\/de\/#organization"},"potentialAction":[{"@type":"SearchAction","target":{"@type":"EntryPoint","urlTemplate":"https:\/\/www.miomiorun.com\/de\/?s={search_term_string}"},"query-input":{"@type":"PropertyValueSpecification","valueRequired":true,"valueName":"search_term_string"}}],"inLanguage":"de-DE"},{"@type":"Organization","@id":"https:\/\/www.miomiorun.com\/de\/#organization","name":"MioMio Run","url":"https:\/\/www.miomiorun.com\/de\/","logo":{"@type":"ImageObject","inLanguage":"de-DE","@id":"https:\/\/www.miomiorun.com\/de\/#\/schema\/logo\/image\/","url":"https:\/\/www.miomiorun.com\/app\/uploads\/2019\/12\/logomio.png","contentUrl":"https:\/\/www.miomiorun.com\/app\/uploads\/2019\/12\/logomio.png","width":115,"height":82,"caption":"MioMio Run"},"image":{"@id":"https:\/\/www.miomiorun.com\/de\/#\/schema\/logo\/image\/"},"sameAs":["https:\/\/www.facebook.com\/miomiorun\/","https:\/\/www.instagram.com\/miomiorun\/"]}]}},"_links":{"self":[{"href":"https:\/\/www.miomiorun.com\/de\/wp-json\/wp\/v2\/product\/399749","targetHints":{"allow":["GET"]}}],"collection":[{"href":"https:\/\/www.miomiorun.com\/de\/wp-json\/wp\/v2\/product"}],"about":[{"href":"https:\/\/www.miomiorun.com\/de\/wp-json\/wp\/v2\/types\/product"}],"wp:featuredmedia":[{"embeddable":true,"href":"https:\/\/www.miomiorun.com\/de\/wp-json\/wp\/v2\/media\/396182"}],"wp:attachment":[{"href":"https:\/\/www.miomiorun.com\/de\/wp-json\/wp\/v2\/media?parent=399749"}],"wp:term":[{"taxonomy":"product_brand","embeddable":true,"href":"https:\/\/www.miomiorun.com\/de\/wp-json\/wp\/v2\/product_brand?post=399749"},{"taxonomy":"product_cat","embeddable":true,"href":"https:\/\/www.miomiorun.com\/de\/wp-json\/wp\/v2\/product_cat?post=399749"},{"taxonomy":"product_tag","embeddable":true,"href":"https:\/\/www.miomiorun.com\/de\/wp-json\/wp\/v2\/product_tag?post=399749"}],"curies":[{"name":"wp","href":"https:\/\/api.w.org\/{rel}","templated":true}]}}