{"id":399000,"date":"2026-02-06T09:42:57","date_gmt":"2026-02-06T08:42:57","guid":{"rendered":"https:\/\/www.miomiorun.com\/?post_type=product&#038;p=399000"},"modified":"2026-05-09T12:44:53","modified_gmt":"2026-05-09T10:44:53","slug":"summit-pacesetter-5-short-herren","status":"publish","type":"product","link":"https:\/\/www.miomiorun.com\/de\/produkt\/summit-pacesetter-5-short-herren\/","title":{"rendered":"Summit Pacesetter 5\u201d short herren"},"content":{"rendered":"<table style=\"border-collapse: collapse;width: 100%\">\n<tbody>\n<tr>\n<td style=\"width: 50%;vertical-align: top;text-align: center\">Die Herren-Shorts \u201eSummit Pacesetter 5\u201d mit einer Innenbeinl\u00e4nge von 12,70 cm bestehen aus einer Mischung aus FlashDry\u2122- und LIGHTRANGE\u2122-Materialien, um beim Laufen f\u00fcr einen effektiven Feuchtigkeitstransport zu sorgen. Die ultraleichte und hoch atmungsaktive Konstruktion sorgt f\u00fcr Komfort und Bewegungsfreiheit in allen Phasen der Aktivit\u00e4t.<br data-start=\"580\" data-end=\"583\">Der elastische Bund mit innerem Kordelzug erm\u00f6glicht eine individuelle Passform, w\u00e4hrend das Stretchmaterial die Bewegungen mitmacht und Reibung reduziert. Die Power-Mesh-Taschen und die Ges\u00e4\u00dftasche mit Rei\u00dfverschluss bieten praktischen Stauraum f\u00fcr Gels und Energieriegel. Das FlashDry\u2122-Innenfutter und reflektierende Details runden das Kleidungsst\u00fcck ab, zusammen mit PFC-freien DWR-Beschichtungen f\u00fcr besseren Wasserschutz.<\/td>\n<td style=\"width: 50%;vertical-align: top;text-align: center\">\n<ul>\n<li><img loading=\"lazy\" decoding=\"async\" src=\"https:\/\/assets.thenorthface.eu\/image\/upload\/v1728567348\/benefit-icon-stretch.webp\" alt=\"Elasticit\u00e0\" width=\"52\" height=\"52\">\n<p class=\"fw-bold title-5\">Elastizit\u00e4t<\/p>\n<p>Genie\u00dfe hohe Bewegungsfreiheit und erstklassigen Komfort.<\/li>\n<li><img loading=\"lazy\" decoding=\"async\" src=\"https:\/\/assets.thenorthface.eu\/image\/upload\/v1728567339\/benefit-icon-fabric_DWR.webp\" alt=\"DWR - Idrorepellente\" width=\"52\" height=\"52\">\n<p>DWR \u2013 Wasserabweisend<\/p>\n<p>Widerstandsf\u00e4hige wasserabweisende Beschichtung, die vor leichter Feuchtigkeit und Durchfeuchtung des Gewebes sch\u00fctzt.<\/li>\n<li><img loading=\"lazy\" decoding=\"async\" src=\"https:\/\/assets.thenorthface.eu\/image\/upload\/v1728567345\/benefit-icon-recycled.webp\" alt=\"Materiale riciclato\" width=\"52\" height=\"52\">\n<p>Recyceltes Material<\/p>\n<p>Dieses Produkt wurde aus recycelten Materialien hergestellt, die dazu beitragen, Abfall auf Deponien zu reduzieren und die Auswirkungen auf die Natur zu minimieren.<\/li>\n<li><img loading=\"lazy\" decoding=\"async\" src=\"https:\/\/assets.thenorthface.eu\/image\/upload\/v1728567346\/benefit-icon-reflective.webp\" alt=\"Riflettenti\" width=\"52\" height=\"52\">\n<p>Reflektoren<\/p>\n<div>Reflektierende Details sorgen f\u00fcr bessere Sichtbarkeit bei schlechten Lichtverh\u00e4ltnissen.<\/div>\n<\/li>\n<li>\n<div>\n<p><img loading=\"lazy\" decoding=\"async\" src=\"https:\/\/assets.thenorthface.eu\/image\/upload\/v1728567343\/benefit-icon-lightweight.webp\" alt=\"Leggerezza\" width=\"52\" height=\"52\"><\/p>\n<p>Leichtigkeit<\/p>\n<div>Ideal f\u00fcr Trekking, Klettern, Bergsteigen und andere Aktivit\u00e4ten, bei denen es auf ein geringes Gewicht ankommt.<\/div>\n<\/div>\n<\/li>\n<li>\n<div>\n<p><img loading=\"lazy\" decoding=\"async\" class=\"contain\" src=\"https:\/\/assets.thenorthface.eu\/image\/upload\/v1728567352\/benefit-icon-wicking.webp\" alt=\"Traspirabilit\u00e0\" width=\"52\" height=\"52\"><\/p>\n<p>Atmungsaktivit\u00e4t<\/p>\n<div>Das schnell trocknende Material leitet Feuchtigkeit an die Oberfl\u00e4che, damit sie verdunsten kann.<\/div>\n<\/div>\n<\/li>\n<\/ul>\n<\/td>\n<\/tr>\n<\/tbody>\n<\/table>\n<p>&nbsp;<\/p>\n<p>&nbsp;<\/p>\n<p>&nbsp;<\/p>\n","protected":false},"excerpt":{"rendered":"<ul>\n<li data-start=\"1054\" data-end=\"1130\">FlashDry\u2122- und LIGHTRANGE\u2122-Materialien f\u00fcr Feuchtigkeitsmanagement und Atmungsaktivit\u00e4t<\/li>\n<li data-start=\"1133\" data-end=\"1196\">Verstellbare Passform dank elastischem Bund und innerem Kordelzug<\/li>\n<li data-start=\"1199\" data-end=\"1241\">Funktionale Taschen und reflektierende Details<\/li>\n<\/ul>\n","protected":false},"featured_media":410453,"template":"","meta":{"_acf_changed":false,"inline_featured_image":false},"product_brand":[],"product_cat":[6540,6510],"product_tag":[32390,32398],"class_list":{"0":"post-399000","1":"product","2":"type-product","3":"status-publish","4":"has-post-thumbnail","6":"product_cat-herrenbekleidung","7":"product_cat-shorts","8":"product_tag-the-north-face-de","9":"product_tag-the-north-face-herren","10":"pa_attivita-gehen","11":"pa_attivita-running-de","12":"pa_attivita-trail-de","13":"pa_colore-summit-pacesetter-5in-short-black","14":"pa_colore-summit-pacesetter-5in-short-iron-clay","15":"pa_marca-the-north-face-de","16":"pa_sesso-herren","17":"pa_size-small-de","18":"pa_size-medium-de","19":"pa_size-large-de","21":"first","22":"instock","23":"sale","24":"taxable","25":"shipping-taxable","26":"purchasable","27":"product-type-variable","28":"wvs-archive-product-wrapper"},"acf":[],"yoast_head":"<!-- This site is optimized with the Yoast SEO plugin v26.8 - https:\/\/yoast.com\/product\/yoast-seo-wordpress\/ -->\n<title>The North Face Summit Pacesetter 5\u201d short herren - Herren-Shorts - MioMioRun<\/title>\n<meta name=\"description\" content=\"Summit Pacesetter 5\u201d Herren-Shorts aus FlashDry\u2122- und LIGHTRANGE\u2122-Materialien, ultraleicht, atmungsaktiv und mit praktischen Taschen.\" \/>\n<meta name=\"robots\" content=\"index, follow, max-snippet:-1, max-image-preview:large, max-video-preview:-1\" \/>\n<link rel=\"canonical\" href=\"https:\/\/www.miomiorun.com\/de\/produkt\/summit-pacesetter-5-short-herren\/\" \/>\n<meta property=\"og:locale\" content=\"de_DE\" \/>\n<meta property=\"og:type\" content=\"article\" \/>\n<meta property=\"og:title\" content=\"The North Face Summit Pacesetter 5\u201d short herren - Herren-Shorts - MioMioRun\" \/>\n<meta property=\"og:description\" content=\"Summit Pacesetter 5\u201d Herren-Shorts aus FlashDry\u2122- und LIGHTRANGE\u2122-Materialien, ultraleicht, atmungsaktiv und mit praktischen Taschen.\" \/>\n<meta property=\"og:url\" content=\"https:\/\/www.miomiorun.com\/de\/produkt\/summit-pacesetter-5-short-herren\/\" \/>\n<meta property=\"og:site_name\" content=\"MioMioRun\" \/>\n<meta property=\"article:publisher\" content=\"https:\/\/www.facebook.com\/miomiorun\/\" \/>\n<meta property=\"article:modified_time\" content=\"2026-05-09T10:44:53+00:00\" \/>\n<meta property=\"og:image\" content=\"https:\/\/www.miomiorun.com\/app\/uploads\/2026\/02\/the-north-face-Summit-pacesetter-5in-short-iron-clay-NF0A8BB4G6I1.webp\" \/>\n\t<meta property=\"og:image:width\" content=\"720\" \/>\n\t<meta property=\"og:image:height\" content=\"720\" \/>\n\t<meta property=\"og:image:type\" content=\"image\/webp\" \/>\n<meta name=\"twitter:card\" content=\"summary_large_image\" \/>\n<meta name=\"twitter:label1\" content=\"Est. reading time\" \/>\n\t<meta name=\"twitter:data1\" content=\"1 minute\" \/>\n<script type=\"application\/ld+json\" class=\"yoast-schema-graph\">{\"@context\":\"https:\/\/schema.org\",\"@graph\":[{\"@type\":\"WebPage\",\"@id\":\"https:\/\/www.miomiorun.com\/de\/produkt\/summit-pacesetter-5-short-herren\/\",\"url\":\"https:\/\/www.miomiorun.com\/de\/produkt\/summit-pacesetter-5-short-herren\/\",\"name\":\"The North Face Summit Pacesetter 5\u201d short herren - Herren-Shorts - MioMioRun\",\"isPartOf\":{\"@id\":\"https:\/\/www.miomiorun.com\/de\/#website\"},\"primaryImageOfPage\":{\"@id\":\"https:\/\/www.miomiorun.com\/de\/produkt\/summit-pacesetter-5-short-herren\/#primaryimage\"},\"image\":{\"@id\":\"https:\/\/www.miomiorun.com\/de\/produkt\/summit-pacesetter-5-short-herren\/#primaryimage\"},\"thumbnailUrl\":\"https:\/\/www.miomiorun.com\/app\/uploads\/2026\/02\/the-north-face-Summit-pacesetter-5in-short-iron-clay-NF0A8BB4G6I1.webp\",\"datePublished\":\"2026-02-06T08:42:57+00:00\",\"dateModified\":\"2026-05-09T10:44:53+00:00\",\"description\":\"Summit Pacesetter 5\u201d Herren-Shorts aus FlashDry\u2122- und LIGHTRANGE\u2122-Materialien, ultraleicht, atmungsaktiv und mit praktischen Taschen.\",\"breadcrumb\":{\"@id\":\"https:\/\/www.miomiorun.com\/de\/produkt\/summit-pacesetter-5-short-herren\/#breadcrumb\"},\"inLanguage\":\"de-DE\",\"potentialAction\":[{\"@type\":\"ReadAction\",\"target\":[\"https:\/\/www.miomiorun.com\/de\/produkt\/summit-pacesetter-5-short-herren\/\"]}]},{\"@type\":\"ImageObject\",\"inLanguage\":\"de-DE\",\"@id\":\"https:\/\/www.miomiorun.com\/de\/produkt\/summit-pacesetter-5-short-herren\/#primaryimage\",\"url\":\"https:\/\/www.miomiorun.com\/app\/uploads\/2026\/02\/the-north-face-Summit-pacesetter-5in-short-iron-clay-NF0A8BB4G6I1.webp\",\"contentUrl\":\"https:\/\/www.miomiorun.com\/app\/uploads\/2026\/02\/the-north-face-Summit-pacesetter-5in-short-iron-clay-NF0A8BB4G6I1.webp\",\"width\":720,\"height\":720,\"caption\":\"the north face Summit pacesetter 5in short iron clay NF0A8BB4G6I1\"},{\"@type\":\"BreadcrumbList\",\"@id\":\"https:\/\/www.miomiorun.com\/de\/produkt\/summit-pacesetter-5-short-herren\/#breadcrumb\",\"itemListElement\":[{\"@type\":\"ListItem\",\"position\":1,\"name\":\"Home\",\"item\":\"https:\/\/www.miomiorun.com\/de\/home-page\/\"},{\"@type\":\"ListItem\",\"position\":2,\"name\":\"Shop\",\"item\":\"https:\/\/www.miomiorun.com\/shop\/\"},{\"@type\":\"ListItem\",\"position\":3,\"name\":\"Summit Pacesetter 5\u201d short herren\"}]},{\"@type\":\"WebSite\",\"@id\":\"https:\/\/www.miomiorun.com\/de\/#website\",\"url\":\"https:\/\/www.miomiorun.com\/de\/\",\"name\":\"MioMioRun\",\"description\":\"100% Lauf- und Trailshop\",\"publisher\":{\"@id\":\"https:\/\/www.miomiorun.com\/de\/#organization\"},\"potentialAction\":[{\"@type\":\"SearchAction\",\"target\":{\"@type\":\"EntryPoint\",\"urlTemplate\":\"https:\/\/www.miomiorun.com\/de\/?s={search_term_string}\"},\"query-input\":{\"@type\":\"PropertyValueSpecification\",\"valueRequired\":true,\"valueName\":\"search_term_string\"}}],\"inLanguage\":\"de-DE\"},{\"@type\":\"Organization\",\"@id\":\"https:\/\/www.miomiorun.com\/de\/#organization\",\"name\":\"MioMio Run\",\"url\":\"https:\/\/www.miomiorun.com\/de\/\",\"logo\":{\"@type\":\"ImageObject\",\"inLanguage\":\"de-DE\",\"@id\":\"https:\/\/www.miomiorun.com\/de\/#\/schema\/logo\/image\/\",\"url\":\"https:\/\/www.miomiorun.com\/app\/uploads\/2019\/12\/logomio.png\",\"contentUrl\":\"https:\/\/www.miomiorun.com\/app\/uploads\/2019\/12\/logomio.png\",\"width\":115,\"height\":82,\"caption\":\"MioMio Run\"},\"image\":{\"@id\":\"https:\/\/www.miomiorun.com\/de\/#\/schema\/logo\/image\/\"},\"sameAs\":[\"https:\/\/www.facebook.com\/miomiorun\/\",\"https:\/\/www.instagram.com\/miomiorun\/\"]}]}<\/script>\n<!-- \/ Yoast SEO plugin. -->","yoast_head_json":{"title":"The North Face Summit Pacesetter 5\u201d short herren - Herren-Shorts - MioMioRun","description":"Summit Pacesetter 5\u201d Herren-Shorts aus FlashDry\u2122- und LIGHTRANGE\u2122-Materialien, ultraleicht, atmungsaktiv und mit praktischen Taschen.","robots":{"index":"index","follow":"follow","max-snippet":"max-snippet:-1","max-image-preview":"max-image-preview:large","max-video-preview":"max-video-preview:-1"},"canonical":"https:\/\/www.miomiorun.com\/de\/produkt\/summit-pacesetter-5-short-herren\/","og_locale":"de_DE","og_type":"article","og_title":"The North Face Summit Pacesetter 5\u201d short herren - Herren-Shorts - MioMioRun","og_description":"Summit Pacesetter 5\u201d Herren-Shorts aus FlashDry\u2122- und LIGHTRANGE\u2122-Materialien, ultraleicht, atmungsaktiv und mit praktischen Taschen.","og_url":"https:\/\/www.miomiorun.com\/de\/produkt\/summit-pacesetter-5-short-herren\/","og_site_name":"MioMioRun","article_publisher":"https:\/\/www.facebook.com\/miomiorun\/","article_modified_time":"2026-05-09T10:44:53+00:00","og_image":[{"width":720,"height":720,"url":"https:\/\/www.miomiorun.com\/app\/uploads\/2026\/02\/the-north-face-Summit-pacesetter-5in-short-iron-clay-NF0A8BB4G6I1.webp","type":"image\/webp"}],"twitter_card":"summary_large_image","twitter_misc":{"Est. reading time":"1 minute"},"schema":{"@context":"https:\/\/schema.org","@graph":[{"@type":"WebPage","@id":"https:\/\/www.miomiorun.com\/de\/produkt\/summit-pacesetter-5-short-herren\/","url":"https:\/\/www.miomiorun.com\/de\/produkt\/summit-pacesetter-5-short-herren\/","name":"The North Face Summit Pacesetter 5\u201d short herren - Herren-Shorts - MioMioRun","isPartOf":{"@id":"https:\/\/www.miomiorun.com\/de\/#website"},"primaryImageOfPage":{"@id":"https:\/\/www.miomiorun.com\/de\/produkt\/summit-pacesetter-5-short-herren\/#primaryimage"},"image":{"@id":"https:\/\/www.miomiorun.com\/de\/produkt\/summit-pacesetter-5-short-herren\/#primaryimage"},"thumbnailUrl":"https:\/\/www.miomiorun.com\/app\/uploads\/2026\/02\/the-north-face-Summit-pacesetter-5in-short-iron-clay-NF0A8BB4G6I1.webp","datePublished":"2026-02-06T08:42:57+00:00","dateModified":"2026-05-09T10:44:53+00:00","description":"Summit Pacesetter 5\u201d Herren-Shorts aus FlashDry\u2122- und LIGHTRANGE\u2122-Materialien, ultraleicht, atmungsaktiv und mit praktischen Taschen.","breadcrumb":{"@id":"https:\/\/www.miomiorun.com\/de\/produkt\/summit-pacesetter-5-short-herren\/#breadcrumb"},"inLanguage":"de-DE","potentialAction":[{"@type":"ReadAction","target":["https:\/\/www.miomiorun.com\/de\/produkt\/summit-pacesetter-5-short-herren\/"]}]},{"@type":"ImageObject","inLanguage":"de-DE","@id":"https:\/\/www.miomiorun.com\/de\/produkt\/summit-pacesetter-5-short-herren\/#primaryimage","url":"https:\/\/www.miomiorun.com\/app\/uploads\/2026\/02\/the-north-face-Summit-pacesetter-5in-short-iron-clay-NF0A8BB4G6I1.webp","contentUrl":"https:\/\/www.miomiorun.com\/app\/uploads\/2026\/02\/the-north-face-Summit-pacesetter-5in-short-iron-clay-NF0A8BB4G6I1.webp","width":720,"height":720,"caption":"the north face Summit pacesetter 5in short iron clay NF0A8BB4G6I1"},{"@type":"BreadcrumbList","@id":"https:\/\/www.miomiorun.com\/de\/produkt\/summit-pacesetter-5-short-herren\/#breadcrumb","itemListElement":[{"@type":"ListItem","position":1,"name":"Home","item":"https:\/\/www.miomiorun.com\/de\/home-page\/"},{"@type":"ListItem","position":2,"name":"Shop","item":"https:\/\/www.miomiorun.com\/shop\/"},{"@type":"ListItem","position":3,"name":"Summit Pacesetter 5\u201d short herren"}]},{"@type":"WebSite","@id":"https:\/\/www.miomiorun.com\/de\/#website","url":"https:\/\/www.miomiorun.com\/de\/","name":"MioMioRun","description":"100% Lauf- und Trailshop","publisher":{"@id":"https:\/\/www.miomiorun.com\/de\/#organization"},"potentialAction":[{"@type":"SearchAction","target":{"@type":"EntryPoint","urlTemplate":"https:\/\/www.miomiorun.com\/de\/?s={search_term_string}"},"query-input":{"@type":"PropertyValueSpecification","valueRequired":true,"valueName":"search_term_string"}}],"inLanguage":"de-DE"},{"@type":"Organization","@id":"https:\/\/www.miomiorun.com\/de\/#organization","name":"MioMio Run","url":"https:\/\/www.miomiorun.com\/de\/","logo":{"@type":"ImageObject","inLanguage":"de-DE","@id":"https:\/\/www.miomiorun.com\/de\/#\/schema\/logo\/image\/","url":"https:\/\/www.miomiorun.com\/app\/uploads\/2019\/12\/logomio.png","contentUrl":"https:\/\/www.miomiorun.com\/app\/uploads\/2019\/12\/logomio.png","width":115,"height":82,"caption":"MioMio Run"},"image":{"@id":"https:\/\/www.miomiorun.com\/de\/#\/schema\/logo\/image\/"},"sameAs":["https:\/\/www.facebook.com\/miomiorun\/","https:\/\/www.instagram.com\/miomiorun\/"]}]}},"_links":{"self":[{"href":"https:\/\/www.miomiorun.com\/de\/wp-json\/wp\/v2\/product\/399000","targetHints":{"allow":["GET"]}}],"collection":[{"href":"https:\/\/www.miomiorun.com\/de\/wp-json\/wp\/v2\/product"}],"about":[{"href":"https:\/\/www.miomiorun.com\/de\/wp-json\/wp\/v2\/types\/product"}],"wp:featuredmedia":[{"embeddable":true,"href":"https:\/\/www.miomiorun.com\/de\/wp-json\/wp\/v2\/media\/410453"}],"wp:attachment":[{"href":"https:\/\/www.miomiorun.com\/de\/wp-json\/wp\/v2\/media?parent=399000"}],"wp:term":[{"taxonomy":"product_brand","embeddable":true,"href":"https:\/\/www.miomiorun.com\/de\/wp-json\/wp\/v2\/product_brand?post=399000"},{"taxonomy":"product_cat","embeddable":true,"href":"https:\/\/www.miomiorun.com\/de\/wp-json\/wp\/v2\/product_cat?post=399000"},{"taxonomy":"product_tag","embeddable":true,"href":"https:\/\/www.miomiorun.com\/de\/wp-json\/wp\/v2\/product_tag?post=399000"}],"curies":[{"name":"wp","href":"https:\/\/api.w.org\/{rel}","templated":true}]}}