{"id":398884,"date":"2026-02-05T19:17:44","date_gmt":"2026-02-05T18:17:44","guid":{"rendered":"https:\/\/www.miomiorun.com\/?post_type=product&#038;p=398884"},"modified":"2026-05-09T12:42:26","modified_gmt":"2026-05-09T10:42:26","slug":"summit-ripida-tight-short-damen","status":"publish","type":"product","link":"https:\/\/www.miomiorun.com\/de\/produkt\/summit-ripida-tight-short-damen\/","title":{"rendered":"Summit Ripida tight short damen"},"content":{"rendered":"<p>Die eng anliegenden Summit Ripida Damen-Shorts wurden f\u00fcr Aktivit\u00e4ten auf Wanderwegen entwickelt und vereinen Komfort und Funktionalit\u00e4t in einem Kleidungsst\u00fcck, das dich auch auf l\u00e4ngeren Touren begleitet. Die FlashDry-XD\u2122-Technologie sorgt f\u00fcr einen aktiven Abtransport von Schwei\u00df und Feuchtigkeit und tr\u00e4gt dazu bei, dass du dich w\u00e4hrend der Aktivit\u00e4t trocken f\u00fchlst.<br data-start=\"593\" data-end=\"596\">Die minimalistischen, flachen N\u00e4hte an den Beinen reduzieren das Volumen und verbessern die Passform, w\u00e4hrend die inneren Silikoneins\u00e4tze an den Bein\u00f6ffnungen daf\u00fcr sorgen, dass die Shorts bei Bewegung nicht verrutschen. <br data-start=\"825\" data-end=\"828\">Der Bund mit internem Infinity-Loop-Kordelzug erm\u00f6glicht eine individuelle Anpassung, w\u00e4hrend das System aus Taschen am Bund und an den Oberschenkeln praktischen Stauraum f\u00fcr Gels, Riegel und andere wichtige Utensilien bietet. Reflektierende Details runden das Design ab und sorgen f\u00fcr zus\u00e4tzliche Sichtbarkeit.<\/p>\n","protected":false},"excerpt":{"rendered":"<ul>\n<li data-start=\"1159\" data-end=\"1240\">Schnelltrocknendes FlashDry-XD\u2122-Material mit erh\u00f6hter Abriebfestigkeit<\/li>\n<li data-start=\"1243\" data-end=\"1320\">Stabile Passform dank minimaler N\u00e4hte und innerer Silikoneins\u00e4tze<\/li>\n<li data-start=\"1323\" data-end=\"1397\">Zahlreiche Taschen zum Mitf\u00fchren des N\u00f6tigsten auf Touren<\/li>\n<\/ul>\n","protected":false},"featured_media":410317,"template":"","meta":{"_acf_changed":false,"inline_featured_image":false},"product_brand":[],"product_cat":[6401,6488],"product_tag":[32390,32394],"class_list":{"0":"post-398884","1":"product","2":"type-product","3":"status-publish","4":"has-post-thumbnail","6":"product_cat-damenbekleidung","7":"product_cat-damenshorts-de","8":"product_tag-the-north-face-de","9":"product_tag-the-north-face-damen","10":"pa_attivita-running-de","11":"pa_attivita-trail-de","12":"pa_colore-summit-ripida-tight-short-w","13":"pa_marca-the-north-face-de","14":"pa_sesso-damen","15":"pa_size-small-de","16":"pa_size-medium-de","18":"first","19":"instock","20":"sale","21":"taxable","22":"shipping-taxable","23":"purchasable","24":"product-type-variable","25":"wvs-archive-product-wrapper"},"acf":[],"yoast_head":"<!-- This site is optimized with the Yoast SEO plugin v26.8 - https:\/\/yoast.com\/product\/yoast-seo-wordpress\/ -->\n<title>The North Face Summit Ripida tight short damen -Damen-Shorts - MioMioRun<\/title>\n<meta name=\"description\" content=\"Eng anliegende Summit Ripida Damen-Shorts aus FlashDry-XD\u2122-Material, mit mehreren Taschen, Silikoneins\u00e4tzen und reflektierenden Details.\" \/>\n<meta name=\"robots\" content=\"index, follow, max-snippet:-1, max-image-preview:large, max-video-preview:-1\" \/>\n<link rel=\"canonical\" href=\"https:\/\/www.miomiorun.com\/de\/produkt\/summit-ripida-tight-short-damen\/\" \/>\n<meta property=\"og:locale\" content=\"de_DE\" \/>\n<meta property=\"og:type\" content=\"article\" \/>\n<meta property=\"og:title\" content=\"The North Face Summit Ripida tight short damen -Damen-Shorts - MioMioRun\" \/>\n<meta property=\"og:description\" content=\"Eng anliegende Summit Ripida Damen-Shorts aus FlashDry-XD\u2122-Material, mit mehreren Taschen, Silikoneins\u00e4tzen und reflektierenden Details.\" \/>\n<meta property=\"og:url\" content=\"https:\/\/www.miomiorun.com\/de\/produkt\/summit-ripida-tight-short-damen\/\" \/>\n<meta property=\"og:site_name\" content=\"MioMioRun\" \/>\n<meta property=\"article:publisher\" content=\"https:\/\/www.facebook.com\/miomiorun\/\" \/>\n<meta property=\"article:modified_time\" content=\"2026-05-09T10:42:26+00:00\" \/>\n<meta property=\"og:image\" content=\"https:\/\/www.miomiorun.com\/app\/uploads\/2026\/02\/The-North-Face-Summit-Ripida-tight-short-W-NF0A8BB8JK31.webp\" \/>\n\t<meta property=\"og:image:width\" content=\"600\" \/>\n\t<meta property=\"og:image:height\" content=\"600\" \/>\n\t<meta property=\"og:image:type\" content=\"image\/webp\" \/>\n<meta name=\"twitter:card\" content=\"summary_large_image\" \/>\n<meta name=\"twitter:label1\" content=\"Est. reading time\" \/>\n\t<meta name=\"twitter:data1\" content=\"1 minute\" \/>\n<script type=\"application\/ld+json\" class=\"yoast-schema-graph\">{\"@context\":\"https:\/\/schema.org\",\"@graph\":[{\"@type\":\"WebPage\",\"@id\":\"https:\/\/www.miomiorun.com\/de\/produkt\/summit-ripida-tight-short-damen\/\",\"url\":\"https:\/\/www.miomiorun.com\/de\/produkt\/summit-ripida-tight-short-damen\/\",\"name\":\"The North Face Summit Ripida tight short damen -Damen-Shorts - MioMioRun\",\"isPartOf\":{\"@id\":\"https:\/\/www.miomiorun.com\/de\/#website\"},\"primaryImageOfPage\":{\"@id\":\"https:\/\/www.miomiorun.com\/de\/produkt\/summit-ripida-tight-short-damen\/#primaryimage\"},\"image\":{\"@id\":\"https:\/\/www.miomiorun.com\/de\/produkt\/summit-ripida-tight-short-damen\/#primaryimage\"},\"thumbnailUrl\":\"https:\/\/www.miomiorun.com\/app\/uploads\/2026\/02\/The-North-Face-Summit-Ripida-tight-short-W-NF0A8BB8JK31.webp\",\"datePublished\":\"2026-02-05T18:17:44+00:00\",\"dateModified\":\"2026-05-09T10:42:26+00:00\",\"description\":\"Eng anliegende Summit Ripida Damen-Shorts aus FlashDry-XD\u2122-Material, mit mehreren Taschen, Silikoneins\u00e4tzen und reflektierenden Details.\",\"breadcrumb\":{\"@id\":\"https:\/\/www.miomiorun.com\/de\/produkt\/summit-ripida-tight-short-damen\/#breadcrumb\"},\"inLanguage\":\"de-DE\",\"potentialAction\":[{\"@type\":\"ReadAction\",\"target\":[\"https:\/\/www.miomiorun.com\/de\/produkt\/summit-ripida-tight-short-damen\/\"]}]},{\"@type\":\"ImageObject\",\"inLanguage\":\"de-DE\",\"@id\":\"https:\/\/www.miomiorun.com\/de\/produkt\/summit-ripida-tight-short-damen\/#primaryimage\",\"url\":\"https:\/\/www.miomiorun.com\/app\/uploads\/2026\/02\/The-North-Face-Summit-Ripida-tight-short-W-NF0A8BB8JK31.webp\",\"contentUrl\":\"https:\/\/www.miomiorun.com\/app\/uploads\/2026\/02\/The-North-Face-Summit-Ripida-tight-short-W-NF0A8BB8JK31.webp\",\"width\":600,\"height\":600,\"caption\":\"The North Face Summit Ripida tight short W NF0A8BB8JK31\"},{\"@type\":\"BreadcrumbList\",\"@id\":\"https:\/\/www.miomiorun.com\/de\/produkt\/summit-ripida-tight-short-damen\/#breadcrumb\",\"itemListElement\":[{\"@type\":\"ListItem\",\"position\":1,\"name\":\"Home\",\"item\":\"https:\/\/www.miomiorun.com\/de\/home-page\/\"},{\"@type\":\"ListItem\",\"position\":2,\"name\":\"Shop\",\"item\":\"https:\/\/www.miomiorun.com\/shop\/\"},{\"@type\":\"ListItem\",\"position\":3,\"name\":\"Summit Ripida tight short damen\"}]},{\"@type\":\"WebSite\",\"@id\":\"https:\/\/www.miomiorun.com\/de\/#website\",\"url\":\"https:\/\/www.miomiorun.com\/de\/\",\"name\":\"MioMioRun\",\"description\":\"100% Lauf- und Trailshop\",\"publisher\":{\"@id\":\"https:\/\/www.miomiorun.com\/de\/#organization\"},\"potentialAction\":[{\"@type\":\"SearchAction\",\"target\":{\"@type\":\"EntryPoint\",\"urlTemplate\":\"https:\/\/www.miomiorun.com\/de\/?s={search_term_string}\"},\"query-input\":{\"@type\":\"PropertyValueSpecification\",\"valueRequired\":true,\"valueName\":\"search_term_string\"}}],\"inLanguage\":\"de-DE\"},{\"@type\":\"Organization\",\"@id\":\"https:\/\/www.miomiorun.com\/de\/#organization\",\"name\":\"MioMio Run\",\"url\":\"https:\/\/www.miomiorun.com\/de\/\",\"logo\":{\"@type\":\"ImageObject\",\"inLanguage\":\"de-DE\",\"@id\":\"https:\/\/www.miomiorun.com\/de\/#\/schema\/logo\/image\/\",\"url\":\"https:\/\/www.miomiorun.com\/app\/uploads\/2019\/12\/logomio.png\",\"contentUrl\":\"https:\/\/www.miomiorun.com\/app\/uploads\/2019\/12\/logomio.png\",\"width\":115,\"height\":82,\"caption\":\"MioMio Run\"},\"image\":{\"@id\":\"https:\/\/www.miomiorun.com\/de\/#\/schema\/logo\/image\/\"},\"sameAs\":[\"https:\/\/www.facebook.com\/miomiorun\/\",\"https:\/\/www.instagram.com\/miomiorun\/\"]}]}<\/script>\n<!-- \/ Yoast SEO plugin. -->","yoast_head_json":{"title":"The North Face Summit Ripida tight short damen -Damen-Shorts - MioMioRun","description":"Eng anliegende Summit Ripida Damen-Shorts aus FlashDry-XD\u2122-Material, mit mehreren Taschen, Silikoneins\u00e4tzen und reflektierenden Details.","robots":{"index":"index","follow":"follow","max-snippet":"max-snippet:-1","max-image-preview":"max-image-preview:large","max-video-preview":"max-video-preview:-1"},"canonical":"https:\/\/www.miomiorun.com\/de\/produkt\/summit-ripida-tight-short-damen\/","og_locale":"de_DE","og_type":"article","og_title":"The North Face Summit Ripida tight short damen -Damen-Shorts - MioMioRun","og_description":"Eng anliegende Summit Ripida Damen-Shorts aus FlashDry-XD\u2122-Material, mit mehreren Taschen, Silikoneins\u00e4tzen und reflektierenden Details.","og_url":"https:\/\/www.miomiorun.com\/de\/produkt\/summit-ripida-tight-short-damen\/","og_site_name":"MioMioRun","article_publisher":"https:\/\/www.facebook.com\/miomiorun\/","article_modified_time":"2026-05-09T10:42:26+00:00","og_image":[{"width":600,"height":600,"url":"https:\/\/www.miomiorun.com\/app\/uploads\/2026\/02\/The-North-Face-Summit-Ripida-tight-short-W-NF0A8BB8JK31.webp","type":"image\/webp"}],"twitter_card":"summary_large_image","twitter_misc":{"Est. reading time":"1 minute"},"schema":{"@context":"https:\/\/schema.org","@graph":[{"@type":"WebPage","@id":"https:\/\/www.miomiorun.com\/de\/produkt\/summit-ripida-tight-short-damen\/","url":"https:\/\/www.miomiorun.com\/de\/produkt\/summit-ripida-tight-short-damen\/","name":"The North Face Summit Ripida tight short damen -Damen-Shorts - MioMioRun","isPartOf":{"@id":"https:\/\/www.miomiorun.com\/de\/#website"},"primaryImageOfPage":{"@id":"https:\/\/www.miomiorun.com\/de\/produkt\/summit-ripida-tight-short-damen\/#primaryimage"},"image":{"@id":"https:\/\/www.miomiorun.com\/de\/produkt\/summit-ripida-tight-short-damen\/#primaryimage"},"thumbnailUrl":"https:\/\/www.miomiorun.com\/app\/uploads\/2026\/02\/The-North-Face-Summit-Ripida-tight-short-W-NF0A8BB8JK31.webp","datePublished":"2026-02-05T18:17:44+00:00","dateModified":"2026-05-09T10:42:26+00:00","description":"Eng anliegende Summit Ripida Damen-Shorts aus FlashDry-XD\u2122-Material, mit mehreren Taschen, Silikoneins\u00e4tzen und reflektierenden Details.","breadcrumb":{"@id":"https:\/\/www.miomiorun.com\/de\/produkt\/summit-ripida-tight-short-damen\/#breadcrumb"},"inLanguage":"de-DE","potentialAction":[{"@type":"ReadAction","target":["https:\/\/www.miomiorun.com\/de\/produkt\/summit-ripida-tight-short-damen\/"]}]},{"@type":"ImageObject","inLanguage":"de-DE","@id":"https:\/\/www.miomiorun.com\/de\/produkt\/summit-ripida-tight-short-damen\/#primaryimage","url":"https:\/\/www.miomiorun.com\/app\/uploads\/2026\/02\/The-North-Face-Summit-Ripida-tight-short-W-NF0A8BB8JK31.webp","contentUrl":"https:\/\/www.miomiorun.com\/app\/uploads\/2026\/02\/The-North-Face-Summit-Ripida-tight-short-W-NF0A8BB8JK31.webp","width":600,"height":600,"caption":"The North Face Summit Ripida tight short W NF0A8BB8JK31"},{"@type":"BreadcrumbList","@id":"https:\/\/www.miomiorun.com\/de\/produkt\/summit-ripida-tight-short-damen\/#breadcrumb","itemListElement":[{"@type":"ListItem","position":1,"name":"Home","item":"https:\/\/www.miomiorun.com\/de\/home-page\/"},{"@type":"ListItem","position":2,"name":"Shop","item":"https:\/\/www.miomiorun.com\/shop\/"},{"@type":"ListItem","position":3,"name":"Summit Ripida tight short damen"}]},{"@type":"WebSite","@id":"https:\/\/www.miomiorun.com\/de\/#website","url":"https:\/\/www.miomiorun.com\/de\/","name":"MioMioRun","description":"100% Lauf- und Trailshop","publisher":{"@id":"https:\/\/www.miomiorun.com\/de\/#organization"},"potentialAction":[{"@type":"SearchAction","target":{"@type":"EntryPoint","urlTemplate":"https:\/\/www.miomiorun.com\/de\/?s={search_term_string}"},"query-input":{"@type":"PropertyValueSpecification","valueRequired":true,"valueName":"search_term_string"}}],"inLanguage":"de-DE"},{"@type":"Organization","@id":"https:\/\/www.miomiorun.com\/de\/#organization","name":"MioMio Run","url":"https:\/\/www.miomiorun.com\/de\/","logo":{"@type":"ImageObject","inLanguage":"de-DE","@id":"https:\/\/www.miomiorun.com\/de\/#\/schema\/logo\/image\/","url":"https:\/\/www.miomiorun.com\/app\/uploads\/2019\/12\/logomio.png","contentUrl":"https:\/\/www.miomiorun.com\/app\/uploads\/2019\/12\/logomio.png","width":115,"height":82,"caption":"MioMio Run"},"image":{"@id":"https:\/\/www.miomiorun.com\/de\/#\/schema\/logo\/image\/"},"sameAs":["https:\/\/www.facebook.com\/miomiorun\/","https:\/\/www.instagram.com\/miomiorun\/"]}]}},"_links":{"self":[{"href":"https:\/\/www.miomiorun.com\/de\/wp-json\/wp\/v2\/product\/398884","targetHints":{"allow":["GET"]}}],"collection":[{"href":"https:\/\/www.miomiorun.com\/de\/wp-json\/wp\/v2\/product"}],"about":[{"href":"https:\/\/www.miomiorun.com\/de\/wp-json\/wp\/v2\/types\/product"}],"wp:featuredmedia":[{"embeddable":true,"href":"https:\/\/www.miomiorun.com\/de\/wp-json\/wp\/v2\/media\/410317"}],"wp:attachment":[{"href":"https:\/\/www.miomiorun.com\/de\/wp-json\/wp\/v2\/media?parent=398884"}],"wp:term":[{"taxonomy":"product_brand","embeddable":true,"href":"https:\/\/www.miomiorun.com\/de\/wp-json\/wp\/v2\/product_brand?post=398884"},{"taxonomy":"product_cat","embeddable":true,"href":"https:\/\/www.miomiorun.com\/de\/wp-json\/wp\/v2\/product_cat?post=398884"},{"taxonomy":"product_tag","embeddable":true,"href":"https:\/\/www.miomiorun.com\/de\/wp-json\/wp\/v2\/product_tag?post=398884"}],"curies":[{"name":"wp","href":"https:\/\/api.w.org\/{rel}","templated":true}]}}