{"id":398777,"date":"2026-02-05T12:17:10","date_gmt":"2026-02-05T11:17:10","guid":{"rendered":"https:\/\/www.miomiorun.com\/?post_type=product&#038;p=398777"},"modified":"2026-04-16T18:36:52","modified_gmt":"2026-04-16T16:36:52","slug":"run-pole-tasche","status":"publish","type":"product","link":"https:\/\/www.miomiorun.com\/de\/produkt\/run-pole-tasche\/","title":{"rendered":"Run Pole Tasche"},"content":{"rendered":"<p>Die Run Pole-Tasche wurde entwickelt, um dich von der Startlinie bis zur Ziellinie zu begleiten und dir dabei zu helfen, deine Laufst\u00f6cke einfach und schnell zu verstauen. Dank des schlichten Designs hast du deine Ausr\u00fcstung immer griffbereit, ohne dass sie dich beim Laufen behindert. <br data-start=\"451\" data-end=\"454\">Das Einpunkt-Kompressionssystem l\u00e4sst sich auch w\u00e4hrend des Laufens verstellen, sodass du die Tasche an die verschiedenen Phasen deiner Aktivit\u00e4t anpassen kannst. Dank der Kompatibilit\u00e4t mit den Westen Summit Run 10 und Summit Run 5 ist sie eine praktische L\u00f6sung, um deine Ausr\u00fcstung ordentlich und funktional zu organisieren.<\/p>\n","protected":false},"excerpt":{"rendered":"<ul>\n<li data-start=\"812\" data-end=\"887\">Einstellbares Einpunkt-Kompressionssystem, auch w\u00e4hrend des Laufs<\/li>\n<li data-start=\"890\" data-end=\"960\">Verschiedene Befestigungsm\u00f6glichkeiten f\u00fcr eine praktische Handhabung der St\u00f6cke<\/li>\n<li data-start=\"963\" data-end=\"1017\">Kompatibel mit den Laufwesten Summit Run 10 und Summit Run 5<\/li>\n<\/ul>\n","protected":false},"featured_media":410244,"template":"","meta":{"_acf_changed":false,"inline_featured_image":false},"product_brand":[],"product_cat":[6342,6344,6396,6398],"product_tag":[32390],"class_list":{"0":"post-398777","1":"product","2":"type-product","3":"status-publish","4":"has-post-thumbnail","6":"product_cat-zubehoer","7":"product_cat-stocke-de","8":"product_cat-taschen-und-guertel-de","9":"product_cat-taschen-de","10":"product_tag-the-north-face-de","11":"pa_attivita-outdoor-de","12":"pa_attivita-trail-de","13":"pa_colore-run-pole-sleeve-black","14":"pa_marca-the-north-face-de","15":"pa_sesso-damen","16":"pa_sesso-herren","18":"first","19":"instock","20":"sale","21":"taxable","22":"shipping-taxable","23":"purchasable","24":"product-type-simple"},"acf":[],"yoast_head":"<!-- This site is optimized with the Yoast SEO plugin v26.8 - https:\/\/yoast.com\/product\/yoast-seo-wordpress\/ -->\n<title>The North Face Run Pole Tasche -Stocktasche - MioMioRun<\/title>\n<meta name=\"description\" content=\"Run Pole-Tasche f\u00fcr Laufst\u00f6cke mit einstellbarer Kompression und Kompatibilit\u00e4t mit der Summit Run-Weste.\" \/>\n<meta name=\"robots\" content=\"index, follow, max-snippet:-1, max-image-preview:large, max-video-preview:-1\" \/>\n<link rel=\"canonical\" href=\"https:\/\/www.miomiorun.com\/de\/produkt\/run-pole-tasche\/\" \/>\n<meta property=\"og:locale\" content=\"de_DE\" \/>\n<meta property=\"og:type\" content=\"article\" \/>\n<meta property=\"og:title\" content=\"The North Face Run Pole Tasche -Stocktasche - MioMioRun\" \/>\n<meta property=\"og:description\" content=\"Run Pole-Tasche f\u00fcr Laufst\u00f6cke mit einstellbarer Kompression und Kompatibilit\u00e4t mit der Summit Run-Weste.\" \/>\n<meta property=\"og:url\" content=\"https:\/\/www.miomiorun.com\/de\/produkt\/run-pole-tasche\/\" \/>\n<meta property=\"og:site_name\" content=\"MioMioRun\" \/>\n<meta property=\"article:publisher\" content=\"https:\/\/www.facebook.com\/miomiorun\/\" \/>\n<meta property=\"article:modified_time\" content=\"2026-04-16T16:36:52+00:00\" \/>\n<meta property=\"og:image\" content=\"https:\/\/www.miomiorun.com\/app\/uploads\/2026\/02\/The-North-Face-Run-pole-sleeve-black-NF0A8BKNKT01.webp\" \/>\n\t<meta property=\"og:image:width\" content=\"600\" \/>\n\t<meta property=\"og:image:height\" content=\"600\" \/>\n\t<meta property=\"og:image:type\" content=\"image\/webp\" \/>\n<meta name=\"twitter:card\" content=\"summary_large_image\" \/>\n<script type=\"application\/ld+json\" class=\"yoast-schema-graph\">{\"@context\":\"https:\/\/schema.org\",\"@graph\":[{\"@type\":\"WebPage\",\"@id\":\"https:\/\/www.miomiorun.com\/de\/produkt\/run-pole-tasche\/\",\"url\":\"https:\/\/www.miomiorun.com\/de\/produkt\/run-pole-tasche\/\",\"name\":\"The North Face Run Pole Tasche -Stocktasche - MioMioRun\",\"isPartOf\":{\"@id\":\"https:\/\/www.miomiorun.com\/de\/#website\"},\"primaryImageOfPage\":{\"@id\":\"https:\/\/www.miomiorun.com\/de\/produkt\/run-pole-tasche\/#primaryimage\"},\"image\":{\"@id\":\"https:\/\/www.miomiorun.com\/de\/produkt\/run-pole-tasche\/#primaryimage\"},\"thumbnailUrl\":\"https:\/\/www.miomiorun.com\/app\/uploads\/2026\/02\/The-North-Face-Run-pole-sleeve-black-NF0A8BKNKT01.webp\",\"datePublished\":\"2026-02-05T11:17:10+00:00\",\"dateModified\":\"2026-04-16T16:36:52+00:00\",\"description\":\"Run Pole-Tasche f\u00fcr Laufst\u00f6cke mit einstellbarer Kompression und Kompatibilit\u00e4t mit der Summit Run-Weste.\",\"breadcrumb\":{\"@id\":\"https:\/\/www.miomiorun.com\/de\/produkt\/run-pole-tasche\/#breadcrumb\"},\"inLanguage\":\"de-DE\",\"potentialAction\":[{\"@type\":\"ReadAction\",\"target\":[\"https:\/\/www.miomiorun.com\/de\/produkt\/run-pole-tasche\/\"]}]},{\"@type\":\"ImageObject\",\"inLanguage\":\"de-DE\",\"@id\":\"https:\/\/www.miomiorun.com\/de\/produkt\/run-pole-tasche\/#primaryimage\",\"url\":\"https:\/\/www.miomiorun.com\/app\/uploads\/2026\/02\/The-North-Face-Run-pole-sleeve-black-NF0A8BKNKT01.webp\",\"contentUrl\":\"https:\/\/www.miomiorun.com\/app\/uploads\/2026\/02\/The-North-Face-Run-pole-sleeve-black-NF0A8BKNKT01.webp\",\"width\":600,\"height\":600,\"caption\":\"The North Face Run pole sleeve black NF0A8BKNKT01\"},{\"@type\":\"BreadcrumbList\",\"@id\":\"https:\/\/www.miomiorun.com\/de\/produkt\/run-pole-tasche\/#breadcrumb\",\"itemListElement\":[{\"@type\":\"ListItem\",\"position\":1,\"name\":\"Home\",\"item\":\"https:\/\/www.miomiorun.com\/de\/home-page\/\"},{\"@type\":\"ListItem\",\"position\":2,\"name\":\"Shop\",\"item\":\"https:\/\/www.miomiorun.com\/shop\/\"},{\"@type\":\"ListItem\",\"position\":3,\"name\":\"Run Pole Tasche\"}]},{\"@type\":\"WebSite\",\"@id\":\"https:\/\/www.miomiorun.com\/de\/#website\",\"url\":\"https:\/\/www.miomiorun.com\/de\/\",\"name\":\"MioMioRun\",\"description\":\"100% Lauf- und Trailshop\",\"publisher\":{\"@id\":\"https:\/\/www.miomiorun.com\/de\/#organization\"},\"potentialAction\":[{\"@type\":\"SearchAction\",\"target\":{\"@type\":\"EntryPoint\",\"urlTemplate\":\"https:\/\/www.miomiorun.com\/de\/?s={search_term_string}\"},\"query-input\":{\"@type\":\"PropertyValueSpecification\",\"valueRequired\":true,\"valueName\":\"search_term_string\"}}],\"inLanguage\":\"de-DE\"},{\"@type\":\"Organization\",\"@id\":\"https:\/\/www.miomiorun.com\/de\/#organization\",\"name\":\"MioMio Run\",\"url\":\"https:\/\/www.miomiorun.com\/de\/\",\"logo\":{\"@type\":\"ImageObject\",\"inLanguage\":\"de-DE\",\"@id\":\"https:\/\/www.miomiorun.com\/de\/#\/schema\/logo\/image\/\",\"url\":\"https:\/\/www.miomiorun.com\/app\/uploads\/2019\/12\/logomio.png\",\"contentUrl\":\"https:\/\/www.miomiorun.com\/app\/uploads\/2019\/12\/logomio.png\",\"width\":115,\"height\":82,\"caption\":\"MioMio Run\"},\"image\":{\"@id\":\"https:\/\/www.miomiorun.com\/de\/#\/schema\/logo\/image\/\"},\"sameAs\":[\"https:\/\/www.facebook.com\/miomiorun\/\",\"https:\/\/www.instagram.com\/miomiorun\/\"]}]}<\/script>\n<!-- \/ Yoast SEO plugin. -->","yoast_head_json":{"title":"The North Face Run Pole Tasche -Stocktasche - MioMioRun","description":"Run Pole-Tasche f\u00fcr Laufst\u00f6cke mit einstellbarer Kompression und Kompatibilit\u00e4t mit der Summit Run-Weste.","robots":{"index":"index","follow":"follow","max-snippet":"max-snippet:-1","max-image-preview":"max-image-preview:large","max-video-preview":"max-video-preview:-1"},"canonical":"https:\/\/www.miomiorun.com\/de\/produkt\/run-pole-tasche\/","og_locale":"de_DE","og_type":"article","og_title":"The North Face Run Pole Tasche -Stocktasche - MioMioRun","og_description":"Run Pole-Tasche f\u00fcr Laufst\u00f6cke mit einstellbarer Kompression und Kompatibilit\u00e4t mit der Summit Run-Weste.","og_url":"https:\/\/www.miomiorun.com\/de\/produkt\/run-pole-tasche\/","og_site_name":"MioMioRun","article_publisher":"https:\/\/www.facebook.com\/miomiorun\/","article_modified_time":"2026-04-16T16:36:52+00:00","og_image":[{"width":600,"height":600,"url":"https:\/\/www.miomiorun.com\/app\/uploads\/2026\/02\/The-North-Face-Run-pole-sleeve-black-NF0A8BKNKT01.webp","type":"image\/webp"}],"twitter_card":"summary_large_image","schema":{"@context":"https:\/\/schema.org","@graph":[{"@type":"WebPage","@id":"https:\/\/www.miomiorun.com\/de\/produkt\/run-pole-tasche\/","url":"https:\/\/www.miomiorun.com\/de\/produkt\/run-pole-tasche\/","name":"The North Face Run Pole Tasche -Stocktasche - MioMioRun","isPartOf":{"@id":"https:\/\/www.miomiorun.com\/de\/#website"},"primaryImageOfPage":{"@id":"https:\/\/www.miomiorun.com\/de\/produkt\/run-pole-tasche\/#primaryimage"},"image":{"@id":"https:\/\/www.miomiorun.com\/de\/produkt\/run-pole-tasche\/#primaryimage"},"thumbnailUrl":"https:\/\/www.miomiorun.com\/app\/uploads\/2026\/02\/The-North-Face-Run-pole-sleeve-black-NF0A8BKNKT01.webp","datePublished":"2026-02-05T11:17:10+00:00","dateModified":"2026-04-16T16:36:52+00:00","description":"Run Pole-Tasche f\u00fcr Laufst\u00f6cke mit einstellbarer Kompression und Kompatibilit\u00e4t mit der Summit Run-Weste.","breadcrumb":{"@id":"https:\/\/www.miomiorun.com\/de\/produkt\/run-pole-tasche\/#breadcrumb"},"inLanguage":"de-DE","potentialAction":[{"@type":"ReadAction","target":["https:\/\/www.miomiorun.com\/de\/produkt\/run-pole-tasche\/"]}]},{"@type":"ImageObject","inLanguage":"de-DE","@id":"https:\/\/www.miomiorun.com\/de\/produkt\/run-pole-tasche\/#primaryimage","url":"https:\/\/www.miomiorun.com\/app\/uploads\/2026\/02\/The-North-Face-Run-pole-sleeve-black-NF0A8BKNKT01.webp","contentUrl":"https:\/\/www.miomiorun.com\/app\/uploads\/2026\/02\/The-North-Face-Run-pole-sleeve-black-NF0A8BKNKT01.webp","width":600,"height":600,"caption":"The North Face Run pole sleeve black NF0A8BKNKT01"},{"@type":"BreadcrumbList","@id":"https:\/\/www.miomiorun.com\/de\/produkt\/run-pole-tasche\/#breadcrumb","itemListElement":[{"@type":"ListItem","position":1,"name":"Home","item":"https:\/\/www.miomiorun.com\/de\/home-page\/"},{"@type":"ListItem","position":2,"name":"Shop","item":"https:\/\/www.miomiorun.com\/shop\/"},{"@type":"ListItem","position":3,"name":"Run Pole Tasche"}]},{"@type":"WebSite","@id":"https:\/\/www.miomiorun.com\/de\/#website","url":"https:\/\/www.miomiorun.com\/de\/","name":"MioMioRun","description":"100% Lauf- und Trailshop","publisher":{"@id":"https:\/\/www.miomiorun.com\/de\/#organization"},"potentialAction":[{"@type":"SearchAction","target":{"@type":"EntryPoint","urlTemplate":"https:\/\/www.miomiorun.com\/de\/?s={search_term_string}"},"query-input":{"@type":"PropertyValueSpecification","valueRequired":true,"valueName":"search_term_string"}}],"inLanguage":"de-DE"},{"@type":"Organization","@id":"https:\/\/www.miomiorun.com\/de\/#organization","name":"MioMio Run","url":"https:\/\/www.miomiorun.com\/de\/","logo":{"@type":"ImageObject","inLanguage":"de-DE","@id":"https:\/\/www.miomiorun.com\/de\/#\/schema\/logo\/image\/","url":"https:\/\/www.miomiorun.com\/app\/uploads\/2019\/12\/logomio.png","contentUrl":"https:\/\/www.miomiorun.com\/app\/uploads\/2019\/12\/logomio.png","width":115,"height":82,"caption":"MioMio Run"},"image":{"@id":"https:\/\/www.miomiorun.com\/de\/#\/schema\/logo\/image\/"},"sameAs":["https:\/\/www.facebook.com\/miomiorun\/","https:\/\/www.instagram.com\/miomiorun\/"]}]}},"_links":{"self":[{"href":"https:\/\/www.miomiorun.com\/de\/wp-json\/wp\/v2\/product\/398777","targetHints":{"allow":["GET"]}}],"collection":[{"href":"https:\/\/www.miomiorun.com\/de\/wp-json\/wp\/v2\/product"}],"about":[{"href":"https:\/\/www.miomiorun.com\/de\/wp-json\/wp\/v2\/types\/product"}],"wp:featuredmedia":[{"embeddable":true,"href":"https:\/\/www.miomiorun.com\/de\/wp-json\/wp\/v2\/media\/410244"}],"wp:attachment":[{"href":"https:\/\/www.miomiorun.com\/de\/wp-json\/wp\/v2\/media?parent=398777"}],"wp:term":[{"taxonomy":"product_brand","embeddable":true,"href":"https:\/\/www.miomiorun.com\/de\/wp-json\/wp\/v2\/product_brand?post=398777"},{"taxonomy":"product_cat","embeddable":true,"href":"https:\/\/www.miomiorun.com\/de\/wp-json\/wp\/v2\/product_cat?post=398777"},{"taxonomy":"product_tag","embeddable":true,"href":"https:\/\/www.miomiorun.com\/de\/wp-json\/wp\/v2\/product_tag?post=398777"}],"curies":[{"name":"wp","href":"https:\/\/api.w.org\/{rel}","templated":true}]}}