{"id":397118,"date":"2026-02-04T11:05:45","date_gmt":"2026-02-04T10:05:45","guid":{"rendered":"https:\/\/www.miomiorun.com\/?post_type=product&#038;p=397118"},"modified":"2026-05-09T12:36:37","modified_gmt":"2026-05-09T10:36:37","slug":"cloudsurfer-next-herren","status":"publish","type":"product","link":"https:\/\/www.miomiorun.com\/de\/produkt\/cloudsurfer-next-herren\/","title":{"rendered":"Cloudsurfer Next herren"},"content":{"rendered":"<table style=\"border-collapse: collapse;width: 100%\">\n<tbody>\n<tr>\n<td style=\"width: 33.3333%;vertical-align: top;text-align: center\">\n<h4>Technische Daten<\/h4>\n<p>Kategorie: Erstklassige D\u00e4mpfung<br \/>\nSprengung: 6 mm<br \/>\nGewicht: 273 g<br \/>\nIdeal f\u00fcr: alle, die einen schnellen und reaktionsfreudigen Laufpartner suchen, der sich f\u00fcr das t\u00e4gliche Lauftraining eignet<br \/>\nL\u00e4ufergewicht: 60\u201375 kg<br \/>\nLauftempo: 4:30\u20135:30 min\/km<br \/>\n<a href=\"https:\/\/miomiorun.com\/guida-alle-specifiche-tecniche\/\">Leitfaden zu den technischen Daten<\/a><\/td>\n<td style=\"width: 66.6666%;vertical-align: top;text-align: center\">\n<p data-start=\"220\" data-end=\"576\"><strong data-start=\"220\" data-end=\"240\">Cloudsurfer Next<\/strong> wurde f\u00fcr den <strong data-start=\"258\" data-end=\"285\">Alltagslauf<\/strong> entwickelt und vereint Leichtigkeit, D\u00e4mpfung und Reaktionsfreudigkeit in einem Schuh, der den Lauf geschmeidig und dennoch dynamisch h\u00e4lt. <br data-start=\"391\" data-end=\"394\">Das D\u00e4mpfungssystem <strong data-start=\"424\" data-end=\"443\">CloudTec Phase\u2122<\/strong> begleitet den Fu\u00df bei einem fl\u00fcssigen Lauf, w\u00e4hrend der <strong data-start=\"497\" data-end=\"516\">Helion\u2122-Schaumstoff<\/strong> bei jedem Schritt ein weiches und reaktionsfreudiges Laufgef\u00fchl vermittelt.<\/p>\n<p data-start=\"578\" data-end=\"923\">Die <strong data-start=\"581\" data-end=\"613\">ausgepr\u00e4gte Rocker-Konstruktion<\/strong> sorgt f\u00fcr kraftvollere Abrollphasen und tr\u00e4gt dazu bei, den Lauf auch bei steigendem Tempo fl\u00fcssiger zu gestalten. <br data-start=\"721\" data-end=\"724\">Das <strong data-start=\"727\" data-end=\"785\">leichte, von Wettkampfschuhen inspirierte Obermaterial aus Textil<\/strong> umschlie\u00dft den Fu\u00df und bietet Komfort und Sicherheit, w\u00e4hrend die <strong data-start=\"844\" data-end=\"880\">rutschfesten Elemente an der Sohle<\/strong> f\u00fcr Grip und Halt auf Asphalt sorgen.<\/p>\n<p data-start=\"925\" data-end=\"1059\">Ein Alltagsschuh mit dem <strong data-start=\"951\" data-end=\"996\">Look und dem dynamischen Laufgef\u00fchl<\/strong> eines Rennschuhs, entwickelt f\u00fcr alle, die kontinuierlich und nat\u00fcrlich trainieren m\u00f6chten.<\/p>\n<\/td>\n<\/tr>\n<\/tbody>\n<\/table>\n<p>&nbsp;<\/p>\n","protected":false},"excerpt":{"rendered":"<ul>\n<li data-start=\"1122\" data-end=\"1203\">Entwickelt f\u00fcr den <strong data-start=\"1137\" data-end=\"1157\">t\u00e4glichen Lauf<\/strong> mit einem geschmeidigen und dynamischen Laufgef\u00fchl<\/li>\n<li data-start=\"1206\" data-end=\"1279\"><strong data-start=\"1206\" data-end=\"1225\">CloudTec Phase\u2122<\/strong> und <strong data-start=\"1228\" data-end=\"1247\">Helion\u2122-Schaumstoff<\/strong> f\u00fcr fl\u00fcssige und reaktionsfreudige Schritte<\/li>\n<li data-start=\"1282\" data-end=\"1343\"><strong data-start=\"1282\" data-end=\"1314\">Ausgepr\u00e4gte Rocker-Konstruktion<\/strong> f\u00fcr kraftvollere Absto\u00dfphase<\/li>\n<li data-start=\"1346\" data-end=\"1435\"><strong data-start=\"1346\" data-end=\"1393\">Leichtes, von Wettkampfschuhen inspiriertes Obermaterial<\/strong> mit rutschfester Sohle f\u00fcr Grip und Langlebigkeit<\/li>\n<\/ul>\n","protected":false},"featured_media":412287,"template":"","meta":{"_acf_changed":false,"inline_featured_image":false},"product_brand":[],"product_cat":[6507,6506],"product_tag":[39518,39524],"class_list":{"0":"post-397118","1":"product","2":"type-product","3":"status-publish","4":"has-post-thumbnail","6":"product_cat-herren-schuhe-de","7":"product_cat-neutrale-herren-schuhe-de","8":"product_tag-on","9":"product_tag-on-herren","10":"pa_attivita-gehen","11":"pa_attivita-lifestyle-de","12":"pa_attivita-running-de","13":"pa_colore-cloudsurfer-next-stone-marsh","14":"pa_marca-on","15":"pa_sesso-herren","16":"pa_size-41-de","17":"pa_size-42-de","18":"pa_size-44-5-de","19":"pa_size-45-de","20":"pa_size-46-de","22":"first","23":"instock","24":"sale","25":"taxable","26":"shipping-taxable","27":"purchasable","28":"product-type-variable","29":"wvs-archive-product-wrapper"},"acf":[],"yoast_head":"<!-- This site is optimized with the Yoast SEO plugin v26.8 - https:\/\/yoast.com\/product\/yoast-seo-wordpress\/ -->\n<title>On Cloudsurfer Next herren - Laufschuhe f\u00fcr Herren - MioMioRun<\/title>\n<meta name=\"description\" content=\"Laufschuh f\u00fcr das t\u00e4gliche Training mit CloudTec Phase\u2122 und Helion\u2122-Schaumstoff. Leicht, d\u00e4mpfend und reaktionsfreudig \u2013 sorgt f\u00fcr ein fl\u00fcssiges und dynamisches Laufgef\u00fchl.\" \/>\n<meta name=\"robots\" content=\"index, follow, max-snippet:-1, max-image-preview:large, max-video-preview:-1\" \/>\n<link rel=\"canonical\" href=\"https:\/\/www.miomiorun.com\/de\/produkt\/cloudsurfer-next-herren\/\" \/>\n<meta property=\"og:locale\" content=\"de_DE\" \/>\n<meta property=\"og:type\" content=\"article\" \/>\n<meta property=\"og:title\" content=\"On Cloudsurfer Next herren - Laufschuhe f\u00fcr Herren - MioMioRun\" \/>\n<meta property=\"og:description\" content=\"Laufschuh f\u00fcr das t\u00e4gliche Training mit CloudTec Phase\u2122 und Helion\u2122-Schaumstoff. Leicht, d\u00e4mpfend und reaktionsfreudig \u2013 sorgt f\u00fcr ein fl\u00fcssiges und dynamisches Laufgef\u00fchl.\" \/>\n<meta property=\"og:url\" content=\"https:\/\/www.miomiorun.com\/de\/produkt\/cloudsurfer-next-herren\/\" \/>\n<meta property=\"og:site_name\" content=\"MioMioRun\" \/>\n<meta property=\"article:publisher\" content=\"https:\/\/www.facebook.com\/miomiorun\/\" \/>\n<meta property=\"article:modified_time\" content=\"2026-05-09T10:36:37+00:00\" \/>\n<meta property=\"og:image\" content=\"https:\/\/www.miomiorun.com\/app\/uploads\/2026\/02\/on-Cloudsurfer-Next-stone-marsh-3ME30024720.webp\" \/>\n\t<meta property=\"og:image:width\" content=\"720\" \/>\n\t<meta property=\"og:image:height\" content=\"720\" \/>\n\t<meta property=\"og:image:type\" content=\"image\/webp\" \/>\n<meta name=\"twitter:card\" content=\"summary_large_image\" \/>\n<meta name=\"twitter:label1\" content=\"Est. reading time\" \/>\n\t<meta name=\"twitter:data1\" content=\"2 minutes\" \/>\n<script type=\"application\/ld+json\" class=\"yoast-schema-graph\">{\"@context\":\"https:\/\/schema.org\",\"@graph\":[{\"@type\":\"WebPage\",\"@id\":\"https:\/\/www.miomiorun.com\/de\/produkt\/cloudsurfer-next-herren\/\",\"url\":\"https:\/\/www.miomiorun.com\/de\/produkt\/cloudsurfer-next-herren\/\",\"name\":\"On Cloudsurfer Next herren - Laufschuhe f\u00fcr Herren - MioMioRun\",\"isPartOf\":{\"@id\":\"https:\/\/www.miomiorun.com\/de\/#website\"},\"primaryImageOfPage\":{\"@id\":\"https:\/\/www.miomiorun.com\/de\/produkt\/cloudsurfer-next-herren\/#primaryimage\"},\"image\":{\"@id\":\"https:\/\/www.miomiorun.com\/de\/produkt\/cloudsurfer-next-herren\/#primaryimage\"},\"thumbnailUrl\":\"https:\/\/www.miomiorun.com\/app\/uploads\/2026\/02\/on-Cloudsurfer-Next-stone-marsh-3ME30024720.webp\",\"datePublished\":\"2026-02-04T10:05:45+00:00\",\"dateModified\":\"2026-05-09T10:36:37+00:00\",\"description\":\"Laufschuh f\u00fcr das t\u00e4gliche Training mit CloudTec Phase\u2122 und Helion\u2122-Schaumstoff. Leicht, d\u00e4mpfend und reaktionsfreudig \u2013 sorgt f\u00fcr ein fl\u00fcssiges und dynamisches Laufgef\u00fchl.\",\"breadcrumb\":{\"@id\":\"https:\/\/www.miomiorun.com\/de\/produkt\/cloudsurfer-next-herren\/#breadcrumb\"},\"inLanguage\":\"de-DE\",\"potentialAction\":[{\"@type\":\"ReadAction\",\"target\":[\"https:\/\/www.miomiorun.com\/de\/produkt\/cloudsurfer-next-herren\/\"]}]},{\"@type\":\"ImageObject\",\"inLanguage\":\"de-DE\",\"@id\":\"https:\/\/www.miomiorun.com\/de\/produkt\/cloudsurfer-next-herren\/#primaryimage\",\"url\":\"https:\/\/www.miomiorun.com\/app\/uploads\/2026\/02\/on-Cloudsurfer-Next-stone-marsh-3ME30024720.webp\",\"contentUrl\":\"https:\/\/www.miomiorun.com\/app\/uploads\/2026\/02\/on-Cloudsurfer-Next-stone-marsh-3ME30024720.webp\",\"width\":720,\"height\":720,\"caption\":\"on Cloudsurfer Next stone marsh 3ME30024720\"},{\"@type\":\"BreadcrumbList\",\"@id\":\"https:\/\/www.miomiorun.com\/de\/produkt\/cloudsurfer-next-herren\/#breadcrumb\",\"itemListElement\":[{\"@type\":\"ListItem\",\"position\":1,\"name\":\"Home\",\"item\":\"https:\/\/www.miomiorun.com\/de\/\"},{\"@type\":\"ListItem\",\"position\":2,\"name\":\"Shop\",\"item\":\"https:\/\/www.miomiorun.com\/shop\/\"},{\"@type\":\"ListItem\",\"position\":3,\"name\":\"Cloudsurfer Next herren\"}]},{\"@type\":\"WebSite\",\"@id\":\"https:\/\/www.miomiorun.com\/de\/#website\",\"url\":\"https:\/\/www.miomiorun.com\/de\/\",\"name\":\"MioMioRun\",\"description\":\"100% Lauf- und Trailshop\",\"publisher\":{\"@id\":\"https:\/\/www.miomiorun.com\/de\/#organization\"},\"potentialAction\":[{\"@type\":\"SearchAction\",\"target\":{\"@type\":\"EntryPoint\",\"urlTemplate\":\"https:\/\/www.miomiorun.com\/de\/?s={search_term_string}\"},\"query-input\":{\"@type\":\"PropertyValueSpecification\",\"valueRequired\":true,\"valueName\":\"search_term_string\"}}],\"inLanguage\":\"de-DE\"},{\"@type\":\"Organization\",\"@id\":\"https:\/\/www.miomiorun.com\/de\/#organization\",\"name\":\"MioMio Run\",\"url\":\"https:\/\/www.miomiorun.com\/de\/\",\"logo\":{\"@type\":\"ImageObject\",\"inLanguage\":\"de-DE\",\"@id\":\"https:\/\/www.miomiorun.com\/de\/#\/schema\/logo\/image\/\",\"url\":\"https:\/\/www.miomiorun.com\/app\/uploads\/2019\/12\/logomio.png\",\"contentUrl\":\"https:\/\/www.miomiorun.com\/app\/uploads\/2019\/12\/logomio.png\",\"width\":115,\"height\":82,\"caption\":\"MioMio Run\"},\"image\":{\"@id\":\"https:\/\/www.miomiorun.com\/de\/#\/schema\/logo\/image\/\"},\"sameAs\":[\"https:\/\/www.facebook.com\/miomiorun\/\",\"https:\/\/www.instagram.com\/miomiorun\/\"]}]}<\/script>\n<!-- \/ Yoast SEO plugin. -->","yoast_head_json":{"title":"On Cloudsurfer Next herren - Laufschuhe f\u00fcr Herren - MioMioRun","description":"Laufschuh f\u00fcr das t\u00e4gliche Training mit CloudTec Phase\u2122 und Helion\u2122-Schaumstoff. Leicht, d\u00e4mpfend und reaktionsfreudig \u2013 sorgt f\u00fcr ein fl\u00fcssiges und dynamisches Laufgef\u00fchl.","robots":{"index":"index","follow":"follow","max-snippet":"max-snippet:-1","max-image-preview":"max-image-preview:large","max-video-preview":"max-video-preview:-1"},"canonical":"https:\/\/www.miomiorun.com\/de\/produkt\/cloudsurfer-next-herren\/","og_locale":"de_DE","og_type":"article","og_title":"On Cloudsurfer Next herren - Laufschuhe f\u00fcr Herren - MioMioRun","og_description":"Laufschuh f\u00fcr das t\u00e4gliche Training mit CloudTec Phase\u2122 und Helion\u2122-Schaumstoff. Leicht, d\u00e4mpfend und reaktionsfreudig \u2013 sorgt f\u00fcr ein fl\u00fcssiges und dynamisches Laufgef\u00fchl.","og_url":"https:\/\/www.miomiorun.com\/de\/produkt\/cloudsurfer-next-herren\/","og_site_name":"MioMioRun","article_publisher":"https:\/\/www.facebook.com\/miomiorun\/","article_modified_time":"2026-05-09T10:36:37+00:00","og_image":[{"width":720,"height":720,"url":"https:\/\/www.miomiorun.com\/app\/uploads\/2026\/02\/on-Cloudsurfer-Next-stone-marsh-3ME30024720.webp","type":"image\/webp"}],"twitter_card":"summary_large_image","twitter_misc":{"Est. reading time":"2 minutes"},"schema":{"@context":"https:\/\/schema.org","@graph":[{"@type":"WebPage","@id":"https:\/\/www.miomiorun.com\/de\/produkt\/cloudsurfer-next-herren\/","url":"https:\/\/www.miomiorun.com\/de\/produkt\/cloudsurfer-next-herren\/","name":"On Cloudsurfer Next herren - Laufschuhe f\u00fcr Herren - MioMioRun","isPartOf":{"@id":"https:\/\/www.miomiorun.com\/de\/#website"},"primaryImageOfPage":{"@id":"https:\/\/www.miomiorun.com\/de\/produkt\/cloudsurfer-next-herren\/#primaryimage"},"image":{"@id":"https:\/\/www.miomiorun.com\/de\/produkt\/cloudsurfer-next-herren\/#primaryimage"},"thumbnailUrl":"https:\/\/www.miomiorun.com\/app\/uploads\/2026\/02\/on-Cloudsurfer-Next-stone-marsh-3ME30024720.webp","datePublished":"2026-02-04T10:05:45+00:00","dateModified":"2026-05-09T10:36:37+00:00","description":"Laufschuh f\u00fcr das t\u00e4gliche Training mit CloudTec Phase\u2122 und Helion\u2122-Schaumstoff. Leicht, d\u00e4mpfend und reaktionsfreudig \u2013 sorgt f\u00fcr ein fl\u00fcssiges und dynamisches Laufgef\u00fchl.","breadcrumb":{"@id":"https:\/\/www.miomiorun.com\/de\/produkt\/cloudsurfer-next-herren\/#breadcrumb"},"inLanguage":"de-DE","potentialAction":[{"@type":"ReadAction","target":["https:\/\/www.miomiorun.com\/de\/produkt\/cloudsurfer-next-herren\/"]}]},{"@type":"ImageObject","inLanguage":"de-DE","@id":"https:\/\/www.miomiorun.com\/de\/produkt\/cloudsurfer-next-herren\/#primaryimage","url":"https:\/\/www.miomiorun.com\/app\/uploads\/2026\/02\/on-Cloudsurfer-Next-stone-marsh-3ME30024720.webp","contentUrl":"https:\/\/www.miomiorun.com\/app\/uploads\/2026\/02\/on-Cloudsurfer-Next-stone-marsh-3ME30024720.webp","width":720,"height":720,"caption":"on Cloudsurfer Next stone marsh 3ME30024720"},{"@type":"BreadcrumbList","@id":"https:\/\/www.miomiorun.com\/de\/produkt\/cloudsurfer-next-herren\/#breadcrumb","itemListElement":[{"@type":"ListItem","position":1,"name":"Home","item":"https:\/\/www.miomiorun.com\/de\/"},{"@type":"ListItem","position":2,"name":"Shop","item":"https:\/\/www.miomiorun.com\/shop\/"},{"@type":"ListItem","position":3,"name":"Cloudsurfer Next herren"}]},{"@type":"WebSite","@id":"https:\/\/www.miomiorun.com\/de\/#website","url":"https:\/\/www.miomiorun.com\/de\/","name":"MioMioRun","description":"100% Lauf- und Trailshop","publisher":{"@id":"https:\/\/www.miomiorun.com\/de\/#organization"},"potentialAction":[{"@type":"SearchAction","target":{"@type":"EntryPoint","urlTemplate":"https:\/\/www.miomiorun.com\/de\/?s={search_term_string}"},"query-input":{"@type":"PropertyValueSpecification","valueRequired":true,"valueName":"search_term_string"}}],"inLanguage":"de-DE"},{"@type":"Organization","@id":"https:\/\/www.miomiorun.com\/de\/#organization","name":"MioMio Run","url":"https:\/\/www.miomiorun.com\/de\/","logo":{"@type":"ImageObject","inLanguage":"de-DE","@id":"https:\/\/www.miomiorun.com\/de\/#\/schema\/logo\/image\/","url":"https:\/\/www.miomiorun.com\/app\/uploads\/2019\/12\/logomio.png","contentUrl":"https:\/\/www.miomiorun.com\/app\/uploads\/2019\/12\/logomio.png","width":115,"height":82,"caption":"MioMio Run"},"image":{"@id":"https:\/\/www.miomiorun.com\/de\/#\/schema\/logo\/image\/"},"sameAs":["https:\/\/www.facebook.com\/miomiorun\/","https:\/\/www.instagram.com\/miomiorun\/"]}]}},"_links":{"self":[{"href":"https:\/\/www.miomiorun.com\/de\/wp-json\/wp\/v2\/product\/397118","targetHints":{"allow":["GET"]}}],"collection":[{"href":"https:\/\/www.miomiorun.com\/de\/wp-json\/wp\/v2\/product"}],"about":[{"href":"https:\/\/www.miomiorun.com\/de\/wp-json\/wp\/v2\/types\/product"}],"wp:featuredmedia":[{"embeddable":true,"href":"https:\/\/www.miomiorun.com\/de\/wp-json\/wp\/v2\/media\/412287"}],"wp:attachment":[{"href":"https:\/\/www.miomiorun.com\/de\/wp-json\/wp\/v2\/media?parent=397118"}],"wp:term":[{"taxonomy":"product_brand","embeddable":true,"href":"https:\/\/www.miomiorun.com\/de\/wp-json\/wp\/v2\/product_brand?post=397118"},{"taxonomy":"product_cat","embeddable":true,"href":"https:\/\/www.miomiorun.com\/de\/wp-json\/wp\/v2\/product_cat?post=397118"},{"taxonomy":"product_tag","embeddable":true,"href":"https:\/\/www.miomiorun.com\/de\/wp-json\/wp\/v2\/product_tag?post=397118"}],"curies":[{"name":"wp","href":"https:\/\/api.w.org\/{rel}","templated":true}]}}