{"id":396646,"date":"2026-02-03T19:04:18","date_gmt":"2026-02-03T18:04:18","guid":{"rendered":"https:\/\/www.miomiorun.com\/?post_type=product&#038;p=396646"},"modified":"2026-04-16T18:40:55","modified_gmt":"2026-04-16T16:40:55","slug":"endorphin-azura-herren","status":"publish","type":"product","link":"https:\/\/www.miomiorun.com\/de\/produkt\/endorphin-azura-herren\/","title":{"rendered":"Endorphin Azura herren"},"content":{"rendered":"<table style=\"border-collapse: collapse;width: 100%\">\n<tbody>\n<tr>\n<td style=\"width: 33.3333%;vertical-align: top;text-align: center\">\n<h4>Technische Daten<\/h4>\n<p>Kategorie: Reaktive D\u00e4mpfung<br \/>\nOffset: 8 mm (40\/32 mm)<br \/>\nGewicht: 240 g<br \/>\nIdeal f\u00fcr: Ride ist der ideale Schuh f\u00fcr Sportler mit durchschnittlichem Gewicht und durchschnittlichem Laufstil, die eine hervorragende D\u00e4mpfung f\u00fcr Trainingseinheiten oder Wettk\u00e4mpfe \u00fcber mittlere bis lange Distanzen suchen. Er eignet sich auch hervorragend zum Wandern.<br \/>\nGewicht des Sportlers: 60-75 kg<br \/>\nLaufstil: 5 min\/kg<br \/>\n<a href=\"https:\/\/miomiorun.com\/guida-alle-specifiche-tecniche\/\">Leitfaden zu den technischen Daten<\/a><\/td>\n<td style=\"width: 66.6666%;vertical-align: top;text-align: center\">\n<p data-start=\"201\" data-end=\"435\">Der <strong data-start=\"216\" data-end=\"232\">Endorphin Azura<\/strong> wurde f\u00fcr den <strong data-start=\"234\" data-end=\"253\">Alltag<\/strong> entwickelt und ist ein schneller Laufschuh, der fortgeschrittene L\u00e4ufer beim t\u00e4glichen Training begleitet, ohne dabei an Reaktionsf\u00e4higkeit einzub\u00fc\u00dfen, wenn das Tempo steigt.<\/p>\n<p data-start=\"437\" data-end=\"757\">Die Zwischensohle aus <strong data-start=\"453\" data-end=\"474\">PWRRUN PB-Schaumstoff<\/strong> bietet eine weiche und fl\u00fcssige D\u00e4mpfung, die sich an das t\u00e4gliche Lauftraining anpasst, aber auch bei <strong data-start=\"604\" data-end=\"637\">Wiederholungsl\u00e4ufen und intensiveren Trainingseinheiten<\/strong> schnell reagiert. <br data-start=\"638\" data-end=\"641\">Die <strong data-start=\"655\" data-end=\"668\">SpeedRoll<\/strong>-Technologie sorgt f\u00fcr schnelle und gleichm\u00e4\u00dfige \u00dcberg\u00e4nge und macht den Laufschritt fl\u00fcssiger und effizienter.<\/p>\n<p data-start=\"759\" data-end=\"1050\">Die Sohle aus <strong data-start=\"771\" data-end=\"787\">XT-900-Gummi<\/strong> sorgt f\u00fcr Langlebigkeit und Traktion, w\u00e4hrend das <strong data-start=\"840\" data-end=\"862\">atmungsaktive Obermaterial<\/strong> auch bei anspruchsvollen Trainingseinheiten einen sicheren und anpassungsf\u00e4higen Sitz garantiert. Das <strong data-start=\"950\" data-end=\"973\">extrem leichte Design<\/strong> rundet einen Schuh ab, der f\u00fcr nat\u00fcrliches Laufen Tag f\u00fcr Tag konzipiert ist.\n<\/p>\n<\/p>\n<\/td>\n<\/tr>\n<\/tbody>\n<\/table>\n<p>&nbsp;<\/p>\n","protected":false},"excerpt":{"rendered":"<ul>\n<li data-start=\"1105\" data-end=\"1169\">Schaumstoff <strong data-start=\"1113\" data-end=\"1126\">PWRRUN PB<\/strong> f\u00fcr reaktive und fl\u00fcssige D\u00e4mpfung<\/li>\n<li data-start=\"1172\" data-end=\"1236\"><strong data-start=\"1183\" data-end=\"1196\">SpeedRoll<\/strong> Technologie f\u00fcr schnellere und fl\u00fcssigere \u00dcberg\u00e4nge<\/li>\n<li data-start=\"1239\" data-end=\"1304\">Geeignet f\u00fcr <strong data-start=\"1249\" data-end=\"1275\">t\u00e4gliches Training<\/strong> und <strong data-start=\"1290\" data-end=\"1302\">Wiederholungseinheiten<\/strong><\/li>\n<\/ul>\n","protected":false},"featured_media":399540,"template":"","meta":{"_acf_changed":false,"inline_featured_image":false},"product_brand":[],"product_cat":[6507,6506],"product_tag":[3391,6311],"class_list":{"0":"post-396646","1":"product","2":"type-product","3":"status-publish","4":"has-post-thumbnail","6":"product_cat-herren-schuhe-de","7":"product_cat-neutrale-herren-schuhe-de","8":"product_tag-saucony-de","9":"product_tag-saucony-herren-de","10":"pa_attivita-gehen","11":"pa_attivita-lifestyle-de","12":"pa_attivita-running-de","13":"pa_colore-endorphin-azura-citron-black","14":"pa_colore-endorphin-azura-cobalt-slime","15":"pa_colore-endorphin-azura-garden-black","16":"pa_colore-endorphin-azura-opulence-citron","17":"pa_colore-endorphin-azura-sage-laurel","18":"pa_colore-endorphin-azura-white-crimson","19":"pa_colore-endorphin-azura-white-navy","20":"pa_marca-saucony-de","21":"pa_sesso-herren","22":"pa_size-41-de","23":"pa_size-42-de","24":"pa_size-42-5-de","25":"pa_size-43-de","26":"pa_size-44-de","27":"pa_size-44-5-de","28":"pa_size-45-de","29":"pa_size-46-de","30":"pa_size-46-5-de","31":"pa_size-47-de","33":"first","34":"instock","35":"sale","36":"taxable","37":"shipping-taxable","38":"purchasable","39":"product-type-variable","40":"wvs-archive-product-wrapper"},"acf":[],"yoast_head":"<!-- This site is optimized with the Yoast SEO plugin v26.8 - https:\/\/yoast.com\/product\/yoast-seo-wordpress\/ -->\n<title>Saucony Endorphin Azura herren - Laufschuhe Herren - MioMioRun<\/title>\n<meta name=\"description\" content=\"Schneller Laufschuh f\u00fcr das t\u00e4gliche Training und Intervalll\u00e4ufe. PWRRUN PB-D\u00e4mpfung, SpeedRoll-Technologie und XT-900-Sohle f\u00fcr fl\u00fcssiges und reaktionsfreudiges Laufen.\" \/>\n<meta name=\"robots\" content=\"index, follow, max-snippet:-1, max-image-preview:large, max-video-preview:-1\" \/>\n<link rel=\"canonical\" href=\"https:\/\/www.miomiorun.com\/de\/produkt\/endorphin-azura-herren\/\" \/>\n<meta property=\"og:locale\" content=\"de_DE\" \/>\n<meta property=\"og:type\" content=\"article\" \/>\n<meta property=\"og:title\" content=\"Saucony Endorphin Azura herren - Laufschuhe Herren - MioMioRun\" \/>\n<meta property=\"og:description\" content=\"Schneller Laufschuh f\u00fcr das t\u00e4gliche Training und Intervalll\u00e4ufe. PWRRUN PB-D\u00e4mpfung, SpeedRoll-Technologie und XT-900-Sohle f\u00fcr fl\u00fcssiges und reaktionsfreudiges Laufen.\" \/>\n<meta property=\"og:url\" content=\"https:\/\/www.miomiorun.com\/de\/produkt\/endorphin-azura-herren\/\" \/>\n<meta property=\"og:site_name\" content=\"MioMioRun\" \/>\n<meta property=\"article:publisher\" content=\"https:\/\/www.facebook.com\/miomiorun\/\" \/>\n<meta property=\"article:modified_time\" content=\"2026-04-16T16:40:55+00:00\" \/>\n<meta property=\"og:image\" content=\"https:\/\/www.miomiorun.com\/app\/uploads\/2026\/02\/saucony-Endorphin-Azura-white-navy-S21070-124.webp\" \/>\n\t<meta property=\"og:image:width\" content=\"720\" \/>\n\t<meta property=\"og:image:height\" content=\"720\" \/>\n\t<meta property=\"og:image:type\" content=\"image\/webp\" \/>\n<meta name=\"twitter:card\" content=\"summary_large_image\" \/>\n<meta name=\"twitter:label1\" content=\"Est. reading time\" \/>\n\t<meta name=\"twitter:data1\" content=\"2 minutes\" \/>\n<script type=\"application\/ld+json\" class=\"yoast-schema-graph\">{\"@context\":\"https:\/\/schema.org\",\"@graph\":[{\"@type\":\"WebPage\",\"@id\":\"https:\/\/www.miomiorun.com\/de\/produkt\/endorphin-azura-herren\/\",\"url\":\"https:\/\/www.miomiorun.com\/de\/produkt\/endorphin-azura-herren\/\",\"name\":\"Saucony Endorphin Azura herren - Laufschuhe Herren - MioMioRun\",\"isPartOf\":{\"@id\":\"https:\/\/www.miomiorun.com\/de\/#website\"},\"primaryImageOfPage\":{\"@id\":\"https:\/\/www.miomiorun.com\/de\/produkt\/endorphin-azura-herren\/#primaryimage\"},\"image\":{\"@id\":\"https:\/\/www.miomiorun.com\/de\/produkt\/endorphin-azura-herren\/#primaryimage\"},\"thumbnailUrl\":\"https:\/\/www.miomiorun.com\/app\/uploads\/2026\/02\/saucony-Endorphin-Azura-white-navy-S21070-124.webp\",\"datePublished\":\"2026-02-03T18:04:18+00:00\",\"dateModified\":\"2026-04-16T16:40:55+00:00\",\"description\":\"Schneller Laufschuh f\u00fcr das t\u00e4gliche Training und Intervalll\u00e4ufe. PWRRUN PB-D\u00e4mpfung, SpeedRoll-Technologie und XT-900-Sohle f\u00fcr fl\u00fcssiges und reaktionsfreudiges Laufen.\",\"breadcrumb\":{\"@id\":\"https:\/\/www.miomiorun.com\/de\/produkt\/endorphin-azura-herren\/#breadcrumb\"},\"inLanguage\":\"de-DE\",\"potentialAction\":[{\"@type\":\"ReadAction\",\"target\":[\"https:\/\/www.miomiorun.com\/de\/produkt\/endorphin-azura-herren\/\"]}]},{\"@type\":\"ImageObject\",\"inLanguage\":\"de-DE\",\"@id\":\"https:\/\/www.miomiorun.com\/de\/produkt\/endorphin-azura-herren\/#primaryimage\",\"url\":\"https:\/\/www.miomiorun.com\/app\/uploads\/2026\/02\/saucony-Endorphin-Azura-white-navy-S21070-124.webp\",\"contentUrl\":\"https:\/\/www.miomiorun.com\/app\/uploads\/2026\/02\/saucony-Endorphin-Azura-white-navy-S21070-124.webp\",\"width\":720,\"height\":720,\"caption\":\"saucony Endorphin Azura white navy S21070-124\"},{\"@type\":\"BreadcrumbList\",\"@id\":\"https:\/\/www.miomiorun.com\/de\/produkt\/endorphin-azura-herren\/#breadcrumb\",\"itemListElement\":[{\"@type\":\"ListItem\",\"position\":1,\"name\":\"Home\",\"item\":\"https:\/\/www.miomiorun.com\/de\/\"},{\"@type\":\"ListItem\",\"position\":2,\"name\":\"Shop\",\"item\":\"https:\/\/www.miomiorun.com\/shop\/\"},{\"@type\":\"ListItem\",\"position\":3,\"name\":\"Endorphin Azura herren\"}]},{\"@type\":\"WebSite\",\"@id\":\"https:\/\/www.miomiorun.com\/de\/#website\",\"url\":\"https:\/\/www.miomiorun.com\/de\/\",\"name\":\"MioMioRun\",\"description\":\"100% Lauf- und Trailshop\",\"publisher\":{\"@id\":\"https:\/\/www.miomiorun.com\/de\/#organization\"},\"potentialAction\":[{\"@type\":\"SearchAction\",\"target\":{\"@type\":\"EntryPoint\",\"urlTemplate\":\"https:\/\/www.miomiorun.com\/de\/?s={search_term_string}\"},\"query-input\":{\"@type\":\"PropertyValueSpecification\",\"valueRequired\":true,\"valueName\":\"search_term_string\"}}],\"inLanguage\":\"de-DE\"},{\"@type\":\"Organization\",\"@id\":\"https:\/\/www.miomiorun.com\/de\/#organization\",\"name\":\"MioMio Run\",\"url\":\"https:\/\/www.miomiorun.com\/de\/\",\"logo\":{\"@type\":\"ImageObject\",\"inLanguage\":\"de-DE\",\"@id\":\"https:\/\/www.miomiorun.com\/de\/#\/schema\/logo\/image\/\",\"url\":\"https:\/\/www.miomiorun.com\/app\/uploads\/2019\/12\/logomio.png\",\"contentUrl\":\"https:\/\/www.miomiorun.com\/app\/uploads\/2019\/12\/logomio.png\",\"width\":115,\"height\":82,\"caption\":\"MioMio Run\"},\"image\":{\"@id\":\"https:\/\/www.miomiorun.com\/de\/#\/schema\/logo\/image\/\"},\"sameAs\":[\"https:\/\/www.facebook.com\/miomiorun\/\",\"https:\/\/www.instagram.com\/miomiorun\/\"]}]}<\/script>\n<!-- \/ Yoast SEO plugin. -->","yoast_head_json":{"title":"Saucony Endorphin Azura herren - Laufschuhe Herren - MioMioRun","description":"Schneller Laufschuh f\u00fcr das t\u00e4gliche Training und Intervalll\u00e4ufe. PWRRUN PB-D\u00e4mpfung, SpeedRoll-Technologie und XT-900-Sohle f\u00fcr fl\u00fcssiges und reaktionsfreudiges Laufen.","robots":{"index":"index","follow":"follow","max-snippet":"max-snippet:-1","max-image-preview":"max-image-preview:large","max-video-preview":"max-video-preview:-1"},"canonical":"https:\/\/www.miomiorun.com\/de\/produkt\/endorphin-azura-herren\/","og_locale":"de_DE","og_type":"article","og_title":"Saucony Endorphin Azura herren - Laufschuhe Herren - MioMioRun","og_description":"Schneller Laufschuh f\u00fcr das t\u00e4gliche Training und Intervalll\u00e4ufe. PWRRUN PB-D\u00e4mpfung, SpeedRoll-Technologie und XT-900-Sohle f\u00fcr fl\u00fcssiges und reaktionsfreudiges Laufen.","og_url":"https:\/\/www.miomiorun.com\/de\/produkt\/endorphin-azura-herren\/","og_site_name":"MioMioRun","article_publisher":"https:\/\/www.facebook.com\/miomiorun\/","article_modified_time":"2026-04-16T16:40:55+00:00","og_image":[{"width":720,"height":720,"url":"https:\/\/www.miomiorun.com\/app\/uploads\/2026\/02\/saucony-Endorphin-Azura-white-navy-S21070-124.webp","type":"image\/webp"}],"twitter_card":"summary_large_image","twitter_misc":{"Est. reading time":"2 minutes"},"schema":{"@context":"https:\/\/schema.org","@graph":[{"@type":"WebPage","@id":"https:\/\/www.miomiorun.com\/de\/produkt\/endorphin-azura-herren\/","url":"https:\/\/www.miomiorun.com\/de\/produkt\/endorphin-azura-herren\/","name":"Saucony Endorphin Azura herren - Laufschuhe Herren - MioMioRun","isPartOf":{"@id":"https:\/\/www.miomiorun.com\/de\/#website"},"primaryImageOfPage":{"@id":"https:\/\/www.miomiorun.com\/de\/produkt\/endorphin-azura-herren\/#primaryimage"},"image":{"@id":"https:\/\/www.miomiorun.com\/de\/produkt\/endorphin-azura-herren\/#primaryimage"},"thumbnailUrl":"https:\/\/www.miomiorun.com\/app\/uploads\/2026\/02\/saucony-Endorphin-Azura-white-navy-S21070-124.webp","datePublished":"2026-02-03T18:04:18+00:00","dateModified":"2026-04-16T16:40:55+00:00","description":"Schneller Laufschuh f\u00fcr das t\u00e4gliche Training und Intervalll\u00e4ufe. PWRRUN PB-D\u00e4mpfung, SpeedRoll-Technologie und XT-900-Sohle f\u00fcr fl\u00fcssiges und reaktionsfreudiges Laufen.","breadcrumb":{"@id":"https:\/\/www.miomiorun.com\/de\/produkt\/endorphin-azura-herren\/#breadcrumb"},"inLanguage":"de-DE","potentialAction":[{"@type":"ReadAction","target":["https:\/\/www.miomiorun.com\/de\/produkt\/endorphin-azura-herren\/"]}]},{"@type":"ImageObject","inLanguage":"de-DE","@id":"https:\/\/www.miomiorun.com\/de\/produkt\/endorphin-azura-herren\/#primaryimage","url":"https:\/\/www.miomiorun.com\/app\/uploads\/2026\/02\/saucony-Endorphin-Azura-white-navy-S21070-124.webp","contentUrl":"https:\/\/www.miomiorun.com\/app\/uploads\/2026\/02\/saucony-Endorphin-Azura-white-navy-S21070-124.webp","width":720,"height":720,"caption":"saucony Endorphin Azura white navy S21070-124"},{"@type":"BreadcrumbList","@id":"https:\/\/www.miomiorun.com\/de\/produkt\/endorphin-azura-herren\/#breadcrumb","itemListElement":[{"@type":"ListItem","position":1,"name":"Home","item":"https:\/\/www.miomiorun.com\/de\/"},{"@type":"ListItem","position":2,"name":"Shop","item":"https:\/\/www.miomiorun.com\/shop\/"},{"@type":"ListItem","position":3,"name":"Endorphin Azura herren"}]},{"@type":"WebSite","@id":"https:\/\/www.miomiorun.com\/de\/#website","url":"https:\/\/www.miomiorun.com\/de\/","name":"MioMioRun","description":"100% Lauf- und Trailshop","publisher":{"@id":"https:\/\/www.miomiorun.com\/de\/#organization"},"potentialAction":[{"@type":"SearchAction","target":{"@type":"EntryPoint","urlTemplate":"https:\/\/www.miomiorun.com\/de\/?s={search_term_string}"},"query-input":{"@type":"PropertyValueSpecification","valueRequired":true,"valueName":"search_term_string"}}],"inLanguage":"de-DE"},{"@type":"Organization","@id":"https:\/\/www.miomiorun.com\/de\/#organization","name":"MioMio Run","url":"https:\/\/www.miomiorun.com\/de\/","logo":{"@type":"ImageObject","inLanguage":"de-DE","@id":"https:\/\/www.miomiorun.com\/de\/#\/schema\/logo\/image\/","url":"https:\/\/www.miomiorun.com\/app\/uploads\/2019\/12\/logomio.png","contentUrl":"https:\/\/www.miomiorun.com\/app\/uploads\/2019\/12\/logomio.png","width":115,"height":82,"caption":"MioMio Run"},"image":{"@id":"https:\/\/www.miomiorun.com\/de\/#\/schema\/logo\/image\/"},"sameAs":["https:\/\/www.facebook.com\/miomiorun\/","https:\/\/www.instagram.com\/miomiorun\/"]}]}},"_links":{"self":[{"href":"https:\/\/www.miomiorun.com\/de\/wp-json\/wp\/v2\/product\/396646","targetHints":{"allow":["GET"]}}],"collection":[{"href":"https:\/\/www.miomiorun.com\/de\/wp-json\/wp\/v2\/product"}],"about":[{"href":"https:\/\/www.miomiorun.com\/de\/wp-json\/wp\/v2\/types\/product"}],"wp:featuredmedia":[{"embeddable":true,"href":"https:\/\/www.miomiorun.com\/de\/wp-json\/wp\/v2\/media\/399540"}],"wp:attachment":[{"href":"https:\/\/www.miomiorun.com\/de\/wp-json\/wp\/v2\/media?parent=396646"}],"wp:term":[{"taxonomy":"product_brand","embeddable":true,"href":"https:\/\/www.miomiorun.com\/de\/wp-json\/wp\/v2\/product_brand?post=396646"},{"taxonomy":"product_cat","embeddable":true,"href":"https:\/\/www.miomiorun.com\/de\/wp-json\/wp\/v2\/product_cat?post=396646"},{"taxonomy":"product_tag","embeddable":true,"href":"https:\/\/www.miomiorun.com\/de\/wp-json\/wp\/v2\/product_tag?post=396646"}],"curies":[{"name":"wp","href":"https:\/\/api.w.org\/{rel}","templated":true}]}}