{"id":395959,"date":"2026-02-03T16:14:37","date_gmt":"2026-02-03T15:14:37","guid":{"rendered":"https:\/\/www.miomiorun.com\/?post_type=product&#038;p=395959"},"modified":"2026-04-16T18:41:24","modified_gmt":"2026-04-16T16:41:24","slug":"experience-wild-3-damen","status":"publish","type":"product","link":"https:\/\/www.miomiorun.com\/de\/produkt\/experience-wild-3-damen\/","title":{"rendered":"Experience Wild 3+ damen"},"content":{"rendered":"<table style=\"border-collapse: collapse;width: 100%\">\n<tbody>\n<tr>\n<td style=\"width: 33.3333%;vertical-align: top\">\n<p style=\"text-align: center\"><strong>Technische Daten<\/strong><\/p>\n<p style=\"text-align: center\">Kategorie: moderate D\u00e4mpfung<br \/>\nStackh\u00f6he: 32 mm\/28 mm<\/p>\n<p style=\"text-align: center\">Offset: 4 mm<br \/>\nGewicht: 263,7 g<br \/>\nIdeal f\u00fcr: Trailrunner und Bergwanderer, die ein leichtes, gut ged\u00e4mpftes und sch\u00fctzendes Modell suchen, das auch auf langen Strecken h\u00f6chsten Komfort bietet.<br \/>\nGewicht des Sportlers: 50-70 kg<br \/>\nLaufgeschwindigkeit: mittel-schnell (4,30-6,00 min\/km)<br \/>\n<a href=\"https:\/\/miomiorun.com\/guida-alle-specifiche-tecniche\/\">Leitfaden zu den technischen Spezifikationen<\/a><\/p>\n<\/td>\n<td style=\"width: 66.6666%;vertical-align: top\">\n<p style=\"text-align: center\" data-start=\"154\" data-end=\"476\">Der <strong data-start=\"157\" data-end=\"179\">Experience Wild 3+<\/strong> wurde entwickelt, um dich auf Trails weiter voranzubringen, indem er <strong data-start=\"232\" data-end=\"278\">au\u00dfergew\u00f6hnlichen Grip, Leichtigkeit und Effizienz<\/strong> auf jedem Terrain kombiniert. Die <strong data-start=\"299\" data-end=\"348\">neue Vibram\u00ae Megagrip-Sohle mit Traction Lug<\/strong> und <strong data-start=\"351\" data-end=\"372\">integrierter Zehenkappe<\/strong> garantiert \u00fcberragenden Grip auf trockenem und nassem Untergrund und bietet Sicherheit auch in technisch anspruchsvollen Passagen.<\/p>\n<p style=\"text-align: center\" data-start=\"478\" data-end=\"921\">Die <strong data-start=\"480\" data-end=\"509\">Altra EGO\u2122 P35-Zwischensohle<\/strong> sorgt f\u00fcr ein <strong data-start=\"529\" data-end=\"554\">leichtes und effizientes<\/strong> Laufgef\u00fchl, w\u00e4hrend der <strong data-start=\"566\" data-end=\"603\">neu gestaltete Fersenkragen<\/strong> und die <strong data-start=\"609\" data-end=\"643\">aktualisierte Passformkonstruktion<\/strong> die Stabilit\u00e4t und den Komfort verbessern. Die <strong data-start=\"679\" data-end=\"696\">Altra-Passform<\/strong> bietet <strong data-start=\"706\" data-end=\"728\">Platz f\u00fcr die Zehen<\/strong> und einen <strong data-start=\"734\" data-end=\"754\">sicheren Mittelfu\u00df<\/strong> und f\u00f6rdert so eine nat\u00fcrliche Bewegung. Der <strong data-start=\"792\" data-end=\"808\">4-mm-Sprengung<\/strong> und die <strong data-start=\"814\" data-end=\"834\">Rocker-Geometrie<\/strong> sorgen f\u00fcr einen fl\u00fcssigen Abrollvorgang und einen effektiven Antrieb, ohne den Schritt zu beeintr\u00e4chtigen.<\/p>\n<p style=\"text-align: center\" data-start=\"923\" data-end=\"1211\">Er wurde f\u00fcr den Offroad-Einsatz entwickelt und verf\u00fcgt \u00fcber <strong data-start=\"958\" data-end=\"973\">GAITERTRAP\u2122<\/strong>, um Gamaschen einfach zu befestigen und das Eindringen von Schmutz zu verhindern. Das <strong data-start=\"1047\" data-end=\"1086\">neu gestaltete Obermaterial aus mehrlagigem Mesh<\/strong> erh\u00f6ht den Komfort und die Strapazierf\u00e4higkeit und macht den Wild 3+ zu einem zuverl\u00e4ssigen Begleiter f\u00fcr schnelle Ausfl\u00fcge oder lange Abenteuer auf den Trails.\n<\/p>\n<\/p>\n<\/td>\n<\/tr>\n<\/tbody>\n<\/table>\n<p>&nbsp;<\/p>\n","protected":false},"excerpt":{"rendered":"<ul>\n<li data-start=\"1444\" data-end=\"1526\">Sohle <strong data-start=\"1450\" data-end=\"1470\">Vibram\u00ae Megagrip<\/strong> mit Traction Lug und integrierter Zehenkappe f\u00fcr maximalen Grip<\/li>\n<li data-start=\"1529\" data-end=\"1617\">Leichte und effiziente Zwischensohle <strong data-start=\"1540\" data-end=\"1558\">Altra EGO\u2122 P35<\/strong>, <strong data-start=\"1582\" data-end=\"1595\">4 mm Sprengung<\/strong> und fl\u00fcssiger <strong data-start=\"1598\" data-end=\"1608\">Rocker<\/strong><\/li>\n<li data-start=\"1620\" data-end=\"1716\"><strong data-start=\"1620\" data-end=\"1637\">Altra-Passform<\/strong>, integriertes <strong data-start=\"1639\" data-end=\"1654\">GAITERTRAP\u2122<\/strong> und mehrlagiges Mesh-Obermaterial f\u00fcr Komfort und Stabilit\u00e4t<\/li>\n<\/ul>\n","protected":false},"featured_media":405378,"template":"","meta":{"_acf_changed":false,"inline_featured_image":false},"product_brand":[],"product_cat":[6474,6491],"product_tag":[13805,13807],"class_list":{"0":"post-395959","1":"product","2":"type-product","3":"status-publish","4":"has-post-thumbnail","6":"product_cat-damenschuhe","7":"product_cat-damentrailschuhe","8":"product_tag-altra-de","9":"product_tag-altra-damen","10":"pa_attivita-gehen","11":"pa_attivita-running-de","12":"pa_attivita-trail-de","13":"pa_colore-experience-wild-3-w-gray","14":"pa_colore-experience-wild-3-w-magenta","15":"pa_marca-altra-de","16":"pa_sesso-damen","17":"pa_size-38-de","18":"pa_size-38-5-de","19":"pa_size-39-de","20":"pa_size-40-de","21":"pa_size-40-5-de","22":"pa_size-41-de","24":"first","25":"instock","26":"sale","27":"taxable","28":"shipping-taxable","29":"purchasable","30":"product-type-variable","31":"wvs-archive-product-wrapper"},"acf":[],"yoast_head":"<!-- This site is optimized with the Yoast SEO plugin v26.8 - https:\/\/yoast.com\/product\/yoast-seo-wordpress\/ -->\n<title>Altra Experience Wild 3+ damen - Trailschuhe - MioMioRun.com<\/title>\n<meta name=\"description\" content=\"Experience Wild 3+: Trail-Laufschuh mit Vibram\u00ae Megagrip Traction Lug-Sohle, Altra EGO\u2122 P35-Zwischensohle, 4 mm Sprengung und GaiterTrap\u2122. Leicht, reaktionsfreudig und mit unglaublicher Griffigkeit.\" \/>\n<meta name=\"robots\" content=\"index, follow, max-snippet:-1, max-image-preview:large, max-video-preview:-1\" \/>\n<link rel=\"canonical\" href=\"https:\/\/www.miomiorun.com\/de\/produkt\/experience-wild-3-damen\/\" \/>\n<meta property=\"og:locale\" content=\"de_DE\" \/>\n<meta property=\"og:type\" content=\"article\" \/>\n<meta property=\"og:title\" content=\"Altra Experience Wild 3+ damen - Trailschuhe - MioMioRun.com\" \/>\n<meta property=\"og:description\" content=\"Experience Wild 3+: Trail-Laufschuh mit Vibram\u00ae Megagrip Traction Lug-Sohle, Altra EGO\u2122 P35-Zwischensohle, 4 mm Sprengung und GaiterTrap\u2122. Leicht, reaktionsfreudig und mit unglaublicher Griffigkeit.\" \/>\n<meta property=\"og:url\" content=\"https:\/\/www.miomiorun.com\/de\/produkt\/experience-wild-3-damen\/\" \/>\n<meta property=\"og:site_name\" content=\"MioMioRun\" \/>\n<meta property=\"article:publisher\" content=\"https:\/\/www.facebook.com\/miomiorun\/\" \/>\n<meta property=\"article:modified_time\" content=\"2026-04-16T16:41:24+00:00\" \/>\n<meta property=\"og:image\" content=\"https:\/\/www.miomiorun.com\/app\/uploads\/2026\/02\/Altra-Experience-Wild-3-W-magenta-AL0A85UZ6651.webp\" \/>\n\t<meta property=\"og:image:width\" content=\"720\" \/>\n\t<meta property=\"og:image:height\" content=\"720\" \/>\n\t<meta property=\"og:image:type\" content=\"image\/webp\" \/>\n<meta name=\"twitter:card\" content=\"summary_large_image\" \/>\n<meta name=\"twitter:label1\" content=\"Est. reading time\" \/>\n\t<meta name=\"twitter:data1\" content=\"1 minute\" \/>\n<script type=\"application\/ld+json\" class=\"yoast-schema-graph\">{\"@context\":\"https:\/\/schema.org\",\"@graph\":[{\"@type\":\"WebPage\",\"@id\":\"https:\/\/www.miomiorun.com\/de\/produkt\/experience-wild-3-damen\/\",\"url\":\"https:\/\/www.miomiorun.com\/de\/produkt\/experience-wild-3-damen\/\",\"name\":\"Altra Experience Wild 3+ damen - Trailschuhe - MioMioRun.com\",\"isPartOf\":{\"@id\":\"https:\/\/www.miomiorun.com\/de\/#website\"},\"primaryImageOfPage\":{\"@id\":\"https:\/\/www.miomiorun.com\/de\/produkt\/experience-wild-3-damen\/#primaryimage\"},\"image\":{\"@id\":\"https:\/\/www.miomiorun.com\/de\/produkt\/experience-wild-3-damen\/#primaryimage\"},\"thumbnailUrl\":\"https:\/\/www.miomiorun.com\/app\/uploads\/2026\/02\/Altra-Experience-Wild-3-W-magenta-AL0A85UZ6651.webp\",\"datePublished\":\"2026-02-03T15:14:37+00:00\",\"dateModified\":\"2026-04-16T16:41:24+00:00\",\"description\":\"Experience Wild 3+: Trail-Laufschuh mit Vibram\u00ae Megagrip Traction Lug-Sohle, Altra EGO\u2122 P35-Zwischensohle, 4 mm Sprengung und GaiterTrap\u2122. Leicht, reaktionsfreudig und mit unglaublicher Griffigkeit.\",\"breadcrumb\":{\"@id\":\"https:\/\/www.miomiorun.com\/de\/produkt\/experience-wild-3-damen\/#breadcrumb\"},\"inLanguage\":\"de-DE\",\"potentialAction\":[{\"@type\":\"ReadAction\",\"target\":[\"https:\/\/www.miomiorun.com\/de\/produkt\/experience-wild-3-damen\/\"]}]},{\"@type\":\"ImageObject\",\"inLanguage\":\"de-DE\",\"@id\":\"https:\/\/www.miomiorun.com\/de\/produkt\/experience-wild-3-damen\/#primaryimage\",\"url\":\"https:\/\/www.miomiorun.com\/app\/uploads\/2026\/02\/Altra-Experience-Wild-3-W-magenta-AL0A85UZ6651.webp\",\"contentUrl\":\"https:\/\/www.miomiorun.com\/app\/uploads\/2026\/02\/Altra-Experience-Wild-3-W-magenta-AL0A85UZ6651.webp\",\"width\":720,\"height\":720,\"caption\":\"Altra Experience Wild 3+ W magenta AL0A85UZ6651\"},{\"@type\":\"BreadcrumbList\",\"@id\":\"https:\/\/www.miomiorun.com\/de\/produkt\/experience-wild-3-damen\/#breadcrumb\",\"itemListElement\":[{\"@type\":\"ListItem\",\"position\":1,\"name\":\"Home\",\"item\":\"https:\/\/www.miomiorun.com\/de\/\"},{\"@type\":\"ListItem\",\"position\":2,\"name\":\"Shop\",\"item\":\"https:\/\/www.miomiorun.com\/shop\/\"},{\"@type\":\"ListItem\",\"position\":3,\"name\":\"Experience Wild 3+ damen\"}]},{\"@type\":\"WebSite\",\"@id\":\"https:\/\/www.miomiorun.com\/de\/#website\",\"url\":\"https:\/\/www.miomiorun.com\/de\/\",\"name\":\"MioMioRun\",\"description\":\"100% Lauf- und Trailshop\",\"publisher\":{\"@id\":\"https:\/\/www.miomiorun.com\/de\/#organization\"},\"potentialAction\":[{\"@type\":\"SearchAction\",\"target\":{\"@type\":\"EntryPoint\",\"urlTemplate\":\"https:\/\/www.miomiorun.com\/de\/?s={search_term_string}\"},\"query-input\":{\"@type\":\"PropertyValueSpecification\",\"valueRequired\":true,\"valueName\":\"search_term_string\"}}],\"inLanguage\":\"de-DE\"},{\"@type\":\"Organization\",\"@id\":\"https:\/\/www.miomiorun.com\/de\/#organization\",\"name\":\"MioMio Run\",\"url\":\"https:\/\/www.miomiorun.com\/de\/\",\"logo\":{\"@type\":\"ImageObject\",\"inLanguage\":\"de-DE\",\"@id\":\"https:\/\/www.miomiorun.com\/de\/#\/schema\/logo\/image\/\",\"url\":\"https:\/\/www.miomiorun.com\/app\/uploads\/2019\/12\/logomio.png\",\"contentUrl\":\"https:\/\/www.miomiorun.com\/app\/uploads\/2019\/12\/logomio.png\",\"width\":115,\"height\":82,\"caption\":\"MioMio Run\"},\"image\":{\"@id\":\"https:\/\/www.miomiorun.com\/de\/#\/schema\/logo\/image\/\"},\"sameAs\":[\"https:\/\/www.facebook.com\/miomiorun\/\",\"https:\/\/www.instagram.com\/miomiorun\/\"]}]}<\/script>\n<!-- \/ Yoast SEO plugin. -->","yoast_head_json":{"title":"Altra Experience Wild 3+ damen - Trailschuhe - MioMioRun.com","description":"Experience Wild 3+: Trail-Laufschuh mit Vibram\u00ae Megagrip Traction Lug-Sohle, Altra EGO\u2122 P35-Zwischensohle, 4 mm Sprengung und GaiterTrap\u2122. Leicht, reaktionsfreudig und mit unglaublicher Griffigkeit.","robots":{"index":"index","follow":"follow","max-snippet":"max-snippet:-1","max-image-preview":"max-image-preview:large","max-video-preview":"max-video-preview:-1"},"canonical":"https:\/\/www.miomiorun.com\/de\/produkt\/experience-wild-3-damen\/","og_locale":"de_DE","og_type":"article","og_title":"Altra Experience Wild 3+ damen - Trailschuhe - MioMioRun.com","og_description":"Experience Wild 3+: Trail-Laufschuh mit Vibram\u00ae Megagrip Traction Lug-Sohle, Altra EGO\u2122 P35-Zwischensohle, 4 mm Sprengung und GaiterTrap\u2122. Leicht, reaktionsfreudig und mit unglaublicher Griffigkeit.","og_url":"https:\/\/www.miomiorun.com\/de\/produkt\/experience-wild-3-damen\/","og_site_name":"MioMioRun","article_publisher":"https:\/\/www.facebook.com\/miomiorun\/","article_modified_time":"2026-04-16T16:41:24+00:00","og_image":[{"width":720,"height":720,"url":"https:\/\/www.miomiorun.com\/app\/uploads\/2026\/02\/Altra-Experience-Wild-3-W-magenta-AL0A85UZ6651.webp","type":"image\/webp"}],"twitter_card":"summary_large_image","twitter_misc":{"Est. reading time":"1 minute"},"schema":{"@context":"https:\/\/schema.org","@graph":[{"@type":"WebPage","@id":"https:\/\/www.miomiorun.com\/de\/produkt\/experience-wild-3-damen\/","url":"https:\/\/www.miomiorun.com\/de\/produkt\/experience-wild-3-damen\/","name":"Altra Experience Wild 3+ damen - Trailschuhe - MioMioRun.com","isPartOf":{"@id":"https:\/\/www.miomiorun.com\/de\/#website"},"primaryImageOfPage":{"@id":"https:\/\/www.miomiorun.com\/de\/produkt\/experience-wild-3-damen\/#primaryimage"},"image":{"@id":"https:\/\/www.miomiorun.com\/de\/produkt\/experience-wild-3-damen\/#primaryimage"},"thumbnailUrl":"https:\/\/www.miomiorun.com\/app\/uploads\/2026\/02\/Altra-Experience-Wild-3-W-magenta-AL0A85UZ6651.webp","datePublished":"2026-02-03T15:14:37+00:00","dateModified":"2026-04-16T16:41:24+00:00","description":"Experience Wild 3+: Trail-Laufschuh mit Vibram\u00ae Megagrip Traction Lug-Sohle, Altra EGO\u2122 P35-Zwischensohle, 4 mm Sprengung und GaiterTrap\u2122. Leicht, reaktionsfreudig und mit unglaublicher Griffigkeit.","breadcrumb":{"@id":"https:\/\/www.miomiorun.com\/de\/produkt\/experience-wild-3-damen\/#breadcrumb"},"inLanguage":"de-DE","potentialAction":[{"@type":"ReadAction","target":["https:\/\/www.miomiorun.com\/de\/produkt\/experience-wild-3-damen\/"]}]},{"@type":"ImageObject","inLanguage":"de-DE","@id":"https:\/\/www.miomiorun.com\/de\/produkt\/experience-wild-3-damen\/#primaryimage","url":"https:\/\/www.miomiorun.com\/app\/uploads\/2026\/02\/Altra-Experience-Wild-3-W-magenta-AL0A85UZ6651.webp","contentUrl":"https:\/\/www.miomiorun.com\/app\/uploads\/2026\/02\/Altra-Experience-Wild-3-W-magenta-AL0A85UZ6651.webp","width":720,"height":720,"caption":"Altra Experience Wild 3+ W magenta AL0A85UZ6651"},{"@type":"BreadcrumbList","@id":"https:\/\/www.miomiorun.com\/de\/produkt\/experience-wild-3-damen\/#breadcrumb","itemListElement":[{"@type":"ListItem","position":1,"name":"Home","item":"https:\/\/www.miomiorun.com\/de\/"},{"@type":"ListItem","position":2,"name":"Shop","item":"https:\/\/www.miomiorun.com\/shop\/"},{"@type":"ListItem","position":3,"name":"Experience Wild 3+ damen"}]},{"@type":"WebSite","@id":"https:\/\/www.miomiorun.com\/de\/#website","url":"https:\/\/www.miomiorun.com\/de\/","name":"MioMioRun","description":"100% Lauf- und Trailshop","publisher":{"@id":"https:\/\/www.miomiorun.com\/de\/#organization"},"potentialAction":[{"@type":"SearchAction","target":{"@type":"EntryPoint","urlTemplate":"https:\/\/www.miomiorun.com\/de\/?s={search_term_string}"},"query-input":{"@type":"PropertyValueSpecification","valueRequired":true,"valueName":"search_term_string"}}],"inLanguage":"de-DE"},{"@type":"Organization","@id":"https:\/\/www.miomiorun.com\/de\/#organization","name":"MioMio Run","url":"https:\/\/www.miomiorun.com\/de\/","logo":{"@type":"ImageObject","inLanguage":"de-DE","@id":"https:\/\/www.miomiorun.com\/de\/#\/schema\/logo\/image\/","url":"https:\/\/www.miomiorun.com\/app\/uploads\/2019\/12\/logomio.png","contentUrl":"https:\/\/www.miomiorun.com\/app\/uploads\/2019\/12\/logomio.png","width":115,"height":82,"caption":"MioMio Run"},"image":{"@id":"https:\/\/www.miomiorun.com\/de\/#\/schema\/logo\/image\/"},"sameAs":["https:\/\/www.facebook.com\/miomiorun\/","https:\/\/www.instagram.com\/miomiorun\/"]}]}},"_links":{"self":[{"href":"https:\/\/www.miomiorun.com\/de\/wp-json\/wp\/v2\/product\/395959","targetHints":{"allow":["GET"]}}],"collection":[{"href":"https:\/\/www.miomiorun.com\/de\/wp-json\/wp\/v2\/product"}],"about":[{"href":"https:\/\/www.miomiorun.com\/de\/wp-json\/wp\/v2\/types\/product"}],"wp:featuredmedia":[{"embeddable":true,"href":"https:\/\/www.miomiorun.com\/de\/wp-json\/wp\/v2\/media\/405378"}],"wp:attachment":[{"href":"https:\/\/www.miomiorun.com\/de\/wp-json\/wp\/v2\/media?parent=395959"}],"wp:term":[{"taxonomy":"product_brand","embeddable":true,"href":"https:\/\/www.miomiorun.com\/de\/wp-json\/wp\/v2\/product_brand?post=395959"},{"taxonomy":"product_cat","embeddable":true,"href":"https:\/\/www.miomiorun.com\/de\/wp-json\/wp\/v2\/product_cat?post=395959"},{"taxonomy":"product_tag","embeddable":true,"href":"https:\/\/www.miomiorun.com\/de\/wp-json\/wp\/v2\/product_tag?post=395959"}],"curies":[{"name":"wp","href":"https:\/\/api.w.org\/{rel}","templated":true}]}}