{"id":395792,"date":"2026-02-03T15:53:00","date_gmt":"2026-02-03T14:53:00","guid":{"rendered":"https:\/\/www.miomiorun.com\/?post_type=product&#038;p=395792"},"modified":"2026-04-16T18:42:01","modified_gmt":"2026-04-16T16:42:01","slug":"experience-flow-3-herren","status":"publish","type":"product","link":"https:\/\/www.miomiorun.com\/de\/produkt\/experience-flow-3-herren\/","title":{"rendered":"Experience Flow 3 herren"},"content":{"rendered":"<table style=\"border-collapse: collapse;width: 100%\">\n<tbody>\n<tr>\n<td style=\"width: 33.3333%;vertical-align: top;text-align: center\"><strong>Technische Daten<\/strong><\/p>\n<p>Kategorie: moderate D\u00e4mpfung<br \/>\nSohlenh\u00f6he: 32 mm\/28 mm<br \/>\nOffset: 4 mm<br \/>\nGewicht: 255 g<br \/>\nIdeal f\u00fcr: L\u00e4ufer, die gerne auf der Stra\u00dfe laufen und einen Schuh mit moderater D\u00e4mpfung f\u00fcr ein noch agileres und effektiveres Laufen suchen, ideal f\u00fcr lange und mittlere Distanzen.<br \/>\nGewicht des Athleten: 50-70 kg<br \/>\nLaufschritt: mittel (4,50 min\/km)<br \/>\n<a href=\"https:\/\/miomiorun.com\/guida-alle-specifiche-tecniche\/\">Leitfaden zu den technischen Spezifikationen<\/a><\/td>\n<td style=\"width: 66.6666%;vertical-align: top;text-align: center\">\n<p data-start=\"153\" data-end=\"486\">Der <strong data-start=\"156\" data-end=\"177\">Experience Flow 3<\/strong> wurde entwickelt, um jeden Lauf auf der Stra\u00dfe <strong data-start=\"222\" data-end=\"247\">fl\u00fcssiger und nat\u00fcrlicher<\/strong> zu machen und dich mit Leichtigkeit und Effizienz bei deinem t\u00e4glichen Training zu begleiten. Die Zwischensohle aus <strong data-start=\"340\" data-end=\"366\">Altra EGO\u2122 P35-Schaumstoff<\/strong> bietet ein ideales Gleichgewicht zwischen D\u00e4mpfung und Reaktionsf\u00e4higkeit und hilft Ihnen, Schritt f\u00fcr Schritt einen fl\u00fcssigen Rhythmus beizubehalten.<\/p>\n<p data-start=\"488\" data-end=\"769\">Die <strong data-start=\"491\" data-end=\"508\">Altra-Passform<\/strong> sorgt f\u00fcr Platz f\u00fcr die Zehen und einen <strong data-start=\"540\" data-end=\"560\">sicheren Mittelfu\u00df<\/strong> und f\u00f6rdert so eine nat\u00fcrliche Bewegung des Fu\u00dfes. Der <strong data-start=\"608\" data-end=\"624\">4-mm-Drop<\/strong> und die <strong data-start=\"630\" data-end=\"650\">Rocker-Geometrie<\/strong> sorgen gemeinsam f\u00fcr eine nat\u00fcrlichere K\u00f6rperhaltung und einen <strong data-start=\"728\" data-end=\"749\">effizienten Antrieb<\/strong> beim Abrollen.<\/p>\n<p data-start=\"771\" data-end=\"1058\">Das <strong data-start=\"774\" data-end=\"811\">\u00fcberarbeitete Obermaterial aus technischem Mesh<\/strong> verbessert die Atmungsaktivit\u00e4t, w\u00e4hrend der <strong data-start=\"850\" data-end=\"887\">neu gestaltete Fersenkragen<\/strong> f\u00fcr mehr Komfort und Stabilit\u00e4t sorgt. Schn\u00fcr deine Schuhe, mach deinen Kopf frei und <strong data-start=\"961\" data-end=\"980\">Stay Out There\u2122<\/strong>: Der Experience Flow 3 ist bereit, Kilometer f\u00fcr Kilometer mit dir zu laufen.\n<\/p>\n<\/p>\n<\/td>\n<\/tr>\n<\/tbody>\n<\/table>\n<p>&nbsp;<\/p>\n","protected":false},"excerpt":{"rendered":"<ul>\n<li data-start=\"1307\" data-end=\"1367\">Zwischensohle <strong data-start=\"1318\" data-end=\"1336\">Altra EGO\u2122 P35<\/strong> f\u00fcr Leichtigkeit und Effizienz<\/li>\n<li data-start=\"1370\" data-end=\"1442\"><strong data-start=\"1370\" data-end=\"1383\">4 mm Sprengung<\/strong> und <strong data-start=\"1386\" data-end=\"1406\">Rocker-Geometrie<\/strong> f\u00fcr einen nat\u00fcrlichen und fl\u00fcssigen Abrollvorgang<\/li>\n<li data-start=\"1445\" data-end=\"1524\"><strong data-start=\"1445\" data-end=\"1462\">Altra-Passform<\/strong> mit aktualisiertem technischem Mesh und neu gestaltetem Fersenkragen<\/li>\n<\/ul>\n","protected":false},"featured_media":404991,"template":"","meta":{"_acf_changed":false,"inline_featured_image":false},"product_brand":[],"product_cat":[6507,6506],"product_tag":[13805,17997],"class_list":{"0":"post-395792","1":"product","2":"type-product","3":"status-publish","4":"has-post-thumbnail","6":"product_cat-herren-schuhe-de","7":"product_cat-neutrale-herren-schuhe-de","8":"product_tag-altra-de","9":"product_tag-altra-herren-de","10":"pa_attivita-gehen","11":"pa_attivita-running-de","12":"pa_colore-experience-flow-3-blue-gray","13":"pa_colore-experience-flow-3-white-lime","14":"pa_marca-altra-de","15":"pa_sesso-herren","16":"pa_size-41-de","17":"pa_size-42-de","18":"pa_size-42-5-de","19":"pa_size-43-de","20":"pa_size-44-de","21":"pa_size-44-5-de","22":"pa_size-45-de","23":"pa_size-46-de","24":"pa_size-46-5-de","26":"first","27":"instock","28":"sale","29":"taxable","30":"shipping-taxable","31":"purchasable","32":"product-type-variable","33":"wvs-archive-product-wrapper"},"acf":[],"yoast_head":"<!-- This site is optimized with the Yoast SEO plugin v26.8 - https:\/\/yoast.com\/product\/yoast-seo-wordpress\/ -->\n<title>Altra Experience Flow 3 herren -Laufschuhe - MioMioRun.com<\/title>\n<meta name=\"description\" content=\"Experience Flow 3: Stra\u00dfenlaufschuh mit Altra EGO\u2122 P35-Zwischensohle und Rocker-Geometrie. Altra-Passform, atmungsaktives Mesh und fl\u00fcssiger Komfort.\" \/>\n<meta name=\"robots\" content=\"index, follow, max-snippet:-1, max-image-preview:large, max-video-preview:-1\" \/>\n<link rel=\"canonical\" href=\"https:\/\/www.miomiorun.com\/de\/produkt\/experience-flow-3-herren\/\" \/>\n<meta property=\"og:locale\" content=\"de_DE\" \/>\n<meta property=\"og:type\" content=\"article\" \/>\n<meta property=\"og:title\" content=\"Altra Experience Flow 3 herren -Laufschuhe - MioMioRun.com\" \/>\n<meta property=\"og:description\" content=\"Experience Flow 3: Stra\u00dfenlaufschuh mit Altra EGO\u2122 P35-Zwischensohle und Rocker-Geometrie. Altra-Passform, atmungsaktives Mesh und fl\u00fcssiger Komfort.\" \/>\n<meta property=\"og:url\" content=\"https:\/\/www.miomiorun.com\/de\/produkt\/experience-flow-3-herren\/\" \/>\n<meta property=\"og:site_name\" content=\"MioMioRun\" \/>\n<meta property=\"article:publisher\" content=\"https:\/\/www.facebook.com\/miomiorun\/\" \/>\n<meta property=\"article:modified_time\" content=\"2026-04-16T16:42:01+00:00\" \/>\n<meta property=\"og:image\" content=\"https:\/\/www.miomiorun.com\/app\/uploads\/2026\/02\/Altra-Experience-Flow-3-white-AL0A85SS1021.webp\" \/>\n\t<meta property=\"og:image:width\" content=\"720\" \/>\n\t<meta property=\"og:image:height\" content=\"720\" \/>\n\t<meta property=\"og:image:type\" content=\"image\/webp\" \/>\n<meta name=\"twitter:card\" content=\"summary_large_image\" \/>\n<meta name=\"twitter:label1\" content=\"Est. reading time\" \/>\n\t<meta name=\"twitter:data1\" content=\"1 minute\" \/>\n<script type=\"application\/ld+json\" class=\"yoast-schema-graph\">{\"@context\":\"https:\/\/schema.org\",\"@graph\":[{\"@type\":\"WebPage\",\"@id\":\"https:\/\/www.miomiorun.com\/de\/produkt\/experience-flow-3-herren\/\",\"url\":\"https:\/\/www.miomiorun.com\/de\/produkt\/experience-flow-3-herren\/\",\"name\":\"Altra Experience Flow 3 herren -Laufschuhe - MioMioRun.com\",\"isPartOf\":{\"@id\":\"https:\/\/www.miomiorun.com\/de\/#website\"},\"primaryImageOfPage\":{\"@id\":\"https:\/\/www.miomiorun.com\/de\/produkt\/experience-flow-3-herren\/#primaryimage\"},\"image\":{\"@id\":\"https:\/\/www.miomiorun.com\/de\/produkt\/experience-flow-3-herren\/#primaryimage\"},\"thumbnailUrl\":\"https:\/\/www.miomiorun.com\/app\/uploads\/2026\/02\/Altra-Experience-Flow-3-white-AL0A85SS1021.webp\",\"datePublished\":\"2026-02-03T14:53:00+00:00\",\"dateModified\":\"2026-04-16T16:42:01+00:00\",\"description\":\"Experience Flow 3: Stra\u00dfenlaufschuh mit Altra EGO\u2122 P35-Zwischensohle und Rocker-Geometrie. Altra-Passform, atmungsaktives Mesh und fl\u00fcssiger Komfort.\",\"breadcrumb\":{\"@id\":\"https:\/\/www.miomiorun.com\/de\/produkt\/experience-flow-3-herren\/#breadcrumb\"},\"inLanguage\":\"de-DE\",\"potentialAction\":[{\"@type\":\"ReadAction\",\"target\":[\"https:\/\/www.miomiorun.com\/de\/produkt\/experience-flow-3-herren\/\"]}]},{\"@type\":\"ImageObject\",\"inLanguage\":\"de-DE\",\"@id\":\"https:\/\/www.miomiorun.com\/de\/produkt\/experience-flow-3-herren\/#primaryimage\",\"url\":\"https:\/\/www.miomiorun.com\/app\/uploads\/2026\/02\/Altra-Experience-Flow-3-white-AL0A85SS1021.webp\",\"contentUrl\":\"https:\/\/www.miomiorun.com\/app\/uploads\/2026\/02\/Altra-Experience-Flow-3-white-AL0A85SS1021.webp\",\"width\":720,\"height\":720,\"caption\":\"Altra Experience Flow 3 white AL0A85SS1021\"},{\"@type\":\"BreadcrumbList\",\"@id\":\"https:\/\/www.miomiorun.com\/de\/produkt\/experience-flow-3-herren\/#breadcrumb\",\"itemListElement\":[{\"@type\":\"ListItem\",\"position\":1,\"name\":\"Home\",\"item\":\"https:\/\/www.miomiorun.com\/de\/\"},{\"@type\":\"ListItem\",\"position\":2,\"name\":\"Shop\",\"item\":\"https:\/\/www.miomiorun.com\/shop\/\"},{\"@type\":\"ListItem\",\"position\":3,\"name\":\"Experience Flow 3 herren\"}]},{\"@type\":\"WebSite\",\"@id\":\"https:\/\/www.miomiorun.com\/de\/#website\",\"url\":\"https:\/\/www.miomiorun.com\/de\/\",\"name\":\"MioMioRun\",\"description\":\"100% Lauf- und Trailshop\",\"publisher\":{\"@id\":\"https:\/\/www.miomiorun.com\/de\/#organization\"},\"potentialAction\":[{\"@type\":\"SearchAction\",\"target\":{\"@type\":\"EntryPoint\",\"urlTemplate\":\"https:\/\/www.miomiorun.com\/de\/?s={search_term_string}\"},\"query-input\":{\"@type\":\"PropertyValueSpecification\",\"valueRequired\":true,\"valueName\":\"search_term_string\"}}],\"inLanguage\":\"de-DE\"},{\"@type\":\"Organization\",\"@id\":\"https:\/\/www.miomiorun.com\/de\/#organization\",\"name\":\"MioMio Run\",\"url\":\"https:\/\/www.miomiorun.com\/de\/\",\"logo\":{\"@type\":\"ImageObject\",\"inLanguage\":\"de-DE\",\"@id\":\"https:\/\/www.miomiorun.com\/de\/#\/schema\/logo\/image\/\",\"url\":\"https:\/\/www.miomiorun.com\/app\/uploads\/2019\/12\/logomio.png\",\"contentUrl\":\"https:\/\/www.miomiorun.com\/app\/uploads\/2019\/12\/logomio.png\",\"width\":115,\"height\":82,\"caption\":\"MioMio Run\"},\"image\":{\"@id\":\"https:\/\/www.miomiorun.com\/de\/#\/schema\/logo\/image\/\"},\"sameAs\":[\"https:\/\/www.facebook.com\/miomiorun\/\",\"https:\/\/www.instagram.com\/miomiorun\/\"]}]}<\/script>\n<!-- \/ Yoast SEO plugin. -->","yoast_head_json":{"title":"Altra Experience Flow 3 herren -Laufschuhe - MioMioRun.com","description":"Experience Flow 3: Stra\u00dfenlaufschuh mit Altra EGO\u2122 P35-Zwischensohle und Rocker-Geometrie. Altra-Passform, atmungsaktives Mesh und fl\u00fcssiger Komfort.","robots":{"index":"index","follow":"follow","max-snippet":"max-snippet:-1","max-image-preview":"max-image-preview:large","max-video-preview":"max-video-preview:-1"},"canonical":"https:\/\/www.miomiorun.com\/de\/produkt\/experience-flow-3-herren\/","og_locale":"de_DE","og_type":"article","og_title":"Altra Experience Flow 3 herren -Laufschuhe - MioMioRun.com","og_description":"Experience Flow 3: Stra\u00dfenlaufschuh mit Altra EGO\u2122 P35-Zwischensohle und Rocker-Geometrie. Altra-Passform, atmungsaktives Mesh und fl\u00fcssiger Komfort.","og_url":"https:\/\/www.miomiorun.com\/de\/produkt\/experience-flow-3-herren\/","og_site_name":"MioMioRun","article_publisher":"https:\/\/www.facebook.com\/miomiorun\/","article_modified_time":"2026-04-16T16:42:01+00:00","og_image":[{"width":720,"height":720,"url":"https:\/\/www.miomiorun.com\/app\/uploads\/2026\/02\/Altra-Experience-Flow-3-white-AL0A85SS1021.webp","type":"image\/webp"}],"twitter_card":"summary_large_image","twitter_misc":{"Est. reading time":"1 minute"},"schema":{"@context":"https:\/\/schema.org","@graph":[{"@type":"WebPage","@id":"https:\/\/www.miomiorun.com\/de\/produkt\/experience-flow-3-herren\/","url":"https:\/\/www.miomiorun.com\/de\/produkt\/experience-flow-3-herren\/","name":"Altra Experience Flow 3 herren -Laufschuhe - MioMioRun.com","isPartOf":{"@id":"https:\/\/www.miomiorun.com\/de\/#website"},"primaryImageOfPage":{"@id":"https:\/\/www.miomiorun.com\/de\/produkt\/experience-flow-3-herren\/#primaryimage"},"image":{"@id":"https:\/\/www.miomiorun.com\/de\/produkt\/experience-flow-3-herren\/#primaryimage"},"thumbnailUrl":"https:\/\/www.miomiorun.com\/app\/uploads\/2026\/02\/Altra-Experience-Flow-3-white-AL0A85SS1021.webp","datePublished":"2026-02-03T14:53:00+00:00","dateModified":"2026-04-16T16:42:01+00:00","description":"Experience Flow 3: Stra\u00dfenlaufschuh mit Altra EGO\u2122 P35-Zwischensohle und Rocker-Geometrie. Altra-Passform, atmungsaktives Mesh und fl\u00fcssiger Komfort.","breadcrumb":{"@id":"https:\/\/www.miomiorun.com\/de\/produkt\/experience-flow-3-herren\/#breadcrumb"},"inLanguage":"de-DE","potentialAction":[{"@type":"ReadAction","target":["https:\/\/www.miomiorun.com\/de\/produkt\/experience-flow-3-herren\/"]}]},{"@type":"ImageObject","inLanguage":"de-DE","@id":"https:\/\/www.miomiorun.com\/de\/produkt\/experience-flow-3-herren\/#primaryimage","url":"https:\/\/www.miomiorun.com\/app\/uploads\/2026\/02\/Altra-Experience-Flow-3-white-AL0A85SS1021.webp","contentUrl":"https:\/\/www.miomiorun.com\/app\/uploads\/2026\/02\/Altra-Experience-Flow-3-white-AL0A85SS1021.webp","width":720,"height":720,"caption":"Altra Experience Flow 3 white AL0A85SS1021"},{"@type":"BreadcrumbList","@id":"https:\/\/www.miomiorun.com\/de\/produkt\/experience-flow-3-herren\/#breadcrumb","itemListElement":[{"@type":"ListItem","position":1,"name":"Home","item":"https:\/\/www.miomiorun.com\/de\/"},{"@type":"ListItem","position":2,"name":"Shop","item":"https:\/\/www.miomiorun.com\/shop\/"},{"@type":"ListItem","position":3,"name":"Experience Flow 3 herren"}]},{"@type":"WebSite","@id":"https:\/\/www.miomiorun.com\/de\/#website","url":"https:\/\/www.miomiorun.com\/de\/","name":"MioMioRun","description":"100% Lauf- und Trailshop","publisher":{"@id":"https:\/\/www.miomiorun.com\/de\/#organization"},"potentialAction":[{"@type":"SearchAction","target":{"@type":"EntryPoint","urlTemplate":"https:\/\/www.miomiorun.com\/de\/?s={search_term_string}"},"query-input":{"@type":"PropertyValueSpecification","valueRequired":true,"valueName":"search_term_string"}}],"inLanguage":"de-DE"},{"@type":"Organization","@id":"https:\/\/www.miomiorun.com\/de\/#organization","name":"MioMio Run","url":"https:\/\/www.miomiorun.com\/de\/","logo":{"@type":"ImageObject","inLanguage":"de-DE","@id":"https:\/\/www.miomiorun.com\/de\/#\/schema\/logo\/image\/","url":"https:\/\/www.miomiorun.com\/app\/uploads\/2019\/12\/logomio.png","contentUrl":"https:\/\/www.miomiorun.com\/app\/uploads\/2019\/12\/logomio.png","width":115,"height":82,"caption":"MioMio Run"},"image":{"@id":"https:\/\/www.miomiorun.com\/de\/#\/schema\/logo\/image\/"},"sameAs":["https:\/\/www.facebook.com\/miomiorun\/","https:\/\/www.instagram.com\/miomiorun\/"]}]}},"_links":{"self":[{"href":"https:\/\/www.miomiorun.com\/de\/wp-json\/wp\/v2\/product\/395792","targetHints":{"allow":["GET"]}}],"collection":[{"href":"https:\/\/www.miomiorun.com\/de\/wp-json\/wp\/v2\/product"}],"about":[{"href":"https:\/\/www.miomiorun.com\/de\/wp-json\/wp\/v2\/types\/product"}],"wp:featuredmedia":[{"embeddable":true,"href":"https:\/\/www.miomiorun.com\/de\/wp-json\/wp\/v2\/media\/404991"}],"wp:attachment":[{"href":"https:\/\/www.miomiorun.com\/de\/wp-json\/wp\/v2\/media?parent=395792"}],"wp:term":[{"taxonomy":"product_brand","embeddable":true,"href":"https:\/\/www.miomiorun.com\/de\/wp-json\/wp\/v2\/product_brand?post=395792"},{"taxonomy":"product_cat","embeddable":true,"href":"https:\/\/www.miomiorun.com\/de\/wp-json\/wp\/v2\/product_cat?post=395792"},{"taxonomy":"product_tag","embeddable":true,"href":"https:\/\/www.miomiorun.com\/de\/wp-json\/wp\/v2\/product_tag?post=395792"}],"curies":[{"name":"wp","href":"https:\/\/api.w.org\/{rel}","templated":true}]}}