{"id":395113,"date":"2026-02-03T11:46:58","date_gmt":"2026-02-03T10:46:58","guid":{"rendered":"https:\/\/www.miomiorun.com\/?post_type=product&#038;p=395113"},"modified":"2026-05-09T12:22:47","modified_gmt":"2026-05-09T10:22:47","slug":"prodigio-2-herren","status":"publish","type":"product","link":"https:\/\/www.miomiorun.com\/de\/produkt\/prodigio-2-herren\/","title":{"rendered":"Prodigio 2 herren"},"content":{"rendered":"<table style=\"border-collapse: collapse;width: 100%\">\n<tbody>\n<tr>\n<td style=\"width: 33.3333%;vertical-align: top;text-align: center\"><strong>Technische Daten<\/strong><\/p>\n<p>Kategorie: Strukturierte D\u00e4mpfung<br \/>\nOffset: 6 mm (Stack 34\/28 mm)<br \/>\nGewicht: 270 g<br \/>\nIdeal f\u00fcr: Trailrunner, die einen leistungsstarken und bequemen Schuh f\u00fcr lange und anspruchsvolle Strecken suchen.<br \/>\nGewicht des Athleten: 60-80 kg<br \/>\nLaufgeschwindigkeit: mittel (5-6 min\/km)<br \/>\n<a href=\"https:\/\/miomiorun.com\/guida-alle-specifiche-tecniche\/\">Leitfaden zu den technischen Spezifikationen<\/a><\/td>\n<td style=\"width: 66.6666%;vertical-align: top;text-align: center\">\n<p data-start=\"146\" data-end=\"535\">Der <strong data-start=\"149\" data-end=\"163\">Prodigio 2<\/strong> ist ein <strong data-start=\"180\" data-end=\"219\">vielseitiger und vielseitiger Trailrunning-Schuh<\/strong>, der f\u00fcr jedes Szenario entwickelt wurde: von entspannten L\u00e4ufen auf Trails bis hin zu <strong data-start=\"316\" data-end=\"353\">anspruchsvollen Ausdauerwettk\u00e4mpfen<\/strong>. Er wurde entwickelt, um auf jedem Terrain eine solide und kraftvolle Leistung zu bieten, und kombiniert dauerhaften Komfort, zuverl\u00e4ssige Traktion und eine konstante Energier\u00fcckgabe Kilometer f\u00fcr Kilometer.<\/p>\n<p data-start=\"537\" data-end=\"855\">Das <strong data-start=\"540\" data-end=\"578\">hochfeste 3D-Mesh-Obermaterial<\/strong> ist strapazierf\u00e4hig und dennoch \u00e4u\u00dferst atmungsaktiv und h\u00e4lt die F\u00fc\u00dfe auch bei anspruchsvollen Anstiegen k\u00fchl und trocken. Das <strong data-start=\"693\" data-end=\"731\">ergonomische Wickelsystem<\/strong> stabilisiert den Fu\u00df und h\u00e4lt den Schuh sicher an seinem Platz, wodurch Kontrolle und Sicherheit in technischen Abschnitten verbessert werden.<\/p>\n<p data-start=\"857\" data-end=\"1318\">Das Herzst\u00fcck des Prodigio 2 ist die <strong data-start=\"906\" data-end=\"916\">XFlow\u2122<\/strong>-D\u00e4mpfung, die sowohl in der <strong data-start=\"936\" data-end=\"950\">Zwischensohle<\/strong> als auch in der <strong data-start=\"961\" data-end=\"972\">Einlegesohle<\/strong> zum Einsatz kommt: ein mit Stickstoff injizierter Schaumstoff, der <strong data-start=\"1015\" data-end=\"1075\">hervorragende D\u00e4mpfung und explosive Energier\u00fcckgabe<\/strong> bietet. Die <strong data-start=\"1080\" data-end=\"1119\">FriXion\u00ae Red-Sohle mit doppelter Dichte<\/strong> und <strong data-start=\"1125\" data-end=\"1146\">4-mm-Stollen<\/strong> erh\u00f6ht die Haltbarkeit in den besonders verschlei\u00dfanf\u00e4lligen Bereichen an der Ferse und garantiert <strong data-start=\"1227\" data-end=\"1247\">maximale Traktion<\/strong> im Mittelfu\u00df- und Vorfu\u00dfbereich, damit Sie auch technisch anspruchsvolle Passagen souver\u00e4n meistern k\u00f6nnen.<\/p>\n<p data-start=\"1320\" data-end=\"1533\">Mit einem <strong data-start=\"1324\" data-end=\"1340\">Absatz von 6 mm<\/strong>, einem <strong data-start=\"1342\" data-end=\"1360\">Stack von 34\/28 mm<\/strong> und einer auf Komfort bei langen Strecken ausgerichteten Konstruktion ist der Prodigio 2 die richtige Wahl f\u00fcr alle, die Stabilit\u00e4t, Schutz und konstante Leistung beim Trailrunning suchen.<\/p>\n<\/td>\n<\/tr>\n<\/tbody>\n<\/table>\n<p>&nbsp;<\/p>\n","protected":false},"excerpt":{"rendered":"<ul>\n<li data-start=\"1772\" data-end=\"1852\">Mit Stickstoff injizierte <strong data-start=\"1788\" data-end=\"1798\">XFlow\u2122<\/strong>-D\u00e4mpfung f\u00fcr Komfort und Energier\u00fcckgabe<\/li>\n<li data-start=\"1855\" data-end=\"1940\"><strong data-start=\"1861\" data-end=\"1877\">FriXion\u00ae Red<\/strong>-Sohle mit doppelter Dichte und 4-mm-Stollen f\u00fcr Traktion und Langlebigkeit<\/li>\n<li data-start=\"1943\" data-end=\"2031\">Obermaterial aus <strong data-start=\"1953\" data-end=\"1976\">atmungsaktivem 3D-Mesh<\/strong> mit ergonomischem Wickelsystem f\u00fcr Stabilit\u00e4t<\/li>\n<\/ul>\n","protected":false},"featured_media":400616,"template":"","meta":{"_acf_changed":false,"inline_featured_image":false},"product_brand":[],"product_cat":[6507,6504],"product_tag":[6248,6218],"class_list":{"0":"post-395113","1":"product","2":"type-product","3":"status-publish","4":"has-post-thumbnail","6":"product_cat-herren-schuhe-de","7":"product_cat-trail","8":"product_tag-la-sportiva-de","9":"product_tag-la-sportiva-herren-de","10":"pa_attivita-outdoor-de","11":"pa_attivita-trail-de","12":"pa_colore-prodigio-2-hurricane-chalk","13":"pa_colore-prodigio-2-onyx-mountain-red","14":"pa_colore-prodigio-2-yellow-black","15":"pa_marca-la-sportiva-de","16":"pa_sesso-herren","17":"pa_size-41-de","18":"pa_size-41-5-de","19":"pa_size-42-de","20":"pa_size-42-5-de","21":"pa_size-43-de","22":"pa_size-43-5-de","23":"pa_size-44-de","24":"pa_size-44-5-de","25":"pa_size-45-de","26":"pa_size-45-5-de","27":"pa_size-46-de","28":"pa_size-46-5-de","29":"pa_size-47-de","31":"first","32":"instock","33":"sale","34":"taxable","35":"shipping-taxable","36":"purchasable","37":"product-type-variable","38":"wvs-archive-product-wrapper"},"acf":[],"yoast_head":"<!-- This site is optimized with the Yoast SEO plugin v26.8 - https:\/\/yoast.com\/product\/yoast-seo-wordpress\/ -->\n<title>La sportiva Prodigio 2 herren -Trailschuhe f\u00fcr Herren - MioMioRun .com<\/title>\n<meta name=\"description\" content=\"Vielseitiger Trailrunning-Schuh mit XFlow\u2122-D\u00e4mpfung, FriXion\u00ae Red-Sohle mit doppelter Dichte und atmungsaktivem 3D-Mesh. Komfort, Grip und Reaktionsf\u00e4higkeit auf jedem Terrain.\" \/>\n<meta name=\"robots\" content=\"index, follow, max-snippet:-1, max-image-preview:large, max-video-preview:-1\" \/>\n<link rel=\"canonical\" href=\"https:\/\/www.miomiorun.com\/de\/produkt\/prodigio-2-herren\/\" \/>\n<meta property=\"og:locale\" content=\"de_DE\" \/>\n<meta property=\"og:type\" content=\"article\" \/>\n<meta property=\"og:title\" content=\"La sportiva Prodigio 2 herren -Trailschuhe f\u00fcr Herren - MioMioRun .com\" \/>\n<meta property=\"og:description\" content=\"Vielseitiger Trailrunning-Schuh mit XFlow\u2122-D\u00e4mpfung, FriXion\u00ae Red-Sohle mit doppelter Dichte und atmungsaktivem 3D-Mesh. Komfort, Grip und Reaktionsf\u00e4higkeit auf jedem Terrain.\" \/>\n<meta property=\"og:url\" content=\"https:\/\/www.miomiorun.com\/de\/produkt\/prodigio-2-herren\/\" \/>\n<meta property=\"og:site_name\" content=\"MioMioRun\" \/>\n<meta property=\"article:publisher\" content=\"https:\/\/www.facebook.com\/miomiorun\/\" \/>\n<meta property=\"article:modified_time\" content=\"2026-05-09T10:22:47+00:00\" \/>\n<meta property=\"og:image\" content=\"https:\/\/www.miomiorun.com\/app\/uploads\/2026\/02\/la-sportiva-Prodigio-2-yellow-black-ZFRS106Y00K00.webp\" \/>\n\t<meta property=\"og:image:width\" content=\"720\" \/>\n\t<meta property=\"og:image:height\" content=\"720\" \/>\n\t<meta property=\"og:image:type\" content=\"image\/webp\" \/>\n<meta name=\"twitter:card\" content=\"summary_large_image\" \/>\n<meta name=\"twitter:label1\" content=\"Est. reading time\" \/>\n\t<meta name=\"twitter:data1\" content=\"1 minute\" \/>\n<script type=\"application\/ld+json\" class=\"yoast-schema-graph\">{\"@context\":\"https:\/\/schema.org\",\"@graph\":[{\"@type\":\"WebPage\",\"@id\":\"https:\/\/www.miomiorun.com\/de\/produkt\/prodigio-2-herren\/\",\"url\":\"https:\/\/www.miomiorun.com\/de\/produkt\/prodigio-2-herren\/\",\"name\":\"La sportiva Prodigio 2 herren -Trailschuhe f\u00fcr Herren - MioMioRun .com\",\"isPartOf\":{\"@id\":\"https:\/\/www.miomiorun.com\/de\/#website\"},\"primaryImageOfPage\":{\"@id\":\"https:\/\/www.miomiorun.com\/de\/produkt\/prodigio-2-herren\/#primaryimage\"},\"image\":{\"@id\":\"https:\/\/www.miomiorun.com\/de\/produkt\/prodigio-2-herren\/#primaryimage\"},\"thumbnailUrl\":\"https:\/\/www.miomiorun.com\/app\/uploads\/2026\/02\/la-sportiva-Prodigio-2-yellow-black-ZFRS106Y00K00.webp\",\"datePublished\":\"2026-02-03T10:46:58+00:00\",\"dateModified\":\"2026-05-09T10:22:47+00:00\",\"description\":\"Vielseitiger Trailrunning-Schuh mit XFlow\u2122-D\u00e4mpfung, FriXion\u00ae Red-Sohle mit doppelter Dichte und atmungsaktivem 3D-Mesh. Komfort, Grip und Reaktionsf\u00e4higkeit auf jedem Terrain.\",\"breadcrumb\":{\"@id\":\"https:\/\/www.miomiorun.com\/de\/produkt\/prodigio-2-herren\/#breadcrumb\"},\"inLanguage\":\"de-DE\",\"potentialAction\":[{\"@type\":\"ReadAction\",\"target\":[\"https:\/\/www.miomiorun.com\/de\/produkt\/prodigio-2-herren\/\"]}]},{\"@type\":\"ImageObject\",\"inLanguage\":\"de-DE\",\"@id\":\"https:\/\/www.miomiorun.com\/de\/produkt\/prodigio-2-herren\/#primaryimage\",\"url\":\"https:\/\/www.miomiorun.com\/app\/uploads\/2026\/02\/la-sportiva-Prodigio-2-yellow-black-ZFRS106Y00K00.webp\",\"contentUrl\":\"https:\/\/www.miomiorun.com\/app\/uploads\/2026\/02\/la-sportiva-Prodigio-2-yellow-black-ZFRS106Y00K00.webp\",\"width\":720,\"height\":720,\"caption\":\"la sportiva Prodigio 2 yellow black ZFRS106Y00K00\"},{\"@type\":\"BreadcrumbList\",\"@id\":\"https:\/\/www.miomiorun.com\/de\/produkt\/prodigio-2-herren\/#breadcrumb\",\"itemListElement\":[{\"@type\":\"ListItem\",\"position\":1,\"name\":\"Home\",\"item\":\"https:\/\/www.miomiorun.com\/de\/\"},{\"@type\":\"ListItem\",\"position\":2,\"name\":\"Shop\",\"item\":\"https:\/\/www.miomiorun.com\/shop\/\"},{\"@type\":\"ListItem\",\"position\":3,\"name\":\"Prodigio 2 herren\"}]},{\"@type\":\"WebSite\",\"@id\":\"https:\/\/www.miomiorun.com\/de\/#website\",\"url\":\"https:\/\/www.miomiorun.com\/de\/\",\"name\":\"MioMioRun\",\"description\":\"100% Lauf- und Trailshop\",\"publisher\":{\"@id\":\"https:\/\/www.miomiorun.com\/de\/#organization\"},\"potentialAction\":[{\"@type\":\"SearchAction\",\"target\":{\"@type\":\"EntryPoint\",\"urlTemplate\":\"https:\/\/www.miomiorun.com\/de\/?s={search_term_string}\"},\"query-input\":{\"@type\":\"PropertyValueSpecification\",\"valueRequired\":true,\"valueName\":\"search_term_string\"}}],\"inLanguage\":\"de-DE\"},{\"@type\":\"Organization\",\"@id\":\"https:\/\/www.miomiorun.com\/de\/#organization\",\"name\":\"MioMio Run\",\"url\":\"https:\/\/www.miomiorun.com\/de\/\",\"logo\":{\"@type\":\"ImageObject\",\"inLanguage\":\"de-DE\",\"@id\":\"https:\/\/www.miomiorun.com\/de\/#\/schema\/logo\/image\/\",\"url\":\"https:\/\/www.miomiorun.com\/app\/uploads\/2019\/12\/logomio.png\",\"contentUrl\":\"https:\/\/www.miomiorun.com\/app\/uploads\/2019\/12\/logomio.png\",\"width\":115,\"height\":82,\"caption\":\"MioMio Run\"},\"image\":{\"@id\":\"https:\/\/www.miomiorun.com\/de\/#\/schema\/logo\/image\/\"},\"sameAs\":[\"https:\/\/www.facebook.com\/miomiorun\/\",\"https:\/\/www.instagram.com\/miomiorun\/\"]}]}<\/script>\n<!-- \/ Yoast SEO plugin. -->","yoast_head_json":{"title":"La sportiva Prodigio 2 herren -Trailschuhe f\u00fcr Herren - MioMioRun .com","description":"Vielseitiger Trailrunning-Schuh mit XFlow\u2122-D\u00e4mpfung, FriXion\u00ae Red-Sohle mit doppelter Dichte und atmungsaktivem 3D-Mesh. Komfort, Grip und Reaktionsf\u00e4higkeit auf jedem Terrain.","robots":{"index":"index","follow":"follow","max-snippet":"max-snippet:-1","max-image-preview":"max-image-preview:large","max-video-preview":"max-video-preview:-1"},"canonical":"https:\/\/www.miomiorun.com\/de\/produkt\/prodigio-2-herren\/","og_locale":"de_DE","og_type":"article","og_title":"La sportiva Prodigio 2 herren -Trailschuhe f\u00fcr Herren - MioMioRun .com","og_description":"Vielseitiger Trailrunning-Schuh mit XFlow\u2122-D\u00e4mpfung, FriXion\u00ae Red-Sohle mit doppelter Dichte und atmungsaktivem 3D-Mesh. Komfort, Grip und Reaktionsf\u00e4higkeit auf jedem Terrain.","og_url":"https:\/\/www.miomiorun.com\/de\/produkt\/prodigio-2-herren\/","og_site_name":"MioMioRun","article_publisher":"https:\/\/www.facebook.com\/miomiorun\/","article_modified_time":"2026-05-09T10:22:47+00:00","og_image":[{"width":720,"height":720,"url":"https:\/\/www.miomiorun.com\/app\/uploads\/2026\/02\/la-sportiva-Prodigio-2-yellow-black-ZFRS106Y00K00.webp","type":"image\/webp"}],"twitter_card":"summary_large_image","twitter_misc":{"Est. reading time":"1 minute"},"schema":{"@context":"https:\/\/schema.org","@graph":[{"@type":"WebPage","@id":"https:\/\/www.miomiorun.com\/de\/produkt\/prodigio-2-herren\/","url":"https:\/\/www.miomiorun.com\/de\/produkt\/prodigio-2-herren\/","name":"La sportiva Prodigio 2 herren -Trailschuhe f\u00fcr Herren - MioMioRun .com","isPartOf":{"@id":"https:\/\/www.miomiorun.com\/de\/#website"},"primaryImageOfPage":{"@id":"https:\/\/www.miomiorun.com\/de\/produkt\/prodigio-2-herren\/#primaryimage"},"image":{"@id":"https:\/\/www.miomiorun.com\/de\/produkt\/prodigio-2-herren\/#primaryimage"},"thumbnailUrl":"https:\/\/www.miomiorun.com\/app\/uploads\/2026\/02\/la-sportiva-Prodigio-2-yellow-black-ZFRS106Y00K00.webp","datePublished":"2026-02-03T10:46:58+00:00","dateModified":"2026-05-09T10:22:47+00:00","description":"Vielseitiger Trailrunning-Schuh mit XFlow\u2122-D\u00e4mpfung, FriXion\u00ae Red-Sohle mit doppelter Dichte und atmungsaktivem 3D-Mesh. Komfort, Grip und Reaktionsf\u00e4higkeit auf jedem Terrain.","breadcrumb":{"@id":"https:\/\/www.miomiorun.com\/de\/produkt\/prodigio-2-herren\/#breadcrumb"},"inLanguage":"de-DE","potentialAction":[{"@type":"ReadAction","target":["https:\/\/www.miomiorun.com\/de\/produkt\/prodigio-2-herren\/"]}]},{"@type":"ImageObject","inLanguage":"de-DE","@id":"https:\/\/www.miomiorun.com\/de\/produkt\/prodigio-2-herren\/#primaryimage","url":"https:\/\/www.miomiorun.com\/app\/uploads\/2026\/02\/la-sportiva-Prodigio-2-yellow-black-ZFRS106Y00K00.webp","contentUrl":"https:\/\/www.miomiorun.com\/app\/uploads\/2026\/02\/la-sportiva-Prodigio-2-yellow-black-ZFRS106Y00K00.webp","width":720,"height":720,"caption":"la sportiva Prodigio 2 yellow black ZFRS106Y00K00"},{"@type":"BreadcrumbList","@id":"https:\/\/www.miomiorun.com\/de\/produkt\/prodigio-2-herren\/#breadcrumb","itemListElement":[{"@type":"ListItem","position":1,"name":"Home","item":"https:\/\/www.miomiorun.com\/de\/"},{"@type":"ListItem","position":2,"name":"Shop","item":"https:\/\/www.miomiorun.com\/shop\/"},{"@type":"ListItem","position":3,"name":"Prodigio 2 herren"}]},{"@type":"WebSite","@id":"https:\/\/www.miomiorun.com\/de\/#website","url":"https:\/\/www.miomiorun.com\/de\/","name":"MioMioRun","description":"100% Lauf- und Trailshop","publisher":{"@id":"https:\/\/www.miomiorun.com\/de\/#organization"},"potentialAction":[{"@type":"SearchAction","target":{"@type":"EntryPoint","urlTemplate":"https:\/\/www.miomiorun.com\/de\/?s={search_term_string}"},"query-input":{"@type":"PropertyValueSpecification","valueRequired":true,"valueName":"search_term_string"}}],"inLanguage":"de-DE"},{"@type":"Organization","@id":"https:\/\/www.miomiorun.com\/de\/#organization","name":"MioMio Run","url":"https:\/\/www.miomiorun.com\/de\/","logo":{"@type":"ImageObject","inLanguage":"de-DE","@id":"https:\/\/www.miomiorun.com\/de\/#\/schema\/logo\/image\/","url":"https:\/\/www.miomiorun.com\/app\/uploads\/2019\/12\/logomio.png","contentUrl":"https:\/\/www.miomiorun.com\/app\/uploads\/2019\/12\/logomio.png","width":115,"height":82,"caption":"MioMio Run"},"image":{"@id":"https:\/\/www.miomiorun.com\/de\/#\/schema\/logo\/image\/"},"sameAs":["https:\/\/www.facebook.com\/miomiorun\/","https:\/\/www.instagram.com\/miomiorun\/"]}]}},"_links":{"self":[{"href":"https:\/\/www.miomiorun.com\/de\/wp-json\/wp\/v2\/product\/395113","targetHints":{"allow":["GET"]}}],"collection":[{"href":"https:\/\/www.miomiorun.com\/de\/wp-json\/wp\/v2\/product"}],"about":[{"href":"https:\/\/www.miomiorun.com\/de\/wp-json\/wp\/v2\/types\/product"}],"wp:featuredmedia":[{"embeddable":true,"href":"https:\/\/www.miomiorun.com\/de\/wp-json\/wp\/v2\/media\/400616"}],"wp:attachment":[{"href":"https:\/\/www.miomiorun.com\/de\/wp-json\/wp\/v2\/media?parent=395113"}],"wp:term":[{"taxonomy":"product_brand","embeddable":true,"href":"https:\/\/www.miomiorun.com\/de\/wp-json\/wp\/v2\/product_brand?post=395113"},{"taxonomy":"product_cat","embeddable":true,"href":"https:\/\/www.miomiorun.com\/de\/wp-json\/wp\/v2\/product_cat?post=395113"},{"taxonomy":"product_tag","embeddable":true,"href":"https:\/\/www.miomiorun.com\/de\/wp-json\/wp\/v2\/product_tag?post=395113"}],"curies":[{"name":"wp","href":"https:\/\/api.w.org\/{rel}","templated":true}]}}