{"id":394854,"date":"2026-02-03T11:29:25","date_gmt":"2026-02-03T10:29:25","guid":{"rendered":"https:\/\/www.miomiorun.com\/?post_type=product&#038;p=394854"},"modified":"2026-05-09T12:20:22","modified_gmt":"2026-05-09T10:20:22","slug":"mestari-run-2-0-damen","status":"publish","type":"product","link":"https:\/\/www.miomiorun.com\/de\/produkt\/mestari-run-2-0-damen\/","title":{"rendered":"Mestari Run 2.0 damen"},"content":{"rendered":"<table style=\"border-collapse: collapse;width: 100%\">\n<tbody>\n<tr>\n<td style=\"width: 50%;text-align: center\">\n<h4 style=\"text-align: center\">Technische Daten<\/h4>\n<p style=\"text-align: center\">Kategorie: Hervorragende D\u00e4mpfung<br \/>\nOffset: 8 mm (34 mm-26 mm)<\/p>\n<p>Gewicht: 270 g<br \/>\nIdeal f\u00fcr: L\u00e4ufer, die einen Schuh mit guter D\u00e4mpfung und ausgezeichneter Stabilit\u00e4t sowie einem fl\u00fcssigen \u00dcbergang f\u00fcr Mittel- und Langstreckenl\u00e4ufe suchen.<br \/>\nGewicht des Athleten: 75-85 kg<br \/>\nLaufstil: mittel (5,00-6,00 min\/km)<br \/>\n<a href=\"https:\/\/miomiorun.com\/guida-alle-specifiche-tecniche\/\">Leitfaden zu den technischen Spezifikationen<\/a><\/td>\n<td style=\"width: 50%\">\n<p style=\"text-align: center\" data-start=\"157\" data-end=\"543\">Die <strong data-start=\"160\" data-end=\"185\">KARHU Mestari Run 2.0<\/strong> sind Schuhe f\u00fcr das <strong data-start=\"201\" data-end=\"227\">t\u00e4gliche Training<\/strong>, die f\u00fcr <strong data-start=\"251\" data-end=\"278\">maximale D\u00e4mpfung<\/strong>, konstanten Komfort und einen <strong data-start=\"303\" data-end=\"321\">fl\u00fcssigen Abrollvorgang<\/strong> entwickelt wurden, ideal f\u00fcr leichte L\u00e4ufe und Erholungstage. Sie wurden f\u00fcr <strong data-start=\"385\" data-end=\"402\">neutrale L\u00e4ufer<\/strong> und L\u00e4ufer mit <strong data-start=\"426\" data-end=\"460\">leichter bis mittlerer Pronation<\/strong> entwickelt und sorgen auch auf l\u00e4ngeren Strecken f\u00fcr einen stabilen und nat\u00fcrlichen Laufstil.<\/p>\n<p style=\"text-align: center\" data-start=\"545\" data-end=\"997\">Das Herzst\u00fcck des Modells ist der \u00fcberarbeitete <strong data-start=\"581\" data-end=\"599\">AeroFoam NITRO<\/strong>, der neu formuliert wurde, um <strong data-start=\"627\" data-end=\"648\">mehr Sprungkraft<\/strong> und ein <strong data-start=\"670\" data-end=\"696\">weicheres und komfortableres<\/strong> Gef\u00fchl beim t\u00e4glichen Lauftraining zu gew\u00e4hrleisten. Der <strong data-start=\"738\" data-end=\"761\">gekapselte Fulcrum<\/strong> sorgt in Kombination mit einem <strong data-start=\"777\" data-end=\"793\">8-mm-Drop<\/strong> f\u00fcr einen stabilen und m\u00fchelosen \u00dcbergang von der Landung zum Absto\u00df. Die <strong data-start=\"877\" data-end=\"910\">verst\u00e4rkte Feder in der Zehenkappe<\/strong> verbessert das Vorw\u00e4rtsrollen zus\u00e4tzlich und macht den Lauf fl\u00fcssiger und entspannter.<\/p>\n<p style=\"text-align: center\" data-start=\"999\" data-end=\"1350\">Das <strong data-start=\"1002\" data-end=\"1033\">aktualisierte IdealKnit-Obermaterial<\/strong> bietet <strong data-start=\"1040\" data-end=\"1066\">strukturierte Elastizit\u00e4t<\/strong> im Mittelfu\u00dfbereich und sorgt so f\u00fcr Atmungsaktivit\u00e4t und sicheren Halt bei l\u00e4ngeren L\u00e4ufen. Insgesamt bietet der Mestari Run 2.0 ein <strong data-start=\"1237\" data-end=\"1288\">d\u00e4mpfteres, reaktionsfreudigeres und geschmeidigeres<\/strong> Laufgef\u00fchl, ideal f\u00fcr alle, die gerne lange, bequem und kontinuierlich laufen.\n<\/p>\n<\/p>\n<\/td>\n<\/tr>\n<\/tbody>\n<\/table>\n<h4><\/h4>\n<p>&nbsp;<\/p>\n<p>&nbsp;<\/p>\n","protected":false},"excerpt":{"rendered":"<ul>\n<li data-start=\"1581\" data-end=\"1658\"><strong data-start=\"1581\" data-end=\"1599\">AeroFoam NITRO<\/strong> f\u00fcr weiche D\u00e4mpfung und verbesserte Energier\u00fcckgabe<\/li>\n<li data-start=\"1661\" data-end=\"1731\"><strong data-start=\"1661\" data-end=\"1684\">Gekapseltes Fulcrum<\/strong> und 8 mm Sprengung f\u00fcr stabile und fl\u00fcssige \u00dcberg\u00e4nge<\/li>\n<li data-start=\"1734\" data-end=\"1821\">Elastisches Obermaterial <strong data-start=\"1741\" data-end=\"1754\">IdealKnit<\/strong> f\u00fcr Atmungsaktivit\u00e4t und Komfort auf langen Strecken<\/li>\n<\/ul>\n","protected":false},"featured_media":414135,"template":"","meta":{"_acf_changed":false,"inline_featured_image":false},"product_brand":[],"product_cat":[6474,6475],"product_tag":[3377,6224],"class_list":{"0":"post-394854","1":"product","2":"type-product","3":"status-publish","4":"has-post-thumbnail","6":"product_cat-damenschuhe","7":"product_cat-neutral","8":"product_tag-karhu-de","9":"product_tag-karhu-damen-de","10":"pa_attivita-gehen","11":"pa_attivita-lifestyle-de","12":"pa_attivita-running-de","13":"pa_colore-mestari-2-0-w-turbulence-icy-mor","14":"pa_colore-mestari-run-2-0-w-egret-peach-cobbler","15":"pa_colore-mestari-run-2-0-w-raindrops-marlin","16":"pa_marca-karhu-de","17":"pa_sesso-damen","18":"pa_size-37-5-de","19":"pa_size-38-de","20":"pa_size-39-de","21":"pa_size-39-5-de","22":"pa_size-40-de","23":"pa_size-40-5-de","24":"pa_size-41-5-de","25":"pa_size-42-de","27":"first","28":"instock","29":"sale","30":"taxable","31":"shipping-taxable","32":"purchasable","33":"product-type-variable","34":"wvs-archive-product-wrapper"},"acf":[],"yoast_head":"<!-- This site is optimized with the Yoast SEO plugin v26.8 - https:\/\/yoast.com\/product\/yoast-seo-wordpress\/ -->\n<title>Karhu Mestari Run 2.0 damen - Laufschuhe - MioMioRun<\/title>\n<meta name=\"description\" content=\"Mestari Run 2.0: Laufschuhe f\u00fcr das t\u00e4gliche Training mit AeroFoam NITRO, gekapseltem Fulcrum und IdealKnit-Obermaterial. Maximale D\u00e4mpfung und fl\u00fcssiger Abrollkomfort.\" \/>\n<meta name=\"robots\" content=\"index, follow, max-snippet:-1, max-image-preview:large, max-video-preview:-1\" \/>\n<link rel=\"canonical\" href=\"https:\/\/www.miomiorun.com\/de\/produkt\/mestari-run-2-0-damen\/\" \/>\n<meta property=\"og:locale\" content=\"de_DE\" \/>\n<meta property=\"og:type\" content=\"article\" \/>\n<meta property=\"og:title\" content=\"Karhu Mestari Run 2.0 damen - Laufschuhe - MioMioRun\" \/>\n<meta property=\"og:description\" content=\"Mestari Run 2.0: Laufschuhe f\u00fcr das t\u00e4gliche Training mit AeroFoam NITRO, gekapseltem Fulcrum und IdealKnit-Obermaterial. Maximale D\u00e4mpfung und fl\u00fcssiger Abrollkomfort.\" \/>\n<meta property=\"og:url\" content=\"https:\/\/www.miomiorun.com\/de\/produkt\/mestari-run-2-0-damen\/\" \/>\n<meta property=\"og:site_name\" content=\"MioMioRun\" \/>\n<meta property=\"article:publisher\" content=\"https:\/\/www.facebook.com\/miomiorun\/\" \/>\n<meta property=\"article:modified_time\" content=\"2026-05-09T10:20:22+00:00\" \/>\n<meta property=\"og:image\" content=\"https:\/\/www.miomiorun.com\/app\/uploads\/2026\/03\/karhu-Mestari-Run-2.0-W-raindrops-marlin-F205017.webp\" \/>\n\t<meta property=\"og:image:width\" content=\"720\" \/>\n\t<meta property=\"og:image:height\" content=\"720\" \/>\n\t<meta property=\"og:image:type\" content=\"image\/webp\" \/>\n<meta name=\"twitter:card\" content=\"summary_large_image\" \/>\n<meta name=\"twitter:label1\" content=\"Est. reading time\" \/>\n\t<meta name=\"twitter:data1\" content=\"1 minute\" \/>\n<script type=\"application\/ld+json\" class=\"yoast-schema-graph\">{\"@context\":\"https:\/\/schema.org\",\"@graph\":[{\"@type\":\"WebPage\",\"@id\":\"https:\/\/www.miomiorun.com\/de\/produkt\/mestari-run-2-0-damen\/\",\"url\":\"https:\/\/www.miomiorun.com\/de\/produkt\/mestari-run-2-0-damen\/\",\"name\":\"Karhu Mestari Run 2.0 damen - Laufschuhe - MioMioRun\",\"isPartOf\":{\"@id\":\"https:\/\/www.miomiorun.com\/de\/#website\"},\"primaryImageOfPage\":{\"@id\":\"https:\/\/www.miomiorun.com\/de\/produkt\/mestari-run-2-0-damen\/#primaryimage\"},\"image\":{\"@id\":\"https:\/\/www.miomiorun.com\/de\/produkt\/mestari-run-2-0-damen\/#primaryimage\"},\"thumbnailUrl\":\"https:\/\/www.miomiorun.com\/app\/uploads\/2026\/03\/karhu-Mestari-Run-2.0-W-raindrops-marlin-F205017.webp\",\"datePublished\":\"2026-02-03T10:29:25+00:00\",\"dateModified\":\"2026-05-09T10:20:22+00:00\",\"description\":\"Mestari Run 2.0: Laufschuhe f\u00fcr das t\u00e4gliche Training mit AeroFoam NITRO, gekapseltem Fulcrum und IdealKnit-Obermaterial. Maximale D\u00e4mpfung und fl\u00fcssiger Abrollkomfort.\",\"breadcrumb\":{\"@id\":\"https:\/\/www.miomiorun.com\/de\/produkt\/mestari-run-2-0-damen\/#breadcrumb\"},\"inLanguage\":\"de-DE\",\"potentialAction\":[{\"@type\":\"ReadAction\",\"target\":[\"https:\/\/www.miomiorun.com\/de\/produkt\/mestari-run-2-0-damen\/\"]}]},{\"@type\":\"ImageObject\",\"inLanguage\":\"de-DE\",\"@id\":\"https:\/\/www.miomiorun.com\/de\/produkt\/mestari-run-2-0-damen\/#primaryimage\",\"url\":\"https:\/\/www.miomiorun.com\/app\/uploads\/2026\/03\/karhu-Mestari-Run-2.0-W-raindrops-marlin-F205017.webp\",\"contentUrl\":\"https:\/\/www.miomiorun.com\/app\/uploads\/2026\/03\/karhu-Mestari-Run-2.0-W-raindrops-marlin-F205017.webp\",\"width\":720,\"height\":720,\"caption\":\"karhu Mestari Run 2.0 W raindrops marlin F205017\"},{\"@type\":\"BreadcrumbList\",\"@id\":\"https:\/\/www.miomiorun.com\/de\/produkt\/mestari-run-2-0-damen\/#breadcrumb\",\"itemListElement\":[{\"@type\":\"ListItem\",\"position\":1,\"name\":\"Home\",\"item\":\"https:\/\/www.miomiorun.com\/de\/\"},{\"@type\":\"ListItem\",\"position\":2,\"name\":\"Shop\",\"item\":\"https:\/\/www.miomiorun.com\/shop\/\"},{\"@type\":\"ListItem\",\"position\":3,\"name\":\"Mestari Run 2.0 damen\"}]},{\"@type\":\"WebSite\",\"@id\":\"https:\/\/www.miomiorun.com\/de\/#website\",\"url\":\"https:\/\/www.miomiorun.com\/de\/\",\"name\":\"MioMioRun\",\"description\":\"100% Lauf- und Trailshop\",\"publisher\":{\"@id\":\"https:\/\/www.miomiorun.com\/de\/#organization\"},\"potentialAction\":[{\"@type\":\"SearchAction\",\"target\":{\"@type\":\"EntryPoint\",\"urlTemplate\":\"https:\/\/www.miomiorun.com\/de\/?s={search_term_string}\"},\"query-input\":{\"@type\":\"PropertyValueSpecification\",\"valueRequired\":true,\"valueName\":\"search_term_string\"}}],\"inLanguage\":\"de-DE\"},{\"@type\":\"Organization\",\"@id\":\"https:\/\/www.miomiorun.com\/de\/#organization\",\"name\":\"MioMio Run\",\"url\":\"https:\/\/www.miomiorun.com\/de\/\",\"logo\":{\"@type\":\"ImageObject\",\"inLanguage\":\"de-DE\",\"@id\":\"https:\/\/www.miomiorun.com\/de\/#\/schema\/logo\/image\/\",\"url\":\"https:\/\/www.miomiorun.com\/app\/uploads\/2019\/12\/logomio.png\",\"contentUrl\":\"https:\/\/www.miomiorun.com\/app\/uploads\/2019\/12\/logomio.png\",\"width\":115,\"height\":82,\"caption\":\"MioMio Run\"},\"image\":{\"@id\":\"https:\/\/www.miomiorun.com\/de\/#\/schema\/logo\/image\/\"},\"sameAs\":[\"https:\/\/www.facebook.com\/miomiorun\/\",\"https:\/\/www.instagram.com\/miomiorun\/\"]}]}<\/script>\n<!-- \/ Yoast SEO plugin. -->","yoast_head_json":{"title":"Karhu Mestari Run 2.0 damen - Laufschuhe - MioMioRun","description":"Mestari Run 2.0: Laufschuhe f\u00fcr das t\u00e4gliche Training mit AeroFoam NITRO, gekapseltem Fulcrum und IdealKnit-Obermaterial. Maximale D\u00e4mpfung und fl\u00fcssiger Abrollkomfort.","robots":{"index":"index","follow":"follow","max-snippet":"max-snippet:-1","max-image-preview":"max-image-preview:large","max-video-preview":"max-video-preview:-1"},"canonical":"https:\/\/www.miomiorun.com\/de\/produkt\/mestari-run-2-0-damen\/","og_locale":"de_DE","og_type":"article","og_title":"Karhu Mestari Run 2.0 damen - Laufschuhe - MioMioRun","og_description":"Mestari Run 2.0: Laufschuhe f\u00fcr das t\u00e4gliche Training mit AeroFoam NITRO, gekapseltem Fulcrum und IdealKnit-Obermaterial. Maximale D\u00e4mpfung und fl\u00fcssiger Abrollkomfort.","og_url":"https:\/\/www.miomiorun.com\/de\/produkt\/mestari-run-2-0-damen\/","og_site_name":"MioMioRun","article_publisher":"https:\/\/www.facebook.com\/miomiorun\/","article_modified_time":"2026-05-09T10:20:22+00:00","og_image":[{"width":720,"height":720,"url":"https:\/\/www.miomiorun.com\/app\/uploads\/2026\/03\/karhu-Mestari-Run-2.0-W-raindrops-marlin-F205017.webp","type":"image\/webp"}],"twitter_card":"summary_large_image","twitter_misc":{"Est. reading time":"1 minute"},"schema":{"@context":"https:\/\/schema.org","@graph":[{"@type":"WebPage","@id":"https:\/\/www.miomiorun.com\/de\/produkt\/mestari-run-2-0-damen\/","url":"https:\/\/www.miomiorun.com\/de\/produkt\/mestari-run-2-0-damen\/","name":"Karhu Mestari Run 2.0 damen - Laufschuhe - MioMioRun","isPartOf":{"@id":"https:\/\/www.miomiorun.com\/de\/#website"},"primaryImageOfPage":{"@id":"https:\/\/www.miomiorun.com\/de\/produkt\/mestari-run-2-0-damen\/#primaryimage"},"image":{"@id":"https:\/\/www.miomiorun.com\/de\/produkt\/mestari-run-2-0-damen\/#primaryimage"},"thumbnailUrl":"https:\/\/www.miomiorun.com\/app\/uploads\/2026\/03\/karhu-Mestari-Run-2.0-W-raindrops-marlin-F205017.webp","datePublished":"2026-02-03T10:29:25+00:00","dateModified":"2026-05-09T10:20:22+00:00","description":"Mestari Run 2.0: Laufschuhe f\u00fcr das t\u00e4gliche Training mit AeroFoam NITRO, gekapseltem Fulcrum und IdealKnit-Obermaterial. Maximale D\u00e4mpfung und fl\u00fcssiger Abrollkomfort.","breadcrumb":{"@id":"https:\/\/www.miomiorun.com\/de\/produkt\/mestari-run-2-0-damen\/#breadcrumb"},"inLanguage":"de-DE","potentialAction":[{"@type":"ReadAction","target":["https:\/\/www.miomiorun.com\/de\/produkt\/mestari-run-2-0-damen\/"]}]},{"@type":"ImageObject","inLanguage":"de-DE","@id":"https:\/\/www.miomiorun.com\/de\/produkt\/mestari-run-2-0-damen\/#primaryimage","url":"https:\/\/www.miomiorun.com\/app\/uploads\/2026\/03\/karhu-Mestari-Run-2.0-W-raindrops-marlin-F205017.webp","contentUrl":"https:\/\/www.miomiorun.com\/app\/uploads\/2026\/03\/karhu-Mestari-Run-2.0-W-raindrops-marlin-F205017.webp","width":720,"height":720,"caption":"karhu Mestari Run 2.0 W raindrops marlin F205017"},{"@type":"BreadcrumbList","@id":"https:\/\/www.miomiorun.com\/de\/produkt\/mestari-run-2-0-damen\/#breadcrumb","itemListElement":[{"@type":"ListItem","position":1,"name":"Home","item":"https:\/\/www.miomiorun.com\/de\/"},{"@type":"ListItem","position":2,"name":"Shop","item":"https:\/\/www.miomiorun.com\/shop\/"},{"@type":"ListItem","position":3,"name":"Mestari Run 2.0 damen"}]},{"@type":"WebSite","@id":"https:\/\/www.miomiorun.com\/de\/#website","url":"https:\/\/www.miomiorun.com\/de\/","name":"MioMioRun","description":"100% Lauf- und Trailshop","publisher":{"@id":"https:\/\/www.miomiorun.com\/de\/#organization"},"potentialAction":[{"@type":"SearchAction","target":{"@type":"EntryPoint","urlTemplate":"https:\/\/www.miomiorun.com\/de\/?s={search_term_string}"},"query-input":{"@type":"PropertyValueSpecification","valueRequired":true,"valueName":"search_term_string"}}],"inLanguage":"de-DE"},{"@type":"Organization","@id":"https:\/\/www.miomiorun.com\/de\/#organization","name":"MioMio Run","url":"https:\/\/www.miomiorun.com\/de\/","logo":{"@type":"ImageObject","inLanguage":"de-DE","@id":"https:\/\/www.miomiorun.com\/de\/#\/schema\/logo\/image\/","url":"https:\/\/www.miomiorun.com\/app\/uploads\/2019\/12\/logomio.png","contentUrl":"https:\/\/www.miomiorun.com\/app\/uploads\/2019\/12\/logomio.png","width":115,"height":82,"caption":"MioMio Run"},"image":{"@id":"https:\/\/www.miomiorun.com\/de\/#\/schema\/logo\/image\/"},"sameAs":["https:\/\/www.facebook.com\/miomiorun\/","https:\/\/www.instagram.com\/miomiorun\/"]}]}},"_links":{"self":[{"href":"https:\/\/www.miomiorun.com\/de\/wp-json\/wp\/v2\/product\/394854","targetHints":{"allow":["GET"]}}],"collection":[{"href":"https:\/\/www.miomiorun.com\/de\/wp-json\/wp\/v2\/product"}],"about":[{"href":"https:\/\/www.miomiorun.com\/de\/wp-json\/wp\/v2\/types\/product"}],"wp:featuredmedia":[{"embeddable":true,"href":"https:\/\/www.miomiorun.com\/de\/wp-json\/wp\/v2\/media\/414135"}],"wp:attachment":[{"href":"https:\/\/www.miomiorun.com\/de\/wp-json\/wp\/v2\/media?parent=394854"}],"wp:term":[{"taxonomy":"product_brand","embeddable":true,"href":"https:\/\/www.miomiorun.com\/de\/wp-json\/wp\/v2\/product_brand?post=394854"},{"taxonomy":"product_cat","embeddable":true,"href":"https:\/\/www.miomiorun.com\/de\/wp-json\/wp\/v2\/product_cat?post=394854"},{"taxonomy":"product_tag","embeddable":true,"href":"https:\/\/www.miomiorun.com\/de\/wp-json\/wp\/v2\/product_tag?post=394854"}],"curies":[{"name":"wp","href":"https:\/\/api.w.org\/{rel}","templated":true}]}}