{"id":394123,"date":"2026-02-02T19:24:46","date_gmt":"2026-02-02T18:24:46","guid":{"rendered":"https:\/\/www.miomiorun.com\/?post_type=product&#038;p=394123"},"modified":"2026-05-09T12:17:51","modified_gmt":"2026-05-09T10:17:51","slug":"ikoni-3-5-herren","status":"publish","type":"product","link":"https:\/\/www.miomiorun.com\/de\/produkt\/ikoni-3-5-herren\/","title":{"rendered":"Ikoni 3.5 herren"},"content":{"rendered":"<table style=\"border-collapse: collapse;width: 100%\">\n<tbody>\n<tr>\n<td style=\"width: 50%;text-align: center\">\n<h4>Technische Daten<\/h4>\n<p>Kategorie: Mittlere D\u00e4mpfung<br \/>\nSprengung: 8 mm (30 mm \u2013 22 mm)<br \/>\nGewicht: 301 g<br \/>\nIdeal f\u00fcr: L\u00e4ufer, die einen Schuh mit guter D\u00e4mpfung und einem fl\u00fcssigen Abrollverhalten f\u00fcr L\u00e4ufe mittlerer Distanz suchen.<br \/>\nGewicht des L\u00e4ufers: 65\u201375 kg<br \/>\nLauftempo: mittelschnell (4:30\u20135:30 min\/km)<br \/>\n<a href=\"https:\/\/miomiorun.com\/guida-alle-specifiche-tecniche\/\">Leitfaden zu den technischen Spezifikationen<\/a><\/td>\n<td style=\"width: 50%;text-align: center\">\n<p data-start=\"156\" data-end=\"489\">Der <strong data-start=\"159\" data-end=\"186\">KARHU Ikoni 3.5 f\u00fcr Herren<\/strong> ist der <strong data-start=\"208\" data-end=\"237\">ausgewogene Laufschuh schlechthin<\/strong>, der entwickelt wurde, um <strong data-start=\"262\" data-end=\"298\">Komfort, F\u00fchrung und D\u00e4mpfung<\/strong> in einem einzigen Schuh zu bieten. Er wurde f\u00fcr das <strong data-start=\"337\" data-end=\"357\">t\u00e4gliche Lauftraining<\/strong> entwickelt und eignet sich sowohl f\u00fcr <strong data-start=\"374\" data-end=\"391\">Neutrall\u00e4ufer<\/strong> als auch f\u00fcr <strong data-start=\"398\" data-end=\"421\">leichte \u00dcberpronierer<\/strong>, wobei er bei jedem Schritt einen fl\u00fcssigen, stabilen und gut gef\u00fchrten Lauf gew\u00e4hrleistet.<\/p>\n<p data-start=\"491\" data-end=\"896\">Die <strong data-start=\"494\" data-end=\"530\">konisch zulaufende Fersenkappe<\/strong> und das <strong data-start=\"536\" data-end=\"556\">IdealKnit-Obermaterial<\/strong> mit Brindle-Muster verbessern die Passform und Atmungsaktivit\u00e4t und bieten auch auf l\u00e4ngeren Strecken dauerhaften Komfort. Die <strong data-start=\"680\" data-end=\"715\">weichere, mit Stickstoff angereicherte AeroFoam-Zwischensohle<\/strong> sorgt f\u00fcr eine effektive und reaktionsfreudige D\u00e4mpfung, w\u00e4hrend die <strong data-start=\"793\" data-end=\"826\">breitere Basis unter dem Fu\u00df<\/strong> zu besserer Balance und sichererem Halt beitr\u00e4gt.<\/p>\n<p data-start=\"898\" data-end=\"1406\">Die <strong data-start=\"901\" data-end=\"944\">Sohle mit zus\u00e4tzlicher Gummibeschichtung<\/strong> verbessert Traktion und Stabilit\u00e4t, w\u00e4hrend die <strong data-start=\"985\" data-end=\"1015\">Fulcrum + Propulsion-Einheit<\/strong> einen nat\u00fcrlichen und ausgewogenen Abrollvorgang f\u00f6rdert und den Fu\u00df von der Aufstandsphase bis zum Absto\u00df begleitet. Abgerundet wird das Modell durch die <strong data-start=\"1151\" data-end=\"1177\">anatomische Schn\u00fcrung<\/strong> f\u00fcr eine individuelle Passform und die <strong data-start=\"1219\" data-end=\"1229\">M-Lock-Konstruktion<\/strong>, die den Mittelfu\u00df stabilisiert und so f\u00fcr einen kontrollierten und komfortablen Lauf sorgt. Eine zuverl\u00e4ssige Wahl f\u00fcr L\u00e4ufer aller Leistungsstufen, die bei jedem Training auf Gleichgewicht und Qualit\u00e4t setzen.<\/p>\n<\/td>\n<\/tr>\n<\/tbody>\n<\/table>\n<p>&nbsp;<\/p>\n","protected":false},"excerpt":{"rendered":"<ul>\n<li data-start=\"1642\" data-end=\"1722\">Zwischensohle <strong data-start=\"1653\" data-end=\"1681\">AeroFoam mit Stickstoffinfusion<\/strong> f\u00fcr weiche und reaktionsfreudige D\u00e4mpfung<\/li>\n<li data-start=\"1725\" data-end=\"1802\"><strong data-start=\"1725\" data-end=\"1755\">Fulcrum + Propulsion-Einheit<\/strong> und <strong data-start=\"1768\" data-end=\"1778\">M-Lock-Konstruktion<\/strong> f\u00fcr F\u00fchrung und Stabilit\u00e4t<\/li>\n<li data-start=\"1805\" data-end=\"1893\">Atmungsaktives <strong data-start=\"1812\" data-end=\"1825\">IdealKnit<\/strong>-Obermaterial mit anatomischer Schn\u00fcrung f\u00fcr individuellen Komfort<\/li>\n<\/ul>\n","protected":false},"featured_media":414509,"template":"","meta":{"_acf_changed":false,"inline_featured_image":false},"product_brand":[],"product_cat":[6507,6506],"product_tag":[3377,6222],"class_list":{"0":"post-394123","1":"product","2":"type-product","3":"status-publish","4":"has-post-thumbnail","6":"product_cat-herren-schuhe-de","7":"product_cat-neutrale-herren-schuhe-de","8":"product_tag-karhu-de","9":"product_tag-karhu-herren-de","10":"pa_attivita-fitness-de","11":"pa_attivita-gehen","12":"pa_attivita-running-de","13":"pa_colore-ikoni-3-5-barely-blue-paradise-green","14":"pa_colore-ikoni-3-5-real-teal-bright-white","15":"pa_marca-karhu-de","16":"pa_sesso-herren","17":"pa_size-41-5-de","18":"pa_size-42-de","19":"pa_size-42-5-de","20":"pa_size-43-5-de","21":"pa_size-44-de","22":"pa_size-44-5-de","23":"pa_size-45-de","24":"pa_size-46-de","25":"pa_size-46-5-de","26":"pa_size-47-de","28":"first","29":"instock","30":"sale","31":"taxable","32":"shipping-taxable","33":"purchasable","34":"product-type-variable","35":"wvs-archive-product-wrapper"},"acf":[],"yoast_head":"<!-- This site is optimized with the Yoast SEO plugin v26.8 - https:\/\/yoast.com\/product\/yoast-seo-wordpress\/ -->\n<title>Karhu Ikoni 3.5 herren - Laufschuhe - MioMioRun.com<\/title>\n<meta name=\"description\" content=\"KARHU Ikoni 3.5 f\u00fcr Herren: ausgewogener Laufschuh mit stickstoffgef\u00fclltem AeroFoam, Fulcrum-Einheit, atmungsaktivem IdealKnit-Obermaterial und stabilem Halt. Ideal f\u00fcr das t\u00e4gliche Lauftraining.\" \/>\n<meta name=\"robots\" content=\"index, follow, max-snippet:-1, max-image-preview:large, max-video-preview:-1\" \/>\n<link rel=\"canonical\" href=\"https:\/\/www.miomiorun.com\/de\/produkt\/ikoni-3-5-herren\/\" \/>\n<meta property=\"og:locale\" content=\"de_DE\" \/>\n<meta property=\"og:type\" content=\"article\" \/>\n<meta property=\"og:title\" content=\"Karhu Ikoni 3.5 herren - Laufschuhe - MioMioRun.com\" \/>\n<meta property=\"og:description\" content=\"KARHU Ikoni 3.5 f\u00fcr Herren: ausgewogener Laufschuh mit stickstoffgef\u00fclltem AeroFoam, Fulcrum-Einheit, atmungsaktivem IdealKnit-Obermaterial und stabilem Halt. Ideal f\u00fcr das t\u00e4gliche Lauftraining.\" \/>\n<meta property=\"og:url\" content=\"https:\/\/www.miomiorun.com\/de\/produkt\/ikoni-3-5-herren\/\" \/>\n<meta property=\"og:site_name\" content=\"MioMioRun\" \/>\n<meta property=\"article:publisher\" content=\"https:\/\/www.facebook.com\/miomiorun\/\" \/>\n<meta property=\"article:modified_time\" content=\"2026-05-09T10:17:51+00:00\" \/>\n<meta property=\"og:image\" content=\"https:\/\/www.miomiorun.com\/app\/uploads\/2026\/03\/karhu-Ikoni-3.5-real-teal-bright-white-F102025.webp\" \/>\n\t<meta property=\"og:image:width\" content=\"720\" \/>\n\t<meta property=\"og:image:height\" content=\"720\" \/>\n\t<meta property=\"og:image:type\" content=\"image\/webp\" \/>\n<meta name=\"twitter:card\" content=\"summary_large_image\" \/>\n<meta name=\"twitter:label1\" content=\"Est. reading time\" \/>\n\t<meta name=\"twitter:data1\" content=\"2 minutes\" \/>\n<script type=\"application\/ld+json\" class=\"yoast-schema-graph\">{\"@context\":\"https:\/\/schema.org\",\"@graph\":[{\"@type\":\"WebPage\",\"@id\":\"https:\/\/www.miomiorun.com\/de\/produkt\/ikoni-3-5-herren\/\",\"url\":\"https:\/\/www.miomiorun.com\/de\/produkt\/ikoni-3-5-herren\/\",\"name\":\"Karhu Ikoni 3.5 herren - Laufschuhe - MioMioRun.com\",\"isPartOf\":{\"@id\":\"https:\/\/www.miomiorun.com\/de\/#website\"},\"primaryImageOfPage\":{\"@id\":\"https:\/\/www.miomiorun.com\/de\/produkt\/ikoni-3-5-herren\/#primaryimage\"},\"image\":{\"@id\":\"https:\/\/www.miomiorun.com\/de\/produkt\/ikoni-3-5-herren\/#primaryimage\"},\"thumbnailUrl\":\"https:\/\/www.miomiorun.com\/app\/uploads\/2026\/03\/karhu-Ikoni-3.5-real-teal-bright-white-F102025.webp\",\"datePublished\":\"2026-02-02T18:24:46+00:00\",\"dateModified\":\"2026-05-09T10:17:51+00:00\",\"description\":\"KARHU Ikoni 3.5 f\u00fcr Herren: ausgewogener Laufschuh mit stickstoffgef\u00fclltem AeroFoam, Fulcrum-Einheit, atmungsaktivem IdealKnit-Obermaterial und stabilem Halt. Ideal f\u00fcr das t\u00e4gliche Lauftraining.\",\"breadcrumb\":{\"@id\":\"https:\/\/www.miomiorun.com\/de\/produkt\/ikoni-3-5-herren\/#breadcrumb\"},\"inLanguage\":\"de-DE\",\"potentialAction\":[{\"@type\":\"ReadAction\",\"target\":[\"https:\/\/www.miomiorun.com\/de\/produkt\/ikoni-3-5-herren\/\"]}]},{\"@type\":\"ImageObject\",\"inLanguage\":\"de-DE\",\"@id\":\"https:\/\/www.miomiorun.com\/de\/produkt\/ikoni-3-5-herren\/#primaryimage\",\"url\":\"https:\/\/www.miomiorun.com\/app\/uploads\/2026\/03\/karhu-Ikoni-3.5-real-teal-bright-white-F102025.webp\",\"contentUrl\":\"https:\/\/www.miomiorun.com\/app\/uploads\/2026\/03\/karhu-Ikoni-3.5-real-teal-bright-white-F102025.webp\",\"width\":720,\"height\":720,\"caption\":\"karhu Ikoni 3.5 real teal bright white F102025\"},{\"@type\":\"BreadcrumbList\",\"@id\":\"https:\/\/www.miomiorun.com\/de\/produkt\/ikoni-3-5-herren\/#breadcrumb\",\"itemListElement\":[{\"@type\":\"ListItem\",\"position\":1,\"name\":\"Home\",\"item\":\"https:\/\/www.miomiorun.com\/de\/\"},{\"@type\":\"ListItem\",\"position\":2,\"name\":\"Shop\",\"item\":\"https:\/\/www.miomiorun.com\/shop\/\"},{\"@type\":\"ListItem\",\"position\":3,\"name\":\"Ikoni 3.5 herren\"}]},{\"@type\":\"WebSite\",\"@id\":\"https:\/\/www.miomiorun.com\/de\/#website\",\"url\":\"https:\/\/www.miomiorun.com\/de\/\",\"name\":\"MioMioRun\",\"description\":\"100% Lauf- und Trailshop\",\"publisher\":{\"@id\":\"https:\/\/www.miomiorun.com\/de\/#organization\"},\"potentialAction\":[{\"@type\":\"SearchAction\",\"target\":{\"@type\":\"EntryPoint\",\"urlTemplate\":\"https:\/\/www.miomiorun.com\/de\/?s={search_term_string}\"},\"query-input\":{\"@type\":\"PropertyValueSpecification\",\"valueRequired\":true,\"valueName\":\"search_term_string\"}}],\"inLanguage\":\"de-DE\"},{\"@type\":\"Organization\",\"@id\":\"https:\/\/www.miomiorun.com\/de\/#organization\",\"name\":\"MioMio Run\",\"url\":\"https:\/\/www.miomiorun.com\/de\/\",\"logo\":{\"@type\":\"ImageObject\",\"inLanguage\":\"de-DE\",\"@id\":\"https:\/\/www.miomiorun.com\/de\/#\/schema\/logo\/image\/\",\"url\":\"https:\/\/www.miomiorun.com\/app\/uploads\/2019\/12\/logomio.png\",\"contentUrl\":\"https:\/\/www.miomiorun.com\/app\/uploads\/2019\/12\/logomio.png\",\"width\":115,\"height\":82,\"caption\":\"MioMio Run\"},\"image\":{\"@id\":\"https:\/\/www.miomiorun.com\/de\/#\/schema\/logo\/image\/\"},\"sameAs\":[\"https:\/\/www.facebook.com\/miomiorun\/\",\"https:\/\/www.instagram.com\/miomiorun\/\"]}]}<\/script>\n<!-- \/ Yoast SEO plugin. -->","yoast_head_json":{"title":"Karhu Ikoni 3.5 herren - Laufschuhe - MioMioRun.com","description":"KARHU Ikoni 3.5 f\u00fcr Herren: ausgewogener Laufschuh mit stickstoffgef\u00fclltem AeroFoam, Fulcrum-Einheit, atmungsaktivem IdealKnit-Obermaterial und stabilem Halt. Ideal f\u00fcr das t\u00e4gliche Lauftraining.","robots":{"index":"index","follow":"follow","max-snippet":"max-snippet:-1","max-image-preview":"max-image-preview:large","max-video-preview":"max-video-preview:-1"},"canonical":"https:\/\/www.miomiorun.com\/de\/produkt\/ikoni-3-5-herren\/","og_locale":"de_DE","og_type":"article","og_title":"Karhu Ikoni 3.5 herren - Laufschuhe - MioMioRun.com","og_description":"KARHU Ikoni 3.5 f\u00fcr Herren: ausgewogener Laufschuh mit stickstoffgef\u00fclltem AeroFoam, Fulcrum-Einheit, atmungsaktivem IdealKnit-Obermaterial und stabilem Halt. Ideal f\u00fcr das t\u00e4gliche Lauftraining.","og_url":"https:\/\/www.miomiorun.com\/de\/produkt\/ikoni-3-5-herren\/","og_site_name":"MioMioRun","article_publisher":"https:\/\/www.facebook.com\/miomiorun\/","article_modified_time":"2026-05-09T10:17:51+00:00","og_image":[{"width":720,"height":720,"url":"https:\/\/www.miomiorun.com\/app\/uploads\/2026\/03\/karhu-Ikoni-3.5-real-teal-bright-white-F102025.webp","type":"image\/webp"}],"twitter_card":"summary_large_image","twitter_misc":{"Est. reading time":"2 minutes"},"schema":{"@context":"https:\/\/schema.org","@graph":[{"@type":"WebPage","@id":"https:\/\/www.miomiorun.com\/de\/produkt\/ikoni-3-5-herren\/","url":"https:\/\/www.miomiorun.com\/de\/produkt\/ikoni-3-5-herren\/","name":"Karhu Ikoni 3.5 herren - Laufschuhe - MioMioRun.com","isPartOf":{"@id":"https:\/\/www.miomiorun.com\/de\/#website"},"primaryImageOfPage":{"@id":"https:\/\/www.miomiorun.com\/de\/produkt\/ikoni-3-5-herren\/#primaryimage"},"image":{"@id":"https:\/\/www.miomiorun.com\/de\/produkt\/ikoni-3-5-herren\/#primaryimage"},"thumbnailUrl":"https:\/\/www.miomiorun.com\/app\/uploads\/2026\/03\/karhu-Ikoni-3.5-real-teal-bright-white-F102025.webp","datePublished":"2026-02-02T18:24:46+00:00","dateModified":"2026-05-09T10:17:51+00:00","description":"KARHU Ikoni 3.5 f\u00fcr Herren: ausgewogener Laufschuh mit stickstoffgef\u00fclltem AeroFoam, Fulcrum-Einheit, atmungsaktivem IdealKnit-Obermaterial und stabilem Halt. Ideal f\u00fcr das t\u00e4gliche Lauftraining.","breadcrumb":{"@id":"https:\/\/www.miomiorun.com\/de\/produkt\/ikoni-3-5-herren\/#breadcrumb"},"inLanguage":"de-DE","potentialAction":[{"@type":"ReadAction","target":["https:\/\/www.miomiorun.com\/de\/produkt\/ikoni-3-5-herren\/"]}]},{"@type":"ImageObject","inLanguage":"de-DE","@id":"https:\/\/www.miomiorun.com\/de\/produkt\/ikoni-3-5-herren\/#primaryimage","url":"https:\/\/www.miomiorun.com\/app\/uploads\/2026\/03\/karhu-Ikoni-3.5-real-teal-bright-white-F102025.webp","contentUrl":"https:\/\/www.miomiorun.com\/app\/uploads\/2026\/03\/karhu-Ikoni-3.5-real-teal-bright-white-F102025.webp","width":720,"height":720,"caption":"karhu Ikoni 3.5 real teal bright white F102025"},{"@type":"BreadcrumbList","@id":"https:\/\/www.miomiorun.com\/de\/produkt\/ikoni-3-5-herren\/#breadcrumb","itemListElement":[{"@type":"ListItem","position":1,"name":"Home","item":"https:\/\/www.miomiorun.com\/de\/"},{"@type":"ListItem","position":2,"name":"Shop","item":"https:\/\/www.miomiorun.com\/shop\/"},{"@type":"ListItem","position":3,"name":"Ikoni 3.5 herren"}]},{"@type":"WebSite","@id":"https:\/\/www.miomiorun.com\/de\/#website","url":"https:\/\/www.miomiorun.com\/de\/","name":"MioMioRun","description":"100% Lauf- und Trailshop","publisher":{"@id":"https:\/\/www.miomiorun.com\/de\/#organization"},"potentialAction":[{"@type":"SearchAction","target":{"@type":"EntryPoint","urlTemplate":"https:\/\/www.miomiorun.com\/de\/?s={search_term_string}"},"query-input":{"@type":"PropertyValueSpecification","valueRequired":true,"valueName":"search_term_string"}}],"inLanguage":"de-DE"},{"@type":"Organization","@id":"https:\/\/www.miomiorun.com\/de\/#organization","name":"MioMio Run","url":"https:\/\/www.miomiorun.com\/de\/","logo":{"@type":"ImageObject","inLanguage":"de-DE","@id":"https:\/\/www.miomiorun.com\/de\/#\/schema\/logo\/image\/","url":"https:\/\/www.miomiorun.com\/app\/uploads\/2019\/12\/logomio.png","contentUrl":"https:\/\/www.miomiorun.com\/app\/uploads\/2019\/12\/logomio.png","width":115,"height":82,"caption":"MioMio Run"},"image":{"@id":"https:\/\/www.miomiorun.com\/de\/#\/schema\/logo\/image\/"},"sameAs":["https:\/\/www.facebook.com\/miomiorun\/","https:\/\/www.instagram.com\/miomiorun\/"]}]}},"_links":{"self":[{"href":"https:\/\/www.miomiorun.com\/de\/wp-json\/wp\/v2\/product\/394123","targetHints":{"allow":["GET"]}}],"collection":[{"href":"https:\/\/www.miomiorun.com\/de\/wp-json\/wp\/v2\/product"}],"about":[{"href":"https:\/\/www.miomiorun.com\/de\/wp-json\/wp\/v2\/types\/product"}],"wp:featuredmedia":[{"embeddable":true,"href":"https:\/\/www.miomiorun.com\/de\/wp-json\/wp\/v2\/media\/414509"}],"wp:attachment":[{"href":"https:\/\/www.miomiorun.com\/de\/wp-json\/wp\/v2\/media?parent=394123"}],"wp:term":[{"taxonomy":"product_brand","embeddable":true,"href":"https:\/\/www.miomiorun.com\/de\/wp-json\/wp\/v2\/product_brand?post=394123"},{"taxonomy":"product_cat","embeddable":true,"href":"https:\/\/www.miomiorun.com\/de\/wp-json\/wp\/v2\/product_cat?post=394123"},{"taxonomy":"product_tag","embeddable":true,"href":"https:\/\/www.miomiorun.com\/de\/wp-json\/wp\/v2\/product_tag?post=394123"}],"curies":[{"name":"wp","href":"https:\/\/api.w.org\/{rel}","templated":true}]}}