{"id":393986,"date":"2026-02-02T18:09:00","date_gmt":"2026-02-02T17:09:00","guid":{"rendered":"https:\/\/www.miomiorun.com\/?post_type=product&#038;p=393986"},"modified":"2026-05-09T12:16:09","modified_gmt":"2026-05-09T10:16:09","slug":"cielo-x1-3-0","status":"publish","type":"product","link":"https:\/\/www.miomiorun.com\/de\/produkt\/cielo-x1-3-0\/","title":{"rendered":"Cielo X1 3.0"},"content":{"rendered":"<table class=\" aligncenter\" style=\"border-collapse: collapse;width: 100%\">\n<tbody>\n<tr>\n<td style=\"width: 33.3333%;vertical-align: top\">\n<p style=\"text-align: center\"><strong>Technische Daten<\/strong><\/p>\n<p style=\"text-align: center\">Sprengung: 7 mm<br \/>\nGewicht: 228 g<br \/>\nIdeal f\u00fcr: L\u00e4ufer, die einen Schuh suchen, um an Spitzenwettk\u00e4mpfen teilzunehmen, ihre pers\u00f6nlichen Bestleistungen zu brechen und auf das Podium zu kommen.<br \/>\nGewicht des L\u00e4ufers: 60\u201375 kg<br \/>\nLauftempo: schnell &lt; 4:00 min\/km<br \/>\n<a href=\"https:\/\/miomiorun.com\/guida-alle-specifiche-tecniche\/\">Leitfaden zu den technischen Daten<\/a><\/p>\n<p><div style=\"width: 1298px;\" class=\"wp-video\"><video class=\"wp-video-shortcode\" id=\"video-393986-1\" width=\"1298\" height=\"1200\" preload=\"metadata\" controls=\"controls\"><source type=\"video\/mp4\" src=\"https:\/\/www.miomiorun.com\/app\/uploads\/2026\/02\/cielo-x-1-3.0.mp4?_=1\" \/><a href=\"https:\/\/www.miomiorun.com\/app\/uploads\/2026\/02\/cielo-x-1-3.0.mp4\">https:\/\/www.miomiorun.com\/app\/uploads\/2026\/02\/cielo-x-1-3.0.mp4<\/a><\/video><\/div><\/td>\n<td style=\"width: 66.6666%;vertical-align: top\">\n<p data-start=\"155\" data-end=\"505\">Der <strong data-start=\"158\" data-end=\"174\">Cielo X1 3.0<\/strong> steht f\u00fcr pure <strong data-start=\"182\" data-end=\"202\">Wettkampfgeschwindigkeit<\/strong> und wurde f\u00fcr diejenigen entwickelt, die auf der \u00dcberholspur laufen und nach maximaler Leistung streben. Er ist der <strong data-start=\"293\" data-end=\"328\">Spitzen-Wettkampfschuh<\/strong> und der <strong data-start=\"334\" data-end=\"364\">leichteste, der je in seiner Kategorie hergestellt wurde<\/strong>, mit einem gegen\u00fcber der Vorg\u00e4ngerversion weiter reduzierten Gewicht f\u00fcr ein noch explosiveres und reaktionsfreudigeres Laufgef\u00fchl.<\/p>\n<p data-start=\"507\" data-end=\"901\">Entwickelt, um den Schritt anzutreiben, verf\u00fcgt er \u00fcber eine <strong data-start=\"555\" data-end=\"598\">Antriebsplatte aus Carbonfaser<\/strong>, die im Zusammenspiel mit dem <strong data-start=\"629\" data-end=\"669\">extrem weichen und reaktiven PEBA-Schaumstoff<\/strong> eine hohe Energier\u00fcckgabe und sofortige Beschleunigung bietet. Die <strong data-start=\"737\" data-end=\"771\">optimierte Fersenform<\/strong> verbessert Stabilit\u00e4t und Kontrolle bei hohen Geschwindigkeiten, w\u00e4hrend die <strong data-start=\"832\" data-end=\"860\">asymmetrische Schn\u00fcrung<\/strong> f\u00fcr einen sichereren und umh\u00fcllenden Sitz sorgt.<\/p>\n<p data-start=\"903\" data-end=\"1390\">Das <strong data-start=\"906\" data-end=\"958\">innovative Obermaterial aus offenmaschigem Gewebe<\/strong> garantiert extreme Atmungsaktivit\u00e4t und Leichtigkeit, unterst\u00fctzt durch eine <strong data-start=\"1025\" data-end=\"1062\">dynamische, elastische Manschette<\/strong> (zum Patent angemeldet), die die nat\u00fcrliche Bewegung des Fu\u00dfes begleitet. Die <strong data-start=\"1138\" data-end=\"1186\">geformte Polyurethan-Sohle<\/strong> bietet <strong data-start=\"1193\" data-end=\"1215\">\u00fcberragende Traktion<\/strong>, was entscheidend ist, wenn man auf der Bahn nach Rekorden jagt. Auf ein Minimum reduzierte Materialien an Ferse und Zunge runden einen Schuh ab, der daf\u00fcr gebaut ist, schnell zu sein \u2013 ohne Kompromisse.<\/p>\n<table style=\"border-collapse: collapse;width: 100%\">\n<tbody>\n<tr>\n<td style=\"width: 20%\"><img decoding=\"async\" src=\"https:\/\/dms.deckers.com\/hoka\/image\/upload\/v1768389552\/cushion_1.svg\" alt=\"Icona dell\u2019ammortizzazione\"><\/p>\n<h3>Reaktiv<\/h3>\n<\/td>\n<td style=\"width: 20%\"><img decoding=\"async\" src=\"https:\/\/dms.deckers.com\/hoka\/image\/upload\/v1768389554\/stability.svg\" alt=\"Icona della stabilit\u00e0\"><\/p>\n<h3>Neutral<\/h3>\n<\/td>\n<td style=\"width: 20%\"><img decoding=\"async\" src=\"https:\/\/dms.deckers.com\/hoka\/image\/upload\/v1768389554\/weight.svg\" alt=\"Icona della leggerezza\"><\/p>\n<h3>213 g* (15 g weniger als die Vorg\u00e4ngerversion)<\/h3>\n<\/td>\n<td style=\"width: 20%\"><img decoding=\"async\" src=\"https:\/\/dms.deckers.com\/hoka\/image\/upload\/v1768389553\/heel-to-toe_drop.svg\" alt=\"Icona del drop tacco-punta\"><\/p>\n<h3>7 mm Sprengung<\/h3>\n<\/td>\n<td style=\"width: 20%\"><img decoding=\"async\" src=\"https:\/\/dms.deckers.com\/hoka\/image\/upload\/v1768389552\/heel_stack.svg\" alt=\"Icona dello stack del tallone\"><\/p>\n<h3>38 mm Fersenh\u00f6he<\/h3>\n<\/td>\n<\/tr>\n<\/tbody>\n<\/table>\n<div class=\"icon-box\">\n<div class=\"tooltip-wrapper\">\n<div class=\"icon\">\n<p>&nbsp;<\/p>\n<\/div>\n<\/div>\n<\/div>\n<div class=\"icon-box\">\n<div class=\"tooltip-wrapper\">\n<div class=\"icon\">\n<h3><\/h3>\n<\/div>\n<\/div>\n<\/div>\n<\/td>\n<\/tr>\n<\/tbody>\n<\/table>\n","protected":false},"excerpt":{"rendered":"<ul>\n<li data-start=\"1620\" data-end=\"1702\">Sohle aus <strong data-start=\"1631\" data-end=\"1652\">Kohlefaser<\/strong> und <strong data-start=\"1663\" data-end=\"1671\">PEBA-Schaumstoff<\/strong> f\u00fcr Antrieb und Reaktionsf\u00e4higkeit<\/li>\n<li data-start=\"1705\" data-end=\"1774\">Ultraleichtes Obermaterial mit offener Struktur und <strong data-start=\"1744\" data-end=\"1772\">asymmetrischer Schn\u00fcrung<\/strong><\/li>\n<li data-start=\"1777\" data-end=\"1857\">Sohle mit hoher Traktion und optimierter Fersenpartie f\u00fcr Stabilit\u00e4t bei hohen Geschwindigkeiten<\/li>\n<\/ul>\n","protected":false},"featured_media":397682,"template":"","meta":{"_acf_changed":false,"inline_featured_image":false},"product_brand":[],"product_cat":[6507,6506,6474,6475],"product_tag":[3373,6228,6226],"class_list":{"0":"post-393986","1":"product","2":"type-product","3":"status-publish","4":"has-post-thumbnail","6":"product_cat-herren-schuhe-de","7":"product_cat-neutrale-herren-schuhe-de","8":"product_cat-damenschuhe","9":"product_cat-neutral","10":"product_tag-hoka-one-one-de","11":"product_tag-hoka-one-one-damen-de","12":"product_tag-hoka-one-one-herren-de","13":"pa_attivita-running-de","14":"pa_colore-cielo-x1-3-0-alabaster-yellow-gold","15":"pa_colore-cielo-x1-3-0-neon-yuzu-thyme","16":"pa_marca-hoka-de","17":"pa_sesso-damen","18":"pa_sesso-herren","19":"pa_size-41-de","20":"pa_size-42-de","22":"pa_size-43-de","23":"pa_size-44-de","25":"pa_size-45-de","27":"first","28":"instock","29":"sale","30":"taxable","31":"shipping-taxable","32":"purchasable","33":"product-type-variable","34":"wvs-archive-product-wrapper"},"acf":[],"yoast_head":"<!-- This site is optimized with the Yoast SEO plugin v26.8 - https:\/\/yoast.com\/product\/yoast-seo-wordpress\/ -->\n<title>Hoka Cielo X1 3.0 - Laufschuhe - MioMioRun.com<\/title>\n<meta name=\"description\" content=\"Cielo X1 3.0 Unisex: ultraleichter Wettkampfschuh mit Carbonplatte, reaktivem PEBA-Schaumstoff und asymmetrischer Schn\u00fcrung. Maximale Antriebskraft und Geschwindigkeit auf der Bahn.\" \/>\n<meta name=\"robots\" content=\"index, follow, max-snippet:-1, max-image-preview:large, max-video-preview:-1\" \/>\n<link rel=\"canonical\" href=\"https:\/\/www.miomiorun.com\/de\/produkt\/cielo-x1-3-0\/\" \/>\n<meta property=\"og:locale\" content=\"de_DE\" \/>\n<meta property=\"og:type\" content=\"article\" \/>\n<meta property=\"og:title\" content=\"Hoka Cielo X1 3.0 - Laufschuhe - MioMioRun.com\" \/>\n<meta property=\"og:description\" content=\"Cielo X1 3.0 Unisex: ultraleichter Wettkampfschuh mit Carbonplatte, reaktivem PEBA-Schaumstoff und asymmetrischer Schn\u00fcrung. Maximale Antriebskraft und Geschwindigkeit auf der Bahn.\" \/>\n<meta property=\"og:url\" content=\"https:\/\/www.miomiorun.com\/de\/produkt\/cielo-x1-3-0\/\" \/>\n<meta property=\"og:site_name\" content=\"MioMioRun\" \/>\n<meta property=\"article:publisher\" content=\"https:\/\/www.facebook.com\/miomiorun\/\" \/>\n<meta property=\"article:modified_time\" content=\"2026-05-09T10:16:09+00:00\" \/>\n<meta property=\"og:image\" content=\"https:\/\/www.miomiorun.com\/app\/uploads\/2026\/02\/hoka-Cielo-X1-3.0-alabaster-yellow-gold-1171927-AYL.webp\" \/>\n\t<meta property=\"og:image:width\" content=\"720\" \/>\n\t<meta property=\"og:image:height\" content=\"720\" \/>\n\t<meta property=\"og:image:type\" content=\"image\/webp\" \/>\n<meta name=\"twitter:card\" content=\"summary_large_image\" \/>\n<meta name=\"twitter:label1\" content=\"Est. reading time\" \/>\n\t<meta name=\"twitter:data1\" content=\"2 minutes\" \/>\n<script type=\"application\/ld+json\" class=\"yoast-schema-graph\">{\"@context\":\"https:\/\/schema.org\",\"@graph\":[{\"@type\":\"WebPage\",\"@id\":\"https:\/\/www.miomiorun.com\/de\/produkt\/cielo-x1-3-0\/\",\"url\":\"https:\/\/www.miomiorun.com\/de\/produkt\/cielo-x1-3-0\/\",\"name\":\"Hoka Cielo X1 3.0 - Laufschuhe - MioMioRun.com\",\"isPartOf\":{\"@id\":\"https:\/\/www.miomiorun.com\/de\/#website\"},\"primaryImageOfPage\":{\"@id\":\"https:\/\/www.miomiorun.com\/de\/produkt\/cielo-x1-3-0\/#primaryimage\"},\"image\":{\"@id\":\"https:\/\/www.miomiorun.com\/de\/produkt\/cielo-x1-3-0\/#primaryimage\"},\"thumbnailUrl\":\"https:\/\/www.miomiorun.com\/app\/uploads\/2026\/02\/hoka-Cielo-X1-3.0-alabaster-yellow-gold-1171927-AYL.webp\",\"datePublished\":\"2026-02-02T17:09:00+00:00\",\"dateModified\":\"2026-05-09T10:16:09+00:00\",\"description\":\"Cielo X1 3.0 Unisex: ultraleichter Wettkampfschuh mit Carbonplatte, reaktivem PEBA-Schaumstoff und asymmetrischer Schn\u00fcrung. Maximale Antriebskraft und Geschwindigkeit auf der Bahn.\",\"breadcrumb\":{\"@id\":\"https:\/\/www.miomiorun.com\/de\/produkt\/cielo-x1-3-0\/#breadcrumb\"},\"inLanguage\":\"de-DE\",\"potentialAction\":[{\"@type\":\"ReadAction\",\"target\":[\"https:\/\/www.miomiorun.com\/de\/produkt\/cielo-x1-3-0\/\"]}]},{\"@type\":\"ImageObject\",\"inLanguage\":\"de-DE\",\"@id\":\"https:\/\/www.miomiorun.com\/de\/produkt\/cielo-x1-3-0\/#primaryimage\",\"url\":\"https:\/\/www.miomiorun.com\/app\/uploads\/2026\/02\/hoka-Cielo-X1-3.0-alabaster-yellow-gold-1171927-AYL.webp\",\"contentUrl\":\"https:\/\/www.miomiorun.com\/app\/uploads\/2026\/02\/hoka-Cielo-X1-3.0-alabaster-yellow-gold-1171927-AYL.webp\",\"width\":720,\"height\":720,\"caption\":\"hoka Cielo X1 3.0 alabaster yellow gold 1171927 AYL\"},{\"@type\":\"BreadcrumbList\",\"@id\":\"https:\/\/www.miomiorun.com\/de\/produkt\/cielo-x1-3-0\/#breadcrumb\",\"itemListElement\":[{\"@type\":\"ListItem\",\"position\":1,\"name\":\"Home\",\"item\":\"https:\/\/www.miomiorun.com\/de\/\"},{\"@type\":\"ListItem\",\"position\":2,\"name\":\"Shop\",\"item\":\"https:\/\/www.miomiorun.com\/shop\/\"},{\"@type\":\"ListItem\",\"position\":3,\"name\":\"Cielo X1 3.0\"}]},{\"@type\":\"WebSite\",\"@id\":\"https:\/\/www.miomiorun.com\/de\/#website\",\"url\":\"https:\/\/www.miomiorun.com\/de\/\",\"name\":\"MioMioRun\",\"description\":\"100% Lauf- und Trailshop\",\"publisher\":{\"@id\":\"https:\/\/www.miomiorun.com\/de\/#organization\"},\"potentialAction\":[{\"@type\":\"SearchAction\",\"target\":{\"@type\":\"EntryPoint\",\"urlTemplate\":\"https:\/\/www.miomiorun.com\/de\/?s={search_term_string}\"},\"query-input\":{\"@type\":\"PropertyValueSpecification\",\"valueRequired\":true,\"valueName\":\"search_term_string\"}}],\"inLanguage\":\"de-DE\"},{\"@type\":\"Organization\",\"@id\":\"https:\/\/www.miomiorun.com\/de\/#organization\",\"name\":\"MioMio Run\",\"url\":\"https:\/\/www.miomiorun.com\/de\/\",\"logo\":{\"@type\":\"ImageObject\",\"inLanguage\":\"de-DE\",\"@id\":\"https:\/\/www.miomiorun.com\/de\/#\/schema\/logo\/image\/\",\"url\":\"https:\/\/www.miomiorun.com\/app\/uploads\/2019\/12\/logomio.png\",\"contentUrl\":\"https:\/\/www.miomiorun.com\/app\/uploads\/2019\/12\/logomio.png\",\"width\":115,\"height\":82,\"caption\":\"MioMio Run\"},\"image\":{\"@id\":\"https:\/\/www.miomiorun.com\/de\/#\/schema\/logo\/image\/\"},\"sameAs\":[\"https:\/\/www.facebook.com\/miomiorun\/\",\"https:\/\/www.instagram.com\/miomiorun\/\"]}]}<\/script>\n<!-- \/ Yoast SEO plugin. -->","yoast_head_json":{"title":"Hoka Cielo X1 3.0 - Laufschuhe - MioMioRun.com","description":"Cielo X1 3.0 Unisex: ultraleichter Wettkampfschuh mit Carbonplatte, reaktivem PEBA-Schaumstoff und asymmetrischer Schn\u00fcrung. Maximale Antriebskraft und Geschwindigkeit auf der Bahn.","robots":{"index":"index","follow":"follow","max-snippet":"max-snippet:-1","max-image-preview":"max-image-preview:large","max-video-preview":"max-video-preview:-1"},"canonical":"https:\/\/www.miomiorun.com\/de\/produkt\/cielo-x1-3-0\/","og_locale":"de_DE","og_type":"article","og_title":"Hoka Cielo X1 3.0 - Laufschuhe - MioMioRun.com","og_description":"Cielo X1 3.0 Unisex: ultraleichter Wettkampfschuh mit Carbonplatte, reaktivem PEBA-Schaumstoff und asymmetrischer Schn\u00fcrung. Maximale Antriebskraft und Geschwindigkeit auf der Bahn.","og_url":"https:\/\/www.miomiorun.com\/de\/produkt\/cielo-x1-3-0\/","og_site_name":"MioMioRun","article_publisher":"https:\/\/www.facebook.com\/miomiorun\/","article_modified_time":"2026-05-09T10:16:09+00:00","og_image":[{"width":720,"height":720,"url":"https:\/\/www.miomiorun.com\/app\/uploads\/2026\/02\/hoka-Cielo-X1-3.0-alabaster-yellow-gold-1171927-AYL.webp","type":"image\/webp"}],"twitter_card":"summary_large_image","twitter_misc":{"Est. reading time":"2 minutes"},"schema":{"@context":"https:\/\/schema.org","@graph":[{"@type":"WebPage","@id":"https:\/\/www.miomiorun.com\/de\/produkt\/cielo-x1-3-0\/","url":"https:\/\/www.miomiorun.com\/de\/produkt\/cielo-x1-3-0\/","name":"Hoka Cielo X1 3.0 - Laufschuhe - MioMioRun.com","isPartOf":{"@id":"https:\/\/www.miomiorun.com\/de\/#website"},"primaryImageOfPage":{"@id":"https:\/\/www.miomiorun.com\/de\/produkt\/cielo-x1-3-0\/#primaryimage"},"image":{"@id":"https:\/\/www.miomiorun.com\/de\/produkt\/cielo-x1-3-0\/#primaryimage"},"thumbnailUrl":"https:\/\/www.miomiorun.com\/app\/uploads\/2026\/02\/hoka-Cielo-X1-3.0-alabaster-yellow-gold-1171927-AYL.webp","datePublished":"2026-02-02T17:09:00+00:00","dateModified":"2026-05-09T10:16:09+00:00","description":"Cielo X1 3.0 Unisex: ultraleichter Wettkampfschuh mit Carbonplatte, reaktivem PEBA-Schaumstoff und asymmetrischer Schn\u00fcrung. Maximale Antriebskraft und Geschwindigkeit auf der Bahn.","breadcrumb":{"@id":"https:\/\/www.miomiorun.com\/de\/produkt\/cielo-x1-3-0\/#breadcrumb"},"inLanguage":"de-DE","potentialAction":[{"@type":"ReadAction","target":["https:\/\/www.miomiorun.com\/de\/produkt\/cielo-x1-3-0\/"]}]},{"@type":"ImageObject","inLanguage":"de-DE","@id":"https:\/\/www.miomiorun.com\/de\/produkt\/cielo-x1-3-0\/#primaryimage","url":"https:\/\/www.miomiorun.com\/app\/uploads\/2026\/02\/hoka-Cielo-X1-3.0-alabaster-yellow-gold-1171927-AYL.webp","contentUrl":"https:\/\/www.miomiorun.com\/app\/uploads\/2026\/02\/hoka-Cielo-X1-3.0-alabaster-yellow-gold-1171927-AYL.webp","width":720,"height":720,"caption":"hoka Cielo X1 3.0 alabaster yellow gold 1171927 AYL"},{"@type":"BreadcrumbList","@id":"https:\/\/www.miomiorun.com\/de\/produkt\/cielo-x1-3-0\/#breadcrumb","itemListElement":[{"@type":"ListItem","position":1,"name":"Home","item":"https:\/\/www.miomiorun.com\/de\/"},{"@type":"ListItem","position":2,"name":"Shop","item":"https:\/\/www.miomiorun.com\/shop\/"},{"@type":"ListItem","position":3,"name":"Cielo X1 3.0"}]},{"@type":"WebSite","@id":"https:\/\/www.miomiorun.com\/de\/#website","url":"https:\/\/www.miomiorun.com\/de\/","name":"MioMioRun","description":"100% Lauf- und Trailshop","publisher":{"@id":"https:\/\/www.miomiorun.com\/de\/#organization"},"potentialAction":[{"@type":"SearchAction","target":{"@type":"EntryPoint","urlTemplate":"https:\/\/www.miomiorun.com\/de\/?s={search_term_string}"},"query-input":{"@type":"PropertyValueSpecification","valueRequired":true,"valueName":"search_term_string"}}],"inLanguage":"de-DE"},{"@type":"Organization","@id":"https:\/\/www.miomiorun.com\/de\/#organization","name":"MioMio Run","url":"https:\/\/www.miomiorun.com\/de\/","logo":{"@type":"ImageObject","inLanguage":"de-DE","@id":"https:\/\/www.miomiorun.com\/de\/#\/schema\/logo\/image\/","url":"https:\/\/www.miomiorun.com\/app\/uploads\/2019\/12\/logomio.png","contentUrl":"https:\/\/www.miomiorun.com\/app\/uploads\/2019\/12\/logomio.png","width":115,"height":82,"caption":"MioMio Run"},"image":{"@id":"https:\/\/www.miomiorun.com\/de\/#\/schema\/logo\/image\/"},"sameAs":["https:\/\/www.facebook.com\/miomiorun\/","https:\/\/www.instagram.com\/miomiorun\/"]}]}},"_links":{"self":[{"href":"https:\/\/www.miomiorun.com\/de\/wp-json\/wp\/v2\/product\/393986","targetHints":{"allow":["GET"]}}],"collection":[{"href":"https:\/\/www.miomiorun.com\/de\/wp-json\/wp\/v2\/product"}],"about":[{"href":"https:\/\/www.miomiorun.com\/de\/wp-json\/wp\/v2\/types\/product"}],"wp:featuredmedia":[{"embeddable":true,"href":"https:\/\/www.miomiorun.com\/de\/wp-json\/wp\/v2\/media\/397682"}],"wp:attachment":[{"href":"https:\/\/www.miomiorun.com\/de\/wp-json\/wp\/v2\/media?parent=393986"}],"wp:term":[{"taxonomy":"product_brand","embeddable":true,"href":"https:\/\/www.miomiorun.com\/de\/wp-json\/wp\/v2\/product_brand?post=393986"},{"taxonomy":"product_cat","embeddable":true,"href":"https:\/\/www.miomiorun.com\/de\/wp-json\/wp\/v2\/product_cat?post=393986"},{"taxonomy":"product_tag","embeddable":true,"href":"https:\/\/www.miomiorun.com\/de\/wp-json\/wp\/v2\/product_tag?post=393986"}],"curies":[{"name":"wp","href":"https:\/\/api.w.org\/{rel}","templated":true}]}}