{"id":393873,"date":"2026-02-02T17:54:08","date_gmt":"2026-02-02T16:54:08","guid":{"rendered":"https:\/\/www.miomiorun.com\/?post_type=product&#038;p=393873"},"modified":"2026-04-16T18:43:48","modified_gmt":"2026-04-16T16:43:48","slug":"rocket-x-trail-herren","status":"publish","type":"product","link":"https:\/\/www.miomiorun.com\/de\/produkt\/rocket-x-trail-herren\/","title":{"rendered":"Rocket X Trail herren"},"content":{"rendered":"<table style=\"border-collapse: collapse;width: 100%\">\n<tbody>\n<tr>\n<td style=\"width: 33.3333%;vertical-align: top;text-align: center\"><strong>Technische Daten<\/strong><\/p>\n<p>Kategorie: reaktive D\u00e4mpfung<br \/>\nOffset: 6 mm<br \/>\nGewicht: 268 g<br \/>\nIdeal f\u00fcr: Trailrunner, die ein leichtes, gut ged\u00e4mpftes und extrem dynamisches Modell suchen, das auch auf unbefestigten Wegen maximale Vorw\u00e4rtskraft vermittelt.<br \/>\nGewicht des Athleten: 60-70 kg<br \/>\nLaufgeschwindigkeit: mittel-schnell (4,30-6,00 min\/km)<br \/>\n<a href=\"https:\/\/miomiorun.com\/guida-alle-specifiche-tecniche\/\">Leitfaden zu den technischen Spezifikationen<\/a><\/td>\n<td style=\"width: 66.6666%;vertical-align: top;text-align: center\">\n<p data-start=\"150\" data-end=\"487\">Der <strong data-start=\"153\" data-end=\"171\">Rocket X Trail<\/strong> wurde f\u00fcr alle entwickelt, die <strong data-start=\"199\" data-end=\"243\">auf unbefestigten Wegen und Schotter maximal Gas geben<\/strong> und dabei das von Stra\u00dfenrennen inspirierte Geschwindigkeitsgef\u00fchl beibehalten m\u00f6chten. Er wurde f\u00fcr anspruchsvolle Trails und Schotterwege entwickelt und kombiniert aggressive Geometrien, leichte Materialien und einen kraftvollen Antrieb f\u00fcr ein schnelles und kontrolliertes Laufen.<\/p>\n<p data-start=\"489\" data-end=\"869\">Der <strong data-start=\"492\" data-end=\"517\">aggressive MetaRocker<\/strong> sorgt f\u00fcr einen schnellen \u00dcbergang und kontinuierlichen Antrieb, w\u00e4hrend die <strong data-start=\"584\" data-end=\"621\">H-Platte aus Carbonfaser<\/strong> f\u00fcr einen <strong data-start=\"637\" data-end=\"661\">dynamischen Antrieb<\/strong> und ein unmittelbares Ansprechverhalten sorgt. Die <strong data-start=\"690\" data-end=\"729\">reaktionsfreudige, doppellagige Zwischensohle<\/strong> aus <strong data-start=\"733\" data-end=\"755\">A-TPU-Superschaum<\/strong> bietet eine hohe Energier\u00fcckgabe bei geringem Gewicht und ist ideal f\u00fcr schnelles Laufen auf festem Untergrund.<\/p>\n<p data-start=\"871\" data-end=\"1318\">Das <strong data-start=\"874\" data-end=\"895\">essentielle Obermaterial<\/strong> aus <strong data-start=\"911\" data-end=\"941\">leichtem, atmungsaktivem Mesh<\/strong> sorgt f\u00fcr Stabilit\u00e4t und Kontrolle. Die <strong data-start=\"978\" data-end=\"1015\">dynamische, elastische Maske<\/strong> (zum Patent angemeldet) passt sich der nat\u00fcrlichen W\u00f6lbung des Fu\u00dfes an, w\u00e4hrend die <strong data-start=\"1098\" data-end=\"1126\">minimalistische, glatte Zunge<\/strong> f\u00fcr weniger Volumen sorgt. Die <strong data-start=\"1151\" data-end=\"1184\">minimalistische, zonierte Gummisohle<\/strong> eliminiert \u00fcberfl\u00fcssiges Gewicht und sorgt f\u00fcr zuverl\u00e4ssigen Halt, erg\u00e4nzt durch ein <strong data-start=\"1261\" data-end=\"1283\">3-mm-Profil<\/strong> f\u00fcr Traktion auf unbefestigten Wegen und Kies.\n<\/p>\n<\/p>\n<\/td>\n<\/tr>\n<\/tbody>\n<\/table>\n<p>&nbsp;<\/p>\n","protected":false},"excerpt":{"rendered":"<ul>\n<li data-start=\"1548\" data-end=\"1631\">H-f\u00f6rmige Carbonfaserplatte und aggressiver MetaRocker f\u00fcr maximalen Antrieb<\/li>\n<li data-start=\"1634\" data-end=\"1705\">Leichte A-TPU-Superschaum-Zwischensohle mit hoher Energier\u00fcckgabe<\/li>\n<li data-start=\"1708\" data-end=\"1776\">Minimale Sohle mit 3 mm Profil f\u00fcr Grip auf unbefestigten Wegen und Kies<\/li>\n<\/ul>\n","protected":false},"featured_media":398742,"template":"","meta":{"_acf_changed":false,"inline_featured_image":false},"product_brand":[],"product_cat":[6507,6504],"product_tag":[3373,6226],"class_list":{"0":"post-393873","1":"product","2":"type-product","3":"status-publish","4":"has-post-thumbnail","6":"product_cat-herren-schuhe-de","7":"product_cat-trail","8":"product_tag-hoka-one-one-de","9":"product_tag-hoka-one-one-herren-de","10":"pa_attivita-outdoor-de","11":"pa_attivita-trail-de","12":"pa_colore-rocket-x-trail-neon-yuzu-neon-flame","13":"pa_marca-hoka-de","14":"pa_sesso-herren","15":"pa_size-42-de","17":"pa_size-43-de","18":"pa_size-44-de","20":"pa_size-45-de","22":"first","23":"instock","24":"sale","25":"taxable","26":"shipping-taxable","27":"purchasable","28":"product-type-variable","29":"wvs-archive-product-wrapper"},"acf":[],"yoast_head":"<!-- This site is optimized with the Yoast SEO plugin v26.8 - https:\/\/yoast.com\/product\/yoast-seo-wordpress\/ -->\n<title>Hoka Rocket X Trail herren -Trailschuhe - MioMioRun.com<\/title>\n<meta name=\"description\" content=\"Rocket X Trail: Hochgeschwindigkeits-Trail- und Gravel-Schuh mit H-f\u00f6rmiger Carbonplatte, aggressivem MetaRocker und reaktionsfreudiger A-TPU-Zwischensohle. Leicht, stabil und schnell.\" \/>\n<meta name=\"robots\" content=\"index, follow, max-snippet:-1, max-image-preview:large, max-video-preview:-1\" \/>\n<link rel=\"canonical\" href=\"https:\/\/www.miomiorun.com\/de\/produkt\/rocket-x-trail-herren\/\" \/>\n<meta property=\"og:locale\" content=\"de_DE\" \/>\n<meta property=\"og:type\" content=\"article\" \/>\n<meta property=\"og:title\" content=\"Hoka Rocket X Trail herren -Trailschuhe - MioMioRun.com\" \/>\n<meta property=\"og:description\" content=\"Rocket X Trail: Hochgeschwindigkeits-Trail- und Gravel-Schuh mit H-f\u00f6rmiger Carbonplatte, aggressivem MetaRocker und reaktionsfreudiger A-TPU-Zwischensohle. Leicht, stabil und schnell.\" \/>\n<meta property=\"og:url\" content=\"https:\/\/www.miomiorun.com\/de\/produkt\/rocket-x-trail-herren\/\" \/>\n<meta property=\"og:site_name\" content=\"MioMioRun\" \/>\n<meta property=\"article:publisher\" content=\"https:\/\/www.facebook.com\/miomiorun\/\" \/>\n<meta property=\"article:modified_time\" content=\"2026-04-16T16:43:48+00:00\" \/>\n<meta property=\"og:image\" content=\"https:\/\/www.miomiorun.com\/app\/uploads\/2026\/02\/hoka-Rocket-X-Trail-neon-yuzu-neon-flame-1176330-NZN.webp\" \/>\n\t<meta property=\"og:image:width\" content=\"720\" \/>\n\t<meta property=\"og:image:height\" content=\"720\" \/>\n\t<meta property=\"og:image:type\" content=\"image\/webp\" \/>\n<meta name=\"twitter:card\" content=\"summary_large_image\" \/>\n<meta name=\"twitter:label1\" content=\"Est. reading time\" \/>\n\t<meta name=\"twitter:data1\" content=\"1 minute\" \/>\n<script type=\"application\/ld+json\" class=\"yoast-schema-graph\">{\"@context\":\"https:\/\/schema.org\",\"@graph\":[{\"@type\":\"WebPage\",\"@id\":\"https:\/\/www.miomiorun.com\/de\/produkt\/rocket-x-trail-herren\/\",\"url\":\"https:\/\/www.miomiorun.com\/de\/produkt\/rocket-x-trail-herren\/\",\"name\":\"Hoka Rocket X Trail herren -Trailschuhe - MioMioRun.com\",\"isPartOf\":{\"@id\":\"https:\/\/www.miomiorun.com\/de\/#website\"},\"primaryImageOfPage\":{\"@id\":\"https:\/\/www.miomiorun.com\/de\/produkt\/rocket-x-trail-herren\/#primaryimage\"},\"image\":{\"@id\":\"https:\/\/www.miomiorun.com\/de\/produkt\/rocket-x-trail-herren\/#primaryimage\"},\"thumbnailUrl\":\"https:\/\/www.miomiorun.com\/app\/uploads\/2026\/02\/hoka-Rocket-X-Trail-neon-yuzu-neon-flame-1176330-NZN.webp\",\"datePublished\":\"2026-02-02T16:54:08+00:00\",\"dateModified\":\"2026-04-16T16:43:48+00:00\",\"description\":\"Rocket X Trail: Hochgeschwindigkeits-Trail- und Gravel-Schuh mit H-f\u00f6rmiger Carbonplatte, aggressivem MetaRocker und reaktionsfreudiger A-TPU-Zwischensohle. Leicht, stabil und schnell.\",\"breadcrumb\":{\"@id\":\"https:\/\/www.miomiorun.com\/de\/produkt\/rocket-x-trail-herren\/#breadcrumb\"},\"inLanguage\":\"de-DE\",\"potentialAction\":[{\"@type\":\"ReadAction\",\"target\":[\"https:\/\/www.miomiorun.com\/de\/produkt\/rocket-x-trail-herren\/\"]}]},{\"@type\":\"ImageObject\",\"inLanguage\":\"de-DE\",\"@id\":\"https:\/\/www.miomiorun.com\/de\/produkt\/rocket-x-trail-herren\/#primaryimage\",\"url\":\"https:\/\/www.miomiorun.com\/app\/uploads\/2026\/02\/hoka-Rocket-X-Trail-neon-yuzu-neon-flame-1176330-NZN.webp\",\"contentUrl\":\"https:\/\/www.miomiorun.com\/app\/uploads\/2026\/02\/hoka-Rocket-X-Trail-neon-yuzu-neon-flame-1176330-NZN.webp\",\"width\":720,\"height\":720,\"caption\":\"hoka Rocket X Trail neon yuzu neon flame 1176330 NZN\"},{\"@type\":\"BreadcrumbList\",\"@id\":\"https:\/\/www.miomiorun.com\/de\/produkt\/rocket-x-trail-herren\/#breadcrumb\",\"itemListElement\":[{\"@type\":\"ListItem\",\"position\":1,\"name\":\"Home\",\"item\":\"https:\/\/www.miomiorun.com\/de\/\"},{\"@type\":\"ListItem\",\"position\":2,\"name\":\"Shop\",\"item\":\"https:\/\/www.miomiorun.com\/shop\/\"},{\"@type\":\"ListItem\",\"position\":3,\"name\":\"Rocket X Trail herren\"}]},{\"@type\":\"WebSite\",\"@id\":\"https:\/\/www.miomiorun.com\/de\/#website\",\"url\":\"https:\/\/www.miomiorun.com\/de\/\",\"name\":\"MioMioRun\",\"description\":\"100% Lauf- und Trailshop\",\"publisher\":{\"@id\":\"https:\/\/www.miomiorun.com\/de\/#organization\"},\"potentialAction\":[{\"@type\":\"SearchAction\",\"target\":{\"@type\":\"EntryPoint\",\"urlTemplate\":\"https:\/\/www.miomiorun.com\/de\/?s={search_term_string}\"},\"query-input\":{\"@type\":\"PropertyValueSpecification\",\"valueRequired\":true,\"valueName\":\"search_term_string\"}}],\"inLanguage\":\"de-DE\"},{\"@type\":\"Organization\",\"@id\":\"https:\/\/www.miomiorun.com\/de\/#organization\",\"name\":\"MioMio Run\",\"url\":\"https:\/\/www.miomiorun.com\/de\/\",\"logo\":{\"@type\":\"ImageObject\",\"inLanguage\":\"de-DE\",\"@id\":\"https:\/\/www.miomiorun.com\/de\/#\/schema\/logo\/image\/\",\"url\":\"https:\/\/www.miomiorun.com\/app\/uploads\/2019\/12\/logomio.png\",\"contentUrl\":\"https:\/\/www.miomiorun.com\/app\/uploads\/2019\/12\/logomio.png\",\"width\":115,\"height\":82,\"caption\":\"MioMio Run\"},\"image\":{\"@id\":\"https:\/\/www.miomiorun.com\/de\/#\/schema\/logo\/image\/\"},\"sameAs\":[\"https:\/\/www.facebook.com\/miomiorun\/\",\"https:\/\/www.instagram.com\/miomiorun\/\"]}]}<\/script>\n<!-- \/ Yoast SEO plugin. -->","yoast_head_json":{"title":"Hoka Rocket X Trail herren -Trailschuhe - MioMioRun.com","description":"Rocket X Trail: Hochgeschwindigkeits-Trail- und Gravel-Schuh mit H-f\u00f6rmiger Carbonplatte, aggressivem MetaRocker und reaktionsfreudiger A-TPU-Zwischensohle. Leicht, stabil und schnell.","robots":{"index":"index","follow":"follow","max-snippet":"max-snippet:-1","max-image-preview":"max-image-preview:large","max-video-preview":"max-video-preview:-1"},"canonical":"https:\/\/www.miomiorun.com\/de\/produkt\/rocket-x-trail-herren\/","og_locale":"de_DE","og_type":"article","og_title":"Hoka Rocket X Trail herren -Trailschuhe - MioMioRun.com","og_description":"Rocket X Trail: Hochgeschwindigkeits-Trail- und Gravel-Schuh mit H-f\u00f6rmiger Carbonplatte, aggressivem MetaRocker und reaktionsfreudiger A-TPU-Zwischensohle. Leicht, stabil und schnell.","og_url":"https:\/\/www.miomiorun.com\/de\/produkt\/rocket-x-trail-herren\/","og_site_name":"MioMioRun","article_publisher":"https:\/\/www.facebook.com\/miomiorun\/","article_modified_time":"2026-04-16T16:43:48+00:00","og_image":[{"width":720,"height":720,"url":"https:\/\/www.miomiorun.com\/app\/uploads\/2026\/02\/hoka-Rocket-X-Trail-neon-yuzu-neon-flame-1176330-NZN.webp","type":"image\/webp"}],"twitter_card":"summary_large_image","twitter_misc":{"Est. reading time":"1 minute"},"schema":{"@context":"https:\/\/schema.org","@graph":[{"@type":"WebPage","@id":"https:\/\/www.miomiorun.com\/de\/produkt\/rocket-x-trail-herren\/","url":"https:\/\/www.miomiorun.com\/de\/produkt\/rocket-x-trail-herren\/","name":"Hoka Rocket X Trail herren -Trailschuhe - MioMioRun.com","isPartOf":{"@id":"https:\/\/www.miomiorun.com\/de\/#website"},"primaryImageOfPage":{"@id":"https:\/\/www.miomiorun.com\/de\/produkt\/rocket-x-trail-herren\/#primaryimage"},"image":{"@id":"https:\/\/www.miomiorun.com\/de\/produkt\/rocket-x-trail-herren\/#primaryimage"},"thumbnailUrl":"https:\/\/www.miomiorun.com\/app\/uploads\/2026\/02\/hoka-Rocket-X-Trail-neon-yuzu-neon-flame-1176330-NZN.webp","datePublished":"2026-02-02T16:54:08+00:00","dateModified":"2026-04-16T16:43:48+00:00","description":"Rocket X Trail: Hochgeschwindigkeits-Trail- und Gravel-Schuh mit H-f\u00f6rmiger Carbonplatte, aggressivem MetaRocker und reaktionsfreudiger A-TPU-Zwischensohle. Leicht, stabil und schnell.","breadcrumb":{"@id":"https:\/\/www.miomiorun.com\/de\/produkt\/rocket-x-trail-herren\/#breadcrumb"},"inLanguage":"de-DE","potentialAction":[{"@type":"ReadAction","target":["https:\/\/www.miomiorun.com\/de\/produkt\/rocket-x-trail-herren\/"]}]},{"@type":"ImageObject","inLanguage":"de-DE","@id":"https:\/\/www.miomiorun.com\/de\/produkt\/rocket-x-trail-herren\/#primaryimage","url":"https:\/\/www.miomiorun.com\/app\/uploads\/2026\/02\/hoka-Rocket-X-Trail-neon-yuzu-neon-flame-1176330-NZN.webp","contentUrl":"https:\/\/www.miomiorun.com\/app\/uploads\/2026\/02\/hoka-Rocket-X-Trail-neon-yuzu-neon-flame-1176330-NZN.webp","width":720,"height":720,"caption":"hoka Rocket X Trail neon yuzu neon flame 1176330 NZN"},{"@type":"BreadcrumbList","@id":"https:\/\/www.miomiorun.com\/de\/produkt\/rocket-x-trail-herren\/#breadcrumb","itemListElement":[{"@type":"ListItem","position":1,"name":"Home","item":"https:\/\/www.miomiorun.com\/de\/"},{"@type":"ListItem","position":2,"name":"Shop","item":"https:\/\/www.miomiorun.com\/shop\/"},{"@type":"ListItem","position":3,"name":"Rocket X Trail herren"}]},{"@type":"WebSite","@id":"https:\/\/www.miomiorun.com\/de\/#website","url":"https:\/\/www.miomiorun.com\/de\/","name":"MioMioRun","description":"100% Lauf- und Trailshop","publisher":{"@id":"https:\/\/www.miomiorun.com\/de\/#organization"},"potentialAction":[{"@type":"SearchAction","target":{"@type":"EntryPoint","urlTemplate":"https:\/\/www.miomiorun.com\/de\/?s={search_term_string}"},"query-input":{"@type":"PropertyValueSpecification","valueRequired":true,"valueName":"search_term_string"}}],"inLanguage":"de-DE"},{"@type":"Organization","@id":"https:\/\/www.miomiorun.com\/de\/#organization","name":"MioMio Run","url":"https:\/\/www.miomiorun.com\/de\/","logo":{"@type":"ImageObject","inLanguage":"de-DE","@id":"https:\/\/www.miomiorun.com\/de\/#\/schema\/logo\/image\/","url":"https:\/\/www.miomiorun.com\/app\/uploads\/2019\/12\/logomio.png","contentUrl":"https:\/\/www.miomiorun.com\/app\/uploads\/2019\/12\/logomio.png","width":115,"height":82,"caption":"MioMio Run"},"image":{"@id":"https:\/\/www.miomiorun.com\/de\/#\/schema\/logo\/image\/"},"sameAs":["https:\/\/www.facebook.com\/miomiorun\/","https:\/\/www.instagram.com\/miomiorun\/"]}]}},"_links":{"self":[{"href":"https:\/\/www.miomiorun.com\/de\/wp-json\/wp\/v2\/product\/393873","targetHints":{"allow":["GET"]}}],"collection":[{"href":"https:\/\/www.miomiorun.com\/de\/wp-json\/wp\/v2\/product"}],"about":[{"href":"https:\/\/www.miomiorun.com\/de\/wp-json\/wp\/v2\/types\/product"}],"wp:featuredmedia":[{"embeddable":true,"href":"https:\/\/www.miomiorun.com\/de\/wp-json\/wp\/v2\/media\/398742"}],"wp:attachment":[{"href":"https:\/\/www.miomiorun.com\/de\/wp-json\/wp\/v2\/media?parent=393873"}],"wp:term":[{"taxonomy":"product_brand","embeddable":true,"href":"https:\/\/www.miomiorun.com\/de\/wp-json\/wp\/v2\/product_brand?post=393873"},{"taxonomy":"product_cat","embeddable":true,"href":"https:\/\/www.miomiorun.com\/de\/wp-json\/wp\/v2\/product_cat?post=393873"},{"taxonomy":"product_tag","embeddable":true,"href":"https:\/\/www.miomiorun.com\/de\/wp-json\/wp\/v2\/product_tag?post=393873"}],"curies":[{"name":"wp","href":"https:\/\/api.w.org\/{rel}","templated":true}]}}