{"id":393725,"date":"2026-02-02T17:41:48","date_gmt":"2026-02-02T16:41:48","guid":{"rendered":"https:\/\/www.miomiorun.com\/?post_type=product&#038;p=393725"},"modified":"2026-04-16T18:43:58","modified_gmt":"2026-04-16T16:43:58","slug":"transport-2-damen","status":"publish","type":"product","link":"https:\/\/www.miomiorun.com\/de\/produkt\/transport-2-damen\/","title":{"rendered":"Transport 2 damen"},"content":{"rendered":"<div class=\"vc-row container\"><div class=\"vc-column\"><div class=\"vc-column-text\"><\/p>\n<p><strong>Technische Daten<\/strong><\/p>\n<p>Kategorie: ausgewogene D\u00e4mpfung<br \/>\nOffset: 5 mm<br \/>\nGewicht: 275 g<br \/>\nIdeal f\u00fcr: Ideal f\u00fcr alle, die einen Schuh f\u00fcr den Alltag suchen, und f\u00fcr Liebhaber von Stadtrundg\u00e4ngen, die ein leichtes, gut ged\u00e4mpftes und sch\u00fctzendes Modell suchen, das auch auf l\u00e4ngeren Strecken h\u00f6chsten Komfort bietet.<br \/>\nGewicht des Sportlers: 70-80 kg<\/p>\n<p><a href=\"https:\/\/miomiorun.com\/guida-alle-specifiche-tecniche\/\">Leitfaden zu den technischen Daten<\/a><\/p>\n<p><\/div><\/div><div class=\"vc-column\"><div class=\"vc-column-text\"><\/p>\n<p data-start=\"147\" data-end=\"522\">Der <strong data-start=\"150\" data-end=\"165\">Transport 2<\/strong> bietet noch mehr Komfort und Vielseitigkeit als das Originalmodell und eignet sich sowohl f\u00fcr die <strong data-start=\"286\" data-end=\"295\">Stadt<\/strong> als auch f\u00fcr <strong data-start=\"310\" data-end=\"327\">leichte Trails<\/strong>. Die <strong data-start=\"331\" data-end=\"364\">erh\u00f6hte Sohlenh\u00f6he<\/strong>, die <strong data-start=\"369\" data-end=\"397\">besser ged\u00e4mpfte Einlegesohle<\/strong> und der <strong data-start=\"403\" data-end=\"428\">weichere Kragen<\/strong> sorgen f\u00fcr eine weichere und bequemere Passform, ideal f\u00fcr lange Wanderungen mit absolutem Komfort.<\/p>\n<p data-start=\"524\" data-end=\"993\">Sie wurden mit einem besonderen Augenmerk auf Nachhaltigkeit entwickelt und verf\u00fcgen \u00fcber eine <strong data-start=\"595\" data-end=\"643\">Zwischensohle aus Zuckerrohr-EVA (30 %)<\/strong> und eine <strong data-start=\"650\" data-end=\"683\">Vibram\u00ae EcoStep Recycle-Sohle<\/strong> aus recycelten Materialien (30 %), ohne dabei an Stabilit\u00e4t und Haltbarkeit einzub\u00fc\u00dfen. Das <strong data-start=\"757\" data-end=\"767\">Obermaterial<\/strong> kombiniert eine <strong data-start=\"780\" data-end=\"825\">Maske aus recyceltem Polyester (100 %)<\/strong> und eine <strong data-start=\"832\" data-end=\"862\">Zunge aus Cordura\u00ae-Mesh<\/strong> f\u00fcr Strapazierf\u00e4higkeit und Atmungsaktivit\u00e4t. Die <strong data-start=\"899\" data-end=\"944\">wasserabweisende Behandlung ohne PFC\/PFAS<\/strong> sch\u00fctzt vor Feuchtigkeit und leichtem Regen.<\/p>\n<p data-start=\"995\" data-end=\"1373\">Praktikabilit\u00e4t steht im Mittelpunkt: Die <strong data-start=\"1023\" data-end=\"1073\">elastische Schnellschn\u00fcrung mit \u00d6se<\/strong> erleichtert das An- und Ausziehen, w\u00e4hrend <strong data-start=\"1111\" data-end=\"1133\">traditionelle Schn\u00fcrsenkel<\/strong> als Alternative mitgeliefert werden. Die <strong data-start=\"1168\" data-end=\"1203\">reaktive und gepolsterte Innensohle<\/strong> unterst\u00fctzt den Schritt, und die <strong data-start=\"1227\" data-end=\"1253\">360\u00b0-Reflektoren<\/strong> verbessern die Sichtbarkeit bei schlechten Lichtverh\u00e4ltnissen. Ein Schuh, der Sie bei jedem t\u00e4glichen Abenteuer begleitet.<br \/>\n<\/div><\/div><\/div><\/p>\n","protected":false},"excerpt":{"rendered":"<ul>\n<li data-start=\"1635\" data-end=\"1712\">Erh\u00f6hter Komfort: h\u00f6here Sohle, gepolsterte Innensohle und weicher Kragen<\/li>\n<li data-start=\"1715\" data-end=\"1796\">Nachhaltige Materialien: EVA aus Zuckerrohr und Vibram\u00ae EcoStep Recycle-Sohle<\/li>\n<li data-start=\"1799\" data-end=\"1873\">Schnellschn\u00fcrung, wasserabweisende Behandlung und 360\u00b0-Reflektoren<\/li>\n<\/ul>\n","protected":false},"featured_media":398341,"template":"","meta":{"_acf_changed":false,"inline_featured_image":false},"product_brand":[],"product_cat":[6474,6475],"product_tag":[3373,6228],"class_list":{"0":"post-393725","1":"product","2":"type-product","3":"status-publish","4":"has-post-thumbnail","6":"product_cat-damenschuhe","7":"product_cat-neutral","8":"product_tag-hoka-one-one-de","9":"product_tag-hoka-one-one-damen-de","10":"pa_attivita-gehen","11":"pa_colore-transport-2-w-alabaster-alabaster","12":"pa_colore-transport-2-w-tranquil-blue-ambient-blue","13":"pa_marca-hoka-de","14":"pa_sesso-damen","15":"pa_size-38-de","17":"pa_size-39-de","18":"pa_size-40-de","20":"pa_size-41-de","22":"first","23":"instock","24":"taxable","25":"shipping-taxable","26":"purchasable","27":"product-type-variable","28":"wvs-archive-product-wrapper"},"acf":[],"yoast_head":"<!-- This site is optimized with the Yoast SEO plugin v26.8 - https:\/\/yoast.com\/product\/yoast-seo-wordpress\/ -->\n<title>Hoka Transport 2 damen - Trailschuhe MioMioRun.com<\/title>\n<meta name=\"description\" content=\"Transport 2: vielseitiger Schuh f\u00fcr Stadt und Trail mit verbessertem Komfort, Vibram\u00ae EcoStep Recycle-Sohle, Zwischensohle aus Zuckerrohr-EVA und wasserabweisend\" \/>\n<meta name=\"robots\" content=\"index, follow, max-snippet:-1, max-image-preview:large, max-video-preview:-1\" \/>\n<link rel=\"canonical\" href=\"https:\/\/www.miomiorun.com\/de\/produkt\/transport-2-damen\/\" \/>\n<meta property=\"og:locale\" content=\"de_DE\" \/>\n<meta property=\"og:type\" content=\"article\" \/>\n<meta property=\"og:title\" content=\"Hoka Transport 2 damen - Trailschuhe MioMioRun.com\" \/>\n<meta property=\"og:description\" content=\"Transport 2: vielseitiger Schuh f\u00fcr Stadt und Trail mit verbessertem Komfort, Vibram\u00ae EcoStep Recycle-Sohle, Zwischensohle aus Zuckerrohr-EVA und wasserabweisend\" \/>\n<meta property=\"og:url\" content=\"https:\/\/www.miomiorun.com\/de\/produkt\/transport-2-damen\/\" \/>\n<meta property=\"og:site_name\" content=\"MioMioRun\" \/>\n<meta property=\"article:publisher\" content=\"https:\/\/www.facebook.com\/miomiorun\/\" \/>\n<meta property=\"article:modified_time\" content=\"2026-04-16T16:43:58+00:00\" \/>\n<meta property=\"og:image\" content=\"https:\/\/www.miomiorun.com\/app\/uploads\/2026\/02\/hoka-Transport-2-W-tranquil-blue-ambient-blue-1171850-TNQ.webp\" \/>\n\t<meta property=\"og:image:width\" content=\"720\" \/>\n\t<meta property=\"og:image:height\" content=\"720\" \/>\n\t<meta property=\"og:image:type\" content=\"image\/webp\" \/>\n<meta name=\"twitter:card\" content=\"summary_large_image\" \/>\n<meta name=\"twitter:label1\" content=\"Est. reading time\" \/>\n\t<meta name=\"twitter:data1\" content=\"1 minute\" \/>\n<script type=\"application\/ld+json\" class=\"yoast-schema-graph\">{\"@context\":\"https:\/\/schema.org\",\"@graph\":[{\"@type\":\"WebPage\",\"@id\":\"https:\/\/www.miomiorun.com\/de\/produkt\/transport-2-damen\/\",\"url\":\"https:\/\/www.miomiorun.com\/de\/produkt\/transport-2-damen\/\",\"name\":\"Hoka Transport 2 damen - Trailschuhe MioMioRun.com\",\"isPartOf\":{\"@id\":\"https:\/\/www.miomiorun.com\/de\/#website\"},\"primaryImageOfPage\":{\"@id\":\"https:\/\/www.miomiorun.com\/de\/produkt\/transport-2-damen\/#primaryimage\"},\"image\":{\"@id\":\"https:\/\/www.miomiorun.com\/de\/produkt\/transport-2-damen\/#primaryimage\"},\"thumbnailUrl\":\"https:\/\/www.miomiorun.com\/app\/uploads\/2026\/02\/hoka-Transport-2-W-tranquil-blue-ambient-blue-1171850-TNQ.webp\",\"datePublished\":\"2026-02-02T16:41:48+00:00\",\"dateModified\":\"2026-04-16T16:43:58+00:00\",\"description\":\"Transport 2: vielseitiger Schuh f\u00fcr Stadt und Trail mit verbessertem Komfort, Vibram\u00ae EcoStep Recycle-Sohle, Zwischensohle aus Zuckerrohr-EVA und wasserabweisend\",\"breadcrumb\":{\"@id\":\"https:\/\/www.miomiorun.com\/de\/produkt\/transport-2-damen\/#breadcrumb\"},\"inLanguage\":\"de-DE\",\"potentialAction\":[{\"@type\":\"ReadAction\",\"target\":[\"https:\/\/www.miomiorun.com\/de\/produkt\/transport-2-damen\/\"]}]},{\"@type\":\"ImageObject\",\"inLanguage\":\"de-DE\",\"@id\":\"https:\/\/www.miomiorun.com\/de\/produkt\/transport-2-damen\/#primaryimage\",\"url\":\"https:\/\/www.miomiorun.com\/app\/uploads\/2026\/02\/hoka-Transport-2-W-tranquil-blue-ambient-blue-1171850-TNQ.webp\",\"contentUrl\":\"https:\/\/www.miomiorun.com\/app\/uploads\/2026\/02\/hoka-Transport-2-W-tranquil-blue-ambient-blue-1171850-TNQ.webp\",\"width\":720,\"height\":720,\"caption\":\"hoka Transport 2 W tranquil blue ambient blue 1171850 TNQ\"},{\"@type\":\"BreadcrumbList\",\"@id\":\"https:\/\/www.miomiorun.com\/de\/produkt\/transport-2-damen\/#breadcrumb\",\"itemListElement\":[{\"@type\":\"ListItem\",\"position\":1,\"name\":\"Home\",\"item\":\"https:\/\/www.miomiorun.com\/de\/\"},{\"@type\":\"ListItem\",\"position\":2,\"name\":\"Shop\",\"item\":\"https:\/\/www.miomiorun.com\/shop\/\"},{\"@type\":\"ListItem\",\"position\":3,\"name\":\"Transport 2 damen\"}]},{\"@type\":\"WebSite\",\"@id\":\"https:\/\/www.miomiorun.com\/de\/#website\",\"url\":\"https:\/\/www.miomiorun.com\/de\/\",\"name\":\"MioMioRun\",\"description\":\"100% Lauf- und Trailshop\",\"publisher\":{\"@id\":\"https:\/\/www.miomiorun.com\/de\/#organization\"},\"potentialAction\":[{\"@type\":\"SearchAction\",\"target\":{\"@type\":\"EntryPoint\",\"urlTemplate\":\"https:\/\/www.miomiorun.com\/de\/?s={search_term_string}\"},\"query-input\":{\"@type\":\"PropertyValueSpecification\",\"valueRequired\":true,\"valueName\":\"search_term_string\"}}],\"inLanguage\":\"de-DE\"},{\"@type\":\"Organization\",\"@id\":\"https:\/\/www.miomiorun.com\/de\/#organization\",\"name\":\"MioMio Run\",\"url\":\"https:\/\/www.miomiorun.com\/de\/\",\"logo\":{\"@type\":\"ImageObject\",\"inLanguage\":\"de-DE\",\"@id\":\"https:\/\/www.miomiorun.com\/de\/#\/schema\/logo\/image\/\",\"url\":\"https:\/\/www.miomiorun.com\/app\/uploads\/2019\/12\/logomio.png\",\"contentUrl\":\"https:\/\/www.miomiorun.com\/app\/uploads\/2019\/12\/logomio.png\",\"width\":115,\"height\":82,\"caption\":\"MioMio Run\"},\"image\":{\"@id\":\"https:\/\/www.miomiorun.com\/de\/#\/schema\/logo\/image\/\"},\"sameAs\":[\"https:\/\/www.facebook.com\/miomiorun\/\",\"https:\/\/www.instagram.com\/miomiorun\/\"]}]}<\/script>\n<!-- \/ Yoast SEO plugin. -->","yoast_head_json":{"title":"Hoka Transport 2 damen - Trailschuhe MioMioRun.com","description":"Transport 2: vielseitiger Schuh f\u00fcr Stadt und Trail mit verbessertem Komfort, Vibram\u00ae EcoStep Recycle-Sohle, Zwischensohle aus Zuckerrohr-EVA und wasserabweisend","robots":{"index":"index","follow":"follow","max-snippet":"max-snippet:-1","max-image-preview":"max-image-preview:large","max-video-preview":"max-video-preview:-1"},"canonical":"https:\/\/www.miomiorun.com\/de\/produkt\/transport-2-damen\/","og_locale":"de_DE","og_type":"article","og_title":"Hoka Transport 2 damen - Trailschuhe MioMioRun.com","og_description":"Transport 2: vielseitiger Schuh f\u00fcr Stadt und Trail mit verbessertem Komfort, Vibram\u00ae EcoStep Recycle-Sohle, Zwischensohle aus Zuckerrohr-EVA und wasserabweisend","og_url":"https:\/\/www.miomiorun.com\/de\/produkt\/transport-2-damen\/","og_site_name":"MioMioRun","article_publisher":"https:\/\/www.facebook.com\/miomiorun\/","article_modified_time":"2026-04-16T16:43:58+00:00","og_image":[{"width":720,"height":720,"url":"https:\/\/www.miomiorun.com\/app\/uploads\/2026\/02\/hoka-Transport-2-W-tranquil-blue-ambient-blue-1171850-TNQ.webp","type":"image\/webp"}],"twitter_card":"summary_large_image","twitter_misc":{"Est. reading time":"1 minute"},"schema":{"@context":"https:\/\/schema.org","@graph":[{"@type":"WebPage","@id":"https:\/\/www.miomiorun.com\/de\/produkt\/transport-2-damen\/","url":"https:\/\/www.miomiorun.com\/de\/produkt\/transport-2-damen\/","name":"Hoka Transport 2 damen - Trailschuhe MioMioRun.com","isPartOf":{"@id":"https:\/\/www.miomiorun.com\/de\/#website"},"primaryImageOfPage":{"@id":"https:\/\/www.miomiorun.com\/de\/produkt\/transport-2-damen\/#primaryimage"},"image":{"@id":"https:\/\/www.miomiorun.com\/de\/produkt\/transport-2-damen\/#primaryimage"},"thumbnailUrl":"https:\/\/www.miomiorun.com\/app\/uploads\/2026\/02\/hoka-Transport-2-W-tranquil-blue-ambient-blue-1171850-TNQ.webp","datePublished":"2026-02-02T16:41:48+00:00","dateModified":"2026-04-16T16:43:58+00:00","description":"Transport 2: vielseitiger Schuh f\u00fcr Stadt und Trail mit verbessertem Komfort, Vibram\u00ae EcoStep Recycle-Sohle, Zwischensohle aus Zuckerrohr-EVA und wasserabweisend","breadcrumb":{"@id":"https:\/\/www.miomiorun.com\/de\/produkt\/transport-2-damen\/#breadcrumb"},"inLanguage":"de-DE","potentialAction":[{"@type":"ReadAction","target":["https:\/\/www.miomiorun.com\/de\/produkt\/transport-2-damen\/"]}]},{"@type":"ImageObject","inLanguage":"de-DE","@id":"https:\/\/www.miomiorun.com\/de\/produkt\/transport-2-damen\/#primaryimage","url":"https:\/\/www.miomiorun.com\/app\/uploads\/2026\/02\/hoka-Transport-2-W-tranquil-blue-ambient-blue-1171850-TNQ.webp","contentUrl":"https:\/\/www.miomiorun.com\/app\/uploads\/2026\/02\/hoka-Transport-2-W-tranquil-blue-ambient-blue-1171850-TNQ.webp","width":720,"height":720,"caption":"hoka Transport 2 W tranquil blue ambient blue 1171850 TNQ"},{"@type":"BreadcrumbList","@id":"https:\/\/www.miomiorun.com\/de\/produkt\/transport-2-damen\/#breadcrumb","itemListElement":[{"@type":"ListItem","position":1,"name":"Home","item":"https:\/\/www.miomiorun.com\/de\/"},{"@type":"ListItem","position":2,"name":"Shop","item":"https:\/\/www.miomiorun.com\/shop\/"},{"@type":"ListItem","position":3,"name":"Transport 2 damen"}]},{"@type":"WebSite","@id":"https:\/\/www.miomiorun.com\/de\/#website","url":"https:\/\/www.miomiorun.com\/de\/","name":"MioMioRun","description":"100% Lauf- und Trailshop","publisher":{"@id":"https:\/\/www.miomiorun.com\/de\/#organization"},"potentialAction":[{"@type":"SearchAction","target":{"@type":"EntryPoint","urlTemplate":"https:\/\/www.miomiorun.com\/de\/?s={search_term_string}"},"query-input":{"@type":"PropertyValueSpecification","valueRequired":true,"valueName":"search_term_string"}}],"inLanguage":"de-DE"},{"@type":"Organization","@id":"https:\/\/www.miomiorun.com\/de\/#organization","name":"MioMio Run","url":"https:\/\/www.miomiorun.com\/de\/","logo":{"@type":"ImageObject","inLanguage":"de-DE","@id":"https:\/\/www.miomiorun.com\/de\/#\/schema\/logo\/image\/","url":"https:\/\/www.miomiorun.com\/app\/uploads\/2019\/12\/logomio.png","contentUrl":"https:\/\/www.miomiorun.com\/app\/uploads\/2019\/12\/logomio.png","width":115,"height":82,"caption":"MioMio Run"},"image":{"@id":"https:\/\/www.miomiorun.com\/de\/#\/schema\/logo\/image\/"},"sameAs":["https:\/\/www.facebook.com\/miomiorun\/","https:\/\/www.instagram.com\/miomiorun\/"]}]}},"_links":{"self":[{"href":"https:\/\/www.miomiorun.com\/de\/wp-json\/wp\/v2\/product\/393725","targetHints":{"allow":["GET"]}}],"collection":[{"href":"https:\/\/www.miomiorun.com\/de\/wp-json\/wp\/v2\/product"}],"about":[{"href":"https:\/\/www.miomiorun.com\/de\/wp-json\/wp\/v2\/types\/product"}],"wp:featuredmedia":[{"embeddable":true,"href":"https:\/\/www.miomiorun.com\/de\/wp-json\/wp\/v2\/media\/398341"}],"wp:attachment":[{"href":"https:\/\/www.miomiorun.com\/de\/wp-json\/wp\/v2\/media?parent=393725"}],"wp:term":[{"taxonomy":"product_brand","embeddable":true,"href":"https:\/\/www.miomiorun.com\/de\/wp-json\/wp\/v2\/product_brand?post=393725"},{"taxonomy":"product_cat","embeddable":true,"href":"https:\/\/www.miomiorun.com\/de\/wp-json\/wp\/v2\/product_cat?post=393725"},{"taxonomy":"product_tag","embeddable":true,"href":"https:\/\/www.miomiorun.com\/de\/wp-json\/wp\/v2\/product_tag?post=393725"}],"curies":[{"name":"wp","href":"https:\/\/api.w.org\/{rel}","templated":true}]}}