{"id":391624,"date":"2026-01-28T10:32:12","date_gmt":"2026-01-28T09:32:12","guid":{"rendered":"https:\/\/www.miomiorun.com\/?post_type=product&#038;p=391624"},"modified":"2026-05-09T12:08:03","modified_gmt":"2026-05-09T10:08:03","slug":"magic-speed-5","status":"publish","type":"product","link":"https:\/\/www.miomiorun.com\/de\/produkt\/magic-speed-5\/","title":{"rendered":"Magic Speed 5"},"content":{"rendered":"<table style=\"border-collapse: collapse;width: 100%\">\n<tbody>\n<tr>\n<td style=\"width: 33.3333%;vertical-align: top;text-align: center\">\n<h4>Technische Daten<\/h4>\n<p>Kategorie: Maximale D\u00e4mpfung<br \/>\nOffset: 7 mm<br \/>\nGewicht: 196 g<br \/>\nIdeal f\u00fcr: Fortgeschrittene L\u00e4ufer, die Leistung und Laufkomfort gleichzeitig suchen, um im Wettkampf optimale Ergebnisse zu erzielen.<br \/>\nGewicht des Athleten: 55-75 kg<br \/>\nLaufgeschwindigkeit: schnell &lt;4,30 min\/km<br \/>\n<a href=\"https:\/\/miomiorun.com\/guida-alle-specifiche-tecniche\/\">Leitfaden zu den technischen Daten<\/a><\/td>\n<td style=\"width: 66.6666%;vertical-align: top;text-align: center\">\n<p data-start=\"155\" data-end=\"477\">Der <strong data-start=\"158\" data-end=\"181\">ASICS MAGIC SPEED 5<\/strong> wurde entwickelt, um einen <strong data-start=\"212\" data-end=\"236\">kraftvolleren Schritt<\/strong> zu f\u00f6rdern und Ihnen zu erm\u00f6glichen, mit <strong data-start=\"277\" data-end=\"299\">h\u00f6herer Geschwindigkeit<\/strong> zu laufen und an Wettk\u00e4mpfen teilzunehmen. Diese neue Version ist <strong data-start=\"325\" data-end=\"354\">etwa 50 g leichter<\/strong> als das Vorg\u00e4ngermodell und verf\u00fcgt \u00fcber eine noch reaktionsfreudigere und kontrolliertere Struktur, die ideal f\u00fcr das Laufen auf der Stra\u00dfe ist.<\/p>\n<p data-start=\"479\" data-end=\"884\">Die Zwischensohle kombiniert zwei fortschrittliche Technologien: <strong data-start=\"525\" data-end=\"536\">FF LEAP<\/strong> und <strong data-start=\"539\" data-end=\"556\">FF BLAST PLUS<\/strong>, die zusammen f\u00fcr eine hohe D\u00e4mpfung und einen <strong data-start=\"624\" data-end=\"656\">extrem kraftvollen Absto\u00df<\/strong> sorgen. Der <strong data-start=\"661\" data-end=\"685\">reduzierte Drop von 7 mm<\/strong> und die <strong data-start=\"691\" data-end=\"727\">insgesamt niedrigere Sohlenh\u00f6he<\/strong> (6 mm weniger an der Ferse und 5 mm weniger im Vorfu\u00dfbereich als beim Vorg\u00e4ngermodell) verbessern das Bodengef\u00fchl und die Reaktionsf\u00e4higkeit beim Laufen.<\/p>\n<p data-start=\"886\" data-end=\"1350\">Die neu gestaltete <strong data-start=\"889\" data-end=\"934\">durchgehende Carbonplatte<\/strong> f\u00fchrt den Fu\u00df bei jedem Schritt, f\u00f6rdert einen effizienten Vorw\u00e4rtsschub und hilft, Energie zu sparen. Das leichte und atmungsaktive <strong data-start=\"1058\" data-end=\"1084\">Obermaterial aus technischem Mesh<\/strong> sorgt f\u00fcr Komfort und Bel\u00fcftung, w\u00e4hrend die <strong data-start=\"1152\" data-end=\"1171\">ASICSGRIP-Sohle<\/strong> einen hervorragenden Grip auf Asphalt garantiert. Mit einem <strong data-start=\"1225\" data-end=\"1247\">Gewicht von nur 196 g<\/strong> ist der MAGIC SPEED 5 ein neutraler Schuh f\u00fcr alle, die hohe Leistung, Kontrolle und Geschwindigkeit suchen.\n<\/p>\n<\/p>\n<\/td>\n<\/tr>\n<\/tbody>\n<\/table>\n<p>&nbsp;<\/p>\n","protected":false},"excerpt":{"rendered":"<ul>\n<li data-start=\"1589\" data-end=\"1662\">Durchgehende Carbonplatte f\u00fcr Schubkraft und Energieeinsparung<\/li>\n<li data-start=\"1665\" data-end=\"1739\">FF LEAP + FF BLAST PLUS-D\u00e4mpfung f\u00fcr Reaktionsf\u00e4higkeit und hohen Komfort<\/li>\n<li data-start=\"1742\" data-end=\"1816\">Geringes Gewicht (196 g) und niedrigerer Stack f\u00fcr mehr Kontrolle und Geschwindigkeit<\/li>\n<\/ul>\n","protected":false},"featured_media":405702,"template":"","meta":{"_acf_changed":false,"inline_featured_image":false},"product_brand":[],"product_cat":[6507,6506,6474,6475],"product_tag":[3404,6201,6202],"class_list":{"0":"post-391624","1":"product","2":"type-product","3":"status-publish","4":"has-post-thumbnail","6":"product_cat-herren-schuhe-de","7":"product_cat-neutrale-herren-schuhe-de","8":"product_cat-damenschuhe","9":"product_cat-neutral","10":"product_tag-asics-de","11":"product_tag-asics-damen-de","12":"product_tag-asics-herren-de","13":"pa_attivita-running-de","14":"pa_colore-magic-speed-5-vital-green-carrier-grey","15":"pa_colore-magic-speed-5-white-black","16":"pa_marca-asics-de","17":"pa_sesso-damen","18":"pa_sesso-herren","19":"pa_size-41-5-de","20":"pa_size-42-de","21":"pa_size-42-5-de","22":"pa_size-43-5-de","23":"pa_size-44-de","24":"pa_size-44-5-de","25":"pa_size-45-de","26":"pa_size-46-de","27":"pa_size-46-5-de","29":"first","30":"instock","31":"sale","32":"taxable","33":"shipping-taxable","34":"purchasable","35":"product-type-variable","36":"wvs-archive-product-wrapper"},"acf":[],"yoast_head":"<!-- This site is optimized with the Yoast SEO plugin v26.8 - https:\/\/yoast.com\/product\/yoast-seo-wordpress\/ -->\n<title>Asics Magic Speed 5 -Unisex-Laufschuhe - MioMioRun<\/title>\n<meta name=\"description\" content=\"Leichte und reaktionsfreudige Laufschuhe mit Carbonplatte, FF LEAP + FF BLAST PLUS-D\u00e4mpfung und 7 mm Sprengung. Ideal f\u00fcr Wettk\u00e4mpfe und schnelles Training.\" \/>\n<meta name=\"robots\" content=\"index, follow, max-snippet:-1, max-image-preview:large, max-video-preview:-1\" \/>\n<link rel=\"canonical\" href=\"https:\/\/www.miomiorun.com\/de\/produkt\/magic-speed-5\/\" \/>\n<meta property=\"og:locale\" content=\"de_DE\" \/>\n<meta property=\"og:type\" content=\"article\" \/>\n<meta property=\"og:title\" content=\"Asics Magic Speed 5 -Unisex-Laufschuhe - MioMioRun\" \/>\n<meta property=\"og:description\" content=\"Leichte und reaktionsfreudige Laufschuhe mit Carbonplatte, FF LEAP + FF BLAST PLUS-D\u00e4mpfung und 7 mm Sprengung. Ideal f\u00fcr Wettk\u00e4mpfe und schnelles Training.\" \/>\n<meta property=\"og:url\" content=\"https:\/\/www.miomiorun.com\/de\/produkt\/magic-speed-5\/\" \/>\n<meta property=\"og:site_name\" content=\"MioMioRun\" \/>\n<meta property=\"article:publisher\" content=\"https:\/\/www.facebook.com\/miomiorun\/\" \/>\n<meta property=\"article:modified_time\" content=\"2026-05-09T10:08:03+00:00\" \/>\n<meta property=\"og:image\" content=\"https:\/\/www.miomiorun.com\/app\/uploads\/2026\/02\/asics-Magic-Speed-5-vital-green-carrier-grey-1013A183-300.webp\" \/>\n\t<meta property=\"og:image:width\" content=\"720\" \/>\n\t<meta property=\"og:image:height\" content=\"720\" \/>\n\t<meta property=\"og:image:type\" content=\"image\/webp\" \/>\n<meta name=\"twitter:card\" content=\"summary_large_image\" \/>\n<meta name=\"twitter:label1\" content=\"Est. reading time\" \/>\n\t<meta name=\"twitter:data1\" content=\"2 minutes\" \/>\n<script type=\"application\/ld+json\" class=\"yoast-schema-graph\">{\"@context\":\"https:\/\/schema.org\",\"@graph\":[{\"@type\":\"WebPage\",\"@id\":\"https:\/\/www.miomiorun.com\/de\/produkt\/magic-speed-5\/\",\"url\":\"https:\/\/www.miomiorun.com\/de\/produkt\/magic-speed-5\/\",\"name\":\"Asics Magic Speed 5 -Unisex-Laufschuhe - MioMioRun\",\"isPartOf\":{\"@id\":\"https:\/\/www.miomiorun.com\/de\/#website\"},\"primaryImageOfPage\":{\"@id\":\"https:\/\/www.miomiorun.com\/de\/produkt\/magic-speed-5\/#primaryimage\"},\"image\":{\"@id\":\"https:\/\/www.miomiorun.com\/de\/produkt\/magic-speed-5\/#primaryimage\"},\"thumbnailUrl\":\"https:\/\/www.miomiorun.com\/app\/uploads\/2026\/02\/asics-Magic-Speed-5-vital-green-carrier-grey-1013A183-300.webp\",\"datePublished\":\"2026-01-28T09:32:12+00:00\",\"dateModified\":\"2026-05-09T10:08:03+00:00\",\"description\":\"Leichte und reaktionsfreudige Laufschuhe mit Carbonplatte, FF LEAP + FF BLAST PLUS-D\u00e4mpfung und 7 mm Sprengung. Ideal f\u00fcr Wettk\u00e4mpfe und schnelles Training.\",\"breadcrumb\":{\"@id\":\"https:\/\/www.miomiorun.com\/de\/produkt\/magic-speed-5\/#breadcrumb\"},\"inLanguage\":\"de-DE\",\"potentialAction\":[{\"@type\":\"ReadAction\",\"target\":[\"https:\/\/www.miomiorun.com\/de\/produkt\/magic-speed-5\/\"]}]},{\"@type\":\"ImageObject\",\"inLanguage\":\"de-DE\",\"@id\":\"https:\/\/www.miomiorun.com\/de\/produkt\/magic-speed-5\/#primaryimage\",\"url\":\"https:\/\/www.miomiorun.com\/app\/uploads\/2026\/02\/asics-Magic-Speed-5-vital-green-carrier-grey-1013A183-300.webp\",\"contentUrl\":\"https:\/\/www.miomiorun.com\/app\/uploads\/2026\/02\/asics-Magic-Speed-5-vital-green-carrier-grey-1013A183-300.webp\",\"width\":720,\"height\":720,\"caption\":\"asics Magic Speed 5 vital green carrier grey 1013A183 300\"},{\"@type\":\"BreadcrumbList\",\"@id\":\"https:\/\/www.miomiorun.com\/de\/produkt\/magic-speed-5\/#breadcrumb\",\"itemListElement\":[{\"@type\":\"ListItem\",\"position\":1,\"name\":\"Home\",\"item\":\"https:\/\/www.miomiorun.com\/de\/home-page\/\"},{\"@type\":\"ListItem\",\"position\":2,\"name\":\"Shop\",\"item\":\"https:\/\/www.miomiorun.com\/shop\/\"},{\"@type\":\"ListItem\",\"position\":3,\"name\":\"Magic Speed 5\"}]},{\"@type\":\"WebSite\",\"@id\":\"https:\/\/www.miomiorun.com\/de\/#website\",\"url\":\"https:\/\/www.miomiorun.com\/de\/\",\"name\":\"MioMioRun\",\"description\":\"100% Lauf- und Trailshop\",\"publisher\":{\"@id\":\"https:\/\/www.miomiorun.com\/de\/#organization\"},\"potentialAction\":[{\"@type\":\"SearchAction\",\"target\":{\"@type\":\"EntryPoint\",\"urlTemplate\":\"https:\/\/www.miomiorun.com\/de\/?s={search_term_string}\"},\"query-input\":{\"@type\":\"PropertyValueSpecification\",\"valueRequired\":true,\"valueName\":\"search_term_string\"}}],\"inLanguage\":\"de-DE\"},{\"@type\":\"Organization\",\"@id\":\"https:\/\/www.miomiorun.com\/de\/#organization\",\"name\":\"MioMio Run\",\"url\":\"https:\/\/www.miomiorun.com\/de\/\",\"logo\":{\"@type\":\"ImageObject\",\"inLanguage\":\"de-DE\",\"@id\":\"https:\/\/www.miomiorun.com\/de\/#\/schema\/logo\/image\/\",\"url\":\"https:\/\/www.miomiorun.com\/app\/uploads\/2019\/12\/logomio.png\",\"contentUrl\":\"https:\/\/www.miomiorun.com\/app\/uploads\/2019\/12\/logomio.png\",\"width\":115,\"height\":82,\"caption\":\"MioMio Run\"},\"image\":{\"@id\":\"https:\/\/www.miomiorun.com\/de\/#\/schema\/logo\/image\/\"},\"sameAs\":[\"https:\/\/www.facebook.com\/miomiorun\/\",\"https:\/\/www.instagram.com\/miomiorun\/\"]}]}<\/script>\n<!-- \/ Yoast SEO plugin. -->","yoast_head_json":{"title":"Asics Magic Speed 5 -Unisex-Laufschuhe - MioMioRun","description":"Leichte und reaktionsfreudige Laufschuhe mit Carbonplatte, FF LEAP + FF BLAST PLUS-D\u00e4mpfung und 7 mm Sprengung. Ideal f\u00fcr Wettk\u00e4mpfe und schnelles Training.","robots":{"index":"index","follow":"follow","max-snippet":"max-snippet:-1","max-image-preview":"max-image-preview:large","max-video-preview":"max-video-preview:-1"},"canonical":"https:\/\/www.miomiorun.com\/de\/produkt\/magic-speed-5\/","og_locale":"de_DE","og_type":"article","og_title":"Asics Magic Speed 5 -Unisex-Laufschuhe - MioMioRun","og_description":"Leichte und reaktionsfreudige Laufschuhe mit Carbonplatte, FF LEAP + FF BLAST PLUS-D\u00e4mpfung und 7 mm Sprengung. Ideal f\u00fcr Wettk\u00e4mpfe und schnelles Training.","og_url":"https:\/\/www.miomiorun.com\/de\/produkt\/magic-speed-5\/","og_site_name":"MioMioRun","article_publisher":"https:\/\/www.facebook.com\/miomiorun\/","article_modified_time":"2026-05-09T10:08:03+00:00","og_image":[{"width":720,"height":720,"url":"https:\/\/www.miomiorun.com\/app\/uploads\/2026\/02\/asics-Magic-Speed-5-vital-green-carrier-grey-1013A183-300.webp","type":"image\/webp"}],"twitter_card":"summary_large_image","twitter_misc":{"Est. reading time":"2 minutes"},"schema":{"@context":"https:\/\/schema.org","@graph":[{"@type":"WebPage","@id":"https:\/\/www.miomiorun.com\/de\/produkt\/magic-speed-5\/","url":"https:\/\/www.miomiorun.com\/de\/produkt\/magic-speed-5\/","name":"Asics Magic Speed 5 -Unisex-Laufschuhe - MioMioRun","isPartOf":{"@id":"https:\/\/www.miomiorun.com\/de\/#website"},"primaryImageOfPage":{"@id":"https:\/\/www.miomiorun.com\/de\/produkt\/magic-speed-5\/#primaryimage"},"image":{"@id":"https:\/\/www.miomiorun.com\/de\/produkt\/magic-speed-5\/#primaryimage"},"thumbnailUrl":"https:\/\/www.miomiorun.com\/app\/uploads\/2026\/02\/asics-Magic-Speed-5-vital-green-carrier-grey-1013A183-300.webp","datePublished":"2026-01-28T09:32:12+00:00","dateModified":"2026-05-09T10:08:03+00:00","description":"Leichte und reaktionsfreudige Laufschuhe mit Carbonplatte, FF LEAP + FF BLAST PLUS-D\u00e4mpfung und 7 mm Sprengung. Ideal f\u00fcr Wettk\u00e4mpfe und schnelles Training.","breadcrumb":{"@id":"https:\/\/www.miomiorun.com\/de\/produkt\/magic-speed-5\/#breadcrumb"},"inLanguage":"de-DE","potentialAction":[{"@type":"ReadAction","target":["https:\/\/www.miomiorun.com\/de\/produkt\/magic-speed-5\/"]}]},{"@type":"ImageObject","inLanguage":"de-DE","@id":"https:\/\/www.miomiorun.com\/de\/produkt\/magic-speed-5\/#primaryimage","url":"https:\/\/www.miomiorun.com\/app\/uploads\/2026\/02\/asics-Magic-Speed-5-vital-green-carrier-grey-1013A183-300.webp","contentUrl":"https:\/\/www.miomiorun.com\/app\/uploads\/2026\/02\/asics-Magic-Speed-5-vital-green-carrier-grey-1013A183-300.webp","width":720,"height":720,"caption":"asics Magic Speed 5 vital green carrier grey 1013A183 300"},{"@type":"BreadcrumbList","@id":"https:\/\/www.miomiorun.com\/de\/produkt\/magic-speed-5\/#breadcrumb","itemListElement":[{"@type":"ListItem","position":1,"name":"Home","item":"https:\/\/www.miomiorun.com\/de\/home-page\/"},{"@type":"ListItem","position":2,"name":"Shop","item":"https:\/\/www.miomiorun.com\/shop\/"},{"@type":"ListItem","position":3,"name":"Magic Speed 5"}]},{"@type":"WebSite","@id":"https:\/\/www.miomiorun.com\/de\/#website","url":"https:\/\/www.miomiorun.com\/de\/","name":"MioMioRun","description":"100% Lauf- und Trailshop","publisher":{"@id":"https:\/\/www.miomiorun.com\/de\/#organization"},"potentialAction":[{"@type":"SearchAction","target":{"@type":"EntryPoint","urlTemplate":"https:\/\/www.miomiorun.com\/de\/?s={search_term_string}"},"query-input":{"@type":"PropertyValueSpecification","valueRequired":true,"valueName":"search_term_string"}}],"inLanguage":"de-DE"},{"@type":"Organization","@id":"https:\/\/www.miomiorun.com\/de\/#organization","name":"MioMio Run","url":"https:\/\/www.miomiorun.com\/de\/","logo":{"@type":"ImageObject","inLanguage":"de-DE","@id":"https:\/\/www.miomiorun.com\/de\/#\/schema\/logo\/image\/","url":"https:\/\/www.miomiorun.com\/app\/uploads\/2019\/12\/logomio.png","contentUrl":"https:\/\/www.miomiorun.com\/app\/uploads\/2019\/12\/logomio.png","width":115,"height":82,"caption":"MioMio Run"},"image":{"@id":"https:\/\/www.miomiorun.com\/de\/#\/schema\/logo\/image\/"},"sameAs":["https:\/\/www.facebook.com\/miomiorun\/","https:\/\/www.instagram.com\/miomiorun\/"]}]}},"_links":{"self":[{"href":"https:\/\/www.miomiorun.com\/de\/wp-json\/wp\/v2\/product\/391624","targetHints":{"allow":["GET"]}}],"collection":[{"href":"https:\/\/www.miomiorun.com\/de\/wp-json\/wp\/v2\/product"}],"about":[{"href":"https:\/\/www.miomiorun.com\/de\/wp-json\/wp\/v2\/types\/product"}],"wp:featuredmedia":[{"embeddable":true,"href":"https:\/\/www.miomiorun.com\/de\/wp-json\/wp\/v2\/media\/405702"}],"wp:attachment":[{"href":"https:\/\/www.miomiorun.com\/de\/wp-json\/wp\/v2\/media?parent=391624"}],"wp:term":[{"taxonomy":"product_brand","embeddable":true,"href":"https:\/\/www.miomiorun.com\/de\/wp-json\/wp\/v2\/product_brand?post=391624"},{"taxonomy":"product_cat","embeddable":true,"href":"https:\/\/www.miomiorun.com\/de\/wp-json\/wp\/v2\/product_cat?post=391624"},{"taxonomy":"product_tag","embeddable":true,"href":"https:\/\/www.miomiorun.com\/de\/wp-json\/wp\/v2\/product_tag?post=391624"}],"curies":[{"name":"wp","href":"https:\/\/api.w.org\/{rel}","templated":true}]}}