{"id":391577,"date":"2026-01-28T10:17:04","date_gmt":"2026-01-28T09:17:04","guid":{"rendered":"https:\/\/www.miomiorun.com\/?post_type=product&#038;p=391577"},"modified":"2026-04-16T18:44:39","modified_gmt":"2026-04-16T16:44:39","slug":"speedgoat-7-damen","status":"publish","type":"product","link":"https:\/\/www.miomiorun.com\/de\/produkt\/speedgoat-7-damen\/","title":{"rendered":"Speedgoat 7 damen"},"content":{"rendered":"<div class=\"vc-row container\"><div class=\"vc-column\"><div class=\"vc-column-text\"><\/p>\n<p><strong>Technische Daten<\/strong><\/p>\n<p>Kategorie: Top-D\u00e4mpfung<br \/>\nOffset: 5 mm<br \/>\nGewicht: 235 g<br \/>\nIdeal f\u00fcr: Trailrunner und Bergwanderer, die ein leichtes, gut ged\u00e4mpftes und sch\u00fctzendes Modell suchen, das auch auf langen Strecken h\u00f6chsten Komfort bietet.<br \/>\nGewicht des Sportlers: 50-70 kg<br \/>\nLaufgeschwindigkeit: mittel-schnell (4,30-6,00 min\/km)<br \/>\n<a href=\"https:\/\/miomiorun.com\/guida-alle-specifiche-tecniche\/\">Leitfaden zu den technischen Daten<\/a><\/p>\n<p><\/div><\/div><div class=\"vc-column\"><div class=\"vc-column-text\"><\/p>\n<div class=\"description-whatsnew\">\n<p data-start=\"147\" data-end=\"504\">Der <strong data-start=\"150\" data-end=\"165\">Speedgoat 7<\/strong> wurde entwickelt, um ein <strong data-start=\"214\" data-end=\"248\">griffiges und reaktionsfreudiges<\/strong> Lauferlebnis auf <strong data-start=\"253\" data-end=\"272\">technischem Gel\u00e4nde<\/strong> zu bieten. Mit einer <strong data-start=\"286\" data-end=\"318\">\u00fcberlegenen Energier\u00fcckgabe<\/strong> und einer <strong data-start=\"328\" data-end=\"355\">neuen SCF-Zwischensohle<\/strong> setzt diese Weiterentwicklung neue Ma\u00dfst\u00e4be in Sachen Leistung und beh\u00e4lt gleichzeitig die zuverl\u00e4ssige Traktion und Passform bei, die diese Serie so legend\u00e4r gemacht haben.<\/p>\n<p data-start=\"506\" data-end=\"1028\">Jedes Detail wurde sorgf\u00e4ltig durchdacht: Der <strong data-start=\"551\" data-end=\"577\">verbesserte Kragen<\/strong> erh\u00f6ht den Komfort, w\u00e4hrend die <strong data-start=\"608\" data-end=\"639\">integrierte Schutzgamasche<\/strong> dabei hilft, Schmutz und Ablagerungen fernzuhalten. Die <strong data-start=\"684\" data-end=\"727\">Vibram\u00ae Megagrip-Sohle mit Traction Lug<\/strong> und <strong data-start=\"730\" data-end=\"752\">5-mm-Profil<\/strong> sorgt f\u00fcr starken Grip und Kontrolle auf gemischtem Untergrund, auch dank der <strong data-start=\"819\" data-end=\"861\">\u00fcberarbeiteten Profilausrichtung<\/strong>. Die <strong data-start=\"866\" data-end=\"903\">dynamische Stretch-Zunge<\/strong> (zum Patent angemeldet) und das <strong data-start=\"933\" data-end=\"960\">leichte rPET-Gewebe<\/strong> sorgen f\u00fcr eine stabile Passform und ein agiles Tragegef\u00fchl.<\/p>\n<p data-start=\"1030\" data-end=\"1314\">Abgerundet wird das Paket durch die <strong data-start=\"1057\" data-end=\"1098\">flache Zunge mit doppeltem Faltenbalg<\/strong>, die <strong data-start=\"1103\" data-end=\"1126\">Fersenlasche<\/strong> und die <strong data-start=\"1131\" data-end=\"1159\">reflektierenden Details<\/strong> f\u00fcr mehr Funktionalit\u00e4t und Sichtbarkeit. Eine Konzentration neuer Technologien, die den Speedgoat als einen der robustesten und beliebtesten Trail-Schuhe etabliert.<\/p>\n<p><\/div><\/div><\/div>\n<\/p>\n<\/div>\n","protected":false},"excerpt":{"rendered":"<ul>\n<li data-start=\"1557\" data-end=\"1628\">Neue SCF-Zwischensohle f\u00fcr \u00fcberlegene Energier\u00fcckgabe und Reaktionsf\u00e4higkeit<\/li>\n<li data-start=\"1631\" data-end=\"1721\">Vibram\u00ae Megagrip-Sohle mit Traction Lug und 5 mm Profil f\u00fcr Grip auf technischem Gel\u00e4nde<\/li>\n<li data-start=\"1724\" data-end=\"1811\">Integrierte Gamasche, verbesserter Kragen und leichte Materialien f\u00fcr Komfort und Schutz<\/li>\n<\/ul>\n","protected":false},"featured_media":398432,"template":"","meta":{"_acf_changed":false,"inline_featured_image":false},"product_brand":[],"product_cat":[6474,6491],"product_tag":[3373,6228],"class_list":{"0":"post-391577","1":"product","2":"type-product","3":"status-publish","4":"has-post-thumbnail","6":"product_cat-damenschuhe","7":"product_cat-damentrailschuhe","8":"product_tag-hoka-one-one-de","9":"product_tag-hoka-one-one-damen-de","10":"pa_attivita-outdoor-de","11":"pa_attivita-trail-de","12":"pa_colore-speedgoat-7-w-berry-jam-starlight-glow","13":"pa_colore-speedgoat-7-w-black-white","14":"pa_colore-speedgoat-7-w-persimmon-neon-yuzu","15":"pa_colore-speedgoat-7-w-vintage-yellow-neon-flame","16":"pa_marca-hoka-de","17":"pa_sesso-damen","18":"pa_size-37-de","19":"pa_size-38-de","21":"pa_size-39-de","22":"pa_size-40-de","24":"pa_size-41-de","25":"pa_size-42-de","27":"first","28":"instock","29":"taxable","30":"shipping-taxable","31":"purchasable","32":"product-type-variable","33":"wvs-archive-product-wrapper"},"acf":[],"yoast_head":"<!-- This site is optimized with the Yoast SEO plugin v26.8 - https:\/\/yoast.com\/product\/yoast-seo-wordpress\/ -->\n<title>Hoka Speedgoat 7 damen - Trailschuhe - MioMioRun.com<\/title>\n<meta name=\"description\" content=\"Speedgoat 7: Trail-Laufschuh mit neuer SCF-Zwischensohle, Vibram\u00ae Megagrip-Sohle mit Traction Lug, integrierter Gamasche und 5-mm-Profil. Grip und Reaktionsf\u00e4higkeit\" \/>\n<meta name=\"robots\" content=\"index, follow, max-snippet:-1, max-image-preview:large, max-video-preview:-1\" \/>\n<link rel=\"canonical\" href=\"https:\/\/www.miomiorun.com\/de\/produkt\/speedgoat-7-damen\/\" \/>\n<meta property=\"og:locale\" content=\"de_DE\" \/>\n<meta property=\"og:type\" content=\"article\" \/>\n<meta property=\"og:title\" content=\"Hoka Speedgoat 7 damen - Trailschuhe - MioMioRun.com\" \/>\n<meta property=\"og:description\" content=\"Speedgoat 7: Trail-Laufschuh mit neuer SCF-Zwischensohle, Vibram\u00ae Megagrip-Sohle mit Traction Lug, integrierter Gamasche und 5-mm-Profil. Grip und Reaktionsf\u00e4higkeit\" \/>\n<meta property=\"og:url\" content=\"https:\/\/www.miomiorun.com\/de\/produkt\/speedgoat-7-damen\/\" \/>\n<meta property=\"og:site_name\" content=\"MioMioRun\" \/>\n<meta property=\"article:publisher\" content=\"https:\/\/www.facebook.com\/miomiorun\/\" \/>\n<meta property=\"article:modified_time\" content=\"2026-04-16T16:44:39+00:00\" \/>\n<meta property=\"og:image\" content=\"https:\/\/www.miomiorun.com\/app\/uploads\/2026\/02\/hoka-Speedgoat-7-W-vintage-yellow-neon-flame-1171929-VWN.webp\" \/>\n\t<meta property=\"og:image:width\" content=\"720\" \/>\n\t<meta property=\"og:image:height\" content=\"720\" \/>\n\t<meta property=\"og:image:type\" content=\"image\/webp\" \/>\n<meta name=\"twitter:card\" content=\"summary_large_image\" \/>\n<meta name=\"twitter:label1\" content=\"Est. reading time\" \/>\n\t<meta name=\"twitter:data1\" content=\"1 minute\" \/>\n<script type=\"application\/ld+json\" class=\"yoast-schema-graph\">{\"@context\":\"https:\/\/schema.org\",\"@graph\":[{\"@type\":\"WebPage\",\"@id\":\"https:\/\/www.miomiorun.com\/de\/produkt\/speedgoat-7-damen\/\",\"url\":\"https:\/\/www.miomiorun.com\/de\/produkt\/speedgoat-7-damen\/\",\"name\":\"Hoka Speedgoat 7 damen - Trailschuhe - MioMioRun.com\",\"isPartOf\":{\"@id\":\"https:\/\/www.miomiorun.com\/de\/#website\"},\"primaryImageOfPage\":{\"@id\":\"https:\/\/www.miomiorun.com\/de\/produkt\/speedgoat-7-damen\/#primaryimage\"},\"image\":{\"@id\":\"https:\/\/www.miomiorun.com\/de\/produkt\/speedgoat-7-damen\/#primaryimage\"},\"thumbnailUrl\":\"https:\/\/www.miomiorun.com\/app\/uploads\/2026\/02\/hoka-Speedgoat-7-W-vintage-yellow-neon-flame-1171929-VWN.webp\",\"datePublished\":\"2026-01-28T09:17:04+00:00\",\"dateModified\":\"2026-04-16T16:44:39+00:00\",\"description\":\"Speedgoat 7: Trail-Laufschuh mit neuer SCF-Zwischensohle, Vibram\u00ae Megagrip-Sohle mit Traction Lug, integrierter Gamasche und 5-mm-Profil. Grip und Reaktionsf\u00e4higkeit\",\"breadcrumb\":{\"@id\":\"https:\/\/www.miomiorun.com\/de\/produkt\/speedgoat-7-damen\/#breadcrumb\"},\"inLanguage\":\"de-DE\",\"potentialAction\":[{\"@type\":\"ReadAction\",\"target\":[\"https:\/\/www.miomiorun.com\/de\/produkt\/speedgoat-7-damen\/\"]}]},{\"@type\":\"ImageObject\",\"inLanguage\":\"de-DE\",\"@id\":\"https:\/\/www.miomiorun.com\/de\/produkt\/speedgoat-7-damen\/#primaryimage\",\"url\":\"https:\/\/www.miomiorun.com\/app\/uploads\/2026\/02\/hoka-Speedgoat-7-W-vintage-yellow-neon-flame-1171929-VWN.webp\",\"contentUrl\":\"https:\/\/www.miomiorun.com\/app\/uploads\/2026\/02\/hoka-Speedgoat-7-W-vintage-yellow-neon-flame-1171929-VWN.webp\",\"width\":720,\"height\":720,\"caption\":\"hoka Speedgoat 7 W vintage yellow neon flame 1171929 VWN\"},{\"@type\":\"BreadcrumbList\",\"@id\":\"https:\/\/www.miomiorun.com\/de\/produkt\/speedgoat-7-damen\/#breadcrumb\",\"itemListElement\":[{\"@type\":\"ListItem\",\"position\":1,\"name\":\"Home\",\"item\":\"https:\/\/www.miomiorun.com\/de\/\"},{\"@type\":\"ListItem\",\"position\":2,\"name\":\"Shop\",\"item\":\"https:\/\/www.miomiorun.com\/shop\/\"},{\"@type\":\"ListItem\",\"position\":3,\"name\":\"Speedgoat 7 damen\"}]},{\"@type\":\"WebSite\",\"@id\":\"https:\/\/www.miomiorun.com\/de\/#website\",\"url\":\"https:\/\/www.miomiorun.com\/de\/\",\"name\":\"MioMioRun\",\"description\":\"100% Lauf- und Trailshop\",\"publisher\":{\"@id\":\"https:\/\/www.miomiorun.com\/de\/#organization\"},\"potentialAction\":[{\"@type\":\"SearchAction\",\"target\":{\"@type\":\"EntryPoint\",\"urlTemplate\":\"https:\/\/www.miomiorun.com\/de\/?s={search_term_string}\"},\"query-input\":{\"@type\":\"PropertyValueSpecification\",\"valueRequired\":true,\"valueName\":\"search_term_string\"}}],\"inLanguage\":\"de-DE\"},{\"@type\":\"Organization\",\"@id\":\"https:\/\/www.miomiorun.com\/de\/#organization\",\"name\":\"MioMio Run\",\"url\":\"https:\/\/www.miomiorun.com\/de\/\",\"logo\":{\"@type\":\"ImageObject\",\"inLanguage\":\"de-DE\",\"@id\":\"https:\/\/www.miomiorun.com\/de\/#\/schema\/logo\/image\/\",\"url\":\"https:\/\/www.miomiorun.com\/app\/uploads\/2019\/12\/logomio.png\",\"contentUrl\":\"https:\/\/www.miomiorun.com\/app\/uploads\/2019\/12\/logomio.png\",\"width\":115,\"height\":82,\"caption\":\"MioMio Run\"},\"image\":{\"@id\":\"https:\/\/www.miomiorun.com\/de\/#\/schema\/logo\/image\/\"},\"sameAs\":[\"https:\/\/www.facebook.com\/miomiorun\/\",\"https:\/\/www.instagram.com\/miomiorun\/\"]}]}<\/script>\n<!-- \/ Yoast SEO plugin. -->","yoast_head_json":{"title":"Hoka Speedgoat 7 damen - Trailschuhe - MioMioRun.com","description":"Speedgoat 7: Trail-Laufschuh mit neuer SCF-Zwischensohle, Vibram\u00ae Megagrip-Sohle mit Traction Lug, integrierter Gamasche und 5-mm-Profil. Grip und Reaktionsf\u00e4higkeit","robots":{"index":"index","follow":"follow","max-snippet":"max-snippet:-1","max-image-preview":"max-image-preview:large","max-video-preview":"max-video-preview:-1"},"canonical":"https:\/\/www.miomiorun.com\/de\/produkt\/speedgoat-7-damen\/","og_locale":"de_DE","og_type":"article","og_title":"Hoka Speedgoat 7 damen - Trailschuhe - MioMioRun.com","og_description":"Speedgoat 7: Trail-Laufschuh mit neuer SCF-Zwischensohle, Vibram\u00ae Megagrip-Sohle mit Traction Lug, integrierter Gamasche und 5-mm-Profil. Grip und Reaktionsf\u00e4higkeit","og_url":"https:\/\/www.miomiorun.com\/de\/produkt\/speedgoat-7-damen\/","og_site_name":"MioMioRun","article_publisher":"https:\/\/www.facebook.com\/miomiorun\/","article_modified_time":"2026-04-16T16:44:39+00:00","og_image":[{"width":720,"height":720,"url":"https:\/\/www.miomiorun.com\/app\/uploads\/2026\/02\/hoka-Speedgoat-7-W-vintage-yellow-neon-flame-1171929-VWN.webp","type":"image\/webp"}],"twitter_card":"summary_large_image","twitter_misc":{"Est. reading time":"1 minute"},"schema":{"@context":"https:\/\/schema.org","@graph":[{"@type":"WebPage","@id":"https:\/\/www.miomiorun.com\/de\/produkt\/speedgoat-7-damen\/","url":"https:\/\/www.miomiorun.com\/de\/produkt\/speedgoat-7-damen\/","name":"Hoka Speedgoat 7 damen - Trailschuhe - MioMioRun.com","isPartOf":{"@id":"https:\/\/www.miomiorun.com\/de\/#website"},"primaryImageOfPage":{"@id":"https:\/\/www.miomiorun.com\/de\/produkt\/speedgoat-7-damen\/#primaryimage"},"image":{"@id":"https:\/\/www.miomiorun.com\/de\/produkt\/speedgoat-7-damen\/#primaryimage"},"thumbnailUrl":"https:\/\/www.miomiorun.com\/app\/uploads\/2026\/02\/hoka-Speedgoat-7-W-vintage-yellow-neon-flame-1171929-VWN.webp","datePublished":"2026-01-28T09:17:04+00:00","dateModified":"2026-04-16T16:44:39+00:00","description":"Speedgoat 7: Trail-Laufschuh mit neuer SCF-Zwischensohle, Vibram\u00ae Megagrip-Sohle mit Traction Lug, integrierter Gamasche und 5-mm-Profil. Grip und Reaktionsf\u00e4higkeit","breadcrumb":{"@id":"https:\/\/www.miomiorun.com\/de\/produkt\/speedgoat-7-damen\/#breadcrumb"},"inLanguage":"de-DE","potentialAction":[{"@type":"ReadAction","target":["https:\/\/www.miomiorun.com\/de\/produkt\/speedgoat-7-damen\/"]}]},{"@type":"ImageObject","inLanguage":"de-DE","@id":"https:\/\/www.miomiorun.com\/de\/produkt\/speedgoat-7-damen\/#primaryimage","url":"https:\/\/www.miomiorun.com\/app\/uploads\/2026\/02\/hoka-Speedgoat-7-W-vintage-yellow-neon-flame-1171929-VWN.webp","contentUrl":"https:\/\/www.miomiorun.com\/app\/uploads\/2026\/02\/hoka-Speedgoat-7-W-vintage-yellow-neon-flame-1171929-VWN.webp","width":720,"height":720,"caption":"hoka Speedgoat 7 W vintage yellow neon flame 1171929 VWN"},{"@type":"BreadcrumbList","@id":"https:\/\/www.miomiorun.com\/de\/produkt\/speedgoat-7-damen\/#breadcrumb","itemListElement":[{"@type":"ListItem","position":1,"name":"Home","item":"https:\/\/www.miomiorun.com\/de\/"},{"@type":"ListItem","position":2,"name":"Shop","item":"https:\/\/www.miomiorun.com\/shop\/"},{"@type":"ListItem","position":3,"name":"Speedgoat 7 damen"}]},{"@type":"WebSite","@id":"https:\/\/www.miomiorun.com\/de\/#website","url":"https:\/\/www.miomiorun.com\/de\/","name":"MioMioRun","description":"100% Lauf- und Trailshop","publisher":{"@id":"https:\/\/www.miomiorun.com\/de\/#organization"},"potentialAction":[{"@type":"SearchAction","target":{"@type":"EntryPoint","urlTemplate":"https:\/\/www.miomiorun.com\/de\/?s={search_term_string}"},"query-input":{"@type":"PropertyValueSpecification","valueRequired":true,"valueName":"search_term_string"}}],"inLanguage":"de-DE"},{"@type":"Organization","@id":"https:\/\/www.miomiorun.com\/de\/#organization","name":"MioMio Run","url":"https:\/\/www.miomiorun.com\/de\/","logo":{"@type":"ImageObject","inLanguage":"de-DE","@id":"https:\/\/www.miomiorun.com\/de\/#\/schema\/logo\/image\/","url":"https:\/\/www.miomiorun.com\/app\/uploads\/2019\/12\/logomio.png","contentUrl":"https:\/\/www.miomiorun.com\/app\/uploads\/2019\/12\/logomio.png","width":115,"height":82,"caption":"MioMio Run"},"image":{"@id":"https:\/\/www.miomiorun.com\/de\/#\/schema\/logo\/image\/"},"sameAs":["https:\/\/www.facebook.com\/miomiorun\/","https:\/\/www.instagram.com\/miomiorun\/"]}]}},"_links":{"self":[{"href":"https:\/\/www.miomiorun.com\/de\/wp-json\/wp\/v2\/product\/391577","targetHints":{"allow":["GET"]}}],"collection":[{"href":"https:\/\/www.miomiorun.com\/de\/wp-json\/wp\/v2\/product"}],"about":[{"href":"https:\/\/www.miomiorun.com\/de\/wp-json\/wp\/v2\/types\/product"}],"wp:featuredmedia":[{"embeddable":true,"href":"https:\/\/www.miomiorun.com\/de\/wp-json\/wp\/v2\/media\/398432"}],"wp:attachment":[{"href":"https:\/\/www.miomiorun.com\/de\/wp-json\/wp\/v2\/media?parent=391577"}],"wp:term":[{"taxonomy":"product_brand","embeddable":true,"href":"https:\/\/www.miomiorun.com\/de\/wp-json\/wp\/v2\/product_brand?post=391577"},{"taxonomy":"product_cat","embeddable":true,"href":"https:\/\/www.miomiorun.com\/de\/wp-json\/wp\/v2\/product_cat?post=391577"},{"taxonomy":"product_tag","embeddable":true,"href":"https:\/\/www.miomiorun.com\/de\/wp-json\/wp\/v2\/product_tag?post=391577"}],"curies":[{"name":"wp","href":"https:\/\/api.w.org\/{rel}","templated":true}]}}