{"id":391451,"date":"2026-01-27T19:03:32","date_gmt":"2026-01-27T18:03:32","guid":{"rendered":"https:\/\/www.miomiorun.com\/?post_type=product&#038;p=391451"},"modified":"2026-04-16T18:44:48","modified_gmt":"2026-04-16T16:44:48","slug":"adizero-adios-9-herren","status":"publish","type":"product","link":"https:\/\/www.miomiorun.com\/de\/produkt\/adizero-adios-9-herren\/","title":{"rendered":"Adizero Adios 9 herren"},"content":{"rendered":"<p><div class=\"vc-row container\"><div class=\"vc-column\"><div class=\"vc-column-text\"><\/p>\n<h4>Technische Daten<\/h4>\n<p>Kategorie: Reaktive D\u00e4mpfung<br \/>\nOffset: 7 mm (Ferse 27 mm\/Vorderfu\u00df 20 mm)<br \/>\nGewicht: 177 g<br \/>\nIdeal f\u00fcr: schnelle Athleten und f\u00fcr den Einsatz im Wettkampf (Halbmarathon), dank seiner innovativen und reaktiven D\u00e4mpfung macht er dich schneller und begleitet dich auf das Podium.<br \/>\nGewicht des Athleten: &lt; 70 kg<br \/>\nLaufgeschwindigkeit: &lt; 4,00 min\/km<br \/>\n<a href=\"https:\/\/miomiorun.com\/guida-alle-specifiche-tecniche\/\">Leitfaden zu den technischen Spezifikationen<\/a><\/p>\n<p><\/div><\/div><div class=\"vc-column\"><div class=\"vc-column-text\"><\/p>\n<p data-start=\"143\" data-end=\"442\">Die <strong>A<\/strong><strong data-start=\"146\" data-end=\"157\">dios 9<\/strong> sind leichte, wettkampftaugliche Laufschuhe mit <strong data-start=\"179\" data-end=\"196\">niedriger Sohlenh\u00f6he<\/strong>, die f\u00fcr alle entwickelt wurden, die vom ersten bis zum letzten Kilometer auf Geschwindigkeit und Pr\u00e4zision setzen. Sie eignen sich ideal f\u00fcr <strong data-start=\"321\" data-end=\"343\">Hybrid-Training<\/strong> und <strong data-start=\"346\" data-end=\"371\">vielseitige Leistungen<\/strong> und verbinden Reaktionsf\u00e4higkeit und Komfort in einem essentiellen und wettbewerbsf\u00e4higen Design.<\/p>\n<p data-start=\"444\" data-end=\"848\">Die durchgehende <strong data-start=\"457\" data-end=\"494\">Lightstrike Pro-Mittelsohle<\/strong> bietet ein elastisches und unmittelbares Ansprechverhalten, w\u00e4hrend ein integriertes <strong data-start=\"546\" data-end=\"575\">Versteifungselement<\/strong> <strong data-start=\"596\" data-end=\"618\">schnelle \u00dcberg\u00e4nge<\/strong> und einen effizienten Antrieb f\u00f6rdert. Das <strong data-start=\"647\" data-end=\"679\">Obermaterial aus elastischem Mesh<\/strong> verbessert die Passform und den Komfort und sorgt daf\u00fcr, dass der Fu\u00df auch bei hohen Geschwindigkeiten gut umschlossen bleibt. Die <strong data-start=\"777\" data-end=\"795\">Gummisohle<\/strong> sorgt f\u00fcr zuverl\u00e4ssige Traktion beim Training und im Wettkampf.<\/p>\n<p data-start=\"850\" data-end=\"1131\">Der adios 9 wurde auch unter dem Gesichtspunkt der Nachhaltigkeit entwickelt und enth\u00e4lt <strong data-start=\"910\" data-end=\"950\">mindestens 20 % recycelte Materialien<\/strong>, wodurch Abfall und Umweltbelastung reduziert werden, ohne die Leistung zu beeintr\u00e4chtigen. Eine bewusste Wahl f\u00fcr alle, die mit Leichtigkeit, Geschwindigkeit und Kontrolle ins Ziel kommen wollen.<\/p>\n<p><\/div><\/div><\/div><div class=\"vc-row container\"><div class=\"vc-column\"><div style=\"height:32px\" class=\"vc-empty-space\"><\/div><\/div><\/div><div class=\"vc-row container\"><div class=\"vc-column\"><div class=\"vc-column-text\"><\/p>\n<p><\/div><\/div><\/div><\/p><\/p>\n","protected":false},"excerpt":{"rendered":"<ul>\n<li data-start=\"1363\" data-end=\"1437\">Durchgehende <strong data-start=\"1374\" data-end=\"1393\">Lightstrike Pro<\/strong>-Zwischensohle f\u00fcr Reaktionsf\u00e4higkeit und Schubkraft<\/li>\n<li data-start=\"1440\" data-end=\"1510\"><strong data-start=\"1440\" data-end=\"1455\">Niedriger Stack<\/strong> mit Versteifungselement f\u00fcr schnelle \u00dcberg\u00e4nge<\/li>\n<li data-start=\"1513\" data-end=\"1576\">Obermaterial aus <strong data-start=\"1523\" data-end=\"1545\">elastischem Mesh<\/strong> und recycelten Materialien (\u226520 %)<\/li>\n<\/ul>\n","protected":false},"featured_media":393194,"template":"","meta":{"_acf_changed":false,"inline_featured_image":false},"product_brand":[],"product_cat":[6507,6506,6474,6475],"product_tag":[3403,6307],"class_list":{"0":"post-391451","1":"product","2":"type-product","3":"status-publish","4":"has-post-thumbnail","6":"product_cat-herren-schuhe-de","7":"product_cat-neutrale-herren-schuhe-de","8":"product_cat-damenschuhe","9":"product_cat-neutral","10":"product_tag-adidas-de","11":"product_tag-adidas-herren-de","12":"pa_attivita-running-de","13":"pa_colore-adios-9-syello-aurplu-powplu","14":"pa_marca-adidas-de","15":"pa_sesso-herren","16":"pa_size-41-de","17":"pa_size-42-de","18":"pa_size-45-de","20":"first","21":"instock","22":"sale","23":"taxable","24":"shipping-taxable","25":"purchasable","26":"product-type-variable","27":"wvs-archive-product-wrapper"},"acf":[],"yoast_head":"<!-- This site is optimized with the Yoast SEO plugin v26.8 - https:\/\/yoast.com\/product\/yoast-seo-wordpress\/ -->\n<title>Adidas Adizero Adios 9 herren - Laufschuhe - MioMioRun .com<\/title>\n<meta name=\"description\" content=\"Leichte, wettkampftaugliche Laufschuhe mit Lightstrike Pro-D\u00e4mpfung, niedrigem Stack und Obermaterial aus elastischem Mesh. Geschwindigkeit, Reaktionsf\u00e4higkeit und Komfort.\" \/>\n<meta name=\"robots\" content=\"index, follow, max-snippet:-1, max-image-preview:large, max-video-preview:-1\" \/>\n<link rel=\"canonical\" href=\"https:\/\/www.miomiorun.com\/de\/produkt\/adizero-adios-9-herren\/\" \/>\n<meta property=\"og:locale\" content=\"de_DE\" \/>\n<meta property=\"og:type\" content=\"article\" \/>\n<meta property=\"og:title\" content=\"Adidas Adizero Adios 9 herren - Laufschuhe - MioMioRun .com\" \/>\n<meta property=\"og:description\" content=\"Leichte, wettkampftaugliche Laufschuhe mit Lightstrike Pro-D\u00e4mpfung, niedrigem Stack und Obermaterial aus elastischem Mesh. Geschwindigkeit, Reaktionsf\u00e4higkeit und Komfort.\" \/>\n<meta property=\"og:url\" content=\"https:\/\/www.miomiorun.com\/de\/produkt\/adizero-adios-9-herren\/\" \/>\n<meta property=\"og:site_name\" content=\"MioMioRun\" \/>\n<meta property=\"article:publisher\" content=\"https:\/\/www.facebook.com\/miomiorun\/\" \/>\n<meta property=\"article:modified_time\" content=\"2026-04-16T16:44:48+00:00\" \/>\n<meta property=\"og:image\" content=\"https:\/\/www.miomiorun.com\/app\/uploads\/2026\/01\/adidas-Adios-9-syello-aurplu-powplu-JQ0776.webp\" \/>\n\t<meta property=\"og:image:width\" content=\"720\" \/>\n\t<meta property=\"og:image:height\" content=\"720\" \/>\n\t<meta property=\"og:image:type\" content=\"image\/webp\" \/>\n<meta name=\"twitter:card\" content=\"summary_large_image\" \/>\n<meta name=\"twitter:label1\" content=\"Est. reading time\" \/>\n\t<meta name=\"twitter:data1\" content=\"1 minute\" \/>\n<script type=\"application\/ld+json\" class=\"yoast-schema-graph\">{\"@context\":\"https:\/\/schema.org\",\"@graph\":[{\"@type\":\"WebPage\",\"@id\":\"https:\/\/www.miomiorun.com\/de\/produkt\/adizero-adios-9-herren\/\",\"url\":\"https:\/\/www.miomiorun.com\/de\/produkt\/adizero-adios-9-herren\/\",\"name\":\"Adidas Adizero Adios 9 herren - Laufschuhe - MioMioRun .com\",\"isPartOf\":{\"@id\":\"https:\/\/www.miomiorun.com\/de\/#website\"},\"primaryImageOfPage\":{\"@id\":\"https:\/\/www.miomiorun.com\/de\/produkt\/adizero-adios-9-herren\/#primaryimage\"},\"image\":{\"@id\":\"https:\/\/www.miomiorun.com\/de\/produkt\/adizero-adios-9-herren\/#primaryimage\"},\"thumbnailUrl\":\"https:\/\/www.miomiorun.com\/app\/uploads\/2026\/01\/adidas-Adios-9-syello-aurplu-powplu-JQ0776.webp\",\"datePublished\":\"2026-01-27T18:03:32+00:00\",\"dateModified\":\"2026-04-16T16:44:48+00:00\",\"description\":\"Leichte, wettkampftaugliche Laufschuhe mit Lightstrike Pro-D\u00e4mpfung, niedrigem Stack und Obermaterial aus elastischem Mesh. Geschwindigkeit, Reaktionsf\u00e4higkeit und Komfort.\",\"breadcrumb\":{\"@id\":\"https:\/\/www.miomiorun.com\/de\/produkt\/adizero-adios-9-herren\/#breadcrumb\"},\"inLanguage\":\"de-DE\",\"potentialAction\":[{\"@type\":\"ReadAction\",\"target\":[\"https:\/\/www.miomiorun.com\/de\/produkt\/adizero-adios-9-herren\/\"]}]},{\"@type\":\"ImageObject\",\"inLanguage\":\"de-DE\",\"@id\":\"https:\/\/www.miomiorun.com\/de\/produkt\/adizero-adios-9-herren\/#primaryimage\",\"url\":\"https:\/\/www.miomiorun.com\/app\/uploads\/2026\/01\/adidas-Adios-9-syello-aurplu-powplu-JQ0776.webp\",\"contentUrl\":\"https:\/\/www.miomiorun.com\/app\/uploads\/2026\/01\/adidas-Adios-9-syello-aurplu-powplu-JQ0776.webp\",\"width\":720,\"height\":720,\"caption\":\"adidas Adios 9 syello aurplu powplu JQ0776\"},{\"@type\":\"BreadcrumbList\",\"@id\":\"https:\/\/www.miomiorun.com\/de\/produkt\/adizero-adios-9-herren\/#breadcrumb\",\"itemListElement\":[{\"@type\":\"ListItem\",\"position\":1,\"name\":\"Home\",\"item\":\"https:\/\/www.miomiorun.com\/de\/\"},{\"@type\":\"ListItem\",\"position\":2,\"name\":\"Shop\",\"item\":\"https:\/\/www.miomiorun.com\/shop\/\"},{\"@type\":\"ListItem\",\"position\":3,\"name\":\"Adizero Adios 9 herren\"}]},{\"@type\":\"WebSite\",\"@id\":\"https:\/\/www.miomiorun.com\/de\/#website\",\"url\":\"https:\/\/www.miomiorun.com\/de\/\",\"name\":\"MioMioRun\",\"description\":\"100% Lauf- und Trailshop\",\"publisher\":{\"@id\":\"https:\/\/www.miomiorun.com\/de\/#organization\"},\"potentialAction\":[{\"@type\":\"SearchAction\",\"target\":{\"@type\":\"EntryPoint\",\"urlTemplate\":\"https:\/\/www.miomiorun.com\/de\/?s={search_term_string}\"},\"query-input\":{\"@type\":\"PropertyValueSpecification\",\"valueRequired\":true,\"valueName\":\"search_term_string\"}}],\"inLanguage\":\"de-DE\"},{\"@type\":\"Organization\",\"@id\":\"https:\/\/www.miomiorun.com\/de\/#organization\",\"name\":\"MioMio Run\",\"url\":\"https:\/\/www.miomiorun.com\/de\/\",\"logo\":{\"@type\":\"ImageObject\",\"inLanguage\":\"de-DE\",\"@id\":\"https:\/\/www.miomiorun.com\/de\/#\/schema\/logo\/image\/\",\"url\":\"https:\/\/www.miomiorun.com\/app\/uploads\/2019\/12\/logomio.png\",\"contentUrl\":\"https:\/\/www.miomiorun.com\/app\/uploads\/2019\/12\/logomio.png\",\"width\":115,\"height\":82,\"caption\":\"MioMio Run\"},\"image\":{\"@id\":\"https:\/\/www.miomiorun.com\/de\/#\/schema\/logo\/image\/\"},\"sameAs\":[\"https:\/\/www.facebook.com\/miomiorun\/\",\"https:\/\/www.instagram.com\/miomiorun\/\"]}]}<\/script>\n<!-- \/ Yoast SEO plugin. -->","yoast_head_json":{"title":"Adidas Adizero Adios 9 herren - Laufschuhe - MioMioRun .com","description":"Leichte, wettkampftaugliche Laufschuhe mit Lightstrike Pro-D\u00e4mpfung, niedrigem Stack und Obermaterial aus elastischem Mesh. Geschwindigkeit, Reaktionsf\u00e4higkeit und Komfort.","robots":{"index":"index","follow":"follow","max-snippet":"max-snippet:-1","max-image-preview":"max-image-preview:large","max-video-preview":"max-video-preview:-1"},"canonical":"https:\/\/www.miomiorun.com\/de\/produkt\/adizero-adios-9-herren\/","og_locale":"de_DE","og_type":"article","og_title":"Adidas Adizero Adios 9 herren - Laufschuhe - MioMioRun .com","og_description":"Leichte, wettkampftaugliche Laufschuhe mit Lightstrike Pro-D\u00e4mpfung, niedrigem Stack und Obermaterial aus elastischem Mesh. Geschwindigkeit, Reaktionsf\u00e4higkeit und Komfort.","og_url":"https:\/\/www.miomiorun.com\/de\/produkt\/adizero-adios-9-herren\/","og_site_name":"MioMioRun","article_publisher":"https:\/\/www.facebook.com\/miomiorun\/","article_modified_time":"2026-04-16T16:44:48+00:00","og_image":[{"width":720,"height":720,"url":"https:\/\/www.miomiorun.com\/app\/uploads\/2026\/01\/adidas-Adios-9-syello-aurplu-powplu-JQ0776.webp","type":"image\/webp"}],"twitter_card":"summary_large_image","twitter_misc":{"Est. reading time":"1 minute"},"schema":{"@context":"https:\/\/schema.org","@graph":[{"@type":"WebPage","@id":"https:\/\/www.miomiorun.com\/de\/produkt\/adizero-adios-9-herren\/","url":"https:\/\/www.miomiorun.com\/de\/produkt\/adizero-adios-9-herren\/","name":"Adidas Adizero Adios 9 herren - Laufschuhe - MioMioRun .com","isPartOf":{"@id":"https:\/\/www.miomiorun.com\/de\/#website"},"primaryImageOfPage":{"@id":"https:\/\/www.miomiorun.com\/de\/produkt\/adizero-adios-9-herren\/#primaryimage"},"image":{"@id":"https:\/\/www.miomiorun.com\/de\/produkt\/adizero-adios-9-herren\/#primaryimage"},"thumbnailUrl":"https:\/\/www.miomiorun.com\/app\/uploads\/2026\/01\/adidas-Adios-9-syello-aurplu-powplu-JQ0776.webp","datePublished":"2026-01-27T18:03:32+00:00","dateModified":"2026-04-16T16:44:48+00:00","description":"Leichte, wettkampftaugliche Laufschuhe mit Lightstrike Pro-D\u00e4mpfung, niedrigem Stack und Obermaterial aus elastischem Mesh. Geschwindigkeit, Reaktionsf\u00e4higkeit und Komfort.","breadcrumb":{"@id":"https:\/\/www.miomiorun.com\/de\/produkt\/adizero-adios-9-herren\/#breadcrumb"},"inLanguage":"de-DE","potentialAction":[{"@type":"ReadAction","target":["https:\/\/www.miomiorun.com\/de\/produkt\/adizero-adios-9-herren\/"]}]},{"@type":"ImageObject","inLanguage":"de-DE","@id":"https:\/\/www.miomiorun.com\/de\/produkt\/adizero-adios-9-herren\/#primaryimage","url":"https:\/\/www.miomiorun.com\/app\/uploads\/2026\/01\/adidas-Adios-9-syello-aurplu-powplu-JQ0776.webp","contentUrl":"https:\/\/www.miomiorun.com\/app\/uploads\/2026\/01\/adidas-Adios-9-syello-aurplu-powplu-JQ0776.webp","width":720,"height":720,"caption":"adidas Adios 9 syello aurplu powplu JQ0776"},{"@type":"BreadcrumbList","@id":"https:\/\/www.miomiorun.com\/de\/produkt\/adizero-adios-9-herren\/#breadcrumb","itemListElement":[{"@type":"ListItem","position":1,"name":"Home","item":"https:\/\/www.miomiorun.com\/de\/"},{"@type":"ListItem","position":2,"name":"Shop","item":"https:\/\/www.miomiorun.com\/shop\/"},{"@type":"ListItem","position":3,"name":"Adizero Adios 9 herren"}]},{"@type":"WebSite","@id":"https:\/\/www.miomiorun.com\/de\/#website","url":"https:\/\/www.miomiorun.com\/de\/","name":"MioMioRun","description":"100% Lauf- und Trailshop","publisher":{"@id":"https:\/\/www.miomiorun.com\/de\/#organization"},"potentialAction":[{"@type":"SearchAction","target":{"@type":"EntryPoint","urlTemplate":"https:\/\/www.miomiorun.com\/de\/?s={search_term_string}"},"query-input":{"@type":"PropertyValueSpecification","valueRequired":true,"valueName":"search_term_string"}}],"inLanguage":"de-DE"},{"@type":"Organization","@id":"https:\/\/www.miomiorun.com\/de\/#organization","name":"MioMio Run","url":"https:\/\/www.miomiorun.com\/de\/","logo":{"@type":"ImageObject","inLanguage":"de-DE","@id":"https:\/\/www.miomiorun.com\/de\/#\/schema\/logo\/image\/","url":"https:\/\/www.miomiorun.com\/app\/uploads\/2019\/12\/logomio.png","contentUrl":"https:\/\/www.miomiorun.com\/app\/uploads\/2019\/12\/logomio.png","width":115,"height":82,"caption":"MioMio Run"},"image":{"@id":"https:\/\/www.miomiorun.com\/de\/#\/schema\/logo\/image\/"},"sameAs":["https:\/\/www.facebook.com\/miomiorun\/","https:\/\/www.instagram.com\/miomiorun\/"]}]}},"_links":{"self":[{"href":"https:\/\/www.miomiorun.com\/de\/wp-json\/wp\/v2\/product\/391451","targetHints":{"allow":["GET"]}}],"collection":[{"href":"https:\/\/www.miomiorun.com\/de\/wp-json\/wp\/v2\/product"}],"about":[{"href":"https:\/\/www.miomiorun.com\/de\/wp-json\/wp\/v2\/types\/product"}],"wp:featuredmedia":[{"embeddable":true,"href":"https:\/\/www.miomiorun.com\/de\/wp-json\/wp\/v2\/media\/393194"}],"wp:attachment":[{"href":"https:\/\/www.miomiorun.com\/de\/wp-json\/wp\/v2\/media?parent=391451"}],"wp:term":[{"taxonomy":"product_brand","embeddable":true,"href":"https:\/\/www.miomiorun.com\/de\/wp-json\/wp\/v2\/product_brand?post=391451"},{"taxonomy":"product_cat","embeddable":true,"href":"https:\/\/www.miomiorun.com\/de\/wp-json\/wp\/v2\/product_cat?post=391451"},{"taxonomy":"product_tag","embeddable":true,"href":"https:\/\/www.miomiorun.com\/de\/wp-json\/wp\/v2\/product_tag?post=391451"}],"curies":[{"name":"wp","href":"https:\/\/api.w.org\/{rel}","templated":true}]}}