{"id":390888,"date":"2026-01-23T18:32:46","date_gmt":"2026-01-23T17:32:46","guid":{"rendered":"https:\/\/www.miomiorun.com\/?post_type=product&#038;p=390888"},"modified":"2026-04-16T18:45:01","modified_gmt":"2026-04-16T16:45:01","slug":"ultra-raptor-3-damen","status":"publish","type":"product","link":"https:\/\/www.miomiorun.com\/de\/produkt\/ultra-raptor-3-damen\/","title":{"rendered":"Ultra Raptor 3 damen"},"content":{"rendered":"<table style=\"border-collapse: collapse;width: 100%\">\n<tbody>\n<tr>\n<td style=\"width: 33.3333%;vertical-align: top\">\n<p style=\"text-align: center\"><strong>Technische Daten<\/strong><\/p>\n<p style=\"text-align: center\">Kategorie: Top-D\u00e4mpfung<br \/>\nOffset: 8 mm (35 mm Ferse \/ 27 mm Vorfu\u00df)<br \/>\nGewicht: 295 g<br \/>\nIdeal f\u00fcr: Trailrunner und Bergwanderer, die ein solides, sch\u00fctzendes und zuverl\u00e4ssiges Modell f\u00fcr Langstreckenl\u00e4ufe und Wanderungen in unwegsamem und anspruchsvollem Gel\u00e4nde suchen.<br \/>\nGewicht des Sportlers: &gt;60 kg<br \/>\nLaufgeschwindigkeit: langsam (&gt;6,00 min\/km)<br \/>\n<a href=\"https:\/\/miomiorun.com\/guida-alle-specifiche-tecniche\/\">Leitfaden zu den technischen Daten<\/a><\/p>\n<\/td>\n<td style=\"width: 66.6666%;vertical-align: top\">\n<p style=\"text-align: center\" data-start=\"333\" data-end=\"702\">Der Ultra Raptor 3, mittlerweile in der dritten Auflage, ist ein Schuh, der f\u00fcr kurze und lange Strecken auf unterschiedlichem Terrain entwickelt wurde. Das strapazierf\u00e4hige und atmungsaktive Obermaterial aus recyceltem Mesh verf\u00fcgt \u00fcber eine verst\u00e4rkte Zehenkappe und einen Gummibord, um die Zehen vor Steinen und Wurzeln zu sch\u00fctzen, w\u00e4hrend der Kragen mit integrierter Gamasche das Eindringen von Steinen, Kies und Schmutz verhindert.<\/p>\n<p style=\"text-align: center\" data-start=\"704\" data-end=\"972\">Die weiche, st\u00fctzende Zwischensohle wird mit einer kompakteren Struktur unter der Ferse mit EVA-D\u00e4mpfung kombiniert, um Halt und Stabilit\u00e4t zu erh\u00f6hen. Der 8-mm-Drop rundet die Konstruktion ab, die f\u00fcr Komfort auf Trails ausgelegt ist.<\/p>\n<p style=\"text-align: center\" data-start=\"974\" data-end=\"1252\">Die Sohle aus FriXion\u00ae White-Mischung mit Impact Brake System\u2122-Technologie sorgt f\u00fcr Grip beim Auf- und Abstieg, w\u00e4hrend die Flexkerben die Bewegungsfreiheit f\u00f6rdern. Das Modell ist als vegan und PFAS-frei deklariert. <\/p>\n<\/p>\n<\/td>\n<\/tr>\n<\/tbody>\n<\/table>\n<p>&nbsp;<\/p>\n","protected":false},"excerpt":{"rendered":"<ul>\n<li>FriXion\u00ae White-Sohle mit Impact Brake System\u2122 und 4,5 mm Stollen<\/li>\n<li>Weiche Zwischensohle mit strukturierter St\u00fctze<\/li>\n<li>Integrierte Gamasche und verst\u00e4rkte Zehenkappe f\u00fcr zus\u00e4tzlichen Schutz<\/li>\n<\/ul>\n","protected":false},"featured_media":406575,"template":"","meta":{"_acf_changed":false,"inline_featured_image":false},"product_brand":[],"product_cat":[6474,6491],"product_tag":[6248,6220],"class_list":{"0":"post-390888","1":"product","2":"type-product","3":"status-publish","4":"has-post-thumbnail","6":"product_cat-damenschuhe","7":"product_cat-damentrailschuhe","8":"product_tag-la-sportiva-de","9":"product_tag-la-sportiva-damen-de","10":"pa_attivita-outdoor-de","11":"pa_colore-ultra-raptor-3-w-limestone-carbon","12":"pa_colore-ultra-raptor-3-w-mauve-mineral-red","13":"pa_colore-ultra-raptor-3-w-night-sky-azalea","14":"pa_marca-la-sportiva-de","15":"pa_sesso-damen","16":"pa_size-38-de","17":"pa_size-38-5-de","18":"pa_size-39-de","19":"pa_size-39-5-de","20":"pa_size-40-de","21":"pa_size-40-5-de","22":"pa_size-41-de","23":"pa_size-41-5-de","24":"pa_size-42-de","26":"first","27":"instock","28":"sale","29":"taxable","30":"shipping-taxable","31":"purchasable","32":"product-type-variable","33":"wvs-archive-product-wrapper"},"acf":[],"yoast_head":"<!-- This site is optimized with the Yoast SEO plugin v26.8 - https:\/\/yoast.com\/product\/yoast-seo-wordpress\/ -->\n<title>La Sportiva Ultra Raptor 3 damen - Trailschuhe - MioMioRun .com<\/title>\n<meta name=\"description\" content=\"Ultra Raptor 3 mit FriXion\u00ae White-Sohle, 8 mm Sprengung, integrierter Gamasche und stabiler Struktur f\u00fcr Grip und Schutz auf dem Trail.\" \/>\n<meta name=\"robots\" content=\"index, follow, max-snippet:-1, max-image-preview:large, max-video-preview:-1\" \/>\n<link rel=\"canonical\" href=\"https:\/\/www.miomiorun.com\/de\/produkt\/ultra-raptor-3-damen\/\" \/>\n<meta property=\"og:locale\" content=\"de_DE\" \/>\n<meta property=\"og:type\" content=\"article\" \/>\n<meta property=\"og:title\" content=\"La Sportiva Ultra Raptor 3 damen - Trailschuhe - MioMioRun .com\" \/>\n<meta property=\"og:description\" content=\"Ultra Raptor 3 mit FriXion\u00ae White-Sohle, 8 mm Sprengung, integrierter Gamasche und stabiler Struktur f\u00fcr Grip und Schutz auf dem Trail.\" \/>\n<meta property=\"og:url\" content=\"https:\/\/www.miomiorun.com\/de\/produkt\/ultra-raptor-3-damen\/\" \/>\n<meta property=\"og:site_name\" content=\"MioMioRun\" \/>\n<meta property=\"article:publisher\" content=\"https:\/\/www.facebook.com\/miomiorun\/\" \/>\n<meta property=\"article:modified_time\" content=\"2026-04-16T16:45:01+00:00\" \/>\n<meta property=\"og:image\" content=\"https:\/\/www.miomiorun.com\/app\/uploads\/2026\/02\/la-sportiva-Ultra-Raptor-3-W-limestone-carbon-ZFHS112B53G00.webp\" \/>\n\t<meta property=\"og:image:width\" content=\"720\" \/>\n\t<meta property=\"og:image:height\" content=\"720\" \/>\n\t<meta property=\"og:image:type\" content=\"image\/webp\" \/>\n<meta name=\"twitter:card\" content=\"summary_large_image\" \/>\n<meta name=\"twitter:label1\" content=\"Est. reading time\" \/>\n\t<meta name=\"twitter:data1\" content=\"1 minute\" \/>\n<script type=\"application\/ld+json\" class=\"yoast-schema-graph\">{\"@context\":\"https:\/\/schema.org\",\"@graph\":[{\"@type\":\"WebPage\",\"@id\":\"https:\/\/www.miomiorun.com\/de\/produkt\/ultra-raptor-3-damen\/\",\"url\":\"https:\/\/www.miomiorun.com\/de\/produkt\/ultra-raptor-3-damen\/\",\"name\":\"La Sportiva Ultra Raptor 3 damen - Trailschuhe - MioMioRun .com\",\"isPartOf\":{\"@id\":\"https:\/\/www.miomiorun.com\/de\/#website\"},\"primaryImageOfPage\":{\"@id\":\"https:\/\/www.miomiorun.com\/de\/produkt\/ultra-raptor-3-damen\/#primaryimage\"},\"image\":{\"@id\":\"https:\/\/www.miomiorun.com\/de\/produkt\/ultra-raptor-3-damen\/#primaryimage\"},\"thumbnailUrl\":\"https:\/\/www.miomiorun.com\/app\/uploads\/2026\/02\/la-sportiva-Ultra-Raptor-3-W-limestone-carbon-ZFHS112B53G00.webp\",\"datePublished\":\"2026-01-23T17:32:46+00:00\",\"dateModified\":\"2026-04-16T16:45:01+00:00\",\"description\":\"Ultra Raptor 3 mit FriXion\u00ae White-Sohle, 8 mm Sprengung, integrierter Gamasche und stabiler Struktur f\u00fcr Grip und Schutz auf dem Trail.\",\"breadcrumb\":{\"@id\":\"https:\/\/www.miomiorun.com\/de\/produkt\/ultra-raptor-3-damen\/#breadcrumb\"},\"inLanguage\":\"de-DE\",\"potentialAction\":[{\"@type\":\"ReadAction\",\"target\":[\"https:\/\/www.miomiorun.com\/de\/produkt\/ultra-raptor-3-damen\/\"]}]},{\"@type\":\"ImageObject\",\"inLanguage\":\"de-DE\",\"@id\":\"https:\/\/www.miomiorun.com\/de\/produkt\/ultra-raptor-3-damen\/#primaryimage\",\"url\":\"https:\/\/www.miomiorun.com\/app\/uploads\/2026\/02\/la-sportiva-Ultra-Raptor-3-W-limestone-carbon-ZFHS112B53G00.webp\",\"contentUrl\":\"https:\/\/www.miomiorun.com\/app\/uploads\/2026\/02\/la-sportiva-Ultra-Raptor-3-W-limestone-carbon-ZFHS112B53G00.webp\",\"width\":720,\"height\":720,\"caption\":\"la sportiva Ultra Raptor 3 W limestone carbon ZFHS112B53G00\"},{\"@type\":\"BreadcrumbList\",\"@id\":\"https:\/\/www.miomiorun.com\/de\/produkt\/ultra-raptor-3-damen\/#breadcrumb\",\"itemListElement\":[{\"@type\":\"ListItem\",\"position\":1,\"name\":\"Home\",\"item\":\"https:\/\/www.miomiorun.com\/de\/\"},{\"@type\":\"ListItem\",\"position\":2,\"name\":\"Shop\",\"item\":\"https:\/\/www.miomiorun.com\/shop\/\"},{\"@type\":\"ListItem\",\"position\":3,\"name\":\"Ultra Raptor 3 damen\"}]},{\"@type\":\"WebSite\",\"@id\":\"https:\/\/www.miomiorun.com\/de\/#website\",\"url\":\"https:\/\/www.miomiorun.com\/de\/\",\"name\":\"MioMioRun\",\"description\":\"100% Lauf- und Trailshop\",\"publisher\":{\"@id\":\"https:\/\/www.miomiorun.com\/de\/#organization\"},\"potentialAction\":[{\"@type\":\"SearchAction\",\"target\":{\"@type\":\"EntryPoint\",\"urlTemplate\":\"https:\/\/www.miomiorun.com\/de\/?s={search_term_string}\"},\"query-input\":{\"@type\":\"PropertyValueSpecification\",\"valueRequired\":true,\"valueName\":\"search_term_string\"}}],\"inLanguage\":\"de-DE\"},{\"@type\":\"Organization\",\"@id\":\"https:\/\/www.miomiorun.com\/de\/#organization\",\"name\":\"MioMio Run\",\"url\":\"https:\/\/www.miomiorun.com\/de\/\",\"logo\":{\"@type\":\"ImageObject\",\"inLanguage\":\"de-DE\",\"@id\":\"https:\/\/www.miomiorun.com\/de\/#\/schema\/logo\/image\/\",\"url\":\"https:\/\/www.miomiorun.com\/app\/uploads\/2019\/12\/logomio.png\",\"contentUrl\":\"https:\/\/www.miomiorun.com\/app\/uploads\/2019\/12\/logomio.png\",\"width\":115,\"height\":82,\"caption\":\"MioMio Run\"},\"image\":{\"@id\":\"https:\/\/www.miomiorun.com\/de\/#\/schema\/logo\/image\/\"},\"sameAs\":[\"https:\/\/www.facebook.com\/miomiorun\/\",\"https:\/\/www.instagram.com\/miomiorun\/\"]}]}<\/script>\n<!-- \/ Yoast SEO plugin. -->","yoast_head_json":{"title":"La Sportiva Ultra Raptor 3 damen - Trailschuhe - MioMioRun .com","description":"Ultra Raptor 3 mit FriXion\u00ae White-Sohle, 8 mm Sprengung, integrierter Gamasche und stabiler Struktur f\u00fcr Grip und Schutz auf dem Trail.","robots":{"index":"index","follow":"follow","max-snippet":"max-snippet:-1","max-image-preview":"max-image-preview:large","max-video-preview":"max-video-preview:-1"},"canonical":"https:\/\/www.miomiorun.com\/de\/produkt\/ultra-raptor-3-damen\/","og_locale":"de_DE","og_type":"article","og_title":"La Sportiva Ultra Raptor 3 damen - Trailschuhe - MioMioRun .com","og_description":"Ultra Raptor 3 mit FriXion\u00ae White-Sohle, 8 mm Sprengung, integrierter Gamasche und stabiler Struktur f\u00fcr Grip und Schutz auf dem Trail.","og_url":"https:\/\/www.miomiorun.com\/de\/produkt\/ultra-raptor-3-damen\/","og_site_name":"MioMioRun","article_publisher":"https:\/\/www.facebook.com\/miomiorun\/","article_modified_time":"2026-04-16T16:45:01+00:00","og_image":[{"width":720,"height":720,"url":"https:\/\/www.miomiorun.com\/app\/uploads\/2026\/02\/la-sportiva-Ultra-Raptor-3-W-limestone-carbon-ZFHS112B53G00.webp","type":"image\/webp"}],"twitter_card":"summary_large_image","twitter_misc":{"Est. reading time":"1 minute"},"schema":{"@context":"https:\/\/schema.org","@graph":[{"@type":"WebPage","@id":"https:\/\/www.miomiorun.com\/de\/produkt\/ultra-raptor-3-damen\/","url":"https:\/\/www.miomiorun.com\/de\/produkt\/ultra-raptor-3-damen\/","name":"La Sportiva Ultra Raptor 3 damen - Trailschuhe - MioMioRun .com","isPartOf":{"@id":"https:\/\/www.miomiorun.com\/de\/#website"},"primaryImageOfPage":{"@id":"https:\/\/www.miomiorun.com\/de\/produkt\/ultra-raptor-3-damen\/#primaryimage"},"image":{"@id":"https:\/\/www.miomiorun.com\/de\/produkt\/ultra-raptor-3-damen\/#primaryimage"},"thumbnailUrl":"https:\/\/www.miomiorun.com\/app\/uploads\/2026\/02\/la-sportiva-Ultra-Raptor-3-W-limestone-carbon-ZFHS112B53G00.webp","datePublished":"2026-01-23T17:32:46+00:00","dateModified":"2026-04-16T16:45:01+00:00","description":"Ultra Raptor 3 mit FriXion\u00ae White-Sohle, 8 mm Sprengung, integrierter Gamasche und stabiler Struktur f\u00fcr Grip und Schutz auf dem Trail.","breadcrumb":{"@id":"https:\/\/www.miomiorun.com\/de\/produkt\/ultra-raptor-3-damen\/#breadcrumb"},"inLanguage":"de-DE","potentialAction":[{"@type":"ReadAction","target":["https:\/\/www.miomiorun.com\/de\/produkt\/ultra-raptor-3-damen\/"]}]},{"@type":"ImageObject","inLanguage":"de-DE","@id":"https:\/\/www.miomiorun.com\/de\/produkt\/ultra-raptor-3-damen\/#primaryimage","url":"https:\/\/www.miomiorun.com\/app\/uploads\/2026\/02\/la-sportiva-Ultra-Raptor-3-W-limestone-carbon-ZFHS112B53G00.webp","contentUrl":"https:\/\/www.miomiorun.com\/app\/uploads\/2026\/02\/la-sportiva-Ultra-Raptor-3-W-limestone-carbon-ZFHS112B53G00.webp","width":720,"height":720,"caption":"la sportiva Ultra Raptor 3 W limestone carbon ZFHS112B53G00"},{"@type":"BreadcrumbList","@id":"https:\/\/www.miomiorun.com\/de\/produkt\/ultra-raptor-3-damen\/#breadcrumb","itemListElement":[{"@type":"ListItem","position":1,"name":"Home","item":"https:\/\/www.miomiorun.com\/de\/"},{"@type":"ListItem","position":2,"name":"Shop","item":"https:\/\/www.miomiorun.com\/shop\/"},{"@type":"ListItem","position":3,"name":"Ultra Raptor 3 damen"}]},{"@type":"WebSite","@id":"https:\/\/www.miomiorun.com\/de\/#website","url":"https:\/\/www.miomiorun.com\/de\/","name":"MioMioRun","description":"100% Lauf- und Trailshop","publisher":{"@id":"https:\/\/www.miomiorun.com\/de\/#organization"},"potentialAction":[{"@type":"SearchAction","target":{"@type":"EntryPoint","urlTemplate":"https:\/\/www.miomiorun.com\/de\/?s={search_term_string}"},"query-input":{"@type":"PropertyValueSpecification","valueRequired":true,"valueName":"search_term_string"}}],"inLanguage":"de-DE"},{"@type":"Organization","@id":"https:\/\/www.miomiorun.com\/de\/#organization","name":"MioMio Run","url":"https:\/\/www.miomiorun.com\/de\/","logo":{"@type":"ImageObject","inLanguage":"de-DE","@id":"https:\/\/www.miomiorun.com\/de\/#\/schema\/logo\/image\/","url":"https:\/\/www.miomiorun.com\/app\/uploads\/2019\/12\/logomio.png","contentUrl":"https:\/\/www.miomiorun.com\/app\/uploads\/2019\/12\/logomio.png","width":115,"height":82,"caption":"MioMio Run"},"image":{"@id":"https:\/\/www.miomiorun.com\/de\/#\/schema\/logo\/image\/"},"sameAs":["https:\/\/www.facebook.com\/miomiorun\/","https:\/\/www.instagram.com\/miomiorun\/"]}]}},"_links":{"self":[{"href":"https:\/\/www.miomiorun.com\/de\/wp-json\/wp\/v2\/product\/390888","targetHints":{"allow":["GET"]}}],"collection":[{"href":"https:\/\/www.miomiorun.com\/de\/wp-json\/wp\/v2\/product"}],"about":[{"href":"https:\/\/www.miomiorun.com\/de\/wp-json\/wp\/v2\/types\/product"}],"wp:featuredmedia":[{"embeddable":true,"href":"https:\/\/www.miomiorun.com\/de\/wp-json\/wp\/v2\/media\/406575"}],"wp:attachment":[{"href":"https:\/\/www.miomiorun.com\/de\/wp-json\/wp\/v2\/media?parent=390888"}],"wp:term":[{"taxonomy":"product_brand","embeddable":true,"href":"https:\/\/www.miomiorun.com\/de\/wp-json\/wp\/v2\/product_brand?post=390888"},{"taxonomy":"product_cat","embeddable":true,"href":"https:\/\/www.miomiorun.com\/de\/wp-json\/wp\/v2\/product_cat?post=390888"},{"taxonomy":"product_tag","embeddable":true,"href":"https:\/\/www.miomiorun.com\/de\/wp-json\/wp\/v2\/product_tag?post=390888"}],"curies":[{"name":"wp","href":"https:\/\/api.w.org\/{rel}","templated":true}]}}