{"id":389189,"date":"2026-01-20T18:57:24","date_gmt":"2026-01-20T17:57:24","guid":{"rendered":"https:\/\/www.miomiorun.com\/?post_type=product&#038;p=389189"},"modified":"2026-05-09T11:59:02","modified_gmt":"2026-05-09T09:59:02","slug":"cloudsurfer-max-herren","status":"publish","type":"product","link":"https:\/\/www.miomiorun.com\/de\/produkt\/cloudsurfer-max-herren\/","title":{"rendered":"Cloudsurfer Max herren"},"content":{"rendered":"<table style=\"border-collapse: collapse;width: 100%\">\n<tbody>\n<tr>\n<td style=\"width: 33.3333%;vertical-align: top;text-align: center\">\n<h4>Technische Daten<\/h4>\n<p>Kategorie: D\u00e4mpfend<br \/>\nSprengung: 6 mm<br \/>\nGewicht: 292 g<br \/>\nIdeal f\u00fcr: Alle, die einen Begleiter f\u00fcr Spazierg\u00e4nge und den Alltag suchen, mit einem leicht profilierten Profil f\u00fcr unvergleichlichen Grip<br \/>\nGewicht des L\u00e4ufers: 60\u201375 kg<br \/>\nLauftempo: 5 min\/kg<br \/>\n<a href=\"https:\/\/miomiorun.com\/guida-alle-specifiche-tecniche\/\">Leitfaden zu den technischen Daten<\/a><\/td>\n<td style=\"width: 66.6666%;vertical-align: top;text-align: center\">\n<p data-start=\"156\" data-end=\"517\">Der <strong data-start=\"159\" data-end=\"186\">Cloudsurfer Max f\u00fcr Herren<\/strong> wurde entwickelt, um <strong data-start=\"218\" data-end=\"245\">Langstreckenl\u00e4ufe<\/strong> mit einem Gef\u00fchl von tiefem Komfort, geschmeidigem Laufgef\u00fchl und kontinuierlicher D\u00e4mpfung zu bew\u00e4ltigen. Dank der <strong data-start=\"333\" data-end=\"369\">doppelten Schicht aus CloudTec Phase\u2122<\/strong> ist der Laufschritt extrem weich und progressiv, mit flie\u00dfenden \u00dcberg\u00e4ngen, die die Belastung und Erm\u00fcdung Kilometer f\u00fcr Kilometer reduzieren.<\/p>\n<p data-start=\"519\" data-end=\"811\">Der <strong data-start=\"522\" data-end=\"546\">Helion\u2122-Superschaum<\/strong> arbeitet synergetisch mit der Zwischensohle zusammen, um <strong data-start=\"587\" data-end=\"626\">St\u00f6\u00dfe effektiv zu absorbieren<\/strong> und bietet so ein leichtes und gesch\u00fctztes Laufgef\u00fchl auch auf anspruchsvollsten Strecken. Mit einem <strong data-start=\"711\" data-end=\"728\">Gewicht von 292 g<\/strong> bietet der Schuh ein ideales Gleichgewicht zwischen gro\u00dfz\u00fcgiger D\u00e4mpfung und Kontrolle.<\/p>\n<p data-start=\"813\" data-end=\"1196\">Das <strong data-start=\"816\" data-end=\"856\">Obermaterial aus leichtem, atmungsaktivem Mesh<\/strong> f\u00f6rdert die Bel\u00fcftung, w\u00e4hrend die <strong data-start=\"894\" data-end=\"917\">Zunge aus Mesh<\/strong> und der <strong data-start=\"923\" data-end=\"949\">flache Mesh-Kragen<\/strong> den Tragekomfort und die Passformstabilit\u00e4t verbessern. Die <strong data-start=\"1000\" data-end=\"1038\">Schn\u00fcrsenkelstopper der neuesten Generation<\/strong> sorgen f\u00fcr eine reibungslose Anpassung und einen sicheren Halt. Die Sohle ist mit <strong data-start=\"1115\" data-end=\"1139\">rutschfesten Elementen<\/strong> ausgestattet, um w\u00e4hrend des gesamten Laufs zuverl\u00e4ssigen Grip zu gew\u00e4hrleisten.<\/p>\n<p data-start=\"1198\" data-end=\"1467\">Abgerundet wird das Modell durch ein gepflegtes und unverwechselbares Design: Die ultra-d\u00e4mpfende Zwischensohle f\u00fcgt sich in eine elegante Silhouette ein, die durch <strong data-start=\"1340\" data-end=\"1369\">markante Farbakzente<\/strong> hervorgehoben wird. Ein Schuh f\u00fcr alle, die maximalen Komfort, Stil und Zuverl\u00e4ssigkeit auf langen Strecken suchen.<\/p>\n<\/td>\n<\/tr>\n<\/tbody>\n<\/table>\n<p>&nbsp;<\/p>\n","protected":false},"excerpt":{"rendered":"<ul>\n<li data-start=\"1705\" data-end=\"1770\">Doppelte Schicht aus CloudTec Phase\u2122 f\u00fcr ein weiches und geschmeidiges Laufgef\u00fchl<\/li>\n<li data-start=\"1773\" data-end=\"1846\">Helion\u2122-Superschaumstoff mit hoher Sto\u00dfd\u00e4mpfung<\/li>\n<li data-start=\"1849\" data-end=\"1934\">Obermaterial aus atmungsaktivem Mesh, Strickzunge und Schn\u00fcrsenkelzug der neuen Generation<\/li>\n<\/ul>\n","protected":false},"featured_media":412241,"template":"","meta":{"_acf_changed":false,"inline_featured_image":false},"product_brand":[],"product_cat":[6507,6506],"product_tag":[39518,39524],"class_list":{"0":"post-389189","1":"product","2":"type-product","3":"status-publish","4":"has-post-thumbnail","6":"product_cat-herren-schuhe-de","7":"product_cat-neutrale-herren-schuhe-de","8":"product_tag-on","9":"product_tag-on-herren","10":"pa_attivita-gehen","11":"pa_attivita-lifestyle-de","12":"pa_attivita-running-de","13":"pa_colore-cloudsurfer-max-wolf-sailor","14":"pa_marca-on","15":"pa_sesso-herren","16":"pa_size-42-5-de","17":"pa_size-43-de","18":"pa_size-45-de","19":"pa_size-46-de","21":"first","22":"instock","23":"sale","24":"taxable","25":"shipping-taxable","26":"purchasable","27":"product-type-variable","28":"wvs-archive-product-wrapper"},"acf":[],"yoast_head":"<!-- This site is optimized with the Yoast SEO plugin v26.8 - https:\/\/yoast.com\/product\/yoast-seo-wordpress\/ -->\n<title>On Cloudsurfer Max herren -Laufschuhe f\u00fcr Herren- MioMioRun<\/title>\n<meta name=\"description\" content=\"Cloudsurfer Max f\u00fcr Herren: Langstrecken-Laufschuhe mit doppeltem CloudTec Phase\u2122, Helion\u2122-Superschaumstoff und atmungsaktivem Obermaterial. Maximale D\u00e4mpfung und fl\u00fcssiger Lauf.\" \/>\n<meta name=\"robots\" content=\"index, follow, max-snippet:-1, max-image-preview:large, max-video-preview:-1\" \/>\n<link rel=\"canonical\" href=\"https:\/\/www.miomiorun.com\/de\/produkt\/cloudsurfer-max-herren\/\" \/>\n<meta property=\"og:locale\" content=\"de_DE\" \/>\n<meta property=\"og:type\" content=\"article\" \/>\n<meta property=\"og:title\" content=\"On Cloudsurfer Max herren -Laufschuhe f\u00fcr Herren- MioMioRun\" \/>\n<meta property=\"og:description\" content=\"Cloudsurfer Max f\u00fcr Herren: Langstrecken-Laufschuhe mit doppeltem CloudTec Phase\u2122, Helion\u2122-Superschaumstoff und atmungsaktivem Obermaterial. Maximale D\u00e4mpfung und fl\u00fcssiger Lauf.\" \/>\n<meta property=\"og:url\" content=\"https:\/\/www.miomiorun.com\/de\/produkt\/cloudsurfer-max-herren\/\" \/>\n<meta property=\"og:site_name\" content=\"MioMioRun\" \/>\n<meta property=\"article:publisher\" content=\"https:\/\/www.facebook.com\/miomiorun\/\" \/>\n<meta property=\"article:modified_time\" content=\"2026-05-09T09:59:02+00:00\" \/>\n<meta property=\"og:image\" content=\"https:\/\/www.miomiorun.com\/app\/uploads\/2026\/02\/on-Cloudsurfer-Max-wolf-sailor-3MF30434828.webp\" \/>\n\t<meta property=\"og:image:width\" content=\"720\" \/>\n\t<meta property=\"og:image:height\" content=\"720\" \/>\n\t<meta property=\"og:image:type\" content=\"image\/webp\" \/>\n<meta name=\"twitter:card\" content=\"summary_large_image\" \/>\n<meta name=\"twitter:label1\" content=\"Est. reading time\" \/>\n\t<meta name=\"twitter:data1\" content=\"2 minutes\" \/>\n<script type=\"application\/ld+json\" class=\"yoast-schema-graph\">{\"@context\":\"https:\/\/schema.org\",\"@graph\":[{\"@type\":\"WebPage\",\"@id\":\"https:\/\/www.miomiorun.com\/de\/produkt\/cloudsurfer-max-herren\/\",\"url\":\"https:\/\/www.miomiorun.com\/de\/produkt\/cloudsurfer-max-herren\/\",\"name\":\"On Cloudsurfer Max herren -Laufschuhe f\u00fcr Herren- MioMioRun\",\"isPartOf\":{\"@id\":\"https:\/\/www.miomiorun.com\/de\/#website\"},\"primaryImageOfPage\":{\"@id\":\"https:\/\/www.miomiorun.com\/de\/produkt\/cloudsurfer-max-herren\/#primaryimage\"},\"image\":{\"@id\":\"https:\/\/www.miomiorun.com\/de\/produkt\/cloudsurfer-max-herren\/#primaryimage\"},\"thumbnailUrl\":\"https:\/\/www.miomiorun.com\/app\/uploads\/2026\/02\/on-Cloudsurfer-Max-wolf-sailor-3MF30434828.webp\",\"datePublished\":\"2026-01-20T17:57:24+00:00\",\"dateModified\":\"2026-05-09T09:59:02+00:00\",\"description\":\"Cloudsurfer Max f\u00fcr Herren: Langstrecken-Laufschuhe mit doppeltem CloudTec Phase\u2122, Helion\u2122-Superschaumstoff und atmungsaktivem Obermaterial. Maximale D\u00e4mpfung und fl\u00fcssiger Lauf.\",\"breadcrumb\":{\"@id\":\"https:\/\/www.miomiorun.com\/de\/produkt\/cloudsurfer-max-herren\/#breadcrumb\"},\"inLanguage\":\"de-DE\",\"potentialAction\":[{\"@type\":\"ReadAction\",\"target\":[\"https:\/\/www.miomiorun.com\/de\/produkt\/cloudsurfer-max-herren\/\"]}]},{\"@type\":\"ImageObject\",\"inLanguage\":\"de-DE\",\"@id\":\"https:\/\/www.miomiorun.com\/de\/produkt\/cloudsurfer-max-herren\/#primaryimage\",\"url\":\"https:\/\/www.miomiorun.com\/app\/uploads\/2026\/02\/on-Cloudsurfer-Max-wolf-sailor-3MF30434828.webp\",\"contentUrl\":\"https:\/\/www.miomiorun.com\/app\/uploads\/2026\/02\/on-Cloudsurfer-Max-wolf-sailor-3MF30434828.webp\",\"width\":720,\"height\":720,\"caption\":\"on Cloudsurfer Max wolf sailor 3MF30434828\"},{\"@type\":\"BreadcrumbList\",\"@id\":\"https:\/\/www.miomiorun.com\/de\/produkt\/cloudsurfer-max-herren\/#breadcrumb\",\"itemListElement\":[{\"@type\":\"ListItem\",\"position\":1,\"name\":\"Home\",\"item\":\"https:\/\/www.miomiorun.com\/de\/home-page\/\"},{\"@type\":\"ListItem\",\"position\":2,\"name\":\"Shop\",\"item\":\"https:\/\/www.miomiorun.com\/shop\/\"},{\"@type\":\"ListItem\",\"position\":3,\"name\":\"Cloudsurfer Max herren\"}]},{\"@type\":\"WebSite\",\"@id\":\"https:\/\/www.miomiorun.com\/de\/#website\",\"url\":\"https:\/\/www.miomiorun.com\/de\/\",\"name\":\"MioMioRun\",\"description\":\"100% Lauf- und Trailshop\",\"publisher\":{\"@id\":\"https:\/\/www.miomiorun.com\/de\/#organization\"},\"potentialAction\":[{\"@type\":\"SearchAction\",\"target\":{\"@type\":\"EntryPoint\",\"urlTemplate\":\"https:\/\/www.miomiorun.com\/de\/?s={search_term_string}\"},\"query-input\":{\"@type\":\"PropertyValueSpecification\",\"valueRequired\":true,\"valueName\":\"search_term_string\"}}],\"inLanguage\":\"de-DE\"},{\"@type\":\"Organization\",\"@id\":\"https:\/\/www.miomiorun.com\/de\/#organization\",\"name\":\"MioMio Run\",\"url\":\"https:\/\/www.miomiorun.com\/de\/\",\"logo\":{\"@type\":\"ImageObject\",\"inLanguage\":\"de-DE\",\"@id\":\"https:\/\/www.miomiorun.com\/de\/#\/schema\/logo\/image\/\",\"url\":\"https:\/\/www.miomiorun.com\/app\/uploads\/2019\/12\/logomio.png\",\"contentUrl\":\"https:\/\/www.miomiorun.com\/app\/uploads\/2019\/12\/logomio.png\",\"width\":115,\"height\":82,\"caption\":\"MioMio Run\"},\"image\":{\"@id\":\"https:\/\/www.miomiorun.com\/de\/#\/schema\/logo\/image\/\"},\"sameAs\":[\"https:\/\/www.facebook.com\/miomiorun\/\",\"https:\/\/www.instagram.com\/miomiorun\/\"]}]}<\/script>\n<!-- \/ Yoast SEO plugin. -->","yoast_head_json":{"title":"On Cloudsurfer Max herren -Laufschuhe f\u00fcr Herren- MioMioRun","description":"Cloudsurfer Max f\u00fcr Herren: Langstrecken-Laufschuhe mit doppeltem CloudTec Phase\u2122, Helion\u2122-Superschaumstoff und atmungsaktivem Obermaterial. Maximale D\u00e4mpfung und fl\u00fcssiger Lauf.","robots":{"index":"index","follow":"follow","max-snippet":"max-snippet:-1","max-image-preview":"max-image-preview:large","max-video-preview":"max-video-preview:-1"},"canonical":"https:\/\/www.miomiorun.com\/de\/produkt\/cloudsurfer-max-herren\/","og_locale":"de_DE","og_type":"article","og_title":"On Cloudsurfer Max herren -Laufschuhe f\u00fcr Herren- MioMioRun","og_description":"Cloudsurfer Max f\u00fcr Herren: Langstrecken-Laufschuhe mit doppeltem CloudTec Phase\u2122, Helion\u2122-Superschaumstoff und atmungsaktivem Obermaterial. Maximale D\u00e4mpfung und fl\u00fcssiger Lauf.","og_url":"https:\/\/www.miomiorun.com\/de\/produkt\/cloudsurfer-max-herren\/","og_site_name":"MioMioRun","article_publisher":"https:\/\/www.facebook.com\/miomiorun\/","article_modified_time":"2026-05-09T09:59:02+00:00","og_image":[{"width":720,"height":720,"url":"https:\/\/www.miomiorun.com\/app\/uploads\/2026\/02\/on-Cloudsurfer-Max-wolf-sailor-3MF30434828.webp","type":"image\/webp"}],"twitter_card":"summary_large_image","twitter_misc":{"Est. reading time":"2 minutes"},"schema":{"@context":"https:\/\/schema.org","@graph":[{"@type":"WebPage","@id":"https:\/\/www.miomiorun.com\/de\/produkt\/cloudsurfer-max-herren\/","url":"https:\/\/www.miomiorun.com\/de\/produkt\/cloudsurfer-max-herren\/","name":"On Cloudsurfer Max herren -Laufschuhe f\u00fcr Herren- MioMioRun","isPartOf":{"@id":"https:\/\/www.miomiorun.com\/de\/#website"},"primaryImageOfPage":{"@id":"https:\/\/www.miomiorun.com\/de\/produkt\/cloudsurfer-max-herren\/#primaryimage"},"image":{"@id":"https:\/\/www.miomiorun.com\/de\/produkt\/cloudsurfer-max-herren\/#primaryimage"},"thumbnailUrl":"https:\/\/www.miomiorun.com\/app\/uploads\/2026\/02\/on-Cloudsurfer-Max-wolf-sailor-3MF30434828.webp","datePublished":"2026-01-20T17:57:24+00:00","dateModified":"2026-05-09T09:59:02+00:00","description":"Cloudsurfer Max f\u00fcr Herren: Langstrecken-Laufschuhe mit doppeltem CloudTec Phase\u2122, Helion\u2122-Superschaumstoff und atmungsaktivem Obermaterial. Maximale D\u00e4mpfung und fl\u00fcssiger Lauf.","breadcrumb":{"@id":"https:\/\/www.miomiorun.com\/de\/produkt\/cloudsurfer-max-herren\/#breadcrumb"},"inLanguage":"de-DE","potentialAction":[{"@type":"ReadAction","target":["https:\/\/www.miomiorun.com\/de\/produkt\/cloudsurfer-max-herren\/"]}]},{"@type":"ImageObject","inLanguage":"de-DE","@id":"https:\/\/www.miomiorun.com\/de\/produkt\/cloudsurfer-max-herren\/#primaryimage","url":"https:\/\/www.miomiorun.com\/app\/uploads\/2026\/02\/on-Cloudsurfer-Max-wolf-sailor-3MF30434828.webp","contentUrl":"https:\/\/www.miomiorun.com\/app\/uploads\/2026\/02\/on-Cloudsurfer-Max-wolf-sailor-3MF30434828.webp","width":720,"height":720,"caption":"on Cloudsurfer Max wolf sailor 3MF30434828"},{"@type":"BreadcrumbList","@id":"https:\/\/www.miomiorun.com\/de\/produkt\/cloudsurfer-max-herren\/#breadcrumb","itemListElement":[{"@type":"ListItem","position":1,"name":"Home","item":"https:\/\/www.miomiorun.com\/de\/home-page\/"},{"@type":"ListItem","position":2,"name":"Shop","item":"https:\/\/www.miomiorun.com\/shop\/"},{"@type":"ListItem","position":3,"name":"Cloudsurfer Max herren"}]},{"@type":"WebSite","@id":"https:\/\/www.miomiorun.com\/de\/#website","url":"https:\/\/www.miomiorun.com\/de\/","name":"MioMioRun","description":"100% Lauf- und Trailshop","publisher":{"@id":"https:\/\/www.miomiorun.com\/de\/#organization"},"potentialAction":[{"@type":"SearchAction","target":{"@type":"EntryPoint","urlTemplate":"https:\/\/www.miomiorun.com\/de\/?s={search_term_string}"},"query-input":{"@type":"PropertyValueSpecification","valueRequired":true,"valueName":"search_term_string"}}],"inLanguage":"de-DE"},{"@type":"Organization","@id":"https:\/\/www.miomiorun.com\/de\/#organization","name":"MioMio Run","url":"https:\/\/www.miomiorun.com\/de\/","logo":{"@type":"ImageObject","inLanguage":"de-DE","@id":"https:\/\/www.miomiorun.com\/de\/#\/schema\/logo\/image\/","url":"https:\/\/www.miomiorun.com\/app\/uploads\/2019\/12\/logomio.png","contentUrl":"https:\/\/www.miomiorun.com\/app\/uploads\/2019\/12\/logomio.png","width":115,"height":82,"caption":"MioMio Run"},"image":{"@id":"https:\/\/www.miomiorun.com\/de\/#\/schema\/logo\/image\/"},"sameAs":["https:\/\/www.facebook.com\/miomiorun\/","https:\/\/www.instagram.com\/miomiorun\/"]}]}},"_links":{"self":[{"href":"https:\/\/www.miomiorun.com\/de\/wp-json\/wp\/v2\/product\/389189","targetHints":{"allow":["GET"]}}],"collection":[{"href":"https:\/\/www.miomiorun.com\/de\/wp-json\/wp\/v2\/product"}],"about":[{"href":"https:\/\/www.miomiorun.com\/de\/wp-json\/wp\/v2\/types\/product"}],"wp:featuredmedia":[{"embeddable":true,"href":"https:\/\/www.miomiorun.com\/de\/wp-json\/wp\/v2\/media\/412241"}],"wp:attachment":[{"href":"https:\/\/www.miomiorun.com\/de\/wp-json\/wp\/v2\/media?parent=389189"}],"wp:term":[{"taxonomy":"product_brand","embeddable":true,"href":"https:\/\/www.miomiorun.com\/de\/wp-json\/wp\/v2\/product_brand?post=389189"},{"taxonomy":"product_cat","embeddable":true,"href":"https:\/\/www.miomiorun.com\/de\/wp-json\/wp\/v2\/product_cat?post=389189"},{"taxonomy":"product_tag","embeddable":true,"href":"https:\/\/www.miomiorun.com\/de\/wp-json\/wp\/v2\/product_tag?post=389189"}],"curies":[{"name":"wp","href":"https:\/\/api.w.org\/{rel}","templated":true}]}}