{"id":388984,"date":"2026-01-20T17:47:05","date_gmt":"2026-01-20T16:47:05","guid":{"rendered":"https:\/\/www.miomiorun.com\/?post_type=product&#038;p=388984"},"modified":"2026-05-09T11:58:11","modified_gmt":"2026-05-09T09:58:11","slug":"cloudsurfer-trail-2-herren","status":"publish","type":"product","link":"https:\/\/www.miomiorun.com\/de\/produkt\/cloudsurfer-trail-2-herren\/","title":{"rendered":"Cloudsurfer Trail 2 herren"},"content":{"rendered":"<table style=\"border-collapse: collapse;width: 100%\">\n<tbody>\n<tr>\n<td style=\"width: 33.3333%;vertical-align: top;text-align: center\">\n<h4>Technische Daten<\/h4>\n<p>Kategorie: D\u00e4mpfend<br \/>\nSprengung: 8 mm<br \/>\nGewicht: 308 g<br \/>\nIdeal f\u00fcr: alle, die einen Begleiter f\u00fcr Wanderungen und den Alltag suchen, mit einem leicht profilierten Profil f\u00fcr unvergleichlichen Grip<br \/>\nGewicht des L\u00e4ufers: 60\u201375 kg<br \/>\nLauftempo: 5 min\/kg<br \/>\n<a href=\"https:\/\/miomiorun.com\/guida-alle-specifiche-tecniche\/\">Leitfaden zu den technischen Daten<\/a><\/td>\n<td style=\"width: 66.6666%;vertical-align: top;text-align: center\">\n<p data-start=\"155\" data-end=\"480\">Der <strong data-start=\"158\" data-end=\"181\">Cloudsurfer Trail 2<\/strong> ist ein weiterentwickelter Trailrunning-Schuh, der <strong data-start=\"232\" data-end=\"265\">Stabilit\u00e4t, Laufruhe und Komfort<\/strong> auf Trails in der n\u00e4heren Umgebung und auf <strong data-start=\"297\" data-end=\"314\">gemischtem Gel\u00e4nde<\/strong> bietet. Entwickelt mit <strong data-start=\"331\" data-end=\"366\">Finite-Elemente-Analyse (FEA)<\/strong>, verf\u00fcgt er \u00fcber eine optimierte Geometrie, die den Laufschritt nat\u00fcrlicher und weniger anstrengend macht, Kilometer f\u00fcr Kilometer.<\/p>\n<p data-start=\"482\" data-end=\"909\">Die computergest\u00fctzte <strong data-start=\"495\" data-end=\"514\">CloudTec Phase\u2122<\/strong>-Zwischensohle sorgt f\u00fcr <strong data-start=\"552\" data-end=\"602\">perfekt fl\u00fcssige Fersen-Zehen-\u00dcberg\u00e4nge<\/strong>, w\u00e4hrend der <strong data-start=\"614\" data-end=\"638\">Helion\u2122-Superschaum <\/strong> St\u00f6\u00dfe effektiv ab und sorgt f\u00fcr ein weiches, kontrolliertes Laufgef\u00fchl, unterst\u00fctzt durch eine <strong data-start=\"737\" data-end=\"758\">gepolsterte Ferse<\/strong>. Die Stabilit\u00e4t wird durch die <strong data-start=\"810\" data-end=\"854\">gr\u00f6\u00dferen, boomerangf\u00f6rmigen Stollen<\/strong> weiter verbessert, die f\u00fcr sicheren Halt und einen gleichm\u00e4\u00dfigen Lauf sorgen.<\/p>\n<p data-start=\"911\" data-end=\"1405\">F\u00fcr den Grip sorgt die <strong data-start=\"927\" data-end=\"949\">Missiongrip\u2122-Sohle<\/strong> mit \u00fcberarbeiteter Stollen-Geometrie, die <strong data-start=\"993\" data-end=\"1029\">zuverl\u00e4ssigen Halt und Widerstandsf\u00e4higkeit<\/strong> auf unterschiedlichen Untergr\u00fcnden bietet. Das <strong data-start=\"1057\" data-end=\"1078\">sch\u00fctzende Obermaterial<\/strong>, das atmungsaktiv und <strong data-start=\"1094\" data-end=\"1122\">abriebfest<\/strong> ist, sorgt zusammen mit der <strong data-start=\"1137\" data-end=\"1171\">verbesserten Passform an der Ferse<\/strong> und dem <strong data-start=\"1179\" data-end=\"1199\">gepolsterten Futter<\/strong> f\u00fcr lang anhaltenden Komfort und ein sicheres Gef\u00fchl auch bei l\u00e4ngeren Touren. Mit einem <strong data-start=\"1297\" data-end=\"1314\">Gewicht von 308 g<\/strong> ist der Cloudsurfer Trail 2 stabil und geschmeidig, bereit f\u00fcr jedes t\u00e4gliche Offroad-Abenteuer.<\/p>\n<\/td>\n<\/tr>\n<\/tbody>\n<\/table>\n<p>&nbsp;<\/p>\n","protected":false},"excerpt":{"rendered":"<ul>\n<li data-start=\"1631\" data-end=\"1709\">Computergesteuerte CloudTec Phase\u2122 f\u00fcr flie\u00dfende Fersen-Zehen-\u00dcberg\u00e4nge<\/li>\n<li data-start=\"1712\" data-end=\"1785\">Helion\u2122-Superschaum + Missiongrip\u2122-Sohle f\u00fcr Komfort, Stabilit\u00e4t und Grip<\/li>\n<li data-start=\"1788\" data-end=\"1860\">Atmungsaktives, abriebfestes Obermaterial mit verbesserter Fersenpassform<\/li>\n<\/ul>\n","protected":false},"featured_media":412208,"template":"","meta":{"_acf_changed":false,"inline_featured_image":false},"product_brand":[],"product_cat":[6507,6504],"product_tag":[39518,39524],"class_list":{"0":"post-388984","1":"product","2":"type-product","3":"status-publish","4":"has-post-thumbnail","6":"product_cat-herren-schuhe-de","7":"product_cat-trail","8":"product_tag-on","9":"product_tag-on-herren","10":"pa_attivita-gehen","11":"pa_attivita-lifestyle-de","12":"pa_attivita-running-de","13":"pa_attivita-trail-de","14":"pa_colore-cloudsurfer-trail-2-chalk-ghost","15":"pa_marca-on","16":"pa_sesso-herren","17":"pa_size-42-de","18":"pa_size-43-de","19":"pa_size-44-de","20":"pa_size-44-5-de","21":"pa_size-45-de","22":"pa_size-46-de","24":"first","25":"instock","26":"sale","27":"taxable","28":"shipping-taxable","29":"purchasable","30":"product-type-variable","31":"wvs-archive-product-wrapper"},"acf":[],"yoast_head":"<!-- This site is optimized with the Yoast SEO plugin v26.8 - https:\/\/yoast.com\/product\/yoast-seo-wordpress\/ -->\n<title>On Cloudsurfer Trail 2 herren - Laufschuhe f\u00fcr Herren - MioMioRun<\/title>\n<meta name=\"description\" content=\"Cloudsurfer Trail 2: Leichter Trail-Laufschuh mit CloudTec Phase\u2122, Helion\u2122-Superschaumstoff und Missiongrip\u2122-Sohle. Fl\u00fcssige \u00dcberg\u00e4nge, Stabilit\u00e4t und Grip auf gemischtem Gel\u00e4nde\" \/>\n<meta name=\"robots\" content=\"index, follow, max-snippet:-1, max-image-preview:large, max-video-preview:-1\" \/>\n<link rel=\"canonical\" href=\"https:\/\/www.miomiorun.com\/de\/produkt\/cloudsurfer-trail-2-herren\/\" \/>\n<meta property=\"og:locale\" content=\"de_DE\" \/>\n<meta property=\"og:type\" content=\"article\" \/>\n<meta property=\"og:title\" content=\"On Cloudsurfer Trail 2 herren - Laufschuhe f\u00fcr Herren - MioMioRun\" \/>\n<meta property=\"og:description\" content=\"Cloudsurfer Trail 2: Leichter Trail-Laufschuh mit CloudTec Phase\u2122, Helion\u2122-Superschaumstoff und Missiongrip\u2122-Sohle. Fl\u00fcssige \u00dcberg\u00e4nge, Stabilit\u00e4t und Grip auf gemischtem Gel\u00e4nde\" \/>\n<meta property=\"og:url\" content=\"https:\/\/www.miomiorun.com\/de\/produkt\/cloudsurfer-trail-2-herren\/\" \/>\n<meta property=\"og:site_name\" content=\"MioMioRun\" \/>\n<meta property=\"article:publisher\" content=\"https:\/\/www.facebook.com\/miomiorun\/\" \/>\n<meta property=\"article:modified_time\" content=\"2026-05-09T09:58:11+00:00\" \/>\n<meta property=\"og:image\" content=\"https:\/\/www.miomiorun.com\/app\/uploads\/2026\/02\/on-Cloudsurfer-Trail-2-chalk-ghost-3MF30224793.webp\" \/>\n\t<meta property=\"og:image:width\" content=\"720\" \/>\n\t<meta property=\"og:image:height\" content=\"720\" \/>\n\t<meta property=\"og:image:type\" content=\"image\/webp\" \/>\n<meta name=\"twitter:card\" content=\"summary_large_image\" \/>\n<meta name=\"twitter:label1\" content=\"Est. reading time\" \/>\n\t<meta name=\"twitter:data1\" content=\"2 minutes\" \/>\n<script type=\"application\/ld+json\" class=\"yoast-schema-graph\">{\"@context\":\"https:\/\/schema.org\",\"@graph\":[{\"@type\":\"WebPage\",\"@id\":\"https:\/\/www.miomiorun.com\/de\/produkt\/cloudsurfer-trail-2-herren\/\",\"url\":\"https:\/\/www.miomiorun.com\/de\/produkt\/cloudsurfer-trail-2-herren\/\",\"name\":\"On Cloudsurfer Trail 2 herren - Laufschuhe f\u00fcr Herren - MioMioRun\",\"isPartOf\":{\"@id\":\"https:\/\/www.miomiorun.com\/de\/#website\"},\"primaryImageOfPage\":{\"@id\":\"https:\/\/www.miomiorun.com\/de\/produkt\/cloudsurfer-trail-2-herren\/#primaryimage\"},\"image\":{\"@id\":\"https:\/\/www.miomiorun.com\/de\/produkt\/cloudsurfer-trail-2-herren\/#primaryimage\"},\"thumbnailUrl\":\"https:\/\/www.miomiorun.com\/app\/uploads\/2026\/02\/on-Cloudsurfer-Trail-2-chalk-ghost-3MF30224793.webp\",\"datePublished\":\"2026-01-20T16:47:05+00:00\",\"dateModified\":\"2026-05-09T09:58:11+00:00\",\"description\":\"Cloudsurfer Trail 2: Leichter Trail-Laufschuh mit CloudTec Phase\u2122, Helion\u2122-Superschaumstoff und Missiongrip\u2122-Sohle. Fl\u00fcssige \u00dcberg\u00e4nge, Stabilit\u00e4t und Grip auf gemischtem Gel\u00e4nde\",\"breadcrumb\":{\"@id\":\"https:\/\/www.miomiorun.com\/de\/produkt\/cloudsurfer-trail-2-herren\/#breadcrumb\"},\"inLanguage\":\"de-DE\",\"potentialAction\":[{\"@type\":\"ReadAction\",\"target\":[\"https:\/\/www.miomiorun.com\/de\/produkt\/cloudsurfer-trail-2-herren\/\"]}]},{\"@type\":\"ImageObject\",\"inLanguage\":\"de-DE\",\"@id\":\"https:\/\/www.miomiorun.com\/de\/produkt\/cloudsurfer-trail-2-herren\/#primaryimage\",\"url\":\"https:\/\/www.miomiorun.com\/app\/uploads\/2026\/02\/on-Cloudsurfer-Trail-2-chalk-ghost-3MF30224793.webp\",\"contentUrl\":\"https:\/\/www.miomiorun.com\/app\/uploads\/2026\/02\/on-Cloudsurfer-Trail-2-chalk-ghost-3MF30224793.webp\",\"width\":720,\"height\":720,\"caption\":\"on Cloudsurfer Trail 2 chalk ghost 3MF30224793\"},{\"@type\":\"BreadcrumbList\",\"@id\":\"https:\/\/www.miomiorun.com\/de\/produkt\/cloudsurfer-trail-2-herren\/#breadcrumb\",\"itemListElement\":[{\"@type\":\"ListItem\",\"position\":1,\"name\":\"Home\",\"item\":\"https:\/\/www.miomiorun.com\/de\/home-page\/\"},{\"@type\":\"ListItem\",\"position\":2,\"name\":\"Shop\",\"item\":\"https:\/\/www.miomiorun.com\/shop\/\"},{\"@type\":\"ListItem\",\"position\":3,\"name\":\"Cloudsurfer Trail 2 herren\"}]},{\"@type\":\"WebSite\",\"@id\":\"https:\/\/www.miomiorun.com\/de\/#website\",\"url\":\"https:\/\/www.miomiorun.com\/de\/\",\"name\":\"MioMioRun\",\"description\":\"100% Lauf- und Trailshop\",\"publisher\":{\"@id\":\"https:\/\/www.miomiorun.com\/de\/#organization\"},\"potentialAction\":[{\"@type\":\"SearchAction\",\"target\":{\"@type\":\"EntryPoint\",\"urlTemplate\":\"https:\/\/www.miomiorun.com\/de\/?s={search_term_string}\"},\"query-input\":{\"@type\":\"PropertyValueSpecification\",\"valueRequired\":true,\"valueName\":\"search_term_string\"}}],\"inLanguage\":\"de-DE\"},{\"@type\":\"Organization\",\"@id\":\"https:\/\/www.miomiorun.com\/de\/#organization\",\"name\":\"MioMio Run\",\"url\":\"https:\/\/www.miomiorun.com\/de\/\",\"logo\":{\"@type\":\"ImageObject\",\"inLanguage\":\"de-DE\",\"@id\":\"https:\/\/www.miomiorun.com\/de\/#\/schema\/logo\/image\/\",\"url\":\"https:\/\/www.miomiorun.com\/app\/uploads\/2019\/12\/logomio.png\",\"contentUrl\":\"https:\/\/www.miomiorun.com\/app\/uploads\/2019\/12\/logomio.png\",\"width\":115,\"height\":82,\"caption\":\"MioMio Run\"},\"image\":{\"@id\":\"https:\/\/www.miomiorun.com\/de\/#\/schema\/logo\/image\/\"},\"sameAs\":[\"https:\/\/www.facebook.com\/miomiorun\/\",\"https:\/\/www.instagram.com\/miomiorun\/\"]}]}<\/script>\n<!-- \/ Yoast SEO plugin. -->","yoast_head_json":{"title":"On Cloudsurfer Trail 2 herren - Laufschuhe f\u00fcr Herren - MioMioRun","description":"Cloudsurfer Trail 2: Leichter Trail-Laufschuh mit CloudTec Phase\u2122, Helion\u2122-Superschaumstoff und Missiongrip\u2122-Sohle. Fl\u00fcssige \u00dcberg\u00e4nge, Stabilit\u00e4t und Grip auf gemischtem Gel\u00e4nde","robots":{"index":"index","follow":"follow","max-snippet":"max-snippet:-1","max-image-preview":"max-image-preview:large","max-video-preview":"max-video-preview:-1"},"canonical":"https:\/\/www.miomiorun.com\/de\/produkt\/cloudsurfer-trail-2-herren\/","og_locale":"de_DE","og_type":"article","og_title":"On Cloudsurfer Trail 2 herren - Laufschuhe f\u00fcr Herren - MioMioRun","og_description":"Cloudsurfer Trail 2: Leichter Trail-Laufschuh mit CloudTec Phase\u2122, Helion\u2122-Superschaumstoff und Missiongrip\u2122-Sohle. Fl\u00fcssige \u00dcberg\u00e4nge, Stabilit\u00e4t und Grip auf gemischtem Gel\u00e4nde","og_url":"https:\/\/www.miomiorun.com\/de\/produkt\/cloudsurfer-trail-2-herren\/","og_site_name":"MioMioRun","article_publisher":"https:\/\/www.facebook.com\/miomiorun\/","article_modified_time":"2026-05-09T09:58:11+00:00","og_image":[{"width":720,"height":720,"url":"https:\/\/www.miomiorun.com\/app\/uploads\/2026\/02\/on-Cloudsurfer-Trail-2-chalk-ghost-3MF30224793.webp","type":"image\/webp"}],"twitter_card":"summary_large_image","twitter_misc":{"Est. reading time":"2 minutes"},"schema":{"@context":"https:\/\/schema.org","@graph":[{"@type":"WebPage","@id":"https:\/\/www.miomiorun.com\/de\/produkt\/cloudsurfer-trail-2-herren\/","url":"https:\/\/www.miomiorun.com\/de\/produkt\/cloudsurfer-trail-2-herren\/","name":"On Cloudsurfer Trail 2 herren - Laufschuhe f\u00fcr Herren - MioMioRun","isPartOf":{"@id":"https:\/\/www.miomiorun.com\/de\/#website"},"primaryImageOfPage":{"@id":"https:\/\/www.miomiorun.com\/de\/produkt\/cloudsurfer-trail-2-herren\/#primaryimage"},"image":{"@id":"https:\/\/www.miomiorun.com\/de\/produkt\/cloudsurfer-trail-2-herren\/#primaryimage"},"thumbnailUrl":"https:\/\/www.miomiorun.com\/app\/uploads\/2026\/02\/on-Cloudsurfer-Trail-2-chalk-ghost-3MF30224793.webp","datePublished":"2026-01-20T16:47:05+00:00","dateModified":"2026-05-09T09:58:11+00:00","description":"Cloudsurfer Trail 2: Leichter Trail-Laufschuh mit CloudTec Phase\u2122, Helion\u2122-Superschaumstoff und Missiongrip\u2122-Sohle. Fl\u00fcssige \u00dcberg\u00e4nge, Stabilit\u00e4t und Grip auf gemischtem Gel\u00e4nde","breadcrumb":{"@id":"https:\/\/www.miomiorun.com\/de\/produkt\/cloudsurfer-trail-2-herren\/#breadcrumb"},"inLanguage":"de-DE","potentialAction":[{"@type":"ReadAction","target":["https:\/\/www.miomiorun.com\/de\/produkt\/cloudsurfer-trail-2-herren\/"]}]},{"@type":"ImageObject","inLanguage":"de-DE","@id":"https:\/\/www.miomiorun.com\/de\/produkt\/cloudsurfer-trail-2-herren\/#primaryimage","url":"https:\/\/www.miomiorun.com\/app\/uploads\/2026\/02\/on-Cloudsurfer-Trail-2-chalk-ghost-3MF30224793.webp","contentUrl":"https:\/\/www.miomiorun.com\/app\/uploads\/2026\/02\/on-Cloudsurfer-Trail-2-chalk-ghost-3MF30224793.webp","width":720,"height":720,"caption":"on Cloudsurfer Trail 2 chalk ghost 3MF30224793"},{"@type":"BreadcrumbList","@id":"https:\/\/www.miomiorun.com\/de\/produkt\/cloudsurfer-trail-2-herren\/#breadcrumb","itemListElement":[{"@type":"ListItem","position":1,"name":"Home","item":"https:\/\/www.miomiorun.com\/de\/home-page\/"},{"@type":"ListItem","position":2,"name":"Shop","item":"https:\/\/www.miomiorun.com\/shop\/"},{"@type":"ListItem","position":3,"name":"Cloudsurfer Trail 2 herren"}]},{"@type":"WebSite","@id":"https:\/\/www.miomiorun.com\/de\/#website","url":"https:\/\/www.miomiorun.com\/de\/","name":"MioMioRun","description":"100% Lauf- und Trailshop","publisher":{"@id":"https:\/\/www.miomiorun.com\/de\/#organization"},"potentialAction":[{"@type":"SearchAction","target":{"@type":"EntryPoint","urlTemplate":"https:\/\/www.miomiorun.com\/de\/?s={search_term_string}"},"query-input":{"@type":"PropertyValueSpecification","valueRequired":true,"valueName":"search_term_string"}}],"inLanguage":"de-DE"},{"@type":"Organization","@id":"https:\/\/www.miomiorun.com\/de\/#organization","name":"MioMio Run","url":"https:\/\/www.miomiorun.com\/de\/","logo":{"@type":"ImageObject","inLanguage":"de-DE","@id":"https:\/\/www.miomiorun.com\/de\/#\/schema\/logo\/image\/","url":"https:\/\/www.miomiorun.com\/app\/uploads\/2019\/12\/logomio.png","contentUrl":"https:\/\/www.miomiorun.com\/app\/uploads\/2019\/12\/logomio.png","width":115,"height":82,"caption":"MioMio Run"},"image":{"@id":"https:\/\/www.miomiorun.com\/de\/#\/schema\/logo\/image\/"},"sameAs":["https:\/\/www.facebook.com\/miomiorun\/","https:\/\/www.instagram.com\/miomiorun\/"]}]}},"_links":{"self":[{"href":"https:\/\/www.miomiorun.com\/de\/wp-json\/wp\/v2\/product\/388984","targetHints":{"allow":["GET"]}}],"collection":[{"href":"https:\/\/www.miomiorun.com\/de\/wp-json\/wp\/v2\/product"}],"about":[{"href":"https:\/\/www.miomiorun.com\/de\/wp-json\/wp\/v2\/types\/product"}],"wp:featuredmedia":[{"embeddable":true,"href":"https:\/\/www.miomiorun.com\/de\/wp-json\/wp\/v2\/media\/412208"}],"wp:attachment":[{"href":"https:\/\/www.miomiorun.com\/de\/wp-json\/wp\/v2\/media?parent=388984"}],"wp:term":[{"taxonomy":"product_brand","embeddable":true,"href":"https:\/\/www.miomiorun.com\/de\/wp-json\/wp\/v2\/product_brand?post=388984"},{"taxonomy":"product_cat","embeddable":true,"href":"https:\/\/www.miomiorun.com\/de\/wp-json\/wp\/v2\/product_cat?post=388984"},{"taxonomy":"product_tag","embeddable":true,"href":"https:\/\/www.miomiorun.com\/de\/wp-json\/wp\/v2\/product_tag?post=388984"}],"curies":[{"name":"wp","href":"https:\/\/api.w.org\/{rel}","templated":true}]}}