{"id":388808,"date":"2026-01-20T16:39:59","date_gmt":"2026-01-20T15:39:59","guid":{"rendered":"https:\/\/www.miomiorun.com\/?post_type=product&#038;p=388808"},"modified":"2026-04-16T18:50:06","modified_gmt":"2026-04-16T16:50:06","slug":"pure-7-short-herren","status":"publish","type":"product","link":"https:\/\/www.miomiorun.com\/de\/produkt\/pure-7-short-herren\/","title":{"rendered":"Pure 7&#8243; short herren"},"content":{"rendered":"<p data-start=\"156\" data-end=\"517\">Die Pure 7&#8243; Shorts sind Wettkampfshorts, die speziell f\u00fcr die Bed\u00fcrfnisse von <strong data-start=\"270\" data-end=\"286\">Ultra-L\u00e4ufern<\/strong> entwickelt wurden, die Ultra-Marathon-Distanzen zur\u00fccklegen. Sie wurden entwickelt, um Sie stundenlang zu begleiten, und kombinieren fortschrittliche Funktionalit\u00e4t, lang anhaltenden Komfort und intelligentes Platzmanagement, sodass Sie sich ganz auf Ihre Leistung konzentrieren k\u00f6nnen.<\/p>\n<p data-start=\"519\" data-end=\"902\">Der <strong data-start=\"522\" data-end=\"558\">strukturierte, elastische Bund<\/strong> verf\u00fcgt \u00fcber <strong data-start=\"567\" data-end=\"606\">zahlreiche Mesh-F\u00e4cher<\/strong>, die sich ideal f\u00fcr Gels, Riegel oder kleines Zubeh\u00f6r eignen, w\u00e4hrend die <strong data-start=\"664\" data-end=\"692\">R\u00fcckentasche mit Rei\u00dfverschluss<\/strong> sichere Aufbewahrung f\u00fcr wichtige Gegenst\u00e4nde bietet. Der <strong data-start=\"757\" data-end=\"785\">innere Mesh-Bund<\/strong> f\u00f6rdert eine schnelle und effektive Transpiration und h\u00e4lt die Haut auch unter anspruchsvollen Bedingungen trocken.<\/p>\n<p data-start=\"904\" data-end=\"1298\">Die <strong data-start=\"907\" data-end=\"940\">eng anliegende Innenhose<\/strong> sorgt f\u00fcr einen stabilen und bequemen Sitz, bietet <strong data-start=\"999\" data-end=\"1022\">zus\u00e4tzlichen Halt<\/strong> und reduziert Reibung bei langen Strecken. Das Kleidungsst\u00fcck wird durch eine <strong data-start=\"1105\" data-end=\"1147\">antibakterielle und geruchsneutralisierende Behandlung<\/strong> erg\u00e4nzt, die auch nach vielen Stunden Tragen f\u00fcr Frische und Komfort sorgt. Eine technische, zuverl\u00e4ssige Hose, die f\u00fcr extremste Herausforderungen entwickelt wurde.<\/p>\n<div class=\"techinfo-icon\"><a class=\"d-flex flex-column align-items-center text-center\"> <img loading=\"lazy\" decoding=\"async\" src=\"https:\/\/www.lasportiva.com\/media\/techinfo_icons\/traspirabilita.png\" alt=\"La Sportiva\" width=\"75\" height=\"75\" data-uw-rm-alt-original=\"La Sportiva\" data-uw-rm-alt=\"ALT\"> <span>Atmungsaktivit\u00e4t<\/span> <\/a><\/div>\n<div class=\"techinfo-icon\"><a class=\"d-flex flex-column align-items-center text-center\"> <img loading=\"lazy\" decoding=\"async\" src=\"https:\/\/www.lasportiva.com\/media\/techinfo_icons\/L2.png\" alt=\"La Sportiva\" width=\"75\" height=\"75\" data-uw-rm-alt-original=\"La Sportiva\" data-uw-rm-alt=\"ALT\"> <span>L2 (mittlere &amp; thermische Schicht)<\/span> <\/a><\/div>\n<div class=\"techinfo-icon\"><a class=\"d-flex flex-column align-items-center text-center\"> <img loading=\"lazy\" decoding=\"async\" src=\"https:\/\/www.lasportiva.com\/media\/techinfo_icons\/leggerezza.png\" alt=\"La Sportiva\" width=\"75\" height=\"75\" data-uw-rm-alt-original=\"La Sportiva\" data-uw-rm-alt=\"ALT\"> <span>Leichtigkeit<\/span> <\/a><\/div>\n<div class=\"techinfo-icon\"><a class=\"d-flex flex-column align-items-center text-center\"> <img loading=\"lazy\" decoding=\"async\" src=\"https:\/\/www.lasportiva.com\/media\/techinfo_icons\/regular-fit.png\" alt=\"La Sportiva\" width=\"75\" height=\"75\" data-uw-rm-alt-original=\"La Sportiva\" data-uw-rm-alt=\"ALT\"> <span>Normale Passform<\/span> <\/a><\/div><\/p>\n","protected":false},"excerpt":{"rendered":"<ul>\n<li data-start=\"1553\" data-end=\"1614\">Elastischer und atmungsaktiver Bund mit zahlreichen Mesh-Taschen<\/li>\n<li data-start=\"1617\" data-end=\"1698\">Ges\u00e4\u00dftasche mit Rei\u00dfverschluss und eng anliegende Innenhose f\u00fcr Halt und Komfort<\/li>\n<li data-start=\"1701\" data-end=\"1767\">Antibakterielle und geruchsneutrale Behandlung, ideal f\u00fcr Ultramarathons<\/li>\n<\/ul>\n","protected":false},"featured_media":389253,"template":"","meta":{"_acf_changed":false,"inline_featured_image":false},"product_brand":[],"product_cat":[6540,6510],"product_tag":[6248,6218],"class_list":{"0":"post-388808","1":"product","2":"type-product","3":"status-publish","4":"has-post-thumbnail","6":"product_cat-herrenbekleidung","7":"product_cat-shorts","8":"product_tag-la-sportiva-de","9":"product_tag-la-sportiva-herren-de","10":"pa_attivita-outdoor-de","11":"pa_attivita-trail-de","12":"pa_colore-pure-7-short-m-black-yellow-de","13":"pa_colore-pure-7-short-m-night-sky-chalk-de","14":"pa_marca-la-sportiva-de","15":"pa_sesso-herren","16":"pa_size-small-de","17":"pa_size-medium-de","18":"pa_size-large-de","19":"pa_size-extra-large-de","21":"first","22":"instock","23":"sale","24":"taxable","25":"shipping-taxable","26":"purchasable","27":"product-type-variable","28":"wvs-archive-product-wrapper"},"acf":[],"yoast_head":"<!-- This site is optimized with the Yoast SEO plugin v26.8 - https:\/\/yoast.com\/product\/yoast-seo-wordpress\/ -->\n<title>La Sportiva Pure 7&quot; short herren - Herren-Shorts - MioMioRun<\/title>\n<meta name=\"description\" content=\"Pure 7&quot; Short: Ultra-Running-Shorts mit strukturiertem Bund, Mesh-Taschen, Ges\u00e4\u00dftasche mit Rei\u00dfverschluss und atmungsaktiver Innenhose.\" \/>\n<meta name=\"robots\" content=\"index, follow, max-snippet:-1, max-image-preview:large, max-video-preview:-1\" \/>\n<link rel=\"canonical\" href=\"https:\/\/www.miomiorun.com\/de\/produkt\/pure-7-short-herren\/\" \/>\n<meta property=\"og:locale\" content=\"de_DE\" \/>\n<meta property=\"og:type\" content=\"article\" \/>\n<meta property=\"og:title\" content=\"La Sportiva Pure 7&quot; short herren - Herren-Shorts - MioMioRun\" \/>\n<meta property=\"og:description\" content=\"Pure 7&quot; Short: Ultra-Running-Shorts mit strukturiertem Bund, Mesh-Taschen, Ges\u00e4\u00dftasche mit Rei\u00dfverschluss und atmungsaktiver Innenhose.\" \/>\n<meta property=\"og:url\" content=\"https:\/\/www.miomiorun.com\/de\/produkt\/pure-7-short-herren\/\" \/>\n<meta property=\"og:site_name\" content=\"MioMioRun\" \/>\n<meta property=\"article:publisher\" content=\"https:\/\/www.facebook.com\/miomiorun\/\" \/>\n<meta property=\"article:modified_time\" content=\"2026-04-16T16:50:06+00:00\" \/>\n<meta property=\"og:image\" content=\"https:\/\/www.miomiorun.com\/app\/uploads\/2026\/01\/la-sportiva-Pure-7-short-M-black-yellow-ZARS038K00Y00.webp\" \/>\n\t<meta property=\"og:image:width\" content=\"720\" \/>\n\t<meta property=\"og:image:height\" content=\"720\" \/>\n\t<meta property=\"og:image:type\" content=\"image\/webp\" \/>\n<meta name=\"twitter:card\" content=\"summary_large_image\" \/>\n<meta name=\"twitter:label1\" content=\"Est. reading time\" \/>\n\t<meta name=\"twitter:data1\" content=\"1 minute\" \/>\n<script type=\"application\/ld+json\" class=\"yoast-schema-graph\">{\"@context\":\"https:\/\/schema.org\",\"@graph\":[{\"@type\":\"WebPage\",\"@id\":\"https:\/\/www.miomiorun.com\/de\/produkt\/pure-7-short-herren\/\",\"url\":\"https:\/\/www.miomiorun.com\/de\/produkt\/pure-7-short-herren\/\",\"name\":\"La Sportiva Pure 7\\\" short herren - Herren-Shorts - MioMioRun\",\"isPartOf\":{\"@id\":\"https:\/\/www.miomiorun.com\/de\/#website\"},\"primaryImageOfPage\":{\"@id\":\"https:\/\/www.miomiorun.com\/de\/produkt\/pure-7-short-herren\/#primaryimage\"},\"image\":{\"@id\":\"https:\/\/www.miomiorun.com\/de\/produkt\/pure-7-short-herren\/#primaryimage\"},\"thumbnailUrl\":\"https:\/\/www.miomiorun.com\/app\/uploads\/2026\/01\/la-sportiva-Pure-7-short-M-black-yellow-ZARS038K00Y00.webp\",\"datePublished\":\"2026-01-20T15:39:59+00:00\",\"dateModified\":\"2026-04-16T16:50:06+00:00\",\"description\":\"Pure 7\\\" Short: Ultra-Running-Shorts mit strukturiertem Bund, Mesh-Taschen, Ges\u00e4\u00dftasche mit Rei\u00dfverschluss und atmungsaktiver Innenhose.\",\"breadcrumb\":{\"@id\":\"https:\/\/www.miomiorun.com\/de\/produkt\/pure-7-short-herren\/#breadcrumb\"},\"inLanguage\":\"de-DE\",\"potentialAction\":[{\"@type\":\"ReadAction\",\"target\":[\"https:\/\/www.miomiorun.com\/de\/produkt\/pure-7-short-herren\/\"]}]},{\"@type\":\"ImageObject\",\"inLanguage\":\"de-DE\",\"@id\":\"https:\/\/www.miomiorun.com\/de\/produkt\/pure-7-short-herren\/#primaryimage\",\"url\":\"https:\/\/www.miomiorun.com\/app\/uploads\/2026\/01\/la-sportiva-Pure-7-short-M-black-yellow-ZARS038K00Y00.webp\",\"contentUrl\":\"https:\/\/www.miomiorun.com\/app\/uploads\/2026\/01\/la-sportiva-Pure-7-short-M-black-yellow-ZARS038K00Y00.webp\",\"width\":720,\"height\":720,\"caption\":\"la sportiva Pure 7 short M black yellow ZARS038K00Y00\"},{\"@type\":\"BreadcrumbList\",\"@id\":\"https:\/\/www.miomiorun.com\/de\/produkt\/pure-7-short-herren\/#breadcrumb\",\"itemListElement\":[{\"@type\":\"ListItem\",\"position\":1,\"name\":\"Home\",\"item\":\"https:\/\/www.miomiorun.com\/de\/\"},{\"@type\":\"ListItem\",\"position\":2,\"name\":\"Shop\",\"item\":\"https:\/\/www.miomiorun.com\/shop\/\"},{\"@type\":\"ListItem\",\"position\":3,\"name\":\"Pure 7&#8243; short herren\"}]},{\"@type\":\"WebSite\",\"@id\":\"https:\/\/www.miomiorun.com\/de\/#website\",\"url\":\"https:\/\/www.miomiorun.com\/de\/\",\"name\":\"MioMioRun\",\"description\":\"100% Lauf- und Trailshop\",\"publisher\":{\"@id\":\"https:\/\/www.miomiorun.com\/de\/#organization\"},\"potentialAction\":[{\"@type\":\"SearchAction\",\"target\":{\"@type\":\"EntryPoint\",\"urlTemplate\":\"https:\/\/www.miomiorun.com\/de\/?s={search_term_string}\"},\"query-input\":{\"@type\":\"PropertyValueSpecification\",\"valueRequired\":true,\"valueName\":\"search_term_string\"}}],\"inLanguage\":\"de-DE\"},{\"@type\":\"Organization\",\"@id\":\"https:\/\/www.miomiorun.com\/de\/#organization\",\"name\":\"MioMio Run\",\"url\":\"https:\/\/www.miomiorun.com\/de\/\",\"logo\":{\"@type\":\"ImageObject\",\"inLanguage\":\"de-DE\",\"@id\":\"https:\/\/www.miomiorun.com\/de\/#\/schema\/logo\/image\/\",\"url\":\"https:\/\/www.miomiorun.com\/app\/uploads\/2019\/12\/logomio.png\",\"contentUrl\":\"https:\/\/www.miomiorun.com\/app\/uploads\/2019\/12\/logomio.png\",\"width\":115,\"height\":82,\"caption\":\"MioMio Run\"},\"image\":{\"@id\":\"https:\/\/www.miomiorun.com\/de\/#\/schema\/logo\/image\/\"},\"sameAs\":[\"https:\/\/www.facebook.com\/miomiorun\/\",\"https:\/\/www.instagram.com\/miomiorun\/\"]}]}<\/script>\n<!-- \/ Yoast SEO plugin. -->","yoast_head_json":{"title":"La Sportiva Pure 7\" short herren - Herren-Shorts - MioMioRun","description":"Pure 7\" Short: Ultra-Running-Shorts mit strukturiertem Bund, Mesh-Taschen, Ges\u00e4\u00dftasche mit Rei\u00dfverschluss und atmungsaktiver Innenhose.","robots":{"index":"index","follow":"follow","max-snippet":"max-snippet:-1","max-image-preview":"max-image-preview:large","max-video-preview":"max-video-preview:-1"},"canonical":"https:\/\/www.miomiorun.com\/de\/produkt\/pure-7-short-herren\/","og_locale":"de_DE","og_type":"article","og_title":"La Sportiva Pure 7\" short herren - Herren-Shorts - MioMioRun","og_description":"Pure 7\" Short: Ultra-Running-Shorts mit strukturiertem Bund, Mesh-Taschen, Ges\u00e4\u00dftasche mit Rei\u00dfverschluss und atmungsaktiver Innenhose.","og_url":"https:\/\/www.miomiorun.com\/de\/produkt\/pure-7-short-herren\/","og_site_name":"MioMioRun","article_publisher":"https:\/\/www.facebook.com\/miomiorun\/","article_modified_time":"2026-04-16T16:50:06+00:00","og_image":[{"width":720,"height":720,"url":"https:\/\/www.miomiorun.com\/app\/uploads\/2026\/01\/la-sportiva-Pure-7-short-M-black-yellow-ZARS038K00Y00.webp","type":"image\/webp"}],"twitter_card":"summary_large_image","twitter_misc":{"Est. reading time":"1 minute"},"schema":{"@context":"https:\/\/schema.org","@graph":[{"@type":"WebPage","@id":"https:\/\/www.miomiorun.com\/de\/produkt\/pure-7-short-herren\/","url":"https:\/\/www.miomiorun.com\/de\/produkt\/pure-7-short-herren\/","name":"La Sportiva Pure 7\" short herren - Herren-Shorts - MioMioRun","isPartOf":{"@id":"https:\/\/www.miomiorun.com\/de\/#website"},"primaryImageOfPage":{"@id":"https:\/\/www.miomiorun.com\/de\/produkt\/pure-7-short-herren\/#primaryimage"},"image":{"@id":"https:\/\/www.miomiorun.com\/de\/produkt\/pure-7-short-herren\/#primaryimage"},"thumbnailUrl":"https:\/\/www.miomiorun.com\/app\/uploads\/2026\/01\/la-sportiva-Pure-7-short-M-black-yellow-ZARS038K00Y00.webp","datePublished":"2026-01-20T15:39:59+00:00","dateModified":"2026-04-16T16:50:06+00:00","description":"Pure 7\" Short: Ultra-Running-Shorts mit strukturiertem Bund, Mesh-Taschen, Ges\u00e4\u00dftasche mit Rei\u00dfverschluss und atmungsaktiver Innenhose.","breadcrumb":{"@id":"https:\/\/www.miomiorun.com\/de\/produkt\/pure-7-short-herren\/#breadcrumb"},"inLanguage":"de-DE","potentialAction":[{"@type":"ReadAction","target":["https:\/\/www.miomiorun.com\/de\/produkt\/pure-7-short-herren\/"]}]},{"@type":"ImageObject","inLanguage":"de-DE","@id":"https:\/\/www.miomiorun.com\/de\/produkt\/pure-7-short-herren\/#primaryimage","url":"https:\/\/www.miomiorun.com\/app\/uploads\/2026\/01\/la-sportiva-Pure-7-short-M-black-yellow-ZARS038K00Y00.webp","contentUrl":"https:\/\/www.miomiorun.com\/app\/uploads\/2026\/01\/la-sportiva-Pure-7-short-M-black-yellow-ZARS038K00Y00.webp","width":720,"height":720,"caption":"la sportiva Pure 7 short M black yellow ZARS038K00Y00"},{"@type":"BreadcrumbList","@id":"https:\/\/www.miomiorun.com\/de\/produkt\/pure-7-short-herren\/#breadcrumb","itemListElement":[{"@type":"ListItem","position":1,"name":"Home","item":"https:\/\/www.miomiorun.com\/de\/"},{"@type":"ListItem","position":2,"name":"Shop","item":"https:\/\/www.miomiorun.com\/shop\/"},{"@type":"ListItem","position":3,"name":"Pure 7&#8243; short herren"}]},{"@type":"WebSite","@id":"https:\/\/www.miomiorun.com\/de\/#website","url":"https:\/\/www.miomiorun.com\/de\/","name":"MioMioRun","description":"100% Lauf- und Trailshop","publisher":{"@id":"https:\/\/www.miomiorun.com\/de\/#organization"},"potentialAction":[{"@type":"SearchAction","target":{"@type":"EntryPoint","urlTemplate":"https:\/\/www.miomiorun.com\/de\/?s={search_term_string}"},"query-input":{"@type":"PropertyValueSpecification","valueRequired":true,"valueName":"search_term_string"}}],"inLanguage":"de-DE"},{"@type":"Organization","@id":"https:\/\/www.miomiorun.com\/de\/#organization","name":"MioMio Run","url":"https:\/\/www.miomiorun.com\/de\/","logo":{"@type":"ImageObject","inLanguage":"de-DE","@id":"https:\/\/www.miomiorun.com\/de\/#\/schema\/logo\/image\/","url":"https:\/\/www.miomiorun.com\/app\/uploads\/2019\/12\/logomio.png","contentUrl":"https:\/\/www.miomiorun.com\/app\/uploads\/2019\/12\/logomio.png","width":115,"height":82,"caption":"MioMio Run"},"image":{"@id":"https:\/\/www.miomiorun.com\/de\/#\/schema\/logo\/image\/"},"sameAs":["https:\/\/www.facebook.com\/miomiorun\/","https:\/\/www.instagram.com\/miomiorun\/"]}]}},"_links":{"self":[{"href":"https:\/\/www.miomiorun.com\/de\/wp-json\/wp\/v2\/product\/388808","targetHints":{"allow":["GET"]}}],"collection":[{"href":"https:\/\/www.miomiorun.com\/de\/wp-json\/wp\/v2\/product"}],"about":[{"href":"https:\/\/www.miomiorun.com\/de\/wp-json\/wp\/v2\/types\/product"}],"wp:featuredmedia":[{"embeddable":true,"href":"https:\/\/www.miomiorun.com\/de\/wp-json\/wp\/v2\/media\/389253"}],"wp:attachment":[{"href":"https:\/\/www.miomiorun.com\/de\/wp-json\/wp\/v2\/media?parent=388808"}],"wp:term":[{"taxonomy":"product_brand","embeddable":true,"href":"https:\/\/www.miomiorun.com\/de\/wp-json\/wp\/v2\/product_brand?post=388808"},{"taxonomy":"product_cat","embeddable":true,"href":"https:\/\/www.miomiorun.com\/de\/wp-json\/wp\/v2\/product_cat?post=388808"},{"taxonomy":"product_tag","embeddable":true,"href":"https:\/\/www.miomiorun.com\/de\/wp-json\/wp\/v2\/product_tag?post=388808"}],"curies":[{"name":"wp","href":"https:\/\/api.w.org\/{rel}","templated":true}]}}