{"id":387538,"date":"2026-01-15T15:56:33","date_gmt":"2026-01-15T14:56:33","guid":{"rendered":"https:\/\/www.miomiorun.com\/?post_type=product&#038;p=387538"},"modified":"2026-04-16T18:50:40","modified_gmt":"2026-04-16T16:50:40","slug":"supernova-glide-damen","status":"publish","type":"product","link":"https:\/\/www.miomiorun.com\/de\/produkt\/supernova-glide-damen\/","title":{"rendered":"Supernova Glide damen"},"content":{"rendered":"<table style=\"border-collapse: collapse;width: 100%\">\n<tbody>\n<tr>\n<td style=\"width: 33.333%;vertical-align: top;text-align: center\">\n<h4>Technische Daten<\/h4>\n<p>Kategorie: Strukturierte D\u00e4mpfung<br \/>\nOffset: 7 mm (Ferse 35 mm\/Vorderfu\u00df 27 mm)<br \/>\nGewicht: 240 g<br \/>\nIdeal f\u00fcr: idealer Schuh f\u00fcr Sportler mit durchschnittlichem Gewicht und durchschnittlichem Laufstil, die eine optimale D\u00e4mpfung f\u00fcr das Training oder Wettk\u00e4mpfe \u00fcber mittlere Distanzen suchen; eignet sich auch hervorragend zum Wandern<br \/>\nGewicht des Sportlers: 55-70 kg<br \/>\nLaufstil: 5 min\/km<br \/>\n<a href=\"https:\/\/miomiorun.com\/guida-alle-specifiche-tecniche\/\">Leitfaden zu den technischen Spezifikationen<\/a><\/td>\n<td style=\"width: 66.6666%;vertical-align: top;text-align: center\">Die <strong data-start=\"154\" data-end=\"173\">Supernova Glide<\/strong> sind Schuhe f\u00fcr das <strong data-start=\"201\" data-end=\"223\">t\u00e4gliche Lauftraining<\/strong>, die weichen Halt, eine sichere Passform und einen fl\u00fcssigen Lauf Tag f\u00fcr Tag bieten. Die durchgehende <strong data-start=\"340\" data-end=\"378\">Dreamstrike Glow-Mittelsohle<\/strong> bietet ein ideales Gleichgewicht zwischen Komfort und Reaktionsf\u00e4higkeit und hilft dir, dein Tempo mit weniger Ablenkungen und einem Gef\u00fchl der Kontinuit\u00e4t bei jedem Schritt beizubehalten.<\/p>\n<p data-start=\"534\" data-end=\"946\">Das <strong data-start=\"537\" data-end=\"568\">leichte Obermaterial aus Mono-Mesh<\/strong> umschlie\u00dft den Fu\u00df und sorgt f\u00fcr hohen Halt und Atmungsaktivit\u00e4t, w\u00e4hrend sich die <strong data-start=\"642\" data-end=\"665\">gepolsterte Zunge<\/strong> der Fu\u00dfform anpasst und f\u00fcr lang anhaltenden Komfort und stabilen Halt sorgt. Die Kombination der beiden Mischungen des <strong data-start=\"785\" data-end=\"805\">Dreamstrike Glow<\/strong> sorgt f\u00fcr eine weiche D\u00e4mpfung und ein dynamisches Ansprechverhalten, wodurch der Schuh vielseitig und bequem auf verschiedenen Distanzen ist.<\/p>\n<p data-start=\"948\" data-end=\"1227\">Die <strong data-start=\"951\" data-end=\"991\">durchgehende Sohle aus transparentem Gummi<\/strong> sorgt f\u00fcr <strong data-start=\"1004\" data-end=\"1023\">zuverl\u00e4ssigen Grip<\/strong> auf trockenen und nassen Oberfl\u00e4chen und erm\u00f6glicht einen fl\u00fcssigen Bodenkontakt und ein sichereres Laufen. Ein raffiniertes und funktionelles Modell, ideal f\u00fcr alle, die Komfort, Halt und Stil bei jedem Training suchen.\n<\/p>\n<\/p>\n<\/td>\n<\/tr>\n<\/tbody>\n<\/table>\n<p>&nbsp;<\/p>\n","protected":false},"excerpt":{"rendered":"<ul>\n<li data-start=\"1470\" data-end=\"1549\">Durchgehende Dreamstrike Glow-Zwischensohle f\u00fcr weichen, reaktionsfreudigen Halt<\/li>\n<li data-start=\"1552\" data-end=\"1640\">Leichtes Obermaterial aus Monomesh mit gepolsterter Zunge f\u00fcr eine stabile und bequeme Passform<\/li>\n<li data-start=\"1643\" data-end=\"1723\">Durchgehende Sohle aus transparentem Gummi f\u00fcr zuverl\u00e4ssigen Grip auf trockenem und nassem Untergrund<\/li>\n<\/ul>\n","protected":false},"featured_media":392890,"template":"","meta":{"_acf_changed":false,"inline_featured_image":false},"product_brand":[],"product_cat":[6474,6475],"product_tag":[3403,6309],"class_list":{"0":"post-387538","1":"product","2":"type-product","3":"status-publish","4":"has-post-thumbnail","6":"product_cat-damenschuhe","7":"product_cat-neutral","8":"product_tag-adidas-de","9":"product_tag-adidas-damen-de","10":"pa_attivita-fitness-de","11":"pa_attivita-gehen","12":"pa_attivita-lifestyle-de","13":"pa_attivita-running-de","14":"pa_colore-supernova-glide-w-crsk-blubrs","15":"pa_colore-supernova-glide-w-pnkfus-purbur-lucred","16":"pa_marca-adidas-de","17":"pa_sesso-damen","18":"pa_size-38-de","20":"pa_size-39-de","21":"pa_size-40-de","23":"pa_size-41-de","25":"first","26":"instock","27":"sale","28":"taxable","29":"shipping-taxable","30":"purchasable","31":"product-type-variable","32":"wvs-archive-product-wrapper"},"acf":[],"yoast_head":"<!-- This site is optimized with the Yoast SEO plugin v26.8 - https:\/\/yoast.com\/product\/yoast-seo-wordpress\/ -->\n<title>Adidas Supernova Glide damen - Laufschuhe f\u00fcr Damen - MioMioRun<\/title>\n<meta name=\"description\" content=\"Supernova Glide: Laufschuhe f\u00fcr den t\u00e4glichen Gebrauch mit durchgehender Dreamstrike Glow-Zwischensohle, atmungsaktivem Mono-Mesh-Obermaterial, Grip und Komfort.\" \/>\n<meta name=\"robots\" content=\"index, follow, max-snippet:-1, max-image-preview:large, max-video-preview:-1\" \/>\n<link rel=\"canonical\" href=\"https:\/\/www.miomiorun.com\/de\/produkt\/supernova-glide-damen\/\" \/>\n<meta property=\"og:locale\" content=\"de_DE\" \/>\n<meta property=\"og:type\" content=\"article\" \/>\n<meta property=\"og:title\" content=\"Adidas Supernova Glide damen - Laufschuhe f\u00fcr Damen - MioMioRun\" \/>\n<meta property=\"og:description\" content=\"Supernova Glide: Laufschuhe f\u00fcr den t\u00e4glichen Gebrauch mit durchgehender Dreamstrike Glow-Zwischensohle, atmungsaktivem Mono-Mesh-Obermaterial, Grip und Komfort.\" \/>\n<meta property=\"og:url\" content=\"https:\/\/www.miomiorun.com\/de\/produkt\/supernova-glide-damen\/\" \/>\n<meta property=\"og:site_name\" content=\"MioMioRun\" \/>\n<meta property=\"article:publisher\" content=\"https:\/\/www.facebook.com\/miomiorun\/\" \/>\n<meta property=\"article:modified_time\" content=\"2026-04-16T16:50:40+00:00\" \/>\n<meta property=\"og:image\" content=\"https:\/\/www.miomiorun.com\/app\/uploads\/2026\/01\/adidas-Supernova-Glide-W-pnkfus-purbur-lucred-KJ8666.webp\" \/>\n\t<meta property=\"og:image:width\" content=\"720\" \/>\n\t<meta property=\"og:image:height\" content=\"720\" \/>\n\t<meta property=\"og:image:type\" content=\"image\/webp\" \/>\n<meta name=\"twitter:card\" content=\"summary_large_image\" \/>\n<meta name=\"twitter:label1\" content=\"Est. reading time\" \/>\n\t<meta name=\"twitter:data1\" content=\"2 minutes\" \/>\n<script type=\"application\/ld+json\" class=\"yoast-schema-graph\">{\"@context\":\"https:\/\/schema.org\",\"@graph\":[{\"@type\":\"WebPage\",\"@id\":\"https:\/\/www.miomiorun.com\/de\/produkt\/supernova-glide-damen\/\",\"url\":\"https:\/\/www.miomiorun.com\/de\/produkt\/supernova-glide-damen\/\",\"name\":\"Adidas Supernova Glide damen - Laufschuhe f\u00fcr Damen - MioMioRun\",\"isPartOf\":{\"@id\":\"https:\/\/www.miomiorun.com\/de\/#website\"},\"primaryImageOfPage\":{\"@id\":\"https:\/\/www.miomiorun.com\/de\/produkt\/supernova-glide-damen\/#primaryimage\"},\"image\":{\"@id\":\"https:\/\/www.miomiorun.com\/de\/produkt\/supernova-glide-damen\/#primaryimage\"},\"thumbnailUrl\":\"https:\/\/www.miomiorun.com\/app\/uploads\/2026\/01\/adidas-Supernova-Glide-W-pnkfus-purbur-lucred-KJ8666.webp\",\"datePublished\":\"2026-01-15T14:56:33+00:00\",\"dateModified\":\"2026-04-16T16:50:40+00:00\",\"description\":\"Supernova Glide: Laufschuhe f\u00fcr den t\u00e4glichen Gebrauch mit durchgehender Dreamstrike Glow-Zwischensohle, atmungsaktivem Mono-Mesh-Obermaterial, Grip und Komfort.\",\"breadcrumb\":{\"@id\":\"https:\/\/www.miomiorun.com\/de\/produkt\/supernova-glide-damen\/#breadcrumb\"},\"inLanguage\":\"de-DE\",\"potentialAction\":[{\"@type\":\"ReadAction\",\"target\":[\"https:\/\/www.miomiorun.com\/de\/produkt\/supernova-glide-damen\/\"]}]},{\"@type\":\"ImageObject\",\"inLanguage\":\"de-DE\",\"@id\":\"https:\/\/www.miomiorun.com\/de\/produkt\/supernova-glide-damen\/#primaryimage\",\"url\":\"https:\/\/www.miomiorun.com\/app\/uploads\/2026\/01\/adidas-Supernova-Glide-W-pnkfus-purbur-lucred-KJ8666.webp\",\"contentUrl\":\"https:\/\/www.miomiorun.com\/app\/uploads\/2026\/01\/adidas-Supernova-Glide-W-pnkfus-purbur-lucred-KJ8666.webp\",\"width\":720,\"height\":720,\"caption\":\"adidas Supernova Glide W pnkfus purbur lucred KJ8666\"},{\"@type\":\"BreadcrumbList\",\"@id\":\"https:\/\/www.miomiorun.com\/de\/produkt\/supernova-glide-damen\/#breadcrumb\",\"itemListElement\":[{\"@type\":\"ListItem\",\"position\":1,\"name\":\"Home\",\"item\":\"https:\/\/www.miomiorun.com\/de\/\"},{\"@type\":\"ListItem\",\"position\":2,\"name\":\"Shop\",\"item\":\"https:\/\/www.miomiorun.com\/shop\/\"},{\"@type\":\"ListItem\",\"position\":3,\"name\":\"Supernova Glide damen\"}]},{\"@type\":\"WebSite\",\"@id\":\"https:\/\/www.miomiorun.com\/de\/#website\",\"url\":\"https:\/\/www.miomiorun.com\/de\/\",\"name\":\"MioMioRun\",\"description\":\"100% Lauf- und Trailshop\",\"publisher\":{\"@id\":\"https:\/\/www.miomiorun.com\/de\/#organization\"},\"potentialAction\":[{\"@type\":\"SearchAction\",\"target\":{\"@type\":\"EntryPoint\",\"urlTemplate\":\"https:\/\/www.miomiorun.com\/de\/?s={search_term_string}\"},\"query-input\":{\"@type\":\"PropertyValueSpecification\",\"valueRequired\":true,\"valueName\":\"search_term_string\"}}],\"inLanguage\":\"de-DE\"},{\"@type\":\"Organization\",\"@id\":\"https:\/\/www.miomiorun.com\/de\/#organization\",\"name\":\"MioMio Run\",\"url\":\"https:\/\/www.miomiorun.com\/de\/\",\"logo\":{\"@type\":\"ImageObject\",\"inLanguage\":\"de-DE\",\"@id\":\"https:\/\/www.miomiorun.com\/de\/#\/schema\/logo\/image\/\",\"url\":\"https:\/\/www.miomiorun.com\/app\/uploads\/2019\/12\/logomio.png\",\"contentUrl\":\"https:\/\/www.miomiorun.com\/app\/uploads\/2019\/12\/logomio.png\",\"width\":115,\"height\":82,\"caption\":\"MioMio Run\"},\"image\":{\"@id\":\"https:\/\/www.miomiorun.com\/de\/#\/schema\/logo\/image\/\"},\"sameAs\":[\"https:\/\/www.facebook.com\/miomiorun\/\",\"https:\/\/www.instagram.com\/miomiorun\/\"]}]}<\/script>\n<!-- \/ Yoast SEO plugin. -->","yoast_head_json":{"title":"Adidas Supernova Glide damen - Laufschuhe f\u00fcr Damen - MioMioRun","description":"Supernova Glide: Laufschuhe f\u00fcr den t\u00e4glichen Gebrauch mit durchgehender Dreamstrike Glow-Zwischensohle, atmungsaktivem Mono-Mesh-Obermaterial, Grip und Komfort.","robots":{"index":"index","follow":"follow","max-snippet":"max-snippet:-1","max-image-preview":"max-image-preview:large","max-video-preview":"max-video-preview:-1"},"canonical":"https:\/\/www.miomiorun.com\/de\/produkt\/supernova-glide-damen\/","og_locale":"de_DE","og_type":"article","og_title":"Adidas Supernova Glide damen - Laufschuhe f\u00fcr Damen - MioMioRun","og_description":"Supernova Glide: Laufschuhe f\u00fcr den t\u00e4glichen Gebrauch mit durchgehender Dreamstrike Glow-Zwischensohle, atmungsaktivem Mono-Mesh-Obermaterial, Grip und Komfort.","og_url":"https:\/\/www.miomiorun.com\/de\/produkt\/supernova-glide-damen\/","og_site_name":"MioMioRun","article_publisher":"https:\/\/www.facebook.com\/miomiorun\/","article_modified_time":"2026-04-16T16:50:40+00:00","og_image":[{"width":720,"height":720,"url":"https:\/\/www.miomiorun.com\/app\/uploads\/2026\/01\/adidas-Supernova-Glide-W-pnkfus-purbur-lucred-KJ8666.webp","type":"image\/webp"}],"twitter_card":"summary_large_image","twitter_misc":{"Est. reading time":"2 minutes"},"schema":{"@context":"https:\/\/schema.org","@graph":[{"@type":"WebPage","@id":"https:\/\/www.miomiorun.com\/de\/produkt\/supernova-glide-damen\/","url":"https:\/\/www.miomiorun.com\/de\/produkt\/supernova-glide-damen\/","name":"Adidas Supernova Glide damen - Laufschuhe f\u00fcr Damen - MioMioRun","isPartOf":{"@id":"https:\/\/www.miomiorun.com\/de\/#website"},"primaryImageOfPage":{"@id":"https:\/\/www.miomiorun.com\/de\/produkt\/supernova-glide-damen\/#primaryimage"},"image":{"@id":"https:\/\/www.miomiorun.com\/de\/produkt\/supernova-glide-damen\/#primaryimage"},"thumbnailUrl":"https:\/\/www.miomiorun.com\/app\/uploads\/2026\/01\/adidas-Supernova-Glide-W-pnkfus-purbur-lucred-KJ8666.webp","datePublished":"2026-01-15T14:56:33+00:00","dateModified":"2026-04-16T16:50:40+00:00","description":"Supernova Glide: Laufschuhe f\u00fcr den t\u00e4glichen Gebrauch mit durchgehender Dreamstrike Glow-Zwischensohle, atmungsaktivem Mono-Mesh-Obermaterial, Grip und Komfort.","breadcrumb":{"@id":"https:\/\/www.miomiorun.com\/de\/produkt\/supernova-glide-damen\/#breadcrumb"},"inLanguage":"de-DE","potentialAction":[{"@type":"ReadAction","target":["https:\/\/www.miomiorun.com\/de\/produkt\/supernova-glide-damen\/"]}]},{"@type":"ImageObject","inLanguage":"de-DE","@id":"https:\/\/www.miomiorun.com\/de\/produkt\/supernova-glide-damen\/#primaryimage","url":"https:\/\/www.miomiorun.com\/app\/uploads\/2026\/01\/adidas-Supernova-Glide-W-pnkfus-purbur-lucred-KJ8666.webp","contentUrl":"https:\/\/www.miomiorun.com\/app\/uploads\/2026\/01\/adidas-Supernova-Glide-W-pnkfus-purbur-lucred-KJ8666.webp","width":720,"height":720,"caption":"adidas Supernova Glide W pnkfus purbur lucred KJ8666"},{"@type":"BreadcrumbList","@id":"https:\/\/www.miomiorun.com\/de\/produkt\/supernova-glide-damen\/#breadcrumb","itemListElement":[{"@type":"ListItem","position":1,"name":"Home","item":"https:\/\/www.miomiorun.com\/de\/"},{"@type":"ListItem","position":2,"name":"Shop","item":"https:\/\/www.miomiorun.com\/shop\/"},{"@type":"ListItem","position":3,"name":"Supernova Glide damen"}]},{"@type":"WebSite","@id":"https:\/\/www.miomiorun.com\/de\/#website","url":"https:\/\/www.miomiorun.com\/de\/","name":"MioMioRun","description":"100% Lauf- und Trailshop","publisher":{"@id":"https:\/\/www.miomiorun.com\/de\/#organization"},"potentialAction":[{"@type":"SearchAction","target":{"@type":"EntryPoint","urlTemplate":"https:\/\/www.miomiorun.com\/de\/?s={search_term_string}"},"query-input":{"@type":"PropertyValueSpecification","valueRequired":true,"valueName":"search_term_string"}}],"inLanguage":"de-DE"},{"@type":"Organization","@id":"https:\/\/www.miomiorun.com\/de\/#organization","name":"MioMio Run","url":"https:\/\/www.miomiorun.com\/de\/","logo":{"@type":"ImageObject","inLanguage":"de-DE","@id":"https:\/\/www.miomiorun.com\/de\/#\/schema\/logo\/image\/","url":"https:\/\/www.miomiorun.com\/app\/uploads\/2019\/12\/logomio.png","contentUrl":"https:\/\/www.miomiorun.com\/app\/uploads\/2019\/12\/logomio.png","width":115,"height":82,"caption":"MioMio Run"},"image":{"@id":"https:\/\/www.miomiorun.com\/de\/#\/schema\/logo\/image\/"},"sameAs":["https:\/\/www.facebook.com\/miomiorun\/","https:\/\/www.instagram.com\/miomiorun\/"]}]}},"_links":{"self":[{"href":"https:\/\/www.miomiorun.com\/de\/wp-json\/wp\/v2\/product\/387538","targetHints":{"allow":["GET"]}}],"collection":[{"href":"https:\/\/www.miomiorun.com\/de\/wp-json\/wp\/v2\/product"}],"about":[{"href":"https:\/\/www.miomiorun.com\/de\/wp-json\/wp\/v2\/types\/product"}],"wp:featuredmedia":[{"embeddable":true,"href":"https:\/\/www.miomiorun.com\/de\/wp-json\/wp\/v2\/media\/392890"}],"wp:attachment":[{"href":"https:\/\/www.miomiorun.com\/de\/wp-json\/wp\/v2\/media?parent=387538"}],"wp:term":[{"taxonomy":"product_brand","embeddable":true,"href":"https:\/\/www.miomiorun.com\/de\/wp-json\/wp\/v2\/product_brand?post=387538"},{"taxonomy":"product_cat","embeddable":true,"href":"https:\/\/www.miomiorun.com\/de\/wp-json\/wp\/v2\/product_cat?post=387538"},{"taxonomy":"product_tag","embeddable":true,"href":"https:\/\/www.miomiorun.com\/de\/wp-json\/wp\/v2\/product_tag?post=387538"}],"curies":[{"name":"wp","href":"https:\/\/api.w.org\/{rel}","templated":true}]}}