{"id":386070,"date":"2026-01-12T17:37:54","date_gmt":"2026-01-12T16:37:54","guid":{"rendered":"https:\/\/www.miomiorun.com\/?post_type=product&#038;p=386070"},"modified":"2026-04-16T18:51:30","modified_gmt":"2026-04-16T16:51:30","slug":"launch-12-damen","status":"publish","type":"product","link":"https:\/\/www.miomiorun.com\/de\/produkt\/launch-12-damen\/","title":{"rendered":"Launch 12 damen"},"content":{"rendered":"<div class=\"vc-row container\"><div class=\"vc-column\"><div class=\"vc-column-text\"><\/p>\n<p><strong>Technische Daten<\/strong><\/p>\n<p>Kategorie: reaktive D\u00e4mpfung<br \/>\nOffset: 8 mm<br \/>\nGewicht: 224,0 g<br \/>\nIdeal f\u00fcr: L\u00e4ufer mit neutralem Laufstil und mittlerer Fu\u00dfsohle, die einen vielseitigen und leichten Schuh suchen, um Mittelstrecken und auch anspruchsvolle Trainingseinheiten m\u00fchelos zu bew\u00e4ltigen.<br \/>\nGewicht des Athleten: 50-65 kg<br \/>\nLaufgeschwindigkeit: mittel-schnell (4,00-5,30 min\/km)<br \/>\n<a href=\"https:\/\/miomiorun.com\/guida-alle-specifiche-tecniche\/\">Leitfaden zu den technischen Daten<\/a><\/p>\n<p><\/div><\/div><div class=\"vc-column\"><div class=\"vc-column-text\"><\/p>\n<p data-start=\"150\" data-end=\"514\">Die <strong data-start=\"153\" data-end=\"174\">Launch 12 f\u00fcr Damen<\/strong> sind Laufschuhe f\u00fcr das t\u00e4gliche Training, ideal f\u00fcr alle, die Leichtigkeit, Reaktionsf\u00e4higkeit und ein fl\u00fcssiges Laufgef\u00fchl suchen. Das <strong data-start=\"317\" data-end=\"357\">weiche und atmungsaktive Mesh-Obermaterial<\/strong> umschlie\u00dft den Fu\u00df und sorgt f\u00fcr Komfort und Bel\u00fcftung, w\u00e4hrend die <strong data-start=\"419\" data-end=\"458\">leichte und reaktionsfreudige D\u00e4mpfung<\/strong> einen nat\u00fcrlichen und unmittelbaren Antrieb bei jedem Schritt f\u00f6rdert.<\/p>\n<p data-start=\"516\" data-end=\"911\">Die Zwischensohle mit <strong data-start=\"533\" data-end=\"581\">leichter, mit Stickstoff infundierter D\u00e4mpfung<\/strong> bietet ein schnelles und dynamisches Ansprechverhalten und hilft dir, dich mit weniger Kraftaufwand vom Boden abzuheben. Die <strong data-start=\"672\" data-end=\"696\">ausgewogene Unterst\u00fctzung<\/strong> sorgt f\u00fcr Stabilit\u00e4t w\u00e4hrend des gesamten Laufs: Die <strong data-start=\"743\" data-end=\"772\">gesch\u00fctzte und sichere Ferse<\/strong> arbeitet mit einem <strong data-start=\"799\" data-end=\"821\">dynamischen Vorfu\u00df<\/strong> zusammen und garantiert eine hohe intrinsische Stabilit\u00e4t, ohne die Bewegungsfreiheit zu beeintr\u00e4chtigen.<\/p>\n<p data-start=\"913\" data-end=\"1132\">Die <strong data-start=\"916\" data-end=\"934\">griffige Sohle<\/strong> wurde entwickelt, um einen schnellen Vorw\u00e4rtsschub zu erm\u00f6glichen, was den Launch 12 zu einer zuverl\u00e4ssigen Wahl f\u00fcr L\u00e4uferinnen macht, die t\u00e4glich mit einem reaktionsschnellen, leichten und gut ausbalancierten Schuh trainieren m\u00f6chten.<br \/>\n<\/div><\/div><\/div><\/p>\n","protected":false},"excerpt":{"rendered":"<ul>\n<li data-start=\"1372\" data-end=\"1429\">Leichte, reaktionsfreudige D\u00e4mpfung mit Stickstoffinfusion<\/li>\n<li data-start=\"1432\" data-end=\"1487\">Atmungsaktives Mesh-Obermaterial f\u00fcr Komfort und Bel\u00fcftung<\/li>\n<li data-start=\"1490\" data-end=\"1553\">Ausgewogene Unterst\u00fctzung mit stabiler Ferse und dynamischem Vorfu\u00df<\/li>\n<\/ul>\n","protected":false},"featured_media":391270,"template":"","meta":{"_acf_changed":false,"inline_featured_image":false},"product_brand":[],"product_cat":[6474,6475],"product_tag":[3362,6205],"class_list":{"0":"post-386070","1":"product","2":"type-product","3":"status-publish","4":"has-post-thumbnail","6":"product_cat-damenschuhe","7":"product_cat-neutral","8":"product_tag-brooks-de","9":"product_tag-brooks-damen-de","10":"pa_attivita-fitness-de","11":"pa_attivita-gehen","12":"pa_attivita-running-de","13":"pa_colore-launch-12-w-black-luminary-oyster","14":"pa_colore-launch-12-w-bluewash-pink","15":"pa_marca-brooks-de","16":"pa_sesso-damen","17":"pa_size-37-5-de","18":"pa_size-38-de","19":"pa_size-38-5-de","20":"pa_size-39-de","21":"pa_size-40-de","22":"pa_size-40-5-de","23":"pa_size-41-de","25":"first","26":"instock","27":"sale","28":"taxable","29":"shipping-taxable","30":"purchasable","31":"product-type-variable","32":"wvs-archive-product-wrapper"},"acf":[],"yoast_head":"<!-- This site is optimized with the Yoast SEO plugin v26.8 - https:\/\/yoast.com\/product\/yoast-seo-wordpress\/ -->\n<title>Brooks Launch 12 damen - Laufschuhe Damen - MioMioRun.com<\/title>\n<meta name=\"description\" content=\"Launch 12 f\u00fcr Damen: Leichte, reaktionsfreudige Laufschuhe mit Stickstoff-D\u00e4mpfung, atmungsaktivem Mesh-Obermaterial und ausgewogener Unterst\u00fctzung.\" \/>\n<meta name=\"robots\" content=\"index, follow, max-snippet:-1, max-image-preview:large, max-video-preview:-1\" \/>\n<link rel=\"canonical\" href=\"https:\/\/www.miomiorun.com\/de\/produkt\/launch-12-damen\/\" \/>\n<meta property=\"og:locale\" content=\"de_DE\" \/>\n<meta property=\"og:type\" content=\"article\" \/>\n<meta property=\"og:title\" content=\"Brooks Launch 12 damen - Laufschuhe Damen - MioMioRun.com\" \/>\n<meta property=\"og:description\" content=\"Launch 12 f\u00fcr Damen: Leichte, reaktionsfreudige Laufschuhe mit Stickstoff-D\u00e4mpfung, atmungsaktivem Mesh-Obermaterial und ausgewogener Unterst\u00fctzung.\" \/>\n<meta property=\"og:url\" content=\"https:\/\/www.miomiorun.com\/de\/produkt\/launch-12-damen\/\" \/>\n<meta property=\"og:site_name\" content=\"MioMioRun\" \/>\n<meta property=\"article:publisher\" content=\"https:\/\/www.facebook.com\/miomiorun\/\" \/>\n<meta property=\"article:modified_time\" content=\"2026-04-16T16:51:30+00:00\" \/>\n<meta property=\"og:image\" content=\"https:\/\/www.miomiorun.com\/app\/uploads\/2026\/01\/brooks-Launch-12-W-bluewash-pink-1204711B103.webp\" \/>\n\t<meta property=\"og:image:width\" content=\"720\" \/>\n\t<meta property=\"og:image:height\" content=\"720\" \/>\n\t<meta property=\"og:image:type\" content=\"image\/webp\" \/>\n<meta name=\"twitter:card\" content=\"summary_large_image\" \/>\n<meta name=\"twitter:label1\" content=\"Est. reading time\" \/>\n\t<meta name=\"twitter:data1\" content=\"2 minutes\" \/>\n<script type=\"application\/ld+json\" class=\"yoast-schema-graph\">{\"@context\":\"https:\/\/schema.org\",\"@graph\":[{\"@type\":\"WebPage\",\"@id\":\"https:\/\/www.miomiorun.com\/de\/produkt\/launch-12-damen\/\",\"url\":\"https:\/\/www.miomiorun.com\/de\/produkt\/launch-12-damen\/\",\"name\":\"Brooks Launch 12 damen - Laufschuhe Damen - MioMioRun.com\",\"isPartOf\":{\"@id\":\"https:\/\/www.miomiorun.com\/de\/#website\"},\"primaryImageOfPage\":{\"@id\":\"https:\/\/www.miomiorun.com\/de\/produkt\/launch-12-damen\/#primaryimage\"},\"image\":{\"@id\":\"https:\/\/www.miomiorun.com\/de\/produkt\/launch-12-damen\/#primaryimage\"},\"thumbnailUrl\":\"https:\/\/www.miomiorun.com\/app\/uploads\/2026\/01\/brooks-Launch-12-W-bluewash-pink-1204711B103.webp\",\"datePublished\":\"2026-01-12T16:37:54+00:00\",\"dateModified\":\"2026-04-16T16:51:30+00:00\",\"description\":\"Launch 12 f\u00fcr Damen: Leichte, reaktionsfreudige Laufschuhe mit Stickstoff-D\u00e4mpfung, atmungsaktivem Mesh-Obermaterial und ausgewogener Unterst\u00fctzung.\",\"breadcrumb\":{\"@id\":\"https:\/\/www.miomiorun.com\/de\/produkt\/launch-12-damen\/#breadcrumb\"},\"inLanguage\":\"de-DE\",\"potentialAction\":[{\"@type\":\"ReadAction\",\"target\":[\"https:\/\/www.miomiorun.com\/de\/produkt\/launch-12-damen\/\"]}]},{\"@type\":\"ImageObject\",\"inLanguage\":\"de-DE\",\"@id\":\"https:\/\/www.miomiorun.com\/de\/produkt\/launch-12-damen\/#primaryimage\",\"url\":\"https:\/\/www.miomiorun.com\/app\/uploads\/2026\/01\/brooks-Launch-12-W-bluewash-pink-1204711B103.webp\",\"contentUrl\":\"https:\/\/www.miomiorun.com\/app\/uploads\/2026\/01\/brooks-Launch-12-W-bluewash-pink-1204711B103.webp\",\"width\":720,\"height\":720,\"caption\":\"brooks Launch 12 W bluewash pink 1204711B103\"},{\"@type\":\"BreadcrumbList\",\"@id\":\"https:\/\/www.miomiorun.com\/de\/produkt\/launch-12-damen\/#breadcrumb\",\"itemListElement\":[{\"@type\":\"ListItem\",\"position\":1,\"name\":\"Home\",\"item\":\"https:\/\/www.miomiorun.com\/de\/\"},{\"@type\":\"ListItem\",\"position\":2,\"name\":\"Shop\",\"item\":\"https:\/\/www.miomiorun.com\/shop\/\"},{\"@type\":\"ListItem\",\"position\":3,\"name\":\"Launch 12 damen\"}]},{\"@type\":\"WebSite\",\"@id\":\"https:\/\/www.miomiorun.com\/de\/#website\",\"url\":\"https:\/\/www.miomiorun.com\/de\/\",\"name\":\"MioMioRun\",\"description\":\"100% Lauf- und Trailshop\",\"publisher\":{\"@id\":\"https:\/\/www.miomiorun.com\/de\/#organization\"},\"potentialAction\":[{\"@type\":\"SearchAction\",\"target\":{\"@type\":\"EntryPoint\",\"urlTemplate\":\"https:\/\/www.miomiorun.com\/de\/?s={search_term_string}\"},\"query-input\":{\"@type\":\"PropertyValueSpecification\",\"valueRequired\":true,\"valueName\":\"search_term_string\"}}],\"inLanguage\":\"de-DE\"},{\"@type\":\"Organization\",\"@id\":\"https:\/\/www.miomiorun.com\/de\/#organization\",\"name\":\"MioMio Run\",\"url\":\"https:\/\/www.miomiorun.com\/de\/\",\"logo\":{\"@type\":\"ImageObject\",\"inLanguage\":\"de-DE\",\"@id\":\"https:\/\/www.miomiorun.com\/de\/#\/schema\/logo\/image\/\",\"url\":\"https:\/\/www.miomiorun.com\/app\/uploads\/2019\/12\/logomio.png\",\"contentUrl\":\"https:\/\/www.miomiorun.com\/app\/uploads\/2019\/12\/logomio.png\",\"width\":115,\"height\":82,\"caption\":\"MioMio Run\"},\"image\":{\"@id\":\"https:\/\/www.miomiorun.com\/de\/#\/schema\/logo\/image\/\"},\"sameAs\":[\"https:\/\/www.facebook.com\/miomiorun\/\",\"https:\/\/www.instagram.com\/miomiorun\/\"]}]}<\/script>\n<!-- \/ Yoast SEO plugin. -->","yoast_head_json":{"title":"Brooks Launch 12 damen - Laufschuhe Damen - MioMioRun.com","description":"Launch 12 f\u00fcr Damen: Leichte, reaktionsfreudige Laufschuhe mit Stickstoff-D\u00e4mpfung, atmungsaktivem Mesh-Obermaterial und ausgewogener Unterst\u00fctzung.","robots":{"index":"index","follow":"follow","max-snippet":"max-snippet:-1","max-image-preview":"max-image-preview:large","max-video-preview":"max-video-preview:-1"},"canonical":"https:\/\/www.miomiorun.com\/de\/produkt\/launch-12-damen\/","og_locale":"de_DE","og_type":"article","og_title":"Brooks Launch 12 damen - Laufschuhe Damen - MioMioRun.com","og_description":"Launch 12 f\u00fcr Damen: Leichte, reaktionsfreudige Laufschuhe mit Stickstoff-D\u00e4mpfung, atmungsaktivem Mesh-Obermaterial und ausgewogener Unterst\u00fctzung.","og_url":"https:\/\/www.miomiorun.com\/de\/produkt\/launch-12-damen\/","og_site_name":"MioMioRun","article_publisher":"https:\/\/www.facebook.com\/miomiorun\/","article_modified_time":"2026-04-16T16:51:30+00:00","og_image":[{"width":720,"height":720,"url":"https:\/\/www.miomiorun.com\/app\/uploads\/2026\/01\/brooks-Launch-12-W-bluewash-pink-1204711B103.webp","type":"image\/webp"}],"twitter_card":"summary_large_image","twitter_misc":{"Est. reading time":"2 minutes"},"schema":{"@context":"https:\/\/schema.org","@graph":[{"@type":"WebPage","@id":"https:\/\/www.miomiorun.com\/de\/produkt\/launch-12-damen\/","url":"https:\/\/www.miomiorun.com\/de\/produkt\/launch-12-damen\/","name":"Brooks Launch 12 damen - Laufschuhe Damen - MioMioRun.com","isPartOf":{"@id":"https:\/\/www.miomiorun.com\/de\/#website"},"primaryImageOfPage":{"@id":"https:\/\/www.miomiorun.com\/de\/produkt\/launch-12-damen\/#primaryimage"},"image":{"@id":"https:\/\/www.miomiorun.com\/de\/produkt\/launch-12-damen\/#primaryimage"},"thumbnailUrl":"https:\/\/www.miomiorun.com\/app\/uploads\/2026\/01\/brooks-Launch-12-W-bluewash-pink-1204711B103.webp","datePublished":"2026-01-12T16:37:54+00:00","dateModified":"2026-04-16T16:51:30+00:00","description":"Launch 12 f\u00fcr Damen: Leichte, reaktionsfreudige Laufschuhe mit Stickstoff-D\u00e4mpfung, atmungsaktivem Mesh-Obermaterial und ausgewogener Unterst\u00fctzung.","breadcrumb":{"@id":"https:\/\/www.miomiorun.com\/de\/produkt\/launch-12-damen\/#breadcrumb"},"inLanguage":"de-DE","potentialAction":[{"@type":"ReadAction","target":["https:\/\/www.miomiorun.com\/de\/produkt\/launch-12-damen\/"]}]},{"@type":"ImageObject","inLanguage":"de-DE","@id":"https:\/\/www.miomiorun.com\/de\/produkt\/launch-12-damen\/#primaryimage","url":"https:\/\/www.miomiorun.com\/app\/uploads\/2026\/01\/brooks-Launch-12-W-bluewash-pink-1204711B103.webp","contentUrl":"https:\/\/www.miomiorun.com\/app\/uploads\/2026\/01\/brooks-Launch-12-W-bluewash-pink-1204711B103.webp","width":720,"height":720,"caption":"brooks Launch 12 W bluewash pink 1204711B103"},{"@type":"BreadcrumbList","@id":"https:\/\/www.miomiorun.com\/de\/produkt\/launch-12-damen\/#breadcrumb","itemListElement":[{"@type":"ListItem","position":1,"name":"Home","item":"https:\/\/www.miomiorun.com\/de\/"},{"@type":"ListItem","position":2,"name":"Shop","item":"https:\/\/www.miomiorun.com\/shop\/"},{"@type":"ListItem","position":3,"name":"Launch 12 damen"}]},{"@type":"WebSite","@id":"https:\/\/www.miomiorun.com\/de\/#website","url":"https:\/\/www.miomiorun.com\/de\/","name":"MioMioRun","description":"100% Lauf- und Trailshop","publisher":{"@id":"https:\/\/www.miomiorun.com\/de\/#organization"},"potentialAction":[{"@type":"SearchAction","target":{"@type":"EntryPoint","urlTemplate":"https:\/\/www.miomiorun.com\/de\/?s={search_term_string}"},"query-input":{"@type":"PropertyValueSpecification","valueRequired":true,"valueName":"search_term_string"}}],"inLanguage":"de-DE"},{"@type":"Organization","@id":"https:\/\/www.miomiorun.com\/de\/#organization","name":"MioMio Run","url":"https:\/\/www.miomiorun.com\/de\/","logo":{"@type":"ImageObject","inLanguage":"de-DE","@id":"https:\/\/www.miomiorun.com\/de\/#\/schema\/logo\/image\/","url":"https:\/\/www.miomiorun.com\/app\/uploads\/2019\/12\/logomio.png","contentUrl":"https:\/\/www.miomiorun.com\/app\/uploads\/2019\/12\/logomio.png","width":115,"height":82,"caption":"MioMio Run"},"image":{"@id":"https:\/\/www.miomiorun.com\/de\/#\/schema\/logo\/image\/"},"sameAs":["https:\/\/www.facebook.com\/miomiorun\/","https:\/\/www.instagram.com\/miomiorun\/"]}]}},"_links":{"self":[{"href":"https:\/\/www.miomiorun.com\/de\/wp-json\/wp\/v2\/product\/386070","targetHints":{"allow":["GET"]}}],"collection":[{"href":"https:\/\/www.miomiorun.com\/de\/wp-json\/wp\/v2\/product"}],"about":[{"href":"https:\/\/www.miomiorun.com\/de\/wp-json\/wp\/v2\/types\/product"}],"wp:featuredmedia":[{"embeddable":true,"href":"https:\/\/www.miomiorun.com\/de\/wp-json\/wp\/v2\/media\/391270"}],"wp:attachment":[{"href":"https:\/\/www.miomiorun.com\/de\/wp-json\/wp\/v2\/media?parent=386070"}],"wp:term":[{"taxonomy":"product_brand","embeddable":true,"href":"https:\/\/www.miomiorun.com\/de\/wp-json\/wp\/v2\/product_brand?post=386070"},{"taxonomy":"product_cat","embeddable":true,"href":"https:\/\/www.miomiorun.com\/de\/wp-json\/wp\/v2\/product_cat?post=386070"},{"taxonomy":"product_tag","embeddable":true,"href":"https:\/\/www.miomiorun.com\/de\/wp-json\/wp\/v2\/product_tag?post=386070"}],"curies":[{"name":"wp","href":"https:\/\/api.w.org\/{rel}","templated":true}]}}