{"id":383058,"date":"2025-12-19T16:33:02","date_gmt":"2025-12-19T15:33:02","guid":{"rendered":"https:\/\/www.miomiorun.com\/?post_type=product&#038;p=383058"},"modified":"2026-04-16T18:54:12","modified_gmt":"2026-04-16T16:54:12","slug":"velociti-storm-hooded-jacket","status":"publish","type":"product","link":"https:\/\/www.miomiorun.com\/de\/produkt\/velociti-storm-hooded-jacket\/","title":{"rendered":"Velociti storm hooded jacket herren"},"content":{"rendered":"<p data-start=\"164\" data-end=\"473\">Die <strong data-start=\"167\" data-end=\"199\">Velociti Storm Hooded Jacket<\/strong> wurde entwickelt, damit Sie auch bei schlechtem Wetter weiterlaufen k\u00f6nnen. Sie ist leicht, atmungsaktiv und wasserabweisend und eignet sich ideal als Au\u00dfenlage bei leichtem Regen und wechselhaften Wetterbedingungen, ohne dabei auf Komfort und Bewegungsfreiheit zu verzichten.<\/p>\n<p data-start=\"475\" data-end=\"847\">Dank der <strong data-start=\"498\" data-end=\"510\">UA Storm<\/strong>-Technologie ist die Jacke wasserabweisend und gleichzeitig hoch atmungsaktiv. Das <strong data-start=\"580\" data-end=\"615\">elastische, leichte Material<\/strong> bietet Komfort und Strapazierf\u00e4higkeit beim Laufen, w\u00e4hrend das <strong data-start=\"671\" data-end=\"694\">R\u00fcckenteil<\/strong> die Bel\u00fcftung bei hoher Intensit\u00e4t verbessert. In den <strong data-start=\"758\" data-end=\"788\">Rei\u00dfverschlusstaschen<\/strong> kannst du kleine Gegenst\u00e4nde sicher verstauen.<\/p>\n<p data-start=\"849\" data-end=\"1175\">Die <strong data-start=\"851\" data-end=\"875\">reflektierenden Details<\/strong> erh\u00f6hen die Sichtbarkeit beim Laufen bei schlechten Lichtverh\u00e4ltnissen und machen diese Jacke auch in den fr\u00fchen Morgenstunden oder am Abend zu einer zuverl\u00e4ssigen Wahl. Dar\u00fcber hinaus besteht das Hauptmaterial zu mindestens <strong data-start=\"1082\" data-end=\"1113\">80 % aus recyceltem Polyester<\/strong>, was einen verantwortungsbewussteren Ansatz f\u00fcr Funktionsbekleidung darstellt.<\/p><\/p>\n","protected":false},"excerpt":{"rendered":"<ul>\n<li data-start=\"1410\" data-end=\"1471\">UA Storm-Technologie: wasserabweisend und hoch atmungsaktiv<\/li>\n<li data-start=\"1474\" data-end=\"1542\">Leichtes, elastisches Material mit bel\u00fcftetem R\u00fcckenteil<\/li>\n<li data-start=\"1545\" data-end=\"1610\">Rei\u00dfverschlusstaschen und reflektierende Details f\u00fcr Sicherheit und Funktionalit\u00e4t<\/li>\n<\/ul>\n","protected":false},"featured_media":383150,"template":"","meta":{"_acf_changed":false,"inline_featured_image":false},"product_brand":[],"product_cat":[6540,6512],"product_tag":[20482,20497],"class_list":{"0":"post-383058","1":"product","2":"type-product","3":"status-publish","4":"has-post-thumbnail","6":"product_cat-herrenbekleidung","7":"product_cat-jacken","8":"product_tag-under-armour-de","9":"product_tag-under-armour-herren","10":"pa_attivita-fitness-de","11":"pa_attivita-gehen","12":"pa_attivita-lifestyle-de","13":"pa_attivita-running-de","14":"pa_colore-velociti-storm-hooded-jacket-anthracite-de","15":"pa_marca-under-armour-de","16":"pa_sesso-herren","17":"pa_size-small-de","18":"pa_size-medium-de","19":"pa_size-large-de","21":"first","22":"instock","23":"sale","24":"taxable","25":"shipping-taxable","26":"purchasable","27":"product-type-variable","28":"wvs-archive-product-wrapper"},"acf":[],"yoast_head":"<!-- This site is optimized with the Yoast SEO plugin v26.8 - https:\/\/yoast.com\/product\/yoast-seo-wordpress\/ -->\n<title>Under Armour Velociti storm hooded jacket herren - Laufjacke - MioMioRun<\/title>\n<meta name=\"description\" content=\"Velociti Storm Hooded Jacket: wasserabweisende und atmungsaktive Laufjacke mit UA Storm-Technologie, leichtem Material und bel\u00fcftetem R\u00fcckenteil.\" \/>\n<meta name=\"robots\" content=\"index, follow, max-snippet:-1, max-image-preview:large, max-video-preview:-1\" \/>\n<link rel=\"canonical\" href=\"https:\/\/www.miomiorun.com\/de\/produkt\/velociti-storm-hooded-jacket\/\" \/>\n<meta property=\"og:locale\" content=\"de_DE\" \/>\n<meta property=\"og:type\" content=\"article\" \/>\n<meta property=\"og:title\" content=\"Under Armour Velociti storm hooded jacket herren - Laufjacke - MioMioRun\" \/>\n<meta property=\"og:description\" content=\"Velociti Storm Hooded Jacket: wasserabweisende und atmungsaktive Laufjacke mit UA Storm-Technologie, leichtem Material und bel\u00fcftetem R\u00fcckenteil.\" \/>\n<meta property=\"og:url\" content=\"https:\/\/www.miomiorun.com\/de\/produkt\/velociti-storm-hooded-jacket\/\" \/>\n<meta property=\"og:site_name\" content=\"MioMioRun\" \/>\n<meta property=\"article:publisher\" content=\"https:\/\/www.facebook.com\/miomiorun\/\" \/>\n<meta property=\"article:modified_time\" content=\"2026-04-16T16:54:12+00:00\" \/>\n<meta property=\"og:image\" content=\"https:\/\/www.miomiorun.com\/app\/uploads\/2025\/12\/under-armour-Velociti-storm-hooded-jacket-anthracite-6005900-0025.webp\" \/>\n\t<meta property=\"og:image:width\" content=\"720\" \/>\n\t<meta property=\"og:image:height\" content=\"720\" \/>\n\t<meta property=\"og:image:type\" content=\"image\/webp\" \/>\n<meta name=\"twitter:card\" content=\"summary_large_image\" \/>\n<meta name=\"twitter:label1\" content=\"Est. reading time\" \/>\n\t<meta name=\"twitter:data1\" content=\"2 minutes\" \/>\n<script type=\"application\/ld+json\" class=\"yoast-schema-graph\">{\"@context\":\"https:\/\/schema.org\",\"@graph\":[{\"@type\":\"WebPage\",\"@id\":\"https:\/\/www.miomiorun.com\/de\/produkt\/velociti-storm-hooded-jacket\/\",\"url\":\"https:\/\/www.miomiorun.com\/de\/produkt\/velociti-storm-hooded-jacket\/\",\"name\":\"Under Armour Velociti storm hooded jacket herren - Laufjacke - MioMioRun\",\"isPartOf\":{\"@id\":\"https:\/\/www.miomiorun.com\/de\/#website\"},\"primaryImageOfPage\":{\"@id\":\"https:\/\/www.miomiorun.com\/de\/produkt\/velociti-storm-hooded-jacket\/#primaryimage\"},\"image\":{\"@id\":\"https:\/\/www.miomiorun.com\/de\/produkt\/velociti-storm-hooded-jacket\/#primaryimage\"},\"thumbnailUrl\":\"https:\/\/www.miomiorun.com\/app\/uploads\/2025\/12\/under-armour-Velociti-storm-hooded-jacket-anthracite-6005900-0025.webp\",\"datePublished\":\"2025-12-19T15:33:02+00:00\",\"dateModified\":\"2026-04-16T16:54:12+00:00\",\"description\":\"Velociti Storm Hooded Jacket: wasserabweisende und atmungsaktive Laufjacke mit UA Storm-Technologie, leichtem Material und bel\u00fcftetem R\u00fcckenteil.\",\"breadcrumb\":{\"@id\":\"https:\/\/www.miomiorun.com\/de\/produkt\/velociti-storm-hooded-jacket\/#breadcrumb\"},\"inLanguage\":\"de-DE\",\"potentialAction\":[{\"@type\":\"ReadAction\",\"target\":[\"https:\/\/www.miomiorun.com\/de\/produkt\/velociti-storm-hooded-jacket\/\"]}]},{\"@type\":\"ImageObject\",\"inLanguage\":\"de-DE\",\"@id\":\"https:\/\/www.miomiorun.com\/de\/produkt\/velociti-storm-hooded-jacket\/#primaryimage\",\"url\":\"https:\/\/www.miomiorun.com\/app\/uploads\/2025\/12\/under-armour-Velociti-storm-hooded-jacket-anthracite-6005900-0025.webp\",\"contentUrl\":\"https:\/\/www.miomiorun.com\/app\/uploads\/2025\/12\/under-armour-Velociti-storm-hooded-jacket-anthracite-6005900-0025.webp\",\"width\":720,\"height\":720,\"caption\":\"under armour Velociti storm hooded jacket anthracite 6005900-0025\"},{\"@type\":\"BreadcrumbList\",\"@id\":\"https:\/\/www.miomiorun.com\/de\/produkt\/velociti-storm-hooded-jacket\/#breadcrumb\",\"itemListElement\":[{\"@type\":\"ListItem\",\"position\":1,\"name\":\"Home\",\"item\":\"https:\/\/www.miomiorun.com\/de\/\"},{\"@type\":\"ListItem\",\"position\":2,\"name\":\"Shop\",\"item\":\"https:\/\/www.miomiorun.com\/shop\/\"},{\"@type\":\"ListItem\",\"position\":3,\"name\":\"Velociti storm hooded jacket herren\"}]},{\"@type\":\"WebSite\",\"@id\":\"https:\/\/www.miomiorun.com\/de\/#website\",\"url\":\"https:\/\/www.miomiorun.com\/de\/\",\"name\":\"MioMioRun\",\"description\":\"100% Lauf- und Trailshop\",\"publisher\":{\"@id\":\"https:\/\/www.miomiorun.com\/de\/#organization\"},\"potentialAction\":[{\"@type\":\"SearchAction\",\"target\":{\"@type\":\"EntryPoint\",\"urlTemplate\":\"https:\/\/www.miomiorun.com\/de\/?s={search_term_string}\"},\"query-input\":{\"@type\":\"PropertyValueSpecification\",\"valueRequired\":true,\"valueName\":\"search_term_string\"}}],\"inLanguage\":\"de-DE\"},{\"@type\":\"Organization\",\"@id\":\"https:\/\/www.miomiorun.com\/de\/#organization\",\"name\":\"MioMio Run\",\"url\":\"https:\/\/www.miomiorun.com\/de\/\",\"logo\":{\"@type\":\"ImageObject\",\"inLanguage\":\"de-DE\",\"@id\":\"https:\/\/www.miomiorun.com\/de\/#\/schema\/logo\/image\/\",\"url\":\"https:\/\/www.miomiorun.com\/app\/uploads\/2019\/12\/logomio.png\",\"contentUrl\":\"https:\/\/www.miomiorun.com\/app\/uploads\/2019\/12\/logomio.png\",\"width\":115,\"height\":82,\"caption\":\"MioMio Run\"},\"image\":{\"@id\":\"https:\/\/www.miomiorun.com\/de\/#\/schema\/logo\/image\/\"},\"sameAs\":[\"https:\/\/www.facebook.com\/miomiorun\/\",\"https:\/\/www.instagram.com\/miomiorun\/\"]}]}<\/script>\n<!-- \/ Yoast SEO plugin. -->","yoast_head_json":{"title":"Under Armour Velociti storm hooded jacket herren - Laufjacke - MioMioRun","description":"Velociti Storm Hooded Jacket: wasserabweisende und atmungsaktive Laufjacke mit UA Storm-Technologie, leichtem Material und bel\u00fcftetem R\u00fcckenteil.","robots":{"index":"index","follow":"follow","max-snippet":"max-snippet:-1","max-image-preview":"max-image-preview:large","max-video-preview":"max-video-preview:-1"},"canonical":"https:\/\/www.miomiorun.com\/de\/produkt\/velociti-storm-hooded-jacket\/","og_locale":"de_DE","og_type":"article","og_title":"Under Armour Velociti storm hooded jacket herren - Laufjacke - MioMioRun","og_description":"Velociti Storm Hooded Jacket: wasserabweisende und atmungsaktive Laufjacke mit UA Storm-Technologie, leichtem Material und bel\u00fcftetem R\u00fcckenteil.","og_url":"https:\/\/www.miomiorun.com\/de\/produkt\/velociti-storm-hooded-jacket\/","og_site_name":"MioMioRun","article_publisher":"https:\/\/www.facebook.com\/miomiorun\/","article_modified_time":"2026-04-16T16:54:12+00:00","og_image":[{"width":720,"height":720,"url":"https:\/\/www.miomiorun.com\/app\/uploads\/2025\/12\/under-armour-Velociti-storm-hooded-jacket-anthracite-6005900-0025.webp","type":"image\/webp"}],"twitter_card":"summary_large_image","twitter_misc":{"Est. reading time":"2 minutes"},"schema":{"@context":"https:\/\/schema.org","@graph":[{"@type":"WebPage","@id":"https:\/\/www.miomiorun.com\/de\/produkt\/velociti-storm-hooded-jacket\/","url":"https:\/\/www.miomiorun.com\/de\/produkt\/velociti-storm-hooded-jacket\/","name":"Under Armour Velociti storm hooded jacket herren - Laufjacke - MioMioRun","isPartOf":{"@id":"https:\/\/www.miomiorun.com\/de\/#website"},"primaryImageOfPage":{"@id":"https:\/\/www.miomiorun.com\/de\/produkt\/velociti-storm-hooded-jacket\/#primaryimage"},"image":{"@id":"https:\/\/www.miomiorun.com\/de\/produkt\/velociti-storm-hooded-jacket\/#primaryimage"},"thumbnailUrl":"https:\/\/www.miomiorun.com\/app\/uploads\/2025\/12\/under-armour-Velociti-storm-hooded-jacket-anthracite-6005900-0025.webp","datePublished":"2025-12-19T15:33:02+00:00","dateModified":"2026-04-16T16:54:12+00:00","description":"Velociti Storm Hooded Jacket: wasserabweisende und atmungsaktive Laufjacke mit UA Storm-Technologie, leichtem Material und bel\u00fcftetem R\u00fcckenteil.","breadcrumb":{"@id":"https:\/\/www.miomiorun.com\/de\/produkt\/velociti-storm-hooded-jacket\/#breadcrumb"},"inLanguage":"de-DE","potentialAction":[{"@type":"ReadAction","target":["https:\/\/www.miomiorun.com\/de\/produkt\/velociti-storm-hooded-jacket\/"]}]},{"@type":"ImageObject","inLanguage":"de-DE","@id":"https:\/\/www.miomiorun.com\/de\/produkt\/velociti-storm-hooded-jacket\/#primaryimage","url":"https:\/\/www.miomiorun.com\/app\/uploads\/2025\/12\/under-armour-Velociti-storm-hooded-jacket-anthracite-6005900-0025.webp","contentUrl":"https:\/\/www.miomiorun.com\/app\/uploads\/2025\/12\/under-armour-Velociti-storm-hooded-jacket-anthracite-6005900-0025.webp","width":720,"height":720,"caption":"under armour Velociti storm hooded jacket anthracite 6005900-0025"},{"@type":"BreadcrumbList","@id":"https:\/\/www.miomiorun.com\/de\/produkt\/velociti-storm-hooded-jacket\/#breadcrumb","itemListElement":[{"@type":"ListItem","position":1,"name":"Home","item":"https:\/\/www.miomiorun.com\/de\/"},{"@type":"ListItem","position":2,"name":"Shop","item":"https:\/\/www.miomiorun.com\/shop\/"},{"@type":"ListItem","position":3,"name":"Velociti storm hooded jacket herren"}]},{"@type":"WebSite","@id":"https:\/\/www.miomiorun.com\/de\/#website","url":"https:\/\/www.miomiorun.com\/de\/","name":"MioMioRun","description":"100% Lauf- und Trailshop","publisher":{"@id":"https:\/\/www.miomiorun.com\/de\/#organization"},"potentialAction":[{"@type":"SearchAction","target":{"@type":"EntryPoint","urlTemplate":"https:\/\/www.miomiorun.com\/de\/?s={search_term_string}"},"query-input":{"@type":"PropertyValueSpecification","valueRequired":true,"valueName":"search_term_string"}}],"inLanguage":"de-DE"},{"@type":"Organization","@id":"https:\/\/www.miomiorun.com\/de\/#organization","name":"MioMio Run","url":"https:\/\/www.miomiorun.com\/de\/","logo":{"@type":"ImageObject","inLanguage":"de-DE","@id":"https:\/\/www.miomiorun.com\/de\/#\/schema\/logo\/image\/","url":"https:\/\/www.miomiorun.com\/app\/uploads\/2019\/12\/logomio.png","contentUrl":"https:\/\/www.miomiorun.com\/app\/uploads\/2019\/12\/logomio.png","width":115,"height":82,"caption":"MioMio Run"},"image":{"@id":"https:\/\/www.miomiorun.com\/de\/#\/schema\/logo\/image\/"},"sameAs":["https:\/\/www.facebook.com\/miomiorun\/","https:\/\/www.instagram.com\/miomiorun\/"]}]}},"_links":{"self":[{"href":"https:\/\/www.miomiorun.com\/de\/wp-json\/wp\/v2\/product\/383058","targetHints":{"allow":["GET"]}}],"collection":[{"href":"https:\/\/www.miomiorun.com\/de\/wp-json\/wp\/v2\/product"}],"about":[{"href":"https:\/\/www.miomiorun.com\/de\/wp-json\/wp\/v2\/types\/product"}],"wp:featuredmedia":[{"embeddable":true,"href":"https:\/\/www.miomiorun.com\/de\/wp-json\/wp\/v2\/media\/383150"}],"wp:attachment":[{"href":"https:\/\/www.miomiorun.com\/de\/wp-json\/wp\/v2\/media?parent=383058"}],"wp:term":[{"taxonomy":"product_brand","embeddable":true,"href":"https:\/\/www.miomiorun.com\/de\/wp-json\/wp\/v2\/product_brand?post=383058"},{"taxonomy":"product_cat","embeddable":true,"href":"https:\/\/www.miomiorun.com\/de\/wp-json\/wp\/v2\/product_cat?post=383058"},{"taxonomy":"product_tag","embeddable":true,"href":"https:\/\/www.miomiorun.com\/de\/wp-json\/wp\/v2\/product_tag?post=383058"}],"curies":[{"name":"wp","href":"https:\/\/api.w.org\/{rel}","templated":true}]}}